{"id":956,"date":"2022-06-03T12:18:42","date_gmt":"2022-06-03T16:18:42","guid":{"rendered":"http:\/\/www.cadexinc.com\/?post_type=product&#038;p=956"},"modified":"2024-05-13T09:44:40","modified_gmt":"2024-05-13T13:44:40","slug":"chemise-cadex","status":"publish","type":"product","link":"https:\/\/www.cadexinc.com\/fr\/produit\/articles-promotionnels\/chemise-cadex\/","title":{"rendered":"T-SHIRT HOMME \"CADEX TESTING\" NOIR"},"content":{"rendered":"T-shirt homme noir \u00ab\u202fCADEX Testing Laboratory Equipment\u202f\u00bb\r\n<ul>\r\n \t<li>T-Shirt de haute qualit\u00e9<\/li>\r\n \t<li>50% Coton \/ 50% Polyester<\/li>\r\n \t<li>Facteur de r\u00e9traction : Inf\u00e9rieur \u00e0 5%<\/li>\r\n<\/ul>\r\n<img fetchpriority=\"high\" decoding=\"async\" class=\"alignnone size-full wp-image-16027\" src=\"https:\/\/www.cadexinc.com\/wp-content\/uploads\/2024\/05\/Men-Sizing-Chart-FR.webp\" alt=\"\" width=\"772\" height=\"267\" \/><\/br>\r\n<p style=\"color: #ff4438;\"><b>CLAUSE DE NON-RESPONSABILIT\u00c9 :<\/b> Cadex Inc. ne contr\u00f4le pas les frais de transport pour les petits articles tels que goodies, casquettes ou t-shirts. M\u00eame les frais d\u2019exp\u00e9dition minimums peuvent repr\u00e9senter plus que la valeur r\u00e9elle de vos petits articles. Veuillez en tenir compte.<\/p>","protected":false},"excerpt":{"rendered":"<p>T-Shirt de haute qualit\u00e9<\/p>","protected":false},"featured_media":3981,"template":"","meta":[],"product_brand":[],"product_cat":[54],"product_tag":[],"class_list":{"0":"post-956","1":"product","2":"type-product","3":"status-publish","4":"has-post-thumbnail","6":"product_cat-promotional-items","8":"first","9":"outofstock","10":"taxable","11":"shipping-taxable","12":"purchasable","13":"product-type-variable"},"_links":{"self":[{"href":"https:\/\/www.cadexinc.com\/fr\/wp-json\/wp\/v2\/product\/956","targetHints":{"allow":["GET"]}}],"collection":[{"href":"https:\/\/www.cadexinc.com\/fr\/wp-json\/wp\/v2\/product"}],"about":[{"href":"https:\/\/www.cadexinc.com\/fr\/wp-json\/wp\/v2\/types\/product"}],"wp:featuredmedia":[{"embeddable":true,"href":"https:\/\/www.cadexinc.com\/fr\/wp-json\/wp\/v2\/media\/3981"}],"wp:attachment":[{"href":"https:\/\/www.cadexinc.com\/fr\/wp-json\/wp\/v2\/media?parent=956"}],"wp:term":[{"taxonomy":"product_brand","embeddable":true,"href":"https:\/\/www.cadexinc.com\/fr\/wp-json\/wp\/v2\/product_brand?post=956"},{"taxonomy":"product_cat","embeddable":true,"href":"https:\/\/www.cadexinc.com\/fr\/wp-json\/wp\/v2\/product_cat?post=956"},{"taxonomy":"product_tag","embeddable":true,"href":"https:\/\/www.cadexinc.com\/fr\/wp-json\/wp\/v2\/product_tag?post=956"}],"curies":[{"name":"wp","href":"https:\/\/api.w.org\/{rel}","templated":true}]}}