{"id":932,"date":"2022-05-31T14:54:03","date_gmt":"2022-05-31T18:54:03","guid":{"rendered":"http:\/\/www.cadexinc.com\/?post_type=product&#038;p=932"},"modified":"2023-11-29T12:03:43","modified_gmt":"2023-11-29T17:03:43","slug":"plafond-cadex","status":"publish","type":"product","link":"https:\/\/www.cadexinc.com\/fr\/produit\/articles-promotionnels\/plafond-cadex\/","title":{"rendered":"CASQUETTE \u201cCADEX TESTING\u201d NOIR"},"content":{"rendered":"<ul>\r\n \t<li>Polyester de luxe<\/li>\r\n \t<li>Contour construit \u00e0 6 panneaux (classe A)<\/li>\r\n \t<li>Panneaux avant en buckram lamin\u00e9 de luxe avec couture compl\u00e8te Pro-stitch<\/li>\r\n \t<li>Visi\u00e8re pr\u00e9-courb\u00e9e avec 6 rang\u00e9es de coutures<\/li>\r\n \t<li>Bande anti-transpiration en coton premium<\/li>\r\n \t<li>Sangle arri\u00e8re en tissu avec fermeture Velcro<\/li>\r\n<\/ul>\r\n\r\n<\/br>\r\n<p style=\"color: #ff4438;\"><b>CLAUSE DE NON-RESPONSABILIT\u00c9 :<\/b> Cadex Inc. ne contr\u00f4le pas les frais de transport pour les petits articles tels que goodies, casquettes ou t-shirts. M\u00eame les frais d\u2019exp\u00e9dition minimums peuvent repr\u00e9senter plus que la valeur r\u00e9elle de vos petits articles. Veuillez en tenir compte.<\/p>","protected":false},"excerpt":{"rendered":"<p class=\"translation-block\">Casquette noire avec logo <b>\u00ab Team Cadex \u00bb<\/b> brod\u00e9 \u00e0 l\u2019avant et <b>\u00ab <a href=\"https:\/\/www.cadexinc.com\/fr\/\" target=\"_blank\" rel=\"noopener\"> www.cadexinc.com\n <\/a> \u00bb<\/b> \u00e0 l\u2019arri\u00e8re.<\/p>","protected":false},"featured_media":936,"template":"","meta":[],"product_brand":[],"product_cat":[54],"product_tag":[],"class_list":{"0":"post-932","1":"product","2":"type-product","3":"status-publish","4":"has-post-thumbnail","6":"product_cat-promotional-items","8":"first","9":"instock","10":"taxable","11":"shipping-taxable","12":"purchasable","13":"product-type-simple"},"_links":{"self":[{"href":"https:\/\/www.cadexinc.com\/fr\/wp-json\/wp\/v2\/product\/932","targetHints":{"allow":["GET"]}}],"collection":[{"href":"https:\/\/www.cadexinc.com\/fr\/wp-json\/wp\/v2\/product"}],"about":[{"href":"https:\/\/www.cadexinc.com\/fr\/wp-json\/wp\/v2\/types\/product"}],"wp:featuredmedia":[{"embeddable":true,"href":"https:\/\/www.cadexinc.com\/fr\/wp-json\/wp\/v2\/media\/936"}],"wp:attachment":[{"href":"https:\/\/www.cadexinc.com\/fr\/wp-json\/wp\/v2\/media?parent=932"}],"wp:term":[{"taxonomy":"product_brand","embeddable":true,"href":"https:\/\/www.cadexinc.com\/fr\/wp-json\/wp\/v2\/product_brand?post=932"},{"taxonomy":"product_cat","embeddable":true,"href":"https:\/\/www.cadexinc.com\/fr\/wp-json\/wp\/v2\/product_cat?post=932"},{"taxonomy":"product_tag","embeddable":true,"href":"https:\/\/www.cadexinc.com\/fr\/wp-json\/wp\/v2\/product_tag?post=932"}],"curies":[{"name":"wp","href":"https:\/\/api.w.org\/{rel}","templated":true}]}}