{"id":99,"date":"2022-05-17T13:11:04","date_gmt":"2022-05-17T17:11:04","guid":{"rendered":"http:\/\/www.cadexinc.com\/?page_id=99"},"modified":"2026-03-18T11:51:00","modified_gmt":"2026-03-18T15:51:00","slug":"fil-double-triaxial","status":"publish","type":"page","link":"https:\/\/www.cadexinc.com\/fr\/equipement\/machines\/machines-a-chocs\/fil-double-triaxial\/","title":{"rendered":"Machine d\u2019impact Twinwire"},"content":{"rendered":"<div data-elementor-type=\"wp-page\" data-elementor-id=\"99\" class=\"elementor elementor-99\">\n\t\t\t\t<div class=\"elementor-element elementor-element-270ec098 elementor-hidden-desktop elementor-hidden-tablet e-flex e-con-boxed e-con e-parent\" data-id=\"270ec098\" data-element_type=\"container\">\n\t\t\t\t\t<div class=\"e-con-inner\">\n\t\t\t\t<div class=\"elementor-element elementor-element-8980c99 elementor-widget__width-initial elementor-widget elementor-widget-html\" data-id=\"8980c99\" data-element_type=\"widget\" data-widget_type=\"html.default\">\n\t\t\t\t<div class=\"elementor-widget-container\">\n\t\t\t\t\t<!-- vision begin -->\n<div class=\"vision-map vision-map-26\"data-json-src=\"https:\/\/www.cadexinc.com\/wp-content\/uploads\/vision\/26\/config.json\" data-item-id=\"26\" tabindex=\"1\" style=\"display:none;\" >\n<div class=\"vision-store\">\n<div class=\"vision-layers-data\">\n<div class=\"vision-layer\" data-layer-id=\"61e7d187\"><\/div>\n<div class=\"vision-layer\" data-layer-id=\"9e79e3ac\"><\/div>\n<div class=\"vision-layer\" data-layer-id=\"431e6820\"><\/div>\n<div class=\"vision-layer\" data-layer-id=\"43370d74\"><\/div>\n<div class=\"vision-layer\" data-layer-id=\"cf35467a\"><\/div>\n<\/div>\n<div class=\"vision-tooltips-data\">\n<div class=\"vision-data\" data-layer-id=\"61e7d187\"><p>Auto-retractable system to prevent a second impact and damages to the headforms<\/p><\/div>\n<div class=\"vision-data\" data-layer-id=\"9e79e3ac\"><p>Release system \/ Drop carriage<\/p><\/div>\n<div class=\"vision-data\" data-layer-id=\"431e6820\"><p>Panier : utilis\u00e9 pour soutenir les casques lors de l'impact en chute libre<\/p><\/div>\n<div class=\"vision-data\" data-layer-id=\"43370d74\"><p>Enclumes interchangeables rapidement et facilement<\/p><\/div>\n<div class=\"vision-data\" data-layer-id=\"cf35467a\"><p>V\u00e9locim\u00e8tre (timegate) pour lecture de la vitesse<\/p><\/div>\n<\/div>\n<div class=\"vision-popovers-data\">\n<div class=\"vision-data\" data-layer-id=\"61e7d187\"><\/div>\n<div class=\"vision-data\" data-layer-id=\"9e79e3ac\"><\/div>\n<div class=\"vision-data\" data-layer-id=\"431e6820\"><\/div>\n<div class=\"vision-data\" data-layer-id=\"43370d74\"><\/div>\n<div class=\"vision-data\" data-layer-id=\"cf35467a\"><\/div>\n<\/div>\n<\/div>\n<\/div>\n<!-- vision end -->\n\t\t\t\t<\/div>\n\t\t\t\t<\/div>\n\t\t\t\t\t<\/div>\n\t\t\t\t<\/div>\n\t\t<div class=\"elementor-element elementor-element-0592767 e-flex e-con-boxed e-con e-parent\" data-id=\"0592767\" data-element_type=\"container\">\n\t\t\t\t\t<div class=\"e-con-inner\">\n\t\t<div class=\"elementor-element elementor-element-5d77d48 e-con-full e-flex e-con e-child\" data-id=\"5d77d48\" data-element_type=\"container\">\n\t\t<div class=\"elementor-element elementor-element-c5d6c51 e-con-full e-flex e-con e-child\" data-id=\"c5d6c51\" data-element_type=\"container\">\n\t\t<div class=\"elementor-element elementor-element-0b426f2 e-con-full equipment-main-right-block e-flex e-con e-child\" data-id=\"0b426f2\" data-element_type=\"container\">\n\t\t<div class=\"elementor-element elementor-element-956814b e-con-full e-flex e-con e-child\" data-id=\"956814b\" data-element_type=\"container\">\n\t\t\t\t<div class=\"elementor-element elementor-element-0642353 elementor-widget elementor-widget-text-editor\" data-id=\"0642353\" data-element_type=\"widget\" data-widget_type=\"text-editor.default\">\n\t\t\t\t<div class=\"elementor-widget-container\">\n\t\t\t\t\t\t\t\t\t<p class=\"cdx-title cdx-text-align-justify\" >Machine d\u2019impact \u00e0 guidage bi-c\u00e2ble (Twinwire) con\u00e7ue pour l\u2019acquisition des donn\u00e9es d\u2019att\u00e9nuation triaxiale et rotationnelle, conforme aux normes ECE 22, EN 1077, EN 1078 ainsi qu\u2019\u00e0 d\u2019autres standards internationaux applicables.\nLe syst\u00e8me Twinwire de Cadex peut \u00eatre configur\u00e9 pour des essais uniaxiaux, triaxiaux, rotationnels ainsi que pour les protocoles d\u2019essai NOCSAE.<\/p>\t\t\t\t\t\t\t\t<\/div>\n\t\t\t\t<\/div>\n\t\t\t\t<div class=\"elementor-element elementor-element-9326320 equipment-sub-titles elementor-widget elementor-widget-heading\" data-id=\"9326320\" data-element_type=\"widget\" data-widget_type=\"heading.default\">\n\t\t\t\t<div class=\"elementor-widget-container\">\n\t\t\t\t\t<h6 class=\"elementor-heading-title elementor-size-default\">DIMENSIONS (APPROX.) :<\/h6>\t\t\t\t<\/div>\n\t\t\t\t<\/div>\n\t\t\t\t<div class=\"elementor-element elementor-element-631639e elementor-widget elementor-widget-text-editor\" data-id=\"631639e\" data-element_type=\"widget\" data-widget_type=\"text-editor.default\">\n\t\t\t\t<div class=\"elementor-widget-container\">\n\t\t\t\t\t\t\t\t\t<ul class=\"special-list\">\n \t<li>Longueur de la base : 119,38 cm \/ 47 in<\/li>\n \t<li>Width of the base:\u00a0 \u00a090.17 cm \/ 35.5 in<\/li>\n \t<li>Height: 675.64 cm \/ 266 in (may vary depending on the base selected)<\/li>\n<\/ul>\t\t\t\t\t\t\t\t<\/div>\n\t\t\t\t<\/div>\n\t\t\t\t<div class=\"elementor-element elementor-element-8ae77db equipment-sub-titles elementor-widget elementor-widget-heading\" data-id=\"8ae77db\" data-element_type=\"widget\" data-widget_type=\"heading.default\">\n\t\t\t\t<div class=\"elementor-widget-container\">\n\t\t\t\t\t<h6 class=\"elementor-heading-title elementor-size-default\">EXIGENCES\u202f:<\/h6>\t\t\t\t<\/div>\n\t\t\t\t<\/div>\n\t\t\t\t<div class=\"elementor-element elementor-element-a8e4b1a elementor-widget elementor-widget-text-editor\" data-id=\"a8e4b1a\" data-element_type=\"widget\" data-widget_type=\"text-editor.default\">\n\t\t\t\t<div class=\"elementor-widget-container\">\n\t\t\t\t\t\t\t\t\t<ul class=\"special-list\">\n<li>Alimentation : 110v\/220v - 50\/60 Hz<\/li>\n<li>Alimentation en air constante : 80 psi \u00e0 1 cfm<\/li>\n<\/ul>\t\t\t\t\t\t\t\t<\/div>\n\t\t\t\t<\/div>\n\t\t\t\t<div class=\"elementor-element elementor-element-62a648a equipment-sub-titles elementor-widget elementor-widget-heading\" data-id=\"62a648a\" data-element_type=\"widget\" data-widget_type=\"heading.default\">\n\t\t\t\t<div class=\"elementor-widget-container\">\n\t\t\t\t\t<h6 class=\"elementor-heading-title elementor-size-default\">CARACT\u00c9RISTIQUES\u202f:<\/h6>\t\t\t\t<\/div>\n\t\t\t\t<\/div>\n\t\t\t\t<div class=\"elementor-element elementor-element-5a839d0 elementor-widget elementor-widget-text-editor\" data-id=\"5a839d0\" data-element_type=\"widget\" data-widget_type=\"text-editor.default\">\n\t\t\t\t<div class=\"elementor-widget-container\">\n\t\t\t\t\t\t\t\t\t<strong>Syst\u00e8me enti\u00e8rement motoris\u00e9<\/strong>\n<ul class=\"special-list number-and-bullet-list\">\n \t<li>Controller: sets the height and speed, initiates the test, activates pre-programmed settings and includes the emergency stop<\/li>\n \t<li>Release system \/ Drop carriage<\/li>\n \t<li>V\u00e9locim\u00e8tre (timegate) pour lecture de la vitesse<\/li>\n \t<li>Enclumes interchangeables rapidement et facilement<\/li>\n \t<li>Auto-retractable system to prevent a second impact and damages to the headforms<\/li>\n<\/ul>\t\t\t\t\t\t\t\t<\/div>\n\t\t\t\t<\/div>\n\t\t\t\t<div class=\"elementor-element elementor-element-7769bea equipment-sub-titles elementor-widget elementor-widget-heading\" data-id=\"7769bea\" data-element_type=\"widget\" data-widget_type=\"heading.default\">\n\t\t\t\t<div class=\"elementor-widget-container\">\n\t\t\t\t\t<h6 class=\"elementor-heading-title elementor-size-default\">ACCESSOIRES OPTIONNELS :<\/h6>\t\t\t\t<\/div>\n\t\t\t\t<\/div>\n\t\t\t\t<div class=\"elementor-element elementor-element-91b26aa elementor-widget elementor-widget-text-editor\" data-id=\"91b26aa\" data-element_type=\"widget\" data-widget_type=\"text-editor.default\">\n\t\t\t\t<div class=\"elementor-widget-container\">\n\t\t\t\t\t\t\t\t\t<ul class=\"special-list number-and-bullet-list start-6\">\n \t<li>Protective cage: to protect the operator<\/li>\n \t<li>Panier : utilis\u00e9 pour soutenir les casques lors de l'impact en chute libre<\/li>\n<\/ul>\n<ul class=\"special-list\">\n \t<li>Multiple pedestal sizes available upon request<\/li>\n \t<li>Base weight available: 500 kg &#8211; 1000 kg<\/li>\n<\/ul>\n<p class=\"cdx-tooltip pt-3 text-danger text-start fst-italic fs-7\">*Passez la souris sur les num\u00e9ros de l\u2019image pour afficher une info-bulle avec la description.<\/p>\t\t\t\t\t\t\t\t<\/div>\n\t\t\t\t<\/div>\n\t\t\t\t<\/div>\n\t\t\t\t<\/div>\n\t\t<div class=\"elementor-element elementor-element-2dda877 e-con-full e-grid equipment-page-multi-image-box e-con e-child\" data-id=\"2dda877\" data-element_type=\"container\">\n\t\t<div class=\"elementor-element elementor-element-5ffc5f8 e-grid e-con-full equipment-images-left-block e-con e-child\" data-id=\"5ffc5f8\" data-element_type=\"container\">\n\t\t\t\t<div class=\"elementor-element elementor-element-1af3007 elementor-widget__width-initial elementor-widget elementor-widget-html\" data-id=\"1af3007\" data-element_type=\"widget\" data-widget_type=\"html.default\">\n\t\t\t\t<div class=\"elementor-widget-container\">\n\t\t\t\t\t<!-- vision begin -->\n<div class=\"vision-map vision-map-24\"data-json-src=\"https:\/\/www.cadexinc.com\/wp-content\/uploads\/vision\/24\/config.json\" data-item-id=\"24\" tabindex=\"1\" style=\"display:none;\" >\n<div class=\"vision-store\">\n<div class=\"vision-layers-data\">\n<div class=\"vision-layer\" data-layer-id=\"6343e542\"><\/div>\n<\/div>\n<div class=\"vision-tooltips-data\">\n<div class=\"vision-data\" data-layer-id=\"6343e542\"><p>T\u00e9l\u00e9commande<\/p><\/div>\n<\/div>\n<div class=\"vision-popovers-data\">\n<div class=\"vision-data\" data-layer-id=\"6343e542\"><p>R\u00e8gle la hauteur et la vitesse, lance le test, active les r\u00e9glages pr\u00e9programm\u00e9s et inclut l'arr\u00eat d'urgence.<\/p><\/div>\n<\/div>\n<\/div>\n<\/div>\n<!-- vision end -->\n\n<figcaption style=\"padding-bottom: 5px !important;background-color:lightgray; text-align:center;color:black;font-size:12px;padding-top: 5px !important;font-family: \"kozuka gothic pro regular\", sans-serif !important;border-bottom: unset !important;\" class=\"widget-image-caption wp-caption-text\">Controller<\/figcaption>\t\t\t\t<\/div>\n\t\t\t\t<\/div>\n\t\t\t\t<\/div>\n\t\t\t\t<div class=\"elementor-element elementor-element-fd8d05a elementor-widget__width-initial elementor-widget elementor-widget-html\" data-id=\"fd8d05a\" data-element_type=\"widget\" data-widget_type=\"html.default\">\n\t\t\t\t<div class=\"elementor-widget-container\">\n\t\t\t\t\t<!-- vision begin -->\n<div class=\"vision-map vision-map-25\"data-json-src=\"https:\/\/www.cadexinc.com\/wp-content\/uploads\/vision\/25\/config.json\" data-item-id=\"25\" tabindex=\"1\" style=\"display:none;\" >\n<div class=\"vision-store\">\n<div class=\"vision-layers-data\">\n<div class=\"vision-layer\" data-layer-id=\"09f16dcb\"><\/div>\n<\/div>\n<div class=\"vision-tooltips-data\">\n<div class=\"vision-data\" data-layer-id=\"09f16dcb\"><p>Cage de protection<\/p><\/div>\n<\/div>\n<div class=\"vision-popovers-data\">\n<div class=\"vision-data\" data-layer-id=\"09f16dcb\"><\/div>\n<\/div>\n<\/div>\n<\/div>\n<!-- vision end -->\n\n<figcaption style=\"padding-bottom: 5px !important;background-color:lightgray; text-align:center;color:black;font-size:12px;padding-top: 5px !important;font-family: \"kozuka gothic pro regular\", sans-serif !important;border-bottom: unset !important;\" class=\"widget-image-caption wp-caption-text\">Optional protective cage<\/figcaption>\t\t\t\t<\/div>\n\t\t\t\t<\/div>\n\t\t\t\t<\/div>\n\t\t\t\t<\/div>\n\t\t<div class=\"elementor-element elementor-element-41d3875 e-con-full e-flex e-con e-child\" data-id=\"41d3875\" data-element_type=\"container\">\n\t\t\t\t<div class=\"elementor-element elementor-element-f0f2dce elementor-widget__width-initial elementor-hidden-mobile elementor-widget elementor-widget-html\" data-id=\"f0f2dce\" data-element_type=\"widget\" data-widget_type=\"html.default\">\n\t\t\t\t<div class=\"elementor-widget-container\">\n\t\t\t\t\t<!-- vision begin -->\n<div class=\"vision-map vision-map-26\"data-json-src=\"https:\/\/www.cadexinc.com\/wp-content\/uploads\/vision\/26\/config.json\" data-item-id=\"26\" tabindex=\"1\" style=\"display:none;\" >\n<div class=\"vision-store\">\n<div class=\"vision-layers-data\">\n<div class=\"vision-layer\" data-layer-id=\"61e7d187\"><\/div>\n<div class=\"vision-layer\" data-layer-id=\"9e79e3ac\"><\/div>\n<div class=\"vision-layer\" data-layer-id=\"431e6820\"><\/div>\n<div class=\"vision-layer\" data-layer-id=\"43370d74\"><\/div>\n<div class=\"vision-layer\" data-layer-id=\"cf35467a\"><\/div>\n<\/div>\n<div class=\"vision-tooltips-data\">\n<div class=\"vision-data\" data-layer-id=\"61e7d187\"><p>Auto-retractable system to prevent a second impact and damages to the headforms<\/p><\/div>\n<div class=\"vision-data\" data-layer-id=\"9e79e3ac\"><p>Release system \/ Drop carriage<\/p><\/div>\n<div class=\"vision-data\" data-layer-id=\"431e6820\"><p>Panier : utilis\u00e9 pour soutenir les casques lors de l'impact en chute libre<\/p><\/div>\n<div class=\"vision-data\" data-layer-id=\"43370d74\"><p>Enclumes interchangeables rapidement et facilement<\/p><\/div>\n<div class=\"vision-data\" data-layer-id=\"cf35467a\"><p>V\u00e9locim\u00e8tre (timegate) pour lecture de la vitesse<\/p><\/div>\n<\/div>\n<div class=\"vision-popovers-data\">\n<div class=\"vision-data\" data-layer-id=\"61e7d187\"><\/div>\n<div class=\"vision-data\" data-layer-id=\"9e79e3ac\"><\/div>\n<div class=\"vision-data\" data-layer-id=\"431e6820\"><\/div>\n<div class=\"vision-data\" data-layer-id=\"43370d74\"><\/div>\n<div class=\"vision-data\" data-layer-id=\"cf35467a\"><\/div>\n<\/div>\n<\/div>\n<\/div>\n<!-- vision end -->\n\t\t\t\t<\/div>\n\t\t\t\t<\/div>\n\t\t\t\t<\/div>\n\t\t\t\t<\/div>\n\t\t\t\t\t<\/div>\n\t\t\t\t<\/div>\n\t\t\t\t<\/div>","protected":false},"excerpt":{"rendered":"<p>Twinwire guided impact machine for triaxial\/rotational attenuation acquisition which complies with ECE 22, EN 1077, EN 1078 and other standards. The Cadex twinwire can be adapted for uniaxial, triaxial, rotational and NOCSAE testing. DIMENSIONS (APPROX.): Length of the base: 119.38 cm \/ 47 in Width of the base:\u00a0 \u00a090.17 cm \/ 35.5 in Height: 675.64 [&hellip;]<\/p>","protected":false},"author":5,"featured_media":0,"parent":3180,"menu_order":0,"comment_status":"closed","ping_status":"closed","template":"","meta":{"footnotes":""},"categories":[36],"class_list":["post-99","page","type-page","status-publish","hentry","category-impact-machines"],"_links":{"self":[{"href":"https:\/\/www.cadexinc.com\/fr\/wp-json\/wp\/v2\/pages\/99","targetHints":{"allow":["GET"]}}],"collection":[{"href":"https:\/\/www.cadexinc.com\/fr\/wp-json\/wp\/v2\/pages"}],"about":[{"href":"https:\/\/www.cadexinc.com\/fr\/wp-json\/wp\/v2\/types\/page"}],"author":[{"embeddable":true,"href":"https:\/\/www.cadexinc.com\/fr\/wp-json\/wp\/v2\/users\/5"}],"replies":[{"embeddable":true,"href":"https:\/\/www.cadexinc.com\/fr\/wp-json\/wp\/v2\/comments?post=99"}],"version-history":[{"count":137,"href":"https:\/\/www.cadexinc.com\/fr\/wp-json\/wp\/v2\/pages\/99\/revisions"}],"predecessor-version":[{"id":21020,"href":"https:\/\/www.cadexinc.com\/fr\/wp-json\/wp\/v2\/pages\/99\/revisions\/21020"}],"up":[{"embeddable":true,"href":"https:\/\/www.cadexinc.com\/fr\/wp-json\/wp\/v2\/pages\/3180"}],"wp:attachment":[{"href":"https:\/\/www.cadexinc.com\/fr\/wp-json\/wp\/v2\/media?parent=99"}],"wp:term":[{"taxonomy":"category","embeddable":true,"href":"https:\/\/www.cadexinc.com\/fr\/wp-json\/wp\/v2\/categories?post=99"}],"curies":[{"name":"wp","href":"https:\/\/api.w.org\/{rel}","templated":true}]}}