{"id":97,"date":"2022-05-17T13:10:42","date_gmt":"2022-05-17T17:10:42","guid":{"rendered":"http:\/\/www.cadexinc.com\/?page_id=97"},"modified":"2025-12-10T16:40:30","modified_gmt":"2025-12-10T21:40:30","slug":"fil-double-1000kg","status":"publish","type":"page","link":"https:\/\/www.cadexinc.com\/fr\/equipement\/machines\/machines-a-chocs\/fil-double-1000kg\/","title":{"rendered":"Machine d\u2019impact Twinwire avec base de 1000 kg"},"content":{"rendered":"<div data-elementor-type=\"wp-page\" data-elementor-id=\"97\" class=\"elementor elementor-97\">\n\t\t\t\t<div class=\"elementor-element elementor-element-348fa756 elementor-hidden-desktop elementor-hidden-tablet e-flex e-con-boxed e-con e-parent\" data-id=\"348fa756\" data-element_type=\"container\">\n\t\t\t\t\t<div class=\"e-con-inner\">\n\t\t\t\t<div class=\"elementor-element elementor-element-c29f3b7 elementor-widget__width-initial elementor-widget elementor-widget-html\" data-id=\"c29f3b7\" data-element_type=\"widget\" data-widget_type=\"html.default\">\n\t\t\t\t<div class=\"elementor-widget-container\">\n\t\t\t\t\t<!-- vision begin -->\n<div class=\"vision-map vision-map-8\"data-json-src=\"https:\/\/www.cadexinc.com\/wp-content\/uploads\/vision\/8\/config.json?ver=1705342588\" data-item-id=\"8\" tabindex=\"1\" style=\"display:none;\" >\n<div class=\"vision-store\">\n<div class=\"vision-layers-data\">\n<div class=\"vision-layer\" data-layer-id=\"1b027541\"><\/div>\n<div class=\"vision-layer\" data-layer-id=\"ba1360c7\"><\/div>\n<div class=\"vision-layer\" data-layer-id=\"c5fe8b42\"><\/div>\n<div class=\"vision-layer\" data-layer-id=\"6a7c69f9\"><\/div>\n<div class=\"vision-layer\" data-layer-id=\"f405f3c1\"><\/div>\n<\/div>\n<div class=\"vision-tooltips-data\">\n<div class=\"vision-data\" data-layer-id=\"1b027541\"><p>Syst\u00e8me de lib\u00e9ration douce \/ Chariot de chute<\/p><\/div>\n<div class=\"vision-data\" data-layer-id=\"ba1360c7\"><p>Impacteur \u00e0 bras oscillant<\/p><\/div>\n<div class=\"vision-data\" data-layer-id=\"c5fe8b42\"><p>Enclumes rapidement et facilement interchangeables<\/p><\/div>\n<div class=\"vision-data\" data-layer-id=\"6a7c69f9\"><p>V\u00e9locim\u00e8tre (timegate) pour lecture de la vitesse<\/p><\/div>\n<div class=\"vision-data\" data-layer-id=\"f405f3c1\"><p>T\u00e9l\u00e9commande<\/p><\/div>\n<\/div>\n<div class=\"vision-popovers-data\">\n<div class=\"vision-data\" data-layer-id=\"1b027541\"><\/div>\n<div class=\"vision-data\" data-layer-id=\"ba1360c7\"><\/div>\n<div class=\"vision-data\" data-layer-id=\"c5fe8b42\"><\/div>\n<div class=\"vision-data\" data-layer-id=\"6a7c69f9\"><\/div>\n<div class=\"vision-data\" data-layer-id=\"f405f3c1\"><p>Permet de r\u00e9gler la hauteur et la vitesse, de lancer le test, d'activer les r\u00e9glages pr\u00e9programm\u00e9s et l'arr\u00eat d'urgence.<\/p><\/div>\n<\/div>\n<\/div>\n<\/div>\n<!-- vision end -->\n\n<p class=\"d-flex p-2 mx-auto align-items-center text-dark fs-7 justify-content-center fst-italic\">Vue de dessous<\/p>\t\t\t\t<\/div>\n\t\t\t\t<\/div>\n\t\t\t\t\t<\/div>\n\t\t\t\t<\/div>\n\t\t<div class=\"elementor-element elementor-element-5667495 e-flex e-con-boxed e-con e-parent\" data-id=\"5667495\" data-element_type=\"container\">\n\t\t\t\t\t<div class=\"e-con-inner\">\n\t\t<div class=\"elementor-element elementor-element-fb31206 e-con-full e-flex e-con e-child\" data-id=\"fb31206\" data-element_type=\"container\">\n\t\t<div class=\"elementor-element elementor-element-2b109a8 e-con-full e-flex e-con e-child\" data-id=\"2b109a8\" data-element_type=\"container\">\n\t\t<div class=\"elementor-element elementor-element-5bdc471 e-con-full equipment-main-right-block e-flex e-con e-child\" data-id=\"5bdc471\" data-element_type=\"container\">\n\t\t<div class=\"elementor-element elementor-element-fc4b631 e-con-full e-flex e-con e-child\" data-id=\"fc4b631\" data-element_type=\"container\">\n\t\t\t\t<div class=\"elementor-element elementor-element-05776aa equipment-sub-titles elementor-widget elementor-widget-heading\" data-id=\"05776aa\" data-element_type=\"widget\" data-widget_type=\"heading.default\">\n\t\t\t\t<div class=\"elementor-widget-container\">\n\t\t\t\t\t<h6 class=\"elementor-heading-title elementor-size-default\">DIMENSIONS (APPROX.) :<\/h6>\t\t\t\t<\/div>\n\t\t\t\t<\/div>\n\t\t\t\t<div class=\"elementor-element elementor-element-c60c8cd elementor-widget elementor-widget-text-editor\" data-id=\"c60c8cd\" data-element_type=\"widget\" data-widget_type=\"text-editor.default\">\n\t\t\t\t<div class=\"elementor-widget-container\">\n\t\t\t\t\t\t\t\t\t<p>\u2022\u00a0 \u00a0 Longueur de la base : 119,38 cm \/ 47 in<br \/>\u2022\u00a0 \u00a0 Largeur de la base :   90,17 cm \/ 35,5 in<br \/>\u2022\u00a0 \u00a0 Hauteur : 544,19 cm \/ 214,25 in (d'autres hauteurs sont disponibles sur demande)<br \/>\u2022\u00a0 \u00a0 Poids de la base : 1000 kg<\/p>\t\t\t\t\t\t\t\t<\/div>\n\t\t\t\t<\/div>\n\t\t\t\t<div class=\"elementor-element elementor-element-faec59f equipment-sub-titles elementor-widget elementor-widget-heading\" data-id=\"faec59f\" data-element_type=\"widget\" data-widget_type=\"heading.default\">\n\t\t\t\t<div class=\"elementor-widget-container\">\n\t\t\t\t\t<h6 class=\"elementor-heading-title elementor-size-default\">CARACT\u00c9RISTIQUES\u202f:<\/h6>\t\t\t\t<\/div>\n\t\t\t\t<\/div>\n\t\t\t\t<div class=\"elementor-element elementor-element-c10903b elementor-widget elementor-widget-text-editor\" data-id=\"c10903b\" data-element_type=\"widget\" data-widget_type=\"text-editor.default\">\n\t\t\t\t<div class=\"elementor-widget-container\">\n\t\t\t\t\t\t\t\t\t<p><strong>Syst\u00e8me enti\u00e8rement motoris\u00e9 et autonome<\/strong><br \/>1\u00a0 \u00a0 Syst\u00e8me de lib\u00e9ration douce \/ Chariot de chute<br \/>2\u00a0 \u00a0 Impacteur \u00e0 bras oscillant<br \/>3\u00a0 \u00a0 Enclumes interchangeables rapidement et facilement<br \/>4\u00a0 \u00a0 V\u00e9locim\u00e8tre (timegate) pour lecture de la vitesse<br \/>5\u00a0 \u00a0 T\u00e9l\u00e9commande : permet de r\u00e9gler la hauteur et la vitesse, de lancer le test, d\u2019activer les param\u00e8tres pr\u00e9programm\u00e9s et d\u2019actionner l\u2019arr\u00eat d\u2019urgence.<\/p><p class=\"cdx-tooltip pt-3 text-danger text-start fst-italic fs-7\">*Passez la souris sur les num\u00e9ros de l\u2019image pour afficher une info-bulle avec la description.<\/p>\t\t\t\t\t\t\t\t<\/div>\n\t\t\t\t<\/div>\n\t\t\t\t<div class=\"elementor-element elementor-element-c52343f equipment-sub-titles elementor-widget elementor-widget-heading\" data-id=\"c52343f\" data-element_type=\"widget\" data-widget_type=\"heading.default\">\n\t\t\t\t<div class=\"elementor-widget-container\">\n\t\t\t\t\t<h6 class=\"elementor-heading-title elementor-size-default\">CANDIDATURES :<\/h6>\t\t\t\t<\/div>\n\t\t\t\t<\/div>\n\t\t\t\t<div class=\"elementor-element elementor-element-e32bf3c elementor-widget elementor-widget-text-editor\" data-id=\"e32bf3c\" data-element_type=\"widget\" data-widget_type=\"text-editor.default\">\n\t\t\t\t<div class=\"elementor-widget-container\">\n\t\t\t\t\t\t\t\t\t<p>\u2022\u00a0 \u00a0 \u00c9valuation de la r\u00e9partition de la force<br \/>\u2022\u00a0 \u00a0 Essai d\u2019att\u00e9nuation des impacts uniaxial (avec accessoires suppl\u00e9mentaires)<br \/>\u2022\u00a0 \u00a0 Essai de p\u00e9n\u00e9tration (avec accessoires suppl\u00e9mentaires)<\/p>\t\t\t\t\t\t\t\t<\/div>\n\t\t\t\t<\/div>\n\t\t\t\t<\/div>\n\t\t\t\t<\/div>\n\t\t<div class=\"elementor-element elementor-element-96b62b6 e-con-full e-grid equipment-page-multi-image-box e-con e-child\" data-id=\"96b62b6\" data-element_type=\"container\">\n\t\t<div class=\"elementor-element elementor-element-84a54fe e-grid e-con-full equipment-images-left-block e-con e-child\" data-id=\"84a54fe\" data-element_type=\"container\">\n\t\t\t\t<div class=\"elementor-element elementor-element-af994b7 elementor-widget elementor-widget-image\" data-id=\"af994b7\" data-element_type=\"widget\" data-widget_type=\"image.default\">\n\t\t\t\t<div class=\"elementor-widget-container\">\n\t\t\t\t\t\t\t\t\t\t\t\t<figure class=\"wp-caption\">\n\t\t\t\t\t\t\t\t\t\t<img fetchpriority=\"high\" decoding=\"async\" width=\"980\" height=\"478\" src=\"https:\/\/www.cadexinc.com\/wp-content\/uploads\/2022\/12\/twin-1000kg-top-1024x499.jpg\" class=\"attachment-large size-large wp-image-7795\" alt=\"\" srcset=\"https:\/\/www.cadexinc.com\/wp-content\/uploads\/2022\/12\/twin-1000kg-top-1024x499.jpg 1024w, https:\/\/www.cadexinc.com\/wp-content\/uploads\/2022\/12\/twin-1000kg-top-300x146.jpg 300w, https:\/\/www.cadexinc.com\/wp-content\/uploads\/2022\/12\/twin-1000kg-top-768x374.jpg 768w, https:\/\/www.cadexinc.com\/wp-content\/uploads\/2022\/12\/twin-1000kg-top-416x203.jpg 416w, https:\/\/www.cadexinc.com\/wp-content\/uploads\/2022\/12\/twin-1000kg-top.jpg 1518w\" sizes=\"(max-width: 980px) 100vw, 980px\" \/>\t\t\t\t\t\t\t\t\t\t\t<figcaption class=\"widget-image-caption wp-caption-text\">Vue du dessus<\/figcaption>\n\t\t\t\t\t\t\t\t\t\t<\/figure>\n\t\t\t\t\t\t\t\t\t<\/div>\n\t\t\t\t<\/div>\n\t\t\t\t<\/div>\n\t\t\t\t<\/div>\n\t\t<div class=\"elementor-element elementor-element-20d8f81 e-con-full e-grid equipment-page-multi-image-box e-con e-child\" data-id=\"20d8f81\" data-element_type=\"container\">\n\t\t\t\t<div class=\"elementor-element elementor-element-28039c2 elementor-widget__width-auto elementor-widget elementor-widget-image\" data-id=\"28039c2\" data-element_type=\"widget\" data-widget_type=\"image.default\">\n\t\t\t\t<div class=\"elementor-widget-container\">\n\t\t\t\t\t\t\t\t\t\t\t\t<figure class=\"wp-caption\">\n\t\t\t\t\t\t\t\t\t\t<img decoding=\"async\" width=\"200\" height=\"227\" src=\"https:\/\/www.cadexinc.com\/wp-content\/uploads\/2022\/09\/interchangeable-penetrator-accessory.png\" class=\"attachment-full size-full wp-image-3595\" alt=\"\" \/>\t\t\t\t\t\t\t\t\t\t\t<figcaption class=\"widget-image-caption wp-caption-text\">Accessoire p\u00e9n\u00e9trateur interchangeable<\/figcaption>\n\t\t\t\t\t\t\t\t\t\t<\/figure>\n\t\t\t\t\t\t\t\t\t<\/div>\n\t\t\t\t<\/div>\n\t\t\t\t<div class=\"elementor-element elementor-element-9a55c35 elementor-widget elementor-widget-image\" data-id=\"9a55c35\" data-element_type=\"widget\" data-widget_type=\"image.default\">\n\t\t\t\t<div class=\"elementor-widget-container\">\n\t\t\t\t\t\t\t\t\t\t\t\t<figure class=\"wp-caption\">\n\t\t\t\t\t\t\t\t\t\t<img decoding=\"async\" width=\"200\" height=\"272\" src=\"https:\/\/www.cadexinc.com\/wp-content\/uploads\/2022\/09\/protective-cage-available-on-demand.png\" class=\"attachment-full size-full wp-image-3592\" alt=\"\" \/>\t\t\t\t\t\t\t\t\t\t\t<figcaption class=\"widget-image-caption wp-caption-text\">Cage de protection disponible sur demande<\/figcaption>\n\t\t\t\t\t\t\t\t\t\t<\/figure>\n\t\t\t\t\t\t\t\t\t<\/div>\n\t\t\t\t<\/div>\n\t\t\t\t<\/div>\n\t\t\t\t<\/div>\n\t\t<div class=\"elementor-element elementor-element-4660089 e-con-full e-flex e-con e-child\" data-id=\"4660089\" data-element_type=\"container\">\n\t\t\t\t<div class=\"elementor-element elementor-element-618b801 elementor-widget__width-initial elementor-hidden-mobile elementor-widget elementor-widget-html\" data-id=\"618b801\" data-element_type=\"widget\" data-widget_type=\"html.default\">\n\t\t\t\t<div class=\"elementor-widget-container\">\n\t\t\t\t\t<!-- vision begin -->\n<div class=\"vision-map vision-map-8\"data-json-src=\"https:\/\/www.cadexinc.com\/wp-content\/uploads\/vision\/8\/config.json?ver=1705342588\" data-item-id=\"8\" tabindex=\"1\" style=\"display:none;\" >\n<div class=\"vision-store\">\n<div class=\"vision-layers-data\">\n<div class=\"vision-layer\" data-layer-id=\"1b027541\"><\/div>\n<div class=\"vision-layer\" data-layer-id=\"ba1360c7\"><\/div>\n<div class=\"vision-layer\" data-layer-id=\"c5fe8b42\"><\/div>\n<div class=\"vision-layer\" data-layer-id=\"6a7c69f9\"><\/div>\n<div class=\"vision-layer\" data-layer-id=\"f405f3c1\"><\/div>\n<\/div>\n<div class=\"vision-tooltips-data\">\n<div class=\"vision-data\" data-layer-id=\"1b027541\"><p>Syst\u00e8me de lib\u00e9ration douce \/ Chariot de chute<\/p><\/div>\n<div class=\"vision-data\" data-layer-id=\"ba1360c7\"><p>Impacteur \u00e0 bras oscillant<\/p><\/div>\n<div class=\"vision-data\" data-layer-id=\"c5fe8b42\"><p>Enclumes rapidement et facilement interchangeables<\/p><\/div>\n<div class=\"vision-data\" data-layer-id=\"6a7c69f9\"><p>V\u00e9locim\u00e8tre (timegate) pour lecture de la vitesse<\/p><\/div>\n<div class=\"vision-data\" data-layer-id=\"f405f3c1\"><p>T\u00e9l\u00e9commande<\/p><\/div>\n<\/div>\n<div class=\"vision-popovers-data\">\n<div class=\"vision-data\" data-layer-id=\"1b027541\"><\/div>\n<div class=\"vision-data\" data-layer-id=\"ba1360c7\"><\/div>\n<div class=\"vision-data\" data-layer-id=\"c5fe8b42\"><\/div>\n<div class=\"vision-data\" data-layer-id=\"6a7c69f9\"><\/div>\n<div class=\"vision-data\" data-layer-id=\"f405f3c1\"><p>Permet de r\u00e9gler la hauteur et la vitesse, de lancer le test, d'activer les r\u00e9glages pr\u00e9programm\u00e9s et l'arr\u00eat d'urgence.<\/p><\/div>\n<\/div>\n<\/div>\n<\/div>\n<!-- vision end -->\n\n<p class=\"d-flex p-2 mx-auto align-items-center text-dark fs-7 justify-content-center fst-italic\">Vue de dessous<\/p>\t\t\t\t<\/div>\n\t\t\t\t<\/div>\n\t\t\t\t<\/div>\n\t\t\t\t<\/div>\n\t\t\t\t\t<\/div>\n\t\t\t\t<\/div>\n\t\t\t\t<\/div>","protected":false},"excerpt":{"rendered":"<p>Vue du bas DIMENSIONS (APPROX.) : - Longueur de la base : 119,38 cm \/ 47 in- Largeur de la base :   90,17 cm \/ 35,5 in- Hauteur : 544,19 cm \/ 214,25 in (d'autres hauteurs sont disponibles sur demande)- Poids de la base : 1000 kg CARACT\u00c9RISTIQUES : Syst\u00e8me enti\u00e8rement motoris\u00e9 et autoport\u00e91 Syst\u00e8me de d\u00e9verrouillage souple \/ [...]<\/p>","protected":false},"author":5,"featured_media":0,"parent":3180,"menu_order":0,"comment_status":"closed","ping_status":"closed","template":"","meta":{"footnotes":""},"categories":[36],"class_list":["post-97","page","type-page","status-publish","hentry","category-impact-machines"],"_links":{"self":[{"href":"https:\/\/www.cadexinc.com\/fr\/wp-json\/wp\/v2\/pages\/97","targetHints":{"allow":["GET"]}}],"collection":[{"href":"https:\/\/www.cadexinc.com\/fr\/wp-json\/wp\/v2\/pages"}],"about":[{"href":"https:\/\/www.cadexinc.com\/fr\/wp-json\/wp\/v2\/types\/page"}],"author":[{"embeddable":true,"href":"https:\/\/www.cadexinc.com\/fr\/wp-json\/wp\/v2\/users\/5"}],"replies":[{"embeddable":true,"href":"https:\/\/www.cadexinc.com\/fr\/wp-json\/wp\/v2\/comments?post=97"}],"version-history":[{"count":74,"href":"https:\/\/www.cadexinc.com\/fr\/wp-json\/wp\/v2\/pages\/97\/revisions"}],"predecessor-version":[{"id":20472,"href":"https:\/\/www.cadexinc.com\/fr\/wp-json\/wp\/v2\/pages\/97\/revisions\/20472"}],"up":[{"embeddable":true,"href":"https:\/\/www.cadexinc.com\/fr\/wp-json\/wp\/v2\/pages\/3180"}],"wp:attachment":[{"href":"https:\/\/www.cadexinc.com\/fr\/wp-json\/wp\/v2\/media?parent=97"}],"wp:term":[{"taxonomy":"category","embeddable":true,"href":"https:\/\/www.cadexinc.com\/fr\/wp-json\/wp\/v2\/categories?post=97"}],"curies":[{"name":"wp","href":"https:\/\/api.w.org\/{rel}","templated":true}]}}