{"id":95,"date":"2022-05-17T13:10:22","date_gmt":"2022-05-17T17:10:22","guid":{"rendered":"http:\/\/www.cadexinc.com\/?page_id=95"},"modified":"2026-03-17T10:41:33","modified_gmt":"2026-03-17T14:41:33","slug":"impact-a-double-fil-uniaxial","status":"publish","type":"page","link":"https:\/\/www.cadexinc.com\/fr\/equipement\/machines\/machines-a-chocs\/impact-a-double-fil-uniaxial\/","title":{"rendered":"Machine d\u2019impact Twinwire"},"content":{"rendered":"<div data-elementor-type=\"wp-page\" data-elementor-id=\"95\" class=\"elementor elementor-95\">\n\t\t\t\t<div class=\"elementor-element elementor-element-bd53ece elementor-hidden-desktop elementor-hidden-tablet e-flex e-con-boxed e-con e-parent\" data-id=\"bd53ece\" data-element_type=\"container\">\n\t\t\t\t\t<div class=\"e-con-inner\">\n\t\t\t\t<div class=\"elementor-element elementor-element-026f323 elementor-widget__width-initial elementor-widget elementor-widget-html\" data-id=\"026f323\" data-element_type=\"widget\" data-widget_type=\"html.default\">\n\t\t\t\t<div class=\"elementor-widget-container\">\n\t\t\t\t\t<!-- vision begin -->\n<div class=\"vision-map vision-map-7\"data-json-src=\"https:\/\/www.cadexinc.com\/wp-content\/uploads\/vision\/7\/config.json?ver=1705342500\" data-item-id=\"7\" tabindex=\"1\" style=\"display:none;\" >\n<div class=\"vision-store\">\n<div class=\"vision-layers-data\">\n<div class=\"vision-layer\" data-layer-id=\"076f4294\"><\/div>\n<div class=\"vision-layer\" data-layer-id=\"b49b8b97\"><\/div>\n<div class=\"vision-layer\" data-layer-id=\"bf9331fb\"><\/div>\n<div class=\"vision-layer\" data-layer-id=\"57d28617\"><\/div>\n<div class=\"vision-layer\" data-layer-id=\"d28c6568\"><\/div>\n<\/div>\n<div class=\"vision-tooltips-data\">\n<div class=\"vision-data\" data-layer-id=\"076f4294\"><p>T\u00e9l\u00e9commande<\/p><\/div>\n<div class=\"vision-data\" data-layer-id=\"b49b8b97\"><p>Syst\u00e8me de lib\u00e9ration douce \/ Chariot de chute<\/p><\/div>\n<div class=\"vision-data\" data-layer-id=\"bf9331fb\"><p>Impacteur \u00e0 bras oscillant<\/p><\/div>\n<div class=\"vision-data\" data-layer-id=\"57d28617\"><p>V\u00e9locim\u00e8tre (timegate) pour lecture de la vitesse<\/p><\/div>\n<div class=\"vision-data\" data-layer-id=\"d28c6568\"><p>Enclumes interchangeables rapidement et facilement<\/p><\/div>\n<\/div>\n<div class=\"vision-popovers-data\">\n<div class=\"vision-data\" data-layer-id=\"076f4294\">R\u00e8gle la hauteur et la vitesse, lance le test, active les r\u00e9glages pr\u00e9programm\u00e9s et inclut l'arr\u00eat d'urgence.<\/div>\n<div class=\"vision-data\" data-layer-id=\"b49b8b97\"><\/div>\n<div class=\"vision-data\" data-layer-id=\"bf9331fb\"><\/div>\n<div class=\"vision-data\" data-layer-id=\"57d28617\"><\/div>\n<div class=\"vision-data\" data-layer-id=\"d28c6568\"><\/div>\n<\/div>\n<\/div>\n<\/div>\n<!-- vision end -->\n\n<p class=\"d-flex p-2 mx-auto align-items-center text-dark fs-7 justify-content-center fst-italic\">Vue de dessous<\/p>\t\t\t\t<\/div>\n\t\t\t\t<\/div>\n\t\t\t\t\t<\/div>\n\t\t\t\t<\/div>\n\t\t<div class=\"elementor-element elementor-element-3d0f7b1 e-flex e-con-boxed e-con e-parent\" data-id=\"3d0f7b1\" data-element_type=\"container\">\n\t\t\t\t\t<div class=\"e-con-inner\">\n\t\t<div class=\"elementor-element elementor-element-68b8d68 e-con-full e-flex e-con e-child\" data-id=\"68b8d68\" data-element_type=\"container\">\n\t\t<div class=\"elementor-element elementor-element-0a5cac6 e-con-full e-flex e-con e-child\" data-id=\"0a5cac6\" data-element_type=\"container\">\n\t\t<div class=\"elementor-element elementor-element-0e2b18d e-con-full equipment-main-right-block e-flex e-con e-child\" data-id=\"0e2b18d\" data-element_type=\"container\">\n\t\t<div class=\"elementor-element elementor-element-8e02b51 e-con-full e-flex e-con e-child\" data-id=\"8e02b51\" data-element_type=\"container\">\n\t\t\t\t<div class=\"elementor-element elementor-element-0391150 elementor-widget elementor-widget-text-editor\" data-id=\"0391150\" data-element_type=\"widget\" data-widget_type=\"text-editor.default\">\n\t\t\t\t<div class=\"elementor-widget-container\">\n\t\t\t\t\t\t\t\t\t<p class=\"cdx-title\" style=\"text-align:justify;\">Ce mod\u00e8le de Machine d\u2019impact Twinwire guid\u00e9e est utilis\u00e9 pour l\u2019\u00e9valuation de l\u2019att\u00e9nuation des chocs, conform\u00e9ment aux normes BSI, SNELL, CPSC, ASTM, AS\/NZS, JIS et autres. La machine d\u2019impact Twinwire Cadex peut \u00eatre adapt\u00e9e pour des tests de type uniaxial, triaxial et\/ou rotationnel.<\/p>\t\t\t\t\t\t\t\t<\/div>\n\t\t\t\t<\/div>\n\t\t\t\t<div class=\"elementor-element elementor-element-515089b equipment-sub-titles elementor-widget elementor-widget-heading\" data-id=\"515089b\" data-element_type=\"widget\" data-widget_type=\"heading.default\">\n\t\t\t\t<div class=\"elementor-widget-container\">\n\t\t\t\t\t<h6 class=\"elementor-heading-title elementor-size-default\">DIMENSIONS (APPROX.) :<\/h6>\t\t\t\t<\/div>\n\t\t\t\t<\/div>\n\t\t\t\t<div class=\"elementor-element elementor-element-ac6481f elementor-widget elementor-widget-text-editor\" data-id=\"ac6481f\" data-element_type=\"widget\" data-widget_type=\"text-editor.default\">\n\t\t\t\t<div class=\"elementor-widget-container\">\n\t\t\t\t\t\t\t\t\t<ul class=\"special-list\">\n \t<li>Longueur de la base : 97,79 cm \/ 38,5 in<\/li>\n \t<li>Width of the base:\u00a0 \u00a031.75 cm \/ 12.5 in<\/li>\n \t<li>Hauteur : 544,19 cm \/ 214,25 in (d'autres hauteurs sont disponibles sur demande)<\/li>\n<\/ul>\t\t\t\t\t\t\t\t<\/div>\n\t\t\t\t<\/div>\n\t\t\t\t<div class=\"elementor-element elementor-element-8fd6c0e equipment-sub-titles elementor-widget elementor-widget-heading\" data-id=\"8fd6c0e\" data-element_type=\"widget\" data-widget_type=\"heading.default\">\n\t\t\t\t<div class=\"elementor-widget-container\">\n\t\t\t\t\t<h6 class=\"elementor-heading-title elementor-size-default\">CARACT\u00c9RISTIQUES\u202f:<\/h6>\t\t\t\t<\/div>\n\t\t\t\t<\/div>\n\t\t\t\t<div class=\"elementor-element elementor-element-aa1cc17 elementor-widget elementor-widget-text-editor\" data-id=\"aa1cc17\" data-element_type=\"widget\" data-widget_type=\"text-editor.default\">\n\t\t\t\t<div class=\"elementor-widget-container\">\n\t\t\t\t\t\t\t\t\t<p><strong>Syst\u00e8me enti\u00e8rement motoris\u00e9 et autonome<\/strong><\/p><ul class=\"special-list number-and-bullet-list\"><li>T\u00e9l\u00e9commande : permet de r\u00e9gler la hauteur et la vitesse, de lancer le test, d'activer les r\u00e9glages pr\u00e9programm\u00e9s et d'inclure l'arr\u00eat d'urgence.<\/li><li>Syst\u00e8me de lib\u00e9ration douce \/ Chariot de chute<\/li><li>Impacteur \u00e0 bras oscillant<\/li><li>V\u00e9locim\u00e8tre (timegate) pour lecture de la vitesse<\/li><li>Enclumes interchangeables rapidement et facilement<\/li><\/ul><p class=\"cdx-tooltip pt-3 text-danger text-start fst-italic fs-7\">*Passez la souris sur les num\u00e9ros de l\u2019image pour afficher une info-bulle avec la description.<\/p>\t\t\t\t\t\t\t\t<\/div>\n\t\t\t\t<\/div>\n\t\t\t\t<div class=\"elementor-element elementor-element-322bed9 equipment-sub-titles elementor-widget elementor-widget-heading\" data-id=\"322bed9\" data-element_type=\"widget\" data-widget_type=\"heading.default\">\n\t\t\t\t<div class=\"elementor-widget-container\">\n\t\t\t\t\t<h6 class=\"elementor-heading-title elementor-size-default\">Applications :<\/h6>\t\t\t\t<\/div>\n\t\t\t\t<\/div>\n\t\t\t\t<div class=\"elementor-element elementor-element-f1cd0c7 elementor-widget elementor-widget-text-editor\" data-id=\"f1cd0c7\" data-element_type=\"widget\" data-widget_type=\"text-editor.default\">\n\t\t\t\t<div class=\"elementor-widget-container\">\n\t\t\t\t\t\t\t\t\t<ul class=\"special-list\">\n<li>Essai d'att\u00e9nuation d'impact uniaxial<\/li>\n<li>Tests de p\u00e9n\u00e9tration (avec accessoires suppl\u00e9mentaires)<\/li>\n<\/ul>\t\t\t\t\t\t\t\t<\/div>\n\t\t\t\t<\/div>\n\t\t\t\t<\/div>\n\t\t\t\t<\/div>\n\t\t<div class=\"elementor-element elementor-element-99f0f28 e-con-full e-grid equipment-page-multi-image-box e-con e-child\" data-id=\"99f0f28\" data-element_type=\"container\">\n\t\t<div class=\"elementor-element elementor-element-fc9f079 e-grid e-con-full equipment-images-left-block e-con e-child\" data-id=\"fc9f079\" data-element_type=\"container\">\n\t\t\t\t<div class=\"elementor-element elementor-element-3c7984b elementor-widget elementor-widget-image\" data-id=\"3c7984b\" data-element_type=\"widget\" data-widget_type=\"image.default\">\n\t\t\t\t<div class=\"elementor-widget-container\">\n\t\t\t\t\t\t\t\t\t\t\t\t<figure class=\"wp-caption\">\n\t\t\t\t\t\t\t\t\t\t<img fetchpriority=\"high\" decoding=\"async\" width=\"980\" height=\"725\" src=\"https:\/\/www.cadexinc.com\/wp-content\/uploads\/2023\/07\/twinwire-top.webp\" class=\"attachment-large size-large wp-image-14676\" alt=\"\" srcset=\"https:\/\/www.cadexinc.com\/wp-content\/uploads\/2023\/07\/twinwire-top.webp 1000w, https:\/\/www.cadexinc.com\/wp-content\/uploads\/2023\/07\/twinwire-top-300x222.webp 300w, https:\/\/www.cadexinc.com\/wp-content\/uploads\/2023\/07\/twinwire-top-768x568.webp 768w, https:\/\/www.cadexinc.com\/wp-content\/uploads\/2023\/07\/twinwire-top-416x308.webp 416w\" sizes=\"(max-width: 980px) 100vw, 980px\" \/>\t\t\t\t\t\t\t\t\t\t\t<figcaption class=\"widget-image-caption wp-caption-text\">Vue du dessus<\/figcaption>\n\t\t\t\t\t\t\t\t\t\t<\/figure>\n\t\t\t\t\t\t\t\t\t<\/div>\n\t\t\t\t<\/div>\n\t\t\t\t<\/div>\n\t\t\t\t<\/div>\n\t\t\t\t<\/div>\n\t\t<div class=\"elementor-element elementor-element-7c36a97 e-con-full e-flex e-con e-child\" data-id=\"7c36a97\" data-element_type=\"container\">\n\t\t\t\t<div class=\"elementor-element elementor-element-c8b22d1 elementor-widget__width-initial elementor-hidden-mobile elementor-widget elementor-widget-html\" data-id=\"c8b22d1\" data-element_type=\"widget\" data-widget_type=\"html.default\">\n\t\t\t\t<div class=\"elementor-widget-container\">\n\t\t\t\t\t<!-- vision begin -->\n<div class=\"vision-map vision-map-7\"data-json-src=\"https:\/\/www.cadexinc.com\/wp-content\/uploads\/vision\/7\/config.json?ver=1705342500\" data-item-id=\"7\" tabindex=\"1\" style=\"display:none;\" >\n<div class=\"vision-store\">\n<div class=\"vision-layers-data\">\n<div class=\"vision-layer\" data-layer-id=\"076f4294\"><\/div>\n<div class=\"vision-layer\" data-layer-id=\"b49b8b97\"><\/div>\n<div class=\"vision-layer\" data-layer-id=\"bf9331fb\"><\/div>\n<div class=\"vision-layer\" data-layer-id=\"57d28617\"><\/div>\n<div class=\"vision-layer\" data-layer-id=\"d28c6568\"><\/div>\n<\/div>\n<div class=\"vision-tooltips-data\">\n<div class=\"vision-data\" data-layer-id=\"076f4294\"><p>T\u00e9l\u00e9commande<\/p><\/div>\n<div class=\"vision-data\" data-layer-id=\"b49b8b97\"><p>Syst\u00e8me de lib\u00e9ration douce \/ Chariot de chute<\/p><\/div>\n<div class=\"vision-data\" data-layer-id=\"bf9331fb\"><p>Impacteur \u00e0 bras oscillant<\/p><\/div>\n<div class=\"vision-data\" data-layer-id=\"57d28617\"><p>V\u00e9locim\u00e8tre (timegate) pour lecture de la vitesse<\/p><\/div>\n<div class=\"vision-data\" data-layer-id=\"d28c6568\"><p>Enclumes interchangeables rapidement et facilement<\/p><\/div>\n<\/div>\n<div class=\"vision-popovers-data\">\n<div class=\"vision-data\" data-layer-id=\"076f4294\">R\u00e8gle la hauteur et la vitesse, lance le test, active les r\u00e9glages pr\u00e9programm\u00e9s et inclut l'arr\u00eat d'urgence.<\/div>\n<div class=\"vision-data\" data-layer-id=\"b49b8b97\"><\/div>\n<div class=\"vision-data\" data-layer-id=\"bf9331fb\"><\/div>\n<div class=\"vision-data\" data-layer-id=\"57d28617\"><\/div>\n<div class=\"vision-data\" data-layer-id=\"d28c6568\"><\/div>\n<\/div>\n<\/div>\n<\/div>\n<!-- vision end -->\n\n<p class=\"d-flex p-2 mx-auto align-items-center text-dark fs-7 justify-content-center fst-italic\">Vue de dessous<\/p>\t\t\t\t<\/div>\n\t\t\t\t<\/div>\n\t\t\t\t<\/div>\n\t\t\t\t<\/div>\n\t\t\t\t\t<\/div>\n\t\t\t\t<\/div>\n\t\t\t\t<\/div>","protected":false},"excerpt":{"rendered":"<p>Bottom View This model of twinwire guided impact machine is used for impact attenuation evaluation which complies with BSI, SNELL, CPSC, ASTM, AS\/NZS, JIS and others standards. The Cadex twinwire can be adapted for uniaxial, triaxial and\/or rotational type of testing. DIMENSIONS (APPROX.): Length of the base: 97.79 cm \/ 38.5 in Width of the [&hellip;]<\/p>","protected":false},"author":5,"featured_media":0,"parent":3180,"menu_order":0,"comment_status":"closed","ping_status":"closed","template":"","meta":{"footnotes":""},"categories":[36],"class_list":["post-95","page","type-page","status-publish","hentry","category-impact-machines"],"_links":{"self":[{"href":"https:\/\/www.cadexinc.com\/fr\/wp-json\/wp\/v2\/pages\/95","targetHints":{"allow":["GET"]}}],"collection":[{"href":"https:\/\/www.cadexinc.com\/fr\/wp-json\/wp\/v2\/pages"}],"about":[{"href":"https:\/\/www.cadexinc.com\/fr\/wp-json\/wp\/v2\/types\/page"}],"author":[{"embeddable":true,"href":"https:\/\/www.cadexinc.com\/fr\/wp-json\/wp\/v2\/users\/5"}],"replies":[{"embeddable":true,"href":"https:\/\/www.cadexinc.com\/fr\/wp-json\/wp\/v2\/comments?post=95"}],"version-history":[{"count":79,"href":"https:\/\/www.cadexinc.com\/fr\/wp-json\/wp\/v2\/pages\/95\/revisions"}],"predecessor-version":[{"id":20976,"href":"https:\/\/www.cadexinc.com\/fr\/wp-json\/wp\/v2\/pages\/95\/revisions\/20976"}],"up":[{"embeddable":true,"href":"https:\/\/www.cadexinc.com\/fr\/wp-json\/wp\/v2\/pages\/3180"}],"wp:attachment":[{"href":"https:\/\/www.cadexinc.com\/fr\/wp-json\/wp\/v2\/media?parent=95"}],"wp:term":[{"taxonomy":"category","embeddable":true,"href":"https:\/\/www.cadexinc.com\/fr\/wp-json\/wp\/v2\/categories?post=95"}],"curies":[{"name":"wp","href":"https:\/\/api.w.org\/{rel}","templated":true}]}}