{"id":9481,"date":"2022-12-20T14:31:19","date_gmt":"2022-12-20T19:31:19","guid":{"rendered":"http:\/\/www.cadexinc.com\/?page_id=9481"},"modified":"2022-12-20T15:05:10","modified_gmt":"2022-12-20T20:05:10","slug":"calendrier","status":"publish","type":"page","link":"https:\/\/www.cadexinc.com\/fr\/calendrier\/","title":{"rendered":"calendrier"},"content":{"rendered":"<!-- section 1-->\r\n<div class=\"container pt-5 mt-5\">\r\n<h2 class=\"text-danger fs-special pt-5 text-uppercase\">Qui sommes-nous ?<\/h2>\r\n<div class=\"container py-4\">\r\n<div class=\"row\">\r\n<div class=\"col-md-auto cdx-about bg-light px-5 rounded-1\">\r\n\r\n<p class=\"text_justify mx-4 pt-5\" >CADEX, soci\u00e9t\u00e9 priv\u00e9e en activit\u00e9 depuis 1994, est le leader mondial de la recherche, du d\u00e9veloppement et de la fabrication de syst\u00e8mes d'impact et de laboratoires d'essais \"cl\u00e9s en main\". La R&amp;D de notre division d'essais, associ\u00e9e \u00e0 nos services de m\u00e9trologie et d'assurance qualit\u00e9, fournit constamment \u00e0 nos services d'ing\u00e9nierie, d'\u00e9lectronique et de production des niveaux in\u00e9gal\u00e9s de soutien et de technologie lorsqu'il s'agit de comprendre des conceptions complexes, les harmoniques des mat\u00e9riaux et les impacts sur le corps humain.<\/p>\r\n\r\n<p class=\"text_justify mx-4\">L\u2019\u00e9quipe de CADEX est compos\u00e9e d\u2019une direction exp\u00e9riment\u00e9e, d\u2019ing\u00e9nieurs comp\u00e9tents et m\u00e9ticuleux, de techniciens, d\u2019op\u00e9rateurs CNC et de personnel de soutien qui s\u2019efforcent d\u2019atteindre un niveau d\u2019excellence \u00e9gal ou sup\u00e9rieur \u00e0 celui de tout atelier sp\u00e9cialis\u00e9. Avec pr\u00e8s de 100 employ\u00e9s et une installation \u00e0 la fine pointe de la technologie couvrant plus de 60 000 pieds carr\u00e9s, CADEX demeure engag\u00e9e envers l\u2019excellence et continue de soutenir ses clients \u00e0 travers le monde gr\u00e2ce \u00e0 des produits de premi\u00e8re qualit\u00e9 et un service \u00e0 la client\u00e8le exceptionnel.<\/p>\r\n\r\n<div class=\"row d-flex justify-content-center\">\r\n<div class=\"col-md-auto px-5 cdx-about\">\r\n<div class=\"mb-5 mt-3\"><center><figure class=\"figure\"><img decoding=\"async\" src=\"http:\/\/www.cadexinc.com\/wp-content\/uploads\/2022\/06\/cadex-building-2.jpeg\" title=\"\" alt=\"\" class=\"\" \/><\/figure><\/center><\/div>\r\n<\/div>\r\n<\/div>\r\n<\/div>\r\n\r\n<\/div>\r\n<\/div>\r\n<\/div>\r\n<\/div>\r\n\r\n<!-- section 2-->\r\n<div class=\"bg-white bg-center-url pb-5 equipment-bg\">\r\n<div class=\"container py-5 py-lg-5 mb-5 main-page\">\r\n<div class=\"row\">\r\n<div class=\"col-md-6\">\r\n<h2 class=\"text-danger fs-special mt-4 py-5 text-uppercase\">Ce que nous faisons<\/h2>\r\n<div class=\"row\">\r\n<div class=\"col-6\">\r\n<div class=\"card mb-4 shadow border-0\">\r\n<div class=\"card-body\">\r\n<div class=\"text-center\"><center><figure class=\"figure\"><img decoding=\"async\" src=\"http:\/\/www.cadexinc.com\/wp-content\/uploads\/2022\/07\/cadex-facility-management.png\" title=\"\" alt=\"\" class=\"mx-auto d-block\" \/><\/figure><\/center><\/div>\r\n<\/div>\r\n<\/div>\r\n<div class=\"card mb-4 shadow border-0\">\r\n<div class=\"card-body\">\r\n<div class=\"text-center\"><center><figure class=\"figure\"><img decoding=\"async\" src=\"http:\/\/www.cadexinc.com\/wp-content\/uploads\/2022\/07\/cadex-oscilloscope.png\" title=\"\" alt=\"\" class=\"mx-auto d-block\" \/><\/figure><\/center><\/div>\r\n<\/div>\r\n<\/div>\r\n<\/div>\r\n<div class=\"col-6\">\r\n<div class=\"card mb-4 shadow border-0 mt-5\">\r\n<div class=\"card-body\">\r\n<div class=\"text-center\"><center><figure class=\"figure\"><img decoding=\"async\" src=\"http:\/\/www.cadexinc.com\/wp-content\/uploads\/2022\/07\/cadex-research-and-development.png\" title=\"\" alt=\"\" class=\"mx-auto d-block\" \/><\/figure><\/center><\/div>\r\n<\/div>\r\n<\/div>\r\n<div class=\"card mb-4 shadow border-0\">\r\n<div class=\"card-body\">\r\n<div class=\"text-center\"><center><figure class=\"figure\"><img decoding=\"async\" src=\"http:\/\/www.cadexinc.com\/wp-content\/uploads\/2022\/07\/cadex-settings.png\" title=\"\" alt=\"\" class=\"mx-auto d-block\" \/><\/figure><\/center><\/div>\r\n<\/div>\r\n<\/div>\r\n<\/div>\r\n<\/div>\r\n<\/div>\r\n<div class=\"col-md-6 my-auto mt-4 pt-5\">\r\n<h3 class=\"fw-light mt-5 pt-8 mb-3 model_title text-uppercase\">Service de m\u00e9trologie et d'\u00e9talonnage<\/h3>\r\n<h4 class=\"fw-normal fs-6 pt-2 lh-lg\">Tous les \u00e9quipements d'essai de Cadex sont :<\/h4>\r\n<ul class=\"fw-light fs-6 lh-lg\">\r\n \t<li>Fournis avec des certificats d'\u00e9talonnage ;<\/li>\r\n \t<li>\u00c9talonn\u00e9 selon des protocoles d'\u00e9talonnage stricts ;<\/li>\r\n \t<li>\u00c9talonn\u00e9 par des ing\u00e9nieurs et techniciens qualifi\u00e9s ;<\/li>\r\n \t<li>\u00c9talonn\u00e9 \u00e0 l'aide d'un instrument de mesure valid\u00e9 ;<\/li>\r\n \t<li>Tra\u00e7abilit\u00e9 des instruments de mesure primaires tout au long de la cha\u00eene d'\u00e9talonnage.<\/li>\r\n<\/ul>\r\n<h4 class=\"fw-normal fs-6 lh-lg\">Les services d'\u00e9talonnage s'appliquent \u00e0 :<\/h4>\r\n<ul class=\"fw-light fs-6 lh-lg\">\r\n \t<li>Syst\u00e8me d'acquisition (coupleurs d'amplification et de filtrage)<\/li>\r\n \t<li>V\u00e9locim\u00e8tre (timegate) pour machine \u00e0 chocs<\/li>\r\n \t<li>V\u00e9locim\u00e8tre (double timegates) pour application canon<\/li>\r\n \t<li>Tous les accessoires doivent r\u00e9pondre aux exigences g\u00e9om\u00e9triques<\/li>\r\n<\/ul>\r\n<a href=\"http:\/\/www.cadexinc.com\/wp-content\/uploads\/2022\/05\/Metrology_Calibration.pdf\" target=\"_blank\" rel=\"\" class=\"btn btn-outline-danger text-uppercase border-0\" \/>Lire la suite<span class=\"p-1 px-2\"><i class=\"fa-solid fa-circle-right\"><\/i><\/span><\/a>\r\n\r\n<\/div>\r\n<\/div>\r\n<\/div>\r\n<\/div>\r\n\r\n<!-- section 4-->\r\n<div class=\"bg-light rounded-1 my-5 shadow-sm cat-section\">\r\n    <div class=\"container py-5 mt-5\">\r\n        <div class=\"row align-items-start cdx-catalog\">\r\n            <div class=\"col-md-6 d-flex justify-content-end\">\r\n\r\n                <center><figure class=\"figure\"><img decoding=\"async\" src=\"http:\/\/www.cadexinc.com\/wp-content\/uploads\/2022\/12\/Catalog.jpg\" title=\"\" alt=\"\" class=\"cdx-img-60\" \/><\/figure><\/center>\r\n\r\n            <\/div>\r\n            <div class=\"col-md-6 pt-5\">\r\n                    <div><a href=\"http:\/\/www.cadexinc.com\/fr\/catalog\/\" target=\"_blank\" class=\"btn text-uppercase rounded-2 btn-outline-primary\" rel=\"noopener\">Voir le catalogue<\/a><\/div>\r\n\r\n                    <div><a href=\"http:\/\/www.cadexinc.com\/wp-content\/uploads\/2022\/07\/Catalog-2016.pdf\" target=\"_blank\" class=\"btn text-uppercase  rounded-2 btn-outline-primary mt-4\" rel=\"noopener\">T\u00e9l\u00e9charger le catalogue<\/a><\/div>\r\n\r\n                    <div><a href=\"http:\/\/www.cadexinc.com\/wp-content\/uploads\/2022\/07\/Formulas-for-calculation.pdf\" target=\"_blank\" class=\"btn  rounded-2 text-uppercase btn-outline-primary mt-4\" rel=\"noopener\">T\u00e9l\u00e9charger les formules<\/a><\/div>\r\n\r\n            <\/div>\r\n        <\/div>\r\n    <\/div>\r\n<\/div>\r\n\r\n<!-- section 5-->\r\n<div class=\"container my-5 pt-5\">\r\n\r\n<!-- tabs -->\r\n<h2 class=\"text-danger py-5 my-5 fs-special text-uppercase\">Chronologie de Cadex<\/h2>\r\n<div class=\"d-flex align-items-start justify-content-center\" style=\"position: relative; min-height:585px;\">\r\n\r\n<!-- tabs menu vertical -->\r\n<div id=\"v-pills-tab\" class=\"nav flex-column nav-tabs me-5 col-4 col-md-3 border-0\" role=\"tablist\" aria-orientation=\"vertical\">\r\n\r\n<a id=\"WhatisLoremIpsum1-tab\" class=\"nav-link active\" role=\"tab\" href=\"#WhatisLoremIpsum1\" type=\"button\" data-bs-toggle=\"pill\" aria-controls=\"WhatisLoremIpsum1\" aria-selected=\"true\">1994 &#8211; 2000<\/a>\r\n<a id=\"WhatisLoremIpsum2-tab\" class=\"nav-link\" role=\"tab\" href=\"#WhatisLoremIpsum2\" type=\"button\" data-bs-toggle=\"pill\" aria-controls=\"WhatisLoremIpsum1\" aria-selected=\"true\">2000 &#8211; 2010<\/a>\r\n<a id=\"WhatisLoremIpsum3-tab\" class=\"nav-link\" role=\"tab\" href=\"#WhatisLoremIpsum3\" type=\"button\" data-bs-toggle=\"pill\" aria-controls=\"WhatisLoremIpsum1\" aria-selected=\"true\">2010 &#8211; 2015<\/a>\r\n<a id=\"WhatisLoremIpsum4-tab\" class=\"nav-link\" role=\"tab\" href=\"#WhatisLoremIpsum4\" type=\"button\" data-bs-toggle=\"pill\" aria-controls=\"WhatisLoremIpsum1\" aria-selected=\"true\">2015 &#8211; 2022<\/a><\/div>\r\n\r\n<!-- tabs content -->\r\n<div id=\"v-pills-tabContent\" class=\"tab-content\">\r\n<div id=\"WhatisLoremIpsum1\" class=\"tab-pane fade show active\" tabindex=\"0\" role=\"tabpanel\" aria-labelledby=\"WhatisLoremIpsum1-tab\">\r\n\r\n<!-- container -->\r\n<div class=\"container-fluid\">\r\n<div class=\"row\">\r\n<div class=\"col-sm-12\">\r\n       <div class=\"right-1\">\r\n        <div class=\"card border border-2\">\r\n          <center><figure class=\"figure\"><img decoding=\"async\" src=\"http:\/\/www.cadexinc.com\/wp-content\/uploads\/2022\/06\/cadex-building-2.jpeg\" title=\"\" alt=\"Installation de Cadex\" class=\"card-img-top img-fluid\" \/><\/figure><\/center>\r\n          <div class=\"card-body p-4 d-flex justify-content-center flex-column\">\r\n            <p class=\"text_justify mb-0 fw-light fs-6 pb-2\" >Fond\u00e9e en 1994, Cadex s'est rapidement impos\u00e9e comme un pr\u00e9curseur dans l'innovation li\u00e9e \u00e0 la fabrication d'\u00e9quipements d'essai.\r\n              d'\u00e9quipements de test. \r\n             <\/p>\r\n            <p class=\"text_justify fw-light fs-6\" >Situ\u00e9s dans la province de Qu\u00e9bec, au Canada, notre \u00e9quipe de production, notre d\u00e9partement de R&amp;D et notre service des ventes r\u00e9pondent rapidement et efficacement afin de maintenir notre r\u00e9putation dans ce secteur.\r\n               afin de maintenir notre r\u00e9putation dans cette industrie.<\/p>\r\n          <\/div>\r\n        <\/div>\r\n     <\/div>\r\n<\/div>\r\n<\/div>\r\n<\/div>\r\n<\/div>\r\n\r\n<div id=\"WhatisLoremIpsum2\" class=\"tab-pane fade\" tabindex=\"0\" role=\"tabpanel\" aria-labelledby=\"WhatisLoremIpsum1-tab\">\r\n\r\n<div class=\"container-fluid\">\r\n<div class=\"row\">\r\n<div class=\"col-sm-12\">\r\n\r\n    <div class=\"right-2\">\r\n        <div class=\"card border border-2\">\r\n          <center><figure class=\"figure\"><img decoding=\"async\" src=\"http:\/\/www.cadexinc.com\/wp-content\/uploads\/2022\/11\/cadex-defence.jpg\" title=\"\" alt=\"Installation de Cadex\" class=\"card-img-top img-fluid\" \/><\/figure><\/center>\r\n          <div class=\"card-body p-4 d-flex align-items-center\">\r\n            <p class=\"text_justify mb-0 fw-light pb-2 fs-6\" >Cadex a cr\u00e9\u00e9 sa division militaire. Un investissement dans des \u00e9quipements de fabrication suppl\u00e9mentaires afin de soutenir l'augmentation de nos ventes. Investissement majeur dans une nouvelle usine de 35 000 pieds carr\u00e9s avec une capacit\u00e9 de terrain de 300 000 pieds carr\u00e9s.\r\n             <\/p>\r\n          <\/div>\r\n        <\/div>\r\n     <\/div>\r\n<\/div>\r\n\r\n<\/div>\r\n<\/div>\r\n<\/div>\r\n<div id=\"WhatisLoremIpsum3\" class=\"tab-pane fade\" tabindex=\"0\" role=\"tabpanel\" aria-labelledby=\"WhatisLoremIpsum1-tab\">\r\n\r\n<!-- container -->\r\n<div class=\"container-fluid\">\r\n<div class=\"row\">\r\n<div class=\"col-sm-12\">\r\n\r\n     <div class=\"right-3\">\r\n        <div class=\"card border border-2\">\r\n          <center><figure class=\"figure\"><img decoding=\"async\" src=\"http:\/\/www.cadexinc.com\/wp-content\/uploads\/2022\/11\/cadex-cnc.jpg\" title=\"\" alt=\"Cadex CNC\" class=\"card-img-top img-fluid\" \/><\/figure><\/center>\r\n          <div class=\"card-body p-4 d-flex align-items-center\">\r\n            <p class=\"text_justify mb-0 fw-light pb-2 fs-6\" >Investissement dans des \u00e9quipements de production suppl\u00e9mentaires pour soutenir notre nouvelle usine et fournir de nouvelles capacit\u00e9s internes.\r\n             <\/p>\r\n          <\/div>\r\n        <\/div>\r\n     <\/div>\r\n\r\n<\/div>\r\n<\/div>\r\n<\/div>\r\n<\/div>\r\n<div id=\"WhatisLoremIpsum4\" class=\"tab-pane fade\" tabindex=\"0\" role=\"tabpanel\" aria-labelledby=\"WhatisLoremIpsum1-tab\">\r\n\r\n<!-- container -->\r\n<div class=\"container-fluid\">\r\n<div class=\"row\">\r\n<div class=\"col-sm-12\">\r\n\r\n<div class=\"right-4\">\r\n        <div class=\"card border border-2\">\r\n          <center><figure class=\"figure\"><img decoding=\"async\" src=\"http:\/\/www.cadexinc.com\/wp-content\/uploads\/2022\/11\/cadex-invetment.jpg\" title=\"\" alt=\"Installation de Cadex\" class=\"card-img-top img-fluid\" \/><\/figure><\/center>\r\n          <div class=\"card-body p-4 d-flex align-items-center\">\r\n            <p class=\"text_justify mb-0 fw-light pb-2 fs-6\" >Investissement dans l'agrandissement de l'usine de 20000 pieds carr\u00e9s pour un nouveau total de 55000 pieds carr\u00e9s afin de r\u00e9pondre \u00e0 l'augmentation de nos commandes et de notre capacit\u00e9 de production.\r\n              de production. Un investissement majeur de $2M en \u00e9quipement pour doubler la capacit\u00e9 de production des ventes. Au cours des derni\u00e8res ann\u00e9es, Cadex a augment\u00e9 ses ventes et sa capacit\u00e9 de production \u00e0 un rythme de\r\n                plus de 30% par an.\r\n             <\/p>\r\n          <\/div>\r\n        <\/div>\r\n     <\/div>\r\n<\/div>\r\n<!-- <div class=\"col-md-4\">[cadex-image imgname=\"cadex-facility-4\" class=\"img-fluid\" src=\"\" alt=\"\"]<\/div> -->\r\n<\/div>\r\n<\/div>\r\n<\/div>\r\n<\/div>\r\n<\/div>\r\n<!-- \/tabs -->\r\n\r\n<\/div>\r\n\r\n\r\n<!-- section 6-->\r\n<div class=\"container my-5 py-5 text-center cdx-divisions\">\r\n<h2 class=\"text-danger py-5 text-uppercase fs-special\">Autres divisions de Cadex<\/h2>\r\n<div class=\"row mt-4\">\r\n\r\n<div class=\"col-md-4\">\r\n<a href=\"https:\/\/www.cadexdefence.com\/\" target=\"_blank\" rel=\"noopener\">\r\n<div class=\"mb-3\"><center><figure class=\"figure\"><img decoding=\"async\" src=\"http:\/\/www.cadexinc.com\/wp-content\/uploads\/2022\/08\/defense-2_1.png\" title=\"\" alt=\"D\u00e9fense\" class=\"img-fluid border shadow-sm cdx_divisions\" \/><\/figure><\/center><\/div>\r\n<h3>CADEX DEFENCE<\/h3>\r\n<\/a>\r\n<\/div>\r\n\r\n<div class=\"col-md-4\">\r\n<a href=\"https:\/\/www.cadexppe.com\/\" target=\"_blank\" rel=\"noopener\">\r\n<div class=\"mb-3\"><center><figure class=\"figure\"><img decoding=\"async\" src=\"http:\/\/www.cadexinc.com\/wp-content\/uploads\/2022\/08\/protective-equipment-2_2.png\" title=\"\" alt=\"\u00c9quipement de protection\" class=\"img-fluid border shadow-sm cdx_divisions\" \/><\/figure><\/center><\/div>\r\n<h3>\u00c9QUIPEMENT DE PROTECTION<\/h3>\r\n<\/a>\r\n<\/div>\r\n\r\n<div class=\"col-md-4\">\r\n<a href=\"https:\/\/cadexarmor.com\/\" target=\"_blank\" rel=\"noopener\">\r\n<div class=\"mb-3\"><center><figure class=\"figure\"><img decoding=\"async\" src=\"http:\/\/www.cadexinc.com\/wp-content\/uploads\/2022\/07\/armour-2.png\" title=\"\" alt=\"Armure\" class=\"img-fluid border shadow-sm cdx_divisions\" \/><\/figure><\/center><\/div>\r\n<h3>CADEX ARMOR<\/h3>\r\n<\/a>\r\n<\/div>\r\n<\/div>\r\n<\/div>","protected":false},"excerpt":{"rendered":"<p>Qui nous sommes CADEX, une soci\u00e9t\u00e9 priv\u00e9e en activit\u00e9 depuis 1994, est le leader mondial de la recherche, du d\u00e9veloppement et de la fabrication de syst\u00e8mes d'impact et de laboratoires d'essais \"cl\u00e9s en main\". La R&amp;D de notre division d'essais, combin\u00e9e \u00e0 nos d\u00e9partements de m\u00e9trologie et d'assurance qualit\u00e9, fournit constamment \u00e0 nos d\u00e9partements d'ing\u00e9nierie, d'\u00e9lectronique et de production des niveaux in\u00e9gal\u00e9s de soutien et de technologie [...]<\/p>","protected":false},"author":5,"featured_media":0,"parent":0,"menu_order":0,"comment_status":"closed","ping_status":"closed","template":"","meta":{"footnotes":""},"categories":[],"class_list":["post-9481","page","type-page","status-publish","hentry"],"_links":{"self":[{"href":"https:\/\/www.cadexinc.com\/fr\/wp-json\/wp\/v2\/pages\/9481","targetHints":{"allow":["GET"]}}],"collection":[{"href":"https:\/\/www.cadexinc.com\/fr\/wp-json\/wp\/v2\/pages"}],"about":[{"href":"https:\/\/www.cadexinc.com\/fr\/wp-json\/wp\/v2\/types\/page"}],"author":[{"embeddable":true,"href":"https:\/\/www.cadexinc.com\/fr\/wp-json\/wp\/v2\/users\/5"}],"replies":[{"embeddable":true,"href":"https:\/\/www.cadexinc.com\/fr\/wp-json\/wp\/v2\/comments?post=9481"}],"version-history":[{"count":10,"href":"https:\/\/www.cadexinc.com\/fr\/wp-json\/wp\/v2\/pages\/9481\/revisions"}],"predecessor-version":[{"id":9491,"href":"https:\/\/www.cadexinc.com\/fr\/wp-json\/wp\/v2\/pages\/9481\/revisions\/9491"}],"wp:attachment":[{"href":"https:\/\/www.cadexinc.com\/fr\/wp-json\/wp\/v2\/media?parent=9481"}],"wp:term":[{"taxonomy":"category","embeddable":true,"href":"https:\/\/www.cadexinc.com\/fr\/wp-json\/wp\/v2\/categories?post=9481"}],"curies":[{"name":"wp","href":"https:\/\/api.w.org\/{rel}","templated":true}]}}