{"id":93,"date":"2022-05-17T13:07:18","date_gmt":"2022-05-17T17:07:18","guid":{"rendered":"http:\/\/www.cadexinc.com\/?page_id=93"},"modified":"2026-03-17T10:59:22","modified_gmt":"2026-03-17T14:59:22","slug":"monorail-triaxial","status":"publish","type":"page","link":"https:\/\/www.cadexinc.com\/fr\/equipement\/machines\/machines-a-chocs\/monorail-triaxial\/","title":{"rendered":"Machine d\u2019impact \u00e0 monorail (triaxiale)"},"content":{"rendered":"<div data-elementor-type=\"wp-page\" data-elementor-id=\"93\" class=\"elementor elementor-93\">\n\t\t\t\t<div class=\"elementor-element elementor-element-70d89f6b elementor-hidden-desktop elementor-hidden-tablet e-flex e-con-boxed e-con e-parent\" data-id=\"70d89f6b\" data-element_type=\"container\">\n\t\t\t\t\t<div class=\"e-con-inner\">\n\t\t\t\t<div class=\"elementor-element elementor-element-b433250 elementor-widget__width-initial elementor-widget elementor-widget-html\" data-id=\"b433250\" data-element_type=\"widget\" data-widget_type=\"html.default\">\n\t\t\t\t<div class=\"elementor-widget-container\">\n\t\t\t\t\t<!-- vision begin -->\n<div class=\"vision-map vision-map-22\"data-json-src=\"https:\/\/www.cadexinc.com\/wp-content\/uploads\/vision\/22\/config.json\" data-item-id=\"22\" tabindex=\"1\" style=\"display:none;\" >\n<div class=\"vision-store\">\n<div class=\"vision-layers-data\">\n<div class=\"vision-layer\" data-layer-id=\"4334c20c\"><\/div>\n<div class=\"vision-layer\" data-layer-id=\"18ae5533\"><\/div>\n<div class=\"vision-layer\" data-layer-id=\"ad4f11da\"><\/div>\n<div class=\"vision-layer\" data-layer-id=\"e6aa6be8\"><\/div>\n<div class=\"vision-layer\" data-layer-id=\"4a37030c\"><\/div>\n<div class=\"vision-layer\" data-layer-id=\"934adb18\"><\/div>\n<\/div>\n<div class=\"vision-tooltips-data\">\n<div class=\"vision-data\" data-layer-id=\"4334c20c\"><p>T\u00e9l\u00e9commande<\/p><\/div>\n<div class=\"vision-data\" data-layer-id=\"18ae5533\"><p>Release system \/ Drop carriage<\/p><\/div>\n<div class=\"vision-data\" data-layer-id=\"ad4f11da\"><p>V\u00e9locim\u00e8tre (timegate) pour lecture de la vitesse<\/p><\/div>\n<div class=\"vision-data\" data-layer-id=\"e6aa6be8\"><p>Auto-retractable system to prevent a second impact and damages to the headforms<\/p><\/div>\n<div class=\"vision-data\" data-layer-id=\"4a37030c\"><p>Protective cage: to protect the operator<\/p><\/div>\n<div class=\"vision-data\" data-layer-id=\"934adb18\"><p>Panier : utilis\u00e9 pour soutenir les casques lors de l'impact en chute libre<\/p><\/div>\n<\/div>\n<div class=\"vision-popovers-data\">\n<div class=\"vision-data\" data-layer-id=\"4334c20c\"><p>R\u00e8gle la hauteur et la vitesse, lance le test, active les r\u00e9glages pr\u00e9programm\u00e9s et inclut l'arr\u00eat d'urgence.<\/p><\/div>\n<div class=\"vision-data\" data-layer-id=\"18ae5533\"><\/div>\n<div class=\"vision-data\" data-layer-id=\"ad4f11da\"><\/div>\n<div class=\"vision-data\" data-layer-id=\"e6aa6be8\"><\/div>\n<div class=\"vision-data\" data-layer-id=\"4a37030c\"><\/div>\n<div class=\"vision-data\" data-layer-id=\"934adb18\"><\/div>\n<\/div>\n<\/div>\n<\/div>\n<!-- vision end -->\n\t\t\t\t<\/div>\n\t\t\t\t<\/div>\n\t\t\t\t\t<\/div>\n\t\t\t\t<\/div>\n\t\t<div class=\"elementor-element elementor-element-8cd829a e-flex e-con-boxed e-con e-parent\" data-id=\"8cd829a\" data-element_type=\"container\">\n\t\t\t\t\t<div class=\"e-con-inner\">\n\t\t<div class=\"elementor-element elementor-element-3fe9bb4 e-con-full e-flex e-con e-child\" data-id=\"3fe9bb4\" data-element_type=\"container\">\n\t\t<div class=\"elementor-element elementor-element-d745d02 e-con-full e-flex e-con e-child\" data-id=\"d745d02\" data-element_type=\"container\">\n\t\t<div class=\"elementor-element elementor-element-7b47ab2 e-con-full equipment-main-right-block e-flex e-con e-child\" data-id=\"7b47ab2\" data-element_type=\"container\">\n\t\t<div class=\"elementor-element elementor-element-f87d3ca e-con-full e-flex e-con e-child\" data-id=\"f87d3ca\" data-element_type=\"container\">\n\t\t\t\t<div class=\"elementor-element elementor-element-1bc31f3 elementor-widget elementor-widget-text-editor\" data-id=\"1bc31f3\" data-element_type=\"widget\" data-widget_type=\"text-editor.default\">\n\t\t\t\t<div class=\"elementor-widget-container\">\n\t\t\t\t\t\t\t\t\t<p class=\"cdx-title\" style=\"text-align:justify;\">Machine d\u2019impact \u00e0 chute libre guid\u00e9e pour essais d\u2019acquisition triaxiale \/ rotationnelle, conforme aux normes ECE 22, EN 1077, EN 1078 ainsi qu\u2019\u00e0 d\u2019autres standards applicables.<\/p>\t\t\t\t\t\t\t\t<\/div>\n\t\t\t\t<\/div>\n\t\t\t\t<div class=\"elementor-element elementor-element-7892f93 equipment-sub-titles elementor-widget elementor-widget-heading\" data-id=\"7892f93\" data-element_type=\"widget\" data-widget_type=\"heading.default\">\n\t\t\t\t<div class=\"elementor-widget-container\">\n\t\t\t\t\t<h6 class=\"elementor-heading-title elementor-size-default\">DIMENSIONS (APPROX.) :<\/h6>\t\t\t\t<\/div>\n\t\t\t\t<\/div>\n\t\t\t\t<div class=\"elementor-element elementor-element-31a306a elementor-widget elementor-widget-text-editor\" data-id=\"31a306a\" data-element_type=\"widget\" data-widget_type=\"text-editor.default\">\n\t\t\t\t<div class=\"elementor-widget-container\">\n\t\t\t\t\t\t\t\t\t<ul class=\"special-list\">\n<li>Longueur de la base : 34,29 cm \/ 13,5 in<\/li>\n<li>Width of the base:\u00a0 \u00a069.85 cm \/ 27.5 in<\/li>\n<li>Height: 599.44 cm \/ 236 in\n(may vary depending on the base selected)<\/li>\n<\/ul>\t\t\t\t\t\t\t\t<\/div>\n\t\t\t\t<\/div>\n\t\t\t\t<div class=\"elementor-element elementor-element-1607b8d equipment-sub-titles elementor-widget elementor-widget-heading\" data-id=\"1607b8d\" data-element_type=\"widget\" data-widget_type=\"heading.default\">\n\t\t\t\t<div class=\"elementor-widget-container\">\n\t\t\t\t\t<h6 class=\"elementor-heading-title elementor-size-default\">EXIGENCES\u202f:<\/h6>\t\t\t\t<\/div>\n\t\t\t\t<\/div>\n\t\t\t\t<div class=\"elementor-element elementor-element-1de7e14 elementor-widget elementor-widget-text-editor\" data-id=\"1de7e14\" data-element_type=\"widget\" data-widget_type=\"text-editor.default\">\n\t\t\t\t<div class=\"elementor-widget-container\">\n\t\t\t\t\t\t\t\t\t<ul class=\"special-list\">\n<li>Alimentation : 110v\/220v - 50\/60 Hz<\/li>\n<li>Alimentation en air constante : 80 psi \u00e0 1 cfm<\/li>\n<\/ul>\t\t\t\t\t\t\t\t<\/div>\n\t\t\t\t<\/div>\n\t\t\t\t<div class=\"elementor-element elementor-element-a898d1e equipment-sub-titles elementor-widget elementor-widget-heading\" data-id=\"a898d1e\" data-element_type=\"widget\" data-widget_type=\"heading.default\">\n\t\t\t\t<div class=\"elementor-widget-container\">\n\t\t\t\t\t<h6 class=\"elementor-heading-title elementor-size-default\">APPLICATION:<\/h6>\t\t\t\t<\/div>\n\t\t\t\t<\/div>\n\t\t\t\t<div class=\"elementor-element elementor-element-95d1699 elementor-widget elementor-widget-text-editor\" data-id=\"95d1699\" data-element_type=\"widget\" data-widget_type=\"text-editor.default\">\n\t\t\t\t<div class=\"elementor-widget-container\">\n\t\t\t\t\t\t\t\t\t<ul class=\"special-list\">\n<li>Triaxial impact testing<\/li>\n<li>Rotational impact testing<\/li>\n<\/ul>\t\t\t\t\t\t\t\t<\/div>\n\t\t\t\t<\/div>\n\t\t\t\t<div class=\"elementor-element elementor-element-ab7ea3e equipment-sub-titles elementor-widget elementor-widget-heading\" data-id=\"ab7ea3e\" data-element_type=\"widget\" data-widget_type=\"heading.default\">\n\t\t\t\t<div class=\"elementor-widget-container\">\n\t\t\t\t\t<h6 class=\"elementor-heading-title elementor-size-default\">CARACT\u00c9RISTIQUES\u202f:<\/h6>\t\t\t\t<\/div>\n\t\t\t\t<\/div>\n\t\t\t\t<div class=\"elementor-element elementor-element-e4ca893 elementor-widget elementor-widget-text-editor\" data-id=\"e4ca893\" data-element_type=\"widget\" data-widget_type=\"text-editor.default\">\n\t\t\t\t<div class=\"elementor-widget-container\">\n\t\t\t\t\t\t\t\t\t<strong>Syst\u00e8me enti\u00e8rement motoris\u00e9<\/strong>\n<ul class=\"special-list number-and-bullet-list\">\n \t<li>Controller: sets the height and speed, initiates the test, activates pre-programmed settings and includes the emergency stop<\/li>\n \t<li>Release system \/ Drop carriage<\/li>\n \t<li>V\u00e9locim\u00e8tre (timegate) pour lecture de la vitesse<\/li>\n \t<li>Auto-retractable system to prevent a second impact and damages to the headforms<\/li>\n<\/ul>\t\t\t\t\t\t\t\t<\/div>\n\t\t\t\t<\/div>\n\t\t\t\t<div class=\"elementor-element elementor-element-562816c equipment-sub-titles elementor-widget elementor-widget-heading\" data-id=\"562816c\" data-element_type=\"widget\" data-widget_type=\"heading.default\">\n\t\t\t\t<div class=\"elementor-widget-container\">\n\t\t\t\t\t<h6 class=\"elementor-heading-title elementor-size-default\">ACCESSOIRES OPTIONNELS :<\/h6>\t\t\t\t<\/div>\n\t\t\t\t<\/div>\n\t\t\t\t<div class=\"elementor-element elementor-element-acc8280 elementor-widget elementor-widget-text-editor\" data-id=\"acc8280\" data-element_type=\"widget\" data-widget_type=\"text-editor.default\">\n\t\t\t\t<div class=\"elementor-widget-container\">\n\t\t\t\t\t\t\t\t\t<ul class=\"special-list number-and-bullet-list start-5\">\n \t<li>Protective cage: to protect the operator<\/li>\n \t<li>Panier : utilis\u00e9 pour soutenir les casques lors de l'impact en chute libre<\/li>\n<\/ul>\n<ul class=\"special-list\">\n \t<li>Tampon MEP<\/li>\n \t<li>Multipurpose support plate<\/li>\n \t<li>Base weight available: 500 kg &#8211; 1000 kg<\/li>\n<\/ul>\n<p class=\"cdx-tooltip pt-3 text-danger text-start fst-italic fs-7\">*Passez la souris sur les num\u00e9ros de l\u2019image pour afficher une info-bulle avec la description.<\/p>\t\t\t\t\t\t\t\t<\/div>\n\t\t\t\t<\/div>\n\t\t\t\t<\/div>\n\t\t\t\t<\/div>\n\t\t\t\t<\/div>\n\t\t<div class=\"elementor-element elementor-element-8c3a168 e-con-full e-flex e-con e-child\" data-id=\"8c3a168\" data-element_type=\"container\">\n\t\t\t\t<div class=\"elementor-element elementor-element-6261523 elementor-widget__width-initial elementor-hidden-mobile elementor-widget elementor-widget-html\" data-id=\"6261523\" data-element_type=\"widget\" data-widget_type=\"html.default\">\n\t\t\t\t<div class=\"elementor-widget-container\">\n\t\t\t\t\t<!-- vision begin -->\n<div class=\"vision-map vision-map-22\"data-json-src=\"https:\/\/www.cadexinc.com\/wp-content\/uploads\/vision\/22\/config.json\" data-item-id=\"22\" tabindex=\"1\" style=\"display:none;\" >\n<div class=\"vision-store\">\n<div class=\"vision-layers-data\">\n<div class=\"vision-layer\" data-layer-id=\"4334c20c\"><\/div>\n<div class=\"vision-layer\" data-layer-id=\"18ae5533\"><\/div>\n<div class=\"vision-layer\" data-layer-id=\"ad4f11da\"><\/div>\n<div class=\"vision-layer\" data-layer-id=\"e6aa6be8\"><\/div>\n<div class=\"vision-layer\" data-layer-id=\"4a37030c\"><\/div>\n<div class=\"vision-layer\" data-layer-id=\"934adb18\"><\/div>\n<\/div>\n<div class=\"vision-tooltips-data\">\n<div class=\"vision-data\" data-layer-id=\"4334c20c\"><p>T\u00e9l\u00e9commande<\/p><\/div>\n<div class=\"vision-data\" data-layer-id=\"18ae5533\"><p>Release system \/ Drop carriage<\/p><\/div>\n<div class=\"vision-data\" data-layer-id=\"ad4f11da\"><p>V\u00e9locim\u00e8tre (timegate) pour lecture de la vitesse<\/p><\/div>\n<div class=\"vision-data\" data-layer-id=\"e6aa6be8\"><p>Auto-retractable system to prevent a second impact and damages to the headforms<\/p><\/div>\n<div class=\"vision-data\" data-layer-id=\"4a37030c\"><p>Protective cage: to protect the operator<\/p><\/div>\n<div class=\"vision-data\" data-layer-id=\"934adb18\"><p>Panier : utilis\u00e9 pour soutenir les casques lors de l'impact en chute libre<\/p><\/div>\n<\/div>\n<div class=\"vision-popovers-data\">\n<div class=\"vision-data\" data-layer-id=\"4334c20c\"><p>R\u00e8gle la hauteur et la vitesse, lance le test, active les r\u00e9glages pr\u00e9programm\u00e9s et inclut l'arr\u00eat d'urgence.<\/p><\/div>\n<div class=\"vision-data\" data-layer-id=\"18ae5533\"><\/div>\n<div class=\"vision-data\" data-layer-id=\"ad4f11da\"><\/div>\n<div class=\"vision-data\" data-layer-id=\"e6aa6be8\"><\/div>\n<div class=\"vision-data\" data-layer-id=\"4a37030c\"><\/div>\n<div class=\"vision-data\" data-layer-id=\"934adb18\"><\/div>\n<\/div>\n<\/div>\n<\/div>\n<!-- vision end -->\n\t\t\t\t<\/div>\n\t\t\t\t<\/div>\n\t\t\t\t<\/div>\n\t\t\t\t<\/div>\n\t\t\t\t\t<\/div>\n\t\t\t\t<\/div>\n\t\t\t\t<\/div>","protected":false},"excerpt":{"rendered":"<p>Free fall guided impact machine for triaxial\/rotational acquisition test which complies with ECE 22, EN 1077, EN 1078 and other standards. DIMENSIONS (APPROX.): Length of the base: 34.29 cm \/ 13.5 in Width of the base:\u00a0 \u00a069.85 cm \/ 27.5 in Height: 599.44 cm \/ 236 in (may vary depending on the base selected) REQUIREMENTS: [&hellip;]<\/p>","protected":false},"author":5,"featured_media":0,"parent":3180,"menu_order":0,"comment_status":"closed","ping_status":"closed","template":"","meta":{"footnotes":""},"categories":[36],"class_list":["post-93","page","type-page","status-publish","hentry","category-impact-machines"],"_links":{"self":[{"href":"https:\/\/www.cadexinc.com\/fr\/wp-json\/wp\/v2\/pages\/93","targetHints":{"allow":["GET"]}}],"collection":[{"href":"https:\/\/www.cadexinc.com\/fr\/wp-json\/wp\/v2\/pages"}],"about":[{"href":"https:\/\/www.cadexinc.com\/fr\/wp-json\/wp\/v2\/types\/page"}],"author":[{"embeddable":true,"href":"https:\/\/www.cadexinc.com\/fr\/wp-json\/wp\/v2\/users\/5"}],"replies":[{"embeddable":true,"href":"https:\/\/www.cadexinc.com\/fr\/wp-json\/wp\/v2\/comments?post=93"}],"version-history":[{"count":150,"href":"https:\/\/www.cadexinc.com\/fr\/wp-json\/wp\/v2\/pages\/93\/revisions"}],"predecessor-version":[{"id":20980,"href":"https:\/\/www.cadexinc.com\/fr\/wp-json\/wp\/v2\/pages\/93\/revisions\/20980"}],"up":[{"embeddable":true,"href":"https:\/\/www.cadexinc.com\/fr\/wp-json\/wp\/v2\/pages\/3180"}],"wp:attachment":[{"href":"https:\/\/www.cadexinc.com\/fr\/wp-json\/wp\/v2\/media?parent=93"}],"wp:term":[{"taxonomy":"category","embeddable":true,"href":"https:\/\/www.cadexinc.com\/fr\/wp-json\/wp\/v2\/categories?post=93"}],"curies":[{"name":"wp","href":"https:\/\/api.w.org\/{rel}","templated":true}]}}