{"id":9175,"date":"2022-12-09T09:23:37","date_gmt":"2022-12-09T14:23:37","guid":{"rendered":"http:\/\/www.cadexinc.com\/?page_id=9175"},"modified":"2026-03-17T12:39:27","modified_gmt":"2026-03-17T16:39:27","slug":"machine-a-balancoires","status":"publish","type":"page","link":"https:\/\/www.cadexinc.com\/fr\/equipement\/machines\/machines-a-chocs\/machine-a-balancoires\/","title":{"rendered":"Machine \u00e0 balan\u00e7oire"},"content":{"rendered":"<div data-elementor-type=\"wp-page\" data-elementor-id=\"9175\" class=\"elementor elementor-9175\">\n\t\t\t\t<div class=\"elementor-element elementor-element-5eb97b0f elementor-hidden-desktop elementor-hidden-tablet e-flex e-con-boxed e-con e-parent\" data-id=\"5eb97b0f\" data-element_type=\"container\">\n\t\t\t\t\t<div class=\"e-con-inner\">\n\t\t\t\t<div class=\"elementor-element elementor-element-6ec439b elementor-widget elementor-widget-image\" data-id=\"6ec439b\" data-element_type=\"widget\" data-widget_type=\"image.default\">\n\t\t\t\t<div class=\"elementor-widget-container\">\n\t\t\t\t\t\t\t\t\t\t\t\t\t\t\t<img fetchpriority=\"high\" decoding=\"async\" width=\"678\" height=\"1024\" src=\"https:\/\/www.cadexinc.com\/wp-content\/uploads\/2022\/12\/SB256-1-678x1024.jpg\" class=\"attachment-large size-large wp-image-9187\" alt=\"\" srcset=\"https:\/\/www.cadexinc.com\/wp-content\/uploads\/2022\/12\/SB256-1-678x1024.jpg 678w, https:\/\/www.cadexinc.com\/wp-content\/uploads\/2022\/12\/SB256-1-199x300.jpg 199w, https:\/\/www.cadexinc.com\/wp-content\/uploads\/2022\/12\/SB256-1-768x1160.jpg 768w, https:\/\/www.cadexinc.com\/wp-content\/uploads\/2022\/12\/SB256-1-1017x1536.jpg 1017w, https:\/\/www.cadexinc.com\/wp-content\/uploads\/2022\/12\/SB256-1-1356x2048.jpg 1356w, https:\/\/www.cadexinc.com\/wp-content\/uploads\/2022\/12\/SB256-1-416x628.jpg 416w, https:\/\/www.cadexinc.com\/wp-content\/uploads\/2022\/12\/SB256-1-scaled.jpg 1696w\" sizes=\"(max-width: 678px) 100vw, 678px\" \/>\t\t\t\t\t\t\t\t\t\t\t\t\t\t\t<\/div>\n\t\t\t\t<\/div>\n\t\t\t\t\t<\/div>\n\t\t\t\t<\/div>\n\t\t<div class=\"elementor-element elementor-element-dad8252 e-flex e-con-boxed e-con e-parent\" data-id=\"dad8252\" data-element_type=\"container\">\n\t\t\t\t\t<div class=\"e-con-inner\">\n\t\t<div class=\"elementor-element elementor-element-eeda83c e-con-full e-flex e-con e-child\" data-id=\"eeda83c\" data-element_type=\"container\">\n\t\t<div class=\"elementor-element elementor-element-a67aa90 e-con-full e-flex e-con e-child\" data-id=\"a67aa90\" data-element_type=\"container\">\n\t\t<div class=\"elementor-element elementor-element-e41af15 e-con-full equipment-main-right-block e-flex e-con e-child\" data-id=\"e41af15\" data-element_type=\"container\">\n\t\t<div class=\"elementor-element elementor-element-fe39637 e-con-full e-flex e-con e-child\" data-id=\"fe39637\" data-element_type=\"container\">\n\t\t\t\t<div class=\"elementor-element elementor-element-b9ac554 elementor-widget elementor-widget-text-editor\" data-id=\"b9ac554\" data-element_type=\"widget\" data-widget_type=\"text-editor.default\">\n\t\t\t\t<div class=\"elementor-widget-container\">\n\t\t\t\t\t\t\t\t\t<p class=\"cdx-title cdx-text-align-justify\">La machine \u00e0 balan\u00e7oire de Cadex est con\u00e7ue conform\u00e9ment aux exigences de la norme de s\u00e9curit\u00e9 ISO 8124-4. Cet \u00e9quipement est \u00e9galement personnalisable pour r\u00e9pondre \u00e0 de nombreuses autres normes. La machine \u00e0 balan\u00e7oire est enti\u00e8rement r\u00e9glable.<\/p>\t\t\t\t\t\t\t\t<\/div>\n\t\t\t\t<\/div>\n\t\t\t\t<div class=\"elementor-element elementor-element-a5ee39c equipment-sub-titles elementor-widget elementor-widget-heading\" data-id=\"a5ee39c\" data-element_type=\"widget\" data-widget_type=\"heading.default\">\n\t\t\t\t<div class=\"elementor-widget-container\">\n\t\t\t\t\t<h6 class=\"elementor-heading-title elementor-size-default\">DIMENSIONS (APPROX.) :<\/h6>\t\t\t\t<\/div>\n\t\t\t\t<\/div>\n\t\t\t\t<div class=\"elementor-element elementor-element-9a2da10 elementor-widget elementor-widget-text-editor\" data-id=\"9a2da10\" data-element_type=\"widget\" data-widget_type=\"text-editor.default\">\n\t\t\t\t<div class=\"elementor-widget-container\">\n\t\t\t\t\t\t\t\t\t<ul class=\"special-list\">\n \t<li>Longueur : 193,04 cm \/ 76 in<\/li>\n \t<li>Width:\u00a0 \u00a0155.27 cm \/ 61.13 in<\/li>\n \t<li>Height:\u00a0 307.04 cm \/ 120.88 in<\/li>\n<\/ul>\t\t\t\t\t\t\t\t<\/div>\n\t\t\t\t<\/div>\n\t\t\t\t<div class=\"elementor-element elementor-element-e55d8ca equipment-sub-titles elementor-widget elementor-widget-heading\" data-id=\"e55d8ca\" data-element_type=\"widget\" data-widget_type=\"heading.default\">\n\t\t\t\t<div class=\"elementor-widget-container\">\n\t\t\t\t\t<h6 class=\"elementor-heading-title elementor-size-default\">EXIGENCES\u202f:<\/h6>\t\t\t\t<\/div>\n\t\t\t\t<\/div>\n\t\t\t\t<div class=\"elementor-element elementor-element-cae057b elementor-widget elementor-widget-text-editor\" data-id=\"cae057b\" data-element_type=\"widget\" data-widget_type=\"text-editor.default\">\n\t\t\t\t<div class=\"elementor-widget-container\">\n\t\t\t\t\t\t\t\t\t<ul class=\"special-list\">\n<li>Power: 110v\/220v \u2013 50\/60 Hz<\/li>\n<\/ul>\t\t\t\t\t\t\t\t<\/div>\n\t\t\t\t<\/div>\n\t\t\t\t<div class=\"elementor-element elementor-element-88fb9f6 equipment-sub-titles elementor-widget elementor-widget-heading\" data-id=\"88fb9f6\" data-element_type=\"widget\" data-widget_type=\"heading.default\">\n\t\t\t\t<div class=\"elementor-widget-container\">\n\t\t\t\t\t<h6 class=\"elementor-heading-title elementor-size-default\">CARACT\u00c9RISTIQUES\u202f:<\/h6>\t\t\t\t<\/div>\n\t\t\t\t<\/div>\n\t\t\t\t<div class=\"elementor-element elementor-element-171ba58 elementor-widget elementor-widget-text-editor\" data-id=\"171ba58\" data-element_type=\"widget\" data-widget_type=\"text-editor.default\">\n\t\t\t\t<div class=\"elementor-widget-container\">\n\t\t\t\t\t\t\t\t\t<ul class=\"special-list\">\n<li>Contr\u00f4leur \u00e0 \u00e9cran tactile<\/li>\n<li>Hauteur d'impact r\u00e9glable<\/li>\n<li>Customizable chain length &amp; width<\/li>\n<li>Diff\u00e9rents types d'impacteurs<\/li>\n<li>Alignement pr\u00e9cis de l'angle d'impact<\/li>\n<\/ul>\t\t\t\t\t\t\t\t<\/div>\n\t\t\t\t<\/div>\n\t\t\t\t<\/div>\n\t\t\t\t<\/div>\n\t\t<div class=\"elementor-element elementor-element-2d1a1f1 e-con-full e-grid equipment-page-multi-image-box e-con e-child\" data-id=\"2d1a1f1\" data-element_type=\"container\">\n\t\t<div class=\"elementor-element elementor-element-e41dbdb e-grid e-con-full equipment-images-left-block e-con e-child\" data-id=\"e41dbdb\" data-element_type=\"container\">\n\t\t\t\t<div class=\"elementor-element elementor-element-e1f8d65 elementor-widget elementor-widget-image\" data-id=\"e1f8d65\" data-element_type=\"widget\" data-widget_type=\"image.default\">\n\t\t\t\t<div class=\"elementor-widget-container\">\n\t\t\t\t\t\t\t\t\t\t\t\t<figure class=\"wp-caption\">\n\t\t\t\t\t\t\t\t\t\t<img decoding=\"async\" width=\"980\" height=\"584\" src=\"https:\/\/www.cadexinc.com\/wp-content\/uploads\/2022\/12\/SB256-2-1024x610.jpg\" class=\"attachment-large size-large wp-image-9192\" alt=\"\" srcset=\"https:\/\/www.cadexinc.com\/wp-content\/uploads\/2022\/12\/SB256-2-1024x610.jpg 1024w, https:\/\/www.cadexinc.com\/wp-content\/uploads\/2022\/12\/SB256-2-300x179.jpg 300w, https:\/\/www.cadexinc.com\/wp-content\/uploads\/2022\/12\/SB256-2-768x458.jpg 768w, https:\/\/www.cadexinc.com\/wp-content\/uploads\/2022\/12\/SB256-2-1536x915.jpg 1536w, https:\/\/www.cadexinc.com\/wp-content\/uploads\/2022\/12\/SB256-2-416x248.jpg 416w, https:\/\/www.cadexinc.com\/wp-content\/uploads\/2022\/12\/SB256-2.jpg 2000w\" sizes=\"(max-width: 980px) 100vw, 980px\" \/>\t\t\t\t\t\t\t\t\t\t\t<figcaption class=\"widget-image-caption wp-caption-text\">Contr\u00f4leur \u00e0 \u00e9cran tactile<\/figcaption>\n\t\t\t\t\t\t\t\t\t\t<\/figure>\n\t\t\t\t\t\t\t\t\t<\/div>\n\t\t\t\t<\/div>\n\t\t\t\t<\/div>\n\t\t\t\t<div class=\"elementor-element elementor-element-549d951 elementor-widget elementor-widget-image\" data-id=\"549d951\" data-element_type=\"widget\" data-widget_type=\"image.default\">\n\t\t\t\t<div class=\"elementor-widget-container\">\n\t\t\t\t\t\t\t\t\t\t\t\t<figure class=\"wp-caption\">\n\t\t\t\t\t\t\t\t\t\t<img decoding=\"async\" width=\"980\" height=\"584\" src=\"https:\/\/www.cadexinc.com\/wp-content\/uploads\/2023\/07\/SB256-3-1024x610.webp\" class=\"attachment-large size-large wp-image-14542\" alt=\"\" srcset=\"https:\/\/www.cadexinc.com\/wp-content\/uploads\/2023\/07\/SB256-3-1024x610.webp 1024w, https:\/\/www.cadexinc.com\/wp-content\/uploads\/2023\/07\/SB256-3-300x179.webp 300w, https:\/\/www.cadexinc.com\/wp-content\/uploads\/2023\/07\/SB256-3-768x458.webp 768w, https:\/\/www.cadexinc.com\/wp-content\/uploads\/2023\/07\/SB256-3-1536x915.webp 1536w, https:\/\/www.cadexinc.com\/wp-content\/uploads\/2023\/07\/SB256-3-416x248.webp 416w, https:\/\/www.cadexinc.com\/wp-content\/uploads\/2023\/07\/SB256-3.webp 2000w\" sizes=\"(max-width: 980px) 100vw, 980px\" \/>\t\t\t\t\t\t\t\t\t\t\t<figcaption class=\"widget-image-caption wp-caption-text\">Angle pr\u00e9r\u00e9gl\u00e9 enti\u00e8rement ajustable<\/figcaption>\n\t\t\t\t\t\t\t\t\t\t<\/figure>\n\t\t\t\t\t\t\t\t\t<\/div>\n\t\t\t\t<\/div>\n\t\t\t\t<\/div>\n\t\t\t\t<\/div>\n\t\t<div class=\"elementor-element elementor-element-2410304 e-con-full e-flex e-con e-child\" data-id=\"2410304\" data-element_type=\"container\">\n\t\t\t\t<div class=\"elementor-element elementor-element-d366fbc elementor-hidden-mobile elementor-widget elementor-widget-image\" data-id=\"d366fbc\" data-element_type=\"widget\" data-widget_type=\"image.default\">\n\t\t\t\t<div class=\"elementor-widget-container\">\n\t\t\t\t\t\t\t\t\t\t\t\t\t\t\t<img fetchpriority=\"high\" decoding=\"async\" width=\"678\" height=\"1024\" src=\"https:\/\/www.cadexinc.com\/wp-content\/uploads\/2022\/12\/SB256-1-678x1024.jpg\" class=\"attachment-large size-large wp-image-9187\" alt=\"\" srcset=\"https:\/\/www.cadexinc.com\/wp-content\/uploads\/2022\/12\/SB256-1-678x1024.jpg 678w, https:\/\/www.cadexinc.com\/wp-content\/uploads\/2022\/12\/SB256-1-199x300.jpg 199w, https:\/\/www.cadexinc.com\/wp-content\/uploads\/2022\/12\/SB256-1-768x1160.jpg 768w, https:\/\/www.cadexinc.com\/wp-content\/uploads\/2022\/12\/SB256-1-1017x1536.jpg 1017w, https:\/\/www.cadexinc.com\/wp-content\/uploads\/2022\/12\/SB256-1-1356x2048.jpg 1356w, https:\/\/www.cadexinc.com\/wp-content\/uploads\/2022\/12\/SB256-1-416x628.jpg 416w, https:\/\/www.cadexinc.com\/wp-content\/uploads\/2022\/12\/SB256-1-scaled.jpg 1696w\" sizes=\"(max-width: 678px) 100vw, 678px\" \/>\t\t\t\t\t\t\t\t\t\t\t\t\t\t\t<\/div>\n\t\t\t\t<\/div>\n\t\t\t\t<\/div>\n\t\t\t\t<\/div>\n\t\t\t\t\t<\/div>\n\t\t\t\t<\/div>\n\t\t<div class=\"elementor-element elementor-element-74aabea e-flex e-con-boxed e-con e-parent\" data-id=\"74aabea\" data-element_type=\"container\">\n\t\t\t\t\t<div class=\"e-con-inner\">\n\t\t\t\t\t<\/div>\n\t\t\t\t<\/div>\n\t\t\t\t<\/div>","protected":false},"excerpt":{"rendered":"<p>The Cadex\u2019s swing set machine is designed in accordance ISO 8124-4 safety standard requirements. This equipment is also customizable for many other standards. The swing set machine is fully adjustable. DIMENSIONS (APPROX.): Length: 193.04 cm \/ 76 in Width:\u00a0 \u00a0155.27 cm \/ 61.13 in Height:\u00a0 307.04 cm \/ 120.88 in REQUIREMENTS: Power: 110v\/220v \u2013 50\/60 [&hellip;]<\/p>","protected":false},"author":5,"featured_media":9189,"parent":3180,"menu_order":0,"comment_status":"closed","ping_status":"closed","template":"","meta":{"footnotes":""},"categories":[36],"class_list":["post-9175","page","type-page","status-publish","has-post-thumbnail","hentry","category-impact-machines"],"_links":{"self":[{"href":"https:\/\/www.cadexinc.com\/fr\/wp-json\/wp\/v2\/pages\/9175","targetHints":{"allow":["GET"]}}],"collection":[{"href":"https:\/\/www.cadexinc.com\/fr\/wp-json\/wp\/v2\/pages"}],"about":[{"href":"https:\/\/www.cadexinc.com\/fr\/wp-json\/wp\/v2\/types\/page"}],"author":[{"embeddable":true,"href":"https:\/\/www.cadexinc.com\/fr\/wp-json\/wp\/v2\/users\/5"}],"replies":[{"embeddable":true,"href":"https:\/\/www.cadexinc.com\/fr\/wp-json\/wp\/v2\/comments?post=9175"}],"version-history":[{"count":37,"href":"https:\/\/www.cadexinc.com\/fr\/wp-json\/wp\/v2\/pages\/9175\/revisions"}],"predecessor-version":[{"id":21010,"href":"https:\/\/www.cadexinc.com\/fr\/wp-json\/wp\/v2\/pages\/9175\/revisions\/21010"}],"up":[{"embeddable":true,"href":"https:\/\/www.cadexinc.com\/fr\/wp-json\/wp\/v2\/pages\/3180"}],"wp:featuredmedia":[{"embeddable":true,"href":"https:\/\/www.cadexinc.com\/fr\/wp-json\/wp\/v2\/media\/9189"}],"wp:attachment":[{"href":"https:\/\/www.cadexinc.com\/fr\/wp-json\/wp\/v2\/media?parent=9175"}],"wp:term":[{"taxonomy":"category","embeddable":true,"href":"https:\/\/www.cadexinc.com\/fr\/wp-json\/wp\/v2\/categories?post=9175"}],"curies":[{"name":"wp","href":"https:\/\/api.w.org\/{rel}","templated":true}]}}