{"id":91,"date":"2022-05-17T13:05:17","date_gmt":"2022-05-17T17:05:17","guid":{"rendered":"http:\/\/www.cadexinc.com\/?page_id=91"},"modified":"2026-03-17T09:28:09","modified_gmt":"2026-03-17T13:28:09","slug":"monorail-uniaxial","status":"publish","type":"page","link":"https:\/\/www.cadexinc.com\/fr\/equipement\/machines\/machines-a-chocs\/monorail-uniaxial\/","title":{"rendered":"Machine d\u2019impact \u00e0 monorail"},"content":{"rendered":"<div data-elementor-type=\"wp-page\" data-elementor-id=\"91\" class=\"elementor elementor-91\">\n\t\t\t\t<div class=\"elementor-element elementor-element-41a06ca1 elementor-hidden-desktop elementor-hidden-tablet e-flex e-con-boxed e-con e-parent\" data-id=\"41a06ca1\" data-element_type=\"container\">\n\t\t\t\t\t<div class=\"e-con-inner\">\n\t\t\t\t<div class=\"elementor-element elementor-element-0e15da0 elementor-widget elementor-widget-html\" data-id=\"0e15da0\" data-element_type=\"widget\" data-widget_type=\"html.default\">\n\t\t\t\t<div class=\"elementor-widget-container\">\n\t\t\t\t\t<!-- vision begin -->\n<div class=\"vision-map vision-map-27\"data-json-src=\"https:\/\/www.cadexinc.com\/wp-content\/uploads\/vision\/27\/config.json?ver=1772741355\" data-item-id=\"27\" tabindex=\"1\" style=\"display:none;\" >\n<div class=\"vision-store\">\n<div class=\"vision-layers-data\">\n<div class=\"vision-layer\" data-layer-id=\"4334c20c\"><\/div>\n<div class=\"vision-layer\" data-layer-id=\"18ae5533\"><\/div>\n<div class=\"vision-layer\" data-layer-id=\"e6aa6be8\"><\/div>\n<div class=\"vision-layer\" data-layer-id=\"ad4f11da\"><\/div>\n<div class=\"vision-layer\" data-layer-id=\"0b351c43\"><\/div>\n<div class=\"vision-layer\" data-layer-id=\"934adb18\"><\/div>\n<\/div>\n<div class=\"vision-tooltips-data\">\n<div class=\"vision-data\" data-layer-id=\"4334c20c\"><p>Controller: sets the height, initiates the test, activates pre-programmed settings and includes the emergency stop<\/p><\/div>\n<div class=\"vision-data\" data-layer-id=\"18ae5533\"><p>Release system \/ Drop carriage<\/p><\/div>\n<div class=\"vision-data\" data-layer-id=\"e6aa6be8\"><p>Suiveur de chute \/ D\u00e9clencheur de chute<\/p><\/div>\n<div class=\"vision-data\" data-layer-id=\"ad4f11da\"><p>V\u00e9locim\u00e8tre (timegate) pour lecture de la vitesse<\/p><\/div>\n<div class=\"vision-data\" data-layer-id=\"0b351c43\"><p>Integrated encoder measuring the drop height<\/p><\/div>\n<div class=\"vision-data\" data-layer-id=\"934adb18\"><p>Enclumes interchangeables rapidement et facilement<\/p><\/div>\n<\/div>\n<div class=\"vision-popovers-data\">\n<div class=\"vision-data\" data-layer-id=\"4334c20c\"><p>Controller: sets the height, initiates the test, activates pre-programmed settings and includes the emergency stop<\/p><\/div>\n<div class=\"vision-data\" data-layer-id=\"18ae5533\"><p>Release system \/ Drop carriage<\/p><\/div>\n<div class=\"vision-data\" data-layer-id=\"e6aa6be8\"><\/div>\n<div class=\"vision-data\" data-layer-id=\"ad4f11da\"><\/div>\n<div class=\"vision-data\" data-layer-id=\"0b351c43\"><p>Integrated encoder measuring the drop height<\/p><\/div>\n<div class=\"vision-data\" data-layer-id=\"934adb18\"><\/div>\n<\/div>\n<\/div>\n<\/div>\n<!-- vision end -->\n\n<p class=\"d-flex p-2 mx-auto align-items-center text-dark fs-7 justify-content-center fst-italic\">Mod\u00e8le uniaxial pr\u00e9sent\u00e9<\/p>\t\t\t\t<\/div>\n\t\t\t\t<\/div>\n\t\t\t\t\t<\/div>\n\t\t\t\t<\/div>\n\t\t<div class=\"elementor-element elementor-element-eb000b9 e-flex e-con-boxed e-con e-parent\" data-id=\"eb000b9\" data-element_type=\"container\">\n\t\t\t\t\t<div class=\"e-con-inner\">\n\t\t<div class=\"elementor-element elementor-element-17eb77e e-con-full e-flex e-con e-child\" data-id=\"17eb77e\" data-element_type=\"container\">\n\t\t<div class=\"elementor-element elementor-element-42c0146 e-con-full e-flex e-con e-child\" data-id=\"42c0146\" data-element_type=\"container\">\n\t\t<div class=\"elementor-element elementor-element-5dffa61 e-con-full equipment-main-right-block e-flex e-con e-child\" data-id=\"5dffa61\" data-element_type=\"container\">\n\t\t<div class=\"elementor-element elementor-element-d330159 e-con-full e-flex e-con e-child\" data-id=\"d330159\" data-element_type=\"container\">\n\t\t\t\t<div class=\"elementor-element elementor-element-508f87b elementor-widget elementor-widget-text-editor\" data-id=\"508f87b\" data-element_type=\"widget\" data-widget_type=\"text-editor.default\">\n\t\t\t\t<div class=\"elementor-widget-container\">\n\t\t\t\t\t\t\t\t\t<p class=\"cdx-title\">Machine d\u2019impact guid\u00e9e \u00e0 chute libre pour les essais d\u2019acquisition d\u2019att\u00e9nuation uniaxiale, conforme aux normes SNELL, CPSC, DOT, ASTM, ANSI et \u00e0 d\u2019autres standards applicables.<\/p>\t\t\t\t\t\t\t\t<\/div>\n\t\t\t\t<\/div>\n\t\t\t\t<div class=\"elementor-element elementor-element-6630c3c equipment-sub-titles elementor-widget elementor-widget-heading\" data-id=\"6630c3c\" data-element_type=\"widget\" data-widget_type=\"heading.default\">\n\t\t\t\t<div class=\"elementor-widget-container\">\n\t\t\t\t\t<h6 class=\"elementor-heading-title elementor-size-default\">DIMENSIONS (APPROX.) :<\/h6>\t\t\t\t<\/div>\n\t\t\t\t<\/div>\n\t\t\t\t<div class=\"elementor-element elementor-element-0458286 elementor-widget elementor-widget-text-editor\" data-id=\"0458286\" data-element_type=\"widget\" data-widget_type=\"text-editor.default\">\n\t\t\t\t<div class=\"elementor-widget-container\">\n\t\t\t\t\t\t\t\t\t<ul class=\"special-list\">\n<li>Longueur de la base : 34,29 cm \/ 13,5 in<\/li>\n<li>Largeur de la base : 69,85 cm \/ 27,5 in\n<\/li>\n<li>Height: 599.44 cm \/ 236 in (may vary depending on the base selected)<\/li>\n<\/ul>\t\t\t\t\t\t\t\t<\/div>\n\t\t\t\t<\/div>\n\t\t\t\t<div class=\"elementor-element elementor-element-d7c405f equipment-sub-titles elementor-widget elementor-widget-heading\" data-id=\"d7c405f\" data-element_type=\"widget\" data-widget_type=\"heading.default\">\n\t\t\t\t<div class=\"elementor-widget-container\">\n\t\t\t\t\t<h6 class=\"elementor-heading-title elementor-size-default\">EXIGENCES\u202f:<\/h6>\t\t\t\t<\/div>\n\t\t\t\t<\/div>\n\t\t\t\t<div class=\"elementor-element elementor-element-112c4a8 elementor-widget elementor-widget-text-editor\" data-id=\"112c4a8\" data-element_type=\"widget\" data-widget_type=\"text-editor.default\">\n\t\t\t\t<div class=\"elementor-widget-container\">\n\t\t\t\t\t\t\t\t\t<ul class=\"special-list\">\n<li>Alimentation : 110v\/220v - 50\/60 Hz<\/li>\n<li>Alimentation en air constante : 80 psi \u00e0 1 cfm<\/li>\n<\/ul>\t\t\t\t\t\t\t\t<\/div>\n\t\t\t\t<\/div>\n\t\t\t\t<div class=\"elementor-element elementor-element-ee31734 equipment-sub-titles elementor-widget elementor-widget-heading\" data-id=\"ee31734\" data-element_type=\"widget\" data-widget_type=\"heading.default\">\n\t\t\t\t<div class=\"elementor-widget-container\">\n\t\t\t\t\t<h6 class=\"elementor-heading-title elementor-size-default\">CANDIDATURES :<\/h6>\t\t\t\t<\/div>\n\t\t\t\t<\/div>\n\t\t\t\t<div class=\"elementor-element elementor-element-35259e1 elementor-widget elementor-widget-text-editor\" data-id=\"35259e1\" data-element_type=\"widget\" data-widget_type=\"text-editor.default\">\n\t\t\t\t<div class=\"elementor-widget-container\">\n\t\t\t\t\t\t\t\t\t<ul class=\"special-list\"><li>Uniaxial impact testing<\/li>\n<li>Penetration testing (additional accessories required)<\/li>\n<\/ul>\t\t\t\t\t\t\t\t<\/div>\n\t\t\t\t<\/div>\n\t\t\t\t<div class=\"elementor-element elementor-element-648cde0 equipment-sub-titles elementor-widget elementor-widget-heading\" data-id=\"648cde0\" data-element_type=\"widget\" data-widget_type=\"heading.default\">\n\t\t\t\t<div class=\"elementor-widget-container\">\n\t\t\t\t\t<h6 class=\"elementor-heading-title elementor-size-default\">CARACT\u00c9RISTIQUES\u202f:<\/h6>\t\t\t\t<\/div>\n\t\t\t\t<\/div>\n\t\t\t\t<div class=\"elementor-element elementor-element-0478a8c elementor-widget elementor-widget-text-editor\" data-id=\"0478a8c\" data-element_type=\"widget\" data-widget_type=\"text-editor.default\">\n\t\t\t\t<div class=\"elementor-widget-container\">\n\t\t\t\t\t\t\t\t\t<p><strong>Syst\u00e8me enti\u00e8rement motoris\u00e9<\/strong><\/p><ul class=\"special-list number-and-bullet-list\"><li>Controller: sets the height, initiates the test, activates pre-programmed settings and includes the emergency stop<\/li><li>Release system \/ Drop carriage<\/li><li>Suiveur de chute \/ D\u00e9clencheur de chute<\/li><li>V\u00e9locim\u00e8tre (timegate) pour lecture de la vitesse<\/li><li>Integrated encoder measuring the drop height<\/li><li>Enclumes interchangeables rapidement et facilement<\/li><\/ul>\t\t\t\t\t\t\t\t<\/div>\n\t\t\t\t<\/div>\n\t\t\t\t<div class=\"elementor-element elementor-element-b450ff3 equipment-sub-titles elementor-widget elementor-widget-heading\" data-id=\"b450ff3\" data-element_type=\"widget\" data-widget_type=\"heading.default\">\n\t\t\t\t<div class=\"elementor-widget-container\">\n\t\t\t\t\t<h6 class=\"elementor-heading-title elementor-size-default\">ACCESSOIRES OPTIONNELS :<\/h6>\t\t\t\t<\/div>\n\t\t\t\t<\/div>\n\t\t\t\t<div class=\"elementor-element elementor-element-3feafbf elementor-widget elementor-widget-text-editor\" data-id=\"3feafbf\" data-element_type=\"widget\" data-widget_type=\"text-editor.default\">\n\t\t\t\t<div class=\"elementor-widget-container\">\n\t\t\t\t\t\t\t\t\t<ul class=\"special-list\">\n<li>Base weight available: 500 kg &#8211; 1000 kg &#8211; 1600 kg<\/li>\n<li>acquisition system<\/li>\n<li>Tampon MEP<\/li>\n<li>Multipurpose support plate<\/li>\n<\/ul>\n<p style=\"text-align: right; font-size: 10px;\"><em>*Version manuelle \u00e9galement disponible sur demande<\/em><\/p>\t\t\t\t\t\t\t\t<\/div>\n\t\t\t\t<\/div>\n\t\t\t\t<\/div>\n\t\t<div class=\"elementor-element elementor-element-643dd60 e-con-full e-grid equipment-page-multi-image-box e-con e-child\" data-id=\"643dd60\" data-element_type=\"container\">\n\t\t<div class=\"elementor-element elementor-element-2303748 e-grid e-con-full equipment-images-left-block e-con e-child\" data-id=\"2303748\" data-element_type=\"container\">\n\t\t\t\t<div class=\"elementor-element elementor-element-f511c36 elementor-widget elementor-widget-image\" data-id=\"f511c36\" data-element_type=\"widget\" data-widget_type=\"image.default\">\n\t\t\t\t<div class=\"elementor-widget-container\">\n\t\t\t\t\t\t\t\t\t\t\t\t<figure class=\"wp-caption\">\n\t\t\t\t\t\t\t\t\t\t<img fetchpriority=\"high\" decoding=\"async\" width=\"980\" height=\"919\" src=\"https:\/\/www.cadexinc.com\/wp-content\/uploads\/2023\/07\/mono-Timegate-for-speed-reading.webp\" class=\"attachment-large size-large wp-image-14410\" alt=\"\" srcset=\"https:\/\/www.cadexinc.com\/wp-content\/uploads\/2023\/07\/mono-Timegate-for-speed-reading.webp 1000w, https:\/\/www.cadexinc.com\/wp-content\/uploads\/2023\/07\/mono-Timegate-for-speed-reading-300x281.webp 300w, https:\/\/www.cadexinc.com\/wp-content\/uploads\/2023\/07\/mono-Timegate-for-speed-reading-768x720.webp 768w, https:\/\/www.cadexinc.com\/wp-content\/uploads\/2023\/07\/mono-Timegate-for-speed-reading-416x390.webp 416w\" sizes=\"(max-width: 980px) 100vw, 980px\" \/>\t\t\t\t\t\t\t\t\t\t\t<figcaption class=\"widget-image-caption wp-caption-text\">V\u00e9locim\u00e8tre pour lecture de la vitesse<\/figcaption>\n\t\t\t\t\t\t\t\t\t\t<\/figure>\n\t\t\t\t\t\t\t\t\t<\/div>\n\t\t\t\t<\/div>\n\t\t\t\t<\/div>\n\t\t<div class=\"elementor-element elementor-element-54a1290 e-grid e-con-full e-con e-child\" data-id=\"54a1290\" data-element_type=\"container\">\n\t\t\t\t<div class=\"elementor-element elementor-element-39e1c33 elementor-widget elementor-widget-image\" data-id=\"39e1c33\" data-element_type=\"widget\" data-widget_type=\"image.default\">\n\t\t\t\t<div class=\"elementor-widget-container\">\n\t\t\t\t\t\t\t\t\t\t\t\t<figure class=\"wp-caption\">\n\t\t\t\t\t\t\t\t\t\t<img decoding=\"async\" width=\"1000\" height=\"938\" src=\"https:\/\/www.cadexinc.com\/wp-content\/uploads\/2023\/07\/Quick-and-easy-interchangeable-anvils.webp\" class=\"attachment-full size-full wp-image-14413\" alt=\"\" srcset=\"https:\/\/www.cadexinc.com\/wp-content\/uploads\/2023\/07\/Quick-and-easy-interchangeable-anvils.webp 1000w, https:\/\/www.cadexinc.com\/wp-content\/uploads\/2023\/07\/Quick-and-easy-interchangeable-anvils-300x281.webp 300w, https:\/\/www.cadexinc.com\/wp-content\/uploads\/2023\/07\/Quick-and-easy-interchangeable-anvils-768x720.webp 768w, https:\/\/www.cadexinc.com\/wp-content\/uploads\/2023\/07\/Quick-and-easy-interchangeable-anvils-416x390.webp 416w\" sizes=\"(max-width: 1000px) 100vw, 1000px\" \/>\t\t\t\t\t\t\t\t\t\t\t<figcaption class=\"widget-image-caption wp-caption-text\"><span style=\"font-size:15px\">Enclumes interchangeables, rapides et faciles \u00e0 remplacer<\/span><\/figcaption>\n\t\t\t\t\t\t\t\t\t\t<\/figure>\n\t\t\t\t\t\t\t\t\t<\/div>\n\t\t\t\t<\/div>\n\t\t\t\t<\/div>\n\t\t\t\t<\/div>\n\t\t\t\t<\/div>\n\t\t\t\t<\/div>\n\t\t<div class=\"elementor-element elementor-element-a99f922 e-con-full e-flex e-con e-child\" data-id=\"a99f922\" data-element_type=\"container\">\n\t\t\t\t<div class=\"elementor-element elementor-element-41e0c3e elementor-widget__width-initial elementor-hidden-mobile elementor-widget elementor-widget-html\" data-id=\"41e0c3e\" data-element_type=\"widget\" data-widget_type=\"html.default\">\n\t\t\t\t<div class=\"elementor-widget-container\">\n\t\t\t\t\t<!-- vision begin -->\n<div class=\"vision-map vision-map-27\"data-json-src=\"https:\/\/www.cadexinc.com\/wp-content\/uploads\/vision\/27\/config.json?ver=1772741355\" data-item-id=\"27\" tabindex=\"1\" style=\"display:none;\" >\n<div class=\"vision-store\">\n<div class=\"vision-layers-data\">\n<div class=\"vision-layer\" data-layer-id=\"4334c20c\"><\/div>\n<div class=\"vision-layer\" data-layer-id=\"18ae5533\"><\/div>\n<div class=\"vision-layer\" data-layer-id=\"e6aa6be8\"><\/div>\n<div class=\"vision-layer\" data-layer-id=\"ad4f11da\"><\/div>\n<div class=\"vision-layer\" data-layer-id=\"0b351c43\"><\/div>\n<div class=\"vision-layer\" data-layer-id=\"934adb18\"><\/div>\n<\/div>\n<div class=\"vision-tooltips-data\">\n<div class=\"vision-data\" data-layer-id=\"4334c20c\"><p>Controller: sets the height, initiates the test, activates pre-programmed settings and includes the emergency stop<\/p><\/div>\n<div class=\"vision-data\" data-layer-id=\"18ae5533\"><p>Release system \/ Drop carriage<\/p><\/div>\n<div class=\"vision-data\" data-layer-id=\"e6aa6be8\"><p>Suiveur de chute \/ D\u00e9clencheur de chute<\/p><\/div>\n<div class=\"vision-data\" data-layer-id=\"ad4f11da\"><p>V\u00e9locim\u00e8tre (timegate) pour lecture de la vitesse<\/p><\/div>\n<div class=\"vision-data\" data-layer-id=\"0b351c43\"><p>Integrated encoder measuring the drop height<\/p><\/div>\n<div class=\"vision-data\" data-layer-id=\"934adb18\"><p>Enclumes interchangeables rapidement et facilement<\/p><\/div>\n<\/div>\n<div class=\"vision-popovers-data\">\n<div class=\"vision-data\" data-layer-id=\"4334c20c\"><p>Controller: sets the height, initiates the test, activates pre-programmed settings and includes the emergency stop<\/p><\/div>\n<div class=\"vision-data\" data-layer-id=\"18ae5533\"><p>Release system \/ Drop carriage<\/p><\/div>\n<div class=\"vision-data\" data-layer-id=\"e6aa6be8\"><\/div>\n<div class=\"vision-data\" data-layer-id=\"ad4f11da\"><\/div>\n<div class=\"vision-data\" data-layer-id=\"0b351c43\"><p>Integrated encoder measuring the drop height<\/p><\/div>\n<div class=\"vision-data\" data-layer-id=\"934adb18\"><\/div>\n<\/div>\n<\/div>\n<\/div>\n<!-- vision end -->\n\n<p class=\"d-flex p-2 mx-auto align-items-center text-dark fs-7 justify-content-center fst-italic\">Mod\u00e8le uniaxial pr\u00e9sent\u00e9<\/p>\t\t\t\t<\/div>\n\t\t\t\t<\/div>\n\t\t\t\t<\/div>\n\t\t\t\t<\/div>\n\t\t\t\t\t<\/div>\n\t\t\t\t<\/div>\n\t\t<div class=\"elementor-element elementor-element-9bbf1a3 e-flex e-con-boxed e-con e-parent\" data-id=\"9bbf1a3\" data-element_type=\"container\">\n\t\t\t\t\t<div class=\"e-con-inner\">\n\t\t\t\t\t<\/div>\n\t\t\t\t<\/div>\n\t\t\t\t<\/div>","protected":false},"excerpt":{"rendered":"<p>Uniaxial model shown Free fall guided impact machine for uniaxial attenuation acquisition test which complies with SNELL, CPSC, DOT, ASTM, ANSI and other standards. DIMENSIONS (APPROX.): Length of the base: 34.29 cm \/ 13.5 in Width of the base: 69.85 cm \/ 27.5 in Height: 599.44 cm \/ 236 in (may vary depending on the [&hellip;]<\/p>","protected":false},"author":5,"featured_media":0,"parent":3180,"menu_order":0,"comment_status":"closed","ping_status":"closed","template":"","meta":{"footnotes":""},"categories":[36],"class_list":["post-91","page","type-page","status-publish","hentry","category-impact-machines"],"_links":{"self":[{"href":"https:\/\/www.cadexinc.com\/fr\/wp-json\/wp\/v2\/pages\/91","targetHints":{"allow":["GET"]}}],"collection":[{"href":"https:\/\/www.cadexinc.com\/fr\/wp-json\/wp\/v2\/pages"}],"about":[{"href":"https:\/\/www.cadexinc.com\/fr\/wp-json\/wp\/v2\/types\/page"}],"author":[{"embeddable":true,"href":"https:\/\/www.cadexinc.com\/fr\/wp-json\/wp\/v2\/users\/5"}],"replies":[{"embeddable":true,"href":"https:\/\/www.cadexinc.com\/fr\/wp-json\/wp\/v2\/comments?post=91"}],"version-history":[{"count":206,"href":"https:\/\/www.cadexinc.com\/fr\/wp-json\/wp\/v2\/pages\/91\/revisions"}],"predecessor-version":[{"id":20935,"href":"https:\/\/www.cadexinc.com\/fr\/wp-json\/wp\/v2\/pages\/91\/revisions\/20935"}],"up":[{"embeddable":true,"href":"https:\/\/www.cadexinc.com\/fr\/wp-json\/wp\/v2\/pages\/3180"}],"wp:attachment":[{"href":"https:\/\/www.cadexinc.com\/fr\/wp-json\/wp\/v2\/media?parent=91"}],"wp:term":[{"taxonomy":"category","embeddable":true,"href":"https:\/\/www.cadexinc.com\/fr\/wp-json\/wp\/v2\/categories?post=91"}],"curies":[{"name":"wp","href":"https:\/\/api.w.org\/{rel}","templated":true}]}}