{"id":841,"date":"2022-05-26T17:34:43","date_gmt":"2022-05-26T21:34:43","guid":{"rendered":"http:\/\/www.cadexinc.com\/?page_id=841"},"modified":"2022-09-20T16:15:02","modified_gmt":"2022-09-20T20:15:02","slug":"jugulaire-machine-polyvalente-2","status":"publish","type":"page","link":"https:\/\/www.cadexinc.com\/fr\/equipement\/machines\/machines-de-retention\/jugulaire-machine-polyvalente-2\/","title":{"rendered":"Machine \u00e0 usage multiple pour les jugulaires"},"content":{"rendered":"<table align=\"center\" width=\"140\" id=\"Table3\">\r\n              <tr>\r\n                <td><a href=\"\/fr\/pdf_e\/Retention-Chinstrap-Multipurpose.pdf\/\" target=\"_blank\" onmousedown=\"pressButton('btn1');return true;\" onmouseup=\"releaseButton('btn1');return true;\" onmouseout=\"releaseButton('btn1');return true;\" onmouseover=\"overButton('btn1');return true;\" rel=\"noopener\"> <img decoding=\"async\" name=\"btn1\" border=\"0\" alt=\"Anglais PDF\" src=\"images2\/DownloadE.jpg\"> <\/a><\/td>\r\n                <!--<td><a href=\"pdf_c\/CH-Cannon_Non-Lethal air cannon.pdf\" target=\"_blank\" onMouseDown=\"pressButton('btn2');return true;\" onMouseUp=\"releaseButton('btn2');return true;\" onMouseOut=\"releaseButton('btn2');return true;\" onMouseOver=\"overButton('btn2');return true;\" rel=\"noopener\"> <img decoding=\"async\" name=\"btn2\" border=\"0\" alt=\"Chinese PDF\" src=\"images2\/DownloadC.jpg\"><\/a><\/td>-->\r\n              <\/tr>\r\n            <\/table>\r\n            \r\n            <!-- PDF Links -->\r\n            <!-- Main picture and description -->\r\n          <table width=\"95%\" border=\"0\" cellspacing=\"1\" cellpadding=\"1\">\r\n                <tr>\r\n                    <td><img decoding=\"async\" src=\"images2\/retention-chinstrap-multipurpose-machine-header.jpg\" alt=\"mentonni\u00e8re de r\u00e9tention t\u00eate de machine polyvalente\" width=\"192\" height=\"210\"><\/td>\r\n                    <td valign=\"middle\"><table cellspacing=\"0\" cellpadding=\"0\" hspace=\"0\" vspace=\"0\" align=\"left\">\r\n                      <tr>\r\n                        <td valign=\"top\" align=\"left\"><table cellspacing=\"0\" cellpadding=\"0\" hspace=\"0\" vspace=\"0\" align=\"left\">\r\n                          <tr>\r\n                            <td valign=\"top\" align=\"left\"><strong>\u00c9quipement permettant de tester le micro-glissement, la r\u00e9sistance \u00e0 l'abrasion de la jugulaire et la durabilit\u00e9 du syst\u00e8me d'attache rapide. Conforme aux normes BSI et ECE22.<\/strong><\/td>\r\n                          <\/tr>\r\n                        <\/table><\/td>\r\n                      <\/tr>\r\n                    <\/table><\/td>\r\n                <\/tr>\r\n            <\/table>\r\n          <br>\r\n          \r\n          <!-- presentation Section -->\r\n            <table class=\"bordureGaucheIndente\" width=\"100%\" align=\"center\" bgcolor=\"#efefef\" id=\"Table1\">\r\n                <tr>\r\n                    <td align=\"center\" bgcolor=\"#dfdfdf\" colspan=\"3\"><img decoding=\"async\" src=\"images2\/title-retention-chinstrap-multipurpose-machine.jpg\" alt=\"Titre Machine \u00e0 usage multiple pour les jugulaires\" width=\"432\" height=\"20\">\r\n                    <\/td>\r\n                <\/tr>\r\n                <tr>  \r\n                  <td align=\"center\"colspan=\"3\"><img fetchpriority=\"high\" decoding=\"async\" src=\"images2\/retention-chinstrap-multipurpose-machine.jpg\" alt=\"r\u00e9tention d&#039;image mentonni\u00e8re machine polyvalente\" width=\"650\" height=\"530\"><br><br><\/td>\r\n                <\/tr>\r\n            <\/table>\r\n\r\n            <!-- features Section -->\r\n            <br \/>\r\n          <table class=\"bordureGaucheIndente\" width=\"100%\" align=\"center\" bgcolor=\"#efefef\" id=\"Table1\">\r\n                <tr>\r\n                \t<td align=\"center\" bgcolor=\"#dfdfdf\" colspan=\"2\"><img decoding=\"async\" src=\"images2\/Titrefeatures2.jpg\" alt=\"Caract\u00e9ristiques\"><\/td>\r\n                <\/tr>\r\n                <tr>\r\n                  \t<td>\r\n                    \t<div>\r\n                        <table width=\"728\" align=\"left\" cellpadding=\"0\" cellspacing=\"0\" hspace=\"0\" vspace=\"0\">\r\n                        <tr>\r\n                        \t<td valign=\"top\" align=\"left\"><ul>\r\n                            \t<li>Technologie de contr\u00f4leur \u00e0 \u00e9cran tactile ;<\/li>\r\n                                <li>Vitesse et fr\u00e9quence du cycle r\u00e9glables ;<\/li>\r\n                                <li>Charge de 20 newtons ;<\/li>\r\n                                <li>Durabilit\u00e9 du syst\u00e8me de fixation rapide sur le c\u00f4t\u00e9 ;<\/li>\r\n                                <li>Micro-glissement et abrasion de la jugulaire par changement de configuration.<\/li>\r\n                                <\/ul>\r\n                            <\/td>\r\n                        <\/tr>\r\n                        <\/table>\r\n                        <\/div>\r\n                  \t<\/td>\r\n                <\/tr>\r\n          <\/table> \r\n            \r\n            <br \/>\r\n            \r\n             <table class=\"bordureGaucheIndente\" width=\"100%\" bgcolor=\"#efefef\" id=\"Table1\">\r\n             <tr> \r\n                  <td  align=\"center\"><img loading=\"lazy\" decoding=\"async\" src=\"images2\/retention-chinstrap-multipurpose-machine-resistance-abrasion-test.jpg\" alt=\"r\u00e9tention d&#039;image jugulaire machine polyvalente r\u00e9sistance test d&#039;abrasion\" width=\"300\" height=\"181\"><\/td>\r\n                  <td align=\"center\" ><img loading=\"lazy\" decoding=\"async\" src=\"images2\/retention-chinstrap-multipurpose-machine-touch-screen.jpg\" alt=\"mentonni\u00e8re \u00e0 r\u00e9tention d&#039;image machine polyvalente \u00e9cran tactile\" width=\"272\" height=\"180\"><\/td>\r\n \r\n               <\/tr>\r\n                <tr> \r\n                  <td align=\"center\">Test de r\u00e9sistance \u00e0 l\u2019abrasion<\/td>\r\n                  <td align=\"center\">Technologie de contr\u00f4leur \u00e0 \u00e9cran tactile.<\/td>\r\n\r\n                <\/tr>\r\n                 <tr>\r\n                  <td align=\"center\"><img loading=\"lazy\" decoding=\"async\" src=\"images2\/retention-chinstrap-multipurpose-machine-micro-slip-test.jpg\" alt=\"r\u00e9tention d&#039;image jugulaire machine polyvalente test de micro glissement\" width=\"300\" height=\"199\"><\/td>\r\n                  <td align=\"center\"><img loading=\"lazy\" decoding=\"async\" src=\"images2\/retention-chinstrap-multipurpose-machine-quick-release.jpg\" alt=\"images r\u00e9tention jugulaire machine polyvalente d\u00e9verrouillage rapide\" width=\"300\" height=\"199\"><\/td>\r\n                <\/tr>\r\n                 <tr>       \r\n                  <td align=\"center\">Test de micro-glissement.<\/td>\r\n                  <td align=\"center\">Durabilit\u00e9 de l'attache rapide. <\/td> \r\n                <\/tr>  \r\n<\/table>","protected":false},"excerpt":{"rendered":"<p>\u00c9quipement permettant de tester le micro-glissement, la r\u00e9sistance \u00e0 l'abrasion de la jugulaire et la durabilit\u00e9 du syst\u00e8me d'attache rapide. Conforme aux normes BSI et ECE22. Technologie de contr\u00f4leur \u00e0 \u00e9cran tactile ; vitesse et fr\u00e9quence de cycle r\u00e9glables ; charge de 20 newtons ; durabilit\u00e9 du syst\u00e8me de d\u00e9verrouillage rapide sur le c\u00f4t\u00e9 ; micro-glissement et abrasion de la jugulaire en changeant de configuration. Test de r\u00e9sistance \u00e0 l'abrasion [...]<\/p>","protected":false},"author":5,"featured_media":0,"parent":3193,"menu_order":0,"comment_status":"closed","ping_status":"closed","template":"","meta":{"footnotes":""},"categories":[],"class_list":["post-841","page","type-page","status-publish","hentry"],"_links":{"self":[{"href":"https:\/\/www.cadexinc.com\/fr\/wp-json\/wp\/v2\/pages\/841","targetHints":{"allow":["GET"]}}],"collection":[{"href":"https:\/\/www.cadexinc.com\/fr\/wp-json\/wp\/v2\/pages"}],"about":[{"href":"https:\/\/www.cadexinc.com\/fr\/wp-json\/wp\/v2\/types\/page"}],"author":[{"embeddable":true,"href":"https:\/\/www.cadexinc.com\/fr\/wp-json\/wp\/v2\/users\/5"}],"replies":[{"embeddable":true,"href":"https:\/\/www.cadexinc.com\/fr\/wp-json\/wp\/v2\/comments?post=841"}],"version-history":[{"count":0,"href":"https:\/\/www.cadexinc.com\/fr\/wp-json\/wp\/v2\/pages\/841\/revisions"}],"up":[{"embeddable":true,"href":"https:\/\/www.cadexinc.com\/fr\/wp-json\/wp\/v2\/pages\/3193"}],"wp:attachment":[{"href":"https:\/\/www.cadexinc.com\/fr\/wp-json\/wp\/v2\/media?parent=841"}],"wp:term":[{"taxonomy":"category","embeddable":true,"href":"https:\/\/www.cadexinc.com\/fr\/wp-json\/wp\/v2\/categories?post=841"}],"curies":[{"name":"wp","href":"https:\/\/api.w.org\/{rel}","templated":true}]}}