{"id":366,"date":"2022-04-05T15:14:44","date_gmt":"2022-04-05T19:14:44","guid":{"rendered":"http:\/\/www.cadexinc.com\/home-page-fr\/"},"modified":"2022-04-05T15:14:44","modified_gmt":"2022-04-05T19:14:44","slug":"page-daccueil-fr","status":"publish","type":"page","link":"https:\/\/www.cadexinc.com\/fr\/page-daccueil-fr\/","title":{"rendered":"Page d'accueil FR"},"content":{"rendered":"<!-- Features section-->\n            <section class=\"py-5\" id=\"features\">\n                <div class=\"container px-5 my-5\">\n                    <div class=\"row gx-5\">\n                        <div class=\"col-lg-4 mb-5 mb-lg-0\"><h2 class=\"fw-bolder mb-0\">Une meilleure fa\u00e7on de commencer \u00e0 construire.<\/h2><\/div>\n                        <div class=\"col-lg-8\">\n                            <div class=\"row gx-5 row-cols-1 row-cols-md-2\">\n                                <div class=\"col mb-5 h-100\">\n                                    <div class=\"feature bg-primary bg-gradient text-white rounded-3 mb-3\"><i class=\"bi bi-collection\"><\/i><\/div>\n                                    <h2 class=\"h5\">Titre en vedette<\/h2>\n                                    <p class=\"mb-0\">Paragraphe de texte sous le titre pour expliquer le titre. Voici un peu plus de texte. <\/p>\n                                <\/div>\n                                <div class=\"col mb-5 h-100\">\n                                    <div class=\"feature bg-primary bg-gradient text-white rounded-3 mb-3\"><i class=\"bi bi-building\"><\/i><\/div>\n                                    <h2 class=\"h5\">Titre en vedette<\/h2>\n                                    <p class=\"mb-0\">Paragraphe de texte sous le titre pour expliquer le titre. Voici un peu plus de texte. <\/p>\n                                <\/div>\n                                <div class=\"col mb-5 mb-md-0 h-100\">\n                                    <div class=\"feature bg-primary bg-gradient text-white rounded-3 mb-3\"><i class=\"bi bi-toggles2\"><\/i><\/div>\n                                    <h2 class=\"h5\">Titre en vedette<\/h2>\n                                    <p class=\"mb-0\">Paragraphe de texte sous le titre pour expliquer le titre. Voici un peu plus de texte. <\/p>\n                                <\/div>\n                                <div class=\"col h-100\">\n                                    <div class=\"feature bg-primary bg-gradient text-white rounded-3 mb-3\"><i class=\"bi bi-toggles2\"><\/i><\/div>\n                                    <h2 class=\"h5\">Titre en vedette<\/h2>\n                                    <p class=\"mb-0\">Paragraphe de texte sous le titre pour expliquer le titre. Voici un peu plus de texte. <\/p>\n                                <\/div>\n                            <\/div>\n                        <\/div>\n                    <\/div>\n                <\/div>\n            <\/section>\n            <!-- Testimonial section-->\n            <div class=\"py-5 bg-light\">\n                <div class=\"container px-5 my-5\">\n                    <div class=\"row gx-5 justify-content-center\">\n                        <div class=\"col-lg-10 col-xl-7\">\n                            <div class=\"text-center\">\n                                <div class=\"fs-4 mb-4 fst-italic\">\"Travailler avec les mod\u00e8les Start Bootstrap m'a permis d'\u00e9conomiser des tonnes de temps de d\u00e9veloppement lors de la cr\u00e9ation de nouveaux projets ! Commencer avec un mod\u00e8le Bootstrap rend les choses plus faciles !\"<\/div>\n                                <div class=\"d-flex align-items-center justify-content-center\">\n                                    <img decoding=\"async\" class=\"rounded-circle me-3\" src=\"https:\/\/dummyimage.com\/40x40\/ced4da\/6c757d\" alt=\"...\">\n                                    <div class=\"fw-bold\">\n Tom Ato\n                                        <span class=\"fw-bold text-primary mx-1\">\/<\/span>\n PDG, Pomodoro\n                                    <\/div>\n                                <\/div>\n                            <\/div>\n                        <\/div>\n                    <\/div>\n                <\/div>\n            <\/div>\n            <!-- Blog preview section-->\n            <section class=\"py-5\">\n                <div class=\"container px-5 my-5\">\n                    <div class=\"row gx-5 justify-content-center\">\n                        <div class=\"col-lg-8 col-xl-6\">\n                            <div class=\"text-center\">\n                                <h2 class=\"fw-bolder\">Extrait de notre blog<\/h2>\n                                <p class=\"lead fw-normal text-muted mb-5\">Lorem ipsum, dolor sit amet consectetur adipisicing elit. Eaque fugit ratione dicta mollitia. Officiis ad.  <\/p>\n                            <\/div>\n                        <\/div>\n                    <\/div>\n                    <div class=\"row gx-5\">\n                        <div class=\"col-lg-4 mb-5\">\n                            <div class=\"card h-100 shadow border-0\">\n                                <img decoding=\"async\" class=\"card-img-top\" src=\"https:\/\/dummyimage.com\/600x350\/ced4da\/6c757d\" alt=\"...\">\n                                <div class=\"card-body p-4\">\n                                    <div class=\"badge bg-primary bg-gradient rounded-pill mb-2\">Actualit\u00e9s<\/div>\n                                    <a class=\"text-decoration-none link-dark stretched-link\" href=\"#!\"><h5 class=\"card-title mb-3\">Titre de l'article de blog<\/h5><\/a>\n                                    <p class=\"card-text mb-0\">Quelques exemples de textes rapides pour compl\u00e9ter le titre de la carte et constituer l'essentiel de son contenu.<\/p>\n                                <\/div>\n                                <div class=\"card-footer p-4 pt-0 bg-transparent border-top-0\">\n                                    <div class=\"d-flex align-items-end justify-content-between\">\n                                        <div class=\"d-flex align-items-center\">\n                                            <img decoding=\"async\" class=\"rounded-circle me-3\" src=\"https:\/\/dummyimage.com\/40x40\/ced4da\/6c757d\" alt=\"...\">\n                                            <div class=\"small\">\n                                                <div class=\"fw-bold\">Kelly Rowan<\/div>\n                                                <div class=\"text-muted\">12 mars 2022 - 6 min lire<\/div>\n                                            <\/div>\n                                        <\/div>\n                                    <\/div>\n                                <\/div>\n                            <\/div>\n                        <\/div>\n                        <div class=\"col-lg-4 mb-5\">\n                            <div class=\"card h-100 shadow border-0\">\n                                <img decoding=\"async\" class=\"card-img-top\" src=\"https:\/\/dummyimage.com\/600x350\/adb5bd\/495057\" alt=\"...\">\n                                <div class=\"card-body p-4\">\n                                    <div class=\"badge bg-primary bg-gradient rounded-pill mb-2\">Les m\u00e9dias<\/div>\n                                    <a class=\"text-decoration-none link-dark stretched-link\" href=\"#!\"><h5 class=\"card-title mb-3\">Un autre titre de billet de blog<\/h5><\/a>\n                                    <p class=\"card-text mb-0\">Ce texte est un peu plus long pour illustrer la hauteur adaptative de chaque carte. Quelques exemples de textes rapides pour compl\u00e9ter le titre de la carte et constituer l'essentiel de son contenu. <\/p>\n                                <\/div>\n                                <div class=\"card-footer p-4 pt-0 bg-transparent border-top-0\">\n                                    <div class=\"d-flex align-items-end justify-content-between\">\n                                        <div class=\"d-flex align-items-center\">\n                                            <img decoding=\"async\" class=\"rounded-circle me-3\" src=\"https:\/\/dummyimage.com\/40x40\/ced4da\/6c757d\" alt=\"...\">\n                                            <div class=\"small\">\n                                                <div class=\"fw-bold\">Josiah Barclay<\/div>\n                                                <div class=\"text-muted\">23 mars 2022 - 4 min lire<\/div>\n                                            <\/div>\n                                        <\/div>\n                                    <\/div>\n                                <\/div>\n                            <\/div>\n                        <\/div>\n                        <div class=\"col-lg-4 mb-5\">\n                            <div class=\"card h-100 shadow border-0\">\n                                <img decoding=\"async\" class=\"card-img-top\" src=\"https:\/\/dummyimage.com\/600x350\/6c757d\/343a40\" alt=\"...\">\n                                <div class=\"card-body p-4\">\n                                    <div class=\"badge bg-primary bg-gradient rounded-pill mb-2\">Actualit\u00e9s<\/div>\n                                    <a class=\"text-decoration-none link-dark stretched-link\" href=\"#!\"><h5 class=\"card-title mb-3\">Le titre du dernier article de blog est un peu plus long que les autres<\/h5><\/a>\n                                    <p class=\"card-text mb-0\">Quelques autres exemples de textes rapides pour compl\u00e9ter le titre de la carte et constituer l'essentiel du contenu de la carte.<\/p>\n                                <\/div>\n                                <div class=\"card-footer p-4 pt-0 bg-transparent border-top-0\">\n                                    <div class=\"d-flex align-items-end justify-content-between\">\n                                        <div class=\"d-flex align-items-center\">\n                                            <img decoding=\"async\" class=\"rounded-circle me-3\" src=\"https:\/\/dummyimage.com\/40x40\/ced4da\/6c757d\" alt=\"...\">\n                                            <div class=\"small\">\n                                                <div class=\"fw-bold\">Evelyn Martinez<\/div>\n                                                <div class=\"text-muted\">2 avril 2022 - 10 min read<\/div>\n                                            <\/div>\n                                        <\/div>\n                                    <\/div>\n                                <\/div>\n                            <\/div>\n                        <\/div>\n                    <\/div>\n                    <!-- Call to action-->\n                    <aside class=\"bg-primary bg-gradient rounded-3 p-4 p-sm-5 mt-5\">\n                        <div class=\"d-flex align-items-center justify-content-between flex-column flex-xl-row text-center text-xl-start\">\n                            <div class=\"mb-4 mb-xl-0\">\n                                <div class=\"fs-3 fw-bold text-white\">De nouveaux produits, livr\u00e9s chez vous.<\/div>\n                                <div class=\"text-white-50\">Inscrivez-vous \u00e0 notre lettre d'information pour recevoir les derni\u00e8res mises \u00e0 jour.<\/div>\n                            <\/div>\n                            <div class=\"ms-xl-4\">\n                                <div class=\"input-group mb-2\">\n                                    <input class=\"form-control\" type=\"text\" placeholder=\"Adresse \u00e9lectronique...\" aria-label=\"Adresse \u00e9lectronique...\" aria-describedby=\"button-newsletter\">\n                                    <button class=\"btn btn-outline-light\" id=\"button-newsletter\" type=\"button\">S'inscrire<\/button>\n                                <\/div>\n                                <div class=\"small text-white-50\">Nous nous soucions de la protection de la vie priv\u00e9e et nous ne partagerons jamais vos donn\u00e9es.<\/div>\n                            <\/div>\n                        <\/div>\n                    <\/aside>\n                <\/div>\n            <\/section>","protected":false},"excerpt":{"rendered":"<p>Une meilleure fa\u00e7on de commencer \u00e0 construire. Titre en vedette Paragraphe de texte sous le titre pour expliquer le titre. Voici un peu plus de texte. Titre en vedette Paragraphe de texte sous le titre pour expliquer le titre. Voici un peu plus de texte. Titre en vedette Paragraphe de texte sous le titre pour expliquer la [...]<\/p>","protected":false},"author":5,"featured_media":1281,"parent":0,"menu_order":0,"comment_status":"closed","ping_status":"open","template":"","meta":{"footnotes":""},"categories":[2],"class_list":["post-366","page","type-page","status-publish","has-post-thumbnail","hentry","category-non-classifiee"],"_links":{"self":[{"href":"https:\/\/www.cadexinc.com\/fr\/wp-json\/wp\/v2\/pages\/366","targetHints":{"allow":["GET"]}}],"collection":[{"href":"https:\/\/www.cadexinc.com\/fr\/wp-json\/wp\/v2\/pages"}],"about":[{"href":"https:\/\/www.cadexinc.com\/fr\/wp-json\/wp\/v2\/types\/page"}],"author":[{"embeddable":true,"href":"https:\/\/www.cadexinc.com\/fr\/wp-json\/wp\/v2\/users\/5"}],"replies":[{"embeddable":true,"href":"https:\/\/www.cadexinc.com\/fr\/wp-json\/wp\/v2\/comments?post=366"}],"version-history":[{"count":0,"href":"https:\/\/www.cadexinc.com\/fr\/wp-json\/wp\/v2\/pages\/366\/revisions"}],"wp:featuredmedia":[{"embeddable":true,"href":"https:\/\/www.cadexinc.com\/fr\/wp-json\/wp\/v2\/media\/1281"}],"wp:attachment":[{"href":"https:\/\/www.cadexinc.com\/fr\/wp-json\/wp\/v2\/media?parent=366"}],"wp:term":[{"taxonomy":"category","embeddable":true,"href":"https:\/\/www.cadexinc.com\/fr\/wp-json\/wp\/v2\/categories?post=366"}],"curies":[{"name":"wp","href":"https:\/\/api.w.org\/{rel}","templated":true}]}}