{"id":3367,"date":"2022-09-13T21:35:25","date_gmt":"2022-09-14T01:35:25","guid":{"rendered":"http:\/\/www.cadexinc.com\/?page_id=3367"},"modified":"2026-03-24T11:15:16","modified_gmt":"2026-03-24T15:15:16","slug":"service-detalonnage","status":"publish","type":"page","link":"https:\/\/www.cadexinc.com\/fr\/equipement\/service-detalonnage\/","title":{"rendered":"Service de m\u00e9trologie et de calibrage"},"content":{"rendered":"<div data-elementor-type=\"wp-page\" data-elementor-id=\"3367\" class=\"elementor elementor-3367\">\n\t\t\t\t<div class=\"elementor-element elementor-element-59129264 elementor-hidden-desktop elementor-hidden-tablet elementor-hidden-mobile e-flex e-con-boxed e-con e-parent\" data-id=\"59129264\" data-element_type=\"container\">\n\t\t\t\t\t<div class=\"e-con-inner\">\n\t\t\t\t<div class=\"elementor-element elementor-element-4a67c276 elementor-widget elementor-widget-text-editor\" data-id=\"4a67c276\" data-element_type=\"widget\" data-widget_type=\"text-editor.default\">\n\t\t\t\t<div class=\"elementor-widget-container\">\n\t\t\t\t\t\t\t\t\t <div class=\"container\">\r\n  <div class=\"row align-items-start\">\r\n    <div class=\"col-md-6 cdx-order-2 cdx-title\">         \r\n<h2 class=\"text-uppercase text-decoration-underline\">TOUS LES \u00c9QUIPEMENTS D'ESSAI DE CADEX SONT :<\/h2>\r\n\r\n<ul class=\"list-group mb-3\">\r\n<li>Fourni avec des certificats d'\u00e9talonnage<\/li>\r\n<li>\u00c9talonn\u00e9 selon des protocoles d'\u00e9talonnage stricts<\/li>\r\n<li>\u00c9talonn\u00e9 par des ing\u00e9nieurs et techniciens qualifi\u00e9s<\/li>\r\n<li>\u00c9talonn\u00e9 \u00e0 l'aide d'un instrument de mesure valid\u00e9<\/li>\r\n<li>Tra\u00e7abilit\u00e9 des instruments de mesure primaires tout au long de la cha\u00eene d'\u00e9talonnage<\/li>\r\n<\/ul>\r\n\r\n<h2 class=\"text-uppercase text-decoration-underline\">Les services de calibrage s\u2019appliquent \u00e0\u202f:<\/h2>\r\n<ul class=\"list-group mb-3\">\r\n<li>Syst\u00e8me d'acquisition (coupleurs d'amplification et de filtrage)<\/li>\r\n<li>Timegate pour la machine \u00e0 chocs<\/li>\r\n<li>Timegate \"double gates\" pour l'application de canons<\/li>\r\n<li>Applications des capteurs de charge<\/li>\r\n<li>Tous les accessoires doivent r\u00e9pondre aux exigences g\u00e9om\u00e9triques<\/li> \r\n<\/ul>\r\n    <\/div>\r\n\r\n  <div class=\"col-md-6 cdx-image-full\">\r\n<center><figure class=\"figure\"><img decoding=\"async\" src=\"http:\/\/www.cadexinc.com\/wp-content\/uploads\/2023\/06\/Calibration_reports.webp\" title=\"\" alt=\"\" class=\"img-fluid cdx-img-90\" \/><\/figure><\/center>\r\n\r\n  <\/div>\r\n<\/div>\r\n<div class=\"row align-items-end\">\r\n<div class=\"col-md-6 pt-4 cdx-image-90\"> \r\n<center><figure class=\"figure pt-2 cdx-border bg-white\"><img decoding=\"async\" src=\"http:\/\/www.cadexinc.com\/wp-content\/uploads\/2023\/06\/Qualified_electronic_engineers.webp\" alt=\"Ing\u00e9nieurs qualifi\u00e9s en \u00e9lectronique\" class=\"img-fluid cdx-img-70\" \/><figcaption class=\"figure-caption text-center text-dark fs-7 mt-1\"><p class=\"d-flex flex-column p-2 m-0 fs-7 fst-italic mx-auto justify-content-center bg-light\">Ing\u00e9nieurs qualifi\u00e9s en \u00e9lectronique<\/p><\/figcaption><\/figure><\/center>  \r\n<\/div>\r\n<div class=\"col-md-6 pt-4 cdx-image-90\"> \r\n<center><figure class=\"figure pt-2 cdx-border bg-white\"><img decoding=\"async\" src=\"http:\/\/www.cadexinc.com\/wp-content\/uploads\/2023\/06\/Calibration-of-Cadex-electronic.webp\" alt=\"Calibrage des \u00e9quipements \u00e9lectroniques Cadex\" class=\"img-fluid cdx-img-70\" \/><figcaption class=\"figure-caption text-center text-dark fs-7 mt-1\"><p class=\"d-flex flex-column p-2 m-0 fs-7 fst-italic mx-auto justify-content-center bg-light\">Calibrage des \u00e9quipements \u00e9lectroniques Cadex<\/p><\/figcaption><\/figure><\/center>\r\n<\/div>\r\n\r\n <\/div>\r\n    <\/div>\t\t\t\t\t\t\t\t<\/div>\n\t\t\t\t<\/div>\n\t\t\t\t\t<\/div>\n\t\t\t\t<\/div>\n\t\t<div class=\"elementor-element elementor-element-f2da77a e-flex e-con-boxed e-con e-parent\" data-id=\"f2da77a\" data-element_type=\"container\">\n\t\t\t\t\t<div class=\"e-con-inner\">\n\t\t<div class=\"elementor-element elementor-element-f6aedf3 e-con-full e-flex e-con e-child\" data-id=\"f6aedf3\" data-element_type=\"container\">\n\t\t<div class=\"elementor-element elementor-element-517cb05 e-con-full e-flex e-con e-child\" data-id=\"517cb05\" data-element_type=\"container\">\n\t\t<div class=\"elementor-element elementor-element-b14d982 e-con-full equipment-main-right-block e-flex e-con e-child\" data-id=\"b14d982\" data-element_type=\"container\">\n\t\t<div class=\"elementor-element elementor-element-984e32f e-con-full e-flex e-con e-child\" data-id=\"984e32f\" data-element_type=\"container\">\n\t\t\t\t<div class=\"elementor-element elementor-element-d43ad66 equipment-sub-titles elementor-widget elementor-widget-heading\" data-id=\"d43ad66\" data-element_type=\"widget\" data-widget_type=\"heading.default\">\n\t\t\t\t<div class=\"elementor-widget-container\">\n\t\t\t\t\t<h2 class=\"elementor-heading-title elementor-size-default\"><h2 class=\"text-uppercase text-decoration-underline\">TOUS LES \u00c9QUIPEMENTS D'ESSAI DE CADEX SONT :<\/h2><\/h2>\t\t\t\t<\/div>\n\t\t\t\t<\/div>\n\t\t\t\t<div class=\"elementor-element elementor-element-5cf207e elementor-widget elementor-widget-text-editor\" data-id=\"5cf207e\" data-element_type=\"widget\" data-widget_type=\"text-editor.default\">\n\t\t\t\t<div class=\"elementor-widget-container\">\n\t\t\t\t\t\t\t\t\t<ul class=\"special-list\">\n<li>Fourni avec des certificats d'\u00e9talonnage<\/li>\n<li>\u00c9talonn\u00e9 selon des protocoles d'\u00e9talonnage stricts<\/li>\n<li>Calibrated by qualified engineers &amp; technicians<\/li>\n<li>\u00c9talonn\u00e9 \u00e0 l'aide d'un instrument de mesure valid\u00e9<\/li>\n<li>Tra\u00e7abilit\u00e9 des instruments de mesure primaires tout au long de la cha\u00eene d'\u00e9talonnage<\/li>\n<\/ul>\t\t\t\t\t\t\t\t<\/div>\n\t\t\t\t<\/div>\n\t\t\t\t<div class=\"elementor-element elementor-element-c920388 equipment-sub-titles elementor-widget elementor-widget-heading\" data-id=\"c920388\" data-element_type=\"widget\" data-widget_type=\"heading.default\">\n\t\t\t\t<div class=\"elementor-widget-container\">\n\t\t\t\t\t<h2 class=\"elementor-heading-title elementor-size-default\"><h2 class=\"text-uppercase text-decoration-underline\">Les services de calibrage s\u2019appliquent \u00e0\u202f:<\/h2><\/h2>\t\t\t\t<\/div>\n\t\t\t\t<\/div>\n\t\t\t\t<div class=\"elementor-element elementor-element-da51de9 elementor-widget elementor-widget-text-editor\" data-id=\"da51de9\" data-element_type=\"widget\" data-widget_type=\"text-editor.default\">\n\t\t\t\t<div class=\"elementor-widget-container\">\n\t\t\t\t\t\t\t\t\t<ul class=\"special-list\">\n \t<li>Syst\u00e8me d'acquisition (coupleurs d'amplification et de filtrage)<\/li>\n \t<li>Timegate pour la machine \u00e0 chocs<\/li>\n \t<li>Timegate \"double gates\" pour l'application de canons<\/li>\n \t<li>Applications des capteurs de charge\n<li>Tous les accessoires doivent r\u00e9pondre aux exigences g\u00e9om\u00e9triques<\/li>\n<\/ul>\t\t\t\t\t\t\t\t<\/div>\n\t\t\t\t<\/div>\n\t\t\t\t<\/div>\n\t\t\t\t<\/div>\n\t\t\t\t<\/div>\n\t\t<div class=\"elementor-element elementor-element-834a568 e-con-full e-flex e-con e-child\" data-id=\"834a568\" data-element_type=\"container\">\n\t\t\t\t<div class=\"elementor-element elementor-element-293f78b elementor-widget elementor-widget-image\" data-id=\"293f78b\" data-element_type=\"widget\" data-widget_type=\"image.default\">\n\t\t\t\t<div class=\"elementor-widget-container\">\n\t\t\t\t\t\t\t\t\t\t\t\t\t\t\t<img fetchpriority=\"high\" decoding=\"async\" width=\"950\" height=\"1024\" src=\"https:\/\/www.cadexinc.com\/wp-content\/uploads\/2023\/06\/Calibration_reports-950x1024.webp\" class=\"attachment-large size-large wp-image-11468\" alt=\"\" srcset=\"https:\/\/www.cadexinc.com\/wp-content\/uploads\/2023\/06\/Calibration_reports-950x1024.webp 950w, https:\/\/www.cadexinc.com\/wp-content\/uploads\/2023\/06\/Calibration_reports-278x300.webp 278w, https:\/\/www.cadexinc.com\/wp-content\/uploads\/2023\/06\/Calibration_reports-768x828.webp 768w, https:\/\/www.cadexinc.com\/wp-content\/uploads\/2023\/06\/Calibration_reports-416x448.webp 416w, https:\/\/www.cadexinc.com\/wp-content\/uploads\/2023\/06\/Calibration_reports.webp 1044w\" sizes=\"(max-width: 950px) 100vw, 950px\" \/>\t\t\t\t\t\t\t\t\t\t\t\t\t\t\t<\/div>\n\t\t\t\t<\/div>\n\t\t\t\t<\/div>\n\t\t\t\t<\/div>\n\t\t\t\t\t<\/div>\n\t\t\t\t<\/div>\n\t\t<div class=\"elementor-element elementor-element-d423998 e-flex e-con-boxed e-con e-parent\" data-id=\"d423998\" data-element_type=\"container\">\n\t\t\t\t\t<div class=\"e-con-inner\">\n\t\t<div class=\"elementor-element elementor-element-1ee1cfb e-con-full e-grid equipment-page-multi-image-box e-con e-child\" data-id=\"1ee1cfb\" data-element_type=\"container\">\n\t\t<div class=\"elementor-element elementor-element-61d01be e-grid e-con-full equipment-images-left-block e-con e-child\" data-id=\"61d01be\" data-element_type=\"container\">\n\t\t\t\t<div class=\"elementor-element elementor-element-3aab39e elementor-widget elementor-widget-image\" data-id=\"3aab39e\" data-element_type=\"widget\" data-widget_type=\"image.default\">\n\t\t\t\t<div class=\"elementor-widget-container\">\n\t\t\t\t\t\t\t\t\t\t\t\t<figure class=\"wp-caption\">\n\t\t\t\t\t\t\t\t\t\t<img decoding=\"async\" width=\"1098\" height=\"1203\" src=\"https:\/\/www.cadexinc.com\/wp-content\/uploads\/2023\/06\/Qualified_electronic_engineers.webp\" class=\"attachment-full size-full wp-image-11471\" alt=\"\" srcset=\"https:\/\/www.cadexinc.com\/wp-content\/uploads\/2023\/06\/Qualified_electronic_engineers.webp 1098w, https:\/\/www.cadexinc.com\/wp-content\/uploads\/2023\/06\/Qualified_electronic_engineers-274x300.webp 274w, https:\/\/www.cadexinc.com\/wp-content\/uploads\/2023\/06\/Qualified_electronic_engineers-935x1024.webp 935w, https:\/\/www.cadexinc.com\/wp-content\/uploads\/2023\/06\/Qualified_electronic_engineers-768x841.webp 768w, https:\/\/www.cadexinc.com\/wp-content\/uploads\/2023\/06\/Qualified_electronic_engineers-416x456.webp 416w\" sizes=\"(max-width: 1098px) 100vw, 1098px\" \/>\t\t\t\t\t\t\t\t\t\t\t<figcaption class=\"widget-image-caption wp-caption-text\">Ing\u00e9nieurs qualifi\u00e9s en \u00e9lectronique<\/figcaption>\n\t\t\t\t\t\t\t\t\t\t<\/figure>\n\t\t\t\t\t\t\t\t\t<\/div>\n\t\t\t\t<\/div>\n\t\t\t\t<\/div>\n\t\t<div class=\"elementor-element elementor-element-e27a941 e-grid e-con-full e-con e-child\" data-id=\"e27a941\" data-element_type=\"container\">\n\t\t\t\t<div class=\"elementor-element elementor-element-cac6582 elementor-widget elementor-widget-image\" data-id=\"cac6582\" data-element_type=\"widget\" data-widget_type=\"image.default\">\n\t\t\t\t<div class=\"elementor-widget-container\">\n\t\t\t\t\t\t\t\t\t\t\t\t<figure class=\"wp-caption\">\n\t\t\t\t\t\t\t\t\t\t<img decoding=\"async\" width=\"1097\" height=\"1203\" src=\"https:\/\/www.cadexinc.com\/wp-content\/uploads\/2023\/06\/Calibration-of-Cadex-electronic.webp\" class=\"attachment-full size-full wp-image-11465\" alt=\"\" srcset=\"https:\/\/www.cadexinc.com\/wp-content\/uploads\/2023\/06\/Calibration-of-Cadex-electronic.webp 1097w, https:\/\/www.cadexinc.com\/wp-content\/uploads\/2023\/06\/Calibration-of-Cadex-electronic-274x300.webp 274w, https:\/\/www.cadexinc.com\/wp-content\/uploads\/2023\/06\/Calibration-of-Cadex-electronic-934x1024.webp 934w, https:\/\/www.cadexinc.com\/wp-content\/uploads\/2023\/06\/Calibration-of-Cadex-electronic-768x842.webp 768w, https:\/\/www.cadexinc.com\/wp-content\/uploads\/2023\/06\/Calibration-of-Cadex-electronic-416x456.webp 416w\" sizes=\"(max-width: 1097px) 100vw, 1097px\" \/>\t\t\t\t\t\t\t\t\t\t\t<figcaption class=\"widget-image-caption wp-caption-text\">Calibrage des \u00e9quipements \u00e9lectroniques Cadex<\/figcaption>\n\t\t\t\t\t\t\t\t\t\t<\/figure>\n\t\t\t\t\t\t\t\t\t<\/div>\n\t\t\t\t<\/div>\n\t\t\t\t<\/div>\n\t\t\t\t<\/div>\n\t\t\t\t\t<\/div>\n\t\t\t\t<\/div>\n\t\t\t\t<\/div>","protected":false},"excerpt":{"rendered":"<p>TOUS LES \u00c9QUIPEMENTS D'ESSAI CADEX SONT : Fournis avec des certificats d'\u00e9talonnage \u00c9talonn\u00e9s selon des protocoles d'\u00e9talonnage stricts \u00c9talonn\u00e9s par des ing\u00e9nieurs et techniciens qualifi\u00e9s \u00c9talonn\u00e9s \u00e0 l'aide d'instruments de mesure valid\u00e9s Tra\u00e7ables aux instruments de mesure primaires tout au long de la cha\u00eene d'\u00e9talonnage Les services d'\u00e9talonnage s'appliquent aux.. : Syst\u00e8me d'acquisition (coupleurs d'amplification et de filtrage) Timegate pour machine d'impact Timegate \"double gates\" pour application canon Cellule de charge [...]<\/p>","protected":false},"author":5,"featured_media":0,"parent":3101,"menu_order":0,"comment_status":"closed","ping_status":"closed","template":"","meta":{"footnotes":""},"categories":[],"class_list":["post-3367","page","type-page","status-publish","hentry"],"_links":{"self":[{"href":"https:\/\/www.cadexinc.com\/fr\/wp-json\/wp\/v2\/pages\/3367","targetHints":{"allow":["GET"]}}],"collection":[{"href":"https:\/\/www.cadexinc.com\/fr\/wp-json\/wp\/v2\/pages"}],"about":[{"href":"https:\/\/www.cadexinc.com\/fr\/wp-json\/wp\/v2\/types\/page"}],"author":[{"embeddable":true,"href":"https:\/\/www.cadexinc.com\/fr\/wp-json\/wp\/v2\/users\/5"}],"replies":[{"embeddable":true,"href":"https:\/\/www.cadexinc.com\/fr\/wp-json\/wp\/v2\/comments?post=3367"}],"version-history":[{"count":75,"href":"https:\/\/www.cadexinc.com\/fr\/wp-json\/wp\/v2\/pages\/3367\/revisions"}],"predecessor-version":[{"id":21346,"href":"https:\/\/www.cadexinc.com\/fr\/wp-json\/wp\/v2\/pages\/3367\/revisions\/21346"}],"up":[{"embeddable":true,"href":"https:\/\/www.cadexinc.com\/fr\/wp-json\/wp\/v2\/pages\/3101"}],"wp:attachment":[{"href":"https:\/\/www.cadexinc.com\/fr\/wp-json\/wp\/v2\/media?parent=3367"}],"wp:term":[{"taxonomy":"category","embeddable":true,"href":"https:\/\/www.cadexinc.com\/fr\/wp-json\/wp\/v2\/categories?post=3367"}],"curies":[{"name":"wp","href":"https:\/\/api.w.org\/{rel}","templated":true}]}}