{"id":335,"date":"2022-05-17T20:13:18","date_gmt":"2022-05-18T00:13:18","guid":{"rendered":"http:\/\/www.cadexinc.com\/?page_id=335"},"modified":"2022-05-26T22:10:29","modified_gmt":"2022-05-27T02:10:29","slug":"notre-entreprise","status":"publish","type":"page","link":"https:\/\/www.cadexinc.com\/fr\/notre-entreprise\/","title":{"rendered":"Notre entreprise"},"content":{"rendered":"<!-- Header-->\r\n            <header class=\"py-5\">\r\n                <div class=\"container px-5\">\r\n                    <div class=\"row justify-content-center\">\r\n                        <div class=\"col-lg-8 col-xxl-6\">\r\n                            <div class=\"text-center my-5\">\r\n                                <h1 class=\"fw-bolder mb-3\">Notre mission est de rendre la cr\u00e9ation de sites web plus facile pour tout le monde.<\/h1>\r\n                                <p class=\"lead fw-normal text-muted mb-4\">Start Bootstrap a \u00e9t\u00e9 construit sur l'id\u00e9e que des mod\u00e8les et th\u00e8mes de sites web fonctionnels et de qualit\u00e9 devraient \u00eatre accessibles \u00e0 tous. Utilisez nos produits open source et gratuits, ou soutenez-nous en achetant l'un de nos produits ou services premium.<\/p>\r\n                                <a class=\"btn btn-primary btn-lg\" href=\"#scroll-target\">Lire notre histoire<\/a>\r\n                            <\/div>\r\n                        <\/div>\r\n                    <\/div>\r\n                <\/div>\r\n            <\/header>\r\n            <!-- About section one-->\r\n            <section class=\"py-5 bg-light\" id=\"scroll-target\">\r\n                <div class=\"container px-5 my-5\">\r\n                    <div class=\"row gx-5 align-items-center\">\r\n                        <div class=\"col-lg-6\"><img decoding=\"async\" class=\"img-fluid rounded mb-5 mb-lg-0\" src=\"https:\/\/dummyimage.com\/600x400\/343a40\/6c757d\" alt=\"...\" \/><\/div>\r\n                        <div class=\"col-lg-6\">\r\n                            <h2 class=\"fw-bolder\">Notre fondation<\/h2>\r\n                            <p class=\"lead fw-normal text-muted mb-0\">Lorem ipsum dolor sit amet consectetur adipisicing elit. Iusto est, ut esse a labore aliquam beatae expedita. Blanditiis impedit numquam libero molestiae et fugit cupiditate, quibusdam expedita, maiores eaque quisquam.<\/p>\r\n                        <\/div>\r\n                    <\/div>\r\n                <\/div>\r\n            <\/section>\r\n            <!-- About section two-->\r\n            <section class=\"py-5\">\r\n                <div class=\"container px-5 my-5\">\r\n                    <div class=\"row gx-5 align-items-center\">\r\n                        <div class=\"col-lg-6 order-first order-lg-last\"><img decoding=\"async\" class=\"img-fluid rounded mb-5 mb-lg-0\" src=\"https:\/\/dummyimage.com\/600x400\/343a40\/6c757d\" alt=\"...\" \/><\/div>\r\n                        <div class=\"col-lg-6\">\r\n                            <h2 class=\"fw-bolder\">Croissance et au-del\u00e0<\/h2>\r\n                            <p class=\"lead fw-normal text-muted mb-0\">Lorem ipsum dolor sit amet consectetur adipisicing elit. Iusto est, ut esse a labore aliquam beatae expedita. Blanditiis impedit numquam libero molestiae et fugit cupiditate, quibusdam expedita, maiores eaque quisquam.<\/p>\r\n                        <\/div>\r\n                    <\/div>\r\n                <\/div>\r\n            <\/section>\r\n            <!-- Team members section-->\r\n            <section class=\"py-5 bg-light\">\r\n                <div class=\"container px-5 my-5\">\r\n                    <div class=\"text-center\">\r\n                        <h2 class=\"fw-bolder\">Notre \u00e9quipe<\/h2>\r\n                        <p class=\"lead fw-normal text-muted mb-5\">D\u00e9di\u00e9 \u00e0 la qualit\u00e9 et \u00e0 votre succ\u00e8s<\/p>\r\n                    <\/div>\r\n                    <div class=\"row gx-5 row-cols-1 row-cols-sm-2 row-cols-xl-4 justify-content-center\">\r\n                        <div class=\"col mb-5 mb-5 mb-xl-0\">\r\n                            <div class=\"text-center\">\r\n                                <img decoding=\"async\" class=\"img-fluid rounded-circle mb-4 px-4\" src=\"https:\/\/dummyimage.com\/150x150\/ced4da\/6c757d\" alt=\"...\" \/>\r\n                                <h5 class=\"fw-bolder\">Ibbie Eckart<\/h5>\r\n                                <div class=\"fst-italic text-muted\">Fondateur et PDG<\/div>\r\n                            <\/div>\r\n                        <\/div>\r\n                        <div class=\"col mb-5 mb-5 mb-xl-0\">\r\n                            <div class=\"text-center\">\r\n                                <img decoding=\"async\" class=\"img-fluid rounded-circle mb-4 px-4\" src=\"https:\/\/dummyimage.com\/150x150\/ced4da\/6c757d\" alt=\"...\" \/>\r\n                                <h5 class=\"fw-bolder\">Arden Vasek<\/h5>\r\n                                <div class=\"fst-italic text-muted\">DIRECTEUR FINANCIER<\/div>\r\n                            <\/div>\r\n                        <\/div>\r\n                        <div class=\"col mb-5 mb-5 mb-sm-0\">\r\n                            <div class=\"text-center\">\r\n                                <img decoding=\"async\" class=\"img-fluid rounded-circle mb-4 px-4\" src=\"https:\/\/dummyimage.com\/150x150\/ced4da\/6c757d\" alt=\"...\" \/>\r\n                                <h5 class=\"fw-bolder\">Toribio Nerthus<\/h5>\r\n                                <div class=\"fst-italic text-muted\">Directeur des op\u00e9rations<\/div>\r\n                            <\/div>\r\n                        <\/div>\r\n                        <div class=\"col mb-5\">\r\n                            <div class=\"text-center\">\r\n                                <img decoding=\"async\" class=\"img-fluid rounded-circle mb-4 px-4\" src=\"https:\/\/dummyimage.com\/150x150\/ced4da\/6c757d\" alt=\"...\" \/>\r\n                                <h5 class=\"fw-bolder\">Malvina Cilla<\/h5>\r\n                                <div class=\"fst-italic text-muted\">CTO<\/div>\r\n                            <\/div>\r\n                        <\/div>\r\n                    <\/div>\r\n                <\/div>\r\n            <\/section>\r\n\r\n\r\n<hr>\r\n<div id=\"title_Company\">\r\n\t\t\t  <h1>Technologie des \u00e9quipements d'essai Cadex<\/h1>\r\n\t\t\t<\/div>\r\n\t\t\t\r\n\t\t\t<!--<iframe width=\"700\" height=\"394\" src=\"http:\/\/www.youtube.com\/embed\/sZgcKqNLcyk\" frameborder=\"0\" allowfullscreen><\/iframe>-->\r\n\t\t\t    \r\n\t\t\t\r\n\t\t\t<div id=\"Text_intro\" style=\"position:relative; top:25px; width:700px; padding:10px; text-align:justify;\">\r\n\t\t\t<p>Cadex est le leader mondial en mati\u00e8re de <strong>\u00e9quipement de test des casques<\/strong> technologie pour les laboratoires <strong>machine d'essai<\/strong> des objectifs. Notre <strong>syst\u00e8me de test des casques<\/strong> vous fournir <strong>solutions d'essai<\/strong> pour <strong>absorption des chocs, r\u00e9tention, roulement, projection et friction des chocs, syst\u00e8me de test optique pour la protection des lunettes, forme de la t\u00eate, protection du corps<\/strong> et une vari\u00e9t\u00e9 de <strong>syst\u00e8mes de canons<\/strong> pour <strong>balistique<\/strong> selon <strong>Snell, DOT, ECE22, ASTM, EN1077, EN1078, ANSI, BSI 6658, CSA, Nocsae<\/strong>etc.<\/p>  \r\n\t\t\t<p>Fond\u00e9e en 1994, Cadex s'est rapidement positionn\u00e9e comme un leader dans la recherche et le d\u00e9veloppement de tels syst\u00e8mes d'impact pour casques et de leurs technologies sous-jacentes. Bas\u00e9e au Qu\u00e9bec, notre \u00e9quipe de concepteurs, d'ing\u00e9nieurs et de techniciens r\u00e9pond rapidement et efficacement aux demandes personnalis\u00e9es du march\u00e9 et aux divers projets d'ing\u00e9nierie partout dans le monde.<p>\r\n\r\n\t\t\t<p>Pour une reconnaissance mondiale de vos produits et \u00e9tendre votre march\u00e9 du casque \u00e0 l'international, Cadex <strong>technologie des \u00e9quipements d'essai<\/strong> est la solution dont vous avez besoin.<\/p>\r\n \r\n\t\t\t<\/div>\r\n\t\t\t\r\n\t\t\t<br><br>\r\n\t\t\t\r\n\t\t\t<div id=\"Presentation_pdf\" style=\"position:relative; width:320px; height:240px;padding:10px;\">\r\n\t\t\t\r\n\t\t\t\t<div id=\"Titre_Corpo\" style=\"width:240px; height:20px; position:relative;\">\r\n\t\t\t\t<font style=\"font-family:Arial, Helvetica, sans-serif;\"> <b>Pr\u00e9sentation de l'entreprise Cadex<\/b><\/font>\r\n\t\t\t\t<\/div>\r\n\t\t\t\t<div id=\"Link_Package\" style=\"position:relative; z-index:1;\">\r\n\t\t\t\t<a href=\"http:\/\/www.cadexinc.com\/fr\/media\/CADEX%20Corporate%20Information%20Package%202016.pdf\/\" target=\"_blank\" onmouseover=\"MM_swapImage('Image333','','images\/cadex_presentation_btn2.jpg',1)\" onmouseout=\"MM_swapImgRestore()\" rel=\"noopener\"><img decoding=\"async\" src=\"images\/cadex_presentation_btn.jpg\" name=\"Image333\" width=\"213\" height=\"113\" alt=\"pr\u00e9sentation_boutton\" border=\"0\"><\/a><br><font size=\"2\"><b>* Il est n\u00e9cessaire de disposer d'Adobe Reader pour pouvoir consulter le document. <\/b><br>\r\n\t\t\t\t\t\t\t\t\t\tPour t\u00e9l\u00e9charger Adobe Reader <a href=\"http:\/\/get.adobe.com\/reader\/\" target=\"_blank\" rel=\"noopener\">Cliquez ici<\/a>\r\n\t\t\t\t<\/div>\r\n\t\t\t<br>\r\n\t\t\t<br>\r\n\t\t\t<\/div>","protected":false},"excerpt":{"rendered":"<p>Notre mission est de rendre la construction de sites web plus facile pour tout le monde. Start Bootstrap a \u00e9t\u00e9 construit sur l'id\u00e9e que des mod\u00e8les et des th\u00e8mes de sites web fonctionnels et de qualit\u00e9 devraient \u00eatre accessibles \u00e0 tous. Utilisez nos produits open source et gratuits, ou soutenez-nous en achetant l'un de nos produits ou services premium. Lire notre histoire Notre fondation Lorem ipsum dolor [...]<\/p>","protected":false},"author":5,"featured_media":0,"parent":0,"menu_order":0,"comment_status":"closed","ping_status":"closed","template":"","meta":{"footnotes":""},"categories":[1],"class_list":["post-335","page","type-page","status-publish","hentry","category-uncategorized"],"_links":{"self":[{"href":"https:\/\/www.cadexinc.com\/fr\/wp-json\/wp\/v2\/pages\/335","targetHints":{"allow":["GET"]}}],"collection":[{"href":"https:\/\/www.cadexinc.com\/fr\/wp-json\/wp\/v2\/pages"}],"about":[{"href":"https:\/\/www.cadexinc.com\/fr\/wp-json\/wp\/v2\/types\/page"}],"author":[{"embeddable":true,"href":"https:\/\/www.cadexinc.com\/fr\/wp-json\/wp\/v2\/users\/5"}],"replies":[{"embeddable":true,"href":"https:\/\/www.cadexinc.com\/fr\/wp-json\/wp\/v2\/comments?post=335"}],"version-history":[{"count":0,"href":"https:\/\/www.cadexinc.com\/fr\/wp-json\/wp\/v2\/pages\/335\/revisions"}],"wp:attachment":[{"href":"https:\/\/www.cadexinc.com\/fr\/wp-json\/wp\/v2\/media?parent=335"}],"wp:term":[{"taxonomy":"category","embeddable":true,"href":"https:\/\/www.cadexinc.com\/fr\/wp-json\/wp\/v2\/categories?post=335"}],"curies":[{"name":"wp","href":"https:\/\/api.w.org\/{rel}","templated":true}]}}