{"id":3312,"date":"2022-09-13T19:32:59","date_gmt":"2022-09-13T23:32:59","guid":{"rendered":"http:\/\/www.cadexinc.com\/?page_id=3312"},"modified":"2026-03-24T10:28:39","modified_gmt":"2026-03-24T14:28:39","slug":"cable-pour-accelerometre","status":"publish","type":"page","link":"https:\/\/www.cadexinc.com\/fr\/equipement\/electronique\/cable-pour-accelerometre\/","title":{"rendered":"C\u00e2ble pour acc\u00e9l\u00e9rom\u00e8tre"},"content":{"rendered":"<div data-elementor-type=\"wp-page\" data-elementor-id=\"3312\" class=\"elementor elementor-3312\">\n\t\t\t\t<div class=\"elementor-element elementor-element-952480e e-flex e-con-boxed e-con e-parent\" data-id=\"952480e\" data-element_type=\"container\">\n\t\t\t\t\t<div class=\"e-con-inner\">\n\t\t<div class=\"elementor-element elementor-element-a5cea7d e-con-full e-grid equipment-page-multi-image-box-2 e-con e-child\" data-id=\"a5cea7d\" data-element_type=\"container\">\n\t\t<div class=\"elementor-element elementor-element-7c1ce59 e-con-full e-flex e-con e-child\" data-id=\"7c1ce59\" data-element_type=\"container\">\n\t\t\t\t<div class=\"elementor-element elementor-element-4cc8e4d elementor-widget elementor-widget-text-editor\" data-id=\"4cc8e4d\" data-element_type=\"widget\" data-widget_type=\"text-editor.default\">\n\t\t\t\t<div class=\"elementor-widget-container\">\n\t\t\t\t\t\t\t\t\t<p class=\"cdx-title cdx-text-align-justify\">C\u00e2ble coaxial basse perte pour acc\u00e9l\u00e9rom\u00e8tre<\/p>\t\t\t\t\t\t\t\t<\/div>\n\t\t\t\t<\/div>\n\t\t\t\t<div class=\"elementor-element elementor-element-a063514 equipment-sub-titles elementor-widget elementor-widget-heading\" data-id=\"a063514\" data-element_type=\"widget\" data-widget_type=\"heading.default\">\n\t\t\t\t<div class=\"elementor-widget-container\">\n\t\t\t\t\t<h6 class=\"elementor-heading-title elementor-size-default\">CARACT\u00c9RISTIQUES\u202f:<\/h6>\t\t\t\t<\/div>\n\t\t\t\t<\/div>\n\t\t\t\t<div class=\"elementor-element elementor-element-07ec898 elementor-widget elementor-widget-text-editor\" data-id=\"07ec898\" data-element_type=\"widget\" data-widget_type=\"text-editor.default\">\n\t\t\t\t<div class=\"elementor-widget-container\">\n\t\t\t\t\t\t\t\t\t<ul class=\"special-list\">\n<li>Lengths available:\n3 meters\/10 feet or 6 meters\/20 feet<\/li>\n<li>Autre extr\u00e9mit\u00e9 : Connecteur(s) BNC<\/li>\n<\/ul>\t\t\t\t\t\t\t\t<\/div>\n\t\t\t\t<\/div>\n\t\t\t\t<\/div>\n\t\t<div class=\"elementor-element elementor-element-696a5f3 e-con-full e-flex e-con e-child\" data-id=\"696a5f3\" data-element_type=\"container\">\n\t\t\t\t<div class=\"elementor-element elementor-element-251efd1 elementor-widget elementor-widget-text-editor\" data-id=\"251efd1\" data-element_type=\"widget\" data-widget_type=\"text-editor.default\">\n\t\t\t\t<div class=\"elementor-widget-container\">\n\t\t\t\t\t\t\t\t\t<div style=\"text-align: center; font-size: 16px; background-color: lightgray; padding-top:5px;padding-bottom:5px;\">C\u00e2ble pour acc\u00e9l\u00e9rom\u00e8tre uniaxial<\/div>\t\t\t\t\t\t\t\t<\/div>\n\t\t\t\t<\/div>\n\t\t\t\t<div class=\"elementor-element elementor-element-01e0f73 elementor-widget elementor-widget-text-editor\" data-id=\"01e0f73\" data-element_type=\"widget\" data-widget_type=\"text-editor.default\">\n\t\t\t\t<div class=\"elementor-widget-container\">\n\t\t\t\t\t\t\t\t\t<div class=\"cdx-text-underline-space\" style=\"text-decoration: underline; text-underline-offset: 5px !important; text-align: center; font-size: 16px;\">P\/N : 200_01_AUAX<\/div>\t\t\t\t\t\t\t\t<\/div>\n\t\t\t\t<\/div>\n\t\t\t\t<div class=\"elementor-element elementor-element-0dd9188 elementor-widget elementor-widget-image\" data-id=\"0dd9188\" data-element_type=\"widget\" data-widget_type=\"image.default\">\n\t\t\t\t<div class=\"elementor-widget-container\">\n\t\t\t\t\t\t\t\t\t\t\t\t<figure class=\"wp-caption\">\n\t\t\t\t\t\t\t\t\t\t<img fetchpriority=\"high\" decoding=\"async\" width=\"775\" height=\"360\" src=\"https:\/\/www.cadexinc.com\/wp-content\/uploads\/2025\/04\/200_01_AUAXCable.webp\" class=\"attachment-large size-large wp-image-18245\" alt=\"\" srcset=\"https:\/\/www.cadexinc.com\/wp-content\/uploads\/2025\/04\/200_01_AUAXCable.webp 775w, https:\/\/www.cadexinc.com\/wp-content\/uploads\/2025\/04\/200_01_AUAXCable-300x139.webp 300w, https:\/\/www.cadexinc.com\/wp-content\/uploads\/2025\/04\/200_01_AUAXCable-768x357.webp 768w, https:\/\/www.cadexinc.com\/wp-content\/uploads\/2025\/04\/200_01_AUAXCable-18x8.webp 18w, https:\/\/www.cadexinc.com\/wp-content\/uploads\/2025\/04\/200_01_AUAXCable-416x193.webp 416w\" sizes=\"(max-width: 775px) 100vw, 775px\" \/>\t\t\t\t\t\t\t\t\t\t\t<figcaption class=\"widget-image-caption wp-caption-text\"><\/figcaption>\n\t\t\t\t\t\t\t\t\t\t<\/figure>\n\t\t\t\t\t\t\t\t\t<\/div>\n\t\t\t\t<\/div>\n\t\t\t\t<\/div>\n\t\t<div class=\"elementor-element elementor-element-3a3b6fe e-con-full e-flex e-con e-child\" data-id=\"3a3b6fe\" data-element_type=\"container\">\n\t\t\t\t<div class=\"elementor-element elementor-element-bca38e2 elementor-widget elementor-widget-text-editor\" data-id=\"bca38e2\" data-element_type=\"widget\" data-widget_type=\"text-editor.default\">\n\t\t\t\t<div class=\"elementor-widget-container\">\n\t\t\t\t\t\t\t\t\t<div style=\"text-align: center; font-size: 16px; background-color: lightgray; padding-top:5px;padding-bottom:5px;\">C\u00e2ble pour acc\u00e9l\u00e9rom\u00e8tre triaxial<\/div>\t\t\t\t\t\t\t\t<\/div>\n\t\t\t\t<\/div>\n\t\t\t\t<div class=\"elementor-element elementor-element-eab0d0d elementor-widget elementor-widget-text-editor\" data-id=\"eab0d0d\" data-element_type=\"widget\" data-widget_type=\"text-editor.default\">\n\t\t\t\t<div class=\"elementor-widget-container\">\n\t\t\t\t\t\t\t\t\t<div class=\"cdx-text-underline-space\" style=\"text-decoration: underline; text-underline-offset: 5px !important; text-align: center; font-size: 16px;\">P\/N : 200_01_ATAX<\/div>\t\t\t\t\t\t\t\t<\/div>\n\t\t\t\t<\/div>\n\t\t\t\t<div class=\"elementor-element elementor-element-8a7db81 elementor-widget elementor-widget-image\" data-id=\"8a7db81\" data-element_type=\"widget\" data-widget_type=\"image.default\">\n\t\t\t\t<div class=\"elementor-widget-container\">\n\t\t\t\t\t\t\t\t\t\t\t\t<figure class=\"wp-caption\">\n\t\t\t\t\t\t\t\t\t\t<img decoding=\"async\" width=\"775\" height=\"360\" src=\"https:\/\/www.cadexinc.com\/wp-content\/uploads\/2025\/04\/200_01_ATAXCable.webp\" class=\"attachment-large size-large wp-image-18246\" alt=\"\" srcset=\"https:\/\/www.cadexinc.com\/wp-content\/uploads\/2025\/04\/200_01_ATAXCable.webp 775w, https:\/\/www.cadexinc.com\/wp-content\/uploads\/2025\/04\/200_01_ATAXCable-300x139.webp 300w, https:\/\/www.cadexinc.com\/wp-content\/uploads\/2025\/04\/200_01_ATAXCable-768x357.webp 768w, https:\/\/www.cadexinc.com\/wp-content\/uploads\/2025\/04\/200_01_ATAXCable-18x8.webp 18w, https:\/\/www.cadexinc.com\/wp-content\/uploads\/2025\/04\/200_01_ATAXCable-416x193.webp 416w\" sizes=\"(max-width: 775px) 100vw, 775px\" \/>\t\t\t\t\t\t\t\t\t\t\t<figcaption class=\"widget-image-caption wp-caption-text\"><\/figcaption>\n\t\t\t\t\t\t\t\t\t\t<\/figure>\n\t\t\t\t\t\t\t\t\t<\/div>\n\t\t\t\t<\/div>\n\t\t\t\t<\/div>\n\t\t\t\t<\/div>\n\t\t\t\t\t<\/div>\n\t\t\t\t<\/div>\n\t\t\t\t<\/div>","protected":false},"excerpt":{"rendered":"<p>Low noise coaxial cable for accelerometer. FEATURES: Lengths available: 3 meters\/10 feet or 6 meters\/20 feet Other end: BNC connector(s) Cable for uniaxial accelerometerP\/N: 200_01_AUAX Cable for triaxial accelerometerP\/N: 200_01_ATAX<\/p>","protected":false},"author":5,"featured_media":17481,"parent":3152,"menu_order":0,"comment_status":"closed","ping_status":"closed","template":"","meta":{"footnotes":""},"categories":[39],"class_list":["post-3312","page","type-page","status-publish","has-post-thumbnail","hentry","category-electronic-data-equipment"],"_links":{"self":[{"href":"https:\/\/www.cadexinc.com\/fr\/wp-json\/wp\/v2\/pages\/3312","targetHints":{"allow":["GET"]}}],"collection":[{"href":"https:\/\/www.cadexinc.com\/fr\/wp-json\/wp\/v2\/pages"}],"about":[{"href":"https:\/\/www.cadexinc.com\/fr\/wp-json\/wp\/v2\/types\/page"}],"author":[{"embeddable":true,"href":"https:\/\/www.cadexinc.com\/fr\/wp-json\/wp\/v2\/users\/5"}],"replies":[{"embeddable":true,"href":"https:\/\/www.cadexinc.com\/fr\/wp-json\/wp\/v2\/comments?post=3312"}],"version-history":[{"count":100,"href":"https:\/\/www.cadexinc.com\/fr\/wp-json\/wp\/v2\/pages\/3312\/revisions"}],"predecessor-version":[{"id":21316,"href":"https:\/\/www.cadexinc.com\/fr\/wp-json\/wp\/v2\/pages\/3312\/revisions\/21316"}],"up":[{"embeddable":true,"href":"https:\/\/www.cadexinc.com\/fr\/wp-json\/wp\/v2\/pages\/3152"}],"wp:featuredmedia":[{"embeddable":true,"href":"https:\/\/www.cadexinc.com\/fr\/wp-json\/wp\/v2\/media\/17481"}],"wp:attachment":[{"href":"https:\/\/www.cadexinc.com\/fr\/wp-json\/wp\/v2\/media?parent=3312"}],"wp:term":[{"taxonomy":"category","embeddable":true,"href":"https:\/\/www.cadexinc.com\/fr\/wp-json\/wp\/v2\/categories?post=3312"}],"curies":[{"name":"wp","href":"https:\/\/api.w.org\/{rel}","templated":true}]}}