{"id":3301,"date":"2022-09-13T19:15:00","date_gmt":"2022-09-13T23:15:00","guid":{"rendered":"http:\/\/www.cadexinc.com\/?page_id=3301"},"modified":"2026-03-24T10:39:32","modified_gmt":"2026-03-24T14:39:32","slug":"systeme-de-rotation-ece-22-06","status":"publish","type":"page","link":"https:\/\/www.cadexinc.com\/fr\/equipement\/electronique\/systeme-de-rotation-ece-22-06\/","title":{"rendered":"Kit d\u2019acquisition pour impact rotationnel"},"content":{"rendered":"<div data-elementor-type=\"wp-page\" data-elementor-id=\"3301\" class=\"elementor elementor-3301\">\n\t\t\t\t<div class=\"elementor-element elementor-element-567eaf6b elementor-hidden-desktop elementor-hidden-tablet e-flex e-con-boxed e-con e-parent\" data-id=\"567eaf6b\" data-element_type=\"container\">\n\t\t\t\t\t<div class=\"e-con-inner\">\n\t\t\t\t<div class=\"elementor-element elementor-element-61f54f1 elementor-widget elementor-widget-image\" data-id=\"61f54f1\" data-element_type=\"widget\" data-widget_type=\"image.default\">\n\t\t\t\t<div class=\"elementor-widget-container\">\n\t\t\t\t\t\t\t\t\t\t\t\t\t\t\t<img fetchpriority=\"high\" decoding=\"async\" width=\"980\" height=\"822\" src=\"https:\/\/www.cadexinc.com\/wp-content\/uploads\/2023\/07\/Acquisition-Kit_mainBox-1024x859.webp\" class=\"attachment-large size-large wp-image-13085\" alt=\"\" srcset=\"https:\/\/www.cadexinc.com\/wp-content\/uploads\/2023\/07\/Acquisition-Kit_mainBox-1024x859.webp 1024w, https:\/\/www.cadexinc.com\/wp-content\/uploads\/2023\/07\/Acquisition-Kit_mainBox-300x252.webp 300w, https:\/\/www.cadexinc.com\/wp-content\/uploads\/2023\/07\/Acquisition-Kit_mainBox-768x644.webp 768w, https:\/\/www.cadexinc.com\/wp-content\/uploads\/2023\/07\/Acquisition-Kit_mainBox-416x349.webp 416w, https:\/\/www.cadexinc.com\/wp-content\/uploads\/2023\/07\/Acquisition-Kit_mainBox.webp 1248w\" sizes=\"(max-width: 980px) 100vw, 980px\" \/>\t\t\t\t\t\t\t\t\t\t\t\t\t\t\t<\/div>\n\t\t\t\t<\/div>\n\t\t\t\t\t<\/div>\n\t\t\t\t<\/div>\n\t\t<div class=\"elementor-element elementor-element-b9b55bf e-flex e-con-boxed e-con e-parent\" data-id=\"b9b55bf\" data-element_type=\"container\">\n\t\t\t\t\t<div class=\"e-con-inner\">\n\t\t<div class=\"elementor-element elementor-element-87cf983 e-con-full e-flex e-con e-child\" data-id=\"87cf983\" data-element_type=\"container\">\n\t\t<div class=\"elementor-element elementor-element-f5c39d7 e-con-full e-flex e-con e-child\" data-id=\"f5c39d7\" data-element_type=\"container\">\n\t\t<div class=\"elementor-element elementor-element-67bf2e2 e-con-full equipment-main-right-block e-flex e-con e-child\" data-id=\"67bf2e2\" data-element_type=\"container\">\n\t\t<div class=\"elementor-element elementor-element-b48cf64 e-con-full e-flex e-con e-child\" data-id=\"b48cf64\" data-element_type=\"container\">\n\t\t\t\t<div class=\"elementor-element elementor-element-2283c5e elementor-widget elementor-widget-text-editor\" data-id=\"2283c5e\" data-element_type=\"widget\" data-widget_type=\"text-editor.default\">\n\t\t\t\t<div class=\"elementor-widget-container\">\n\t\t\t\t\t\t\t\t\t<p class=\"cdx-title cdx-text-align-justify\">Le syst\u00e8me rotatif sans fil Cadex a \u00e9t\u00e9 d\u00e9velopp\u00e9 conform\u00e9ment \u00e0 la norme ECE-22.06.<\/p>\t\t\t\t\t\t\t\t<\/div>\n\t\t\t\t<\/div>\n\t\t\t\t<div class=\"elementor-element elementor-element-a9ebd07 equipment-sub-titles elementor-widget elementor-widget-heading\" data-id=\"a9ebd07\" data-element_type=\"widget\" data-widget_type=\"heading.default\">\n\t\t\t\t<div class=\"elementor-widget-container\">\n\t\t\t\t\t<h6 class=\"elementor-heading-title elementor-size-default\">CARACT\u00c9RISTIQUES\u202f:<\/h6>\t\t\t\t<\/div>\n\t\t\t\t<\/div>\n\t\t\t\t<div class=\"elementor-element elementor-element-a524f65 elementor-widget elementor-widget-text-editor\" data-id=\"a524f65\" data-element_type=\"widget\" data-widget_type=\"text-editor.default\">\n\t\t\t\t<div class=\"elementor-widget-container\">\n\t\t\t\t\t\t\t\t\t<ul class=\"special-list\">\n<li>Pas de transfert de cl\u00e9 USB<\/li>\n<li>Bo\u00eetier rigide avec mousse d\u00e9coup\u00e9e<\/li>\n<li>Outils<\/li>\n<li>Chargeur<\/li>\n<li>Programmeur<\/li>\n<li>Rooter WIFI<\/li>\n<li>Mise \u00e0 jour du logiciel pour les essais de rotation<\/li>\n<li>Amplification int\u00e9gr\u00e9e \u00e0 6 canaux<\/li>\n<li>Pile au lithium int\u00e9gr\u00e9e<\/li>\n<li>Certificat d'\u00e9talonnage<\/li>\n<li>Assemblage de c\u00f4nes (acc\u00e9l\u00e9rom\u00e8tre DTS 6DX PRO, syst\u00e8me d'acquisition miniaturis\u00e9 int\u00e9gr\u00e9 en temps r\u00e9el)<\/li>\n<\/ul>\t\t\t\t\t\t\t\t<\/div>\n\t\t\t\t<\/div>\n\t\t\t\t<div class=\"elementor-element elementor-element-5a07c2e equipment-sub-titles elementor-widget elementor-widget-heading\" data-id=\"5a07c2e\" data-element_type=\"widget\" data-widget_type=\"heading.default\">\n\t\t\t\t<div class=\"elementor-widget-container\">\n\t\t\t\t\t<h6 class=\"elementor-heading-title elementor-size-default\">DIMENSIONS DE LA VALISE (APPROX) :<\/h6>\t\t\t\t<\/div>\n\t\t\t\t<\/div>\n\t\t\t\t<div class=\"elementor-element elementor-element-bf483e0 elementor-widget elementor-widget-text-editor\" data-id=\"bf483e0\" data-element_type=\"widget\" data-widget_type=\"text-editor.default\">\n\t\t\t\t<div class=\"elementor-widget-container\">\n\t\t\t\t\t\t\t\t\t<ul class=\"special-list\">\n<li>Longueur : 40,13 cm \/ 15,8 in<\/li>\n<li>Width:\u00a0 \u00a030.7 cm \/ 12.1 in<\/li>\n<li>Hauteur : 17,3 cm \/ 6,8 in<\/li>\n<\/ul>\t\t\t\t\t\t\t\t<\/div>\n\t\t\t\t<\/div>\n\t\t\t\t<div class=\"elementor-element elementor-element-027b15a equipment-sub-titles elementor-widget elementor-widget-heading\" data-id=\"027b15a\" data-element_type=\"widget\" data-widget_type=\"heading.default\">\n\t\t\t\t<div class=\"elementor-widget-container\">\n\t\t\t\t\t<h6 class=\"elementor-heading-title elementor-size-default\">CON\u00c7U POUR S\u2019ADAPTER AUX FORMES DE T\u00caTE SUIVANTES :<\/h6>\t\t\t\t<\/div>\n\t\t\t\t<\/div>\n\t\t\t\t<div class=\"elementor-element elementor-element-20e410d elementor-widget elementor-widget-text-editor\" data-id=\"20e410d\" data-element_type=\"widget\" data-widget_type=\"text-editor.default\">\n\t\t\t\t<div class=\"elementor-widget-container\">\n\t\t\t\t\t\t\t\t\t<ul class=\"special-list\">\n<li>ISO\/DIS 6220<\/li>\n<li>EN 960<\/li>\n<li>Les coiffes sont vendues s\u00e9par\u00e9ment<\/li>\n<\/ul>\t\t\t\t\t\t\t\t<\/div>\n\t\t\t\t<\/div>\n\t\t\t\t<\/div>\n\t\t\t\t<\/div>\n\t\t\t\t<\/div>\n\t\t<div class=\"elementor-element elementor-element-041d30a e-con-full elementor-hidden-mobile e-flex e-con e-child\" data-id=\"041d30a\" data-element_type=\"container\">\n\t\t\t\t<div class=\"elementor-element elementor-element-9f7f72c elementor-widget elementor-widget-image\" data-id=\"9f7f72c\" data-element_type=\"widget\" data-widget_type=\"image.default\">\n\t\t\t\t<div class=\"elementor-widget-container\">\n\t\t\t\t\t\t\t\t\t\t\t\t\t\t\t<img fetchpriority=\"high\" decoding=\"async\" width=\"980\" height=\"822\" src=\"https:\/\/www.cadexinc.com\/wp-content\/uploads\/2023\/07\/Acquisition-Kit_mainBox-1024x859.webp\" class=\"attachment-large size-large wp-image-13085\" alt=\"\" srcset=\"https:\/\/www.cadexinc.com\/wp-content\/uploads\/2023\/07\/Acquisition-Kit_mainBox-1024x859.webp 1024w, https:\/\/www.cadexinc.com\/wp-content\/uploads\/2023\/07\/Acquisition-Kit_mainBox-300x252.webp 300w, https:\/\/www.cadexinc.com\/wp-content\/uploads\/2023\/07\/Acquisition-Kit_mainBox-768x644.webp 768w, https:\/\/www.cadexinc.com\/wp-content\/uploads\/2023\/07\/Acquisition-Kit_mainBox-416x349.webp 416w, https:\/\/www.cadexinc.com\/wp-content\/uploads\/2023\/07\/Acquisition-Kit_mainBox.webp 1248w\" sizes=\"(max-width: 980px) 100vw, 980px\" \/>\t\t\t\t\t\t\t\t\t\t\t\t\t\t\t<\/div>\n\t\t\t\t<\/div>\n\t\t\t\t<\/div>\n\t\t\t\t<\/div>\n\t\t\t\t\t<\/div>\n\t\t\t\t<\/div>\n\t\t<div class=\"elementor-element elementor-element-769b1d5 e-flex e-con-boxed e-con e-parent\" data-id=\"769b1d5\" data-element_type=\"container\">\n\t\t\t\t\t<div class=\"e-con-inner\">\n\t\t<div class=\"elementor-element elementor-element-6e86806 e-con-full e-grid equipment-page-multi-image-box e-con e-child\" data-id=\"6e86806\" data-element_type=\"container\">\n\t\t\t\t<div class=\"elementor-element elementor-element-4c13ff4 elementor-widget elementor-widget-image\" data-id=\"4c13ff4\" data-element_type=\"widget\" data-widget_type=\"image.default\">\n\t\t\t\t<div class=\"elementor-widget-container\">\n\t\t\t\t\t\t\t\t\t\t\t\t\t\t\t<img decoding=\"async\" width=\"1000\" height=\"868\" src=\"https:\/\/www.cadexinc.com\/wp-content\/uploads\/2025\/03\/aquisition-kit-2-new.webp\" class=\"attachment-full size-full wp-image-17487\" alt=\"\" srcset=\"https:\/\/www.cadexinc.com\/wp-content\/uploads\/2025\/03\/aquisition-kit-2-new.webp 1000w, https:\/\/www.cadexinc.com\/wp-content\/uploads\/2025\/03\/aquisition-kit-2-new-300x260.webp 300w, https:\/\/www.cadexinc.com\/wp-content\/uploads\/2025\/03\/aquisition-kit-2-new-768x667.webp 768w, https:\/\/www.cadexinc.com\/wp-content\/uploads\/2025\/03\/aquisition-kit-2-new-14x12.webp 14w, https:\/\/www.cadexinc.com\/wp-content\/uploads\/2025\/03\/aquisition-kit-2-new-416x361.webp 416w\" sizes=\"(max-width: 1000px) 100vw, 1000px\" \/>\t\t\t\t\t\t\t\t\t\t\t\t\t\t\t<\/div>\n\t\t\t\t<\/div>\n\t\t\t\t<div class=\"elementor-element elementor-element-9a477dd elementor-widget elementor-widget-image\" data-id=\"9a477dd\" data-element_type=\"widget\" data-widget_type=\"image.default\">\n\t\t\t\t<div class=\"elementor-widget-container\">\n\t\t\t\t\t\t\t\t\t\t\t\t<figure class=\"wp-caption\">\n\t\t\t\t\t\t\t\t\t\t<img decoding=\"async\" width=\"1000\" height=\"868\" src=\"https:\/\/www.cadexinc.com\/wp-content\/uploads\/2025\/03\/aquisition-kit-3-new.webp\" class=\"attachment-full size-full wp-image-17486\" alt=\"\" srcset=\"https:\/\/www.cadexinc.com\/wp-content\/uploads\/2025\/03\/aquisition-kit-3-new.webp 1000w, https:\/\/www.cadexinc.com\/wp-content\/uploads\/2025\/03\/aquisition-kit-3-new-300x260.webp 300w, https:\/\/www.cadexinc.com\/wp-content\/uploads\/2025\/03\/aquisition-kit-3-new-768x667.webp 768w, https:\/\/www.cadexinc.com\/wp-content\/uploads\/2025\/03\/aquisition-kit-3-new-14x12.webp 14w, https:\/\/www.cadexinc.com\/wp-content\/uploads\/2025\/03\/aquisition-kit-3-new-416x361.webp 416w\" sizes=\"(max-width: 1000px) 100vw, 1000px\" \/>\t\t\t\t\t\t\t\t\t\t\t<figcaption class=\"widget-image-caption wp-caption-text\">Vue inf\u00e9rieure du syst\u00e8me<\/figcaption>\n\t\t\t\t\t\t\t\t\t\t<\/figure>\n\t\t\t\t\t\t\t\t\t<\/div>\n\t\t\t\t<\/div>\n\t\t\t\t<div class=\"elementor-element elementor-element-6f20220 elementor-widget elementor-widget-image\" data-id=\"6f20220\" data-element_type=\"widget\" data-widget_type=\"image.default\">\n\t\t\t\t<div class=\"elementor-widget-container\">\n\t\t\t\t\t\t\t\t\t\t\t\t<figure class=\"wp-caption\">\n\t\t\t\t\t\t\t\t\t\t<img loading=\"lazy\" decoding=\"async\" width=\"1000\" height=\"868\" src=\"https:\/\/www.cadexinc.com\/wp-content\/uploads\/2025\/03\/aquisition-kit-4-new.webp\" class=\"attachment-full size-full wp-image-17489\" alt=\"\" srcset=\"https:\/\/www.cadexinc.com\/wp-content\/uploads\/2025\/03\/aquisition-kit-4-new.webp 1000w, https:\/\/www.cadexinc.com\/wp-content\/uploads\/2025\/03\/aquisition-kit-4-new-300x260.webp 300w, https:\/\/www.cadexinc.com\/wp-content\/uploads\/2025\/03\/aquisition-kit-4-new-768x667.webp 768w, https:\/\/www.cadexinc.com\/wp-content\/uploads\/2025\/03\/aquisition-kit-4-new-14x12.webp 14w, https:\/\/www.cadexinc.com\/wp-content\/uploads\/2025\/03\/aquisition-kit-4-new-416x361.webp 416w\" sizes=\"(max-width: 1000px) 100vw, 1000px\" \/>\t\t\t\t\t\t\t\t\t\t\t<figcaption class=\"widget-image-caption wp-caption-text\">Int\u00e9rieur de la valise rigide<\/figcaption>\n\t\t\t\t\t\t\t\t\t\t<\/figure>\n\t\t\t\t\t\t\t\t\t<\/div>\n\t\t\t\t<\/div>\n\t\t\t\t<\/div>\n\t\t\t\t\t<\/div>\n\t\t\t\t<\/div>\n\t\t\t\t<\/div>","protected":false},"excerpt":{"rendered":"<p>The Cadex rotational wireless system has been developed in accordance with the ECE-22.06 standard. FEATURES: No USB key transfer Hardcase with cut-out foam Tools Charger Programmer WIFI rooter Software updated for rotational testing 6 channel amplification built-in Lithium battery built-in Calibration certificate Cone assembly (accelerometer DTS 6DX PRO, integrated miniaturized acquisition system in real-time) DIMENSIONS [&hellip;]<\/p>","protected":false},"author":5,"featured_media":13085,"parent":3152,"menu_order":0,"comment_status":"closed","ping_status":"closed","template":"","meta":{"footnotes":""},"categories":[39],"class_list":["post-3301","page","type-page","status-publish","has-post-thumbnail","hentry","category-electronic-data-equipment"],"_links":{"self":[{"href":"https:\/\/www.cadexinc.com\/fr\/wp-json\/wp\/v2\/pages\/3301","targetHints":{"allow":["GET"]}}],"collection":[{"href":"https:\/\/www.cadexinc.com\/fr\/wp-json\/wp\/v2\/pages"}],"about":[{"href":"https:\/\/www.cadexinc.com\/fr\/wp-json\/wp\/v2\/types\/page"}],"author":[{"embeddable":true,"href":"https:\/\/www.cadexinc.com\/fr\/wp-json\/wp\/v2\/users\/5"}],"replies":[{"embeddable":true,"href":"https:\/\/www.cadexinc.com\/fr\/wp-json\/wp\/v2\/comments?post=3301"}],"version-history":[{"count":97,"href":"https:\/\/www.cadexinc.com\/fr\/wp-json\/wp\/v2\/pages\/3301\/revisions"}],"predecessor-version":[{"id":21325,"href":"https:\/\/www.cadexinc.com\/fr\/wp-json\/wp\/v2\/pages\/3301\/revisions\/21325"}],"up":[{"embeddable":true,"href":"https:\/\/www.cadexinc.com\/fr\/wp-json\/wp\/v2\/pages\/3152"}],"wp:featuredmedia":[{"embeddable":true,"href":"https:\/\/www.cadexinc.com\/fr\/wp-json\/wp\/v2\/media\/13085"}],"wp:attachment":[{"href":"https:\/\/www.cadexinc.com\/fr\/wp-json\/wp\/v2\/media?parent=3301"}],"wp:term":[{"taxonomy":"category","embeddable":true,"href":"https:\/\/www.cadexinc.com\/fr\/wp-json\/wp\/v2\/categories?post=3301"}],"curies":[{"name":"wp","href":"https:\/\/api.w.org\/{rel}","templated":true}]}}