{"id":3207,"date":"2022-09-08T19:44:29","date_gmt":"2022-09-08T23:44:29","guid":{"rendered":"http:\/\/www.cadexinc.com\/?page_id=3207"},"modified":"2026-03-09T11:20:56","modified_gmt":"2026-03-09T15:20:56","slug":"machines-de-conditionnement","status":"publish","type":"page","link":"https:\/\/www.cadexinc.com\/fr\/equipement\/machines\/machines-de-conditionnement\/","title":{"rendered":"Conditionnement"},"content":{"rendered":"<div data-elementor-type=\"wp-page\" data-elementor-id=\"3207\" class=\"elementor elementor-3207\">\n\t\t\t\t<div class=\"elementor-element elementor-element-d1df547 elementor-hidden-desktop elementor-hidden-tablet elementor-hidden-mobile e-flex e-con-boxed e-con e-parent\" data-id=\"d1df547\" data-element_type=\"container\">\n\t\t\t\t\t<div class=\"e-con-inner\">\n\t\t\t\t<div class=\"elementor-element elementor-element-518717bf elementor-widget elementor-widget-text-editor\" data-id=\"518717bf\" data-element_type=\"widget\" data-widget_type=\"text-editor.default\">\n\t\t\t\t<div class=\"elementor-widget-container\">\n\t\t\t\t\t\t\t\t\t<div class=\"container\">\r\n    <div class=\"row\">\r\n\r\n        <div class=\"col-sm-6\">\r\n<a href=\"https:\/\/www.cadexinc.com\/fr\/equipement\/machines\/machines-de-conditionnement\/machine-de-conditionnement-a-froid\/\">\r\n            <div class=\"d-flex align-items-center justify-content-center border shadow-sm bg-light bg-gradient border-2 rounded-1 cdx-col cdx-equip\">\r\n                    <h3 class=\"fw-bolder text-uppercase  text-center\">Cong\u00e9lateur pour conditionnement \u00e0 froid<\/h3>\r\n            <\/div>\r\n <\/a>\r\n        <\/div>\r\n\r\n <div class=\"col-sm-6\">\r\n<a href=\"https:\/\/www.cadexinc.com\/fr\/equipement\/machines\/machines-de-conditionnement\/machine-de-conditionnement-a-chaud\/\">\r\n            <div class=\"d-flex align-items-center justify-content-center border shadow-sm bg-light bg-gradient border-2 rounded-1 cdx-col cdx-equip\">\r\n                    <h3 class=\"fw-bolder text-uppercase  text-center\">Four pour conditionnement \u00e0 chaud<\/h3>\r\n            <\/div>\r\n <\/a>\r\n        <\/div>\r\n\r\n        <div class=\"col-sm-6\">\r\n <a href=\"https:\/\/www.cadexinc.com\/fr\/equipement\/machines\/machines-de-conditionnement\/machine-de-conditionnement-de-la-pluie\/\">\r\n            <div class=\"d-flex align-items-center justify-content-center border shadow-sm bg-light bg-gradient border-2 rounded-1 cdx-col cdx-equip\">\r\n                    <h3 class=\"fw-bolder text-uppercase  text-center\">Machine de simulation de pluie<\/h3>\r\n            <\/div>\r\n <\/a>\r\n        <\/div>\r\n\r\n        <div class=\"col-sm-6\">\r\n<a href=\"https:\/\/www.cadexinc.com\/fr\/equipement\/machines\/machines-de-conditionnement\/chambre-radiante\/\">\r\n            <div class=\"d-flex align-items-center justify-content-center border shadow-sm bg-light bg-gradient border-2 rounded-1 cdx-col cdx-equip\">\r\n                    <h3 class=\"fw-bolder text-uppercase  text-center\">Chambre \u00e0 chaleur radiante<\/h3>\r\n            <\/div>\r\n <\/a>\r\n        <\/div>\r\n\r\n<div class=\"col-sm-6\">\r\n<a href=\"https:\/\/www.cadexinc.com\/fr\/equipement\/machines\/machines-de-conditionnement\/unite-de-chambre-uv\/\">\r\n            <div class=\"d-flex align-items-center justify-content-center border shadow-sm bg-light bg-gradient border-2 rounded-1 cdx-col cdx-equip\">\r\n                    <h3 class=\"fw-bolder text-uppercase  text-center\">Unit\u00e9 de chambre de conditionnement UV<\/h3>\r\n            <\/div>\r\n <\/a>\r\n        <\/div>\r\n\r\n    <\/div>\r\n<\/div>\t\t\t\t\t\t\t\t<\/div>\n\t\t\t\t<\/div>\n\t\t\t\t\t<\/div>\n\t\t\t\t<\/div>\n\t\t<div class=\"elementor-element elementor-element-36a66dd e-flex e-con-boxed e-con e-parent\" data-id=\"36a66dd\" data-element_type=\"container\">\n\t\t\t\t\t<div class=\"e-con-inner\">\n\t\t<div class=\"elementor-element elementor-element-e2be352 e-grid e-con-full e-con e-child\" data-id=\"e2be352\" data-element_type=\"container\">\n\t\t\t\t<div class=\"elementor-element elementor-element-efb5689 elementor-widget elementor-widget-html\" data-id=\"efb5689\" data-element_type=\"widget\" data-widget_type=\"html.default\">\n\t\t\t\t<div class=\"elementor-widget-container\">\n\t\t\t\t\t<article class=\"category-item category-block-with-no-icon cdx-equip\">\r\n        <h2>Four pour conditionnement \u00e0 chaud<\/h2>\r\n        <a href=\"\/fr\/equipement\/machines\/machines-de-conditionnement\/machine-de-conditionnement-a-chaud\/\" class=\"btn\">Plus d'informations<\/a>\r\n      <\/article>\t\t\t\t<\/div>\n\t\t\t\t<\/div>\n\t\t\t\t<div class=\"elementor-element elementor-element-3a189a6 elementor-widget elementor-widget-html\" data-id=\"3a189a6\" data-element_type=\"widget\" data-widget_type=\"html.default\">\n\t\t\t\t<div class=\"elementor-widget-container\">\n\t\t\t\t\t<article class=\"category-item category-block-with-no-icon cdx-equip\">\r\n        <h2>Cong\u00e9lateur pour conditionnement \u00e0 froid<\/h2>\r\n        <a href=\"\/fr\/equipement\/machines\/machines-de-conditionnement\/machine-de-conditionnement-a-froid\/\" class=\"btn\">Plus d'informations<\/a>\r\n      <\/article>\t\t\t\t<\/div>\n\t\t\t\t<\/div>\n\t\t\t\t<div class=\"elementor-element elementor-element-65ce536 elementor-widget elementor-widget-html\" data-id=\"65ce536\" data-element_type=\"widget\" data-widget_type=\"html.default\">\n\t\t\t\t<div class=\"elementor-widget-container\">\n\t\t\t\t\t<article class=\"category-item category-block-with-no-icon cdx-equip\">\r\n        <h2>Machine de simulation de pluie<\/h2>\r\n        <a href=\"\/fr\/equipement\/machines\/machines-de-conditionnement\/machine-de-conditionnement-de-la-pluie\/\" class=\"btn\">Plus d'informations<\/a>\r\n      <\/article>\t\t\t\t<\/div>\n\t\t\t\t<\/div>\n\t\t\t\t<\/div>\n\t\t\t\t<div class=\"elementor-element elementor-element-d067f92 elementor-widget elementor-widget-html\" data-id=\"d067f92\" data-element_type=\"widget\" data-widget_type=\"html.default\">\n\t\t\t\t<div class=\"elementor-widget-container\">\n\t\t\t\t\t<div class=\"category-wrapper\">\r\n  <div class=\"spacer-left\"><\/div>\r\n\r\n  <div class=\"category-block\">\r\n    <article class=\"category-item category-block-with-no-icon cdx-equip\">\r\n        <h2 style=\"margin-left: 40px;\">Chambre \u00e0 chaleur radiante<\/h2>\r\n        <a href=\"\/fr\/equipement\/machines\/machines-de-conditionnement\/chambre-radiante\/\" class=\"btn\">Plus d'informations<\/a>\r\n      <\/article>\r\n  <\/div>\r\n\r\n  <div class=\"category-block\">\r\n    <article class=\"category-item category-block-with-no-icon cdx-equip\">\r\n        <h2>Unit\u00e9 de chambre de conditionnement UV<\/h2>\r\n        <a href=\"\/fr\/equipement\/machines\/machines-de-conditionnement\/unite-de-chambre-uv\/\" class=\"btn\">Plus d'informations<\/a>\r\n      <\/article>\r\n  <\/div>\r\n\r\n  <div class=\"spacer-right\"><\/div>\r\n<\/div>\r\n\t\t\t\t<\/div>\n\t\t\t\t<\/div>\n\t\t\t\t\t<\/div>\n\t\t\t\t<\/div>\n\t\t\t\t<\/div>","protected":false},"excerpt":{"rendered":"<p>Cong\u00e9lateur pour le conditionnement du froid Four pour le conditionnement du chaud Machine de conditionnement de la pluie Chambre \u00e0 chaleur radiante Unit\u00e9 de chambre de conditionnement UV Four pour le conditionnement du chaud Plus d'info Cong\u00e9lateur pour le conditionnement du froid Plus d'info Machine de conditionnement de la pluie Plus d'info Chambre \u00e0 chaleur radiante Plus d'info Unit\u00e9 de chambre de conditionnement UV Plus d'info<\/p>","protected":false},"author":5,"featured_media":0,"parent":3150,"menu_order":0,"comment_status":"closed","ping_status":"closed","template":"","meta":{"footnotes":""},"categories":[44],"class_list":["post-3207","page","type-page","status-publish","hentry","category-conditioning-machines"],"_links":{"self":[{"href":"https:\/\/www.cadexinc.com\/fr\/wp-json\/wp\/v2\/pages\/3207","targetHints":{"allow":["GET"]}}],"collection":[{"href":"https:\/\/www.cadexinc.com\/fr\/wp-json\/wp\/v2\/pages"}],"about":[{"href":"https:\/\/www.cadexinc.com\/fr\/wp-json\/wp\/v2\/types\/page"}],"author":[{"embeddable":true,"href":"https:\/\/www.cadexinc.com\/fr\/wp-json\/wp\/v2\/users\/5"}],"replies":[{"embeddable":true,"href":"https:\/\/www.cadexinc.com\/fr\/wp-json\/wp\/v2\/comments?post=3207"}],"version-history":[{"count":32,"href":"https:\/\/www.cadexinc.com\/fr\/wp-json\/wp\/v2\/pages\/3207\/revisions"}],"predecessor-version":[{"id":20717,"href":"https:\/\/www.cadexinc.com\/fr\/wp-json\/wp\/v2\/pages\/3207\/revisions\/20717"}],"up":[{"embeddable":true,"href":"https:\/\/www.cadexinc.com\/fr\/wp-json\/wp\/v2\/pages\/3150"}],"wp:attachment":[{"href":"https:\/\/www.cadexinc.com\/fr\/wp-json\/wp\/v2\/media?parent=3207"}],"wp:term":[{"taxonomy":"category","embeddable":true,"href":"https:\/\/www.cadexinc.com\/fr\/wp-json\/wp\/v2\/categories?post=3207"}],"curies":[{"name":"wp","href":"https:\/\/api.w.org\/{rel}","templated":true}]}}