{"id":3201,"date":"2022-09-08T18:12:23","date_gmt":"2022-09-08T22:12:23","guid":{"rendered":"http:\/\/www.cadexinc.com\/?page_id=3201"},"modified":"2026-03-09T10:53:57","modified_gmt":"2026-03-09T14:53:57","slug":"machines-optiques","status":"publish","type":"page","link":"https:\/\/www.cadexinc.com\/fr\/equipement\/machines\/machines-optiques\/","title":{"rendered":"Optique"},"content":{"rendered":"<div data-elementor-type=\"wp-page\" data-elementor-id=\"3201\" class=\"elementor elementor-3201\">\n\t\t\t\t<div class=\"elementor-element elementor-element-7b6089c2 elementor-hidden-desktop elementor-hidden-tablet elementor-hidden-mobile e-flex e-con-boxed e-con e-parent\" data-id=\"7b6089c2\" data-element_type=\"container\">\n\t\t\t\t\t<div class=\"e-con-inner\">\n\t\t\t\t<div class=\"elementor-element elementor-element-2f55282 elementor-widget elementor-widget-text-editor\" data-id=\"2f55282\" data-element_type=\"widget\" data-widget_type=\"text-editor.default\">\n\t\t\t\t<div class=\"elementor-widget-container\">\n\t\t\t\t\t\t\t\t\t<div class=\"container\">\r\n    <div class=\"row\">\r\n\r\n  <div class=\"col-sm-6\">\r\n <a href=\"https:\/\/www.cadexinc.com\/fr\/equipement\/machines\/machines-optiques\/chambre-a-gaz-pour-les-fines-particules-de-poussiere\/\">\r\n            <div class=\"d-flex align-items-center justify-content-center border shadow-sm bg-light bg-gradient border-2 rounded-1 cdx-col cdx-equip\">\r\n                    <h3 class=\"fw-bolder text-uppercase text-center\">Chambre pour gaz et particules fines<\/h3>\r\n                \r\n            <\/div>\r\n<\/a>\r\n        <\/div>\r\n        \r\n        <div class=\"col-sm-6\">\r\n<a href=\"https:\/\/www.cadexinc.com\/fr\/equipement\/machines\/machines-optiques\/champ-de-vision\/\">\r\n            <div class=\"d-flex align-items-center justify-content-center border shadow-sm bg-light bg-gradient border-2 rounded-1 cdx-col cdx-equip\">\r\n                    <h3 class=\"fw-bolder text-uppercase text-center\">Kit de jauge de champ de vision<\/h3>\r\n            <\/div>\r\n<\/a>\r\n        <\/div>\r\n\r\n        <div class=\"col-sm-6\">\r\n <a href=\"https:\/\/www.cadexinc.com\/fr\/equipement\/machines\/machines-optiques\/goniometre\/\">\r\n            <div class=\"d-flex align-items-center justify-content-center border shadow-sm bg-light bg-gradient border-2 rounded-1 cdx-col cdx-equip\">\r\n                    <h3 class=\"fw-bolder text-uppercase text-center\">Goniom\u00e8tre<\/h3>\r\n                \r\n            <\/div>\r\n<\/a>\r\n        <\/div>\r\n\r\n  <div class=\"col-sm-6\">\r\n <a href=\"https:\/\/www.cadexinc.com\/fr\/equipement\/machines\/machines-optiques\/banc-de-diffusion-de-la-lumiere\/\">\r\n            <div class=\"d-flex align-items-center justify-content-center border shadow-sm bg-light bg-gradient border-2 rounded-1 cdx-col cdx-equip\">\r\n                    <h3 class=\"fw-bolder text-uppercase text-center\">Banc optique \u00e0 diffusion de lumi\u00e8re<\/h3>     \r\n            <\/div>\r\n<\/a>\r\n        <\/div>\r\n\r\n<div class=\"col-sm-6\">\r\n<a href=\"https:\/\/www.cadexinc.com\/fr\/equipement\/machines\/machines-optiques\/resistance-mecanique-des-visieres-jig\/\">\r\n            <div class=\"d-flex align-items-center justify-content-center border shadow-sm bg-light bg-gradient border-2 rounded-1 cdx-col cdx-equip\">\r\n                    <h3 class=\"fw-bolder text-uppercase text-center\">R\u00e9sistance m\u00e9canique des <\/br> Gabarit pour les visi\u00e8res<\/h3>    \r\n            <\/div>\r\n<\/a>\r\n        <\/div>\r\n\r\n<div class=\"col-sm-6\">\r\n<a href=\"https:\/\/www.cadexinc.com\/fr\/equipement\/machines\/machines-optiques\/oculaire-embue\/\">\r\n            <div class=\"d-flex align-items-center justify-content-center border shadow-sm bg-light bg-gradient border-2 rounded-1 cdx-col cdx-equip\">\r\n                    <h3 class=\"fw-bolder text-uppercase text-center\">Syst\u00e8me de contr\u00f4le de la bu\u00e9e optique<\/h3>\r\n            <\/div>\r\n<\/a>\r\n        <\/div>\r\n\r\n        <div class=\"col-sm-6\">\r\n <a href=\"https:\/\/www.cadexinc.com\/fr\/equipement\/machines\/machines-optiques\/banc-des-pouvoirs-de-refraction\/\">\r\n            <div class=\"d-flex align-items-center justify-content-center border shadow-sm bg-light bg-gradient border-2 rounded-1 cdx-col cdx-equip\">\r\n                    <h3 class=\"fw-bolder text-uppercase text-center\">Banc de mesure de la puissance r\u00e9fractive<\/h3>\r\n            <\/div>\r\n<\/a>\r\n        <\/div>\r\n\r\n        <div class=\"col-sm-6\">\r\n <a href=\"https:\/\/www.cadexinc.com\/fr\/equipement\/machines\/machines-optiques\/machine-a-abraser-le-sable\/\">\r\n            <div class=\"d-flex align-items-center justify-content-center border shadow-sm bg-light bg-gradient border-2 rounded-1 cdx-col cdx-equip\">\r\n                    <h3 class=\"fw-bolder text-uppercase text-center\">Machine d\u2019abrasion par sable<\/h3>        \r\n            <\/div>\r\n<\/a>\r\n        <\/div>       \r\n\r\n<!-- <div class=\"col-sm-6\">\r\n <a href=\"https:\/\/www.cadexinc.com\/equipment\/machines\/optical-machines\/scotoma-testing-machine\/\">\r\n            <div class=\"d-flex align-items-center justify-content-center border shadow-sm bg-light bg-gradient border-2 rounded-1 cdx-col cdx-equip\">\r\n                    <h3 class=\"fw-bolder text-uppercase text-center\">Scotoma testing machine<\/h3>        \r\n            <\/div>\r\n<\/a>\r\n        <\/div>   -->    \r\n\r\n        <div class=\"col-sm-6\">\r\n  <a href=\"https:\/\/www.cadexinc.com\/fr\/equipement\/machines\/machines-optiques\/spectrophotometre\/\">\r\n            <div class=\"d-flex align-items-center justify-content-center border shadow-sm bg-light bg-gradient border-2 rounded-1 cdx-col cdx-equip\">    \r\n                    <h3 class=\"fw-bolder text-uppercase text-center\">Spectrophotom\u00e8tre<\/h3>           \r\n            <\/div>\r\n<\/a>\r\n        <\/div>\r\n\r\n\r\n    <\/div>\r\n<\/div>\t\t\t\t\t\t\t\t<\/div>\n\t\t\t\t<\/div>\n\t\t\t\t\t<\/div>\n\t\t\t\t<\/div>\n\t\t<div class=\"elementor-element elementor-element-51bed4b e-flex e-con-boxed e-con e-parent\" data-id=\"51bed4b\" data-element_type=\"container\">\n\t\t\t\t\t<div class=\"e-con-inner\">\n\t\t<div class=\"elementor-element elementor-element-66f0548 e-grid e-con-full e-con e-child\" data-id=\"66f0548\" data-element_type=\"container\">\n\t\t\t\t<div class=\"elementor-element elementor-element-dfa9900 elementor-widget__width-inherit elementor-widget elementor-widget-html\" data-id=\"dfa9900\" data-element_type=\"widget\" data-widget_type=\"html.default\">\n\t\t\t\t<div class=\"elementor-widget-container\">\n\t\t\t\t\t<article class=\"category-item category-block-with-no-icon cdx-equip\">\r\n        <h2>Chambre pour gaz et particules fines<\/h2>\r\n        <a href=\"\/fr\/equipement\/machines\/machines-optiques\/chambre-a-gaz-pour-les-fines-particules-de-poussiere\/\" class=\"btn\">Plus d'informations<\/a>\r\n      <\/article>\t\t\t\t<\/div>\n\t\t\t\t<\/div>\n\t\t\t\t<div class=\"elementor-element elementor-element-19a7c14 elementor-widget elementor-widget-html\" data-id=\"19a7c14\" data-element_type=\"widget\" data-widget_type=\"html.default\">\n\t\t\t\t<div class=\"elementor-widget-container\">\n\t\t\t\t\t<article class=\"category-item category-block-with-no-icon cdx-equip\">\r\n        <h2>Kit de jauge de champ de vision<\/h2>\r\n        <a style=\"margin-top:13%\" href=\"\/fr\/equipement\/machines\/machines-optiques\/champ-de-vision\/\" class=\"btn\">Plus d'informations<\/a>\r\n      <\/article>\t\t\t\t<\/div>\n\t\t\t\t<\/div>\n\t\t\t\t<div class=\"elementor-element elementor-element-c7f0320 elementor-widget elementor-widget-html\" data-id=\"c7f0320\" data-element_type=\"widget\" data-widget_type=\"html.default\">\n\t\t\t\t<div class=\"elementor-widget-container\">\n\t\t\t\t\t<article class=\"category-item category-block-with-no-icon cdx-equip\">\r\n        <h2>Goniom\u00e8tre<\/h2>\r\n        <a style=\"margin-top:13%\" href=\"\/fr\/equipement\/machines\/machines-optiques\/goniometre\/\" class=\"btn\">Plus d'informations<\/a>\r\n      <\/article>\r\n      \t\t\t\t<\/div>\n\t\t\t\t<\/div>\n\t\t\t\t<div class=\"elementor-element elementor-element-9344be1 elementor-widget elementor-widget-html\" data-id=\"9344be1\" data-element_type=\"widget\" data-widget_type=\"html.default\">\n\t\t\t\t<div class=\"elementor-widget-container\">\n\t\t\t\t\t<article class=\"category-item category-block-with-no-icon cdx-equip\">\r\n        <h2>Banc optique \u00e0 diffusion de lumi\u00e8re<\/h2>\r\n        <a style=\"margin-top:13%\" href=\"\/fr\/equipement\/machines\/machines-optiques\/banc-de-diffusion-de-la-lumiere\/\" class=\"btn\">Plus d'informations<\/a>\r\n      <\/article>\t\t\t\t<\/div>\n\t\t\t\t<\/div>\n\t\t\t\t<div class=\"elementor-element elementor-element-3b4418d elementor-widget elementor-widget-html\" data-id=\"3b4418d\" data-element_type=\"widget\" data-widget_type=\"html.default\">\n\t\t\t\t<div class=\"elementor-widget-container\">\n\t\t\t\t\t<article class=\"category-item category-block-with-no-icon cdx-equip\">\r\n        <h2>Mechanical resistance of  visors jig<\/h2>\r\n        <a href=\"\/fr\/equipement\/machines\/machines-optiques\/resistance-mecanique-des-visieres-jig\/\" class=\"btn\">Plus d'informations<\/a>\r\n      <\/article>\t\t\t\t<\/div>\n\t\t\t\t<\/div>\n\t\t\t\t<div class=\"elementor-element elementor-element-5f84d50 elementor-widget elementor-widget-html\" data-id=\"5f84d50\" data-element_type=\"widget\" data-widget_type=\"html.default\">\n\t\t\t\t<div class=\"elementor-widget-container\">\n\t\t\t\t\t<article class=\"category-item category-block-with-no-icon cdx-equip\">\r\n        <h2>Syst\u00e8me de contr\u00f4le de la bu\u00e9e optique<\/h2>\r\n        <a style=\"margin-top:13%\" href=\"\/fr\/equipement\/machines\/machines-optiques\/oculaire-embue\/\" class=\"btn\">Plus d'informations<\/a>\r\n      <\/article>\t\t\t\t<\/div>\n\t\t\t\t<\/div>\n\t\t\t\t<\/div>\n\t\t<div class=\"elementor-element elementor-element-0495f69 e-grid e-con-full e-con e-child\" data-id=\"0495f69\" data-element_type=\"container\">\n\t\t\t\t<div class=\"elementor-element elementor-element-bbf9786 elementor-widget__width-inherit elementor-widget elementor-widget-html\" data-id=\"bbf9786\" data-element_type=\"widget\" data-widget_type=\"html.default\">\n\t\t\t\t<div class=\"elementor-widget-container\">\n\t\t\t\t\t<article class=\"category-item category-block-with-no-icon cdx-equip\">\r\n        <h2 >Banc de mesure de la puissance r\u00e9fractive<\/h2>\r\n        <a href=\"\/fr\/equipement\/machines\/machines-optiques\/banc-des-pouvoirs-de-refraction\/\" class=\"btn\">Plus d'informations<\/a>\r\n      <\/article>\r\n      \t\t\t\t<\/div>\n\t\t\t\t<\/div>\n\t\t\t\t<div class=\"elementor-element elementor-element-d28c495 elementor-widget elementor-widget-html\" data-id=\"d28c495\" data-element_type=\"widget\" data-widget_type=\"html.default\">\n\t\t\t\t<div class=\"elementor-widget-container\">\n\t\t\t\t\t<article class=\"category-item category-block-with-no-icon cdx-equip\">\r\n        <h2>Machine d\u2019abrasion par sable\r\n<\/h2>\r\n        <a href=\"\/fr\/equipement\/machines\/machines-optiques\/machine-a-abraser-le-sable\/\" class=\"btn\">Plus d'informations<\/a>\r\n      <\/article>\t\t\t\t<\/div>\n\t\t\t\t<\/div>\n\t\t\t\t<div class=\"elementor-element elementor-element-f6c44eb elementor-widget elementor-widget-html\" data-id=\"f6c44eb\" data-element_type=\"widget\" data-widget_type=\"html.default\">\n\t\t\t\t<div class=\"elementor-widget-container\">\n\t\t\t\t\t<article class=\"category-item category-block-with-no-icon cdx-equip\">\r\n        <h2>Spectrophotom\u00e8tre<\/h2>\r\n        <a href=\"\/fr\/equipement\/machines\/machines-optiques\/spectrophotometre\/\" class=\"btn\">Plus d'informations<\/a>\r\n      <\/article>\t\t\t\t<\/div>\n\t\t\t\t<\/div>\n\t\t\t\t<\/div>\n\t\t\t\t\t<\/div>\n\t\t\t\t<\/div>\n\t\t\t\t<\/div>","protected":false},"excerpt":{"rendered":"<p>Chamber for gases and fine dust particles Field of vision gauge kit Goniometer Light diffusion optical bench Mechanical Resistance of Visors Jig Optical fogging system Refractive power bench Sand abrader machine Spectrophotometer Chamber for gases and fine dust particles More info Field of vision gauge kit More info Goniometer More info Light diffusion optical bench [&hellip;]<\/p>","protected":false},"author":5,"featured_media":0,"parent":3150,"menu_order":0,"comment_status":"closed","ping_status":"closed","template":"","meta":{"footnotes":""},"categories":[45],"class_list":["post-3201","page","type-page","status-publish","hentry","category-optical-machines"],"_links":{"self":[{"href":"https:\/\/www.cadexinc.com\/fr\/wp-json\/wp\/v2\/pages\/3201","targetHints":{"allow":["GET"]}}],"collection":[{"href":"https:\/\/www.cadexinc.com\/fr\/wp-json\/wp\/v2\/pages"}],"about":[{"href":"https:\/\/www.cadexinc.com\/fr\/wp-json\/wp\/v2\/types\/page"}],"author":[{"embeddable":true,"href":"https:\/\/www.cadexinc.com\/fr\/wp-json\/wp\/v2\/users\/5"}],"replies":[{"embeddable":true,"href":"https:\/\/www.cadexinc.com\/fr\/wp-json\/wp\/v2\/comments?post=3201"}],"version-history":[{"count":35,"href":"https:\/\/www.cadexinc.com\/fr\/wp-json\/wp\/v2\/pages\/3201\/revisions"}],"predecessor-version":[{"id":20705,"href":"https:\/\/www.cadexinc.com\/fr\/wp-json\/wp\/v2\/pages\/3201\/revisions\/20705"}],"up":[{"embeddable":true,"href":"https:\/\/www.cadexinc.com\/fr\/wp-json\/wp\/v2\/pages\/3150"}],"wp:attachment":[{"href":"https:\/\/www.cadexinc.com\/fr\/wp-json\/wp\/v2\/media?parent=3201"}],"wp:term":[{"taxonomy":"category","embeddable":true,"href":"https:\/\/www.cadexinc.com\/fr\/wp-json\/wp\/v2\/categories?post=3201"}],"curies":[{"name":"wp","href":"https:\/\/api.w.org\/{rel}","templated":true}]}}