{"id":3188,"date":"2022-09-08T17:43:50","date_gmt":"2022-09-08T21:43:50","guid":{"rendered":"http:\/\/www.cadexinc.com\/?page_id=3188"},"modified":"2026-03-09T11:43:46","modified_gmt":"2026-03-09T15:43:46","slug":"canon","status":"publish","type":"page","link":"https:\/\/www.cadexinc.com\/fr\/equipement\/machines\/canon\/","title":{"rendered":"Canon"},"content":{"rendered":"<div data-elementor-type=\"wp-page\" data-elementor-id=\"3188\" class=\"elementor elementor-3188\">\n\t\t\t\t<div class=\"elementor-element elementor-element-4f3577f5 elementor-hidden-desktop elementor-hidden-tablet elementor-hidden-mobile e-flex e-con-boxed e-con e-parent\" data-id=\"4f3577f5\" data-element_type=\"container\">\n\t\t\t\t\t<div class=\"e-con-inner\">\n\t\t\t\t<div class=\"elementor-element elementor-element-5589d282 elementor-widget elementor-widget-text-editor\" data-id=\"5589d282\" data-element_type=\"widget\" data-widget_type=\"text-editor.default\">\n\t\t\t\t<div class=\"elementor-widget-container\">\n\t\t\t\t\t\t\t\t\t<div class=\"container\">\r\n<div class=\"row\">\r\n\r\n<div class=\"col-sm-6\">\r\n<a href=\"https:\/\/www.cadexinc.com\/fr\/equipement\/machines\/canon\/double-canon-haute-vitesse-basse\/\">\r\n<div class=\"d-flex align-items-center justify-content-center border shadow-sm bg-light bg-gradient border-2 rounded-1 cdx-col cdx-equip\">\r\n<h3 class=\"fw-bolder text-uppercase  text-center text-balance\">Canon \u00e0 double tube pour essais \u00e0 hautes et basses vitesses<\/h3>\r\n<\/div>\r\n<\/a>\r\n<\/div>\r\n\r\n<div class=\"col-sm-6\">\r\n<a href=\"https:\/\/www.cadexinc.com\/fr\/equipement\/machines\/canon\/canon-balistique-haute-vitesse\/\">\r\n<div class=\"d-flex align-items-center justify-content-center border shadow-sm bg-light bg-gradient border-2 rounded-1 cdx-col cdx-equip\">\r\n<h3 class=\"fw-bolder text-uppercase text-center text-balance\">Canon balistique \u00e0 haute v\u00e9locit\u00e9 (canon pneumatique \u00e0 gaz comprim\u00e9)<\/h3>\r\n<\/div>\r\n<\/a>\r\n<\/div>\r\n\r\n<div class=\"col-sm-6\">\r\n<a href=\"https:\/\/www.cadexinc.com\/fr\/equipement\/machines\/canon\/canon-balistique-basse-vitesse\/\">\r\n<div class=\"d-flex align-items-center justify-content-center border shadow-sm bg-light bg-gradient border-2 rounded-1 cdx-col cdx-equip\">\r\n<h3 class=\"fw-bolder text-center text-uppercase text-balance\">Canon balistique \u00e0 faible v\u00e9locit\u00e9<\/h3>\r\n<\/div>\r\n<\/a>\r\n<\/div>\r\n\r\n<div class=\"col-sm-6\">\r\n<a href=\"https:\/\/www.cadexinc.com\/fr\/equipement\/machines\/canon\/canon-a-air-non-letal\/\">\r\n<div class=\"d-flex align-items-center justify-content-center border shadow-sm bg-light bg-gradient border-2 rounded-1 cdx-col cdx-equip\">\r\n<h3 class=\"fw-bolder text-uppercase setext-center text-balance\">Canon \u00e0 air non l\u00e9tal<\/h3>\r\n<\/div>\r\n<\/a>\r\n<\/div>\r\n\r\n<div class=\"col-sm-6\">\r\n<a href=\"https:\/\/www.cadexinc.com\/fr\/equipement\/machines\/canon\/tireur-de-projectiles\/\">\r\n<div class=\"d-flex align-items-center justify-content-center border shadow-sm bg-light bg-gradient border-2 rounded-1 cdx-col cdx-equip\">\r\n<h3 class=\"fw-bolder text-center text-uppercase text-balance\">Tireur de projectiles sportifs<\/h3>\r\n<\/div>\r\n<\/a>\r\n<\/div>\r\n\r\n<\/div>\r\n<\/div>\t\t\t\t\t\t\t\t<\/div>\n\t\t\t\t<\/div>\n\t\t\t\t\t<\/div>\n\t\t\t\t<\/div>\n\t\t<div class=\"elementor-element elementor-element-100bc11 e-flex e-con-boxed e-con e-parent\" data-id=\"100bc11\" data-element_type=\"container\">\n\t\t\t\t\t<div class=\"e-con-inner\">\n\t\t<div class=\"elementor-element elementor-element-b406bb7 e-grid e-con-full e-con e-child\" data-id=\"b406bb7\" data-element_type=\"container\">\n\t\t\t\t<div class=\"elementor-element elementor-element-ca9c694 elementor-widget elementor-widget-html\" data-id=\"ca9c694\" data-element_type=\"widget\" data-widget_type=\"html.default\">\n\t\t\t\t<div class=\"elementor-widget-container\">\n\t\t\t\t\t<article class=\"category-item category-block-with-no-icon cdx-equip\">\r\n        <h2>Canon \u00e0 air non l\u00e9tal<\/h2>\r\n        <a href=\"\/fr\/equipement\/machines\/canon\/canon-a-air-non-letal\/\" class=\"btn\">Plus d'informations<\/a>\r\n      <\/article>\t\t\t\t<\/div>\n\t\t\t\t<\/div>\n\t\t\t\t<div class=\"elementor-element elementor-element-c9cef7e elementor-widget elementor-widget-html\" data-id=\"c9cef7e\" data-element_type=\"widget\" data-widget_type=\"html.default\">\n\t\t\t\t<div class=\"elementor-widget-container\">\n\t\t\t\t\t<article class=\"category-item category-block-with-no-icon cdx-equip\">\r\n        <h2>Canon balistique \u00e0 faible v\u00e9locit\u00e9<\/h2>\r\n        <a href=\"\/fr\/equipement\/machines\/canon\/canon-balistique-basse-vitesse\/\" class=\"btn\">Plus d'informations<\/a>\r\n      <\/article>\t\t\t\t<\/div>\n\t\t\t\t<\/div>\n\t\t\t\t<div class=\"elementor-element elementor-element-197ebdc elementor-widget elementor-widget-html\" data-id=\"197ebdc\" data-element_type=\"widget\" data-widget_type=\"html.default\">\n\t\t\t\t<div class=\"elementor-widget-container\">\n\t\t\t\t\t<article class=\"category-item category-block-with-no-icon cdx-equip\">\r\n        <h2>Tireur de projectiles sportifs<\/h2>\r\n        <a href=\"\/fr\/equipement\/machines\/canon\/tireur-de-projectiles\/\" class=\"btn\">Plus d'informations<\/a>\r\n      <\/article>\t\t\t\t<\/div>\n\t\t\t\t<\/div>\n\t\t\t\t<\/div>\n\t\t\t\t<div class=\"elementor-element elementor-element-8f6bb00 elementor-widget elementor-widget-html\" data-id=\"8f6bb00\" data-element_type=\"widget\" data-widget_type=\"html.default\">\n\t\t\t\t<div class=\"elementor-widget-container\">\n\t\t\t\t\t<div class=\"category-wrapper\">\r\n  <div class=\"spacer-left\"><\/div>\r\n\r\n  <div class=\"category-block\">\r\n    <article class=\"category-item category-block-with-no-icon cdx-equip\">\r\n        <h2 style=\"margin-left: 40px;\">Canons \u00e0 double canon - vitesses \u00e9lev\u00e9es et faibles<\/h2>\r\n        <a href=\"\/fr\/equipement\/machines\/canon\/double-canon-haute-vitesse-basse\/\" class=\"btn\">Plus d'informations<\/a>\r\n      <\/article>\r\n  <\/div>\r\n\r\n  <div class=\"category-block\">\r\n    <article class=\"category-item category-block-with-no-icon cdx-equip\">\r\n        <h2>Canon balistique \u00e0 haute v\u00e9locit\u00e9 (canon pneumatique \u00e0 gaz comprim\u00e9)<\/h2>\r\n        <a href=\"\/fr\/equipement\/machines\/canon\/canon-balistique-haute-vitesse\/\" class=\"btn\">Plus d'informations<\/a>\r\n      <\/article>\r\n  <\/div>\r\n\r\n  <div class=\"spacer-right\"><\/div>\r\n<\/div>\r\n\t\t\t\t<\/div>\n\t\t\t\t<\/div>\n\t\t\t\t\t<\/div>\n\t\t\t\t<\/div>\n\t\t\t\t<\/div>","protected":false},"excerpt":{"rendered":"<p>Double barreled cannon high &#038; low velocities High velocity ballistic cannon (compress gas gun) Low velocity ballistic cannon Non-lethal air cannon Sport projectile shooter Non-lethal air cannon More info Low velocity ballistic cannon More info Sport projectile shooter More info Double barreled cannon high &#038; low velocities More info High velocity ballistic cannon (compress gas [&hellip;]<\/p>","protected":false},"author":5,"featured_media":0,"parent":3150,"menu_order":0,"comment_status":"closed","ping_status":"closed","template":"","meta":{"footnotes":""},"categories":[38],"class_list":["post-3188","page","type-page","status-publish","hentry","category-cannons"],"_links":{"self":[{"href":"https:\/\/www.cadexinc.com\/fr\/wp-json\/wp\/v2\/pages\/3188","targetHints":{"allow":["GET"]}}],"collection":[{"href":"https:\/\/www.cadexinc.com\/fr\/wp-json\/wp\/v2\/pages"}],"about":[{"href":"https:\/\/www.cadexinc.com\/fr\/wp-json\/wp\/v2\/types\/page"}],"author":[{"embeddable":true,"href":"https:\/\/www.cadexinc.com\/fr\/wp-json\/wp\/v2\/users\/5"}],"replies":[{"embeddable":true,"href":"https:\/\/www.cadexinc.com\/fr\/wp-json\/wp\/v2\/comments?post=3188"}],"version-history":[{"count":49,"href":"https:\/\/www.cadexinc.com\/fr\/wp-json\/wp\/v2\/pages\/3188\/revisions"}],"predecessor-version":[{"id":20720,"href":"https:\/\/www.cadexinc.com\/fr\/wp-json\/wp\/v2\/pages\/3188\/revisions\/20720"}],"up":[{"embeddable":true,"href":"https:\/\/www.cadexinc.com\/fr\/wp-json\/wp\/v2\/pages\/3150"}],"wp:attachment":[{"href":"https:\/\/www.cadexinc.com\/fr\/wp-json\/wp\/v2\/media?parent=3188"}],"wp:term":[{"taxonomy":"category","embeddable":true,"href":"https:\/\/www.cadexinc.com\/fr\/wp-json\/wp\/v2\/categories?post=3188"}],"curies":[{"name":"wp","href":"https:\/\/api.w.org\/{rel}","templated":true}]}}