{"id":3180,"date":"2022-09-08T17:13:29","date_gmt":"2022-09-08T21:13:29","guid":{"rendered":"http:\/\/www.cadexinc.com\/?page_id=3180"},"modified":"2026-03-06T14:45:42","modified_gmt":"2026-03-06T19:45:42","slug":"machines-a-chocs","status":"publish","type":"page","link":"https:\/\/www.cadexinc.com\/fr\/equipement\/machines\/machines-a-chocs\/","title":{"rendered":"Impact"},"content":{"rendered":"<div data-elementor-type=\"wp-page\" data-elementor-id=\"3180\" class=\"elementor elementor-3180\">\n\t\t\t\t<div class=\"elementor-element elementor-element-1f7bcbb3 elementor-hidden-desktop elementor-hidden-tablet elementor-hidden-mobile e-flex e-con-boxed e-con e-parent\" data-id=\"1f7bcbb3\" data-element_type=\"container\">\n\t\t\t\t\t<div class=\"e-con-inner\">\n\t\t\t\t<div class=\"elementor-element elementor-element-446f08fc elementor-widget elementor-widget-text-editor\" data-id=\"446f08fc\" data-element_type=\"widget\" data-widget_type=\"text-editor.default\">\n\t\t\t\t<div class=\"elementor-widget-container\">\n\t\t\t\t\t\t\t\t\t<div class=\"container\">\r\n    <div class=\"row\">\r\n\r\n<div class=\"col-sm-6\">\r\n          <a href=\"https:\/\/www.cadexinc.com\/fr\/equipement\/machines\/machines-a-chocs\/machine-dessai-de-chaussures-a-double-securite\/\">\r\n            <div class=\"d-flex align-items-center justify-content-center border shadow-sm bg-light bg-gradient border-2 rounded-1 cdx-col cdx-equip\">\r\n                    <h3 class=\"fw-bolder text-center text-balance\">MACHINE DE CONTR\u00d4LE DES CHAUSSURES DE S\u00c9CURIT\u00c9 DUAL (2 en 1)<\/h3>   \r\n            <\/div>\r\n           <\/a>\r\n        <\/div>\r\n\r\n<div class=\"col-sm-6\">\r\n  <a href=\"https:\/\/www.cadexinc.com\/fr\/equipement\/machines\/machines-a-chocs\/systeme-de-rail-horizontal-dattenuation-des-chocs\/\">\r\n            <div class=\"d-flex align-items-center justify-content-center border shadow-sm bg-light bg-gradient border-2 rounded-1 cdx-col cdx-equip\">\r\n                    <h3 class=\"text-center fw-bolder text-uppercase text-balance\">Syst\u00e8me de rail horizontal pour l\u2019att\u00e9nuation des chocs\r\n<\/h3>\r\n            <\/div>\r\n  <\/a>\r\n        <\/div>\r\n\r\n<div class=\"col-sm-6\">\r\n           <a href=\"https:\/\/www.cadexinc.com\/fr\/equipement\/machines\/machines-a-chocs\/table-laser\/\">\r\n            <div class=\"d-flex align-items-center justify-content-center border shadow-sm bg-light bg-gradient border-2 rounded-1 cdx-col cdx-equip\">\r\n                    <h3 class=\"fw-bolder text-center text-uppercase text-balance\">Table laser<\/h3>\r\n            <\/div>\r\n<\/a>\r\n        <\/div>\r\n\r\n<div class=\"col-sm-6\">\r\n           <a href=\"https:\/\/www.cadexinc.com\/fr\/equipement\/machines\/machines-a-chocs\/machine-dessai-a-impact-lineaire\/\">\r\n            <div class=\"d-flex align-items-center justify-content-center border shadow-sm bg-light bg-gradient border-2 rounded-1 cdx-col cdx-equip\">\r\n                    <h3 class=\"fw-bolder text-center text-balance\">MACHINE D'ESSAI \u00c0 IMPACT LIN\u00c9AIRE<\/h3> \r\n            <\/div>\r\n          <\/a>\r\n        <\/div>\r\n       \r\n        <div class=\"col-sm-6\">\r\n           <a href=\"https:\/\/www.cadexinc.com\/fr\/equipement\/machines\/machines-a-chocs\/monorail-uniaxial\/\">\r\n            <div class=\"d-flex align-items-center justify-content-center border shadow-sm bg-light bg-gradient border-2 rounded-1 cdx-col cdx-equip\">\r\n                    <h3 class=\"fw-bolder text-center text-uppercase text-balance\">Machine d\u2019impact \u00e0 monorail<\/h3>\r\n            <\/div>\r\n<\/a>\r\n        <\/div>\r\n\r\n        <div class=\"col-sm-6\">\r\n<a href=\"https:\/\/www.cadexinc.com\/fr\/equipement\/machines\/machines-a-chocs\/monorail-triaxial\/\">\r\n            <div class=\"d-flex align-items-center justify-content-center border shadow-sm bg-light bg-gradient border-2 rounded-1 cdx-col cdx-equip\">\r\n                    <h3 class=\"fw-bolder text-center text-balance text-uppercase\">Machine d\u2019impact \u00e0 monorail (triaxiale)<\/h3>\r\n            <\/div>\r\n<\/a>\r\n        <\/div>\r\n\r\n<div class=\"col-sm-6\">\r\n           <a href=\"https:\/\/www.cadexinc.com\/fr\/equipement\/machines\/machines-a-chocs\/fil-double-mini\/\">\r\n            <div class=\"d-flex align-items-center justify-content-center border shadow-sm bg-light bg-gradient border-2 rounded-1 cdx-col cdx-equip\">\r\n                    <h3 class=\"fw-bolder text-center text-uppercase text-balance\">Machine \u00e0 chocs MINI TWINWIRE<\/h3>\r\n            <\/div>\r\n           <\/a>\r\n        <\/div>\r\n\r\n<!-- <div class=\"col-sm-6\">\r\n          <a href=\"https:\/\/www.cadexinc.com\/equipment\/machines\/impact-machines\/pendulum-impact-testing-machine\/\">\r\n            <div class=\"d-flex align-items-center justify-content-center border shadow-sm bg-light bg-gradient border-2 rounded-1 cdx-col cdx-equip\">\r\n                    <h3 class=\"fw-bolder text-center text-uppercase text-balance\">Pendulum impact testing machine<\/h3>\r\n            <\/div>\r\n             <\/a>\r\n        <\/div> -->\r\n\r\n<div class=\"col-sm-6\">\r\n          <a href=\"https:\/\/www.cadexinc.com\/fr\/equipement\/machines\/machines-a-chocs\/machine-dessai-des-surfaces-sportives\/\">\r\n            <div class=\"d-flex align-items-center justify-content-center border shadow-sm bg-light bg-gradient border-2 rounded-1 cdx-col cdx-equip\">\r\n                    <h3 class=\"fw-bolder text-center text-uppercase text-balance\">MACHINE D'ESSAI DES SURFACES SPORTIVES<\/h3>\r\n            <\/div>\r\n             <\/a>\r\n        <\/div>\r\n\r\n        <div class=\"col-sm-6\">\r\n          <a href=\"https:\/\/www.cadexinc.com\/fr\/equipement\/machines\/machines-a-chocs\/machine-a-chaussures-de-securite\/\">\r\n            <div class=\"d-flex align-items-center justify-content-center border shadow-sm bg-light bg-gradient border-2 rounded-1 cdx-col cdx-equip\">\r\n                    <h3 class=\"fw-bolder text-center text-uppercase text-balance\">Chaussures de s\u00e9curit\u00e9 Test de la machine<\/h3> \r\n            <\/div>\r\n           <\/a>\r\n        <\/div>\r\n\r\n <div class=\"col-sm-6\">\r\n          <a href=\"https:\/\/www.cadexinc.com\/fr\/equipement\/machines\/machines-a-chocs\/machine-a-balancoires\/\">\r\n            <div class=\"d-flex align-items-center justify-content-center border shadow-sm bg-light bg-gradient border-2 rounded-1 cdx-col cdx-equip\">\r\n                    <h3 class=\"fw-bolder text-center text-uppercase text-balance\">Machine \u00e0 balan\u00e7oire<\/h3> \r\n            <\/div>\r\n           <\/a>\r\n        <\/div>\r\n\r\n        <div class=\"col-sm-6\">\r\n  <a href=\"https:\/\/www.cadexinc.com\/fr\/equipement\/machines\/machines-a-chocs\/impact-a-double-fil-uniaxial\/\">\r\n            <div class=\"d-flex align-items-center justify-content-center border shadow-sm bg-light bg-gradient border-2 rounded-1 cdx-col cdx-equip\">\r\n                    <h3 class=\"fw-bolder text-center text-uppercase text-balance\">Machine \u00e0 chocs TWINWIRE (uniaxiale)<\/h3>\r\n            <\/div>\r\n<\/a>\r\n        <\/div>\r\n\r\n        <div class=\"col-sm-6\">\r\n<a href=\"https:\/\/www.cadexinc.com\/fr\/equipement\/machines\/machines-a-chocs\/fil-double-1000kg\/\">\r\n            <div class=\"d-flex align-items-center justify-content-center border shadow-sm bg-light bg-gradient border-2 rounded-1 cdx-col cdx-equip\">\r\n                    <h3 class=\"fw-bolder text-center text-uppercase text-balance\">Machine \u00e0 chocs TWINWIRE avec base 1000KG<\/h3>\r\n                \r\n            <\/div>\r\n<\/a>\r\n        <\/div>\r\n\r\n        <div class=\"col-sm-6\">\r\n <a href=\"https:\/\/www.cadexinc.com\/fr\/equipement\/machines\/machines-a-chocs\/fil-double-triaxial\/\">\r\n            <div class=\"d-flex align-items-center justify-content-center border shadow-sm bg-light bg-gradient border-2 rounded-1 cdx-col cdx-equip\">\r\n                    <h3 class=\"fw-bolder text-center text-uppercase\">Machine \u00e0 chocs TWINWIRE<\/br> (TRIAXIAL)<\/h3>\r\n            <\/div>\r\n            <\/a>\r\n        <\/div>\r\n\r\n<!-- <div class=\"col-sm-6\">\r\n <a href=\"https:\/\/www.cadexinc.com\/equipment\/machines\/impact-machines\/twin-wire-penetrator\/\">\r\n            <div class=\"d-flex align-items-center justify-content-center border shadow-sm bg-light bg-gradient border-2 rounded-1 cdx-col cdx-equip\">\r\n                    <h3 class=\"fw-bolder text-center text-uppercase\">Twinwire penetrator<\/h3>\r\n            <\/div>\r\n            <\/a>\r\n<\/div> -->\r\n\r\n    <\/div>\r\n<\/div>\t\t\t\t\t\t\t\t<\/div>\n\t\t\t\t<\/div>\n\t\t\t\t\t<\/div>\n\t\t\t\t<\/div>\n\t\t<div class=\"elementor-element elementor-element-06b41be e-flex e-con-boxed e-con e-parent\" data-id=\"06b41be\" data-element_type=\"container\">\n\t\t\t\t\t<div class=\"e-con-inner\">\n\t\t<div class=\"elementor-element elementor-element-35f76b0 e-grid e-con-full e-con e-child\" data-id=\"35f76b0\" data-element_type=\"container\">\n\t\t\t\t<div class=\"elementor-element elementor-element-c613036 elementor-widget__width-inherit elementor-widget elementor-widget-html\" data-id=\"c613036\" data-element_type=\"widget\" data-widget_type=\"html.default\">\n\t\t\t\t<div class=\"elementor-widget-container\">\n\t\t\t\t\t<article class=\"category-item category-block-with-no-icon cdx-equip\">\r\n        <h2>Machine de test pour chaussures de s\u00e9curit\u00e9 double (2 en 1)<\/h2>\r\n        <a href=\"\/fr\/equipement\/machines\/machines-a-chocs\/machine-dessai-de-chaussures-a-double-securite\/\" class=\"btn\">Plus d'informations<\/a>\r\n      <\/article>\t\t\t\t<\/div>\n\t\t\t\t<\/div>\n\t\t\t\t<div class=\"elementor-element elementor-element-dce1045 elementor-widget elementor-widget-html\" data-id=\"dce1045\" data-element_type=\"widget\" data-widget_type=\"html.default\">\n\t\t\t\t<div class=\"elementor-widget-container\">\n\t\t\t\t\t<article class=\"category-item category-block-with-no-icon cdx-equip\">\r\n        <h2>Syst\u00e8me de rail horizontal pour l\u2019att\u00e9nuation des chocs<\/h2>\r\n        <a href=\"\/fr\/equipement\/machines\/machines-a-chocs\/systeme-de-rail-horizontal-dattenuation-des-chocs\/\" class=\"btn\">Plus d'informations<\/a>\r\n      <\/article>\t\t\t\t<\/div>\n\t\t\t\t<\/div>\n\t\t\t\t<div class=\"elementor-element elementor-element-1f44c00 elementor-widget elementor-widget-html\" data-id=\"1f44c00\" data-element_type=\"widget\" data-widget_type=\"html.default\">\n\t\t\t\t<div class=\"elementor-widget-container\">\n\t\t\t\t\t<article class=\"category-item category-block-with-no-icon cdx-equip\">\r\n        <h2 >Table laser<\/h2>\r\n        <a href=\"\/fr\/equipement\/machines\/machines-a-chocs\/table-laser\/\" class=\"btn\" style=\"margin-top:12%\">Plus d'informations<\/a>\r\n      <\/article>\r\n      \t\t\t\t<\/div>\n\t\t\t\t<\/div>\n\t\t\t\t<\/div>\n\t\t<div class=\"elementor-element elementor-element-a59655a e-grid e-con-full e-con e-child\" data-id=\"a59655a\" data-element_type=\"container\">\n\t\t\t\t<div class=\"elementor-element elementor-element-7ba3cc2 elementor-widget elementor-widget-html\" data-id=\"7ba3cc2\" data-element_type=\"widget\" data-widget_type=\"html.default\">\n\t\t\t\t<div class=\"elementor-widget-container\">\n\t\t\t\t\t<article class=\"category-item category-block-with-no-icon cdx-equip\">\r\n        <h2 >Machine de test d\u2019impact lin\u00e9aire<\/h2>\r\n        <a href=\"\/fr\/equipement\/machines\/machines-a-chocs\/machine-dessai-a-impact-lineaire\/\" class=\"btn\" style=\"margin-top:12%;\">Plus d'informations<\/a>\r\n      <\/article>\t\t\t\t<\/div>\n\t\t\t\t<\/div>\n\t\t\t\t<div class=\"elementor-element elementor-element-5ded5af elementor-widget__width-inherit elementor-widget elementor-widget-html\" data-id=\"5ded5af\" data-element_type=\"widget\" data-widget_type=\"html.default\">\n\t\t\t\t<div class=\"elementor-widget-container\">\n\t\t\t\t\t<article class=\"category-item category-block-with-no-icon cdx-equip\">\r\n        <h2 >Monorail impact machine (uniaxial setup)<\/h2>\r\n        <a href=\"\/fr\/equipement\/machines\/machines-a-chocs\/monorail-uniaxial\/\" class=\"btn\" >Plus d'informations<\/a>\r\n      <\/article>\t\t\t\t<\/div>\n\t\t\t\t<\/div>\n\t\t\t\t<div class=\"elementor-element elementor-element-bbb50b1 elementor-widget elementor-widget-html\" data-id=\"bbb50b1\" data-element_type=\"widget\" data-widget_type=\"html.default\">\n\t\t\t\t<div class=\"elementor-widget-container\">\n\t\t\t\t\t<article class=\"category-item category-block-with-no-icon cdx-equip\">\r\n        <h2 >Machine d\u2019impact \u00e0 monorail (triaxiale)<\/h2>\r\n        <a href=\"\/fr\/equipement\/machines\/machines-a-chocs\/monorail-triaxial\/\" class=\"btn\">Plus d'informations<\/a>\r\n      <\/article>\r\n\t\t\t\t<\/div>\n\t\t\t\t<\/div>\n\t\t\t\t<\/div>\n\t\t<div class=\"elementor-element elementor-element-315ec84 e-grid e-con-full e-con e-child\" data-id=\"315ec84\" data-element_type=\"container\">\n\t\t\t\t<div class=\"elementor-element elementor-element-ce54a7d elementor-widget elementor-widget-html\" data-id=\"ce54a7d\" data-element_type=\"widget\" data-widget_type=\"html.default\">\n\t\t\t\t<div class=\"elementor-widget-container\">\n\t\t\t\t\t<article class=\"category-item category-block-with-no-icon cdx-equip\">\r\n        <h2 >Machine d\u2019impact Mini Twinwire<\/h2>\r\n        <a href=\"\/fr\/equipement\/machines\/machines-a-chocs\/fil-double-mini\/\" class=\"btn\" style=\"margin-top:12%;\">Plus d'informations<\/a>\r\n      <\/article>\t\t\t\t<\/div>\n\t\t\t\t<\/div>\n\t\t\t\t<div class=\"elementor-element elementor-element-ac1f45f elementor-widget elementor-widget-html\" data-id=\"ac1f45f\" data-element_type=\"widget\" data-widget_type=\"html.default\">\n\t\t\t\t<div class=\"elementor-widget-container\">\n\t\t\t\t\t<article class=\"category-item category-block-with-no-icon cdx-equip\">\r\n        <h2>Sport surface testing machine<\/h2>\r\n        <a href=\"\/fr\/equipement\/machines\/machines-a-chocs\/machine-dessai-des-surfaces-sportives\/\" class=\"btn\" style=\"margin-top:12%;\">Plus d'informations<\/a>\r\n      <\/article>\t\t\t\t<\/div>\n\t\t\t\t<\/div>\n\t\t\t\t<div class=\"elementor-element elementor-element-e391e2a elementor-widget elementor-widget-html\" data-id=\"e391e2a\" data-element_type=\"widget\" data-widget_type=\"html.default\">\n\t\t\t\t<div class=\"elementor-widget-container\">\n\t\t\t\t\t<article class=\"category-item category-block-with-no-icon cdx-equip\">\r\n        <h2>Machine d\u2019essai de chaussures de s\u00e9curit\u00e9<\/h2>\r\n        <a href=\"\/fr\/equipement\/machines\/machines-a-chocs\/machine-a-chaussures-de-securite\/\" class=\"btn\" style=\"margin-top:12%;\">Plus d'informations<\/a>\r\n      <\/article>\t\t\t\t<\/div>\n\t\t\t\t<\/div>\n\t\t\t\t<\/div>\n\t\t<div class=\"elementor-element elementor-element-3e578ed e-grid e-con-full e-con e-child\" data-id=\"3e578ed\" data-element_type=\"container\">\n\t\t\t\t<div class=\"elementor-element elementor-element-9c1ad6a elementor-widget__width-inherit elementor-widget elementor-widget-html\" data-id=\"9c1ad6a\" data-element_type=\"widget\" data-widget_type=\"html.default\">\n\t\t\t\t<div class=\"elementor-widget-container\">\n\t\t\t\t\t<article class=\"category-item category-block-with-no-icon cdx-equip\">\r\n        <h2>Machine \u00e0 balan\u00e7oire<\/h2>\r\n        <a href=\"\/fr\/equipement\/machines\/machines-a-chocs\/machine-a-balancoires\/\" class=\"btn\" style=\"margin-top:12%;\">Plus d'informations<\/a>\r\n      <\/article>\t\t\t\t<\/div>\n\t\t\t\t<\/div>\n\t\t\t\t<div class=\"elementor-element elementor-element-c71666c elementor-widget elementor-widget-html\" data-id=\"c71666c\" data-element_type=\"widget\" data-widget_type=\"html.default\">\n\t\t\t\t<div class=\"elementor-widget-container\">\n\t\t\t\t\t<article class=\"category-item category-block-with-no-icon cdx-equip\">\r\n        <h2>Machine \u00e0 chocs \u00e0 double fil (uniaxial)<\/h2>\r\n        <a href=\"\/fr\/equipement\/machines\/machines-a-chocs\/impact-a-double-fil-uniaxial\/\" class=\"btn\" >Plus d'informations<\/a>\r\n      <\/article>\t\t\t\t<\/div>\n\t\t\t\t<\/div>\n\t\t\t\t<div class=\"elementor-element elementor-element-ae018e1 elementor-widget elementor-widget-html\" data-id=\"ae018e1\" data-element_type=\"widget\" data-widget_type=\"html.default\">\n\t\t\t\t<div class=\"elementor-widget-container\">\n\t\t\t\t\t<article class=\"category-item category-block-with-no-icon cdx-equip\">\r\n        <h2>Twinwire impact machine with 1000 kg base<\/h2>\r\n        <a href=\"\/fr\/equipement\/machines\/machines-a-chocs\/fil-double-1000kg\/\" class=\"btn\">Plus d'informations<\/a>\r\n      <\/article>\t\t\t\t<\/div>\n\t\t\t\t<\/div>\n\t\t\t\t<\/div>\n\t\t<div class=\"elementor-element elementor-element-69ce232 e-grid e-con-full e-con e-child\" data-id=\"69ce232\" data-element_type=\"container\">\n\t\t\t\t<div class=\"elementor-element elementor-element-62c5d0e elementor-widget__width-inherit elementor-widget elementor-widget-html\" data-id=\"62c5d0e\" data-element_type=\"widget\" data-widget_type=\"html.default\">\n\t\t\t\t<div class=\"elementor-widget-container\">\n\t\t\t\t\t<div style=\"width:100%;\"><\/div>\t\t\t\t<\/div>\n\t\t\t\t<\/div>\n\t\t\t\t<div class=\"elementor-element elementor-element-ad3b6f1 elementor-widget__width-inherit elementor-widget elementor-widget-html\" data-id=\"ad3b6f1\" data-element_type=\"widget\" data-widget_type=\"html.default\">\n\t\t\t\t<div class=\"elementor-widget-container\">\n\t\t\t\t\t<article class=\"category-item category-block-with-no-icon cdx-equip\">\r\n        <h2>Machine \u00e0 chocs \u00e0 double fil (triaxiale)<\/h2>\r\n        <a href=\"\/fr\/equipement\/machines\/machines-a-chocs\/fil-double-triaxial\/\" class=\"btn\">Plus d'informations<\/a>\r\n      <\/article>\t\t\t\t<\/div>\n\t\t\t\t<\/div>\n\t\t\t\t<\/div>\n\t\t\t\t\t<\/div>\n\t\t\t\t<\/div>\n\t\t\t\t<\/div>","protected":false},"excerpt":{"rendered":"<p>MACHINE D'ESSAI DE CHAUSSURES DE S\u00c9CURIT\u00c9 DUALE (2 en 1) Syst\u00e8me de rail d'att\u00e9nuation d'impact horizontal Table laser MACHINE D'ESSAI D'IMPACT LINEAIRE Machine d'essai d'impact monorail Machine d'essai d'impact monorail (triaxiale) MINI TWINWIRE MACHINE D'ESSAI DE SURFACE SPORT MACHINE D'ESSAI DE CHAUSSURES DE SECURITE MACHINE D'ESSAI D'ESCALADE Machine \u00e0 chocs TWINWIRE (uniaxial) Machine \u00e0 chocs TWINWIRE avec base de 1000KG Machine \u00e0 chocs TWINWIRE (TRIAXIALE) [...]<\/p>","protected":false},"author":5,"featured_media":0,"parent":3150,"menu_order":0,"comment_status":"closed","ping_status":"closed","template":"","meta":{"footnotes":""},"categories":[36],"class_list":["post-3180","page","type-page","status-publish","hentry","category-impact-machines"],"_links":{"self":[{"href":"https:\/\/www.cadexinc.com\/fr\/wp-json\/wp\/v2\/pages\/3180","targetHints":{"allow":["GET"]}}],"collection":[{"href":"https:\/\/www.cadexinc.com\/fr\/wp-json\/wp\/v2\/pages"}],"about":[{"href":"https:\/\/www.cadexinc.com\/fr\/wp-json\/wp\/v2\/types\/page"}],"author":[{"embeddable":true,"href":"https:\/\/www.cadexinc.com\/fr\/wp-json\/wp\/v2\/users\/5"}],"replies":[{"embeddable":true,"href":"https:\/\/www.cadexinc.com\/fr\/wp-json\/wp\/v2\/comments?post=3180"}],"version-history":[{"count":77,"href":"https:\/\/www.cadexinc.com\/fr\/wp-json\/wp\/v2\/pages\/3180\/revisions"}],"predecessor-version":[{"id":20674,"href":"https:\/\/www.cadexinc.com\/fr\/wp-json\/wp\/v2\/pages\/3180\/revisions\/20674"}],"up":[{"embeddable":true,"href":"https:\/\/www.cadexinc.com\/fr\/wp-json\/wp\/v2\/pages\/3150"}],"wp:attachment":[{"href":"https:\/\/www.cadexinc.com\/fr\/wp-json\/wp\/v2\/media?parent=3180"}],"wp:term":[{"taxonomy":"category","embeddable":true,"href":"https:\/\/www.cadexinc.com\/fr\/wp-json\/wp\/v2\/categories?post=3180"}],"curies":[{"name":"wp","href":"https:\/\/api.w.org\/{rel}","templated":true}]}}