{"id":3154,"date":"2022-09-08T11:29:40","date_gmt":"2022-09-08T15:29:40","guid":{"rendered":"http:\/\/www.cadexinc.com\/?page_id=3154"},"modified":"2025-08-13T15:03:04","modified_gmt":"2025-08-13T19:03:04","slug":"accessoires","status":"publish","type":"page","link":"https:\/\/www.cadexinc.com\/fr\/equipement\/accessoires\/","title":{"rendered":"Accessoires"},"content":{"rendered":"<div data-elementor-type=\"wp-page\" data-elementor-id=\"3154\" class=\"elementor elementor-3154\">\n\t\t\t\t<div class=\"elementor-element elementor-element-31fbab1c elementor-hidden-desktop elementor-hidden-tablet elementor-hidden-mobile e-flex e-con-boxed e-con e-parent\" data-id=\"31fbab1c\" data-element_type=\"container\">\n\t\t\t\t\t<div class=\"e-con-inner\">\n\t\t\t\t<div class=\"elementor-element elementor-element-63a6adc1 elementor-widget elementor-widget-text-editor\" data-id=\"63a6adc1\" data-element_type=\"widget\" data-widget_type=\"text-editor.default\">\n\t\t\t\t<div class=\"elementor-widget-container\">\n\t\t\t\t\t\t\t\t\t<div class=\"container\">\r\n    <div class=\"row\">\r\n\r\n <div class=\"col-sm-6\">\r\n<a href=\"https:\/\/www.cadexinc.com\/fr\/equipement\/accessoires\/enclumes\/\">\r\n            <div class=\"d-flex align-items-center justify-content-center border shadow-sm bg-light bg-gradient border-2 rounded-1 cdx-col cdx-equip\">\r\n                    <h3 class=\"text-center fw-bolder text-uppercase\">enclumes<\/h3>\r\n            <\/div>\r\n  <\/a>\r\n        <\/div>\r\n\r\n<div class=\"col-sm-6\">\r\n<a href=\"https:\/\/www.cadexinc.com\/fr\/equipement\/accessoires\/bras-a-bille\/\">\r\n            <div class=\"d-flex align-items-center justify-content-center border shadow-sm bg-light bg-gradient border-2 rounded-1 cdx-col cdx-equip\">\r\n                    <h3 class=\"text-center fw-bolder text-uppercase\">Bras \u00e0 bille<\/h3>\r\n            <\/div>\r\n  <\/a>\r\n        <\/div>\r\n\r\n\r\n<div class=\"col-sm-6\">\r\n<a href=\"https:\/\/www.cadexinc.com\/fr\/equipement\/accessoires\/chin-bar-bsi\/\">\r\n            <div class=\"d-flex align-items-center justify-content-center border shadow-sm bg-light bg-gradient border-2 rounded-1 cdx-col cdx-equip\">\r\n                    <h3 class=\"text-center fw-bolder text-uppercase\">CHIN BAR BSI<\/h3>\r\n            <\/div>\r\n  <\/a>\r\n        <\/div>\r\n\r\n        <div class=\"col-sm-6\">\r\n <a href=\"https:\/\/www.cadexinc.com\/fr\/equipement\/accessoires\/kit-de-menton-americain\/\">\r\n            <div class=\"d-flex align-items-center justify-content-center border shadow-sm bg-light bg-gradient border-2 rounded-1 cdx-col cdx-equip\">\r\n                    <h3 class=\"text-center fw-bolder text-uppercase\">Kit barre mentonni\u00e8re (am\u00e9ricain)<\/h3>\r\n            <\/div>\r\n  <\/a>\r\n        <\/div>\r\n\r\n <div class=\"col-sm-6\">\r\n  <a href=\"https:\/\/www.cadexinc.com\/fr\/equipement\/accessoires\/enclume-de-penetration-csa\/\">\r\n            <div class=\"d-flex align-items-center justify-content-center border shadow-sm bg-light bg-gradient border-2 rounded-1 cdx-col cdx-equip\">\r\n                    <h3 class=\"text-center fw-bolder text-uppercase text-balance\">Enclume p\u00e9n\u00e9trante CSA<\/h3>\r\n            <\/div>\r\n  <\/a>\r\n        <\/div>\r\n\r\n        <div class=\"col-sm-6\">\r\n  <a href=\"https:\/\/www.cadexinc.com\/fr\/equipement\/accessoires\/enclume-plate-csa\/\">\r\n            <div class=\"d-flex align-items-center justify-content-center border shadow-sm bg-light bg-gradient border-2 rounded-1 cdx-col cdx-equip\">\r\n                    <h3 class=\"text-center fw-bolder text-uppercase text-balance\">CSA-Flat Anvil (200 X 200 mm)<\/h3>\r\n            <\/div>\r\n  <\/a>\r\n        <\/div>\r\n\r\n <div class=\"col-sm-6\">\r\n  <a href=\"https:\/\/www.cadexinc.com\/fr\/equipement\/accessoires\/penetrateur-a-mouvement-lineaire\/\">\r\n            <div class=\"d-flex align-items-center justify-content-center border shadow-sm bg-light bg-gradient border-2 rounded-1 cdx-col cdx-equip\">\r\n                    <h3 class=\"text-center fw-bolder text-uppercase text-balance\">P\u00e9n\u00e9trateur ou impacteur \u00e0 mouvement lin\u00e9aire<\/h3>\r\n            <\/div>\r\n  <\/a>\r\n        <\/div>\r\n\r\n        <div class=\"col-sm-6\">\r\n  <a href=\"https:\/\/www.cadexinc.com\/fr\/equipement\/accessoires\/support-de-mouvement-lineaire\/\">\r\n            <div class=\"d-flex align-items-center justify-content-center border shadow-sm bg-light bg-gradient border-2 rounded-1 cdx-col cdx-equip\">\r\n                    <h3 class=\"text-center fw-bolder text-uppercase\">Support pour mouvement lin\u00e9aire<\/h3>\r\n            <\/div>\r\n  <\/a>\r\n        <\/div>\r\n        \r\n\r\n<div class=\"col-sm-6\">\r\n  <a href=\"https:\/\/www.cadexinc.com\/fr\/equipement\/accessoires\/dispositif-de-penetration-pour-monorail\/\">\r\n            <div class=\"d-flex align-items-center justify-content-center border shadow-sm bg-light bg-gradient border-2 rounded-1 cdx-col cdx-equip\">\r\n                    <h3 class=\"text-center fw-bolder text-uppercase text-balance\">P\u00e9n\u00e9trateur \u00e9quilibr\u00e9 Monorail<\/h3>\r\n            <\/div>\r\n  <\/a>\r\n        <\/div>\r\n\r\n<div class=\"col-sm-6\">\r\n<a href=\"https:\/\/www.cadexinc.com\/fr\/equipement\/accessoires\/tampon-mep\/\">\r\n            <div class=\"d-flex align-items-center justify-content-center border shadow-sm bg-light bg-gradient border-2 rounded-1 cdx-col cdx-equip\">\r\n                    <h3 class=\"text-center fw-bolder text-uppercase text-balance\">Tampon MEP<\/h3>\r\n            <\/div>\r\n  <\/a>\r\n        <\/div>\r\n\r\n        <div class=\"col-sm-6\">\r\n<a href=\"https:\/\/www.cadexinc.com\/fr\/equipement\/accessoires\/nocsae-impact-flying-arm\/\">\r\n            <div class=\"d-flex align-items-center justify-content-center border shadow-sm bg-light bg-gradient border-2 rounded-1 cdx-col cdx-equip\">\r\n                    <h3 class=\"text-center fw-bolder text-uppercase text-balance\">Bras volant NOCSAE IMPACT<\/h3>\r\n            <\/div>\r\n  <\/a>\r\n        <\/div>\r\n\r\n<div class=\"col-sm-6\">\r\n<a href=\"https:\/\/www.cadexinc.com\/fr\/equipement\/accessoires\/cou-rotatif-a-impact-nocsea\/\">\r\n            <div class=\"d-flex align-items-center justify-content-center border shadow-sm bg-light bg-gradient border-2 rounded-1 cdx-col cdx-equip\">\r\n                    <h3 class=\"text-center fw-bolder text-uppercase text-balance\">NOCSAE IMPACT col rotatif<\/h3>\r\n            <\/div>\r\n  <\/a>\r\n        <\/div>\r\n\r\n <!-- <div class=\"col-sm-6\">\r\n<a href=\"https:\/\/www.cadexinc.com\/equipment\/accessories\/nocsae-retention-leg\/\">\r\n            <div class=\"d-flex align-items-center justify-content-center border shadow-sm bg-light bg-gradient border-2 rounded-1 cdx-col cdx-equip\">\r\n                    <h3 class=\"text-center fw-bolder text-uppercase text-balance\">NOCSAE RETENTION LEG<\/h3>\r\n            <\/div>\r\n  <\/a>\r\n        <\/div> -->\r\n\r\n        <div class=\"col-sm-6\">\r\n  <a href=\"https:\/\/www.cadexinc.com\/fr\/equipement\/accessoires\/nocsae-jambe-conique\/\">\r\n            <div class=\"d-flex align-items-center justify-content-center border shadow-sm bg-light bg-gradient border-2 rounded-1 cdx-col cdx-equip\">\r\n                    <h3 class=\"text-center fw-bolder text-uppercase text-balance\">NOCSAE JAMBE CONIQUE<\/h3>\r\n            <\/div>\r\n  <\/a>\r\n        <\/div>\r\n\r\n\r\n        <div class=\"col-sm-6\">\r\n <a href=\"https:\/\/www.cadexinc.com\/fr\/equipement\/accessoires\/supports-de-tete-de-stylo\/\">\r\n            <div class=\"d-flex align-items-center justify-content-center border shadow-sm bg-light bg-gradient border-2 rounded-1 cdx-col cdx-equip\">\r\n                    <h3 class=\"text-center fw-bolder text-uppercase text-balance\">PORTE-STYLO ET PORTE-OBJET<\/h3>\r\n            <\/div>\r\n  <\/a>\r\n        <\/div>\r\n\r\n        <div class=\"col-sm-6\">\r\n <a href=\"https:\/\/www.cadexinc.com\/fr\/equipement\/accessoires\/support-de-tete-factice-de-penetration\/\">\r\n            <div class=\"d-flex align-items-center justify-content-center border shadow-sm bg-light bg-gradient border-2 rounded-1 cdx-col cdx-equip\">\r\n                    <h3 class=\"text-center fw-bolder text-uppercase text-balance\">SUPPORT DE FAUSSE T\u00caTE POUR ESSAIS DE P\u00c9N\u00c9TRATION<\/h3>\r\n            <\/div>\r\n  <\/a>\r\n        <\/div>\r\n\r\n <div class=\"col-sm-6\">\r\n <a href=\"https:\/\/www.cadexinc.com\/fr\/equipement\/accessoires\/kit-laser-de-positionnement\/\">\r\n            <div class=\"d-flex align-items-center justify-content-center border shadow-sm bg-light bg-gradient border-2 rounded-1 cdx-col cdx-equip\">\r\n                    <h3 class=\"text-center fw-bolder text-uppercase text-balance\">Kit laser de positionnement<\/h3>\r\n            <\/div>\r\n  <\/a>\r\n        <\/div>\r\n\r\n        <div class=\"col-sm-6\">\r\n<a href=\"https:\/\/www.cadexinc.com\/fr\/equipement\/accessoires\/pince\/\">\r\n            <div class=\"d-flex align-items-center justify-content-center border shadow-sm bg-light bg-gradient border-2 rounded-1 cdx-col cdx-equip\">\r\n                    <h3 class=\"text-center fw-bolder text-uppercase text-balance\">Pince \u00e0 anneau fendu<\/h3>\r\n            <\/div>\r\n  <\/a>\r\n        <\/div>\r\n\r\n\r\n<div class=\"col-sm-6\">\r\n<a href=\"https:\/\/www.cadexinc.com\/fr\/equipement\/accessoires\/impacteur-spherique\/\">\r\n            <div class=\"d-flex align-items-center justify-content-center border shadow-sm bg-light bg-gradient border-2 rounded-1 cdx-col cdx-equip\">\r\n                    <h3 class=\"text-center fw-bolder text-uppercase text-balance\">Impacteur sph\u00e9rique<\/h3>\r\n            <\/div>\r\n  <\/a>\r\n        <\/div>\r\n\r\n<div class=\"col-sm-6\">\r\n<a href=\"https:\/\/www.cadexinc.com\/fr\/equipement\/accessoires\/penetrateur-pour-fil-double\/\">\r\n            <div class=\"d-flex align-items-center justify-content-center border shadow-sm bg-light bg-gradient border-2 rounded-1 cdx-col cdx-equip\">\r\n                    <h3 class=\"text-center fw-bolder text-uppercase text-balance\">Bras volant p\u00e9n\u00e9trateur \u00e0 double fil<\/h3>\r\n            <\/div>\r\n  <\/a>\r\n        <\/div>\r\n\r\n\r\n    <\/div>\r\n<\/div>\t\t\t\t\t\t\t\t<\/div>\n\t\t\t\t<\/div>\n\t\t\t\t\t<\/div>\n\t\t\t\t<\/div>\n\t\t<div class=\"elementor-element elementor-element-954d2f8 e-flex e-con-boxed e-con e-parent\" data-id=\"954d2f8\" data-element_type=\"container\">\n\t\t\t\t\t<div class=\"e-con-inner\">\n\t\t<div class=\"elementor-element elementor-element-be5fdb3 e-grid e-con-full e-con e-child\" data-id=\"be5fdb3\" data-element_type=\"container\">\n\t\t\t\t<div class=\"elementor-element elementor-element-b0aa651 elementor-widget__width-inherit elementor-widget elementor-widget-html\" data-id=\"b0aa651\" data-element_type=\"widget\" data-widget_type=\"html.default\">\n\t\t\t\t<div class=\"elementor-widget-container\">\n\t\t\t\t\t<article style=\"height:250px;\" class=\"category-item category-block-with-no-icon cdx-equip\">\r\n        <h2 style=\"margin-top:30%\">Enclumes<\/h2>\r\n        <a href=\"\/fr\/equipement\/accessoires\/enclumes\/\" class=\"btn\">Plus d'informations<\/a>\r\n      <\/article>\t\t\t\t<\/div>\n\t\t\t\t<\/div>\n\t\t\t\t<div class=\"elementor-element elementor-element-ca227d8 elementor-widget elementor-widget-html\" data-id=\"ca227d8\" data-element_type=\"widget\" data-widget_type=\"html.default\">\n\t\t\t\t<div class=\"elementor-widget-container\">\n\t\t\t\t\t<article style=\"height:250px;\" class=\"category-item category-block-with-no-icon cdx-equip\">\r\n        <h2 style=\"margin-top:30%\">Bras \u00e0 bille<\/h2>\r\n        <a href=\"\/fr\/equipement\/accessoires\/bras-a-bille\/\" class=\"btn\">Plus d'informations<\/a>\r\n      <\/article>\t\t\t\t<\/div>\n\t\t\t\t<\/div>\n\t\t\t\t<div class=\"elementor-element elementor-element-e0ef653 elementor-widget elementor-widget-html\" data-id=\"e0ef653\" data-element_type=\"widget\" data-widget_type=\"html.default\">\n\t\t\t\t<div class=\"elementor-widget-container\">\n\t\t\t\t\t<article style=\"height:250px;\" class=\"category-item category-block-with-no-icon cdx-equip\">\r\n        <h2 style=\"margin-top:30%\">Barre de traction BSI<\/h2>\r\n        <a href=\"\/fr\/equipement\/accessoires\/chin-bar-bsi\/\" class=\"btn\">Plus d'informations<\/a>\r\n      <\/article>\r\n      \t\t\t\t<\/div>\n\t\t\t\t<\/div>\n\t\t\t\t<div class=\"elementor-element elementor-element-e1f45d9 elementor-widget elementor-widget-html\" data-id=\"e1f45d9\" data-element_type=\"widget\" data-widget_type=\"html.default\">\n\t\t\t\t<div class=\"elementor-widget-container\">\n\t\t\t\t\t<article style=\"height:250px;\" class=\"category-item category-block-with-no-icon cdx-equip\">\r\n        <h2 style=\"margin-top:15%\">Kit Chin Bar (am\u00e9ricain)<\/h2>\r\n        <a href=\"\/fr\/equipement\/accessoires\/kit-de-menton-americain\/\" class=\"btn\">Plus d'informations<\/a>\r\n      <\/article>\t\t\t\t<\/div>\n\t\t\t\t<\/div>\n\t\t\t\t<\/div>\n\t\t<div class=\"elementor-element elementor-element-bf3ac5d e-grid e-con-full e-con e-child\" data-id=\"bf3ac5d\" data-element_type=\"container\">\n\t\t\t\t<div class=\"elementor-element elementor-element-773cb42 elementor-widget__width-inherit elementor-widget elementor-widget-html\" data-id=\"773cb42\" data-element_type=\"widget\" data-widget_type=\"html.default\">\n\t\t\t\t<div class=\"elementor-widget-container\">\n\t\t\t\t\t<article style=\"height:250px;\" class=\"category-item category-block-with-no-icon cdx-equip\">\r\n        <h2 style=\"margin-top:15%\">Enclume CSA-Penetrator<\/h2>\r\n        <a href=\"\/fr\/equipement\/accessoires\/enclume-de-penetration-csa\/\" class=\"btn\">Plus d'informations<\/a>\r\n      <\/article>\t\t\t\t<\/div>\n\t\t\t\t<\/div>\n\t\t\t\t<div class=\"elementor-element elementor-element-c024481 elementor-widget elementor-widget-html\" data-id=\"c024481\" data-element_type=\"widget\" data-widget_type=\"html.default\">\n\t\t\t\t<div class=\"elementor-widget-container\">\n\t\t\t\t\t<article style=\"height:250px;\" class=\"category-item category-block-with-no-icon cdx-equip\">\r\n        <h2 style=\"margin-top:15%\">CSA-Flat Anvil (200 X 200 mm)<\/h2>\r\n        <a href=\"\/fr\/equipement\/accessoires\/enclume-plate-csa\/\" class=\"btn\">Plus d'informations<\/a>\r\n      <\/article>\t\t\t\t<\/div>\n\t\t\t\t<\/div>\n\t\t\t\t<div class=\"elementor-element elementor-element-49c293f elementor-widget elementor-widget-html\" data-id=\"49c293f\" data-element_type=\"widget\" data-widget_type=\"html.default\">\n\t\t\t\t<div class=\"elementor-widget-container\">\n\t\t\t\t\t<article style=\"height:250px;\" class=\"category-item category-block-with-no-icon cdx-equip\">\r\n        <h2>P\u00e9n\u00e9trateur ou impacteur \u00e0 mouvement lin\u00e9aire<\/h2>\r\n        <a href=\"\/fr\/equipement\/accessoires\/penetrateur-a-mouvement-lineaire\/\" class=\"btn\">Plus d'informations<\/a>\r\n      <\/article>\r\n      \t\t\t\t<\/div>\n\t\t\t\t<\/div>\n\t\t\t\t<div class=\"elementor-element elementor-element-dd7a9ab elementor-widget elementor-widget-html\" data-id=\"dd7a9ab\" data-element_type=\"widget\" data-widget_type=\"html.default\">\n\t\t\t\t<div class=\"elementor-widget-container\">\n\t\t\t\t\t<article style=\"height:250px;\" class=\"category-item category-block-with-no-icon cdx-equip\">\r\n        <h2 style=\"margin-top:30%\">Support de mouvement lin\u00e9aire<\/h2>\r\n        <a href=\"\/fr\/equipement\/accessoires\/support-de-mouvement-lineaire\/\" class=\"btn\">Plus d'informations<\/a>\r\n      <\/article>\t\t\t\t<\/div>\n\t\t\t\t<\/div>\n\t\t\t\t<\/div>\n\t\t<div class=\"elementor-element elementor-element-aa8576c e-grid e-con-full e-con e-child\" data-id=\"aa8576c\" data-element_type=\"container\">\n\t\t\t\t<div class=\"elementor-element elementor-element-0dc2c5c elementor-widget__width-inherit elementor-widget elementor-widget-html\" data-id=\"0dc2c5c\" data-element_type=\"widget\" data-widget_type=\"html.default\">\n\t\t\t\t<div class=\"elementor-widget-container\">\n\t\t\t\t\t<article style=\"height:250px;\" class=\"category-item category-block-with-no-icon cdx-equip\">\r\n        <h2 style=\"margin-top:15%\">P\u00e9n\u00e9trateur \u00e9quilibr\u00e9 Monorail<\/h2>\r\n        <a href=\"\/fr\/equipement\/accessoires\/dispositif-de-penetration-pour-monorail\/\" class=\"btn\">Plus d'informations<\/a>\r\n      <\/article>\t\t\t\t<\/div>\n\t\t\t\t<\/div>\n\t\t\t\t<div class=\"elementor-element elementor-element-78dd0db elementor-widget elementor-widget-html\" data-id=\"78dd0db\" data-element_type=\"widget\" data-widget_type=\"html.default\">\n\t\t\t\t<div class=\"elementor-widget-container\">\n\t\t\t\t\t<article style=\"height:250px;\" class=\"category-item category-block-with-no-icon cdx-equip\">\r\n        <h2 style=\"margin-top:30%\">Mep Pad<\/h2>\r\n        <a href=\"\/fr\/equipement\/accessoires\/tampon-mep\/\" class=\"btn\">Plus d'informations<\/a>\r\n      <\/article>\t\t\t\t<\/div>\n\t\t\t\t<\/div>\n\t\t\t\t<div class=\"elementor-element elementor-element-42cb066 elementor-widget elementor-widget-html\" data-id=\"42cb066\" data-element_type=\"widget\" data-widget_type=\"html.default\">\n\t\t\t\t<div class=\"elementor-widget-container\">\n\t\t\t\t\t<article style=\"height:250px;\" class=\"category-item category-block-with-no-icon cdx-equip\">\r\n        <h2 style=\"margin-top:15%\">Bras volant Nocsae Impact<\/h2>\r\n        <a href=\"\/fr\/equipement\/accessoires\/nocsae-impact-flying-arm\/\" class=\"btn\">Plus d'informations<\/a>\r\n      <\/article>\r\n      \t\t\t\t<\/div>\n\t\t\t\t<\/div>\n\t\t\t\t<div class=\"elementor-element elementor-element-929cdd5 elementor-widget elementor-widget-html\" data-id=\"929cdd5\" data-element_type=\"widget\" data-widget_type=\"html.default\">\n\t\t\t\t<div class=\"elementor-widget-container\">\n\t\t\t\t\t<article style=\"height:250px;\" class=\"category-item category-block-with-no-icon cdx-equip\">\r\n        <h2 style=\"margin-top:15%\">Nocsae Impact Rotary Neck<\/h2>\r\n        <a href=\"\/fr\/equipement\/accessoires\/cou-rotatif-a-impact-nocsea\/\" class=\"btn\">Plus d'informations<\/a>\r\n      <\/article>\t\t\t\t<\/div>\n\t\t\t\t<\/div>\n\t\t\t\t<\/div>\n\t\t<div class=\"elementor-element elementor-element-8d49d84 e-grid e-con-full e-con e-child\" data-id=\"8d49d84\" data-element_type=\"container\">\n\t\t\t\t<div class=\"elementor-element elementor-element-63e6fc7 elementor-widget__width-inherit elementor-widget elementor-widget-html\" data-id=\"63e6fc7\" data-element_type=\"widget\" data-widget_type=\"html.default\">\n\t\t\t\t<div class=\"elementor-widget-container\">\n\t\t\t\t\t<article style=\"height:250px;\" class=\"category-item category-block-with-no-icon cdx-equip\">\r\n        <h2 style=\"margin-top:30%\">Nocsae Patte conique<\/h2>\r\n        <a href=\"\/fr\/equipement\/accessoires\/nocsae-jambe-conique\/\" class=\"btn\">Plus d'informations<\/a>\r\n      <\/article>\t\t\t\t<\/div>\n\t\t\t\t<\/div>\n\t\t\t\t<div class=\"elementor-element elementor-element-912cb8f elementor-widget elementor-widget-html\" data-id=\"912cb8f\" data-element_type=\"widget\" data-widget_type=\"html.default\">\n\t\t\t\t<div class=\"elementor-widget-container\">\n\t\t\t\t\t<article style=\"height:250px;\" class=\"category-item category-block-with-no-icon cdx-equip\">\r\n        <h2 style=\"margin-top:15%\">Porte-stylo et couvre-chef<\/h2>\r\n        <a href=\"\/fr\/equipement\/accessoires\/supports-de-tete-de-stylo\/\" class=\"btn\">Plus d'informations<\/a>\r\n      <\/article>\t\t\t\t<\/div>\n\t\t\t\t<\/div>\n\t\t\t\t<div class=\"elementor-element elementor-element-ecea963 elementor-widget elementor-widget-html\" data-id=\"ecea963\" data-element_type=\"widget\" data-widget_type=\"html.default\">\n\t\t\t\t<div class=\"elementor-widget-container\">\n\t\t\t\t\t<article style=\"height:250px;\" class=\"category-item category-block-with-no-icon cdx-equip\">\r\n        <h2 style=\"margin-top:15%\">Support de t\u00eate factice de p\u00e9n\u00e9tration<\/h2>\r\n        <a href=\"\/fr\/equipement\/accessoires\/support-de-tete-factice-de-penetration\/\" class=\"btn\">Plus d'informations<\/a>\r\n      <\/article>\r\n      \t\t\t\t<\/div>\n\t\t\t\t<\/div>\n\t\t\t\t<div class=\"elementor-element elementor-element-4379847 elementor-widget elementor-widget-html\" data-id=\"4379847\" data-element_type=\"widget\" data-widget_type=\"html.default\">\n\t\t\t\t<div class=\"elementor-widget-container\">\n\t\t\t\t\t<article style=\"height:250px;\" class=\"category-item category-block-with-no-icon cdx-equip\">\r\n        <h2 style=\"margin-top:30%\">Kit laser de positionnement<\/h2>\r\n        <a href=\"\/fr\/equipement\/accessoires\/kit-laser-de-positionnement\/\" class=\"btn\">Plus d'informations<\/a>\r\n      <\/article>\t\t\t\t<\/div>\n\t\t\t\t<\/div>\n\t\t\t\t<\/div>\n\t\t<div class=\"elementor-element elementor-element-ed6cc87 e-grid e-con-full e-con e-child\" data-id=\"ed6cc87\" data-element_type=\"container\">\n\t\t\t\t<div class=\"elementor-element elementor-element-3d16514 elementor-widget__width-inherit elementor-widget elementor-widget-html\" data-id=\"3d16514\" data-element_type=\"widget\" data-widget_type=\"html.default\">\n\t\t\t\t<div class=\"elementor-widget-container\">\n\t\t\t\t\t<article style=\"height:250px;\" class=\"category-item category-block-with-no-icon cdx-equip\">\r\n        <h2 style=\"margin-top:15%\">Pince \u00e0 anneau fendu<\/h2>\r\n        <a href=\"\/fr\/equipement\/accessoires\/pince\/\" class=\"btn\">Plus d'informations<\/a>\r\n      <\/article>\t\t\t\t<\/div>\n\t\t\t\t<\/div>\n\t\t\t\t<div class=\"elementor-element elementor-element-b23c98c elementor-widget elementor-widget-html\" data-id=\"b23c98c\" data-element_type=\"widget\" data-widget_type=\"html.default\">\n\t\t\t\t<div class=\"elementor-widget-container\">\n\t\t\t\t\t<article style=\"height:250px;\" class=\"category-item category-block-with-no-icon cdx-equip\">\r\n        <h2 style=\"margin-top:15%\">Impacteur sph\u00e9rique<\/h2>\r\n        <a href=\"\/fr\/equipement\/accessoires\/impacteur-spherique\/\" class=\"btn\">Plus d'informations<\/a>\r\n      <\/article>\t\t\t\t<\/div>\n\t\t\t\t<\/div>\n\t\t\t\t<div class=\"elementor-element elementor-element-1689c13 elementor-widget elementor-widget-html\" data-id=\"1689c13\" data-element_type=\"widget\" data-widget_type=\"html.default\">\n\t\t\t\t<div class=\"elementor-widget-container\">\n\t\t\t\t\t<article style=\"height:250px;\" class=\"category-item category-block-with-no-icon cdx-equip\">\r\n        <h2>Bras volant de p\u00e9n\u00e9trateur Twinwire<\/h2>\r\n        <a href=\"\/fr\/equipement\/accessoires\/penetrateur-pour-fil-double\/\" class=\"btn\">Plus d'informations<\/a>\r\n      <\/article>\r\n      \t\t\t\t<\/div>\n\t\t\t\t<\/div>\n\t\t\t\t<\/div>\n\t\t\t\t\t<\/div>\n\t\t\t\t<\/div>\n\t\t\t\t<\/div>","protected":false},"excerpt":{"rendered":"<p>ANVILS BALL ARM CHIN BAR BSI Chin bar kit (American) CSA-penetrator anvil CSA-Flat Anvil (200 X 200 mm) Linear Motion Penetrator or Impactor Linear motion holder Monorail Balanced Penetrator MEP pad NOCSAE IMPACT flying arm NOCSAE IMPACT rotary neck NOCSAE CONICAL LEG PEN &amp; HEADFORM HOLDER PENETRATION HEADFORM HOLDER PENETRATION Positioning laser kit Split ring clamp [...]<\/p>","protected":false},"author":5,"featured_media":0,"parent":3101,"menu_order":0,"comment_status":"closed","ping_status":"closed","template":"","meta":{"footnotes":""},"categories":[40],"class_list":["post-3154","page","type-page","status-publish","hentry","category-accessories"],"_links":{"self":[{"href":"https:\/\/www.cadexinc.com\/fr\/wp-json\/wp\/v2\/pages\/3154","targetHints":{"allow":["GET"]}}],"collection":[{"href":"https:\/\/www.cadexinc.com\/fr\/wp-json\/wp\/v2\/pages"}],"about":[{"href":"https:\/\/www.cadexinc.com\/fr\/wp-json\/wp\/v2\/types\/page"}],"author":[{"embeddable":true,"href":"https:\/\/www.cadexinc.com\/fr\/wp-json\/wp\/v2\/users\/5"}],"replies":[{"embeddable":true,"href":"https:\/\/www.cadexinc.com\/fr\/wp-json\/wp\/v2\/comments?post=3154"}],"version-history":[{"count":77,"href":"https:\/\/www.cadexinc.com\/fr\/wp-json\/wp\/v2\/pages\/3154\/revisions"}],"predecessor-version":[{"id":20007,"href":"https:\/\/www.cadexinc.com\/fr\/wp-json\/wp\/v2\/pages\/3154\/revisions\/20007"}],"up":[{"embeddable":true,"href":"https:\/\/www.cadexinc.com\/fr\/wp-json\/wp\/v2\/pages\/3101"}],"wp:attachment":[{"href":"https:\/\/www.cadexinc.com\/fr\/wp-json\/wp\/v2\/media?parent=3154"}],"wp:term":[{"taxonomy":"category","embeddable":true,"href":"https:\/\/www.cadexinc.com\/fr\/wp-json\/wp\/v2\/categories?post=3154"}],"curies":[{"name":"wp","href":"https:\/\/api.w.org\/{rel}","templated":true}]}}