{"id":3152,"date":"2022-09-08T11:28:47","date_gmt":"2022-09-08T15:28:47","guid":{"rendered":"http:\/\/www.cadexinc.com\/?page_id=3152"},"modified":"2025-11-03T11:58:19","modified_gmt":"2025-11-03T16:58:19","slug":"electronique","status":"publish","type":"page","link":"https:\/\/www.cadexinc.com\/fr\/equipement\/electronique\/","title":{"rendered":"\u00c9lectronique"},"content":{"rendered":"<div data-elementor-type=\"wp-page\" data-elementor-id=\"3152\" class=\"elementor elementor-3152\">\n\t\t\t\t<div class=\"elementor-element elementor-element-19f9a2c1 elementor-hidden-desktop elementor-hidden-tablet elementor-hidden-mobile e-flex e-con-boxed e-con e-parent\" data-id=\"19f9a2c1\" data-element_type=\"container\">\n\t\t\t\t\t<div class=\"e-con-inner\">\n\t\t\t\t<div class=\"elementor-element elementor-element-4cc0254a elementor-widget elementor-widget-text-editor\" data-id=\"4cc0254a\" data-element_type=\"widget\" data-widget_type=\"text-editor.default\">\n\t\t\t\t<div class=\"elementor-widget-container\">\n\t\t\t\t\t\t\t\t\t<div class=\"container\">\r\n    <div class=\"row\">\r\n\r\n        <div class=\"col-sm-6\">\r\n<a href=\"https:\/\/www.cadexinc.com\/fr\/equipement\/electronique\/accelerometre\/\">\r\n            <div class=\"d-flex align-items-center justify-content-center border shadow-sm bg-light bg-gradient border-2 rounded-1 cdx-col cdx-equip\">\r\n                    <h3 class=\"fw-bolder text-center text-uppercase\">Acc\u00e9l\u00e9rom\u00e8tre<\/h3>\r\n            <\/div>\r\n <\/a>\r\n        <\/div>\r\n\r\n      <div class=\"col-sm-6\">\r\n <a href=\"https:\/\/www.cadexinc.com\/fr\/equipement\/electronique\/systeme-de-rotation-ece-22-06\/\">\r\n            <div class=\"d-flex align-items-center justify-content-center border shadow-sm bg-light bg-gradient border-2 rounded-1 cdx-col cdx-equip\">\r\n                    <h3 class=\"fw-bolder text-center text-uppercase\">Kit d'acquisition <br\/> pour l'impact rotationnel<\/h3>\r\n            <\/div>\r\n <\/a>\r\n        <\/div>\r\n\r\n        <div class=\"col-sm-6\">\r\n <a href=\"https:\/\/www.cadexinc.com\/fr\/equipement\/electronique\/capteur-de-pesage-australien\/\">\r\n            <div class=\"d-flex align-items-center justify-content-center border shadow-sm bg-light bg-gradient border-2 rounded-1 cdx-col cdx-equip\">\r\n                    <h3 class=\"fw-bolder text-center text-uppercase\">Kit de cellule de charge Australienne<\/h3>\r\n            <\/div>\r\n <\/a>\r\n        <\/div>\r\n\r\n       <div class=\"col-sm-6\">\r\n<a href=\"https:\/\/www.cadexinc.com\/fr\/equipement\/electronique\/kit-de-cellule-de-charge-pour-le-rembourrage-de-la-carrosserie\/\">\r\n            <div class=\"d-flex align-items-center justify-content-center border shadow-sm bg-light bg-gradient border-2 rounded-1 cdx-col cdx-equip\">\r\n                    <h3 class=\"fw-bolder text-center text-uppercase\">Rembourrage du corps Cellule de charge<\/h3>\r\n            <\/div>\r\n <\/a>\r\n        <\/div>\r\n\r\n<div class=\"col-sm-6\">\r\n<a href=\"https:\/\/www.cadexinc.com\/fr\/equipement\/electronique\/cable-pour-accelerometre\/\">\r\n            <div class=\"d-flex align-items-center justify-content-center border shadow-sm bg-light bg-gradient border-2 rounded-1 cdx-col cdx-equip\">\r\n                    <h3 class=\"fw-bolder text-center text-uppercase\">C\u00e2ble pour acc\u00e9l\u00e9rom\u00e8tre<\/h3>\r\n            <\/div>\r\n <\/a>\r\n        <\/div>\r\n\r\n <div class=\"col-sm-6\">\r\n<a href=\"https:\/\/www.cadexinc.com\/fr\/equipement\/electronique\/acquisition\/\">\r\n            <div class=\"d-flex align-items-center justify-content-center border shadow-sm bg-light bg-gradient border-2 rounded-1 cdx-col cdx-equip\">\r\n                    <h3 class=\"fw-bolder text-uppercase text-center\">CCS, carte informatique et d'achat<\/h3>\r\n            <\/div>\r\n <\/a>\r\n        <\/div>\r\n\r\n <div class=\"col-sm-6\">\r\n<a href=\"https:\/\/www.cadexinc.com\/fr\/equipement\/electronique\/logiciel-cadex\/\">\r\n            <div class=\"d-flex align-items-center justify-content-center border shadow-sm bg-light bg-gradient border-2 rounded-1 cdx-col cdx-equip\">\r\n                    <h3 class=\"fw-bolder text-uppercase text-center\">Logiciel Cadex<\/h3>\r\n            <\/div>\r\n <\/a>\r\n        <\/div>\r\n\r\n      <!-- <div class=\"col-sm-6\">\r\n<a href=\"https:\/\/www.cadexinc.com\/equipment\/electronics\/control-box\/\">\r\n            <div class=\"d-flex align-items-center justify-content-center border shadow-sm bg-light bg-gradient border-2 rounded-1 cdx-col cdx-equip\">\r\n                    <h3 class=\"fw-bolder text-center text-uppercase\">Control Box<\/h3>\r\n            <\/div>\r\n <\/a>\r\n        <\/div> -->\r\n\r\n        <div class=\"col-sm-6\">\r\n<a href=\"https:\/\/www.cadexinc.com\/fr\/equipement\/electronique\/cellule-de-charge\/\">\r\n            <div class=\"d-flex align-items-center justify-content-center border shadow-sm bg-light bg-gradient border-2 rounded-1 cdx-col cdx-equip\">\r\n                    <h3 class=\"fw-bolder text-center text-uppercase\">Assemblage de cellule de charge<\/h3>\r\n            <\/div>\r\n <\/a>\r\n        <\/div>\r\n\r\n\r\n        <div class=\"col-sm-6\">\r\n<a href=\"https:\/\/www.cadexinc.com\/fr\/equipement\/electronique\/boitier-de-controle-de-la-penetration\/\">\r\n            <div class=\"d-flex align-items-center justify-content-center border shadow-sm bg-light bg-gradient border-2 rounded-1 cdx-col cdx-equip\">\r\n                    <h3 class=\"fw-bolder text-center text-uppercase\">Bo\u00eetier de contr\u00f4le de p\u00e9n\u00e9tration<\/h3>\r\n            <\/div>\r\n <\/a>\r\n        <\/div>\r\n\r\n\r\n   <div class=\"col-sm-6\">\r\n<a href=\"https:\/\/www.cadexinc.com\/fr\/equipement\/electronique\/systeme-de-controle-intelligent-scs\/\">\r\n            <div class=\"d-flex align-items-center justify-content-center border shadow-sm bg-light bg-gradient border-2 rounded-1 cdx-col cdx-equip\">\r\n                    <h3 class=\"fw-bolder text-center text-uppercase\">Syst\u00e8me de contr\u00f4le intelligent (SCS)<\/h3>\r\n            <\/div>\r\n <\/a>\r\n        <\/div>\r\n\r\n\r\n\r\n<div class=\"col-sm-6\">\r\n  <a href=\"https:\/\/www.cadexinc.com\/fr\/equipement\/electronique\/boite-de-presentation-du-velocimetre\/\">\r\n            <div class=\"d-flex align-items-center justify-content-center border shadow-sm bg-light bg-gradient border-2 rounded-1 cdx-col cdx-equip\">\r\n                    <h3 class=\"fw-bolder text-center text-uppercase\">Bo\u00eetier d\u2019affichage du v\u00e9locim\u00e8tre<\/h3>\r\n            <\/div>\r\n <\/a>\r\n        <\/div>\r\n\r\n <!--        <div class=\"col-sm-6\">\r\n<a href=\"https:\/\/www.cadexinc.com\/equipment\/electronics\/velocimeter-time-gate\/\">\r\n            <div class=\"d-flex align-items-center justify-content-center border shadow-sm bg-light bg-gradient border-2 rounded-1 cdx-col cdx-equip\">\r\n                    <h3 class=\"fw-bolder text-center text-uppercase\">Velocimeter (Timegate)<\/h3>          \r\n            <\/div>\r\n <\/a>\r\n        <\/div> -->\r\n\r\n\r\n    <\/div>\r\n<\/div>\t\t\t\t\t\t\t\t<\/div>\n\t\t\t\t<\/div>\n\t\t\t\t\t<\/div>\n\t\t\t\t<\/div>\n\t\t<div class=\"elementor-element elementor-element-7ced4f6 e-flex e-con-boxed e-con e-parent\" data-id=\"7ced4f6\" data-element_type=\"container\">\n\t\t\t\t\t<div class=\"e-con-inner\">\n\t\t<div class=\"elementor-element elementor-element-3e2ad6d e-grid e-con-full e-con e-child\" data-id=\"3e2ad6d\" data-element_type=\"container\">\n\t\t\t\t<div class=\"elementor-element elementor-element-17cbc49 elementor-widget__width-inherit elementor-widget elementor-widget-html\" data-id=\"17cbc49\" data-element_type=\"widget\" data-widget_type=\"html.default\">\n\t\t\t\t<div class=\"elementor-widget-container\">\n\t\t\t\t\t<article style=\"height:250px;\" class=\"category-item category-block-with-no-icon cdx-equip\">\r\n        <h2 style=\"margin-top:30%\">Acc\u00e9l\u00e9rom\u00e8tre<\/h2>\r\n        <a href=\"\/fr\/equipement\/electronique\/accelerometre\/\" class=\"btn\">Plus d'informations<\/a>\r\n      <\/article>\t\t\t\t<\/div>\n\t\t\t\t<\/div>\n\t\t\t\t<div class=\"elementor-element elementor-element-6a5bdc8 elementor-widget elementor-widget-html\" data-id=\"6a5bdc8\" data-element_type=\"widget\" data-widget_type=\"html.default\">\n\t\t\t\t<div class=\"elementor-widget-container\">\n\t\t\t\t\t<article style=\"height:250px;\" class=\"category-item category-block-with-no-icon cdx-equip\">\r\n        <h2 style=\"margin-top:15%\">Kit d'acquisition pour impact rotationnel<\/h2>\r\n        <a href=\"\/fr\/equipement\/electronique\/systeme-de-rotation-ece-22-06\/\" class=\"btn\">Plus d'informations<\/a>\r\n      <\/article>\t\t\t\t<\/div>\n\t\t\t\t<\/div>\n\t\t\t\t<div class=\"elementor-element elementor-element-f5519b1 elementor-widget elementor-widget-html\" data-id=\"f5519b1\" data-element_type=\"widget\" data-widget_type=\"html.default\">\n\t\t\t\t<div class=\"elementor-widget-container\">\n\t\t\t\t\t<article style=\"height:250px;\" class=\"category-item category-block-with-no-icon cdx-equip\">\r\n        <h2 style=\"margin-top:15%\">Kit de cellule de charge Australienne\r\n<\/h2>\r\n        <a href=\"\/fr\/equipement\/electronique\/capteur-de-pesage-australien\/\" class=\"btn\">Plus d'informations<\/a>\r\n      <\/article>\r\n      \t\t\t\t<\/div>\n\t\t\t\t<\/div>\n\t\t\t\t<div class=\"elementor-element elementor-element-1870570 elementor-widget elementor-widget-html\" data-id=\"1870570\" data-element_type=\"widget\" data-widget_type=\"html.default\">\n\t\t\t\t<div class=\"elementor-widget-container\">\n\t\t\t\t\t<article style=\"height:250px;\" class=\"category-item category-block-with-no-icon cdx-equip\">\r\n        <h2 style=\"margin-top:15%\">Kit de cellule de charge pour protections corporelles<\/h2>\r\n        <a href=\"\/fr\/equipement\/electronique\/kit-de-cellule-de-charge-pour-le-rembourrage-de-la-carrosserie\/\" class=\"btn\">Plus d'informations<\/a>\r\n      <\/article>\t\t\t\t<\/div>\n\t\t\t\t<\/div>\n\t\t\t\t<\/div>\n\t\t<div class=\"elementor-element elementor-element-1ac84c6 e-grid e-con-full e-con e-child\" data-id=\"1ac84c6\" data-element_type=\"container\">\n\t\t\t\t<div class=\"elementor-element elementor-element-fd53f14 elementor-widget__width-inherit elementor-widget elementor-widget-html\" data-id=\"fd53f14\" data-element_type=\"widget\" data-widget_type=\"html.default\">\n\t\t\t\t<div class=\"elementor-widget-container\">\n\t\t\t\t\t<article style=\"height:250px;\" class=\"category-item category-block-with-no-icon cdx-equip\">\r\n        <h2 style=\"margin-top:15%\">C\u00e2ble pour acc\u00e9l\u00e9rom\u00e8tre<\/h2>\r\n        <a href=\"\/fr\/equipement\/electronique\/cable-pour-accelerometre\/\" class=\"btn\">Plus d'informations<\/a>\r\n      <\/article>\t\t\t\t<\/div>\n\t\t\t\t<\/div>\n\t\t\t\t<div class=\"elementor-element elementor-element-2667e38 elementor-widget elementor-widget-html\" data-id=\"2667e38\" data-element_type=\"widget\" data-widget_type=\"html.default\">\n\t\t\t\t<div class=\"elementor-widget-container\">\n\t\t\t\t\t<article style=\"height:250px;\" class=\"category-item category-block-with-no-icon cdx-equip\">\r\n        <h2 style=\"margin-top:15%\">CCS et carte d'acquisition (Discontinuer)<\/h2>\r\n        <a href=\"\/fr\/equipement\/electronique\/acquisition\/\" class=\"btn\">Plus d'informations<\/a>\r\n      <\/article>\t\t\t\t<\/div>\n\t\t\t\t<\/div>\n\t\t\t\t<div class=\"elementor-element elementor-element-c739a23 elementor-widget elementor-widget-html\" data-id=\"c739a23\" data-element_type=\"widget\" data-widget_type=\"html.default\">\n\t\t\t\t<div class=\"elementor-widget-container\">\n\t\t\t\t\t<article style=\"height:250px;\" class=\"category-item category-block-with-no-icon cdx-equip\">\r\n        <h2 style=\"margin-top:30%\">Logiciel Cadex<\/h2>\r\n        <a href=\"\/fr\/equipement\/electronique\/logiciel-cadex\/\" class=\"btn\">Plus d'informations<\/a>\r\n      <\/article>\r\n      \t\t\t\t<\/div>\n\t\t\t\t<\/div>\n\t\t\t\t<div class=\"elementor-element elementor-element-ebf9fc1 elementor-widget elementor-widget-html\" data-id=\"ebf9fc1\" data-element_type=\"widget\" data-widget_type=\"html.default\">\n\t\t\t\t<div class=\"elementor-widget-container\">\n\t\t\t\t\t<article style=\"height:250px;\" class=\"category-item category-block-with-no-icon cdx-equip\">\r\n        <h2 style=\"margin-top:30%\">Ordinateur<\/h2>\r\n        <a href=\"\/fr\/equipement\/electronique\/ordinateur\/\" class=\"btn\">Plus d'informations<\/a>\r\n      <\/article>\t\t\t\t<\/div>\n\t\t\t\t<\/div>\n\t\t\t\t<\/div>\n\t\t<div class=\"elementor-element elementor-element-87ee05f e-grid e-con-full e-con e-child\" data-id=\"87ee05f\" data-element_type=\"container\">\n\t\t\t\t<div class=\"elementor-element elementor-element-19f30b8 elementor-widget__width-inherit elementor-widget elementor-widget-html\" data-id=\"19f30b8\" data-element_type=\"widget\" data-widget_type=\"html.default\">\n\t\t\t\t<div class=\"elementor-widget-container\">\n\t\t\t\t\t<article style=\"height:250px;\" class=\"category-item category-block-with-no-icon cdx-equip\">\r\n        <h2 style=\"margin-top:30%\">Poste de travail mobile<\/h2>\r\n        <a href=\"\/fr\/equipement\/electronique\/poste-de-travail-mobile\/\" class=\"btn\">Plus d'informations<\/a>\r\n      <\/article>\t\t\t\t<\/div>\n\t\t\t\t<\/div>\n\t\t\t\t<div class=\"elementor-element elementor-element-480a7fa elementor-widget elementor-widget-html\" data-id=\"480a7fa\" data-element_type=\"widget\" data-widget_type=\"html.default\">\n\t\t\t\t<div class=\"elementor-widget-container\">\n\t\t\t\t\t<article style=\"height:250px;\" class=\"category-item category-block-with-no-icon cdx-equip\">\r\n        <h2 style=\"margin-top:30%\">Assemblage de cellule de charge<\/h2>\r\n        <a href=\"\/fr\/equipement\/electronique\/cellule-de-charge\/\" class=\"btn\">Plus d'informations<\/a>\r\n      <\/article>\t\t\t\t<\/div>\n\t\t\t\t<\/div>\n\t\t\t\t<div class=\"elementor-element elementor-element-8ae8e3b elementor-widget elementor-widget-html\" data-id=\"8ae8e3b\" data-element_type=\"widget\" data-widget_type=\"html.default\">\n\t\t\t\t<div class=\"elementor-widget-container\">\n\t\t\t\t\t<article style=\"height:250px;\" class=\"category-item category-block-with-no-icon cdx-equip\">\r\n        <h2 style=\"margin-top:15%\">Bo\u00eetier de contr\u00f4le de p\u00e9n\u00e9tration<\/h2>\r\n        <a href=\"\/fr\/equipement\/electronique\/boitier-de-controle-de-la-penetration\/\" class=\"btn\">Plus d'informations<\/a>\r\n      <\/article>\r\n      \t\t\t\t<\/div>\n\t\t\t\t<\/div>\n\t\t\t\t<div class=\"elementor-element elementor-element-b0d472e elementor-widget elementor-widget-html\" data-id=\"b0d472e\" data-element_type=\"widget\" data-widget_type=\"html.default\">\n\t\t\t\t<div class=\"elementor-widget-container\">\n\t\t\t\t\t<article style=\"height:250px;\" class=\"category-item category-block-with-no-icon cdx-equip\">\r\n        <h2 style=\"margin-top:15%\">Syst\u00e8me de contr\u00f4le intelligent (SCS)<\/h2>\r\n        <a href=\"\/fr\/equipement\/electronique\/systeme-de-controle-intelligent-scs\/\" class=\"btn\">Plus d'informations<\/a>\r\n      <\/article>\t\t\t\t<\/div>\n\t\t\t\t<\/div>\n\t\t\t\t<\/div>\n\t\t<div class=\"elementor-element elementor-element-3c3fcaf e-grid e-con-full e-con e-child\" data-id=\"3c3fcaf\" data-element_type=\"container\">\n\t\t\t\t<div class=\"elementor-element elementor-element-090b841 elementor-widget elementor-widget-html\" data-id=\"090b841\" data-element_type=\"widget\" data-widget_type=\"html.default\">\n\t\t\t\t<div class=\"elementor-widget-container\">\n\t\t\t\t\t<article style=\"height:250px;\">\r\n      <\/article>\t\t\t\t<\/div>\n\t\t\t\t<\/div>\n\t\t\t\t<div class=\"elementor-element elementor-element-057d6e2 elementor-widget elementor-widget-html\" data-id=\"057d6e2\" data-element_type=\"widget\" data-widget_type=\"html.default\">\n\t\t\t\t<div class=\"elementor-widget-container\">\n\t\t\t\t\t<article style=\"height:250px;\" class=\"category-item category-block-with-no-icon cdx-equip\">\r\n        <h2 style=\"margin-top:15%\">Bo\u00eetier d\u2019affichage du v\u00e9locim\u00e8tre<\/h2>\r\n        <a href=\"\/fr\/equipement\/electronique\/boite-de-presentation-du-velocimetre\/\" class=\"btn\">Plus d'informations<\/a>\r\n      <\/article>\t\t\t\t<\/div>\n\t\t\t\t<\/div>\n\t\t\t\t<\/div>\n\t\t\t\t\t<\/div>\n\t\t\t\t<\/div>\n\t\t\t\t<\/div>","protected":false},"excerpt":{"rendered":"<p>Accelerometer Acquisition Kit for Rotational Impact Australian Load Cell Kit Body Padding Load Cell Cable for Accelerometer CCS, Computer &#038; Acquisition Card Cadex software Load Cell Assembly Penetration Control Box Smart Control System (SCS) Velocimeter Display Box Accelerometer More info Acquisition Kit For Rotational Impact More info Australian Load Cell Kit More info Body Padding [&hellip;]<\/p>","protected":false},"author":5,"featured_media":11768,"parent":3101,"menu_order":0,"comment_status":"closed","ping_status":"closed","template":"","meta":{"footnotes":""},"categories":[39],"class_list":["post-3152","page","type-page","status-publish","has-post-thumbnail","hentry","category-electronic-data-equipment"],"_links":{"self":[{"href":"https:\/\/www.cadexinc.com\/fr\/wp-json\/wp\/v2\/pages\/3152","targetHints":{"allow":["GET"]}}],"collection":[{"href":"https:\/\/www.cadexinc.com\/fr\/wp-json\/wp\/v2\/pages"}],"about":[{"href":"https:\/\/www.cadexinc.com\/fr\/wp-json\/wp\/v2\/types\/page"}],"author":[{"embeddable":true,"href":"https:\/\/www.cadexinc.com\/fr\/wp-json\/wp\/v2\/users\/5"}],"replies":[{"embeddable":true,"href":"https:\/\/www.cadexinc.com\/fr\/wp-json\/wp\/v2\/comments?post=3152"}],"version-history":[{"count":64,"href":"https:\/\/www.cadexinc.com\/fr\/wp-json\/wp\/v2\/pages\/3152\/revisions"}],"predecessor-version":[{"id":20456,"href":"https:\/\/www.cadexinc.com\/fr\/wp-json\/wp\/v2\/pages\/3152\/revisions\/20456"}],"up":[{"embeddable":true,"href":"https:\/\/www.cadexinc.com\/fr\/wp-json\/wp\/v2\/pages\/3101"}],"wp:featuredmedia":[{"embeddable":true,"href":"https:\/\/www.cadexinc.com\/fr\/wp-json\/wp\/v2\/media\/11768"}],"wp:attachment":[{"href":"https:\/\/www.cadexinc.com\/fr\/wp-json\/wp\/v2\/media?parent=3152"}],"wp:term":[{"taxonomy":"category","embeddable":true,"href":"https:\/\/www.cadexinc.com\/fr\/wp-json\/wp\/v2\/categories?post=3152"}],"curies":[{"name":"wp","href":"https:\/\/api.w.org\/{rel}","templated":true}]}}