{"id":3101,"date":"2022-09-06T14:34:52","date_gmt":"2022-09-06T18:34:52","guid":{"rendered":"http:\/\/www.cadexinc.com\/?page_id=3101"},"modified":"2025-08-12T15:33:06","modified_gmt":"2025-08-12T19:33:06","slug":"equipement","status":"publish","type":"page","link":"https:\/\/www.cadexinc.com\/fr\/equipement\/","title":{"rendered":"Equipement"},"content":{"rendered":"<div data-elementor-type=\"wp-page\" data-elementor-id=\"3101\" class=\"elementor elementor-3101\">\n\t\t\t\t<div class=\"elementor-element elementor-element-f3a0507 e-flex e-con-boxed e-con e-parent\" data-id=\"f3a0507\" data-element_type=\"container\">\n\t\t\t\t\t<div class=\"e-con-inner\">\n\t\t<div class=\"elementor-element elementor-element-b137326 e-grid e-con-full e-con e-child\" data-id=\"b137326\" data-element_type=\"container\">\n\t\t\t\t<div class=\"elementor-element elementor-element-aff3a40 elementor-widget__width-inherit elementor-widget elementor-widget-html\" data-id=\"aff3a40\" data-element_type=\"widget\" data-widget_type=\"html.default\">\n\t\t\t\t<div class=\"elementor-widget-container\">\n\t\t\t\t\t<article class=\"category-item cdx-equip\">\r\n        <img decoding=\"async\" style=\"display: block;  margin: 0 auto;width:40%\" src=\"\/wp-content\/uploads\/2025\/07\/Metrology.svg\" alt=\"Service de m\u00e9trologie et d&#039;\u00e9talonnage\">\r\n        <h2>M\u00e9trologie et \u00e9talonnage<\/h2>\r\n        <a href=\"\/fr\/equipement\/service-detalonnage\/\" class=\"btn\">Services d\u2019\u00e9talonnage<\/a>\r\n      <\/article>\t\t\t\t<\/div>\n\t\t\t\t<\/div>\n\t\t\t\t<div class=\"elementor-element elementor-element-60ad9a8 elementor-widget elementor-widget-html\" data-id=\"60ad9a8\" data-element_type=\"widget\" data-widget_type=\"html.default\">\n\t\t\t\t<div class=\"elementor-widget-container\">\n\t\t\t\t\t<article class=\"category-item cdx-equip\">\r\n        <img decoding=\"async\" style=\"display: block;  margin: 0 auto;width:35%\" src=\"\/wp-content\/uploads\/2025\/07\/Machines.svg\" alt=\"Machines\">\r\n        <h2>Machines<\/h2>\r\n        <a href=\"\/fr\/equipement\/machines\/\" class=\"btn\">Parcourir les machines<\/a>\r\n      <\/article>\t\t\t\t<\/div>\n\t\t\t\t<\/div>\n\t\t\t\t<div class=\"elementor-element elementor-element-b22a008 elementor-widget elementor-widget-html\" data-id=\"b22a008\" data-element_type=\"widget\" data-widget_type=\"html.default\">\n\t\t\t\t<div class=\"elementor-widget-container\">\n\t\t\t\t\t<article class=\"category-item cdx-equip\">\r\n        <img decoding=\"async\" style=\"display: block;  margin: 0 auto;width:40%\" src=\"\/wp-content\/uploads\/2025\/07\/Accessories.svg\" alt=\"Accessoires\">\r\n        <h2>Accessoires<\/h2>\r\n        <a href=\"\/fr\/equipement\/accessoires\/\" class=\"btn\">Parcourir les accessoires<\/a>\r\n      <\/article>\t\t\t\t<\/div>\n\t\t\t\t<\/div>\n\t\t\t\t<\/div>\n\t\t<div class=\"elementor-element elementor-element-ab588ca e-grid e-con-full elementor-hidden-desktop elementor-hidden-tablet elementor-hidden-mobile e-con e-child\" data-id=\"ab588ca\" data-element_type=\"container\">\n\t\t\t\t<div class=\"elementor-element elementor-element-54b0beb elementor-widget elementor-widget-html\" data-id=\"54b0beb\" data-element_type=\"widget\" data-widget_type=\"html.default\">\n\t\t\t\t<div class=\"elementor-widget-container\">\n\t\t\t\t\t<article class=\"category-item cdx-equip\">\r\n        <img decoding=\"async\" style=\"display: block;  margin: 0 auto;width:25%\" src=\"\/wp-content\/uploads\/2025\/07\/Headforms.svg\" alt=\"Formes de t\u00eate\">\r\n        <h2>T\u00caTES DE FORME<\/h2>\r\n        <a href=\"\/fr\/equipement\/tetes-de-betail\/\" class=\"btn\">Parcourir les fausses t\u00eates<\/a>\r\n      <\/article>\t\t\t\t<\/div>\n\t\t\t\t<\/div>\n\t\t\t\t<div class=\"elementor-element elementor-element-ba65373 elementor-widget elementor-widget-html\" data-id=\"ba65373\" data-element_type=\"widget\" data-widget_type=\"html.default\">\n\t\t\t\t<div class=\"elementor-widget-container\">\n\t\t\t\t\t<article class=\"category-item cdx-equip\">\r\n        <img decoding=\"async\" style=\"display: block;  margin: 0 auto;width:30%\" src=\"\/wp-content\/uploads\/2025\/07\/Electronics.svg\" alt=\"\u00c9lectronique\">\r\n        <h2>ELECTRONIQUE<\/h2>\r\n        <a href=\"\/fr\/equipement\/electronique\/\" class=\"btn\">Parcourir l'\u00e9lectronique <\/a>\r\n      <\/article>\t\t\t\t<\/div>\n\t\t\t\t<\/div>\n\t\t\t\t<\/div>\n\t\t\t\t\t<\/div>\n\t\t\t\t<\/div>\n\t\t<div class=\"elementor-element elementor-element-ef94adf e-flex e-con-boxed e-con e-parent\" data-id=\"ef94adf\" data-element_type=\"container\">\n\t\t\t\t\t<div class=\"e-con-inner\">\n\t\t\t\t<div class=\"elementor-element elementor-element-f79d5cb elementor-widget elementor-widget-html\" data-id=\"f79d5cb\" data-element_type=\"widget\" data-widget_type=\"html.default\">\n\t\t\t\t<div class=\"elementor-widget-container\">\n\t\t\t\t\t<div class=\"category-wrapper\">\r\n  <div class=\"spacer-left\"><\/div>\r\n\r\n  <div class=\"category-block\">\r\n    <article class=\"category-item cdx-equip\">\r\n      <img decoding=\"async\" style=\"display: block; margin: 0 auto; width:25%\" src=\"\/wp-content\/uploads\/2025\/07\/Headforms.svg\" alt=\"Formes de t\u00eate\">\r\n      <h2>Formes de t\u00eate<\/h2>\r\n      <a href=\"\/fr\/equipement\/tetes-de-betail\/\" class=\"btn\">Parcourir les fausses t\u00eates<\/a>\r\n    <\/article>\r\n  <\/div>\r\n\r\n  <div class=\"category-block\">\r\n    <article class=\"category-item cdx-equip\">\r\n      <img decoding=\"async\" style=\"display: block; margin: 0 auto; width:30%\" src=\"\/wp-content\/uploads\/2025\/07\/Electronics.svg\" alt=\"\u00c9lectronique\">\r\n      <h2>\u00c9lectronique<\/h2>\r\n      <a href=\"\/fr\/equipement\/electronique\/\" class=\"btn\">Parcourir l'\u00e9lectronique<\/a>\r\n    <\/article>\r\n  <\/div>\r\n\r\n  <div class=\"spacer-right\"><\/div>\r\n<\/div>\r\n\t\t\t\t<\/div>\n\t\t\t\t<\/div>\n\t\t\t\t\t<\/div>\n\t\t\t\t<\/div>\n\t\t\t\t<\/div>","protected":false},"excerpt":{"rendered":"<p>M\u00e9trologie et \u00e9talonnage Services d'\u00e9talonnage Machines Parcourir les machines Accessoires Parcourir les accessoires T\u00caTES Parcourir les t\u00eates de s\u00e9rie ELECTRONIQUE Parcourir les t\u00eates de s\u00e9rie ELECTRONIQUE Parcourir les t\u00eates de s\u00e9rie ELECTRONIQUE Parcourir les t\u00eates de s\u00e9rie ELECTRONIQUE Parcourir l'electronique<\/p>","protected":false},"author":5,"featured_media":0,"parent":0,"menu_order":0,"comment_status":"closed","ping_status":"closed","template":"","meta":{"footnotes":""},"categories":[],"class_list":["post-3101","page","type-page","status-publish","hentry"],"_links":{"self":[{"href":"https:\/\/www.cadexinc.com\/fr\/wp-json\/wp\/v2\/pages\/3101","targetHints":{"allow":["GET"]}}],"collection":[{"href":"https:\/\/www.cadexinc.com\/fr\/wp-json\/wp\/v2\/pages"}],"about":[{"href":"https:\/\/www.cadexinc.com\/fr\/wp-json\/wp\/v2\/types\/page"}],"author":[{"embeddable":true,"href":"https:\/\/www.cadexinc.com\/fr\/wp-json\/wp\/v2\/users\/5"}],"replies":[{"embeddable":true,"href":"https:\/\/www.cadexinc.com\/fr\/wp-json\/wp\/v2\/comments?post=3101"}],"version-history":[{"count":125,"href":"https:\/\/www.cadexinc.com\/fr\/wp-json\/wp\/v2\/pages\/3101\/revisions"}],"predecessor-version":[{"id":19964,"href":"https:\/\/www.cadexinc.com\/fr\/wp-json\/wp\/v2\/pages\/3101\/revisions\/19964"}],"wp:attachment":[{"href":"https:\/\/www.cadexinc.com\/fr\/wp-json\/wp\/v2\/media?parent=3101"}],"wp:term":[{"taxonomy":"category","embeddable":true,"href":"https:\/\/www.cadexinc.com\/fr\/wp-json\/wp\/v2\/categories?post=3101"}],"curies":[{"name":"wp","href":"https:\/\/api.w.org\/{rel}","templated":true}]}}