{"id":297,"date":"2022-05-17T13:57:13","date_gmt":"2022-05-17T17:57:13","guid":{"rendered":"http:\/\/www.cadexinc.com\/?page_id=297"},"modified":"2026-03-19T10:50:15","modified_gmt":"2026-03-19T14:50:15","slug":"chambre-a-gaz-pour-les-fines-particules-de-poussiere","status":"publish","type":"page","link":"https:\/\/www.cadexinc.com\/fr\/equipement\/machines\/machines-optiques\/chambre-a-gaz-pour-les-fines-particules-de-poussiere\/","title":{"rendered":"Chambre pour gaz et particules fines"},"content":{"rendered":"<div data-elementor-type=\"wp-page\" data-elementor-id=\"297\" class=\"elementor elementor-297\">\n\t\t\t\t<div class=\"elementor-element elementor-element-77107bd8 elementor-hidden-desktop elementor-hidden-tablet e-flex e-con-boxed e-con e-parent\" data-id=\"77107bd8\" data-element_type=\"container\">\n\t\t\t\t\t<div class=\"e-con-inner\">\n\t\t\t\t<div class=\"elementor-element elementor-element-85e96a2 elementor-widget elementor-widget-image\" data-id=\"85e96a2\" data-element_type=\"widget\" data-widget_type=\"image.default\">\n\t\t\t\t<div class=\"elementor-widget-container\">\n\t\t\t\t\t\t\t\t\t\t\t\t\t\t\t<img fetchpriority=\"high\" decoding=\"async\" width=\"980\" height=\"811\" src=\"https:\/\/www.cadexinc.com\/wp-content\/uploads\/2023\/06\/Chamber-for-Gases-1024x847.webp\" class=\"attachment-large size-large wp-image-10763\" alt=\"\" srcset=\"https:\/\/www.cadexinc.com\/wp-content\/uploads\/2023\/06\/Chamber-for-Gases-1024x847.webp 1024w, https:\/\/www.cadexinc.com\/wp-content\/uploads\/2023\/06\/Chamber-for-Gases-300x248.webp 300w, https:\/\/www.cadexinc.com\/wp-content\/uploads\/2023\/06\/Chamber-for-Gases-768x635.webp 768w, https:\/\/www.cadexinc.com\/wp-content\/uploads\/2023\/06\/Chamber-for-Gases-1536x1271.webp 1536w, https:\/\/www.cadexinc.com\/wp-content\/uploads\/2023\/06\/Chamber-for-Gases-416x344.webp 416w, https:\/\/www.cadexinc.com\/wp-content\/uploads\/2023\/06\/Chamber-for-Gases.webp 1570w\" sizes=\"(max-width: 980px) 100vw, 980px\" \/>\t\t\t\t\t\t\t\t\t\t\t\t\t\t\t<\/div>\n\t\t\t\t<\/div>\n\t\t\t\t\t<\/div>\n\t\t\t\t<\/div>\n\t\t<div class=\"elementor-element elementor-element-d300713 e-flex e-con-boxed e-con e-parent\" data-id=\"d300713\" data-element_type=\"container\">\n\t\t\t\t\t<div class=\"e-con-inner\">\n\t\t<div class=\"elementor-element elementor-element-6f21ca3 e-con-full e-flex e-con e-child\" data-id=\"6f21ca3\" data-element_type=\"container\">\n\t\t<div class=\"elementor-element elementor-element-ef93927 e-con-full e-flex e-con e-child\" data-id=\"ef93927\" data-element_type=\"container\">\n\t\t<div class=\"elementor-element elementor-element-b6367a6 e-con-full equipment-main-right-block e-flex e-con e-child\" data-id=\"b6367a6\" data-element_type=\"container\">\n\t\t<div class=\"elementor-element elementor-element-758f9d9 e-con-full e-flex e-con e-child\" data-id=\"758f9d9\" data-element_type=\"container\">\n\t\t\t\t<div class=\"elementor-element elementor-element-2adebfe elementor-widget elementor-widget-text-editor\" data-id=\"2adebfe\" data-element_type=\"widget\" data-widget_type=\"text-editor.default\">\n\t\t\t\t<div class=\"elementor-widget-container\">\n\t\t\t\t\t\t\t\t\t<p class=\"cdx-title cdx-text-align-justify\">La chambre Cadex pour gaz et particules fines est con\u00e7ue et fabriqu\u00e9e selon la norme EN 168, proc\u00e9dure de test n\u00b014.<\/p>\t\t\t\t\t\t\t\t<\/div>\n\t\t\t\t<\/div>\n\t\t\t\t<div class=\"elementor-element elementor-element-10308a9 equipment-sub-titles elementor-widget elementor-widget-heading\" data-id=\"10308a9\" data-element_type=\"widget\" data-widget_type=\"heading.default\">\n\t\t\t\t<div class=\"elementor-widget-container\">\n\t\t\t\t\t<h6 class=\"elementor-heading-title elementor-size-default\">DIMENSIONS (APPROX.) :<\/h6>\t\t\t\t<\/div>\n\t\t\t\t<\/div>\n\t\t\t\t<div class=\"elementor-element elementor-element-bb63b30 elementor-widget elementor-widget-text-editor\" data-id=\"bb63b30\" data-element_type=\"widget\" data-widget_type=\"text-editor.default\">\n\t\t\t\t<div class=\"elementor-widget-container\">\n\t\t\t\t\t\t\t\t\t<ul class=\"special-list\">\n<li>Longueur : 92,08 cm \/ 36,25 in<\/li>\n<li>Width:\u00a0 \u00a066.04 cm \/ 26 in<\/li>\n<li>Height:\u00a0 72.09 cm \/ 28.38 in<\/li>\n<li>Dimensions int\u00e9rieures : 55,88 x 55,88 x 55,88 cm \/ 22 x 22 x 22 in<\/li>\n<\/ul>\t\t\t\t\t\t\t\t<\/div>\n\t\t\t\t<\/div>\n\t\t\t\t<div class=\"elementor-element elementor-element-e157809 equipment-sub-titles elementor-widget elementor-widget-heading\" data-id=\"e157809\" data-element_type=\"widget\" data-widget_type=\"heading.default\">\n\t\t\t\t<div class=\"elementor-widget-container\">\n\t\t\t\t\t<h6 class=\"elementor-heading-title elementor-size-default\">CARACT\u00c9RISTIQUES\u202f:<\/h6>\t\t\t\t<\/div>\n\t\t\t\t<\/div>\n\t\t\t\t<div class=\"elementor-element elementor-element-63c2747 elementor-widget elementor-widget-text-editor\" data-id=\"63c2747\" data-element_type=\"widget\" data-widget_type=\"text-editor.default\">\n\t\t\t\t<div class=\"elementor-widget-container\">\n\t\t\t\t\t\t\t\t\t<ul class=\"special-list\">\n \t<li>Porte d'entr\u00e9e \u00e9tanche avec fen\u00eatre<\/li>\n \t<li>Tube d'entr\u00e9e en acier inoxydable<\/li>\n \t<li>Bouteille d'atomisation de 10 litres<\/li>\n<\/ul>\n<p class=\"fst-italic mt-4 fs-7 text-danger cdx-notation\">*Doit \u00eatre raccord\u00e9 \u00e0 un syst\u00e8me d\u2019\u00e9vacuation pour rejeter les gaz d\u2019ammoniac \u00e0 l\u2019ext\u00e9rieur du b\u00e2timent apr\u00e8s le test \u2013 Les papiers r\u00e9actifs ne sont pas inclus<\/p>\t\t\t\t\t\t\t\t<\/div>\n\t\t\t\t<\/div>\n\t\t\t\t<div class=\"elementor-element elementor-element-82a8500 equipment-sub-titles elementor-widget elementor-widget-heading\" data-id=\"82a8500\" data-element_type=\"widget\" data-widget_type=\"heading.default\">\n\t\t\t\t<div class=\"elementor-widget-container\">\n\t\t\t\t\t<h6 class=\"elementor-heading-title elementor-size-default\">EXIGENCES\u202f:<\/h6>\t\t\t\t<\/div>\n\t\t\t\t<\/div>\n\t\t\t\t<div class=\"elementor-element elementor-element-e901681 elementor-widget elementor-widget-text-editor\" data-id=\"e901681\" data-element_type=\"widget\" data-widget_type=\"text-editor.default\">\n\t\t\t\t<div class=\"elementor-widget-container\">\n\t\t\t\t\t\t\t\t\t<ul class=\"special-list\">\n<li>Power: 110v\/220v \u2013 50\/60 Hz<\/li>\n<\/ul>\t\t\t\t\t\t\t\t<\/div>\n\t\t\t\t<\/div>\n\t\t\t\t<\/div>\n\t\t\t\t<\/div>\n\t\t\t\t<\/div>\n\t\t<div class=\"elementor-element elementor-element-7949c62 e-con-full e-flex e-con e-child\" data-id=\"7949c62\" data-element_type=\"container\">\n\t\t\t\t<div class=\"elementor-element elementor-element-ae20811 elementor-hidden-mobile elementor-widget elementor-widget-image\" data-id=\"ae20811\" data-element_type=\"widget\" data-widget_type=\"image.default\">\n\t\t\t\t<div class=\"elementor-widget-container\">\n\t\t\t\t\t\t\t\t\t\t\t\t\t\t\t<img fetchpriority=\"high\" decoding=\"async\" width=\"980\" height=\"811\" src=\"https:\/\/www.cadexinc.com\/wp-content\/uploads\/2023\/06\/Chamber-for-Gases-1024x847.webp\" class=\"attachment-large size-large wp-image-10763\" alt=\"\" srcset=\"https:\/\/www.cadexinc.com\/wp-content\/uploads\/2023\/06\/Chamber-for-Gases-1024x847.webp 1024w, https:\/\/www.cadexinc.com\/wp-content\/uploads\/2023\/06\/Chamber-for-Gases-300x248.webp 300w, https:\/\/www.cadexinc.com\/wp-content\/uploads\/2023\/06\/Chamber-for-Gases-768x635.webp 768w, https:\/\/www.cadexinc.com\/wp-content\/uploads\/2023\/06\/Chamber-for-Gases-1536x1271.webp 1536w, https:\/\/www.cadexinc.com\/wp-content\/uploads\/2023\/06\/Chamber-for-Gases-416x344.webp 416w, https:\/\/www.cadexinc.com\/wp-content\/uploads\/2023\/06\/Chamber-for-Gases.webp 1570w\" sizes=\"(max-width: 980px) 100vw, 980px\" \/>\t\t\t\t\t\t\t\t\t\t\t\t\t\t\t<\/div>\n\t\t\t\t<\/div>\n\t\t\t\t<\/div>\n\t\t\t\t<\/div>\n\t\t\t\t\t<\/div>\n\t\t\t\t<\/div>\n\t\t<div class=\"elementor-element elementor-element-48def3c e-flex e-con-boxed e-con e-parent\" data-id=\"48def3c\" data-element_type=\"container\">\n\t\t\t\t\t<div class=\"e-con-inner\">\n\t\t<div class=\"elementor-element elementor-element-102b7a6 e-con-full e-grid equipment-page-multi-image-box e-con e-child\" data-id=\"102b7a6\" data-element_type=\"container\">\n\t\t\t\t<div class=\"elementor-element elementor-element-5564796 elementor-widget elementor-widget-image\" data-id=\"5564796\" data-element_type=\"widget\" data-widget_type=\"image.default\">\n\t\t\t\t<div class=\"elementor-widget-container\">\n\t\t\t\t\t\t\t\t\t\t\t\t<figure class=\"wp-caption\">\n\t\t\t\t\t\t\t\t\t\t<img decoding=\"async\" width=\"663\" height=\"659\" src=\"https:\/\/www.cadexinc.com\/wp-content\/uploads\/2023\/06\/Chamber-for-Gases_outletFan.webp\" class=\"attachment-large size-large wp-image-10774\" alt=\"\" srcset=\"https:\/\/www.cadexinc.com\/wp-content\/uploads\/2023\/06\/Chamber-for-Gases_outletFan.webp 663w, https:\/\/www.cadexinc.com\/wp-content\/uploads\/2023\/06\/Chamber-for-Gases_outletFan-300x298.webp 300w, https:\/\/www.cadexinc.com\/wp-content\/uploads\/2023\/06\/Chamber-for-Gases_outletFan-150x150.webp 150w, https:\/\/www.cadexinc.com\/wp-content\/uploads\/2023\/06\/Chamber-for-Gases_outletFan-416x413.webp 416w, https:\/\/www.cadexinc.com\/wp-content\/uploads\/2023\/06\/Chamber-for-Gases_outletFan-100x100.webp 100w, https:\/\/www.cadexinc.com\/wp-content\/uploads\/2023\/06\/Chamber-for-Gases_outletFan-50x50.webp 50w\" sizes=\"(max-width: 663px) 100vw, 663px\" \/>\t\t\t\t\t\t\t\t\t\t\t<figcaption class=\"widget-image-caption wp-caption-text\">Ventilateur de sortie pour \u00e9vacuer les gaz apr\u00e8s le test<\/figcaption>\n\t\t\t\t\t\t\t\t\t\t<\/figure>\n\t\t\t\t\t\t\t\t\t<\/div>\n\t\t\t\t<\/div>\n\t\t\t\t<div class=\"elementor-element elementor-element-0de3560 elementor-widget elementor-widget-image\" data-id=\"0de3560\" data-element_type=\"widget\" data-widget_type=\"image.default\">\n\t\t\t\t<div class=\"elementor-widget-container\">\n\t\t\t\t\t\t\t\t\t\t\t\t<figure class=\"wp-caption\">\n\t\t\t\t\t\t\t\t\t\t<img decoding=\"async\" width=\"713\" height=\"659\" src=\"https:\/\/www.cadexinc.com\/wp-content\/uploads\/2023\/06\/Chamber-for-Gases_fanIndicator.webp\" class=\"attachment-large size-large wp-image-10771\" alt=\"\" srcset=\"https:\/\/www.cadexinc.com\/wp-content\/uploads\/2023\/06\/Chamber-for-Gases_fanIndicator.webp 713w, https:\/\/www.cadexinc.com\/wp-content\/uploads\/2023\/06\/Chamber-for-Gases_fanIndicator-300x277.webp 300w, https:\/\/www.cadexinc.com\/wp-content\/uploads\/2023\/06\/Chamber-for-Gases_fanIndicator-416x384.webp 416w\" sizes=\"(max-width: 713px) 100vw, 713px\" \/>\t\t\t\t\t\t\t\t\t\t\t<figcaption class=\"widget-image-caption wp-caption-text\">Voyants lumineux du ventilateur<\/figcaption>\n\t\t\t\t\t\t\t\t\t\t<\/figure>\n\t\t\t\t\t\t\t\t\t<\/div>\n\t\t\t\t<\/div>\n\t\t\t\t<div class=\"elementor-element elementor-element-62f53f4 elementor-widget elementor-widget-image\" data-id=\"62f53f4\" data-element_type=\"widget\" data-widget_type=\"image.default\">\n\t\t\t\t<div class=\"elementor-widget-container\">\n\t\t\t\t\t\t\t\t\t\t\t\t<figure class=\"wp-caption\">\n\t\t\t\t\t\t\t\t\t\t<img loading=\"lazy\" decoding=\"async\" width=\"713\" height=\"659\" src=\"https:\/\/www.cadexinc.com\/wp-content\/uploads\/2023\/06\/Chamber-for-Gases_10liters.webp\" class=\"attachment-large size-large wp-image-10768\" alt=\"\" srcset=\"https:\/\/www.cadexinc.com\/wp-content\/uploads\/2023\/06\/Chamber-for-Gases_10liters.webp 713w, https:\/\/www.cadexinc.com\/wp-content\/uploads\/2023\/06\/Chamber-for-Gases_10liters-300x277.webp 300w, https:\/\/www.cadexinc.com\/wp-content\/uploads\/2023\/06\/Chamber-for-Gases_10liters-416x384.webp 416w\" sizes=\"(max-width: 713px) 100vw, 713px\" \/>\t\t\t\t\t\t\t\t\t\t\t<figcaption class=\"widget-image-caption wp-caption-text\">Bouteille d'atomisation de 10 litres<\/figcaption>\n\t\t\t\t\t\t\t\t\t\t<\/figure>\n\t\t\t\t\t\t\t\t\t<\/div>\n\t\t\t\t<\/div>\n\t\t\t\t<\/div>\n\t\t\t\t\t<\/div>\n\t\t\t\t<\/div>\n\t\t\t\t<\/div>","protected":false},"excerpt":{"rendered":"<p>The Cadex chamber for gases and fine dust particles is designed and manufactured according to the EN 168 standard, testing procedure #14. DIMENSIONS (APPROX.): Length: 92.08 cm \/ 36.25 in Width:\u00a0 \u00a066.04 cm \/ 26 in Height:\u00a0 72.09 cm \/ 28.38 in Interior dimensions: 55.88 x 55.88 x 55.88 cm \/ 22 x 22 x [&hellip;]<\/p>","protected":false},"author":5,"featured_media":10765,"parent":3201,"menu_order":0,"comment_status":"closed","ping_status":"closed","template":"","meta":{"footnotes":""},"categories":[45],"class_list":["post-297","page","type-page","status-publish","has-post-thumbnail","hentry","category-optical-machines"],"_links":{"self":[{"href":"https:\/\/www.cadexinc.com\/fr\/wp-json\/wp\/v2\/pages\/297","targetHints":{"allow":["GET"]}}],"collection":[{"href":"https:\/\/www.cadexinc.com\/fr\/wp-json\/wp\/v2\/pages"}],"about":[{"href":"https:\/\/www.cadexinc.com\/fr\/wp-json\/wp\/v2\/types\/page"}],"author":[{"embeddable":true,"href":"https:\/\/www.cadexinc.com\/fr\/wp-json\/wp\/v2\/users\/5"}],"replies":[{"embeddable":true,"href":"https:\/\/www.cadexinc.com\/fr\/wp-json\/wp\/v2\/comments?post=297"}],"version-history":[{"count":47,"href":"https:\/\/www.cadexinc.com\/fr\/wp-json\/wp\/v2\/pages\/297\/revisions"}],"predecessor-version":[{"id":21096,"href":"https:\/\/www.cadexinc.com\/fr\/wp-json\/wp\/v2\/pages\/297\/revisions\/21096"}],"up":[{"embeddable":true,"href":"https:\/\/www.cadexinc.com\/fr\/wp-json\/wp\/v2\/pages\/3201"}],"wp:featuredmedia":[{"embeddable":true,"href":"https:\/\/www.cadexinc.com\/fr\/wp-json\/wp\/v2\/media\/10765"}],"wp:attachment":[{"href":"https:\/\/www.cadexinc.com\/fr\/wp-json\/wp\/v2\/media?parent=297"}],"wp:term":[{"taxonomy":"category","embeddable":true,"href":"https:\/\/www.cadexinc.com\/fr\/wp-json\/wp\/v2\/categories?post=297"}],"curies":[{"name":"wp","href":"https:\/\/api.w.org\/{rel}","templated":true}]}}