{"id":295,"date":"2022-05-17T13:56:51","date_gmt":"2022-05-17T17:56:51","guid":{"rendered":"http:\/\/www.cadexinc.com\/?page_id=295"},"modified":"2026-03-16T15:35:39","modified_gmt":"2026-03-16T19:35:39","slug":"resistance-mecanique-des-visieres-jig","status":"publish","type":"page","link":"https:\/\/www.cadexinc.com\/fr\/equipement\/machines\/machines-optiques\/resistance-mecanique-des-visieres-jig\/","title":{"rendered":"Gabarit de r\u00e9sistance m\u00e9canique des visi\u00e8res"},"content":{"rendered":"<div data-elementor-type=\"wp-page\" data-elementor-id=\"295\" class=\"elementor elementor-295\">\n\t\t\t\t<div class=\"elementor-element elementor-element-148dfbc0 elementor-hidden-desktop elementor-hidden-tablet e-flex e-con-boxed e-con e-parent\" data-id=\"148dfbc0\" data-element_type=\"container\">\n\t\t\t\t\t<div class=\"e-con-inner\">\n\t\t\t\t<div class=\"elementor-element elementor-element-cdafa5b elementor-widget elementor-widget-image\" data-id=\"cdafa5b\" data-element_type=\"widget\" data-widget_type=\"image.default\">\n\t\t\t\t<div class=\"elementor-widget-container\">\n\t\t\t\t\t\t\t\t\t\t\t\t\t\t\t<img fetchpriority=\"high\" decoding=\"async\" width=\"382\" height=\"1024\" src=\"https:\/\/www.cadexinc.com\/wp-content\/uploads\/2023\/06\/Mechanical_Resistance_of_Visors_Jig_new-382x1024.webp\" class=\"attachment-large size-large wp-image-10994\" alt=\"\" srcset=\"https:\/\/www.cadexinc.com\/wp-content\/uploads\/2023\/06\/Mechanical_Resistance_of_Visors_Jig_new-382x1024.webp 382w, https:\/\/www.cadexinc.com\/wp-content\/uploads\/2023\/06\/Mechanical_Resistance_of_Visors_Jig_new-112x300.webp 112w, https:\/\/www.cadexinc.com\/wp-content\/uploads\/2023\/06\/Mechanical_Resistance_of_Visors_Jig_new-573x1536.webp 573w, https:\/\/www.cadexinc.com\/wp-content\/uploads\/2023\/06\/Mechanical_Resistance_of_Visors_Jig_new-763x2048.webp 763w, https:\/\/www.cadexinc.com\/wp-content\/uploads\/2023\/06\/Mechanical_Resistance_of_Visors_Jig_new-416x1116.webp 416w, https:\/\/www.cadexinc.com\/wp-content\/uploads\/2023\/06\/Mechanical_Resistance_of_Visors_Jig_new.webp 766w\" sizes=\"(max-width: 382px) 100vw, 382px\" \/>\t\t\t\t\t\t\t\t\t\t\t\t\t\t\t<\/div>\n\t\t\t\t<\/div>\n\t\t\t\t\t<\/div>\n\t\t\t\t<\/div>\n\t\t<div class=\"elementor-element elementor-element-b750920 e-flex e-con-boxed e-con e-parent\" data-id=\"b750920\" data-element_type=\"container\">\n\t\t\t\t\t<div class=\"e-con-inner\">\n\t\t<div class=\"elementor-element elementor-element-f40d1ab e-con-full e-flex e-con e-child\" data-id=\"f40d1ab\" data-element_type=\"container\">\n\t\t<div class=\"elementor-element elementor-element-bc32fe6 e-con-full e-flex e-con e-child\" data-id=\"bc32fe6\" data-element_type=\"container\">\n\t\t<div class=\"elementor-element elementor-element-468c721 e-con-full equipment-main-right-block e-flex e-con e-child\" data-id=\"468c721\" data-element_type=\"container\">\n\t\t<div class=\"elementor-element elementor-element-364afd9 e-con-full e-flex e-con e-child\" data-id=\"364afd9\" data-element_type=\"container\">\n\t\t\t\t<div class=\"elementor-element elementor-element-3da72c9 elementor-widget elementor-widget-text-editor\" data-id=\"3da72c9\" data-element_type=\"widget\" data-widget_type=\"text-editor.default\">\n\t\t\t\t<div class=\"elementor-widget-container\">\n\t\t\t\t\t\t\t\t\t<p class=\"cdx-title\" style=\"text-align:justify\">Le gabarit de r\u00e9sistance m\u00e9canique des visi\u00e8res Cadex est con\u00e7u et fabriqu\u00e9 pour tester les caract\u00e9ristiques m\u00e9caniques des visi\u00e8res de moto conform\u00e9ment \u00e0 la section 7.8.2 de la norme ECE 22. Une fois install\u00e9 sur une machine monorail ou Twinwire, un marteau de chute de 3 kg tombe sur le poin\u00e7on lin\u00e9aire. Le technicien peut ainsi profiter de la fonction de chute guid\u00e9e et de la motorisation des machines d\u2019impact standard existantes.<\/p>\t\t\t\t\t\t\t\t<\/div>\n\t\t\t\t<\/div>\n\t\t\t\t<div class=\"elementor-element elementor-element-0758981 equipment-sub-titles elementor-widget elementor-widget-heading\" data-id=\"0758981\" data-element_type=\"widget\" data-widget_type=\"heading.default\">\n\t\t\t\t<div class=\"elementor-widget-container\">\n\t\t\t\t\t<h6 class=\"elementor-heading-title elementor-size-default\">DIMENSIONS (APPROX.) :<\/h6>\t\t\t\t<\/div>\n\t\t\t\t<\/div>\n\t\t\t\t<div class=\"elementor-element elementor-element-3971d20 elementor-widget elementor-widget-text-editor\" data-id=\"3971d20\" data-element_type=\"widget\" data-widget_type=\"text-editor.default\">\n\t\t\t\t<div class=\"elementor-widget-container\">\n\t\t\t\t\t\t\t\t\t<ul class=\"special-list\">\n \t<li>Longueur : 21,29 cm \/ 8,5 in<\/li>\n \t<li>Width:\u00a0 \u00a039.37 cm \/ 15.5 in<\/li>\n \t<li>Height:\u00a0 82.55 cm \/ 32.5 in<\/li>\n<\/ul>\t\t\t\t\t\t\t\t<\/div>\n\t\t\t\t<\/div>\n\t\t\t\t<div class=\"elementor-element elementor-element-80b1197 equipment-sub-titles elementor-widget elementor-widget-heading\" data-id=\"80b1197\" data-element_type=\"widget\" data-widget_type=\"heading.default\">\n\t\t\t\t<div class=\"elementor-widget-container\">\n\t\t\t\t\t<h6 class=\"elementor-heading-title elementor-size-default\">CARACT\u00c9RISTIQUES\u202f:<\/h6>\t\t\t\t<\/div>\n\t\t\t\t<\/div>\n\t\t\t\t<div class=\"elementor-element elementor-element-5119dc1 elementor-widget elementor-widget-text-editor\" data-id=\"5119dc1\" data-element_type=\"widget\" data-widget_type=\"text-editor.default\">\n\t\t\t\t<div class=\"elementor-widget-container\">\n\t\t\t\t\t\t\t\t\t<ul class=\"special-list\">\n<li>Le gabarit l\u00e9ger et interchangeable peut \u00eatre mont\u00e9 sur une machine d'essai monorail ou \u00e0 deux fils.<\/li>\n<li>Dispositif r\u00e9glable emp\u00eachant le poin\u00e7on p\u00e9n\u00e9trateur de s'approcher \u00e0 moins de 5 mm de la surface des t\u00eates factices<\/li>\n<li>Interface r\u00e9glable pour toutes les tailles de t\u00eates factices<\/li>\n<p class=\"fst-italic mt-4 fs-7 text-danger cdx-notation\">*Forme de t\u00eate non incluse et vendue s\u00e9par\u00e9ment<\/p>\t\t\t\t\t\t\t\t<\/div>\n\t\t\t\t<\/div>\n\t\t\t\t<\/div>\n\t\t\t\t<\/div>\n\t\t\t\t<\/div>\n\t\t<div class=\"elementor-element elementor-element-46caa13 e-con-full e-flex e-con e-child\" data-id=\"46caa13\" data-element_type=\"container\">\n\t\t\t\t<div class=\"elementor-element elementor-element-66b4d16 elementor-hidden-mobile elementor-widget elementor-widget-image\" data-id=\"66b4d16\" data-element_type=\"widget\" data-widget_type=\"image.default\">\n\t\t\t\t<div class=\"elementor-widget-container\">\n\t\t\t\t\t\t\t\t\t\t\t\t\t\t\t<img fetchpriority=\"high\" decoding=\"async\" width=\"382\" height=\"1024\" src=\"https:\/\/www.cadexinc.com\/wp-content\/uploads\/2023\/06\/Mechanical_Resistance_of_Visors_Jig_new-382x1024.webp\" class=\"attachment-large size-large wp-image-10994\" alt=\"\" srcset=\"https:\/\/www.cadexinc.com\/wp-content\/uploads\/2023\/06\/Mechanical_Resistance_of_Visors_Jig_new-382x1024.webp 382w, https:\/\/www.cadexinc.com\/wp-content\/uploads\/2023\/06\/Mechanical_Resistance_of_Visors_Jig_new-112x300.webp 112w, https:\/\/www.cadexinc.com\/wp-content\/uploads\/2023\/06\/Mechanical_Resistance_of_Visors_Jig_new-573x1536.webp 573w, https:\/\/www.cadexinc.com\/wp-content\/uploads\/2023\/06\/Mechanical_Resistance_of_Visors_Jig_new-763x2048.webp 763w, https:\/\/www.cadexinc.com\/wp-content\/uploads\/2023\/06\/Mechanical_Resistance_of_Visors_Jig_new-416x1116.webp 416w, https:\/\/www.cadexinc.com\/wp-content\/uploads\/2023\/06\/Mechanical_Resistance_of_Visors_Jig_new.webp 766w\" sizes=\"(max-width: 382px) 100vw, 382px\" \/>\t\t\t\t\t\t\t\t\t\t\t\t\t\t\t<\/div>\n\t\t\t\t<\/div>\n\t\t\t\t<\/div>\n\t\t\t\t<\/div>\n\t\t\t\t\t<\/div>\n\t\t\t\t<\/div>\n\t\t<div class=\"elementor-element elementor-element-83305f1 e-flex e-con-boxed e-con e-parent\" data-id=\"83305f1\" data-element_type=\"container\">\n\t\t\t\t\t<div class=\"e-con-inner\">\n\t\t<div class=\"elementor-element elementor-element-41979e1 e-con-full e-grid equipment-page-multi-image-box e-con e-child\" data-id=\"41979e1\" data-element_type=\"container\">\n\t\t<div class=\"elementor-element elementor-element-e130d48 e-grid e-con-full equipment-images-left-block e-con e-child\" data-id=\"e130d48\" data-element_type=\"container\">\n\t\t\t\t<div class=\"elementor-element elementor-element-7fcdd5b elementor-widget elementor-widget-image\" data-id=\"7fcdd5b\" data-element_type=\"widget\" data-widget_type=\"image.default\">\n\t\t\t\t<div class=\"elementor-widget-container\">\n\t\t\t\t\t\t\t\t\t\t\t\t<figure class=\"wp-caption\">\n\t\t\t\t\t\t\t\t\t\t<img decoding=\"async\" width=\"446\" height=\"703\" src=\"https:\/\/www.cadexinc.com\/wp-content\/uploads\/2023\/06\/Mechanical_Resistance_of_Visors_Jig_Shown-installed.webp\" class=\"attachment-large size-large wp-image-10978\" alt=\"\" srcset=\"https:\/\/www.cadexinc.com\/wp-content\/uploads\/2023\/06\/Mechanical_Resistance_of_Visors_Jig_Shown-installed.webp 446w, https:\/\/www.cadexinc.com\/wp-content\/uploads\/2023\/06\/Mechanical_Resistance_of_Visors_Jig_Shown-installed-190x300.webp 190w, https:\/\/www.cadexinc.com\/wp-content\/uploads\/2023\/06\/Mechanical_Resistance_of_Visors_Jig_Shown-installed-416x656.webp 416w\" sizes=\"(max-width: 446px) 100vw, 446px\" \/>\t\t\t\t\t\t\t\t\t\t\t<figcaption class=\"widget-image-caption wp-caption-text\">Mont\u00e9 sur un monorail Twin wire.<\/figcaption>\n\t\t\t\t\t\t\t\t\t\t<\/figure>\n\t\t\t\t\t\t\t\t\t<\/div>\n\t\t\t\t<\/div>\n\t\t\t\t<\/div>\n\t\t<div class=\"elementor-element elementor-element-0e94c84 e-grid e-con-full equipment-images-left-block e-con e-child\" data-id=\"0e94c84\" data-element_type=\"container\">\n\t\t\t\t<div class=\"elementor-element elementor-element-6c98892 elementor-widget elementor-widget-image\" data-id=\"6c98892\" data-element_type=\"widget\" data-widget_type=\"image.default\">\n\t\t\t\t<div class=\"elementor-widget-container\">\n\t\t\t\t\t\t\t\t\t\t\t\t<figure class=\"wp-caption\">\n\t\t\t\t\t\t\t\t\t\t<img decoding=\"async\" width=\"436\" height=\"743\" src=\"https:\/\/www.cadexinc.com\/wp-content\/uploads\/2023\/06\/Mechanical_Resistance_of_Visors_Jig_AdjustmentScrew.webp\" class=\"attachment-large size-large wp-image-10972\" alt=\"\" srcset=\"https:\/\/www.cadexinc.com\/wp-content\/uploads\/2023\/06\/Mechanical_Resistance_of_Visors_Jig_AdjustmentScrew.webp 436w, https:\/\/www.cadexinc.com\/wp-content\/uploads\/2023\/06\/Mechanical_Resistance_of_Visors_Jig_AdjustmentScrew-176x300.webp 176w, https:\/\/www.cadexinc.com\/wp-content\/uploads\/2023\/06\/Mechanical_Resistance_of_Visors_Jig_AdjustmentScrew-416x709.webp 416w\" sizes=\"(max-width: 436px) 100vw, 436px\" \/>\t\t\t\t\t\t\t\t\t\t\t<figcaption class=\"widget-image-caption wp-caption-text\">Vis de r\u00e9glage pour emp\u00eacher le contact avec la forme de t\u00eate.<\/figcaption>\n\t\t\t\t\t\t\t\t\t\t<\/figure>\n\t\t\t\t\t\t\t\t\t<\/div>\n\t\t\t\t<\/div>\n\t\t\t\t<\/div>\n\t\t<div class=\"elementor-element elementor-element-0d3a9c0 e-grid e-con-full equipment-images-left-block e-con e-child\" data-id=\"0d3a9c0\" data-element_type=\"container\">\n\t\t\t\t<div class=\"elementor-element elementor-element-80dadde elementor-widget elementor-widget-image\" data-id=\"80dadde\" data-element_type=\"widget\" data-widget_type=\"image.default\">\n\t\t\t\t<div class=\"elementor-widget-container\">\n\t\t\t\t\t\t\t\t\t\t\t\t<figure class=\"wp-caption\">\n\t\t\t\t\t\t\t\t\t\t<img loading=\"lazy\" decoding=\"async\" width=\"432\" height=\"407\" src=\"https:\/\/www.cadexinc.com\/wp-content\/uploads\/2023\/06\/Mechanical_Resistance_of_Visors_Jig_AdjustingInterface.webp\" class=\"attachment-large size-large wp-image-10968\" alt=\"\" srcset=\"https:\/\/www.cadexinc.com\/wp-content\/uploads\/2023\/06\/Mechanical_Resistance_of_Visors_Jig_AdjustingInterface.webp 432w, https:\/\/www.cadexinc.com\/wp-content\/uploads\/2023\/06\/Mechanical_Resistance_of_Visors_Jig_AdjustingInterface-300x283.webp 300w, https:\/\/www.cadexinc.com\/wp-content\/uploads\/2023\/06\/Mechanical_Resistance_of_Visors_Jig_AdjustingInterface-416x392.webp 416w\" sizes=\"(max-width: 432px) 100vw, 432px\" \/>\t\t\t\t\t\t\t\t\t\t\t<figcaption class=\"widget-image-caption wp-caption-text\">Interface de r\u00e9glage pour s\u2019adapter \u00e0 toutes les tailles de formes de t\u00eate.<\/figcaption>\n\t\t\t\t\t\t\t\t\t\t<\/figure>\n\t\t\t\t\t\t\t\t\t<\/div>\n\t\t\t\t<\/div>\n\t\t\t\t<\/div>\n\t\t\t\t<\/div>\n\t\t\t\t\t<\/div>\n\t\t\t\t<\/div>\n\t\t\t\t<\/div>","protected":false},"excerpt":{"rendered":"<p>Le gabarit Cadex de r\u00e9sistance m\u00e9canique des visi\u00e8res est con\u00e7u et fabriqu\u00e9 pour tester les caract\u00e9ristiques m\u00e9caniques des visi\u00e8res de motos conform\u00e9ment \u00e0 la norme ECE 22, section 7.8.2. Une fois install\u00e9 sur une machine monorail ou bifilaire, un marteau-pilon de 3 kg tombe sur le poin\u00e7on lin\u00e9aire. Le technicien d'essai peut alors profiter d'une chute guid\u00e9e &amp; [...]<\/p>","protected":false},"author":5,"featured_media":10994,"parent":3201,"menu_order":0,"comment_status":"closed","ping_status":"closed","template":"","meta":{"footnotes":""},"categories":[45],"class_list":["post-295","page","type-page","status-publish","has-post-thumbnail","hentry","category-optical-machines"],"_links":{"self":[{"href":"https:\/\/www.cadexinc.com\/fr\/wp-json\/wp\/v2\/pages\/295","targetHints":{"allow":["GET"]}}],"collection":[{"href":"https:\/\/www.cadexinc.com\/fr\/wp-json\/wp\/v2\/pages"}],"about":[{"href":"https:\/\/www.cadexinc.com\/fr\/wp-json\/wp\/v2\/types\/page"}],"author":[{"embeddable":true,"href":"https:\/\/www.cadexinc.com\/fr\/wp-json\/wp\/v2\/users\/5"}],"replies":[{"embeddable":true,"href":"https:\/\/www.cadexinc.com\/fr\/wp-json\/wp\/v2\/comments?post=295"}],"version-history":[{"count":114,"href":"https:\/\/www.cadexinc.com\/fr\/wp-json\/wp\/v2\/pages\/295\/revisions"}],"predecessor-version":[{"id":21147,"href":"https:\/\/www.cadexinc.com\/fr\/wp-json\/wp\/v2\/pages\/295\/revisions\/21147"}],"up":[{"embeddable":true,"href":"https:\/\/www.cadexinc.com\/fr\/wp-json\/wp\/v2\/pages\/3201"}],"wp:featuredmedia":[{"embeddable":true,"href":"https:\/\/www.cadexinc.com\/fr\/wp-json\/wp\/v2\/media\/10994"}],"wp:attachment":[{"href":"https:\/\/www.cadexinc.com\/fr\/wp-json\/wp\/v2\/media?parent=295"}],"wp:term":[{"taxonomy":"category","embeddable":true,"href":"https:\/\/www.cadexinc.com\/fr\/wp-json\/wp\/v2\/categories?post=295"}],"curies":[{"name":"wp","href":"https:\/\/api.w.org\/{rel}","templated":true}]}}