{"id":291,"date":"2022-05-17T13:56:10","date_gmt":"2022-05-17T17:56:10","guid":{"rendered":"http:\/\/www.cadexinc.com\/?page_id=291"},"modified":"2026-03-19T12:05:50","modified_gmt":"2026-03-19T16:05:50","slug":"banc-des-pouvoirs-de-refraction","status":"publish","type":"page","link":"https:\/\/www.cadexinc.com\/fr\/equipement\/machines\/machines-optiques\/banc-des-pouvoirs-de-refraction\/","title":{"rendered":"Banc de mesure de la puissance r\u00e9fractive"},"content":{"rendered":"<div data-elementor-type=\"wp-page\" data-elementor-id=\"291\" class=\"elementor elementor-291\">\n\t\t\t\t<div class=\"elementor-element elementor-element-396563b1 elementor-hidden-desktop elementor-hidden-tablet e-flex e-con-boxed e-con e-parent\" data-id=\"396563b1\" data-element_type=\"container\">\n\t\t\t\t\t<div class=\"e-con-inner\">\n\t\t\t\t<div class=\"elementor-element elementor-element-1f7d7c6 elementor-widget__width-initial elementor-widget elementor-widget-image\" data-id=\"1f7d7c6\" data-element_type=\"widget\" data-widget_type=\"image.default\">\n\t\t\t\t<div class=\"elementor-widget-container\">\n\t\t\t\t\t\t\t\t\t\t\t\t\t\t\t<img fetchpriority=\"high\" decoding=\"async\" width=\"926\" height=\"1024\" src=\"https:\/\/www.cadexinc.com\/wp-content\/uploads\/2026\/02\/refractive-926x1024.webp\" class=\"attachment-large size-large wp-image-20613\" alt=\"\" srcset=\"https:\/\/www.cadexinc.com\/wp-content\/uploads\/2026\/02\/refractive-926x1024.webp 926w, https:\/\/www.cadexinc.com\/wp-content\/uploads\/2026\/02\/refractive-271x300.webp 271w, https:\/\/www.cadexinc.com\/wp-content\/uploads\/2026\/02\/refractive-768x850.webp 768w, https:\/\/www.cadexinc.com\/wp-content\/uploads\/2026\/02\/refractive-1388x1536.webp 1388w, https:\/\/www.cadexinc.com\/wp-content\/uploads\/2026\/02\/refractive-1851x2048.webp 1851w, https:\/\/www.cadexinc.com\/wp-content\/uploads\/2026\/02\/refractive-11x12.webp 11w, https:\/\/www.cadexinc.com\/wp-content\/uploads\/2026\/02\/refractive-416x460.webp 416w\" sizes=\"(max-width: 926px) 100vw, 926px\" \/>\t\t\t\t\t\t\t\t\t\t\t\t\t\t\t<\/div>\n\t\t\t\t<\/div>\n\t\t\t\t\t<\/div>\n\t\t\t\t<\/div>\n\t\t<div class=\"elementor-element elementor-element-ef9a7eb e-flex e-con-boxed e-con e-parent\" data-id=\"ef9a7eb\" data-element_type=\"container\">\n\t\t\t\t\t<div class=\"e-con-inner\">\n\t\t<div class=\"elementor-element elementor-element-353b3a7 e-con-full e-flex e-con e-child\" data-id=\"353b3a7\" data-element_type=\"container\">\n\t\t<div class=\"elementor-element elementor-element-040071a e-con-full e-flex e-con e-child\" data-id=\"040071a\" data-element_type=\"container\">\n\t\t<div class=\"elementor-element elementor-element-c3822de e-con-full equipment-main-right-block e-flex e-con e-child\" data-id=\"c3822de\" data-element_type=\"container\">\n\t\t<div class=\"elementor-element elementor-element-0679418 e-con-full e-flex e-con e-child\" data-id=\"0679418\" data-element_type=\"container\">\n\t\t\t\t<div class=\"elementor-element elementor-element-8be8c09 elementor-widget elementor-widget-text-editor\" data-id=\"8be8c09\" data-element_type=\"widget\" data-widget_type=\"text-editor.default\">\n\t\t\t\t<div class=\"elementor-widget-container\">\n\t\t\t\t\t\t\t\t\t<p class=\"cdx-title cdx-text-align-justify\">Le banc de mesure de la puissance r\u00e9fractive Cadex est con\u00e7u et fabriqu\u00e9 pour tester la puissance r\u00e9fractive sph\u00e9rique, prismatique et l\u2019astigmatisme des lentilles, conform\u00e9ment aux normes ECE 22, EN et BSI.<\/p>\t\t\t\t\t\t\t\t<\/div>\n\t\t\t\t<\/div>\n\t\t\t\t<div class=\"elementor-element elementor-element-db4992a equipment-sub-titles elementor-widget elementor-widget-heading\" data-id=\"db4992a\" data-element_type=\"widget\" data-widget_type=\"heading.default\">\n\t\t\t\t<div class=\"elementor-widget-container\">\n\t\t\t\t\t<h6 class=\"elementor-heading-title elementor-size-default\">DIMENSIONS (APPROX.) :<\/h6>\t\t\t\t<\/div>\n\t\t\t\t<\/div>\n\t\t\t\t<div class=\"elementor-element elementor-element-01e806a elementor-widget elementor-widget-text-editor\" data-id=\"01e806a\" data-element_type=\"widget\" data-widget_type=\"text-editor.default\">\n\t\t\t\t<div class=\"elementor-widget-container\">\n\t\t\t\t\t\t\t\t\t<ul class=\"special-list\">\n<li>Longueur : 513,08 cm \/ 202 in<\/li>\n<li>Width:\u00a0 \u00a052.71 cm \/ 20.75 in<\/li>\n<li>Height: 161.29 cm \/ 63.5 in (if installed as per standard)<\/li>\n<\/ul>\t\t\t\t\t\t\t\t<\/div>\n\t\t\t\t<\/div>\n\t\t\t\t<div class=\"elementor-element elementor-element-2681d75 equipment-sub-titles elementor-widget elementor-widget-heading\" data-id=\"2681d75\" data-element_type=\"widget\" data-widget_type=\"heading.default\">\n\t\t\t\t<div class=\"elementor-widget-container\">\n\t\t\t\t\t<h6 class=\"elementor-heading-title elementor-size-default\">EXIGENCES\u202f:<\/h6>\t\t\t\t<\/div>\n\t\t\t\t<\/div>\n\t\t\t\t<div class=\"elementor-element elementor-element-4e0baf8 elementor-widget elementor-widget-text-editor\" data-id=\"4e0baf8\" data-element_type=\"widget\" data-widget_type=\"text-editor.default\">\n\t\t\t\t<div class=\"elementor-widget-container\">\n\t\t\t\t\t\t\t\t\t<ul class=\"special-list\">\n<li>Alimentation : 110v\/220v - 50\/60 Hz<\/li>\n<\/ul>\t\t\t\t\t\t\t\t<\/div>\n\t\t\t\t<\/div>\n\t\t\t\t<div class=\"elementor-element elementor-element-3d4c47c equipment-sub-titles elementor-widget elementor-widget-heading\" data-id=\"3d4c47c\" data-element_type=\"widget\" data-widget_type=\"heading.default\">\n\t\t\t\t<div class=\"elementor-widget-container\">\n\t\t\t\t\t<h6 class=\"elementor-heading-title elementor-size-default\">CARACT\u00c9RISTIQUES\u202f:<\/h6>\t\t\t\t<\/div>\n\t\t\t\t<\/div>\n\t\t\t\t<div class=\"elementor-element elementor-element-ec6859a elementor-widget elementor-widget-text-editor\" data-id=\"ec6859a\" data-element_type=\"widget\" data-widget_type=\"text-editor.default\">\n\t\t\t\t<div class=\"elementor-widget-container\">\n\t\t\t\t\t\t\t\t\t<ul class=\"special-list\">\n<li>Contr\u00f4leur \u00e0 \u00e9cran tactile<\/li>\n<li>Encodeur \u00e9lectronique \u00e0 haute r\u00e9solution<\/li>\n<li>T\u00e9lescope 26 x 20 inclus<\/li>\n<li>Cible lumineuse rotative<\/li>\n<li>Options de support ou de fixation murale<\/li>\n<\/ul>\t\t\t\t\t\t\t\t<\/div>\n\t\t\t\t<\/div>\n\t\t\t\t<\/div>\n\t\t<div class=\"elementor-element elementor-element-427e579 e-con-full e-grid equipment-page-multi-image-box e-con e-child\" data-id=\"427e579\" data-element_type=\"container\">\n\t\t\t\t<div class=\"elementor-element elementor-element-c317b71 elementor-widget elementor-widget-image\" data-id=\"c317b71\" data-element_type=\"widget\" data-widget_type=\"image.default\">\n\t\t\t\t<div class=\"elementor-widget-container\">\n\t\t\t\t\t\t\t\t\t\t\t\t<figure class=\"wp-caption\">\n\t\t\t\t\t\t\t\t\t\t<img decoding=\"async\" width=\"619\" height=\"433\" src=\"https:\/\/www.cadexinc.com\/wp-content\/uploads\/2023\/06\/Refractive-Powers-Bench_shownVisor.jpg\" class=\"attachment-large size-large wp-image-10881\" alt=\"\" srcset=\"https:\/\/www.cadexinc.com\/wp-content\/uploads\/2023\/06\/Refractive-Powers-Bench_shownVisor.jpg 619w, https:\/\/www.cadexinc.com\/wp-content\/uploads\/2023\/06\/Refractive-Powers-Bench_shownVisor-300x210.jpg 300w, https:\/\/www.cadexinc.com\/wp-content\/uploads\/2023\/06\/Refractive-Powers-Bench_shownVisor-416x291.jpg 416w\" sizes=\"(max-width: 619px) 100vw, 619px\" \/>\t\t\t\t\t\t\t\t\t\t\t<figcaption class=\"widget-image-caption wp-caption-text\">Pr\u00e9sent\u00e9 avec la visi\u00e8re install\u00e9e<\/figcaption>\n\t\t\t\t\t\t\t\t\t\t<\/figure>\n\t\t\t\t\t\t\t\t\t<\/div>\n\t\t\t\t<\/div>\n\t\t\t\t<\/div>\n\t\t\t\t<\/div>\n\t\t\t\t<\/div>\n\t\t<div class=\"elementor-element elementor-element-c425342 e-con-full e-flex e-con e-child\" data-id=\"c425342\" data-element_type=\"container\">\n\t\t\t\t<div class=\"elementor-element elementor-element-a3b100f elementor-hidden-mobile elementor-widget__width-initial elementor-widget elementor-widget-image\" data-id=\"a3b100f\" data-element_type=\"widget\" data-widget_type=\"image.default\">\n\t\t\t\t<div class=\"elementor-widget-container\">\n\t\t\t\t\t\t\t\t\t\t\t\t\t\t\t<img fetchpriority=\"high\" decoding=\"async\" width=\"926\" height=\"1024\" src=\"https:\/\/www.cadexinc.com\/wp-content\/uploads\/2026\/02\/refractive-926x1024.webp\" class=\"attachment-large size-large wp-image-20613\" alt=\"\" srcset=\"https:\/\/www.cadexinc.com\/wp-content\/uploads\/2026\/02\/refractive-926x1024.webp 926w, https:\/\/www.cadexinc.com\/wp-content\/uploads\/2026\/02\/refractive-271x300.webp 271w, https:\/\/www.cadexinc.com\/wp-content\/uploads\/2026\/02\/refractive-768x850.webp 768w, https:\/\/www.cadexinc.com\/wp-content\/uploads\/2026\/02\/refractive-1388x1536.webp 1388w, https:\/\/www.cadexinc.com\/wp-content\/uploads\/2026\/02\/refractive-1851x2048.webp 1851w, https:\/\/www.cadexinc.com\/wp-content\/uploads\/2026\/02\/refractive-11x12.webp 11w, https:\/\/www.cadexinc.com\/wp-content\/uploads\/2026\/02\/refractive-416x460.webp 416w\" sizes=\"(max-width: 926px) 100vw, 926px\" \/>\t\t\t\t\t\t\t\t\t\t\t\t\t\t\t<\/div>\n\t\t\t\t<\/div>\n\t\t\t\t<\/div>\n\t\t\t\t<\/div>\n\t\t\t\t\t<\/div>\n\t\t\t\t<\/div>\n\t\t<div class=\"elementor-element elementor-element-f935510 e-flex e-con-boxed e-con e-parent\" data-id=\"f935510\" data-element_type=\"container\">\n\t\t\t\t\t<div class=\"e-con-inner\">\n\t\t<div class=\"elementor-element elementor-element-eeeab5b e-con-full e-grid equipment-page-multi-image-box e-con e-child\" data-id=\"eeeab5b\" data-element_type=\"container\">\n\t\t<div class=\"elementor-element elementor-element-1c6cb2e e-grid e-con-full equipment-images-left-block e-con e-child\" data-id=\"1c6cb2e\" data-element_type=\"container\">\n\t\t\t\t<div class=\"elementor-element elementor-element-5bf2fb5 elementor-widget elementor-widget-image\" data-id=\"5bf2fb5\" data-element_type=\"widget\" data-widget_type=\"image.default\">\n\t\t\t\t<div class=\"elementor-widget-container\">\n\t\t\t\t\t\t\t\t\t\t\t\t<figure class=\"wp-caption\">\n\t\t\t\t\t\t\t\t\t\t<img decoding=\"async\" width=\"572\" height=\"536\" src=\"https:\/\/www.cadexinc.com\/wp-content\/uploads\/2023\/06\/Refractive-Powers-Bench_remotelyControl.webp\" class=\"attachment-large size-large wp-image-10878\" alt=\"\" srcset=\"https:\/\/www.cadexinc.com\/wp-content\/uploads\/2023\/06\/Refractive-Powers-Bench_remotelyControl.webp 572w, https:\/\/www.cadexinc.com\/wp-content\/uploads\/2023\/06\/Refractive-Powers-Bench_remotelyControl-300x281.webp 300w, https:\/\/www.cadexinc.com\/wp-content\/uploads\/2023\/06\/Refractive-Powers-Bench_remotelyControl-416x390.webp 416w\" sizes=\"(max-width: 572px) 100vw, 572px\" \/>\t\t\t\t\t\t\t\t\t\t\t<figcaption class=\"widget-image-caption wp-caption-text\">Cible rotative illumin\u00e9e, t\u00e9l\u00e9command\u00e9e<\/figcaption>\n\t\t\t\t\t\t\t\t\t\t<\/figure>\n\t\t\t\t\t\t\t\t\t<\/div>\n\t\t\t\t<\/div>\n\t\t\t\t<\/div>\n\t\t\t\t<div class=\"elementor-element elementor-element-5046602 elementor-widget elementor-widget-image\" data-id=\"5046602\" data-element_type=\"widget\" data-widget_type=\"image.default\">\n\t\t\t\t<div class=\"elementor-widget-container\">\n\t\t\t\t\t\t\t\t\t\t\t\t<figure class=\"wp-caption\">\n\t\t\t\t\t\t\t\t\t\t<img loading=\"lazy\" decoding=\"async\" width=\"584\" height=\"443\" src=\"https:\/\/www.cadexinc.com\/wp-content\/uploads\/2023\/06\/Refractive-Powers-Bench_calibration.webp\" class=\"attachment-large size-large wp-image-10875\" alt=\"\" srcset=\"https:\/\/www.cadexinc.com\/wp-content\/uploads\/2023\/06\/Refractive-Powers-Bench_calibration.webp 584w, https:\/\/www.cadexinc.com\/wp-content\/uploads\/2023\/06\/Refractive-Powers-Bench_calibration-300x228.webp 300w, https:\/\/www.cadexinc.com\/wp-content\/uploads\/2023\/06\/Refractive-Powers-Bench_calibration-416x316.webp 416w\" sizes=\"(max-width: 584px) 100vw, 584px\" \/>\t\t\t\t\t\t\t\t\t\t\t<figcaption class=\"widget-image-caption wp-caption-text\"><span>Lentilles \u00e9talonn\u00e9es<\/span><br><span style=\"font-size: 9px !important\"> +0,25D ; -0,25D ; +0,12D ; -0,12D ; +0,06D ; -0,06D (non incluses, disponibles sur demande)<\/span><\/figcaption>\n\t\t\t\t\t\t\t\t\t\t<\/figure>\n\t\t\t\t\t\t\t\t\t<\/div>\n\t\t\t\t<\/div>\n\t\t\t\t<div class=\"elementor-element elementor-element-b6e4717 elementor-widget elementor-widget-image\" data-id=\"b6e4717\" data-element_type=\"widget\" data-widget_type=\"image.default\">\n\t\t\t\t<div class=\"elementor-widget-container\">\n\t\t\t\t\t\t\t\t\t\t\t\t<figure class=\"wp-caption\">\n\t\t\t\t\t\t\t\t\t\t<img loading=\"lazy\" decoding=\"async\" width=\"572\" height=\"424\" src=\"https:\/\/www.cadexinc.com\/wp-content\/uploads\/2023\/06\/Refractive-Powers-Bench_telescope.webp\" class=\"attachment-large size-large wp-image-10884\" alt=\"\" srcset=\"https:\/\/www.cadexinc.com\/wp-content\/uploads\/2023\/06\/Refractive-Powers-Bench_telescope.webp 572w, https:\/\/www.cadexinc.com\/wp-content\/uploads\/2023\/06\/Refractive-Powers-Bench_telescope-300x222.webp 300w, https:\/\/www.cadexinc.com\/wp-content\/uploads\/2023\/06\/Refractive-Powers-Bench_telescope-416x308.webp 416w\" sizes=\"(max-width: 572px) 100vw, 572px\" \/>\t\t\t\t\t\t\t\t\t\t\t<figcaption class=\"widget-image-caption wp-caption-text\">T\u00e9lescope \u00e9quip\u00e9 d\u2019un encodeur \u00e9lectronique<\/figcaption>\n\t\t\t\t\t\t\t\t\t\t<\/figure>\n\t\t\t\t\t\t\t\t\t<\/div>\n\t\t\t\t<\/div>\n\t\t\t\t<\/div>\n\t\t\t\t\t<\/div>\n\t\t\t\t<\/div>\n\t\t\t\t<\/div>","protected":false},"excerpt":{"rendered":"<p>The Cadex refractive power bench is designed and manufactured to test the spherical, prismatic and astigmatism refractive power of lenses, according to ECE 22, EN and BSI standards. DIMENSIONS (APPROX.): Length: 513.08 cm \/ 202 in Width:\u00a0 \u00a052.71 cm \/ 20.75 in Height: 161.29 cm \/ 63.5 in (if installed as per standard) REQUIREMENTS: Power: [&hellip;]<\/p>","protected":false},"author":5,"featured_media":10887,"parent":3201,"menu_order":0,"comment_status":"closed","ping_status":"closed","template":"","meta":{"footnotes":""},"categories":[45],"class_list":["post-291","page","type-page","status-publish","has-post-thumbnail","hentry","category-optical-machines"],"_links":{"self":[{"href":"https:\/\/www.cadexinc.com\/fr\/wp-json\/wp\/v2\/pages\/291","targetHints":{"allow":["GET"]}}],"collection":[{"href":"https:\/\/www.cadexinc.com\/fr\/wp-json\/wp\/v2\/pages"}],"about":[{"href":"https:\/\/www.cadexinc.com\/fr\/wp-json\/wp\/v2\/types\/page"}],"author":[{"embeddable":true,"href":"https:\/\/www.cadexinc.com\/fr\/wp-json\/wp\/v2\/users\/5"}],"replies":[{"embeddable":true,"href":"https:\/\/www.cadexinc.com\/fr\/wp-json\/wp\/v2\/comments?post=291"}],"version-history":[{"count":101,"href":"https:\/\/www.cadexinc.com\/fr\/wp-json\/wp\/v2\/pages\/291\/revisions"}],"predecessor-version":[{"id":21107,"href":"https:\/\/www.cadexinc.com\/fr\/wp-json\/wp\/v2\/pages\/291\/revisions\/21107"}],"up":[{"embeddable":true,"href":"https:\/\/www.cadexinc.com\/fr\/wp-json\/wp\/v2\/pages\/3201"}],"wp:featuredmedia":[{"embeddable":true,"href":"https:\/\/www.cadexinc.com\/fr\/wp-json\/wp\/v2\/media\/10887"}],"wp:attachment":[{"href":"https:\/\/www.cadexinc.com\/fr\/wp-json\/wp\/v2\/media?parent=291"}],"wp:term":[{"taxonomy":"category","embeddable":true,"href":"https:\/\/www.cadexinc.com\/fr\/wp-json\/wp\/v2\/categories?post=291"}],"curies":[{"name":"wp","href":"https:\/\/api.w.org\/{rel}","templated":true}]}}