{"id":289,"date":"2022-05-17T13:55:50","date_gmt":"2022-05-17T17:55:50","guid":{"rendered":"http:\/\/www.cadexinc.com\/?page_id=289"},"modified":"2026-03-19T12:20:40","modified_gmt":"2026-03-19T16:20:40","slug":"spectrophotometre","status":"publish","type":"page","link":"https:\/\/www.cadexinc.com\/fr\/equipement\/machines\/machines-optiques\/spectrophotometre\/","title":{"rendered":"Spectrophotom\u00e8tre"},"content":{"rendered":"<div data-elementor-type=\"wp-page\" data-elementor-id=\"289\" class=\"elementor elementor-289\">\n\t\t\t\t<div class=\"elementor-element elementor-element-3b313b4f elementor-hidden-desktop elementor-hidden-tablet e-flex e-con-boxed e-con e-parent\" data-id=\"3b313b4f\" data-element_type=\"container\">\n\t\t\t\t\t<div class=\"e-con-inner\">\n\t\t<div class=\"elementor-element elementor-element-c3e9214 e-con-full e-grid equipment-page-multi-image-box e-con e-child\" data-id=\"c3e9214\" data-element_type=\"container\">\n\t\t\t\t<div class=\"elementor-element elementor-element-706f2e7 elementor-widget elementor-widget-image\" data-id=\"706f2e7\" data-element_type=\"widget\" data-widget_type=\"image.default\">\n\t\t\t\t<div class=\"elementor-widget-container\">\n\t\t\t\t\t\t\t\t\t\t\t\t<figure class=\"wp-caption\">\n\t\t\t\t\t\t\t\t\t\t<img fetchpriority=\"high\" decoding=\"async\" width=\"821\" height=\"420\" src=\"https:\/\/www.cadexinc.com\/wp-content\/uploads\/2023\/07\/Spectrophotometer-main.webp\" class=\"attachment-full size-full wp-image-12947\" alt=\"\" srcset=\"https:\/\/www.cadexinc.com\/wp-content\/uploads\/2023\/07\/Spectrophotometer-main.webp 821w, https:\/\/www.cadexinc.com\/wp-content\/uploads\/2023\/07\/Spectrophotometer-main-300x153.webp 300w, https:\/\/www.cadexinc.com\/wp-content\/uploads\/2023\/07\/Spectrophotometer-main-768x393.webp 768w, https:\/\/www.cadexinc.com\/wp-content\/uploads\/2023\/07\/Spectrophotometer-main-416x213.webp 416w\" sizes=\"(max-width: 821px) 100vw, 821px\" \/>\t\t\t\t\t\t\t\t\t\t\t<figcaption class=\"widget-image-caption wp-caption-text\">Spectrophotom\u00e8tre \u00e0 faisceau unique<\/figcaption>\n\t\t\t\t\t\t\t\t\t\t<\/figure>\n\t\t\t\t\t\t\t\t\t<\/div>\n\t\t\t\t<\/div>\n\t\t\t\t<\/div>\n\t\t\t\t\t<\/div>\n\t\t\t\t<\/div>\n\t\t<div class=\"elementor-element elementor-element-9db2acc e-flex e-con-boxed e-con e-parent\" data-id=\"9db2acc\" data-element_type=\"container\">\n\t\t\t\t\t<div class=\"e-con-inner\">\n\t\t<div class=\"elementor-element elementor-element-676aeb0 e-con-full e-flex e-con e-child\" data-id=\"676aeb0\" data-element_type=\"container\">\n\t\t<div class=\"elementor-element elementor-element-45d18e6 e-con-full e-flex e-con e-child\" data-id=\"45d18e6\" data-element_type=\"container\">\n\t\t<div class=\"elementor-element elementor-element-3f55cc3 e-con-full equipment-main-right-block e-flex e-con e-child\" data-id=\"3f55cc3\" data-element_type=\"container\">\n\t\t<div class=\"elementor-element elementor-element-cc40a16 e-con-full e-flex e-con e-child\" data-id=\"cc40a16\" data-element_type=\"container\">\n\t\t\t\t<div class=\"elementor-element elementor-element-5c009d5 elementor-widget elementor-widget-text-editor\" data-id=\"5c009d5\" data-element_type=\"widget\" data-widget_type=\"text-editor.default\">\n\t\t\t\t<div class=\"elementor-widget-container\">\n\t\t\t\t\t\t\t\t\t<p class=\"cdx-title cdx-text-align-justify\">Le spectrophotom\u00e8tre est con\u00e7u et fabriqu\u00e9 pour tester la reconnaissance des feux de signalisation, la transmittance spectrale et la transmittance lumineuse des visi\u00e8res et lentilles de protection conform\u00e9ment aux normes ECE 22.<\/p>\t\t\t\t\t\t\t\t<\/div>\n\t\t\t\t<\/div>\n\t\t\t\t<div class=\"elementor-element elementor-element-3011714 equipment-sub-titles elementor-widget elementor-widget-heading\" data-id=\"3011714\" data-element_type=\"widget\" data-widget_type=\"heading.default\">\n\t\t\t\t<div class=\"elementor-widget-container\">\n\t\t\t\t\t<h6 class=\"elementor-heading-title elementor-size-default\">DIMENSIONS (APPROX.) :<\/h6>\t\t\t\t<\/div>\n\t\t\t\t<\/div>\n\t\t\t\t<div class=\"elementor-element elementor-element-43cd7e5 elementor-widget elementor-widget-text-editor\" data-id=\"43cd7e5\" data-element_type=\"widget\" data-widget_type=\"text-editor.default\">\n\t\t\t\t<div class=\"elementor-widget-container\">\n\t\t\t\t\t\t\t\t\t<ul class=\"special-list\">\n<li>Longueur : 66,45 cm \/ 26,16 in<\/li>\n<li>Width:\u00a0 \u00a049.02 cm \/ 19.3 in<\/li>\n<li>Height:\u00a0 28.96 cm \/ 11.4 in<\/li>\n<\/ul>\t\t\t\t\t\t\t\t<\/div>\n\t\t\t\t<\/div>\n\t\t\t\t<div class=\"elementor-element elementor-element-5842405 equipment-sub-titles elementor-widget elementor-widget-heading\" data-id=\"5842405\" data-element_type=\"widget\" data-widget_type=\"heading.default\">\n\t\t\t\t<div class=\"elementor-widget-container\">\n\t\t\t\t\t<h6 class=\"elementor-heading-title elementor-size-default\">CARACT\u00c9RISTIQUES\u202f:<\/h6>\t\t\t\t<\/div>\n\t\t\t\t<\/div>\n\t\t\t\t<div class=\"elementor-element elementor-element-8c2594d elementor-widget elementor-widget-text-editor\" data-id=\"8c2594d\" data-element_type=\"widget\" data-widget_type=\"text-editor.default\">\n\t\t\t\t<div class=\"elementor-widget-container\">\n\t\t\t\t\t\t\t\t\t<ul class=\"special-list\">\n<li>Optique : faisceau unique<\/li>\n<li>Balayage de toute plage de 320 \u00e0 1000 Nm<\/li>\n<li>Calcul effectu\u00e9 par le logiciel inclus<\/li>\n<li>Accepter un \u00e9chantillon de 10 mm de large<\/li>\n<\/ul>\n<p class=\"fs-7 fst-italic text-danger cdx-notation\">*Ordinateur non inclus<\/p>\t\t\t\t\t\t\t\t<\/div>\n\t\t\t\t<\/div>\n\t\t\t\t<div class=\"elementor-element elementor-element-afc98a7 equipment-sub-titles elementor-widget elementor-widget-heading\" data-id=\"afc98a7\" data-element_type=\"widget\" data-widget_type=\"heading.default\">\n\t\t\t\t<div class=\"elementor-widget-container\">\n\t\t\t\t\t<h6 class=\"elementor-heading-title elementor-size-default\">EXIGENCES\u202f:<\/h6>\t\t\t\t<\/div>\n\t\t\t\t<\/div>\n\t\t\t\t<div class=\"elementor-element elementor-element-9391b69 elementor-widget elementor-widget-text-editor\" data-id=\"9391b69\" data-element_type=\"widget\" data-widget_type=\"text-editor.default\">\n\t\t\t\t<div class=\"elementor-widget-container\">\n\t\t\t\t\t\t\t\t\t<ul class=\"special-list\">\n<li>Power: 110v\/220v \u2013 50\/60 Hz<\/li>\n<\/ul>\t\t\t\t\t\t\t\t<\/div>\n\t\t\t\t<\/div>\n\t\t\t\t<\/div>\n\t\t<div class=\"elementor-element elementor-element-bc78c58 e-con-full e-grid equipment-page-multi-image-box e-con e-child\" data-id=\"bc78c58\" data-element_type=\"container\">\n\t\t\t\t<div class=\"elementor-element elementor-element-740bd78 elementor-widget elementor-widget-image\" data-id=\"740bd78\" data-element_type=\"widget\" data-widget_type=\"image.default\">\n\t\t\t\t<div class=\"elementor-widget-container\">\n\t\t\t\t\t\t\t\t\t\t\t\t<figure class=\"wp-caption\">\n\t\t\t\t\t\t\t\t\t\t<img decoding=\"async\" width=\"980\" height=\"657\" src=\"https:\/\/www.cadexinc.com\/wp-content\/uploads\/2025\/03\/Spectrophotometer-Software-for-calculation-1024x686.webp\" class=\"attachment-large size-large wp-image-16802\" alt=\"\" srcset=\"https:\/\/www.cadexinc.com\/wp-content\/uploads\/2025\/03\/Spectrophotometer-Software-for-calculation-1024x686.webp 1024w, https:\/\/www.cadexinc.com\/wp-content\/uploads\/2025\/03\/Spectrophotometer-Software-for-calculation-300x201.webp 300w, https:\/\/www.cadexinc.com\/wp-content\/uploads\/2025\/03\/Spectrophotometer-Software-for-calculation-768x515.webp 768w, https:\/\/www.cadexinc.com\/wp-content\/uploads\/2025\/03\/Spectrophotometer-Software-for-calculation-18x12.webp 18w, https:\/\/www.cadexinc.com\/wp-content\/uploads\/2025\/03\/Spectrophotometer-Software-for-calculation-416x279.webp 416w, https:\/\/www.cadexinc.com\/wp-content\/uploads\/2025\/03\/Spectrophotometer-Software-for-calculation.webp 1119w\" sizes=\"(max-width: 980px) 100vw, 980px\" \/>\t\t\t\t\t\t\t\t\t\t\t<figcaption class=\"widget-image-caption wp-caption-text\">Logiciel de calcul (\u00e0 installer sur votre ordinateur)<\/figcaption>\n\t\t\t\t\t\t\t\t\t\t<\/figure>\n\t\t\t\t\t\t\t\t\t<\/div>\n\t\t\t\t<\/div>\n\t\t\t\t<\/div>\n\t\t\t\t<\/div>\n\t\t\t\t<\/div>\n\t\t<div class=\"elementor-element elementor-element-c24d581 e-con-full e-flex e-con e-child\" data-id=\"c24d581\" data-element_type=\"container\">\n\t\t<div class=\"elementor-element elementor-element-3770cec e-con-full e-grid equipment-page-multi-image-box elementor-hidden-mobile e-con e-child\" data-id=\"3770cec\" data-element_type=\"container\">\n\t\t\t\t<div class=\"elementor-element elementor-element-b9fa7be elementor-widget elementor-widget-image\" data-id=\"b9fa7be\" data-element_type=\"widget\" data-widget_type=\"image.default\">\n\t\t\t\t<div class=\"elementor-widget-container\">\n\t\t\t\t\t\t\t\t\t\t\t\t<figure class=\"wp-caption\">\n\t\t\t\t\t\t\t\t\t\t<img fetchpriority=\"high\" decoding=\"async\" width=\"821\" height=\"420\" src=\"https:\/\/www.cadexinc.com\/wp-content\/uploads\/2023\/07\/Spectrophotometer-main.webp\" class=\"attachment-full size-full wp-image-12947\" alt=\"\" srcset=\"https:\/\/www.cadexinc.com\/wp-content\/uploads\/2023\/07\/Spectrophotometer-main.webp 821w, https:\/\/www.cadexinc.com\/wp-content\/uploads\/2023\/07\/Spectrophotometer-main-300x153.webp 300w, https:\/\/www.cadexinc.com\/wp-content\/uploads\/2023\/07\/Spectrophotometer-main-768x393.webp 768w, https:\/\/www.cadexinc.com\/wp-content\/uploads\/2023\/07\/Spectrophotometer-main-416x213.webp 416w\" sizes=\"(max-width: 821px) 100vw, 821px\" \/>\t\t\t\t\t\t\t\t\t\t\t<figcaption class=\"widget-image-caption wp-caption-text\">Spectrophotom\u00e8tre \u00e0 faisceau unique<\/figcaption>\n\t\t\t\t\t\t\t\t\t\t<\/figure>\n\t\t\t\t\t\t\t\t\t<\/div>\n\t\t\t\t<\/div>\n\t\t\t\t<\/div>\n\t\t\t\t<\/div>\n\t\t\t\t<\/div>\n\t\t\t\t\t<\/div>\n\t\t\t\t<\/div>\n\t\t<div class=\"elementor-element elementor-element-8c96eda e-grid e-con-boxed e-con e-parent\" data-id=\"8c96eda\" data-element_type=\"container\">\n\t\t\t\t\t<div class=\"e-con-inner\">\n\t\t\t\t<div class=\"elementor-element elementor-element-baab980 elementor-widget elementor-widget-html\" data-id=\"baab980\" data-element_type=\"widget\" data-widget_type=\"html.default\">\n\t\t\t\t<div class=\"elementor-widget-container\">\n\t\t\t\t\t<table class=\"table table-sm table-hover\">\r\n<tbody>\r\n<tr>\r\n<th class=\"text-center text-uppercase cdx-oswald fw-bolder fs-4\" colspan=\"2\">Longueur d\u2019onde<\/th>\r\n<\/tr>\r\n<tr>\r\n<td style=\"width: 50%;\" class=\"fw-semibold\">Plage<\/td>\r\n<td class=\"fs-6\">320 \u00e0 1000 Nm<\/td>\r\n<\/tr>\r\n<tr>\r\n<td style=\"width: 50%;\" class=\"fw-semibold\">R\u00e9solution<\/td>\r\n<td class=\"fs-6\">1 Nm<\/td>\r\n<\/tr>\r\n<tr>\r\n<td style=\"width: 50%;\" class=\"fw-semibold\">Pr\u00e9cision<\/td>\r\n<td class=\"fs-6\">\u00b12 Nm<\/td>\r\n<\/tr>\r\n<tr>\r\n<td style=\"width: 50%;\" class=\"fw-semibold\">Largeur de bande spectrale<\/td>\r\n<td class=\"fs-6\">8 Nm<\/td>\r\n<\/tr>\r\n<\/tbody>\r\n<\/table>\t\t\t\t<\/div>\n\t\t\t\t<\/div>\n\t\t\t\t<div class=\"elementor-element elementor-element-833ded0 elementor-widget elementor-widget-html\" data-id=\"833ded0\" data-element_type=\"widget\" data-widget_type=\"html.default\">\n\t\t\t\t<div class=\"elementor-widget-container\">\n\t\t\t\t\t<table class=\"table table-sm table-hover\">\r\n<tbody>\r\n<tr>\r\n<th class=\"text-center text-uppercase cdx-oswald fw-bolder fs-4\" colspan=\"2\">Concentration<\/th>\r\n<\/tr>\r\n<tr>\r\n<td style=\"width: 50%;\" class=\"fw-semibold\">Plage<\/td>\r\n<td class=\"fs-6\">-300 \u00e0 1999<\/td>\r\n<\/tr>\r\n<tr>\r\n<td style=\"width: 50%;\" class=\"fw-semibold\">R\u00e9solution<\/td>\r\n<td class=\"fs-6\">0,1 \u00e0 1<\/td>\r\n<\/tr>\r\n<tr>\r\n<td style=\"width: 50%;\" class=\"fw-semibold\">Unit\u00e9s<\/td>\r\n<td class=\"fs-6\">ppm, mg\/l, g\/l, M, %, blanc<\/td>\r\n<\/tr>\r\n<tr>\r\n<td style=\"width: 50%;\" class=\"fw-semibold\">Facteur<\/td>\r\n<td class=\"fs-6\">0 \u00e0 199,9, 1000 \u00e0 9999<\/td>\r\n<\/tr>\r\n<\/tbody>\r\n<\/table>\t\t\t\t<\/div>\n\t\t\t\t<\/div>\n\t\t\t\t<div class=\"elementor-element elementor-element-a3d747e elementor-widget elementor-widget-html\" data-id=\"a3d747e\" data-element_type=\"widget\" data-widget_type=\"html.default\">\n\t\t\t\t<div class=\"elementor-widget-container\">\n\t\t\t\t\t<table class=\"table table-sm table-hover\">\r\n<tbody>\r\n<tr>\r\n<th class=\"text-center text-uppercase cdx-oswald fw-bolder fs-4\" colspan=\"2\">Photom\u00e9trique<\/th>\r\n<\/tr>\r\n<tr>\r\n<td style=\"width: 50%;\" class=\"fw-semibold\">Transmittance<\/td>\r\n<td class=\"fs-6\">0 \u00e0 199,9% T<\/td>\r\n<\/tr>\r\n<tr>\r\n<td style=\"width: 50%;\" class=\"fw-semibold\">Absorbance<\/td>\r\n<td class=\"fs-6\">-0,300 \u00e0 1,999 A<\/td>\r\n<\/tr>\r\n<tr>\r\n<td style=\"width: 50%;\" class=\"fw-semibold\">Pr\u00e9cision<\/td>\r\n<td class=\"fs-6\">\u00b1 1% T<\/td>\r\n<\/tr>\r\n<tr>\r\n<td style=\"width: 50%;\" class=\"fw-semibold\">R\u00e9solution<\/td>\r\n<td class=\"fs-6\">0,1% T, 0,001 A<\/td>\r\n<\/tr>\r\n<tr>\r\n<td style=\"width: 50%;\" class=\"fw-semibold\">Lumi\u00e8re parasite<\/td>\r\n<td class=\"fs-6\">&lt;0,5% T<\/td>\r\n<\/tr>\r\n<tr>\r\n<td style=\"width: 50%;\" class=\"fw-semibold\">Bruit<\/td>\r\n<td class=\"fs-6\">&lt;1%<\/td>\r\n<\/tr>\r\n<tr>\r\n<td style=\"width: 50%;\" class=\"fw-semibold\">Stabilit\u00e9<\/td>\r\n<td class=\"fs-6\">1%\/h apr\u00e8s 15 minutes<\/td>\r\n<\/tr>\r\n<\/tbody>\r\n<\/table>\t\t\t\t<\/div>\n\t\t\t\t<\/div>\n\t\t\t\t\t<\/div>\n\t\t\t\t<\/div>\n\t\t\t\t<\/div>","protected":false},"excerpt":{"rendered":"<p>Single beam spectrophotometer The spectrophotometer is designed and manufactured to test the recognition of signal light, spectral transmittance and luminous transmittance of ocular visors and protective lenses according to ECE 22 standards. DIMENSIONS (APPROX.): Length: 66.45 cm \/ 26.16 in Width:\u00a0 \u00a049.02 cm \/ 19.3 in Height:\u00a0 28.96 cm \/ 11.4 in FEATURES: Optics: single [&hellip;]<\/p>","protected":false},"author":5,"featured_media":12947,"parent":3201,"menu_order":0,"comment_status":"closed","ping_status":"closed","template":"","meta":{"footnotes":""},"categories":[45],"class_list":["post-289","page","type-page","status-publish","has-post-thumbnail","hentry","category-optical-machines"],"_links":{"self":[{"href":"https:\/\/www.cadexinc.com\/fr\/wp-json\/wp\/v2\/pages\/289","targetHints":{"allow":["GET"]}}],"collection":[{"href":"https:\/\/www.cadexinc.com\/fr\/wp-json\/wp\/v2\/pages"}],"about":[{"href":"https:\/\/www.cadexinc.com\/fr\/wp-json\/wp\/v2\/types\/page"}],"author":[{"embeddable":true,"href":"https:\/\/www.cadexinc.com\/fr\/wp-json\/wp\/v2\/users\/5"}],"replies":[{"embeddable":true,"href":"https:\/\/www.cadexinc.com\/fr\/wp-json\/wp\/v2\/comments?post=289"}],"version-history":[{"count":125,"href":"https:\/\/www.cadexinc.com\/fr\/wp-json\/wp\/v2\/pages\/289\/revisions"}],"predecessor-version":[{"id":21117,"href":"https:\/\/www.cadexinc.com\/fr\/wp-json\/wp\/v2\/pages\/289\/revisions\/21117"}],"up":[{"embeddable":true,"href":"https:\/\/www.cadexinc.com\/fr\/wp-json\/wp\/v2\/pages\/3201"}],"wp:featuredmedia":[{"embeddable":true,"href":"https:\/\/www.cadexinc.com\/fr\/wp-json\/wp\/v2\/media\/12947"}],"wp:attachment":[{"href":"https:\/\/www.cadexinc.com\/fr\/wp-json\/wp\/v2\/media?parent=289"}],"wp:term":[{"taxonomy":"category","embeddable":true,"href":"https:\/\/www.cadexinc.com\/fr\/wp-json\/wp\/v2\/categories?post=289"}],"curies":[{"name":"wp","href":"https:\/\/api.w.org\/{rel}","templated":true}]}}