{"id":287,"date":"2022-05-17T13:55:32","date_gmt":"2022-05-17T17:55:32","guid":{"rendered":"http:\/\/www.cadexinc.com\/?page_id=287"},"modified":"2026-03-19T11:07:13","modified_gmt":"2026-03-19T15:07:13","slug":"oculaire-embue","status":"publish","type":"page","link":"https:\/\/www.cadexinc.com\/fr\/equipement\/machines\/machines-optiques\/oculaire-embue\/","title":{"rendered":"Syst\u00e8me de contr\u00f4le de la bu\u00e9e optique"},"content":{"rendered":"<div data-elementor-type=\"wp-page\" data-elementor-id=\"287\" class=\"elementor elementor-287\">\n\t\t\t\t<div class=\"elementor-element elementor-element-73e365c9 elementor-hidden-desktop elementor-hidden-tablet e-flex e-con-boxed e-con e-parent\" data-id=\"73e365c9\" data-element_type=\"container\">\n\t\t\t\t\t<div class=\"e-con-inner\">\n\t\t<div class=\"elementor-element elementor-element-f5a57b6 e-con-full e-flex e-con e-child\" data-id=\"f5a57b6\" data-element_type=\"container\">\n\t\t\t\t<div class=\"elementor-element elementor-element-e343beb elementor-widget elementor-widget-image\" data-id=\"e343beb\" data-element_type=\"widget\" data-widget_type=\"image.default\">\n\t\t\t\t<div class=\"elementor-widget-container\">\n\t\t\t\t\t\t\t\t\t\t\t\t\t\t\t<img fetchpriority=\"high\" decoding=\"async\" width=\"629\" height=\"1024\" src=\"https:\/\/www.cadexinc.com\/wp-content\/uploads\/2025\/05\/37-main-629x1024.png\" class=\"attachment-large size-large wp-image-18594\" alt=\"\" srcset=\"https:\/\/www.cadexinc.com\/wp-content\/uploads\/2025\/05\/37-main-629x1024.png 629w, https:\/\/www.cadexinc.com\/wp-content\/uploads\/2025\/05\/37-main-184x300.png 184w, https:\/\/www.cadexinc.com\/wp-content\/uploads\/2025\/05\/37-main-768x1251.png 768w, https:\/\/www.cadexinc.com\/wp-content\/uploads\/2025\/05\/37-main-943x1536.png 943w, https:\/\/www.cadexinc.com\/wp-content\/uploads\/2025\/05\/37-main-7x12.png 7w, https:\/\/www.cadexinc.com\/wp-content\/uploads\/2025\/05\/37-main-416x678.png 416w, https:\/\/www.cadexinc.com\/wp-content\/uploads\/2025\/05\/37-main.png 1228w\" sizes=\"(max-width: 629px) 100vw, 629px\" \/>\t\t\t\t\t\t\t\t\t\t\t\t\t\t\t<\/div>\n\t\t\t\t<\/div>\n\t\t\t\t<\/div>\n\t\t\t\t\t<\/div>\n\t\t\t\t<\/div>\n\t\t<div class=\"elementor-element elementor-element-73ee45a e-flex e-con-boxed e-con e-parent\" data-id=\"73ee45a\" data-element_type=\"container\">\n\t\t\t\t\t<div class=\"e-con-inner\">\n\t\t<div class=\"elementor-element elementor-element-54b6ef1 e-con-full e-flex e-con e-child\" data-id=\"54b6ef1\" data-element_type=\"container\">\n\t\t<div class=\"elementor-element elementor-element-d89721f e-con-full equipment-main-right-block e-flex e-con e-child\" data-id=\"d89721f\" data-element_type=\"container\">\n\t\t<div class=\"elementor-element elementor-element-3b8f4d6 e-con-full e-flex e-con e-child\" data-id=\"3b8f4d6\" data-element_type=\"container\">\n\t\t\t\t<div class=\"elementor-element elementor-element-56f7ed6 elementor-widget elementor-widget-text-editor\" data-id=\"56f7ed6\" data-element_type=\"widget\" data-widget_type=\"text-editor.default\">\n\t\t\t\t<div class=\"elementor-widget-container\">\n\t\t\t\t\t\t\t\t\t<p class=\"cdx-title cdx-text-align-justify\">Le syst\u00e8me de pr\u00e9vention de la bu\u00e9e optique Cadex est con\u00e7u et fabriqu\u00e9 pour tester la r\u00e9sistance \u00e0 la condensation des visi\u00e8res, lunettes et protections oculaires conform\u00e9ment aux normes EN 168, ECE R22 et autres.\t\t\t\t\t\t\t\t<\/div>\n\t\t\t\t<\/div>\n\t\t\t\t<div class=\"elementor-element elementor-element-aba9358 equipment-sub-titles elementor-widget elementor-widget-heading\" data-id=\"aba9358\" data-element_type=\"widget\" data-widget_type=\"heading.default\">\n\t\t\t\t<div class=\"elementor-widget-container\">\n\t\t\t\t\t<h6 class=\"elementor-heading-title elementor-size-default\">DIMENSIONS (APPROX.) :<\/h6>\t\t\t\t<\/div>\n\t\t\t\t<\/div>\n\t\t\t\t<div class=\"elementor-element elementor-element-404ecb7 elementor-widget elementor-widget-text-editor\" data-id=\"404ecb7\" data-element_type=\"widget\" data-widget_type=\"text-editor.default\">\n\t\t\t\t<div class=\"elementor-widget-container\">\n\t\t\t\t\t\t\t\t\t<ul class=\"special-list\">\n<li>Longueur : 46,35 cm \/ 18,25 in<\/li>\n<li>Width:\u00a0 \u00a061.93 cm \/ 24.38 in<\/li>\n<li>Height:\u00a0 186.05 cm \/ 73.25 in (with table)<\/li>\n<\/ul>\t\t\t\t\t\t\t\t<\/div>\n\t\t\t\t<\/div>\n\t\t\t\t<div class=\"elementor-element elementor-element-4042995 equipment-sub-titles elementor-widget elementor-widget-heading\" data-id=\"4042995\" data-element_type=\"widget\" data-widget_type=\"heading.default\">\n\t\t\t\t<div class=\"elementor-widget-container\">\n\t\t\t\t\t<h6 class=\"elementor-heading-title elementor-size-default\">EXIGENCES\u202f:<\/h6>\t\t\t\t<\/div>\n\t\t\t\t<\/div>\n\t\t\t\t<div class=\"elementor-element elementor-element-8ba8973 elementor-widget elementor-widget-text-editor\" data-id=\"8ba8973\" data-element_type=\"widget\" data-widget_type=\"text-editor.default\">\n\t\t\t\t<div class=\"elementor-widget-container\">\n\t\t\t\t\t\t\t\t\t<ul class=\"special-list\">\n<li>Power: 110v\/220v &#8211; 50\/60 Hz (to be uses with distilled water)<\/li>\n<\/ul>\t\t\t\t\t\t\t\t<\/div>\n\t\t\t\t<\/div>\n\t\t\t\t<div class=\"elementor-element elementor-element-ff24e3d equipment-sub-titles elementor-widget elementor-widget-heading\" data-id=\"ff24e3d\" data-element_type=\"widget\" data-widget_type=\"heading.default\">\n\t\t\t\t<div class=\"elementor-widget-container\">\n\t\t\t\t\t<h6 class=\"elementor-heading-title elementor-size-default\">CARACT\u00c9RISTIQUES\u202f:<\/h6>\t\t\t\t<\/div>\n\t\t\t\t<\/div>\n\t\t\t\t<div class=\"elementor-element elementor-element-4fc4b09 elementor-widget elementor-widget-text-editor\" data-id=\"4fc4b09\" data-element_type=\"widget\" data-widget_type=\"text-editor.default\">\n\t\t\t\t<div class=\"elementor-widget-container\">\n\t\t\t\t\t\t\t\t\t<ul class=\"special-list\">\n<li>Protected mirror to prevent water condensation on it&#8217;s surface<\/li>\n<li>Built in touchscreen to operate the machine<\/li>\n<li>Laser \u00e0 semi-conducteurs avec extenseur de faisceau parall\u00e8le de 10 mm<\/li>\n<li>Efficient heating system<\/li>\n<li>Fonctionnement enti\u00e8rement automatique du cycle<\/li>\n<\/ul>\n<p style=\"font-size: 12px !important; font-style: italic; color: red;\">*Kit de v\u00e9rification disponible pour cet \u00e9quipement (vendu s\u00e9par\u00e9ment)<\/p>\t\t\t\t\t\t\t\t<\/div>\n\t\t\t\t<\/div>\n\t\t\t\t<\/div>\n\t\t<div class=\"elementor-element elementor-element-7e374ee e-con-full e-grid equipment-page-multi-image-box e-con e-child\" data-id=\"7e374ee\" data-element_type=\"container\">\n\t\t<div class=\"elementor-element elementor-element-ecfeabb e-grid e-con-full equipment-images-left-block e-con e-child\" data-id=\"ecfeabb\" data-element_type=\"container\">\n\t\t\t\t<div class=\"elementor-element elementor-element-15fa950 elementor-widget elementor-widget-image\" data-id=\"15fa950\" data-element_type=\"widget\" data-widget_type=\"image.default\">\n\t\t\t\t<div class=\"elementor-widget-container\">\n\t\t\t\t\t\t\t\t\t\t\t\t<figure class=\"wp-caption\">\n\t\t\t\t\t\t\t\t\t\t<img decoding=\"async\" width=\"980\" height=\"537\" src=\"https:\/\/www.cadexinc.com\/wp-content\/uploads\/2025\/05\/37-pic1.jpg\" class=\"attachment-large size-large wp-image-18595\" alt=\"\" srcset=\"https:\/\/www.cadexinc.com\/wp-content\/uploads\/2025\/05\/37-pic1.jpg 1000w, https:\/\/www.cadexinc.com\/wp-content\/uploads\/2025\/05\/37-pic1-300x164.jpg 300w, https:\/\/www.cadexinc.com\/wp-content\/uploads\/2025\/05\/37-pic1-768x421.jpg 768w, https:\/\/www.cadexinc.com\/wp-content\/uploads\/2025\/05\/37-pic1-18x10.jpg 18w, https:\/\/www.cadexinc.com\/wp-content\/uploads\/2025\/05\/37-pic1-416x228.jpg 416w\" sizes=\"(max-width: 980px) 100vw, 980px\" \/>\t\t\t\t\t\t\t\t\t\t\t<figcaption class=\"widget-image-caption wp-caption-text\">Support de maintien pour lentille<\/figcaption>\n\t\t\t\t\t\t\t\t\t\t<\/figure>\n\t\t\t\t\t\t\t\t\t<\/div>\n\t\t\t\t<\/div>\n\t\t\t\t<\/div>\n\t\t<div class=\"elementor-element elementor-element-9b7a409 e-grid e-con-full e-con e-child\" data-id=\"9b7a409\" data-element_type=\"container\">\n\t\t\t\t<\/div>\n\t\t\t\t<\/div>\n\t\t\t\t<\/div>\n\t\t\t\t<\/div>\n\t\t<div class=\"elementor-element elementor-element-4111251 e-con-full e-flex e-con e-child\" data-id=\"4111251\" data-element_type=\"container\">\n\t\t\t\t<div class=\"elementor-element elementor-element-bb9add5 elementor-hidden-mobile elementor-widget elementor-widget-image\" data-id=\"bb9add5\" data-element_type=\"widget\" data-widget_type=\"image.default\">\n\t\t\t\t<div class=\"elementor-widget-container\">\n\t\t\t\t\t\t\t\t\t\t\t\t\t\t\t<img fetchpriority=\"high\" decoding=\"async\" width=\"629\" height=\"1024\" src=\"https:\/\/www.cadexinc.com\/wp-content\/uploads\/2025\/05\/37-main-629x1024.png\" class=\"attachment-large size-large wp-image-18594\" alt=\"\" srcset=\"https:\/\/www.cadexinc.com\/wp-content\/uploads\/2025\/05\/37-main-629x1024.png 629w, https:\/\/www.cadexinc.com\/wp-content\/uploads\/2025\/05\/37-main-184x300.png 184w, https:\/\/www.cadexinc.com\/wp-content\/uploads\/2025\/05\/37-main-768x1251.png 768w, https:\/\/www.cadexinc.com\/wp-content\/uploads\/2025\/05\/37-main-943x1536.png 943w, https:\/\/www.cadexinc.com\/wp-content\/uploads\/2025\/05\/37-main-7x12.png 7w, https:\/\/www.cadexinc.com\/wp-content\/uploads\/2025\/05\/37-main-416x678.png 416w, https:\/\/www.cadexinc.com\/wp-content\/uploads\/2025\/05\/37-main.png 1228w\" sizes=\"(max-width: 629px) 100vw, 629px\" \/>\t\t\t\t\t\t\t\t\t\t\t\t\t\t\t<\/div>\n\t\t\t\t<\/div>\n\t\t\t\t<\/div>\n\t\t\t\t\t<\/div>\n\t\t\t\t<\/div>\n\t\t\t\t<\/div>","protected":false},"excerpt":{"rendered":"<p>The Cadex optical fogging system is designed and manufactured to test the resistance to condensation of oculars visor and protective lenses according to EN 168, ECE R22 and other standards. DIMENSIONS (APPROX.): Length: 46.35 cm \/ 18.25 in Width:\u00a0 \u00a061.93 cm \/ 24.38 in Height:\u00a0 186.05 cm \/ 73.25 in (with table) REQUIREMENTS: Power: 110v\/220v [&hellip;]<\/p>","protected":false},"author":5,"featured_media":0,"parent":3201,"menu_order":0,"comment_status":"closed","ping_status":"closed","template":"","meta":{"footnotes":""},"categories":[45],"class_list":["post-287","page","type-page","status-publish","hentry","category-optical-machines"],"_links":{"self":[{"href":"https:\/\/www.cadexinc.com\/fr\/wp-json\/wp\/v2\/pages\/287","targetHints":{"allow":["GET"]}}],"collection":[{"href":"https:\/\/www.cadexinc.com\/fr\/wp-json\/wp\/v2\/pages"}],"about":[{"href":"https:\/\/www.cadexinc.com\/fr\/wp-json\/wp\/v2\/types\/page"}],"author":[{"embeddable":true,"href":"https:\/\/www.cadexinc.com\/fr\/wp-json\/wp\/v2\/users\/5"}],"replies":[{"embeddable":true,"href":"https:\/\/www.cadexinc.com\/fr\/wp-json\/wp\/v2\/comments?post=287"}],"version-history":[{"count":57,"href":"https:\/\/www.cadexinc.com\/fr\/wp-json\/wp\/v2\/pages\/287\/revisions"}],"predecessor-version":[{"id":21100,"href":"https:\/\/www.cadexinc.com\/fr\/wp-json\/wp\/v2\/pages\/287\/revisions\/21100"}],"up":[{"embeddable":true,"href":"https:\/\/www.cadexinc.com\/fr\/wp-json\/wp\/v2\/pages\/3201"}],"wp:attachment":[{"href":"https:\/\/www.cadexinc.com\/fr\/wp-json\/wp\/v2\/media?parent=287"}],"wp:term":[{"taxonomy":"category","embeddable":true,"href":"https:\/\/www.cadexinc.com\/fr\/wp-json\/wp\/v2\/categories?post=287"}],"curies":[{"name":"wp","href":"https:\/\/api.w.org\/{rel}","templated":true}]}}