{"id":285,"date":"2022-05-17T13:55:10","date_gmt":"2022-05-17T17:55:10","guid":{"rendered":"http:\/\/www.cadexinc.com\/?page_id=285"},"modified":"2026-03-19T11:39:27","modified_gmt":"2026-03-19T15:39:27","slug":"machine-a-abraser-le-sable","status":"publish","type":"page","link":"https:\/\/www.cadexinc.com\/fr\/equipement\/machines\/machines-optiques\/machine-a-abraser-le-sable\/","title":{"rendered":"Machine d\u2019abrasion par sable"},"content":{"rendered":"<div data-elementor-type=\"wp-page\" data-elementor-id=\"285\" class=\"elementor elementor-285\">\n\t\t\t\t<div class=\"elementor-element elementor-element-4ac6edf elementor-hidden-desktop elementor-hidden-tablet e-flex e-con-boxed e-con e-parent\" data-id=\"4ac6edf\" data-element_type=\"container\">\n\t\t\t\t\t<div class=\"e-con-inner\">\n\t\t\t\t<div class=\"elementor-element elementor-element-c62642d elementor-widget__width-initial elementor-widget elementor-widget-image\" data-id=\"c62642d\" data-element_type=\"widget\" data-widget_type=\"image.default\">\n\t\t\t\t<div class=\"elementor-widget-container\">\n\t\t\t\t\t\t\t\t\t\t\t\t\t\t\t<img fetchpriority=\"high\" decoding=\"async\" width=\"364\" height=\"1024\" src=\"https:\/\/www.cadexinc.com\/wp-content\/uploads\/2023\/06\/sand-abrader-machine-new-364x1024.webp\" class=\"attachment-large size-large wp-image-10920\" alt=\"\" srcset=\"https:\/\/www.cadexinc.com\/wp-content\/uploads\/2023\/06\/sand-abrader-machine-new-364x1024.webp 364w, https:\/\/www.cadexinc.com\/wp-content\/uploads\/2023\/06\/sand-abrader-machine-new-107x300.webp 107w, https:\/\/www.cadexinc.com\/wp-content\/uploads\/2023\/06\/sand-abrader-machine-new-546x1536.webp 546w, https:\/\/www.cadexinc.com\/wp-content\/uploads\/2023\/06\/sand-abrader-machine-new-416x1170.webp 416w, https:\/\/www.cadexinc.com\/wp-content\/uploads\/2023\/06\/sand-abrader-machine-new.webp 711w\" sizes=\"(max-width: 364px) 100vw, 364px\" \/>\t\t\t\t\t\t\t\t\t\t\t\t\t\t\t<\/div>\n\t\t\t\t<\/div>\n\t\t\t\t\t<\/div>\n\t\t\t\t<\/div>\n\t\t<div class=\"elementor-element elementor-element-b7f5948 e-flex e-con-boxed e-con e-parent\" data-id=\"b7f5948\" data-element_type=\"container\">\n\t\t\t\t\t<div class=\"e-con-inner\">\n\t\t<div class=\"elementor-element elementor-element-c13463e e-con-full e-flex e-con e-child\" data-id=\"c13463e\" data-element_type=\"container\">\n\t\t<div class=\"elementor-element elementor-element-7e3b719 e-con-full e-flex e-con e-child\" data-id=\"7e3b719\" data-element_type=\"container\">\n\t\t<div class=\"elementor-element elementor-element-6af1e3a e-con-full equipment-main-right-block e-flex e-con e-child\" data-id=\"6af1e3a\" data-element_type=\"container\">\n\t\t<div class=\"elementor-element elementor-element-eba597f e-con-full e-flex e-con e-child\" data-id=\"eba597f\" data-element_type=\"container\">\n\t\t\t\t<div class=\"elementor-element elementor-element-dc9c96b elementor-widget elementor-widget-text-editor\" data-id=\"dc9c96b\" data-element_type=\"widget\" data-widget_type=\"text-editor.default\">\n\t\t\t\t<div class=\"elementor-widget-container\">\n\t\t\t\t\t\t\t\t\t<p class=\"cdx-title cdx-text-align-justify\">La machine d\u2019abrasion par tube de sable Cadex est con\u00e7ue et fabriqu\u00e9e pour tester la r\u00e9sistance aux rayures des lentilles conform\u00e9ment \u00e0 la norme ECE 22 et \u00e0 d\u2019autres normes.<\/p>\t\t\t\t\t\t\t\t<\/div>\n\t\t\t\t<\/div>\n\t\t\t\t<div class=\"elementor-element elementor-element-160d9e4 equipment-sub-titles elementor-widget elementor-widget-heading\" data-id=\"160d9e4\" data-element_type=\"widget\" data-widget_type=\"heading.default\">\n\t\t\t\t<div class=\"elementor-widget-container\">\n\t\t\t\t\t<h6 class=\"elementor-heading-title elementor-size-default\">DIMENSIONS (APPROX.) :<\/h6>\t\t\t\t<\/div>\n\t\t\t\t<\/div>\n\t\t\t\t<div class=\"elementor-element elementor-element-0409959 elementor-widget elementor-widget-text-editor\" data-id=\"0409959\" data-element_type=\"widget\" data-widget_type=\"text-editor.default\">\n\t\t\t\t<div class=\"elementor-widget-container\">\n\t\t\t\t\t\t\t\t\t<ul class=\"special-list\">\n<li>Longueur : 58,42 cm \/ 23 in<\/li>\n<li>Width:\u00a0 \u00a048.59 cm \/ 19.13 in<\/li>\n<li>Height:\u00a0 228.6 cm \/ 90 in<\/li>\n<\/ul>\t\t\t\t\t\t\t\t<\/div>\n\t\t\t\t<\/div>\n\t\t\t\t<div class=\"elementor-element elementor-element-2599383 equipment-sub-titles elementor-widget elementor-widget-heading\" data-id=\"2599383\" data-element_type=\"widget\" data-widget_type=\"heading.default\">\n\t\t\t\t<div class=\"elementor-widget-container\">\n\t\t\t\t\t<h6 class=\"elementor-heading-title elementor-size-default\">CARACT\u00c9RISTIQUES\u202f:<\/h6>\t\t\t\t<\/div>\n\t\t\t\t<\/div>\n\t\t\t\t<div class=\"elementor-element elementor-element-ba1db96 elementor-widget elementor-widget-text-editor\" data-id=\"ba1db96\" data-element_type=\"widget\" data-widget_type=\"text-editor.default\">\n\t\t\t\t<div class=\"elementor-widget-container\">\n\t\t\t\t\t\t\t\t\t<ul class=\"special-list\">\n<li>La base peut contenir plus de 3 kg de sable<\/li>\n<li>Diam\u00e8tre interne du tube : 120 mm<\/li>\n<li>Tamis de maillage 1,6 mm<\/li>\n<li>Sample rotating base (\u00f8 700 mm) with 45\u00b0 angle axis to the falling sand direction<\/li>\n<\/ul>\n<p class=\"fs-7 fst-italic text-danger cdx-notation\">*Sable non inclus<\/p>\t\t\t\t\t\t\t\t<\/div>\n\t\t\t\t<\/div>\n\t\t\t\t<\/div>\n\t\t<div class=\"elementor-element elementor-element-23a5d17 e-con-full e-grid equipment-page-multi-image-box e-con e-child\" data-id=\"23a5d17\" data-element_type=\"container\">\n\t\t\t\t<div class=\"elementor-element elementor-element-73c6c9d elementor-widget elementor-widget-image\" data-id=\"73c6c9d\" data-element_type=\"widget\" data-widget_type=\"image.default\">\n\t\t\t\t<div class=\"elementor-widget-container\">\n\t\t\t\t\t\t\t\t\t\t\t\t<figure class=\"wp-caption\">\n\t\t\t\t\t\t\t\t\t\t<img decoding=\"async\" width=\"691\" height=\"478\" src=\"https:\/\/www.cadexinc.com\/wp-content\/uploads\/2023\/06\/Sand_Abrader_Machine_Rotating_base.webp\" class=\"attachment-large size-large wp-image-10911\" alt=\"\" srcset=\"https:\/\/www.cadexinc.com\/wp-content\/uploads\/2023\/06\/Sand_Abrader_Machine_Rotating_base.webp 691w, https:\/\/www.cadexinc.com\/wp-content\/uploads\/2023\/06\/Sand_Abrader_Machine_Rotating_base-300x208.webp 300w, https:\/\/www.cadexinc.com\/wp-content\/uploads\/2023\/06\/Sand_Abrader_Machine_Rotating_base-416x288.webp 416w\" sizes=\"(max-width: 691px) 100vw, 691px\" \/>\t\t\t\t\t\t\t\t\t\t\t<figcaption class=\"widget-image-caption wp-caption-text\">Support rotatif pour \u00e9chantillons.<\/figcaption>\n\t\t\t\t\t\t\t\t\t\t<\/figure>\n\t\t\t\t\t\t\t\t\t<\/div>\n\t\t\t\t<\/div>\n\t\t\t\t<div class=\"elementor-element elementor-element-321c023 elementor-widget elementor-widget-image\" data-id=\"321c023\" data-element_type=\"widget\" data-widget_type=\"image.default\">\n\t\t\t\t<div class=\"elementor-widget-container\">\n\t\t\t\t\t\t\t\t\t\t\t\t<figure class=\"wp-caption\">\n\t\t\t\t\t\t\t\t\t\t<img decoding=\"async\" width=\"435\" height=\"354\" src=\"https:\/\/www.cadexinc.com\/wp-content\/uploads\/2023\/06\/Sand_Abrader_Machine_sift.webp\" class=\"attachment-large size-large wp-image-10917\" alt=\"\" srcset=\"https:\/\/www.cadexinc.com\/wp-content\/uploads\/2023\/06\/Sand_Abrader_Machine_sift.webp 435w, https:\/\/www.cadexinc.com\/wp-content\/uploads\/2023\/06\/Sand_Abrader_Machine_sift-300x244.webp 300w, https:\/\/www.cadexinc.com\/wp-content\/uploads\/2023\/06\/Sand_Abrader_Machine_sift-416x339.webp 416w\" sizes=\"(max-width: 435px) 100vw, 435px\" \/>\t\t\t\t\t\t\t\t\t\t\t<figcaption class=\"widget-image-caption wp-caption-text\">Tamis de maillage 1,6 mm<\/figcaption>\n\t\t\t\t\t\t\t\t\t\t<\/figure>\n\t\t\t\t\t\t\t\t\t<\/div>\n\t\t\t\t<\/div>\n\t\t\t\t<\/div>\n\t\t<div class=\"elementor-element elementor-element-5ba8846 e-con-full e-grid equipment-page-multi-image-box e-con e-child\" data-id=\"5ba8846\" data-element_type=\"container\">\n\t\t\t\t<div class=\"elementor-element elementor-element-3edf513 elementor-widget elementor-widget-image\" data-id=\"3edf513\" data-element_type=\"widget\" data-widget_type=\"image.default\">\n\t\t\t\t<div class=\"elementor-widget-container\">\n\t\t\t\t\t\t\t\t\t\t\t\t<figure class=\"wp-caption\">\n\t\t\t\t\t\t\t\t\t\t<img loading=\"lazy\" decoding=\"async\" width=\"980\" height=\"537\" src=\"https:\/\/www.cadexinc.com\/wp-content\/uploads\/2023\/06\/Sand_Abrader_Machine_Rotating_the_container.webp\" class=\"attachment-large size-large wp-image-10914\" alt=\"\" srcset=\"https:\/\/www.cadexinc.com\/wp-content\/uploads\/2023\/06\/Sand_Abrader_Machine_Rotating_the_container.webp 982w, https:\/\/www.cadexinc.com\/wp-content\/uploads\/2023\/06\/Sand_Abrader_Machine_Rotating_the_container-300x164.webp 300w, https:\/\/www.cadexinc.com\/wp-content\/uploads\/2023\/06\/Sand_Abrader_Machine_Rotating_the_container-768x421.webp 768w, https:\/\/www.cadexinc.com\/wp-content\/uploads\/2023\/06\/Sand_Abrader_Machine_Rotating_the_container-416x228.webp 416w\" sizes=\"(max-width: 980px) 100vw, 980px\" \/>\t\t\t\t\t\t\t\t\t\t\t<figcaption class=\"widget-image-caption wp-caption-text\">Contenant facilement accessible<\/figcaption>\n\t\t\t\t\t\t\t\t\t\t<\/figure>\n\t\t\t\t\t\t\t\t\t<\/div>\n\t\t\t\t<\/div>\n\t\t\t\t<\/div>\n\t\t\t\t<\/div>\n\t\t\t\t<\/div>\n\t\t<div class=\"elementor-element elementor-element-d9033b1 e-con-full e-flex e-con e-child\" data-id=\"d9033b1\" data-element_type=\"container\">\n\t\t\t\t<div class=\"elementor-element elementor-element-d02924d elementor-hidden-mobile elementor-widget__width-initial elementor-widget elementor-widget-image\" data-id=\"d02924d\" data-element_type=\"widget\" data-widget_type=\"image.default\">\n\t\t\t\t<div class=\"elementor-widget-container\">\n\t\t\t\t\t\t\t\t\t\t\t\t\t\t\t<img fetchpriority=\"high\" decoding=\"async\" width=\"364\" height=\"1024\" src=\"https:\/\/www.cadexinc.com\/wp-content\/uploads\/2023\/06\/sand-abrader-machine-new-364x1024.webp\" class=\"attachment-large size-large wp-image-10920\" alt=\"\" srcset=\"https:\/\/www.cadexinc.com\/wp-content\/uploads\/2023\/06\/sand-abrader-machine-new-364x1024.webp 364w, https:\/\/www.cadexinc.com\/wp-content\/uploads\/2023\/06\/sand-abrader-machine-new-107x300.webp 107w, https:\/\/www.cadexinc.com\/wp-content\/uploads\/2023\/06\/sand-abrader-machine-new-546x1536.webp 546w, https:\/\/www.cadexinc.com\/wp-content\/uploads\/2023\/06\/sand-abrader-machine-new-416x1170.webp 416w, https:\/\/www.cadexinc.com\/wp-content\/uploads\/2023\/06\/sand-abrader-machine-new.webp 711w\" sizes=\"(max-width: 364px) 100vw, 364px\" \/>\t\t\t\t\t\t\t\t\t\t\t\t\t\t\t<\/div>\n\t\t\t\t<\/div>\n\t\t\t\t<\/div>\n\t\t\t\t<\/div>\n\t\t\t\t\t<\/div>\n\t\t\t\t<\/div>\n\t\t\t\t<\/div>","protected":false},"excerpt":{"rendered":"<p>The Cadex sand abrader tube machine is designed and manufactured to test for lenses scratch resistance in accordance with ECE 22 and other standards. DIMENSIONS (APPROX.): Length: 58.42 cm \/ 23 in Width:\u00a0 \u00a048.59 cm \/ 19.13 in Height:\u00a0 228.6 cm \/ 90 in FEATURES: Base can contain over 3 kg of sand Internal tube\u2019s [&hellip;]<\/p>","protected":false},"author":5,"featured_media":10920,"parent":3201,"menu_order":0,"comment_status":"closed","ping_status":"closed","template":"","meta":{"footnotes":""},"categories":[45],"class_list":["post-285","page","type-page","status-publish","has-post-thumbnail","hentry","category-optical-machines"],"_links":{"self":[{"href":"https:\/\/www.cadexinc.com\/fr\/wp-json\/wp\/v2\/pages\/285","targetHints":{"allow":["GET"]}}],"collection":[{"href":"https:\/\/www.cadexinc.com\/fr\/wp-json\/wp\/v2\/pages"}],"about":[{"href":"https:\/\/www.cadexinc.com\/fr\/wp-json\/wp\/v2\/types\/page"}],"author":[{"embeddable":true,"href":"https:\/\/www.cadexinc.com\/fr\/wp-json\/wp\/v2\/users\/5"}],"replies":[{"embeddable":true,"href":"https:\/\/www.cadexinc.com\/fr\/wp-json\/wp\/v2\/comments?post=285"}],"version-history":[{"count":71,"href":"https:\/\/www.cadexinc.com\/fr\/wp-json\/wp\/v2\/pages\/285\/revisions"}],"predecessor-version":[{"id":21103,"href":"https:\/\/www.cadexinc.com\/fr\/wp-json\/wp\/v2\/pages\/285\/revisions\/21103"}],"up":[{"embeddable":true,"href":"https:\/\/www.cadexinc.com\/fr\/wp-json\/wp\/v2\/pages\/3201"}],"wp:featuredmedia":[{"embeddable":true,"href":"https:\/\/www.cadexinc.com\/fr\/wp-json\/wp\/v2\/media\/10920"}],"wp:attachment":[{"href":"https:\/\/www.cadexinc.com\/fr\/wp-json\/wp\/v2\/media?parent=285"}],"wp:term":[{"taxonomy":"category","embeddable":true,"href":"https:\/\/www.cadexinc.com\/fr\/wp-json\/wp\/v2\/categories?post=285"}],"curies":[{"name":"wp","href":"https:\/\/api.w.org\/{rel}","templated":true}]}}