{"id":283,"date":"2022-05-17T13:54:43","date_gmt":"2022-05-17T17:54:43","guid":{"rendered":"http:\/\/www.cadexinc.com\/?page_id=283"},"modified":"2026-03-19T09:16:28","modified_gmt":"2026-03-19T13:16:28","slug":"goniometre","status":"publish","type":"page","link":"https:\/\/www.cadexinc.com\/fr\/equipement\/machines\/machines-optiques\/goniometre\/","title":{"rendered":"Goniom\u00e8tre"},"content":{"rendered":"<div data-elementor-type=\"wp-page\" data-elementor-id=\"283\" class=\"elementor elementor-283\">\n\t\t\t\t<div class=\"elementor-element elementor-element-1a729942 elementor-hidden-desktop elementor-hidden-tablet e-flex e-con-boxed e-con e-parent\" data-id=\"1a729942\" data-element_type=\"container\">\n\t\t\t\t\t<div class=\"e-con-inner\">\n\t\t\t\t<div class=\"elementor-element elementor-element-9843cb5 elementor-widget elementor-widget-image\" data-id=\"9843cb5\" data-element_type=\"widget\" data-widget_type=\"image.default\">\n\t\t\t\t<div class=\"elementor-widget-container\">\n\t\t\t\t\t\t\t\t\t\t\t\t\t\t\t<img fetchpriority=\"high\" decoding=\"async\" width=\"980\" height=\"757\" src=\"https:\/\/www.cadexinc.com\/wp-content\/uploads\/2023\/06\/Goniometer_main-1024x791.webp\" class=\"attachment-large size-large wp-image-11030\" alt=\"\" srcset=\"https:\/\/www.cadexinc.com\/wp-content\/uploads\/2023\/06\/Goniometer_main-1024x791.webp 1024w, https:\/\/www.cadexinc.com\/wp-content\/uploads\/2023\/06\/Goniometer_main-300x232.webp 300w, https:\/\/www.cadexinc.com\/wp-content\/uploads\/2023\/06\/Goniometer_main-768x593.webp 768w, https:\/\/www.cadexinc.com\/wp-content\/uploads\/2023\/06\/Goniometer_main-416x321.webp 416w, https:\/\/www.cadexinc.com\/wp-content\/uploads\/2023\/06\/Goniometer_main.webp 1536w\" sizes=\"(max-width: 980px) 100vw, 980px\" \/>\t\t\t\t\t\t\t\t\t\t\t\t\t\t\t<\/div>\n\t\t\t\t<\/div>\n\t\t\t\t\t<\/div>\n\t\t\t\t<\/div>\n\t\t<div class=\"elementor-element elementor-element-fe6ad5e e-flex e-con-boxed e-con e-parent\" data-id=\"fe6ad5e\" data-element_type=\"container\">\n\t\t\t\t\t<div class=\"e-con-inner\">\n\t\t<div class=\"elementor-element elementor-element-dd4c4f7 e-con-full e-flex e-con e-child\" data-id=\"dd4c4f7\" data-element_type=\"container\">\n\t\t<div class=\"elementor-element elementor-element-c0da13d e-con-full e-flex e-con e-child\" data-id=\"c0da13d\" data-element_type=\"container\">\n\t\t<div class=\"elementor-element elementor-element-d75f0b9 e-con-full equipment-main-right-block e-flex e-con e-child\" data-id=\"d75f0b9\" data-element_type=\"container\">\n\t\t<div class=\"elementor-element elementor-element-cbf8bbb e-con-full e-flex e-con e-child\" data-id=\"cbf8bbb\" data-element_type=\"container\">\n\t\t\t\t<div class=\"elementor-element elementor-element-ee3d4be elementor-widget elementor-widget-text-editor\" data-id=\"ee3d4be\" data-element_type=\"widget\" data-widget_type=\"text-editor.default\">\n\t\t\t\t<div class=\"elementor-widget-container\">\n\t\t\t\t\t\t\t\t\t<p class=\"cdx-title cdx-text-align-justify\">Le goniom\u00e8tre Cadex est con\u00e7u et fabriqu\u00e9 pour d\u00e9terminer la surface de couverture des visi\u00e8res et le champ de vision conform\u00e9ment aux normes EN 168, EN 174 et autres standards.<\/p>\t\t\t\t\t\t\t\t<\/div>\n\t\t\t\t<\/div>\n\t\t\t\t<div class=\"elementor-element elementor-element-9979f77 equipment-sub-titles elementor-widget elementor-widget-heading\" data-id=\"9979f77\" data-element_type=\"widget\" data-widget_type=\"heading.default\">\n\t\t\t\t<div class=\"elementor-widget-container\">\n\t\t\t\t\t<h6 class=\"elementor-heading-title elementor-size-default\">DIMENSIONS (APPROX.) :<\/h6>\t\t\t\t<\/div>\n\t\t\t\t<\/div>\n\t\t\t\t<div class=\"elementor-element elementor-element-e5e3519 elementor-widget elementor-widget-text-editor\" data-id=\"e5e3519\" data-element_type=\"widget\" data-widget_type=\"text-editor.default\">\n\t\t\t\t<div class=\"elementor-widget-container\">\n\t\t\t\t\t\t\t\t\t<ul class=\"special-list\">\n<li>Longueur : 107.01 cm \/ 42.13 in<\/li>\n<li>Width:\u00a0 \u00a098.43 cm \/ 38.75 in<\/li>\n<li>Height:\u00a0 60.33 cm \/ 23.75 in<\/li>\n<\/ul>\t\t\t\t\t\t\t\t<\/div>\n\t\t\t\t<\/div>\n\t\t\t\t<div class=\"elementor-element elementor-element-1ce4a43 equipment-sub-titles elementor-widget elementor-widget-heading\" data-id=\"1ce4a43\" data-element_type=\"widget\" data-widget_type=\"heading.default\">\n\t\t\t\t<div class=\"elementor-widget-container\">\n\t\t\t\t\t<h6 class=\"elementor-heading-title elementor-size-default\">CARACT\u00c9RISTIQUES\u202f:<\/h6>\t\t\t\t<\/div>\n\t\t\t\t<\/div>\n\t\t\t\t<div class=\"elementor-element elementor-element-5128735 elementor-widget elementor-widget-text-editor\" data-id=\"5128735\" data-element_type=\"widget\" data-widget_type=\"text-editor.default\">\n\t\t\t\t<div class=\"elementor-widget-container\">\n\t\t\t\t\t\t\t\t\t<ul class=\"special-list\">\n<li>Rotation horizontale de la hache au niveau des yeux<\/li>\n<li>Rotation verticale de la hache au niveau des yeux<\/li>\n<li>Laser inclus<\/li>\n<\/ul>\n<p class=\"fst-italic mt-4 fs-7 text-danger cdx-notation\">*Forme de t\u00eate EN 168 et forme de JIG Ellipse EN 168 - EN 174 non incluses et vendues s\u00e9par\u00e9ment<\/p>\t\t\t\t\t\t\t\t<\/div>\n\t\t\t\t<\/div>\n\t\t\t\t<\/div>\n\t\t\t\t<\/div>\n\t\t\t\t<\/div>\n\t\t<div class=\"elementor-element elementor-element-67297e5 e-con-full e-flex e-con e-child\" data-id=\"67297e5\" data-element_type=\"container\">\n\t\t\t\t<div class=\"elementor-element elementor-element-8fde9b9 elementor-hidden-mobile elementor-widget elementor-widget-image\" data-id=\"8fde9b9\" data-element_type=\"widget\" data-widget_type=\"image.default\">\n\t\t\t\t<div class=\"elementor-widget-container\">\n\t\t\t\t\t\t\t\t\t\t\t\t\t\t\t<img fetchpriority=\"high\" decoding=\"async\" width=\"980\" height=\"757\" src=\"https:\/\/www.cadexinc.com\/wp-content\/uploads\/2023\/06\/Goniometer_main-1024x791.webp\" class=\"attachment-large size-large wp-image-11030\" alt=\"\" srcset=\"https:\/\/www.cadexinc.com\/wp-content\/uploads\/2023\/06\/Goniometer_main-1024x791.webp 1024w, https:\/\/www.cadexinc.com\/wp-content\/uploads\/2023\/06\/Goniometer_main-300x232.webp 300w, https:\/\/www.cadexinc.com\/wp-content\/uploads\/2023\/06\/Goniometer_main-768x593.webp 768w, https:\/\/www.cadexinc.com\/wp-content\/uploads\/2023\/06\/Goniometer_main-416x321.webp 416w, https:\/\/www.cadexinc.com\/wp-content\/uploads\/2023\/06\/Goniometer_main.webp 1536w\" sizes=\"(max-width: 980px) 100vw, 980px\" \/>\t\t\t\t\t\t\t\t\t\t\t\t\t\t\t<\/div>\n\t\t\t\t<\/div>\n\t\t\t\t<\/div>\n\t\t\t\t<\/div>\n\t\t\t\t\t<\/div>\n\t\t\t\t<\/div>\n\t\t<div class=\"elementor-element elementor-element-6d9d233 e-flex e-con-boxed e-con e-parent\" data-id=\"6d9d233\" data-element_type=\"container\">\n\t\t\t\t\t<div class=\"e-con-inner\">\n\t\t<div class=\"elementor-element elementor-element-9664589 e-con-full e-grid equipment-page-multi-image-box e-con e-child\" data-id=\"9664589\" data-element_type=\"container\">\n\t\t<div class=\"elementor-element elementor-element-736882d e-grid e-con-full equipment-images-left-block e-con e-child\" data-id=\"736882d\" data-element_type=\"container\">\n\t\t\t\t<div class=\"elementor-element elementor-element-e9fc741 elementor-widget elementor-widget-image\" data-id=\"e9fc741\" data-element_type=\"widget\" data-widget_type=\"image.default\">\n\t\t\t\t<div class=\"elementor-widget-container\">\n\t\t\t\t\t\t\t\t\t\t\t\t<figure class=\"wp-caption\">\n\t\t\t\t\t\t\t\t\t\t<img decoding=\"async\" width=\"980\" height=\"939\" src=\"https:\/\/www.cadexinc.com\/wp-content\/uploads\/2025\/03\/Goniometer-Angle-graduation-new.webp\" class=\"attachment-large size-large wp-image-16730\" alt=\"\" srcset=\"https:\/\/www.cadexinc.com\/wp-content\/uploads\/2025\/03\/Goniometer-Angle-graduation-new.webp 1000w, https:\/\/www.cadexinc.com\/wp-content\/uploads\/2025\/03\/Goniometer-Angle-graduation-new-300x287.webp 300w, https:\/\/www.cadexinc.com\/wp-content\/uploads\/2025\/03\/Goniometer-Angle-graduation-new-768x736.webp 768w, https:\/\/www.cadexinc.com\/wp-content\/uploads\/2025\/03\/Goniometer-Angle-graduation-new-13x12.webp 13w, https:\/\/www.cadexinc.com\/wp-content\/uploads\/2025\/03\/Goniometer-Angle-graduation-new-416x399.webp 416w\" sizes=\"(max-width: 980px) 100vw, 980px\" \/>\t\t\t\t\t\t\t\t\t\t\t<figcaption class=\"widget-image-caption wp-caption-text\">Graduation de l'angle<\/figcaption>\n\t\t\t\t\t\t\t\t\t\t<\/figure>\n\t\t\t\t\t\t\t\t\t<\/div>\n\t\t\t\t<\/div>\n\t\t\t\t<\/div>\n\t\t\t\t<div class=\"elementor-element elementor-element-1a48030 elementor-widget elementor-widget-image\" data-id=\"1a48030\" data-element_type=\"widget\" data-widget_type=\"image.default\">\n\t\t\t\t<div class=\"elementor-widget-container\">\n\t\t\t\t\t\t\t\t\t\t\t\t<figure class=\"wp-caption\">\n\t\t\t\t\t\t\t\t\t\t<img decoding=\"async\" width=\"548\" height=\"958\" src=\"https:\/\/www.cadexinc.com\/wp-content\/uploads\/2025\/03\/Goniometer-Laser-Included-new.webp\" class=\"attachment-large size-large wp-image-16732\" alt=\"\" srcset=\"https:\/\/www.cadexinc.com\/wp-content\/uploads\/2025\/03\/Goniometer-Laser-Included-new.webp 548w, https:\/\/www.cadexinc.com\/wp-content\/uploads\/2025\/03\/Goniometer-Laser-Included-new-172x300.webp 172w, https:\/\/www.cadexinc.com\/wp-content\/uploads\/2025\/03\/Goniometer-Laser-Included-new-7x12.webp 7w, https:\/\/www.cadexinc.com\/wp-content\/uploads\/2025\/03\/Goniometer-Laser-Included-new-416x727.webp 416w\" sizes=\"(max-width: 548px) 100vw, 548px\" \/>\t\t\t\t\t\t\t\t\t\t\t<figcaption class=\"widget-image-caption wp-caption-text\">Laser inclus<\/figcaption>\n\t\t\t\t\t\t\t\t\t\t<\/figure>\n\t\t\t\t\t\t\t\t\t<\/div>\n\t\t\t\t<\/div>\n\t\t\t\t<div class=\"elementor-element elementor-element-040b9be elementor-widget elementor-widget-image\" data-id=\"040b9be\" data-element_type=\"widget\" data-widget_type=\"image.default\">\n\t\t\t\t<div class=\"elementor-widget-container\">\n\t\t\t\t\t\t\t\t\t\t\t\t<figure class=\"wp-caption\">\n\t\t\t\t\t\t\t\t\t\t<img loading=\"lazy\" decoding=\"async\" width=\"980\" height=\"939\" src=\"https:\/\/www.cadexinc.com\/wp-content\/uploads\/2025\/03\/Goniometer-Optional-ellipse-and-bracket.webp\" class=\"attachment-large size-large wp-image-16727\" alt=\"\" srcset=\"https:\/\/www.cadexinc.com\/wp-content\/uploads\/2025\/03\/Goniometer-Optional-ellipse-and-bracket.webp 1000w, https:\/\/www.cadexinc.com\/wp-content\/uploads\/2025\/03\/Goniometer-Optional-ellipse-and-bracket-300x287.webp 300w, https:\/\/www.cadexinc.com\/wp-content\/uploads\/2025\/03\/Goniometer-Optional-ellipse-and-bracket-768x736.webp 768w, https:\/\/www.cadexinc.com\/wp-content\/uploads\/2025\/03\/Goniometer-Optional-ellipse-and-bracket-13x12.webp 13w, https:\/\/www.cadexinc.com\/wp-content\/uploads\/2025\/03\/Goniometer-Optional-ellipse-and-bracket-416x399.webp 416w\" sizes=\"(max-width: 980px) 100vw, 980px\" \/>\t\t\t\t\t\t\t\t\t\t\t<figcaption class=\"widget-image-caption wp-caption-text\">Ellipse et support optionnels (R\u00e9f. : 300_07_TE168)<\/figcaption>\n\t\t\t\t\t\t\t\t\t\t<\/figure>\n\t\t\t\t\t\t\t\t\t<\/div>\n\t\t\t\t<\/div>\n\t\t\t\t<\/div>\n\t\t\t\t\t<\/div>\n\t\t\t\t<\/div>\n\t\t\t\t<\/div>","protected":false},"excerpt":{"rendered":"<p>The Cadex goniometer is designed and manufactured to determine the area of coverage of face shield and field of vision according to EN 168, EN 174 and other standards. DIMENSIONS (APPROX.): Length: 107.01 cm \/ 42.13 in Width:\u00a0 \u00a098.43 cm \/ 38.75 in Height:\u00a0 60.33 cm \/ 23.75 in FEATURES: Horizontal axe rotation at eyes [&hellip;]<\/p>","protected":false},"author":5,"featured_media":11028,"parent":3201,"menu_order":0,"comment_status":"closed","ping_status":"closed","template":"","meta":{"footnotes":""},"categories":[45],"class_list":["post-283","page","type-page","status-publish","has-post-thumbnail","hentry","category-optical-machines"],"_links":{"self":[{"href":"https:\/\/www.cadexinc.com\/fr\/wp-json\/wp\/v2\/pages\/283","targetHints":{"allow":["GET"]}}],"collection":[{"href":"https:\/\/www.cadexinc.com\/fr\/wp-json\/wp\/v2\/pages"}],"about":[{"href":"https:\/\/www.cadexinc.com\/fr\/wp-json\/wp\/v2\/types\/page"}],"author":[{"embeddable":true,"href":"https:\/\/www.cadexinc.com\/fr\/wp-json\/wp\/v2\/users\/5"}],"replies":[{"embeddable":true,"href":"https:\/\/www.cadexinc.com\/fr\/wp-json\/wp\/v2\/comments?post=283"}],"version-history":[{"count":88,"href":"https:\/\/www.cadexinc.com\/fr\/wp-json\/wp\/v2\/pages\/283\/revisions"}],"predecessor-version":[{"id":21090,"href":"https:\/\/www.cadexinc.com\/fr\/wp-json\/wp\/v2\/pages\/283\/revisions\/21090"}],"up":[{"embeddable":true,"href":"https:\/\/www.cadexinc.com\/fr\/wp-json\/wp\/v2\/pages\/3201"}],"wp:featuredmedia":[{"embeddable":true,"href":"https:\/\/www.cadexinc.com\/fr\/wp-json\/wp\/v2\/media\/11028"}],"wp:attachment":[{"href":"https:\/\/www.cadexinc.com\/fr\/wp-json\/wp\/v2\/media?parent=283"}],"wp:term":[{"taxonomy":"category","embeddable":true,"href":"https:\/\/www.cadexinc.com\/fr\/wp-json\/wp\/v2\/categories?post=283"}],"curies":[{"name":"wp","href":"https:\/\/api.w.org\/{rel}","templated":true}]}}