{"id":281,"date":"2022-05-17T13:53:57","date_gmt":"2022-05-17T17:53:57","guid":{"rendered":"http:\/\/www.cadexinc.com\/?page_id=281"},"modified":"2026-03-19T09:13:22","modified_gmt":"2026-03-19T13:13:22","slug":"champ-de-vision","status":"publish","type":"page","link":"https:\/\/www.cadexinc.com\/fr\/equipement\/machines\/machines-optiques\/champ-de-vision\/","title":{"rendered":"Kit de jauge de champ de vision"},"content":{"rendered":"<div data-elementor-type=\"wp-page\" data-elementor-id=\"281\" class=\"elementor elementor-281\">\n\t\t\t\t<div class=\"elementor-element elementor-element-6c08d6b3 elementor-hidden-desktop elementor-hidden-tablet e-flex e-con-boxed e-con e-parent\" data-id=\"6c08d6b3\" data-element_type=\"container\">\n\t\t\t\t\t<div class=\"e-con-inner\">\n\t\t\t\t<div class=\"elementor-element elementor-element-c1ba155 elementor-widget elementor-widget-image\" data-id=\"c1ba155\" data-element_type=\"widget\" data-widget_type=\"image.default\">\n\t\t\t\t<div class=\"elementor-widget-container\">\n\t\t\t\t\t\t\t\t\t\t\t\t\t\t\t<img fetchpriority=\"high\" decoding=\"async\" width=\"724\" height=\"832\" src=\"https:\/\/www.cadexinc.com\/wp-content\/uploads\/2023\/06\/Field_of_Vision-Gauge_Kit_mainwebp.webp\" class=\"attachment-large size-large wp-image-11068\" alt=\"\" srcset=\"https:\/\/www.cadexinc.com\/wp-content\/uploads\/2023\/06\/Field_of_Vision-Gauge_Kit_mainwebp.webp 724w, https:\/\/www.cadexinc.com\/wp-content\/uploads\/2023\/06\/Field_of_Vision-Gauge_Kit_mainwebp-261x300.webp 261w, https:\/\/www.cadexinc.com\/wp-content\/uploads\/2023\/06\/Field_of_Vision-Gauge_Kit_mainwebp-416x478.webp 416w\" sizes=\"(max-width: 724px) 100vw, 724px\" \/>\t\t\t\t\t\t\t\t\t\t\t\t\t\t\t<\/div>\n\t\t\t\t<\/div>\n\t\t\t\t\t<\/div>\n\t\t\t\t<\/div>\n\t\t<div class=\"elementor-element elementor-element-504346c e-flex e-con-boxed e-con e-parent\" data-id=\"504346c\" data-element_type=\"container\">\n\t\t\t\t\t<div class=\"e-con-inner\">\n\t\t<div class=\"elementor-element elementor-element-36e28a9 e-con-full e-flex e-con e-child\" data-id=\"36e28a9\" data-element_type=\"container\">\n\t\t<div class=\"elementor-element elementor-element-67e2304 e-con-full e-flex e-con e-child\" data-id=\"67e2304\" data-element_type=\"container\">\n\t\t<div class=\"elementor-element elementor-element-4d1b683 e-con-full equipment-main-right-block e-flex e-con e-child\" data-id=\"4d1b683\" data-element_type=\"container\">\n\t\t<div class=\"elementor-element elementor-element-34108c3 e-con-full e-flex e-con e-child\" data-id=\"34108c3\" data-element_type=\"container\">\n\t\t\t\t<div class=\"elementor-element elementor-element-f060511 elementor-widget elementor-widget-text-editor\" data-id=\"f060511\" data-element_type=\"widget\" data-widget_type=\"text-editor.default\">\n\t\t\t\t<div class=\"elementor-widget-container\">\n\t\t\t\t\t\t\t\t\t<p class=\"cdx-title cdx-text-align-justify\">Le kit de jauge de champ de vision Cadex est con\u00e7u et fabriqu\u00e9 pour r\u00e9pondre \u00e0 toutes les normes avec lesquelles vous effectuez vos tests.<\/p>\t\t\t\t\t\t\t\t<\/div>\n\t\t\t\t<\/div>\n\t\t\t\t<div class=\"elementor-element elementor-element-74d1376 equipment-sub-titles elementor-widget elementor-widget-heading\" data-id=\"74d1376\" data-element_type=\"widget\" data-widget_type=\"heading.default\">\n\t\t\t\t<div class=\"elementor-widget-container\">\n\t\t\t\t\t<h6 class=\"elementor-heading-title elementor-size-default\">DIMENSIONS (APPROX.) :<\/h6>\t\t\t\t<\/div>\n\t\t\t\t<\/div>\n\t\t\t\t<div class=\"elementor-element elementor-element-c51b0e8 elementor-widget elementor-widget-text-editor\" data-id=\"c51b0e8\" data-element_type=\"widget\" data-widget_type=\"text-editor.default\">\n\t\t\t\t<div class=\"elementor-widget-container\">\n\t\t\t\t\t\t\t\t\t<ul class=\"special-list\">\n<li>Longueur : 40,64 cm \/ 16 in<\/li>\n<li>Width:\u00a0 \u00a030.48 cm \/ 12 in<\/li>\n<li>Height:\u00a0 50.80 cm \/ 20 in<\/li>\n<\/ul>\t\t\t\t\t\t\t\t<\/div>\n\t\t\t\t<\/div>\n\t\t\t\t<div class=\"elementor-element elementor-element-c1a94a8 equipment-sub-titles elementor-widget elementor-widget-heading\" data-id=\"c1a94a8\" data-element_type=\"widget\" data-widget_type=\"heading.default\">\n\t\t\t\t<div class=\"elementor-widget-container\">\n\t\t\t\t\t<h6 class=\"elementor-heading-title elementor-size-default\">CARACT\u00c9RISTIQUES\u202f:<\/h6>\t\t\t\t<\/div>\n\t\t\t\t<\/div>\n\t\t\t\t<div class=\"elementor-element elementor-element-b9a9204 elementor-widget elementor-widget-text-editor\" data-id=\"b9a9204\" data-element_type=\"widget\" data-widget_type=\"text-editor.default\">\n\t\t\t\t<div class=\"elementor-widget-container\">\n\t\t\t\t\t\t\t\t\t<ul class=\"special-list\">\n<li>Livr\u00e9 avec quatre blocs (2 verticaux et 2 horizontaux)<\/li>\n<li>Blocs de jauge interchangeables<\/li>\n<li>R\u00e9glable en hauteur<\/li>\n<li>Une taille unique pour toutes les tailles de t\u00eates factices ISO\/EN 960<\/li>\n<li>Angles multiples disponibles pour d'autres normes<\/li>\n<\/ul>\n<p class=\"fst-italic mt-4 fs-7 text-danger cdx-notation\">*Forme de t\u00eate non incluse et vendue s\u00e9par\u00e9ment<\/p>\t\t\t\t\t\t\t\t<\/div>\n\t\t\t\t<\/div>\n\t\t\t\t<\/div>\n\t\t\t\t<\/div>\n\t\t\t\t<\/div>\n\t\t<div class=\"elementor-element elementor-element-134a717 e-con-full e-flex e-con e-child\" data-id=\"134a717\" data-element_type=\"container\">\n\t\t\t\t<div class=\"elementor-element elementor-element-c1af5f3 elementor-hidden-mobile elementor-widget elementor-widget-image\" data-id=\"c1af5f3\" data-element_type=\"widget\" data-widget_type=\"image.default\">\n\t\t\t\t<div class=\"elementor-widget-container\">\n\t\t\t\t\t\t\t\t\t\t\t\t\t\t\t<img fetchpriority=\"high\" decoding=\"async\" width=\"724\" height=\"832\" src=\"https:\/\/www.cadexinc.com\/wp-content\/uploads\/2023\/06\/Field_of_Vision-Gauge_Kit_mainwebp.webp\" class=\"attachment-large size-large wp-image-11068\" alt=\"\" srcset=\"https:\/\/www.cadexinc.com\/wp-content\/uploads\/2023\/06\/Field_of_Vision-Gauge_Kit_mainwebp.webp 724w, https:\/\/www.cadexinc.com\/wp-content\/uploads\/2023\/06\/Field_of_Vision-Gauge_Kit_mainwebp-261x300.webp 261w, https:\/\/www.cadexinc.com\/wp-content\/uploads\/2023\/06\/Field_of_Vision-Gauge_Kit_mainwebp-416x478.webp 416w\" sizes=\"(max-width: 724px) 100vw, 724px\" \/>\t\t\t\t\t\t\t\t\t\t\t\t\t\t\t<\/div>\n\t\t\t\t<\/div>\n\t\t\t\t<\/div>\n\t\t\t\t<\/div>\n\t\t\t\t\t<\/div>\n\t\t\t\t<\/div>\n\t\t<div class=\"elementor-element elementor-element-b021fb7 e-flex e-con-boxed e-con e-parent\" data-id=\"b021fb7\" data-element_type=\"container\">\n\t\t\t\t\t<div class=\"e-con-inner\">\n\t\t<div class=\"elementor-element elementor-element-d1d56c5 e-con-full e-grid equipment-page-multi-image-box e-con e-child\" data-id=\"d1d56c5\" data-element_type=\"container\">\n\t\t<div class=\"elementor-element elementor-element-66a2a55 e-grid e-con-full equipment-images-left-block e-con e-child\" data-id=\"66a2a55\" data-element_type=\"container\">\n\t\t\t\t<div class=\"elementor-element elementor-element-0849577 elementor-widget elementor-widget-image\" data-id=\"0849577\" data-element_type=\"widget\" data-widget_type=\"image.default\">\n\t\t\t\t<div class=\"elementor-widget-container\">\n\t\t\t\t\t\t\t\t\t\t\t\t<figure class=\"wp-caption\">\n\t\t\t\t\t\t\t\t\t\t<img decoding=\"async\" width=\"916\" height=\"568\" src=\"https:\/\/www.cadexinc.com\/wp-content\/uploads\/2023\/06\/Field_of_Vision-Gauge_Kit_Horizontal_field.webp\" class=\"attachment-large size-large wp-image-11065\" alt=\"\" srcset=\"https:\/\/www.cadexinc.com\/wp-content\/uploads\/2023\/06\/Field_of_Vision-Gauge_Kit_Horizontal_field.webp 916w, https:\/\/www.cadexinc.com\/wp-content\/uploads\/2023\/06\/Field_of_Vision-Gauge_Kit_Horizontal_field-300x186.webp 300w, https:\/\/www.cadexinc.com\/wp-content\/uploads\/2023\/06\/Field_of_Vision-Gauge_Kit_Horizontal_field-768x476.webp 768w, https:\/\/www.cadexinc.com\/wp-content\/uploads\/2023\/06\/Field_of_Vision-Gauge_Kit_Horizontal_field-416x258.webp 416w\" sizes=\"(max-width: 916px) 100vw, 916px\" \/>\t\t\t\t\t\t\t\t\t\t\t<figcaption class=\"widget-image-caption wp-caption-text\">Champ de vision horizontal<\/figcaption>\n\t\t\t\t\t\t\t\t\t\t<\/figure>\n\t\t\t\t\t\t\t\t\t<\/div>\n\t\t\t\t<\/div>\n\t\t\t\t<\/div>\n\t\t\t\t<div class=\"elementor-element elementor-element-02d722d elementor-widget elementor-widget-image\" data-id=\"02d722d\" data-element_type=\"widget\" data-widget_type=\"image.default\">\n\t\t\t\t<div class=\"elementor-widget-container\">\n\t\t\t\t\t\t\t\t\t\t\t\t<figure class=\"wp-caption\">\n\t\t\t\t\t\t\t\t\t\t<img decoding=\"async\" width=\"745\" height=\"559\" src=\"https:\/\/www.cadexinc.com\/wp-content\/uploads\/2023\/06\/Field_of_Vision-Gauge_Kit_blocs_available.webp\" class=\"attachment-large size-large wp-image-11062\" alt=\"\" srcset=\"https:\/\/www.cadexinc.com\/wp-content\/uploads\/2023\/06\/Field_of_Vision-Gauge_Kit_blocs_available.webp 745w, https:\/\/www.cadexinc.com\/wp-content\/uploads\/2023\/06\/Field_of_Vision-Gauge_Kit_blocs_available-300x225.webp 300w, https:\/\/www.cadexinc.com\/wp-content\/uploads\/2023\/06\/Field_of_Vision-Gauge_Kit_blocs_available-324x243.webp 324w, https:\/\/www.cadexinc.com\/wp-content\/uploads\/2023\/06\/Field_of_Vision-Gauge_Kit_blocs_available-416x312.webp 416w\" sizes=\"(max-width: 745px) 100vw, 745px\" \/>\t\t\t\t\t\t\t\t\t\t\t<figcaption class=\"widget-image-caption wp-caption-text\">Autres blocs disponibles pour toutes les normes<\/figcaption>\n\t\t\t\t\t\t\t\t\t\t<\/figure>\n\t\t\t\t\t\t\t\t\t<\/div>\n\t\t\t\t<\/div>\n\t\t\t\t<div class=\"elementor-element elementor-element-4e92cc8 elementor-widget elementor-widget-image\" data-id=\"4e92cc8\" data-element_type=\"widget\" data-widget_type=\"image.default\">\n\t\t\t\t<div class=\"elementor-widget-container\">\n\t\t\t\t\t\t\t\t\t\t\t\t<figure class=\"wp-caption\">\n\t\t\t\t\t\t\t\t\t\t<img loading=\"lazy\" decoding=\"async\" width=\"980\" height=\"662\" src=\"https:\/\/www.cadexinc.com\/wp-content\/uploads\/2025\/03\/Field_of_Vision-Gauge_Kit_Upward-down.webp\" class=\"attachment-large size-large wp-image-16706\" alt=\"\" srcset=\"https:\/\/www.cadexinc.com\/wp-content\/uploads\/2025\/03\/Field_of_Vision-Gauge_Kit_Upward-down.webp 1000w, https:\/\/www.cadexinc.com\/wp-content\/uploads\/2025\/03\/Field_of_Vision-Gauge_Kit_Upward-down-300x203.webp 300w, https:\/\/www.cadexinc.com\/wp-content\/uploads\/2025\/03\/Field_of_Vision-Gauge_Kit_Upward-down-768x518.webp 768w, https:\/\/www.cadexinc.com\/wp-content\/uploads\/2025\/03\/Field_of_Vision-Gauge_Kit_Upward-down-18x12.webp 18w, https:\/\/www.cadexinc.com\/wp-content\/uploads\/2025\/03\/Field_of_Vision-Gauge_Kit_Upward-down-416x281.webp 416w\" sizes=\"(max-width: 980px) 100vw, 980px\" \/>\t\t\t\t\t\t\t\t\t\t\t<figcaption class=\"widget-image-caption wp-caption-text\">Champs de vision vers le haut \/ vers le bas<\/figcaption>\n\t\t\t\t\t\t\t\t\t\t<\/figure>\n\t\t\t\t\t\t\t\t\t<\/div>\n\t\t\t\t<\/div>\n\t\t\t\t<\/div>\n\t\t\t\t\t<\/div>\n\t\t\t\t<\/div>\n\t\t\t\t<\/div>","protected":false},"excerpt":{"rendered":"<p>The Cadex field of vision gauge kit is designed and manufactured to meet any standard you may be testing with. DIMENSIONS (APPROX.): Length: 40.64 cm \/ 16 in Width:\u00a0 \u00a030.48 cm \/ 12 in Height:\u00a0 50.80 cm \/ 20 in FEATURES: Comes with four blocs (2 vertical and 2 horizontal) Interchangeable gauge blocs Adjustable in [&hellip;]<\/p>","protected":false},"author":5,"featured_media":11068,"parent":3201,"menu_order":0,"comment_status":"closed","ping_status":"closed","template":"","meta":{"footnotes":""},"categories":[45],"class_list":["post-281","page","type-page","status-publish","has-post-thumbnail","hentry","category-optical-machines"],"_links":{"self":[{"href":"https:\/\/www.cadexinc.com\/fr\/wp-json\/wp\/v2\/pages\/281","targetHints":{"allow":["GET"]}}],"collection":[{"href":"https:\/\/www.cadexinc.com\/fr\/wp-json\/wp\/v2\/pages"}],"about":[{"href":"https:\/\/www.cadexinc.com\/fr\/wp-json\/wp\/v2\/types\/page"}],"author":[{"embeddable":true,"href":"https:\/\/www.cadexinc.com\/fr\/wp-json\/wp\/v2\/users\/5"}],"replies":[{"embeddable":true,"href":"https:\/\/www.cadexinc.com\/fr\/wp-json\/wp\/v2\/comments?post=281"}],"version-history":[{"count":59,"href":"https:\/\/www.cadexinc.com\/fr\/wp-json\/wp\/v2\/pages\/281\/revisions"}],"predecessor-version":[{"id":21087,"href":"https:\/\/www.cadexinc.com\/fr\/wp-json\/wp\/v2\/pages\/281\/revisions\/21087"}],"up":[{"embeddable":true,"href":"https:\/\/www.cadexinc.com\/fr\/wp-json\/wp\/v2\/pages\/3201"}],"wp:featuredmedia":[{"embeddable":true,"href":"https:\/\/www.cadexinc.com\/fr\/wp-json\/wp\/v2\/media\/11068"}],"wp:attachment":[{"href":"https:\/\/www.cadexinc.com\/fr\/wp-json\/wp\/v2\/media?parent=281"}],"wp:term":[{"taxonomy":"category","embeddable":true,"href":"https:\/\/www.cadexinc.com\/fr\/wp-json\/wp\/v2\/categories?post=281"}],"curies":[{"name":"wp","href":"https:\/\/api.w.org\/{rel}","templated":true}]}}