{"id":279,"date":"2022-05-17T13:52:58","date_gmt":"2022-05-17T17:52:58","guid":{"rendered":"http:\/\/www.cadexinc.com\/?page_id=279"},"modified":"2026-03-19T13:19:47","modified_gmt":"2026-03-19T17:19:47","slug":"chambre-radiante","status":"publish","type":"page","link":"https:\/\/www.cadexinc.com\/fr\/equipement\/machines\/machines-de-conditionnement\/chambre-radiante\/","title":{"rendered":"Chambre \u00e0 chaleur radiante"},"content":{"rendered":"<div data-elementor-type=\"wp-page\" data-elementor-id=\"279\" class=\"elementor elementor-279\">\n\t\t\t\t<div class=\"elementor-element elementor-element-c23283a elementor-hidden-desktop elementor-hidden-tablet e-flex e-con-boxed e-con e-parent\" data-id=\"c23283a\" data-element_type=\"container\">\n\t\t\t\t\t<div class=\"e-con-inner\">\n\t\t\t\t<div class=\"elementor-element elementor-element-a3103e1 elementor-widget elementor-widget-image\" data-id=\"a3103e1\" data-element_type=\"widget\" data-widget_type=\"image.default\">\n\t\t\t\t<div class=\"elementor-widget-container\">\n\t\t\t\t\t\t\t\t\t\t\t\t\t\t\t<img fetchpriority=\"high\" decoding=\"async\" width=\"1254\" height=\"1915\" src=\"https:\/\/www.cadexinc.com\/wp-content\/uploads\/2023\/06\/Radiant_Heat_Chamber.webp\" class=\"attachment-full size-full wp-image-10544\" alt=\"\" srcset=\"https:\/\/www.cadexinc.com\/wp-content\/uploads\/2023\/06\/Radiant_Heat_Chamber.webp 1254w, https:\/\/www.cadexinc.com\/wp-content\/uploads\/2023\/06\/Radiant_Heat_Chamber-196x300.webp 196w, https:\/\/www.cadexinc.com\/wp-content\/uploads\/2023\/06\/Radiant_Heat_Chamber-671x1024.webp 671w, https:\/\/www.cadexinc.com\/wp-content\/uploads\/2023\/06\/Radiant_Heat_Chamber-768x1173.webp 768w, https:\/\/www.cadexinc.com\/wp-content\/uploads\/2023\/06\/Radiant_Heat_Chamber-1006x1536.webp 1006w, https:\/\/www.cadexinc.com\/wp-content\/uploads\/2023\/06\/Radiant_Heat_Chamber-416x635.webp 416w\" sizes=\"(max-width: 1254px) 100vw, 1254px\" \/>\t\t\t\t\t\t\t\t\t\t\t\t\t\t\t<\/div>\n\t\t\t\t<\/div>\n\t\t\t\t\t<\/div>\n\t\t\t\t<\/div>\n\t\t<div class=\"elementor-element elementor-element-fbe8e88 e-flex e-con-boxed e-con e-parent\" data-id=\"fbe8e88\" data-element_type=\"container\">\n\t\t\t\t\t<div class=\"e-con-inner\">\n\t\t<div class=\"elementor-element elementor-element-c197d7c e-con-full e-flex e-con e-child\" data-id=\"c197d7c\" data-element_type=\"container\">\n\t\t<div class=\"elementor-element elementor-element-1c78760 e-con-full e-flex e-con e-child\" data-id=\"1c78760\" data-element_type=\"container\">\n\t\t<div class=\"elementor-element elementor-element-0470cdb e-con-full equipment-main-right-block e-flex e-con e-child\" data-id=\"0470cdb\" data-element_type=\"container\">\n\t\t<div class=\"elementor-element elementor-element-d403c19 e-con-full e-flex e-con e-child\" data-id=\"d403c19\" data-element_type=\"container\">\n\t\t\t\t<div class=\"elementor-element elementor-element-7e3fa15 elementor-widget elementor-widget-text-editor\" data-id=\"7e3fa15\" data-element_type=\"widget\" data-widget_type=\"text-editor.default\">\n\t\t\t\t<div class=\"elementor-widget-container\">\n\t\t\t\t\t\t\t\t\t<p class=\"cdx-title cdx-text-align-justify\">La chambre de chaleur radiante Cadex est con\u00e7ue et fabriqu\u00e9e pour r\u00e9pondre aux normes EN 443 et\/ou NFPA 1971. Un \u00e9cran tactile est utilis\u00e9 pour contr\u00f4ler la proc\u00e9dure de conditionnement.<\/p>\t\t\t\t\t\t\t\t<\/div>\n\t\t\t\t<\/div>\n\t\t\t\t<div class=\"elementor-element elementor-element-528643f equipment-sub-titles elementor-widget elementor-widget-heading\" data-id=\"528643f\" data-element_type=\"widget\" data-widget_type=\"heading.default\">\n\t\t\t\t<div class=\"elementor-widget-container\">\n\t\t\t\t\t<h6 class=\"elementor-heading-title elementor-size-default\">DIMENSIONS (APPROX.) :<\/h6>\t\t\t\t<\/div>\n\t\t\t\t<\/div>\n\t\t\t\t<div class=\"elementor-element elementor-element-7013f6b elementor-widget elementor-widget-text-editor\" data-id=\"7013f6b\" data-element_type=\"widget\" data-widget_type=\"text-editor.default\">\n\t\t\t\t<div class=\"elementor-widget-container\">\n\t\t\t\t\t\t\t\t\t<ul class=\"special-list\">\n<li>Longueur : 101,6 cm \/ 40 in<\/li>\n<li>Width:\u00a0 \u00a081.28 cm \/ 32 in<\/li>\n<li>Hauteur : 200,66 cm \/ 79 in<\/li>\n<\/ul>\t\t\t\t\t\t\t\t<\/div>\n\t\t\t\t<\/div>\n\t\t\t\t<div class=\"elementor-element elementor-element-acfea91 equipment-sub-titles elementor-widget elementor-widget-heading\" data-id=\"acfea91\" data-element_type=\"widget\" data-widget_type=\"heading.default\">\n\t\t\t\t<div class=\"elementor-widget-container\">\n\t\t\t\t\t<h6 class=\"elementor-heading-title elementor-size-default\">EXIGENCES\u202f:<\/h6>\t\t\t\t<\/div>\n\t\t\t\t<\/div>\n\t\t\t\t<div class=\"elementor-element elementor-element-1afa958 elementor-widget elementor-widget-text-editor\" data-id=\"1afa958\" data-element_type=\"widget\" data-widget_type=\"text-editor.default\">\n\t\t\t\t<div class=\"elementor-widget-container\">\n\t\t\t\t\t\t\t\t\t<ul class=\"special-list\">\n<li>Power: 110v\/220v \u2013 50\/60 Hz<\/li>\n<\/ul>\t\t\t\t\t\t\t\t<\/div>\n\t\t\t\t<\/div>\n\t\t\t\t<div class=\"elementor-element elementor-element-116e394 equipment-sub-titles elementor-widget elementor-widget-heading\" data-id=\"116e394\" data-element_type=\"widget\" data-widget_type=\"heading.default\">\n\t\t\t\t<div class=\"elementor-widget-container\">\n\t\t\t\t\t<h6 class=\"elementor-heading-title elementor-size-default\">CARACT\u00c9RISTIQUES\u202f:<\/h6>\t\t\t\t<\/div>\n\t\t\t\t<\/div>\n\t\t\t\t<div class=\"elementor-element elementor-element-d0c957b elementor-widget elementor-widget-text-editor\" data-id=\"d0c957b\" data-element_type=\"widget\" data-widget_type=\"text-editor.default\">\n\t\t\t\t<div class=\"elementor-widget-container\">\n\t\t\t\t\t\t\t\t\t<p><strong>Syst\u00e8me enti\u00e8rement automatique<\/strong><\/p><ul class=\"special-list\"><li>Contr\u00f4leur \u00e0 \u00e9cran tactile ou ordinateur<\/li><li>Panneau radiant avec syst\u00e8me d'alimentation auto-r\u00e9glable<\/li><li>Radiom\u00e8tre et thermocouple r\u00e9glables en hauteur<\/li><li>Doors can be opened or closed to perform either NFPA 1971 or EN 433 conditioning procedure<\/li><\/ul>\t\t\t\t\t\t\t\t<\/div>\n\t\t\t\t<\/div>\n\t\t\t\t<\/div>\n\t\t\t\t<\/div>\n\t\t\t\t<\/div>\n\t\t<div class=\"elementor-element elementor-element-7e15037 e-con-full elementor-hidden-mobile e-flex e-con e-child\" data-id=\"7e15037\" data-element_type=\"container\">\n\t\t\t\t<div class=\"elementor-element elementor-element-96ce191 elementor-hidden-mobile elementor-widget elementor-widget-image\" data-id=\"96ce191\" data-element_type=\"widget\" data-widget_type=\"image.default\">\n\t\t\t\t<div class=\"elementor-widget-container\">\n\t\t\t\t\t\t\t\t\t\t\t\t<figure class=\"wp-caption\">\n\t\t\t\t\t\t\t\t\t\t<img fetchpriority=\"high\" decoding=\"async\" width=\"1254\" height=\"1915\" src=\"https:\/\/www.cadexinc.com\/wp-content\/uploads\/2023\/06\/Radiant_Heat_Chamber.webp\" class=\"attachment-full size-full wp-image-10544\" alt=\"\" srcset=\"https:\/\/www.cadexinc.com\/wp-content\/uploads\/2023\/06\/Radiant_Heat_Chamber.webp 1254w, https:\/\/www.cadexinc.com\/wp-content\/uploads\/2023\/06\/Radiant_Heat_Chamber-196x300.webp 196w, https:\/\/www.cadexinc.com\/wp-content\/uploads\/2023\/06\/Radiant_Heat_Chamber-671x1024.webp 671w, https:\/\/www.cadexinc.com\/wp-content\/uploads\/2023\/06\/Radiant_Heat_Chamber-768x1173.webp 768w, https:\/\/www.cadexinc.com\/wp-content\/uploads\/2023\/06\/Radiant_Heat_Chamber-1006x1536.webp 1006w, https:\/\/www.cadexinc.com\/wp-content\/uploads\/2023\/06\/Radiant_Heat_Chamber-416x635.webp 416w\" sizes=\"(max-width: 1254px) 100vw, 1254px\" \/>\t\t\t\t\t\t\t\t\t\t\t<figcaption class=\"widget-image-caption wp-caption-text\"><div style=\"color:red;font-style:italic;text-align:right\">*Le mod\u00e8le peut diff\u00e9rer de la photo<\/div><\/figcaption>\n\t\t\t\t\t\t\t\t\t\t<\/figure>\n\t\t\t\t\t\t\t\t\t<\/div>\n\t\t\t\t<\/div>\n\t\t\t\t<\/div>\n\t\t\t\t<\/div>\n\t\t\t\t\t<\/div>\n\t\t\t\t<\/div>\n\t\t<div class=\"elementor-element elementor-element-b5c0d01 e-flex e-con-boxed e-con e-parent\" data-id=\"b5c0d01\" data-element_type=\"container\">\n\t\t\t\t\t<div class=\"e-con-inner\">\n\t\t<div class=\"elementor-element elementor-element-7933a61 e-con-full e-grid equipment-page-multi-image-box e-con e-child\" data-id=\"7933a61\" data-element_type=\"container\">\n\t\t<div class=\"elementor-element elementor-element-6486afb e-grid e-con-full equipment-images-left-block e-con e-child\" data-id=\"6486afb\" data-element_type=\"container\">\n\t\t\t\t<div class=\"elementor-element elementor-element-8d29532 elementor-widget elementor-widget-image\" data-id=\"8d29532\" data-element_type=\"widget\" data-widget_type=\"image.default\">\n\t\t\t\t<div class=\"elementor-widget-container\">\n\t\t\t\t\t\t\t\t\t\t\t\t<figure class=\"wp-caption\">\n\t\t\t\t\t\t\t\t\t\t<img decoding=\"async\" src=\"https:\/\/www.cadexinc.com\/wp-content\/uploads\/2023\/06\/Radiant_Heat_Chamber_close_door.webp\" title=\"Porte de fermeture de la chambre de chauffage radiant\" alt=\"Porte de fermeture de la chambre de chauffage radiant\" loading=\"lazy\" \/>\t\t\t\t\t\t\t\t\t\t\t<figcaption class=\"widget-image-caption wp-caption-text\"><span style=\"font-size:12px\">Porte montr\u00e9e ferm\u00e9e pour effectuer la proc\u00e9dure de conditionnement NFPA\u202f1971<\/span><\/figcaption>\n\t\t\t\t\t\t\t\t\t\t<\/figure>\n\t\t\t\t\t\t\t\t\t<\/div>\n\t\t\t\t<\/div>\n\t\t\t\t<div class=\"elementor-element elementor-element-7136813 elementor-widget elementor-widget-image\" data-id=\"7136813\" data-element_type=\"widget\" data-widget_type=\"image.default\">\n\t\t\t\t<div class=\"elementor-widget-container\">\n\t\t\t\t\t\t\t\t\t\t\t\t<figure class=\"wp-caption\">\n\t\t\t\t\t\t\t\t\t\t<img decoding=\"async\" width=\"800\" height=\"536\" src=\"https:\/\/www.cadexinc.com\/wp-content\/uploads\/2023\/07\/RADIANT-PIC.webp\" class=\"attachment-large size-large wp-image-14205\" alt=\"\" srcset=\"https:\/\/www.cadexinc.com\/wp-content\/uploads\/2023\/07\/RADIANT-PIC.webp 800w, https:\/\/www.cadexinc.com\/wp-content\/uploads\/2023\/07\/RADIANT-PIC-300x201.webp 300w, https:\/\/www.cadexinc.com\/wp-content\/uploads\/2023\/07\/RADIANT-PIC-768x515.webp 768w, https:\/\/www.cadexinc.com\/wp-content\/uploads\/2023\/07\/RADIANT-PIC-416x279.webp 416w\" sizes=\"(max-width: 800px) 100vw, 800px\" \/>\t\t\t\t\t\t\t\t\t\t\t<figcaption class=\"widget-image-caption wp-caption-text\">Radiom\u00e8tre et thermocouple r\u00e9glables en hauteur.<\/figcaption>\n\t\t\t\t\t\t\t\t\t\t<\/figure>\n\t\t\t\t\t\t\t\t\t<\/div>\n\t\t\t\t<\/div>\n\t\t\t\t<div class=\"elementor-element elementor-element-81b2da6 elementor-widget elementor-widget-image\" data-id=\"81b2da6\" data-element_type=\"widget\" data-widget_type=\"image.default\">\n\t\t\t\t<div class=\"elementor-widget-container\">\n\t\t\t\t\t\t\t\t\t\t\t\t<figure class=\"wp-caption\">\n\t\t\t\t\t\t\t\t\t\t<img decoding=\"async\" width=\"250\" height=\"526\" src=\"https:\/\/www.cadexinc.com\/wp-content\/uploads\/2023\/06\/Radiant_Heat_Chamber_emerg_button.webp\" class=\"attachment-full size-full wp-image-10559\" alt=\"\" srcset=\"https:\/\/www.cadexinc.com\/wp-content\/uploads\/2023\/06\/Radiant_Heat_Chamber_emerg_button.webp 250w, https:\/\/www.cadexinc.com\/wp-content\/uploads\/2023\/06\/Radiant_Heat_Chamber_emerg_button-143x300.webp 143w\" sizes=\"(max-width: 250px) 100vw, 250px\" \/>\t\t\t\t\t\t\t\t\t\t\t<figcaption class=\"widget-image-caption wp-caption-text\">Bouton d'urgence<\/figcaption>\n\t\t\t\t\t\t\t\t\t\t<\/figure>\n\t\t\t\t\t\t\t\t\t<\/div>\n\t\t\t\t<\/div>\n\t\t\t\t<\/div>\n\t\t\t\t<\/div>\n\t\t\t\t\t<\/div>\n\t\t\t\t<\/div>\n\t\t\t\t<\/div>","protected":false},"excerpt":{"rendered":"<p>The Cadex radiant heat chamber is designed and manufactured to meet EN 443 and\/or NFPA 1971 standard. Touchscreen used to control the conditioning procedure. DIMENSIONS (APPROX.): Length: 101.6 cm \/ 40 in Width:\u00a0 \u00a081.28 cm \/ 32 in Height: 200.66 cm \/ 79 in REQUIREMENTS: Power: 110v\/220v \u2013 50\/60 Hz FEATURES: Full automatic systemTouchscreen controller [&hellip;]<\/p>","protected":false},"author":5,"featured_media":10546,"parent":3207,"menu_order":0,"comment_status":"closed","ping_status":"closed","template":"","meta":{"footnotes":""},"categories":[44],"class_list":["post-279","page","type-page","status-publish","has-post-thumbnail","hentry","category-conditioning-machines"],"_links":{"self":[{"href":"https:\/\/www.cadexinc.com\/fr\/wp-json\/wp\/v2\/pages\/279","targetHints":{"allow":["GET"]}}],"collection":[{"href":"https:\/\/www.cadexinc.com\/fr\/wp-json\/wp\/v2\/pages"}],"about":[{"href":"https:\/\/www.cadexinc.com\/fr\/wp-json\/wp\/v2\/types\/page"}],"author":[{"embeddable":true,"href":"https:\/\/www.cadexinc.com\/fr\/wp-json\/wp\/v2\/users\/5"}],"replies":[{"embeddable":true,"href":"https:\/\/www.cadexinc.com\/fr\/wp-json\/wp\/v2\/comments?post=279"}],"version-history":[{"count":106,"href":"https:\/\/www.cadexinc.com\/fr\/wp-json\/wp\/v2\/pages\/279\/revisions"}],"predecessor-version":[{"id":21136,"href":"https:\/\/www.cadexinc.com\/fr\/wp-json\/wp\/v2\/pages\/279\/revisions\/21136"}],"up":[{"embeddable":true,"href":"https:\/\/www.cadexinc.com\/fr\/wp-json\/wp\/v2\/pages\/3207"}],"wp:featuredmedia":[{"embeddable":true,"href":"https:\/\/www.cadexinc.com\/fr\/wp-json\/wp\/v2\/media\/10546"}],"wp:attachment":[{"href":"https:\/\/www.cadexinc.com\/fr\/wp-json\/wp\/v2\/media?parent=279"}],"wp:term":[{"taxonomy":"category","embeddable":true,"href":"https:\/\/www.cadexinc.com\/fr\/wp-json\/wp\/v2\/categories?post=279"}],"curies":[{"name":"wp","href":"https:\/\/api.w.org\/{rel}","templated":true}]}}