{"id":277,"date":"2022-05-17T13:52:34","date_gmt":"2022-05-17T17:52:34","guid":{"rendered":"http:\/\/www.cadexinc.com\/?page_id=277"},"modified":"2026-03-19T13:12:43","modified_gmt":"2026-03-19T17:12:43","slug":"machine-de-conditionnement-a-chaud","status":"publish","type":"page","link":"https:\/\/www.cadexinc.com\/fr\/equipement\/machines\/machines-de-conditionnement\/machine-de-conditionnement-a-chaud\/","title":{"rendered":"Four pour conditionnement \u00e0 chaud"},"content":{"rendered":"<div data-elementor-type=\"wp-page\" data-elementor-id=\"277\" class=\"elementor elementor-277\">\n\t\t\t\t<div class=\"elementor-element elementor-element-a67c07c elementor-hidden-desktop elementor-hidden-tablet e-flex e-con-boxed e-con e-parent\" data-id=\"a67c07c\" data-element_type=\"container\">\n\t\t\t\t\t<div class=\"e-con-inner\">\n\t\t\t\t<div class=\"elementor-element elementor-element-696d3d6 elementor-widget elementor-widget-image\" data-id=\"696d3d6\" data-element_type=\"widget\" data-widget_type=\"image.default\">\n\t\t\t\t<div class=\"elementor-widget-container\">\n\t\t\t\t\t\t\t\t\t\t\t\t<figure class=\"wp-caption\">\n\t\t\t\t\t\t\t\t\t\t<img fetchpriority=\"high\" decoding=\"async\" width=\"1346\" height=\"1405\" src=\"https:\/\/www.cadexinc.com\/wp-content\/uploads\/2025\/03\/Oven-for-hot-conditioning_main.webp\" class=\"attachment-full size-full wp-image-16822\" alt=\"\" srcset=\"https:\/\/www.cadexinc.com\/wp-content\/uploads\/2025\/03\/Oven-for-hot-conditioning_main.webp 1346w, https:\/\/www.cadexinc.com\/wp-content\/uploads\/2025\/03\/Oven-for-hot-conditioning_main-287x300.webp 287w, https:\/\/www.cadexinc.com\/wp-content\/uploads\/2025\/03\/Oven-for-hot-conditioning_main-981x1024.webp 981w, https:\/\/www.cadexinc.com\/wp-content\/uploads\/2025\/03\/Oven-for-hot-conditioning_main-768x802.webp 768w, https:\/\/www.cadexinc.com\/wp-content\/uploads\/2025\/03\/Oven-for-hot-conditioning_main-11x12.webp 11w, https:\/\/www.cadexinc.com\/wp-content\/uploads\/2025\/03\/Oven-for-hot-conditioning_main-416x434.webp 416w\" sizes=\"(max-width: 1346px) 100vw, 1346px\" \/>\t\t\t\t\t\t\t\t\t\t\t<figcaption class=\"widget-image-caption wp-caption-text\"><div style=\"color:red;font-style:italic;text-align:right\">*L'image et les dimensions peuvent varier en fonction du mod\u00e8le disponible.<\/div><\/figcaption>\n\t\t\t\t\t\t\t\t\t\t<\/figure>\n\t\t\t\t\t\t\t\t\t<\/div>\n\t\t\t\t<\/div>\n\t\t\t\t\t<\/div>\n\t\t\t\t<\/div>\n\t\t<div class=\"elementor-element elementor-element-fa7cecb e-flex e-con-boxed e-con e-parent\" data-id=\"fa7cecb\" data-element_type=\"container\">\n\t\t\t\t\t<div class=\"e-con-inner\">\n\t\t<div class=\"elementor-element elementor-element-fe18004 e-con-full e-flex e-con e-child\" data-id=\"fe18004\" data-element_type=\"container\">\n\t\t<div class=\"elementor-element elementor-element-0d1799a e-con-full e-flex e-con e-child\" data-id=\"0d1799a\" data-element_type=\"container\">\n\t\t<div class=\"elementor-element elementor-element-9fc7bed e-con-full e-flex e-con e-child\" data-id=\"9fc7bed\" data-element_type=\"container\">\n\t\t<div class=\"elementor-element elementor-element-3865ab5 e-con-full equipment-main-right-block e-flex e-con e-child\" data-id=\"3865ab5\" data-element_type=\"container\">\n\t\t<div class=\"elementor-element elementor-element-af127c1 e-con-full e-flex e-con e-child\" data-id=\"af127c1\" data-element_type=\"container\">\n\t\t\t\t<div class=\"elementor-element elementor-element-28c1997 equipment-sub-titles elementor-widget elementor-widget-heading\" data-id=\"28c1997\" data-element_type=\"widget\" data-widget_type=\"heading.default\">\n\t\t\t\t<div class=\"elementor-widget-container\">\n\t\t\t\t\t<h6 class=\"elementor-heading-title elementor-size-default\">DIMENSIONS (APPROX.) :<\/h6>\t\t\t\t<\/div>\n\t\t\t\t<\/div>\n\t\t\t\t<div class=\"elementor-element elementor-element-1fdf093 elementor-widget elementor-widget-text-editor\" data-id=\"1fdf093\" data-element_type=\"widget\" data-widget_type=\"text-editor.default\">\n\t\t\t\t<div class=\"elementor-widget-container\">\n\t\t\t\t\t\t\t\t\t<ul class=\"special-list\">\n \t<li>Longueur : 120,65 cm \/ 47,5 in<\/li>\n \t<li>Width:\u00a0 \u00a064.14 cm \/ 25.25 in<\/li>\n \t<li>Hauteur : 171,45 cm \/ 67,5 in<\/li>\n<\/ul>\t\t\t\t\t\t\t\t<\/div>\n\t\t\t\t<\/div>\n\t\t\t\t<div class=\"elementor-element elementor-element-b45fb10 equipment-sub-titles elementor-widget elementor-widget-heading\" data-id=\"b45fb10\" data-element_type=\"widget\" data-widget_type=\"heading.default\">\n\t\t\t\t<div class=\"elementor-widget-container\">\n\t\t\t\t\t<h6 class=\"elementor-heading-title elementor-size-default\">CARACT\u00c9RISTIQUES\u202f:<\/h6>\t\t\t\t<\/div>\n\t\t\t\t<\/div>\n\t\t\t\t<div class=\"elementor-element elementor-element-9709387 elementor-widget elementor-widget-text-editor\" data-id=\"9709387\" data-element_type=\"widget\" data-widget_type=\"text-editor.default\">\n\t\t\t\t<div class=\"elementor-widget-container\">\n\t\t\t\t\t\t\t\t\t<ul class=\"special-list\">\n<li>50\u00b0C\u00a0 conditioning environment<\/li>\n<li>Contr\u00f4leur \u00e0 \u00e9cran tactile<\/li>\n<li>Capacit\u00e9 de 300 litres (dimensions personnalis\u00e9es disponibles sur demande)<\/li>\n<li>+\/-1\u00b0 C accuracy<\/li>\n<li>Mat\u00e9riau int\u00e9rieur en acier inoxydable<\/li>\n<li>Syst\u00e8me de circulation du flux d'air int\u00e9rieur<\/li>\n<li>Heat recovering time up to 150\u00b0 C in 3-4 mins<\/li>\n<\/ul>\t\t\t\t\t\t\t\t<\/div>\n\t\t\t\t<\/div>\n\t\t\t\t<\/div>\n\t\t\t\t<\/div>\n\t\t\t\t<\/div>\n\t\t<div class=\"elementor-element elementor-element-4e632cd e-con-full elementor-hidden-mobile e-flex e-con e-child\" data-id=\"4e632cd\" data-element_type=\"container\">\n\t\t\t\t<div class=\"elementor-element elementor-element-ea87cf5 elementor-widget elementor-widget-image\" data-id=\"ea87cf5\" data-element_type=\"widget\" data-widget_type=\"image.default\">\n\t\t\t\t<div class=\"elementor-widget-container\">\n\t\t\t\t\t\t\t\t\t\t\t\t<figure class=\"wp-caption\">\n\t\t\t\t\t\t\t\t\t\t<img fetchpriority=\"high\" decoding=\"async\" width=\"1346\" height=\"1405\" src=\"https:\/\/www.cadexinc.com\/wp-content\/uploads\/2025\/03\/Oven-for-hot-conditioning_main.webp\" class=\"attachment-full size-full wp-image-16822\" alt=\"\" srcset=\"https:\/\/www.cadexinc.com\/wp-content\/uploads\/2025\/03\/Oven-for-hot-conditioning_main.webp 1346w, https:\/\/www.cadexinc.com\/wp-content\/uploads\/2025\/03\/Oven-for-hot-conditioning_main-287x300.webp 287w, https:\/\/www.cadexinc.com\/wp-content\/uploads\/2025\/03\/Oven-for-hot-conditioning_main-981x1024.webp 981w, https:\/\/www.cadexinc.com\/wp-content\/uploads\/2025\/03\/Oven-for-hot-conditioning_main-768x802.webp 768w, https:\/\/www.cadexinc.com\/wp-content\/uploads\/2025\/03\/Oven-for-hot-conditioning_main-11x12.webp 11w, https:\/\/www.cadexinc.com\/wp-content\/uploads\/2025\/03\/Oven-for-hot-conditioning_main-416x434.webp 416w\" sizes=\"(max-width: 1346px) 100vw, 1346px\" \/>\t\t\t\t\t\t\t\t\t\t\t<figcaption class=\"widget-image-caption wp-caption-text\"><div style=\"color:red;font-style:italic;text-align:right\">*L'image et les dimensions peuvent varier en fonction du mod\u00e8le disponible.<\/div><\/figcaption>\n\t\t\t\t\t\t\t\t\t\t<\/figure>\n\t\t\t\t\t\t\t\t\t<\/div>\n\t\t\t\t<\/div>\n\t\t\t\t<\/div>\n\t\t\t\t<\/div>\n\t\t\t\t<\/div>\n\t\t\t\t\t<\/div>\n\t\t\t\t<\/div>\n\t\t\t\t<\/div>","protected":false},"excerpt":{"rendered":"<p>*Image and dimensions may vary according to the model available DIMENSIONS (APPROX.): Length: 120.65 cm \/ 47.5 in Width:\u00a0 \u00a064.14 cm \/ 25.25 in Height: 171.45 cm \/ 67.5 in FEATURES: 50\u00b0C\u00a0 conditioning environment Touchscreen controller 300 liters capacity (custom dimension available upon request) +\/-1\u00b0 C accuracy Stainless steel interior material Interior air flow circulating [&hellip;]<\/p>","protected":false},"author":5,"featured_media":16822,"parent":3207,"menu_order":0,"comment_status":"closed","ping_status":"closed","template":"","meta":{"footnotes":""},"categories":[44],"class_list":["post-277","page","type-page","status-publish","has-post-thumbnail","hentry","category-conditioning-machines"],"_links":{"self":[{"href":"https:\/\/www.cadexinc.com\/fr\/wp-json\/wp\/v2\/pages\/277","targetHints":{"allow":["GET"]}}],"collection":[{"href":"https:\/\/www.cadexinc.com\/fr\/wp-json\/wp\/v2\/pages"}],"about":[{"href":"https:\/\/www.cadexinc.com\/fr\/wp-json\/wp\/v2\/types\/page"}],"author":[{"embeddable":true,"href":"https:\/\/www.cadexinc.com\/fr\/wp-json\/wp\/v2\/users\/5"}],"replies":[{"embeddable":true,"href":"https:\/\/www.cadexinc.com\/fr\/wp-json\/wp\/v2\/comments?post=277"}],"version-history":[{"count":38,"href":"https:\/\/www.cadexinc.com\/fr\/wp-json\/wp\/v2\/pages\/277\/revisions"}],"predecessor-version":[{"id":21133,"href":"https:\/\/www.cadexinc.com\/fr\/wp-json\/wp\/v2\/pages\/277\/revisions\/21133"}],"up":[{"embeddable":true,"href":"https:\/\/www.cadexinc.com\/fr\/wp-json\/wp\/v2\/pages\/3207"}],"wp:featuredmedia":[{"embeddable":true,"href":"https:\/\/www.cadexinc.com\/fr\/wp-json\/wp\/v2\/media\/16822"}],"wp:attachment":[{"href":"https:\/\/www.cadexinc.com\/fr\/wp-json\/wp\/v2\/media?parent=277"}],"wp:term":[{"taxonomy":"category","embeddable":true,"href":"https:\/\/www.cadexinc.com\/fr\/wp-json\/wp\/v2\/categories?post=277"}],"curies":[{"name":"wp","href":"https:\/\/api.w.org\/{rel}","templated":true}]}}