{"id":273,"date":"2022-05-17T13:51:31","date_gmt":"2022-05-17T17:51:31","guid":{"rendered":"http:\/\/www.cadexinc.com\/?page_id=273"},"modified":"2026-03-19T12:38:31","modified_gmt":"2026-03-19T16:38:31","slug":"machine-de-conditionnement-de-la-pluie","status":"publish","type":"page","link":"https:\/\/www.cadexinc.com\/fr\/equipement\/machines\/machines-de-conditionnement\/machine-de-conditionnement-de-la-pluie\/","title":{"rendered":"Machine de simulation de pluie"},"content":{"rendered":"<div data-elementor-type=\"wp-page\" data-elementor-id=\"273\" class=\"elementor elementor-273\">\n\t\t\t\t<div class=\"elementor-element elementor-element-b0e3fba elementor-hidden-desktop elementor-hidden-tablet e-flex e-con-boxed e-con e-parent\" data-id=\"b0e3fba\" data-element_type=\"container\">\n\t\t\t\t\t<div class=\"e-con-inner\">\n\t\t\t\t<div class=\"elementor-element elementor-element-7bda69b elementor-widget elementor-widget-image\" data-id=\"7bda69b\" data-element_type=\"widget\" data-widget_type=\"image.default\">\n\t\t\t\t<div class=\"elementor-widget-container\">\n\t\t\t\t\t\t\t\t\t\t\t\t\t\t\t<img fetchpriority=\"high\" decoding=\"async\" width=\"1600\" height=\"1661\" src=\"https:\/\/www.cadexinc.com\/wp-content\/uploads\/2026\/02\/Rain-conditioning-machine-main-machine.webp\" class=\"attachment-full size-full wp-image-20626\" alt=\"\" srcset=\"https:\/\/www.cadexinc.com\/wp-content\/uploads\/2026\/02\/Rain-conditioning-machine-main-machine.webp 1600w, https:\/\/www.cadexinc.com\/wp-content\/uploads\/2026\/02\/Rain-conditioning-machine-main-machine-289x300.webp 289w, https:\/\/www.cadexinc.com\/wp-content\/uploads\/2026\/02\/Rain-conditioning-machine-main-machine-986x1024.webp 986w, https:\/\/www.cadexinc.com\/wp-content\/uploads\/2026\/02\/Rain-conditioning-machine-main-machine-768x797.webp 768w, https:\/\/www.cadexinc.com\/wp-content\/uploads\/2026\/02\/Rain-conditioning-machine-main-machine-1480x1536.webp 1480w, https:\/\/www.cadexinc.com\/wp-content\/uploads\/2026\/02\/Rain-conditioning-machine-main-machine-12x12.webp 12w, https:\/\/www.cadexinc.com\/wp-content\/uploads\/2026\/02\/Rain-conditioning-machine-main-machine-416x432.webp 416w\" sizes=\"(max-width: 1600px) 100vw, 1600px\" \/>\t\t\t\t\t\t\t\t\t\t\t\t\t\t\t<\/div>\n\t\t\t\t<\/div>\n\t\t\t\t\t<\/div>\n\t\t\t\t<\/div>\n\t\t<div class=\"elementor-element elementor-element-1821632 e-flex e-con-boxed e-con e-parent\" data-id=\"1821632\" data-element_type=\"container\">\n\t\t\t\t\t<div class=\"e-con-inner\">\n\t\t<div class=\"elementor-element elementor-element-54081ae e-con-full e-flex e-con e-child\" data-id=\"54081ae\" data-element_type=\"container\">\n\t\t<div class=\"elementor-element elementor-element-b980e0e e-con-full e-flex e-con e-child\" data-id=\"b980e0e\" data-element_type=\"container\">\n\t\t<div class=\"elementor-element elementor-element-377259b e-con-full equipment-main-right-block e-flex e-con e-child\" data-id=\"377259b\" data-element_type=\"container\">\n\t\t<div class=\"elementor-element elementor-element-81f8401 e-con-full e-flex e-con e-child\" data-id=\"81f8401\" data-element_type=\"container\">\n\t\t\t\t<div class=\"elementor-element elementor-element-b38ad20 elementor-widget elementor-widget-text-editor\" data-id=\"b38ad20\" data-element_type=\"widget\" data-widget_type=\"text-editor.default\">\n\t\t\t\t<div class=\"elementor-widget-container\">\n\t\t\t\t\t\t\t\t\t<p class=\"cdx-title cdx-text-align-justify\">La machine de simulation de pluie Cadex est con\u00e7ue et fabriqu\u00e9e conform\u00e9ment \u00e0 la norme ECE 22. L\u2019\u00e9cran tactile permet de r\u00e9gler une alarme, offrant la possibilit\u00e9 de d\u00e9finir des dur\u00e9es diff\u00e9rentes pour chaque poste de casque.<\/p>\t\t\t\t\t\t\t\t<\/div>\n\t\t\t\t<\/div>\n\t\t\t\t<div class=\"elementor-element elementor-element-1e3698f equipment-sub-titles elementor-widget elementor-widget-heading\" data-id=\"1e3698f\" data-element_type=\"widget\" data-widget_type=\"heading.default\">\n\t\t\t\t<div class=\"elementor-widget-container\">\n\t\t\t\t\t<h6 class=\"elementor-heading-title elementor-size-default\">DIMENSIONS (APPROX.) :<\/h6>\t\t\t\t<\/div>\n\t\t\t\t<\/div>\n\t\t\t\t<div class=\"elementor-element elementor-element-ba1e37c elementor-widget elementor-widget-text-editor\" data-id=\"ba1e37c\" data-element_type=\"widget\" data-widget_type=\"text-editor.default\">\n\t\t\t\t<div class=\"elementor-widget-container\">\n\t\t\t\t\t\t\t\t\t<ul class=\"special-list\">\n \t<li>Longueur : 142,24 cm \/ 56 in<\/li>\n<li>Width:\u00a0 \u00a085.09 cm \/ 33.5 in<\/li>\n<li>Hauteur : 135,89 cm \/ 53,5 in<\/li>\n<\/ul>\t\t\t\t\t\t\t\t<\/div>\n\t\t\t\t<\/div>\n\t\t\t\t<div class=\"elementor-element elementor-element-e8cb089 equipment-sub-titles elementor-widget elementor-widget-heading\" data-id=\"e8cb089\" data-element_type=\"widget\" data-widget_type=\"heading.default\">\n\t\t\t\t<div class=\"elementor-widget-container\">\n\t\t\t\t\t<h6 class=\"elementor-heading-title elementor-size-default\">EXIGENCES\u202f:<\/h6>\t\t\t\t<\/div>\n\t\t\t\t<\/div>\n\t\t\t\t<div class=\"elementor-element elementor-element-aa831df elementor-widget elementor-widget-text-editor\" data-id=\"aa831df\" data-element_type=\"widget\" data-widget_type=\"text-editor.default\">\n\t\t\t\t<div class=\"elementor-widget-container\">\n\t\t\t\t\t\t\t\t\t<ul class=\"special-list\">\n<li>Power: 110v\/220v \u2013 50\/60 Hz<\/li>\n<li>Alimentation en air constante : 80 psi \u00e0 1 cfm<\/li>\n<\/ul>\t\t\t\t\t\t\t\t<\/div>\n\t\t\t\t<\/div>\n\t\t\t\t<div class=\"elementor-element elementor-element-6021b04 equipment-sub-titles elementor-widget elementor-widget-heading\" data-id=\"6021b04\" data-element_type=\"widget\" data-widget_type=\"heading.default\">\n\t\t\t\t<div class=\"elementor-widget-container\">\n\t\t\t\t\t<h6 class=\"elementor-heading-title elementor-size-default\">CARACT\u00c9RISTIQUES\u202f:<\/h6>\t\t\t\t<\/div>\n\t\t\t\t<\/div>\n\t\t\t\t<div class=\"elementor-element elementor-element-fb66ce6 elementor-widget elementor-widget-text-editor\" data-id=\"fb66ce6\" data-element_type=\"widget\" data-widget_type=\"text-editor.default\">\n\t\t\t\t<div class=\"elementor-widget-container\">\n\t\t\t\t\t\t\t\t\t<ul class=\"special-list\">\n<li>Minuterie \u00e0 \u00e9cran tactile<\/li>\n<li>Capacit\u00e9 : 4 casques<\/li>\n<li>Des nounours ind\u00e9pendants pour chaque poste de casque<\/li>\n<li>D\u00e9bit d'eau de 1 litre\/min (r\u00e9glable)<\/li>\n<li>Circuit d'eau recycl\u00e9e<\/li>\n<\/ul>\t\t\t\t\t\t\t\t<\/div>\n\t\t\t\t<\/div>\n\t\t\t\t<\/div>\n\t\t\t\t<\/div>\n\t\t\t\t<\/div>\n\t\t<div class=\"elementor-element elementor-element-bebb2b9 e-con-full elementor-hidden-mobile e-flex e-con e-child\" data-id=\"bebb2b9\" data-element_type=\"container\">\n\t\t\t\t<div class=\"elementor-element elementor-element-002b75e elementor-hidden-mobile elementor-widget elementor-widget-image\" data-id=\"002b75e\" data-element_type=\"widget\" data-widget_type=\"image.default\">\n\t\t\t\t<div class=\"elementor-widget-container\">\n\t\t\t\t\t\t\t\t\t\t\t\t\t\t\t<img fetchpriority=\"high\" decoding=\"async\" width=\"1600\" height=\"1661\" src=\"https:\/\/www.cadexinc.com\/wp-content\/uploads\/2026\/02\/Rain-conditioning-machine-main-machine.webp\" class=\"attachment-full size-full wp-image-20626\" alt=\"\" srcset=\"https:\/\/www.cadexinc.com\/wp-content\/uploads\/2026\/02\/Rain-conditioning-machine-main-machine.webp 1600w, https:\/\/www.cadexinc.com\/wp-content\/uploads\/2026\/02\/Rain-conditioning-machine-main-machine-289x300.webp 289w, https:\/\/www.cadexinc.com\/wp-content\/uploads\/2026\/02\/Rain-conditioning-machine-main-machine-986x1024.webp 986w, https:\/\/www.cadexinc.com\/wp-content\/uploads\/2026\/02\/Rain-conditioning-machine-main-machine-768x797.webp 768w, https:\/\/www.cadexinc.com\/wp-content\/uploads\/2026\/02\/Rain-conditioning-machine-main-machine-1480x1536.webp 1480w, https:\/\/www.cadexinc.com\/wp-content\/uploads\/2026\/02\/Rain-conditioning-machine-main-machine-12x12.webp 12w, https:\/\/www.cadexinc.com\/wp-content\/uploads\/2026\/02\/Rain-conditioning-machine-main-machine-416x432.webp 416w\" sizes=\"(max-width: 1600px) 100vw, 1600px\" \/>\t\t\t\t\t\t\t\t\t\t\t\t\t\t\t<\/div>\n\t\t\t\t<\/div>\n\t\t\t\t<\/div>\n\t\t\t\t<\/div>\n\t\t\t\t\t<\/div>\n\t\t\t\t<\/div>\n\t\t<div class=\"elementor-element elementor-element-ad169de e-grid e-con-boxed e-con e-parent\" data-id=\"ad169de\" data-element_type=\"container\">\n\t\t\t\t\t<div class=\"e-con-inner\">\n\t\t<div class=\"elementor-element elementor-element-7e3a66c e-con-full e-grid equipment-page-multi-image-box e-con e-child\" data-id=\"7e3a66c\" data-element_type=\"container\">\n\t\t<div class=\"elementor-element elementor-element-2dbb879 e-grid e-con-full equipment-images-left-block e-con e-child\" data-id=\"2dbb879\" data-element_type=\"container\">\n\t\t\t\t<div class=\"elementor-element elementor-element-71bbb84 elementor-widget elementor-widget-image\" data-id=\"71bbb84\" data-element_type=\"widget\" data-widget_type=\"image.default\">\n\t\t\t\t<div class=\"elementor-widget-container\">\n\t\t\t\t\t\t\t\t\t\t\t\t<figure class=\"wp-caption\">\n\t\t\t\t\t\t\t\t\t\t<img decoding=\"async\" width=\"900\" height=\"630\" src=\"https:\/\/www.cadexinc.com\/wp-content\/uploads\/2025\/03\/RCM-Helmet_supports.webp\" class=\"attachment-large size-large wp-image-17284\" alt=\"\" srcset=\"https:\/\/www.cadexinc.com\/wp-content\/uploads\/2025\/03\/RCM-Helmet_supports.webp 900w, https:\/\/www.cadexinc.com\/wp-content\/uploads\/2025\/03\/RCM-Helmet_supports-300x210.webp 300w, https:\/\/www.cadexinc.com\/wp-content\/uploads\/2025\/03\/RCM-Helmet_supports-768x538.webp 768w, https:\/\/www.cadexinc.com\/wp-content\/uploads\/2025\/03\/RCM-Helmet_supports-18x12.webp 18w, https:\/\/www.cadexinc.com\/wp-content\/uploads\/2025\/03\/RCM-Helmet_supports-416x291.webp 416w\" sizes=\"(max-width: 900px) 100vw, 900px\" \/>\t\t\t\t\t\t\t\t\t\t\t<figcaption class=\"widget-image-caption wp-caption-text\">Supports de casque (4x)<\/figcaption>\n\t\t\t\t\t\t\t\t\t\t<\/figure>\n\t\t\t\t\t\t\t\t\t<\/div>\n\t\t\t\t<\/div>\n\t\t\t\t<div class=\"elementor-element elementor-element-03b3e4b elementor-widget elementor-widget-image\" data-id=\"03b3e4b\" data-element_type=\"widget\" data-widget_type=\"image.default\">\n\t\t\t\t<div class=\"elementor-widget-container\">\n\t\t\t\t\t\t\t\t\t\t\t\t<figure class=\"wp-caption\">\n\t\t\t\t\t\t\t\t\t\t<img decoding=\"async\" width=\"900\" height=\"630\" src=\"https:\/\/www.cadexinc.com\/wp-content\/uploads\/2025\/03\/RCM-AdjustablePulverizing-nuzzle.webp\" class=\"attachment-large size-large wp-image-17283\" alt=\"\" srcset=\"https:\/\/www.cadexinc.com\/wp-content\/uploads\/2025\/03\/RCM-AdjustablePulverizing-nuzzle.webp 900w, https:\/\/www.cadexinc.com\/wp-content\/uploads\/2025\/03\/RCM-AdjustablePulverizing-nuzzle-300x210.webp 300w, https:\/\/www.cadexinc.com\/wp-content\/uploads\/2025\/03\/RCM-AdjustablePulverizing-nuzzle-768x538.webp 768w, https:\/\/www.cadexinc.com\/wp-content\/uploads\/2025\/03\/RCM-AdjustablePulverizing-nuzzle-18x12.webp 18w, https:\/\/www.cadexinc.com\/wp-content\/uploads\/2025\/03\/RCM-AdjustablePulverizing-nuzzle-416x291.webp 416w\" sizes=\"(max-width: 900px) 100vw, 900px\" \/>\t\t\t\t\t\t\t\t\t\t\t<figcaption class=\"widget-image-caption wp-caption-text\">Buse pulv\u00e9risatrice r\u00e9glable<\/figcaption>\n\t\t\t\t\t\t\t\t\t\t<\/figure>\n\t\t\t\t\t\t\t\t\t<\/div>\n\t\t\t\t<\/div>\n\t\t\t\t<\/div>\n\t\t\t\t<\/div>\n\t\t\t\t\t<\/div>\n\t\t\t\t<\/div>\n\t\t\t\t<\/div>","protected":false},"excerpt":{"rendered":"<p>The Cadex rain conditioning machine is designed and manufactured according to the ECE 22 standard. The touchscreen can be used to set an alarm, which gives the possibility to set different time for each helmet station. DIMENSIONS (APPROX.): Length: 142.24 cm \/ 56 in Width:\u00a0 \u00a085.09 cm \/ 33.5 in Height: 135.89 cm \/ 53.5 [&hellip;]<\/p>","protected":false},"author":5,"featured_media":10522,"parent":3207,"menu_order":0,"comment_status":"closed","ping_status":"closed","template":"","meta":{"footnotes":""},"categories":[44],"class_list":["post-273","page","type-page","status-publish","has-post-thumbnail","hentry","category-conditioning-machines"],"_links":{"self":[{"href":"https:\/\/www.cadexinc.com\/fr\/wp-json\/wp\/v2\/pages\/273","targetHints":{"allow":["GET"]}}],"collection":[{"href":"https:\/\/www.cadexinc.com\/fr\/wp-json\/wp\/v2\/pages"}],"about":[{"href":"https:\/\/www.cadexinc.com\/fr\/wp-json\/wp\/v2\/types\/page"}],"author":[{"embeddable":true,"href":"https:\/\/www.cadexinc.com\/fr\/wp-json\/wp\/v2\/users\/5"}],"replies":[{"embeddable":true,"href":"https:\/\/www.cadexinc.com\/fr\/wp-json\/wp\/v2\/comments?post=273"}],"version-history":[{"count":65,"href":"https:\/\/www.cadexinc.com\/fr\/wp-json\/wp\/v2\/pages\/273\/revisions"}],"predecessor-version":[{"id":21125,"href":"https:\/\/www.cadexinc.com\/fr\/wp-json\/wp\/v2\/pages\/273\/revisions\/21125"}],"up":[{"embeddable":true,"href":"https:\/\/www.cadexinc.com\/fr\/wp-json\/wp\/v2\/pages\/3207"}],"wp:featuredmedia":[{"embeddable":true,"href":"https:\/\/www.cadexinc.com\/fr\/wp-json\/wp\/v2\/media\/10522"}],"wp:attachment":[{"href":"https:\/\/www.cadexinc.com\/fr\/wp-json\/wp\/v2\/media?parent=273"}],"wp:term":[{"taxonomy":"category","embeddable":true,"href":"https:\/\/www.cadexinc.com\/fr\/wp-json\/wp\/v2\/categories?post=273"}],"curies":[{"name":"wp","href":"https:\/\/api.w.org\/{rel}","templated":true}]}}