{"id":271,"date":"2022-05-17T13:50:37","date_gmt":"2022-05-17T17:50:37","guid":{"rendered":"http:\/\/www.cadexinc.com\/?page_id=271"},"modified":"2026-03-19T12:27:49","modified_gmt":"2026-03-19T16:27:49","slug":"unite-de-chambre-uv","status":"publish","type":"page","link":"https:\/\/www.cadexinc.com\/fr\/equipement\/machines\/machines-de-conditionnement\/unite-de-chambre-uv\/","title":{"rendered":"Unit\u00e9 de chambre de conditionnement UV"},"content":{"rendered":"<div data-elementor-type=\"wp-page\" data-elementor-id=\"271\" class=\"elementor elementor-271\">\n\t\t\t\t<div class=\"elementor-element elementor-element-9d5abf0 elementor-hidden-desktop elementor-hidden-tablet e-flex e-con-boxed e-con e-parent\" data-id=\"9d5abf0\" data-element_type=\"container\">\n\t\t\t\t\t<div class=\"e-con-inner\">\n\t\t\t\t<div class=\"elementor-element elementor-element-06e9695 elementor-widget elementor-widget-image\" data-id=\"06e9695\" data-element_type=\"widget\" data-widget_type=\"image.default\">\n\t\t\t\t<div class=\"elementor-widget-container\">\n\t\t\t\t\t\t\t\t\t\t\t\t\t\t\t<img fetchpriority=\"high\" decoding=\"async\" width=\"1770\" height=\"2560\" src=\"https:\/\/www.cadexinc.com\/wp-content\/uploads\/2025\/09\/UV-Machine-1-scaled.webp\" class=\"attachment-full size-full wp-image-20406\" alt=\"\" srcset=\"https:\/\/www.cadexinc.com\/wp-content\/uploads\/2025\/09\/UV-Machine-1-scaled.webp 1770w, https:\/\/www.cadexinc.com\/wp-content\/uploads\/2025\/09\/UV-Machine-1-207x300.webp 207w, https:\/\/www.cadexinc.com\/wp-content\/uploads\/2025\/09\/UV-Machine-1-708x1024.webp 708w, https:\/\/www.cadexinc.com\/wp-content\/uploads\/2025\/09\/UV-Machine-1-768x1111.webp 768w, https:\/\/www.cadexinc.com\/wp-content\/uploads\/2025\/09\/UV-Machine-1-1062x1536.webp 1062w, https:\/\/www.cadexinc.com\/wp-content\/uploads\/2025\/09\/UV-Machine-1-1416x2048.webp 1416w, https:\/\/www.cadexinc.com\/wp-content\/uploads\/2025\/09\/UV-Machine-1-8x12.webp 8w, https:\/\/www.cadexinc.com\/wp-content\/uploads\/2025\/09\/UV-Machine-1-416x602.webp 416w\" sizes=\"(max-width: 1770px) 100vw, 1770px\" \/>\t\t\t\t\t\t\t\t\t\t\t\t\t\t\t<\/div>\n\t\t\t\t<\/div>\n\t\t\t\t\t<\/div>\n\t\t\t\t<\/div>\n\t\t<div class=\"elementor-element elementor-element-6fdea93 e-flex e-con-boxed e-con e-parent\" data-id=\"6fdea93\" data-element_type=\"container\">\n\t\t\t\t\t<div class=\"e-con-inner\">\n\t\t<div class=\"elementor-element elementor-element-071597e e-con-full e-flex e-con e-child\" data-id=\"071597e\" data-element_type=\"container\">\n\t\t<div class=\"elementor-element elementor-element-4c598c2 e-con-full e-flex e-con e-child\" data-id=\"4c598c2\" data-element_type=\"container\">\n\t\t<div class=\"elementor-element elementor-element-605aec5 e-con-full equipment-main-right-block e-flex e-con e-child\" data-id=\"605aec5\" data-element_type=\"container\">\n\t\t<div class=\"elementor-element elementor-element-24091c1 e-con-full e-flex e-con e-child\" data-id=\"24091c1\" data-element_type=\"container\">\n\t\t\t\t<div class=\"elementor-element elementor-element-45ed500 elementor-widget elementor-widget-text-editor\" data-id=\"45ed500\" data-element_type=\"widget\" data-widget_type=\"text-editor.default\">\n\t\t\t\t<div class=\"elementor-widget-container\">\n\t\t\t\t\t\t\t\t\t<p class=\"cdx-title cdx-text-align-justify\">L\u2019unit\u00e9 de chambre de conditionnement UV Cadex est con\u00e7ue et fabriqu\u00e9e pour respecter la r\u00e9glementation ECE\u202f22. L\u2019\u00e9cran tactile de commande permet de r\u00e9gler des alarmes, offrant la possibilit\u00e9 de d\u00e9finir des dur\u00e9es diff\u00e9rentes pour chaque poste de conditionnement.<\/p>\t\t\t\t\t\t\t\t<\/div>\n\t\t\t\t<\/div>\n\t\t\t\t<div class=\"elementor-element elementor-element-10a282e equipment-sub-titles elementor-widget elementor-widget-heading\" data-id=\"10a282e\" data-element_type=\"widget\" data-widget_type=\"heading.default\">\n\t\t\t\t<div class=\"elementor-widget-container\">\n\t\t\t\t\t<h6 class=\"elementor-heading-title elementor-size-default\">DIMENSIONS (APPROX.) :<\/h6>\t\t\t\t<\/div>\n\t\t\t\t<\/div>\n\t\t\t\t<div class=\"elementor-element elementor-element-257d04e elementor-widget elementor-widget-text-editor\" data-id=\"257d04e\" data-element_type=\"widget\" data-widget_type=\"text-editor.default\">\n\t\t\t\t<div class=\"elementor-widget-container\">\n\t\t\t\t\t\t\t\t\t<ul class=\"special-list\">\n<li>Longueur : 135,89 cm \/ 53,5 in<\/li>\n<li>Width:\u00a0 \u00a095.25 cm \/ 37.5 in<\/li>\n<li>Hauteur : 186,69 cm \/ 73,5 in<\/li>\n<\/ul>\t\t\t\t\t\t\t\t<\/div>\n\t\t\t\t<\/div>\n\t\t\t\t<div class=\"elementor-element elementor-element-deb3c7d equipment-sub-titles elementor-widget elementor-widget-heading\" data-id=\"deb3c7d\" data-element_type=\"widget\" data-widget_type=\"heading.default\">\n\t\t\t\t<div class=\"elementor-widget-container\">\n\t\t\t\t\t<h6 class=\"elementor-heading-title elementor-size-default\">EXIGENCES\u202f:<\/h6>\t\t\t\t<\/div>\n\t\t\t\t<\/div>\n\t\t\t\t<div class=\"elementor-element elementor-element-9b65d38 elementor-widget elementor-widget-text-editor\" data-id=\"9b65d38\" data-element_type=\"widget\" data-widget_type=\"text-editor.default\">\n\t\t\t\t<div class=\"elementor-widget-container\">\n\t\t\t\t\t\t\t\t\t<ul class=\"special-list\">\n<li>Power: 110v\/220v \u2013 50\/60 Hz<li>\n<\/ul>\t\t\t\t\t\t\t\t<\/div>\n\t\t\t\t<\/div>\n\t\t\t\t<div class=\"elementor-element elementor-element-0a73e18 equipment-sub-titles elementor-widget elementor-widget-heading\" data-id=\"0a73e18\" data-element_type=\"widget\" data-widget_type=\"heading.default\">\n\t\t\t\t<div class=\"elementor-widget-container\">\n\t\t\t\t\t<h6 class=\"elementor-heading-title elementor-size-default\">CARACT\u00c9RISTIQUES\u202f:<\/h6>\t\t\t\t<\/div>\n\t\t\t\t<\/div>\n\t\t\t\t<div class=\"elementor-element elementor-element-cb8d9ab elementor-widget elementor-widget-text-editor\" data-id=\"cb8d9ab\" data-element_type=\"widget\" data-widget_type=\"text-editor.default\">\n\t\t\t\t<div class=\"elementor-widget-container\">\n\t\t\t\t\t\t\t\t\t<ul class=\"special-list\">\n<li>Contr\u00f4leur \u00e0 \u00e9cran tactile<\/li>\n<li>150W or 450W Xenon filled quartz lamp<\/li>\n<li>4 ou 6 supports rotatifs ind\u00e9pendants<\/li>\n<li>Reflecting interior<\/li>\n<li>Interrupteur de s\u00e9curit\u00e9 de la porte<\/li>\n<\/ul>\t\t\t\t\t\t\t\t<\/div>\n\t\t\t\t<\/div>\n\t\t\t\t<\/div>\n\t\t<div class=\"elementor-element elementor-element-db6aa83 e-con-full e-grid equipment-page-multi-image-box e-con e-child\" data-id=\"db6aa83\" data-element_type=\"container\">\n\t\t<div class=\"elementor-element elementor-element-a6eacd6 e-grid e-con-full equipment-images-left-block e-con e-child\" data-id=\"a6eacd6\" data-element_type=\"container\">\n\t\t\t\t<div class=\"elementor-element elementor-element-0d1e2d9 elementor-widget elementor-widget-image\" data-id=\"0d1e2d9\" data-element_type=\"widget\" data-widget_type=\"image.default\">\n\t\t\t\t<div class=\"elementor-widget-container\">\n\t\t\t\t\t\t\t\t\t\t\t\t<figure class=\"wp-caption\">\n\t\t\t\t\t\t\t\t\t\t<img decoding=\"async\" width=\"802\" height=\"455\" src=\"https:\/\/www.cadexinc.com\/wp-content\/uploads\/2025\/09\/UV-Machine-2.webp\" class=\"attachment-large size-large wp-image-20407\" alt=\"\" srcset=\"https:\/\/www.cadexinc.com\/wp-content\/uploads\/2025\/09\/UV-Machine-2.webp 802w, https:\/\/www.cadexinc.com\/wp-content\/uploads\/2025\/09\/UV-Machine-2-300x170.webp 300w, https:\/\/www.cadexinc.com\/wp-content\/uploads\/2025\/09\/UV-Machine-2-768x436.webp 768w, https:\/\/www.cadexinc.com\/wp-content\/uploads\/2025\/09\/UV-Machine-2-18x10.webp 18w, https:\/\/www.cadexinc.com\/wp-content\/uploads\/2025\/09\/UV-Machine-2-416x236.webp 416w\" sizes=\"(max-width: 802px) 100vw, 802px\" \/>\t\t\t\t\t\t\t\t\t\t\t<figcaption class=\"widget-image-caption wp-caption-text\">R\u00e9glementation ECE\u202f22<\/figcaption>\n\t\t\t\t\t\t\t\t\t\t<\/figure>\n\t\t\t\t\t\t\t\t\t<\/div>\n\t\t\t\t<\/div>\n\t\t\t\t<div class=\"elementor-element elementor-element-57adc12 elementor-widget elementor-widget-image\" data-id=\"57adc12\" data-element_type=\"widget\" data-widget_type=\"image.default\">\n\t\t\t\t<div class=\"elementor-widget-container\">\n\t\t\t\t\t\t\t\t\t\t\t\t<figure class=\"wp-caption\">\n\t\t\t\t\t\t\t\t\t\t<img decoding=\"async\" width=\"802\" height=\"455\" src=\"https:\/\/www.cadexinc.com\/wp-content\/uploads\/2025\/09\/UV-Machine-3.webp\" class=\"attachment-large size-large wp-image-20408\" alt=\"\" srcset=\"https:\/\/www.cadexinc.com\/wp-content\/uploads\/2025\/09\/UV-Machine-3.webp 802w, https:\/\/www.cadexinc.com\/wp-content\/uploads\/2025\/09\/UV-Machine-3-300x170.webp 300w, https:\/\/www.cadexinc.com\/wp-content\/uploads\/2025\/09\/UV-Machine-3-768x436.webp 768w, https:\/\/www.cadexinc.com\/wp-content\/uploads\/2025\/09\/UV-Machine-3-18x10.webp 18w, https:\/\/www.cadexinc.com\/wp-content\/uploads\/2025\/09\/UV-Machine-3-416x236.webp 416w\" sizes=\"(max-width: 802px) 100vw, 802px\" \/>\t\t\t\t\t\t\t\t\t\t\t<figcaption class=\"widget-image-caption wp-caption-text\">Accessoires optionnels pour la norme EN\u202f13087\u20111<\/figcaption>\n\t\t\t\t\t\t\t\t\t\t<\/figure>\n\t\t\t\t\t\t\t\t\t<\/div>\n\t\t\t\t<\/div>\n\t\t\t\t<\/div>\n\t\t\t\t<\/div>\n\t\t\t\t<\/div>\n\t\t\t\t<\/div>\n\t\t<div class=\"elementor-element elementor-element-6bf769f e-con-full e-flex e-con e-child\" data-id=\"6bf769f\" data-element_type=\"container\">\n\t\t\t\t<div class=\"elementor-element elementor-element-1064c23 elementor-hidden-mobile elementor-widget elementor-widget-image\" data-id=\"1064c23\" data-element_type=\"widget\" data-widget_type=\"image.default\">\n\t\t\t\t<div class=\"elementor-widget-container\">\n\t\t\t\t\t\t\t\t\t\t\t\t\t\t\t<img fetchpriority=\"high\" decoding=\"async\" width=\"1770\" height=\"2560\" src=\"https:\/\/www.cadexinc.com\/wp-content\/uploads\/2025\/09\/UV-Machine-1-scaled.webp\" class=\"attachment-full size-full wp-image-20406\" alt=\"\" srcset=\"https:\/\/www.cadexinc.com\/wp-content\/uploads\/2025\/09\/UV-Machine-1-scaled.webp 1770w, https:\/\/www.cadexinc.com\/wp-content\/uploads\/2025\/09\/UV-Machine-1-207x300.webp 207w, https:\/\/www.cadexinc.com\/wp-content\/uploads\/2025\/09\/UV-Machine-1-708x1024.webp 708w, https:\/\/www.cadexinc.com\/wp-content\/uploads\/2025\/09\/UV-Machine-1-768x1111.webp 768w, https:\/\/www.cadexinc.com\/wp-content\/uploads\/2025\/09\/UV-Machine-1-1062x1536.webp 1062w, https:\/\/www.cadexinc.com\/wp-content\/uploads\/2025\/09\/UV-Machine-1-1416x2048.webp 1416w, https:\/\/www.cadexinc.com\/wp-content\/uploads\/2025\/09\/UV-Machine-1-8x12.webp 8w, https:\/\/www.cadexinc.com\/wp-content\/uploads\/2025\/09\/UV-Machine-1-416x602.webp 416w\" sizes=\"(max-width: 1770px) 100vw, 1770px\" \/>\t\t\t\t\t\t\t\t\t\t\t\t\t\t\t<\/div>\n\t\t\t\t<\/div>\n\t\t\t\t<\/div>\n\t\t\t\t<\/div>\n\t\t\t\t\t<\/div>\n\t\t\t\t<\/div>\n\t\t\t\t<\/div>","protected":false},"excerpt":{"rendered":"<p>The Cadex UV conditioning chamber unit is designed and manufactured to meet ECE 22 regulation. The touchscreen controller can be used to set alarms, which gives the possibility to set different time for each conditioning stand. DIMENSIONS (APPROX.): Length: 135.89 cm \/ 53.5 in Width:\u00a0 \u00a095.25 cm \/ 37.5 in Height: 186.69 cm \/ 73.5 [&hellip;]<\/p>","protected":false},"author":5,"featured_media":16812,"parent":3207,"menu_order":0,"comment_status":"closed","ping_status":"closed","template":"","meta":{"footnotes":""},"categories":[44],"class_list":["post-271","page","type-page","status-publish","has-post-thumbnail","hentry","category-conditioning-machines"],"_links":{"self":[{"href":"https:\/\/www.cadexinc.com\/fr\/wp-json\/wp\/v2\/pages\/271","targetHints":{"allow":["GET"]}}],"collection":[{"href":"https:\/\/www.cadexinc.com\/fr\/wp-json\/wp\/v2\/pages"}],"about":[{"href":"https:\/\/www.cadexinc.com\/fr\/wp-json\/wp\/v2\/types\/page"}],"author":[{"embeddable":true,"href":"https:\/\/www.cadexinc.com\/fr\/wp-json\/wp\/v2\/users\/5"}],"replies":[{"embeddable":true,"href":"https:\/\/www.cadexinc.com\/fr\/wp-json\/wp\/v2\/comments?post=271"}],"version-history":[{"count":73,"href":"https:\/\/www.cadexinc.com\/fr\/wp-json\/wp\/v2\/pages\/271\/revisions"}],"predecessor-version":[{"id":21121,"href":"https:\/\/www.cadexinc.com\/fr\/wp-json\/wp\/v2\/pages\/271\/revisions\/21121"}],"up":[{"embeddable":true,"href":"https:\/\/www.cadexinc.com\/fr\/wp-json\/wp\/v2\/pages\/3207"}],"wp:featuredmedia":[{"embeddable":true,"href":"https:\/\/www.cadexinc.com\/fr\/wp-json\/wp\/v2\/media\/16812"}],"wp:attachment":[{"href":"https:\/\/www.cadexinc.com\/fr\/wp-json\/wp\/v2\/media?parent=271"}],"wp:term":[{"taxonomy":"category","embeddable":true,"href":"https:\/\/www.cadexinc.com\/fr\/wp-json\/wp\/v2\/categories?post=271"}],"curies":[{"name":"wp","href":"https:\/\/api.w.org\/{rel}","templated":true}]}}