{"id":269,"date":"2022-05-17T13:49:21","date_gmt":"2022-05-17T17:49:21","guid":{"rendered":"http:\/\/www.cadexinc.com\/?page_id=269"},"modified":"2026-03-18T12:38:16","modified_gmt":"2026-03-18T16:38:16","slug":"roll-off-bsi","status":"publish","type":"page","link":"https:\/\/www.cadexinc.com\/fr\/equipement\/machines\/machines-a-rouler\/roll-off-bsi\/","title":{"rendered":"Machine de roll-off BSI"},"content":{"rendered":"<div data-elementor-type=\"wp-page\" data-elementor-id=\"269\" class=\"elementor elementor-269\">\n\t\t\t\t<div class=\"elementor-element elementor-element-3e74be2 elementor-hidden-desktop elementor-hidden-tablet e-flex e-con-boxed e-con e-parent\" data-id=\"3e74be2\" data-element_type=\"container\">\n\t\t\t\t\t<div class=\"e-con-inner\">\n\t\t\t\t<div class=\"elementor-element elementor-element-6e4b4bb elementor-widget elementor-widget-image\" data-id=\"6e4b4bb\" data-element_type=\"widget\" data-widget_type=\"image.default\">\n\t\t\t\t<div class=\"elementor-widget-container\">\n\t\t\t\t\t\t\t\t\t\t\t\t\t\t\t<img fetchpriority=\"high\" decoding=\"async\" width=\"890\" height=\"1785\" src=\"https:\/\/www.cadexinc.com\/wp-content\/uploads\/2023\/07\/Roll-Off-BSI_new.webp\" class=\"attachment-2048x2048 size-2048x2048 wp-image-11959\" alt=\"\" srcset=\"https:\/\/www.cadexinc.com\/wp-content\/uploads\/2023\/07\/Roll-Off-BSI_new.webp 890w, https:\/\/www.cadexinc.com\/wp-content\/uploads\/2023\/07\/Roll-Off-BSI_new-150x300.webp 150w, https:\/\/www.cadexinc.com\/wp-content\/uploads\/2023\/07\/Roll-Off-BSI_new-511x1024.webp 511w, https:\/\/www.cadexinc.com\/wp-content\/uploads\/2023\/07\/Roll-Off-BSI_new-768x1540.webp 768w, https:\/\/www.cadexinc.com\/wp-content\/uploads\/2023\/07\/Roll-Off-BSI_new-766x1536.webp 766w, https:\/\/www.cadexinc.com\/wp-content\/uploads\/2023\/07\/Roll-Off-BSI_new-416x834.webp 416w\" sizes=\"(max-width: 890px) 100vw, 890px\" \/>\t\t\t\t\t\t\t\t\t\t\t\t\t\t\t<\/div>\n\t\t\t\t<\/div>\n\t\t\t\t\t<\/div>\n\t\t\t\t<\/div>\n\t\t<div class=\"elementor-element elementor-element-037ebe3 e-flex e-con-boxed e-con e-parent\" data-id=\"037ebe3\" data-element_type=\"container\">\n\t\t\t\t\t<div class=\"e-con-inner\">\n\t\t<div class=\"elementor-element elementor-element-39a9542 e-con-full e-flex e-con e-child\" data-id=\"39a9542\" data-element_type=\"container\">\n\t\t<div class=\"elementor-element elementor-element-b92c570 e-con-full equipment-main-right-block e-flex e-con e-child\" data-id=\"b92c570\" data-element_type=\"container\">\n\t\t<div class=\"elementor-element elementor-element-2369974 e-con-full e-flex e-con e-child\" data-id=\"2369974\" data-element_type=\"container\">\n\t\t\t\t<div class=\"elementor-element elementor-element-24c6917 elementor-widget elementor-widget-text-editor\" data-id=\"24c6917\" data-element_type=\"widget\" data-widget_type=\"text-editor.default\">\n\t\t\t\t<div class=\"elementor-widget-container\">\n\t\t\t\t\t\t\t\t\t<p class=\"cdx-title cdx-text-align-justify\">La machine de roll-off BSI Cadex est con\u00e7ue et fabriqu\u00e9e pour tester l\u2019efficacit\u00e9 de la jugulaire. Elle r\u00e9pond aux exigences des normes BSI\u202f6658, Indon\u00e9sie, ainsi qu\u2019\u00e0 d\u2019autres standards.<\/p>\t\t\t\t\t\t\t\t<\/div>\n\t\t\t\t<\/div>\n\t\t\t\t<div class=\"elementor-element elementor-element-60a226c equipment-sub-titles elementor-widget elementor-widget-heading\" data-id=\"60a226c\" data-element_type=\"widget\" data-widget_type=\"heading.default\">\n\t\t\t\t<div class=\"elementor-widget-container\">\n\t\t\t\t\t<h6 class=\"elementor-heading-title elementor-size-default\">DIMENSIONS (APPROX.) :<\/h6>\t\t\t\t<\/div>\n\t\t\t\t<\/div>\n\t\t\t\t<div class=\"elementor-element elementor-element-555c082 elementor-widget elementor-widget-text-editor\" data-id=\"555c082\" data-element_type=\"widget\" data-widget_type=\"text-editor.default\">\n\t\t\t\t<div class=\"elementor-widget-container\">\n\t\t\t\t\t\t\t\t\t<ul class=\"special-list\">\n<li>Longueur : 101,3 cm \/ 39,88 in<\/li>\n<li>Width:\u00a0 \u00a055.88 cm \/ 22 in<\/li>\n<li>Hauteur : 195,58 cm \/ 77 in<\/li>\n<\/ul>\t\t\t\t\t\t\t\t<\/div>\n\t\t\t\t<\/div>\n\t\t\t\t<div class=\"elementor-element elementor-element-38b94a1 equipment-sub-titles elementor-widget elementor-widget-heading\" data-id=\"38b94a1\" data-element_type=\"widget\" data-widget_type=\"heading.default\">\n\t\t\t\t<div class=\"elementor-widget-container\">\n\t\t\t\t\t<h6 class=\"elementor-heading-title elementor-size-default\">CARACT\u00c9RISTIQUES\u202f:<\/h6>\t\t\t\t<\/div>\n\t\t\t\t<\/div>\n\t\t\t\t<div class=\"elementor-element elementor-element-f0d54f3 elementor-widget elementor-widget-text-editor\" data-id=\"f0d54f3\" data-element_type=\"widget\" data-widget_type=\"text-editor.default\">\n\t\t\t\t<div class=\"elementor-widget-container\">\n\t\t\t\t\t\t\t\t\t<ul class=\"special-list\">\n<li>Syst\u00e8me manuel de largage de masse<\/li>\n<li>R\u00e8gle de r\u00e9f\u00e9rence lat\u00e9rale avec z\u00e9ro r\u00e9glable<\/li>\n<li>Hauteur de chute r\u00e9glable<\/li>\n<li>Masse tombante ajust\u00e9e \u00e0 la norme sp\u00e9cifi\u00e9e<\/li>\n<li>Headform covered with wig\nincluded (as per BSI 6658)<\/li>\n<\/ul>\n\t\t\t\t\t\t\t\t<\/div>\n\t\t\t\t<\/div>\n\t\t\t\t<\/div>\n\t\t<div class=\"elementor-element elementor-element-0287c79 e-con-full e-grid equipment-page-multi-image-box e-con e-child\" data-id=\"0287c79\" data-element_type=\"container\">\n\t\t<div class=\"elementor-element elementor-element-256275a e-grid e-con-full equipment-images-left-block e-con e-child\" data-id=\"256275a\" data-element_type=\"container\">\n\t\t\t\t<div class=\"elementor-element elementor-element-d1423de elementor-widget elementor-widget-image\" data-id=\"d1423de\" data-element_type=\"widget\" data-widget_type=\"image.default\">\n\t\t\t\t<div class=\"elementor-widget-container\">\n\t\t\t\t\t\t\t\t\t\t\t\t<figure class=\"wp-caption\">\n\t\t\t\t\t\t\t\t\t\t<img decoding=\"async\" width=\"508\" height=\"507\" src=\"https:\/\/www.cadexinc.com\/wp-content\/uploads\/2023\/07\/Roll-Off-BSI_Headform_Covered.webp\" class=\"attachment-large size-large wp-image-11776\" alt=\"\" srcset=\"https:\/\/www.cadexinc.com\/wp-content\/uploads\/2023\/07\/Roll-Off-BSI_Headform_Covered.webp 508w, https:\/\/www.cadexinc.com\/wp-content\/uploads\/2023\/07\/Roll-Off-BSI_Headform_Covered-300x300.webp 300w, https:\/\/www.cadexinc.com\/wp-content\/uploads\/2023\/07\/Roll-Off-BSI_Headform_Covered-150x150.webp 150w, https:\/\/www.cadexinc.com\/wp-content\/uploads\/2023\/07\/Roll-Off-BSI_Headform_Covered-416x415.webp 416w, https:\/\/www.cadexinc.com\/wp-content\/uploads\/2023\/07\/Roll-Off-BSI_Headform_Covered-100x100.webp 100w, https:\/\/www.cadexinc.com\/wp-content\/uploads\/2023\/07\/Roll-Off-BSI_Headform_Covered-50x50.webp 50w\" sizes=\"(max-width: 508px) 100vw, 508px\" \/>\t\t\t\t\t\t\t\t\t\t\t<figcaption class=\"widget-image-caption wp-caption-text\">Forme de t\u00eate recouverte d\u2019une perruque incluse (conform\u00e9ment \u00e0 la norme BSI\u202f6658)<\/figcaption>\n\t\t\t\t\t\t\t\t\t\t<\/figure>\n\t\t\t\t\t\t\t\t\t<\/div>\n\t\t\t\t<\/div>\n\t\t\t\t<\/div>\n\t\t<div class=\"elementor-element elementor-element-5be1caf e-grid e-con-full e-con e-child\" data-id=\"5be1caf\" data-element_type=\"container\">\n\t\t\t\t<div class=\"elementor-element elementor-element-8563205 elementor-widget elementor-widget-image\" data-id=\"8563205\" data-element_type=\"widget\" data-widget_type=\"image.default\">\n\t\t\t\t<div class=\"elementor-widget-container\">\n\t\t\t\t\t\t\t\t\t\t\t\t<figure class=\"wp-caption\">\n\t\t\t\t\t\t\t\t\t\t<img decoding=\"async\" width=\"238\" height=\"523\" src=\"https:\/\/www.cadexinc.com\/wp-content\/uploads\/2023\/07\/Roll-Off-BSI_Shown_with_motorcycle_helmet.webp\" class=\"attachment-full size-full wp-image-11779\" alt=\"\" srcset=\"https:\/\/www.cadexinc.com\/wp-content\/uploads\/2023\/07\/Roll-Off-BSI_Shown_with_motorcycle_helmet.webp 238w, https:\/\/www.cadexinc.com\/wp-content\/uploads\/2023\/07\/Roll-Off-BSI_Shown_with_motorcycle_helmet-137x300.webp 137w\" sizes=\"(max-width: 238px) 100vw, 238px\" \/>\t\t\t\t\t\t\t\t\t\t\t<figcaption class=\"widget-image-caption wp-caption-text\">Pr\u00e9sent\u00e9 avec casque de moto<\/figcaption>\n\t\t\t\t\t\t\t\t\t\t<\/figure>\n\t\t\t\t\t\t\t\t\t<\/div>\n\t\t\t\t<\/div>\n\t\t\t\t<\/div>\n\t\t\t\t<\/div>\n\t\t<div class=\"elementor-element elementor-element-df7cacf e-con-full e-grid equipment-page-multi-image-box e-con e-child\" data-id=\"df7cacf\" data-element_type=\"container\">\n\t\t<div class=\"elementor-element elementor-element-678b713 e-grid e-con-full equipment-images-left-block e-con e-child\" data-id=\"678b713\" data-element_type=\"container\">\n\t\t\t\t<div class=\"elementor-element elementor-element-ab78f40 elementor-widget elementor-widget-image\" data-id=\"ab78f40\" data-element_type=\"widget\" data-widget_type=\"image.default\">\n\t\t\t\t<div class=\"elementor-widget-container\">\n\t\t\t\t\t\t\t\t\t\t\t\t<figure class=\"wp-caption\">\n\t\t\t\t\t\t\t\t\t\t<img loading=\"lazy\" decoding=\"async\" width=\"443\" height=\"468\" src=\"https:\/\/www.cadexinc.com\/wp-content\/uploads\/2025\/03\/Roll-off-BSI-machine-mod-headform.webp\" class=\"attachment-full size-full wp-image-16438\" alt=\"\" srcset=\"https:\/\/www.cadexinc.com\/wp-content\/uploads\/2025\/03\/Roll-off-BSI-machine-mod-headform.webp 443w, https:\/\/www.cadexinc.com\/wp-content\/uploads\/2025\/03\/Roll-off-BSI-machine-mod-headform-284x300.webp 284w, https:\/\/www.cadexinc.com\/wp-content\/uploads\/2025\/03\/Roll-off-BSI-machine-mod-headform-11x12.webp 11w, https:\/\/www.cadexinc.com\/wp-content\/uploads\/2025\/03\/Roll-off-BSI-machine-mod-headform-416x439.webp 416w\" sizes=\"(max-width: 443px) 100vw, 443px\" \/>\t\t\t\t\t\t\t\t\t\t\t<figcaption class=\"widget-image-caption wp-caption-text\"><span style=\"text-decoration:underline;font-weight:bold\">Forme de t\u00eate modifi\u00e9e :<\/span><br><ul style=\"font-size:12px !important;text-align:left;padding-right:10px\"><li>Recouverte d\u2019une perruque, avec des cheveux en acrylique de 70\u202fmm de long<\/li><li>Diam\u00e8tre de la forme de t\u00eate\u202f: 575 \u00b1 5\u202fmm<\/li><li>Cou de la forme de t\u00eate de test prolong\u00e9 de 50\u202fmm<\/li><li>Gorge et dessous de la m\u00e2choire remplac\u00e9s par une mousse de poly\u00e9thyl\u00e8ne d\u2019une densit\u00e9 de 40\u202fkg\/m\u00b3<\/li><\/ul><\/figcaption>\n\t\t\t\t\t\t\t\t\t\t<\/figure>\n\t\t\t\t\t\t\t\t\t<\/div>\n\t\t\t\t<\/div>\n\t\t\t\t<\/div>\n\t\t\t\t<\/div>\n\t\t\t\t<\/div>\n\t\t\t\t<\/div>\n\t\t<div class=\"elementor-element elementor-element-56d10b1 e-con-full e-flex e-con e-child\" data-id=\"56d10b1\" data-element_type=\"container\">\n\t\t\t\t<div class=\"elementor-element elementor-element-cbaa063 elementor-hidden-mobile elementor-widget elementor-widget-image\" data-id=\"cbaa063\" data-element_type=\"widget\" data-widget_type=\"image.default\">\n\t\t\t\t<div class=\"elementor-widget-container\">\n\t\t\t\t\t\t\t\t\t\t\t\t\t\t\t<img loading=\"lazy\" decoding=\"async\" width=\"511\" height=\"1024\" src=\"https:\/\/www.cadexinc.com\/wp-content\/uploads\/2023\/07\/Roll-Off-BSI_new-511x1024.webp\" class=\"attachment-large size-large wp-image-11959\" alt=\"\" srcset=\"https:\/\/www.cadexinc.com\/wp-content\/uploads\/2023\/07\/Roll-Off-BSI_new-511x1024.webp 511w, https:\/\/www.cadexinc.com\/wp-content\/uploads\/2023\/07\/Roll-Off-BSI_new-150x300.webp 150w, https:\/\/www.cadexinc.com\/wp-content\/uploads\/2023\/07\/Roll-Off-BSI_new-768x1540.webp 768w, https:\/\/www.cadexinc.com\/wp-content\/uploads\/2023\/07\/Roll-Off-BSI_new-766x1536.webp 766w, https:\/\/www.cadexinc.com\/wp-content\/uploads\/2023\/07\/Roll-Off-BSI_new-416x834.webp 416w, https:\/\/www.cadexinc.com\/wp-content\/uploads\/2023\/07\/Roll-Off-BSI_new.webp 890w\" sizes=\"(max-width: 511px) 100vw, 511px\" \/>\t\t\t\t\t\t\t\t\t\t\t\t\t\t\t<\/div>\n\t\t\t\t<\/div>\n\t\t\t\t<\/div>\n\t\t\t\t\t<\/div>\n\t\t\t\t<\/div>\n\t\t\t\t<\/div>","protected":false},"excerpt":{"rendered":"<p>The Cadex BSI roll off machine is designed and manufactured for testing chin strap effectiveness. Meets BSI 6658, Indonesia and other standards requirements. DIMENSIONS (APPROX.): Length: 101.3 cm \/ 39.88 in Width:\u00a0 \u00a055.88 cm \/ 22 in Height: 195.58 cm \/ 77 in FEATURES: Manual drop mass release system Side reference ruler with adjustable zero [&hellip;]<\/p>","protected":false},"author":5,"featured_media":11959,"parent":3196,"menu_order":0,"comment_status":"closed","ping_status":"closed","template":"","meta":{"footnotes":""},"categories":[43],"class_list":["post-269","page","type-page","status-publish","has-post-thumbnail","hentry","category-roll-off"],"_links":{"self":[{"href":"https:\/\/www.cadexinc.com\/fr\/wp-json\/wp\/v2\/pages\/269","targetHints":{"allow":["GET"]}}],"collection":[{"href":"https:\/\/www.cadexinc.com\/fr\/wp-json\/wp\/v2\/pages"}],"about":[{"href":"https:\/\/www.cadexinc.com\/fr\/wp-json\/wp\/v2\/types\/page"}],"author":[{"embeddable":true,"href":"https:\/\/www.cadexinc.com\/fr\/wp-json\/wp\/v2\/users\/5"}],"replies":[{"embeddable":true,"href":"https:\/\/www.cadexinc.com\/fr\/wp-json\/wp\/v2\/comments?post=269"}],"version-history":[{"count":184,"href":"https:\/\/www.cadexinc.com\/fr\/wp-json\/wp\/v2\/pages\/269\/revisions"}],"predecessor-version":[{"id":21033,"href":"https:\/\/www.cadexinc.com\/fr\/wp-json\/wp\/v2\/pages\/269\/revisions\/21033"}],"up":[{"embeddable":true,"href":"https:\/\/www.cadexinc.com\/fr\/wp-json\/wp\/v2\/pages\/3196"}],"wp:featuredmedia":[{"embeddable":true,"href":"https:\/\/www.cadexinc.com\/fr\/wp-json\/wp\/v2\/media\/11959"}],"wp:attachment":[{"href":"https:\/\/www.cadexinc.com\/fr\/wp-json\/wp\/v2\/media?parent=269"}],"wp:term":[{"taxonomy":"category","embeddable":true,"href":"https:\/\/www.cadexinc.com\/fr\/wp-json\/wp\/v2\/categories?post=269"}],"curies":[{"name":"wp","href":"https:\/\/api.w.org\/{rel}","templated":true}]}}