{"id":265,"date":"2022-05-17T13:48:37","date_gmt":"2022-05-17T17:48:37","guid":{"rendered":"http:\/\/www.cadexinc.com\/?page_id=265"},"modified":"2026-03-18T11:54:00","modified_gmt":"2026-03-18T15:54:00","slug":"roll-off-australien","status":"publish","type":"page","link":"https:\/\/www.cadexinc.com\/fr\/equipement\/machines\/machines-a-rouler\/roll-off-australien\/","title":{"rendered":"Machine de roll-off statique australienne"},"content":{"rendered":"<div data-elementor-type=\"wp-page\" data-elementor-id=\"265\" class=\"elementor elementor-265\">\n\t\t\t\t<div class=\"elementor-element elementor-element-672dede elementor-hidden-desktop elementor-hidden-tablet e-flex e-con-boxed e-con e-parent\" data-id=\"672dede\" data-element_type=\"container\">\n\t\t\t\t\t<div class=\"e-con-inner\">\n\t\t\t\t<div class=\"elementor-element elementor-element-114524c elementor-widget elementor-widget-image\" data-id=\"114524c\" data-element_type=\"widget\" data-widget_type=\"image.default\">\n\t\t\t\t<div class=\"elementor-widget-container\">\n\t\t\t\t\t\t\t\t\t\t\t\t\t\t\t<img fetchpriority=\"high\" decoding=\"async\" width=\"922\" height=\"944\" src=\"https:\/\/www.cadexinc.com\/wp-content\/uploads\/2023\/07\/Australian-Static-Roll-Off_new.webp\" class=\"attachment-2048x2048 size-2048x2048 wp-image-11879\" alt=\"\" srcset=\"https:\/\/www.cadexinc.com\/wp-content\/uploads\/2023\/07\/Australian-Static-Roll-Off_new.webp 922w, https:\/\/www.cadexinc.com\/wp-content\/uploads\/2023\/07\/Australian-Static-Roll-Off_new-293x300.webp 293w, https:\/\/www.cadexinc.com\/wp-content\/uploads\/2023\/07\/Australian-Static-Roll-Off_new-768x786.webp 768w, https:\/\/www.cadexinc.com\/wp-content\/uploads\/2023\/07\/Australian-Static-Roll-Off_new-416x426.webp 416w, https:\/\/www.cadexinc.com\/wp-content\/uploads\/2023\/07\/Australian-Static-Roll-Off_new-50x50.webp 50w\" sizes=\"(max-width: 922px) 100vw, 922px\" \/>\t\t\t\t\t\t\t\t\t\t\t\t\t\t\t<\/div>\n\t\t\t\t<\/div>\n\t\t\t\t\t<\/div>\n\t\t\t\t<\/div>\n\t\t<div class=\"elementor-element elementor-element-f52ff0d e-flex e-con-boxed e-con e-parent\" data-id=\"f52ff0d\" data-element_type=\"container\">\n\t\t\t\t\t<div class=\"e-con-inner\">\n\t\t<div class=\"elementor-element elementor-element-1f40125 e-con-full e-flex e-con e-child\" data-id=\"1f40125\" data-element_type=\"container\">\n\t\t<div class=\"elementor-element elementor-element-ba76c8a e-con-full equipment-main-right-block e-flex e-con e-child\" data-id=\"ba76c8a\" data-element_type=\"container\">\n\t\t<div class=\"elementor-element elementor-element-d2aa70e e-con-full e-flex e-con e-child\" data-id=\"d2aa70e\" data-element_type=\"container\">\n\t\t\t\t<div class=\"elementor-element elementor-element-0ff860c elementor-widget elementor-widget-text-editor\" data-id=\"0ff860c\" data-element_type=\"widget\" data-widget_type=\"text-editor.default\">\n\t\t\t\t<div class=\"elementor-widget-container\">\n\t\t\t\t\t\t\t\t\t<p class=\"cdx-title cdx-text-align-justify\">La machine de roll-off statique australienne Cadex est con\u00e7ue pour tester la stabilit\u00e9 statique conform\u00e9ment \u00e0 la norme AS\/NZS\u202f2512.7.1.<\/p>\t\t\t\t\t\t\t\t<\/div>\n\t\t\t\t<\/div>\n\t\t\t\t<div class=\"elementor-element elementor-element-df43c40 equipment-sub-titles elementor-widget elementor-widget-heading\" data-id=\"df43c40\" data-element_type=\"widget\" data-widget_type=\"heading.default\">\n\t\t\t\t<div class=\"elementor-widget-container\">\n\t\t\t\t\t<h6 class=\"elementor-heading-title elementor-size-default\">DIMENSIONS (APPROX.) :<\/h6>\t\t\t\t<\/div>\n\t\t\t\t<\/div>\n\t\t\t\t<div class=\"elementor-element elementor-element-e1484a6 elementor-widget elementor-widget-text-editor\" data-id=\"e1484a6\" data-element_type=\"widget\" data-widget_type=\"text-editor.default\">\n\t\t\t\t<div class=\"elementor-widget-container\">\n\t\t\t\t\t\t\t\t\t<ul class=\"special-list\">\n \t<li>Longueur : 48,26 cm \/ 19 in<\/li>\n \t<li>Width:\u00a0 \u00a051.13 cm \/ 20.13 in<\/li>\n \t<li>Hauteur : 59,06 cm \/ 23,25 in<\/li>\n<\/ul>\t\t\t\t\t\t\t\t<\/div>\n\t\t\t\t<\/div>\n\t\t\t\t<div class=\"elementor-element elementor-element-58d6f2c equipment-sub-titles elementor-widget elementor-widget-heading\" data-id=\"58d6f2c\" data-element_type=\"widget\" data-widget_type=\"heading.default\">\n\t\t\t\t<div class=\"elementor-widget-container\">\n\t\t\t\t\t<h6 class=\"elementor-heading-title elementor-size-default\">CARACT\u00c9RISTIQUES\u202f:<\/h6>\t\t\t\t<\/div>\n\t\t\t\t<\/div>\n\t\t\t\t<div class=\"elementor-element elementor-element-e7ae42b elementor-widget elementor-widget-text-editor\" data-id=\"e7ae42b\" data-element_type=\"widget\" data-widget_type=\"text-editor.default\">\n\t\t\t\t<div class=\"elementor-widget-container\">\n\t\t\t\t\t\t\t\t\t<ul class=\"special-list\">\n<li>Syst\u00e8me compact<\/li>\n<li>Support de t\u00eate factice rotatif \u00e0 360<\/li>\n<li>Entretoise de jugulaire<\/li>\n<li>Niveau int\u00e9gr\u00e9<\/li>\n<li>R\u00e9glable en hauteur pour maintenir la sangle de traction \u00e0 l'horizontale<\/li>\n<\/ul>\n<p style=\"color: red; font-size: 12px !important; font-style: italic;\">*Les formes de t\u00eate de taille A et J avec cou modifi\u00e9 ne sont pas incluses et sont vendues s\u00e9par\u00e9ment<\/p>\t\t\t\t\t\t\t\t<\/div>\n\t\t\t\t<\/div>\n\t\t\t\t<\/div>\n\t\t<div class=\"elementor-element elementor-element-482e9fe e-con-full e-grid equipment-page-multi-image-box e-con e-child\" data-id=\"482e9fe\" data-element_type=\"container\">\n\t\t<div class=\"elementor-element elementor-element-698aaf8 e-grid e-con-full equipment-images-left-block e-con e-child\" data-id=\"698aaf8\" data-element_type=\"container\">\n\t\t\t\t<div class=\"elementor-element elementor-element-5e74caf elementor-widget elementor-widget-image\" data-id=\"5e74caf\" data-element_type=\"widget\" data-widget_type=\"image.default\">\n\t\t\t\t<div class=\"elementor-widget-container\">\n\t\t\t\t\t\t\t\t\t\t\t\t<figure class=\"wp-caption\">\n\t\t\t\t\t\t\t\t\t\t<img decoding=\"async\" width=\"300\" height=\"248\" src=\"https:\/\/www.cadexinc.com\/wp-content\/uploads\/2023\/07\/Australian-Static-Roll-Off_Incorporated-300x248.webp\" class=\"attachment-medium size-medium wp-image-11872\" alt=\"\" srcset=\"https:\/\/www.cadexinc.com\/wp-content\/uploads\/2023\/07\/Australian-Static-Roll-Off_Incorporated-300x248.webp 300w, https:\/\/www.cadexinc.com\/wp-content\/uploads\/2023\/07\/Australian-Static-Roll-Off_Incorporated.webp 355w\" sizes=\"(max-width: 300px) 100vw, 300px\" \/>\t\t\t\t\t\t\t\t\t\t\t<figcaption class=\"widget-image-caption wp-caption-text\">Niveau int\u00e9gr\u00e9<\/figcaption>\n\t\t\t\t\t\t\t\t\t\t<\/figure>\n\t\t\t\t\t\t\t\t\t<\/div>\n\t\t\t\t<\/div>\n\t\t\t\t<\/div>\n\t\t\t\t<\/div>\n\t\t\t\t<\/div>\n\t\t\t\t<\/div>\n\t\t<div class=\"elementor-element elementor-element-5309551 e-con-full elementor-hidden-mobile e-flex e-con e-child\" data-id=\"5309551\" data-element_type=\"container\">\n\t\t\t\t<div class=\"elementor-element elementor-element-0f57c7c elementor-hidden-mobile elementor-widget elementor-widget-image\" data-id=\"0f57c7c\" data-element_type=\"widget\" data-widget_type=\"image.default\">\n\t\t\t\t<div class=\"elementor-widget-container\">\n\t\t\t\t\t\t\t\t\t\t\t\t\t\t\t<img decoding=\"async\" width=\"922\" height=\"944\" src=\"https:\/\/www.cadexinc.com\/wp-content\/uploads\/2023\/07\/Australian-Static-Roll-Off_new.webp\" class=\"attachment-full size-full wp-image-11879\" alt=\"\" srcset=\"https:\/\/www.cadexinc.com\/wp-content\/uploads\/2023\/07\/Australian-Static-Roll-Off_new.webp 922w, https:\/\/www.cadexinc.com\/wp-content\/uploads\/2023\/07\/Australian-Static-Roll-Off_new-293x300.webp 293w, https:\/\/www.cadexinc.com\/wp-content\/uploads\/2023\/07\/Australian-Static-Roll-Off_new-768x786.webp 768w, https:\/\/www.cadexinc.com\/wp-content\/uploads\/2023\/07\/Australian-Static-Roll-Off_new-416x426.webp 416w, https:\/\/www.cadexinc.com\/wp-content\/uploads\/2023\/07\/Australian-Static-Roll-Off_new-50x50.webp 50w\" sizes=\"(max-width: 922px) 100vw, 922px\" \/>\t\t\t\t\t\t\t\t\t\t\t\t\t\t\t<\/div>\n\t\t\t\t<\/div>\n\t\t\t\t<\/div>\n\t\t\t\t\t<\/div>\n\t\t\t\t<\/div>\n\t\t<div class=\"elementor-element elementor-element-49afc4e e-flex e-con-boxed e-con e-parent\" data-id=\"49afc4e\" data-element_type=\"container\">\n\t\t\t\t\t<div class=\"e-con-inner\">\n\t\t<div class=\"elementor-element elementor-element-8cbcfe6 e-con-full e-grid equipment-page-multi-image-box e-con e-child\" data-id=\"8cbcfe6\" data-element_type=\"container\">\n\t\t<div class=\"elementor-element elementor-element-dcb0d7c e-grid e-con-full equipment-images-left-block e-con e-child\" data-id=\"dcb0d7c\" data-element_type=\"container\">\n\t\t\t\t<div class=\"elementor-element elementor-element-c965b33 elementor-widget elementor-widget-image\" data-id=\"c965b33\" data-element_type=\"widget\" data-widget_type=\"image.default\">\n\t\t\t\t<div class=\"elementor-widget-container\">\n\t\t\t\t\t\t\t\t\t\t\t\t<figure class=\"wp-caption\">\n\t\t\t\t\t\t\t\t\t\t<img loading=\"lazy\" decoding=\"async\" width=\"635\" height=\"318\" src=\"https:\/\/www.cadexinc.com\/wp-content\/uploads\/2023\/07\/Australian-Static-Roll-Off_Headforms-sizeAandJ.webp\" class=\"attachment-large size-large wp-image-11867\" alt=\"\" srcset=\"https:\/\/www.cadexinc.com\/wp-content\/uploads\/2023\/07\/Australian-Static-Roll-Off_Headforms-sizeAandJ.webp 635w, https:\/\/www.cadexinc.com\/wp-content\/uploads\/2023\/07\/Australian-Static-Roll-Off_Headforms-sizeAandJ-300x150.webp 300w, https:\/\/www.cadexinc.com\/wp-content\/uploads\/2023\/07\/Australian-Static-Roll-Off_Headforms-sizeAandJ-416x208.webp 416w\" sizes=\"(max-width: 635px) 100vw, 635px\" \/>\t\t\t\t\t\t\t\t\t\t\t<figcaption class=\"widget-image-caption wp-caption-text\">Formes de t\u00eate de taille A et J avec cou modifi\u00e9 disponibles s\u00e9par\u00e9ment<\/figcaption>\n\t\t\t\t\t\t\t\t\t\t<\/figure>\n\t\t\t\t\t\t\t\t\t<\/div>\n\t\t\t\t<\/div>\n\t\t<div class=\"elementor-element elementor-element-4390dea e-grid e-con-full e-con e-child\" data-id=\"4390dea\" data-element_type=\"container\">\n\t\t\t\t<div class=\"elementor-element elementor-element-88cc0c0 elementor-widget elementor-widget-image\" data-id=\"88cc0c0\" data-element_type=\"widget\" data-widget_type=\"image.default\">\n\t\t\t\t<div class=\"elementor-widget-container\">\n\t\t\t\t\t\t\t\t\t\t\t\t<figure class=\"wp-caption\">\n\t\t\t\t\t\t\t\t\t\t<img loading=\"lazy\" decoding=\"async\" width=\"753\" height=\"506\" src=\"https:\/\/www.cadexinc.com\/wp-content\/uploads\/2023\/07\/Australian-Static-Roll-Off_360rotating.webp\" class=\"attachment-full size-full wp-image-11887\" alt=\"\" srcset=\"https:\/\/www.cadexinc.com\/wp-content\/uploads\/2023\/07\/Australian-Static-Roll-Off_360rotating.webp 753w, https:\/\/www.cadexinc.com\/wp-content\/uploads\/2023\/07\/Australian-Static-Roll-Off_360rotating-300x202.webp 300w, https:\/\/www.cadexinc.com\/wp-content\/uploads\/2023\/07\/Australian-Static-Roll-Off_360rotating-416x280.webp 416w\" sizes=\"(max-width: 753px) 100vw, 753px\" \/>\t\t\t\t\t\t\t\t\t\t\t<figcaption class=\"widget-image-caption wp-caption-text\">Support rotatif \u00e0 360\u00b0 pour forme de t\u00eate<\/figcaption>\n\t\t\t\t\t\t\t\t\t\t<\/figure>\n\t\t\t\t\t\t\t\t\t<\/div>\n\t\t\t\t<\/div>\n\t\t\t\t<\/div>\n\t\t\t\t<\/div>\n\t\t\t\t<\/div>\n\t\t\t\t\t<\/div>\n\t\t\t\t<\/div>\n\t\t\t\t<\/div>","protected":false},"excerpt":{"rendered":"<p>The Cadex Australian static roll off is designed to test the static stability in accordance with AS\/NZS 2512.7.1 standard. DIMENSIONS (APPROX.): Length: 48.26 cm \/ 19 in Width:\u00a0 \u00a051.13 cm \/ 20.13 in Height: 59.06 cm \/ 23.25 in FEATURES: Compact system 360\u00b0 rotating headform holder Chinstrap spacer Integrated level Adjustable in height to maintain [&hellip;]<\/p>","protected":false},"author":5,"featured_media":11879,"parent":3196,"menu_order":0,"comment_status":"closed","ping_status":"closed","template":"","meta":{"footnotes":""},"categories":[43],"class_list":["post-265","page","type-page","status-publish","has-post-thumbnail","hentry","category-roll-off"],"_links":{"self":[{"href":"https:\/\/www.cadexinc.com\/fr\/wp-json\/wp\/v2\/pages\/265","targetHints":{"allow":["GET"]}}],"collection":[{"href":"https:\/\/www.cadexinc.com\/fr\/wp-json\/wp\/v2\/pages"}],"about":[{"href":"https:\/\/www.cadexinc.com\/fr\/wp-json\/wp\/v2\/types\/page"}],"author":[{"embeddable":true,"href":"https:\/\/www.cadexinc.com\/fr\/wp-json\/wp\/v2\/users\/5"}],"replies":[{"embeddable":true,"href":"https:\/\/www.cadexinc.com\/fr\/wp-json\/wp\/v2\/comments?post=265"}],"version-history":[{"count":84,"href":"https:\/\/www.cadexinc.com\/fr\/wp-json\/wp\/v2\/pages\/265\/revisions"}],"predecessor-version":[{"id":21023,"href":"https:\/\/www.cadexinc.com\/fr\/wp-json\/wp\/v2\/pages\/265\/revisions\/21023"}],"up":[{"embeddable":true,"href":"https:\/\/www.cadexinc.com\/fr\/wp-json\/wp\/v2\/pages\/3196"}],"wp:featuredmedia":[{"embeddable":true,"href":"https:\/\/www.cadexinc.com\/fr\/wp-json\/wp\/v2\/media\/11879"}],"wp:attachment":[{"href":"https:\/\/www.cadexinc.com\/fr\/wp-json\/wp\/v2\/media?parent=265"}],"wp:term":[{"taxonomy":"category","embeddable":true,"href":"https:\/\/www.cadexinc.com\/fr\/wp-json\/wp\/v2\/categories?post=265"}],"curies":[{"name":"wp","href":"https:\/\/api.w.org\/{rel}","templated":true}]}}