{"id":263,"date":"2022-05-17T13:48:10","date_gmt":"2022-05-17T17:48:10","guid":{"rendered":"http:\/\/www.cadexinc.com\/?page_id=263"},"modified":"2026-03-18T12:20:00","modified_gmt":"2026-03-18T16:20:00","slug":"machine-europeenne-de-deroulage","status":"publish","type":"page","link":"https:\/\/www.cadexinc.com\/fr\/equipement\/machines\/machines-a-rouler\/machine-europeenne-de-deroulage\/","title":{"rendered":"Machine de roll-off europ\u00e9enne"},"content":{"rendered":"<div data-elementor-type=\"wp-page\" data-elementor-id=\"263\" class=\"elementor elementor-263\">\n\t\t\t\t<div class=\"elementor-element elementor-element-41f6f12 elementor-hidden-desktop elementor-hidden-tablet e-flex e-con-boxed e-con e-parent\" data-id=\"41f6f12\" data-element_type=\"container\">\n\t\t\t\t\t<div class=\"e-con-inner\">\n\t\t\t\t<div class=\"elementor-element elementor-element-6985522 elementor-widget elementor-widget-image\" data-id=\"6985522\" data-element_type=\"widget\" data-widget_type=\"image.default\">\n\t\t\t\t<div class=\"elementor-widget-container\">\n\t\t\t\t\t\t\t\t\t\t\t\t\t\t\t<img fetchpriority=\"high\" decoding=\"async\" width=\"921\" height=\"2000\" src=\"https:\/\/www.cadexinc.com\/wp-content\/uploads\/2025\/04\/19-main.png\" class=\"attachment-2048x2048 size-2048x2048 wp-image-18281\" alt=\"\" srcset=\"https:\/\/www.cadexinc.com\/wp-content\/uploads\/2025\/04\/19-main.png 921w, https:\/\/www.cadexinc.com\/wp-content\/uploads\/2025\/04\/19-main-138x300.png 138w, https:\/\/www.cadexinc.com\/wp-content\/uploads\/2025\/04\/19-main-472x1024.png 472w, https:\/\/www.cadexinc.com\/wp-content\/uploads\/2025\/04\/19-main-768x1668.png 768w, https:\/\/www.cadexinc.com\/wp-content\/uploads\/2025\/04\/19-main-707x1536.png 707w, https:\/\/www.cadexinc.com\/wp-content\/uploads\/2025\/04\/19-main-6x12.png 6w, https:\/\/www.cadexinc.com\/wp-content\/uploads\/2025\/04\/19-main-416x903.png 416w\" sizes=\"(max-width: 921px) 100vw, 921px\" \/>\t\t\t\t\t\t\t\t\t\t\t\t\t\t\t<\/div>\n\t\t\t\t<\/div>\n\t\t\t\t\t<\/div>\n\t\t\t\t<\/div>\n\t\t<div class=\"elementor-element elementor-element-ccc514c e-flex e-con-boxed e-con e-parent\" data-id=\"ccc514c\" data-element_type=\"container\">\n\t\t\t\t\t<div class=\"e-con-inner\">\n\t\t<div class=\"elementor-element elementor-element-1804a77 e-con-full e-flex e-con e-child\" data-id=\"1804a77\" data-element_type=\"container\">\n\t\t<div class=\"elementor-element elementor-element-483e907 e-con-full equipment-main-right-block e-flex e-con e-child\" data-id=\"483e907\" data-element_type=\"container\">\n\t\t<div class=\"elementor-element elementor-element-ef379dc e-con-full e-flex e-con e-child\" data-id=\"ef379dc\" data-element_type=\"container\">\n\t\t\t\t<div class=\"elementor-element elementor-element-5d7b253 elementor-widget elementor-widget-text-editor\" data-id=\"5d7b253\" data-element_type=\"widget\" data-widget_type=\"text-editor.default\">\n\t\t\t\t<div class=\"elementor-widget-container\">\n\t\t\t\t\t\t\t\t\t<p class=\"cdx-title cdx-text-align-justify\">La machine de roll-off europ\u00e9enne Cadex est con\u00e7ue et fabriqu\u00e9e pour d\u00e9terminer l\u2019efficacit\u00e9 du syst\u00e8me de maintien des casques conform\u00e9ment aux normes EN\u202f1077, EN\u202f1078, ECE\u202f22, ainsi qu\u2019\u00e0 d\u2019autres standards.<\/p>\t\t\t\t\t\t\t\t<\/div>\n\t\t\t\t<\/div>\n\t\t\t\t<div class=\"elementor-element elementor-element-501e29d equipment-sub-titles elementor-widget elementor-widget-heading\" data-id=\"501e29d\" data-element_type=\"widget\" data-widget_type=\"heading.default\">\n\t\t\t\t<div class=\"elementor-widget-container\">\n\t\t\t\t\t<h6 class=\"elementor-heading-title elementor-size-default\">DIMENSIONS (APPROX.) :<\/h6>\t\t\t\t<\/div>\n\t\t\t\t<\/div>\n\t\t\t\t<div class=\"elementor-element elementor-element-922ee5c elementor-widget elementor-widget-text-editor\" data-id=\"922ee5c\" data-element_type=\"widget\" data-widget_type=\"text-editor.default\">\n\t\t\t\t<div class=\"elementor-widget-container\">\n\t\t\t\t\t\t\t\t\t<ul class=\"special-list\">\n<li>Longueur : 81,92 cm \/ 32,25 in<\/li>\n<li>Width:\u00a0 \u00a082.88 cm \/ 32.63 in<\/li>\n<li>Hauteur : 201,29 cm \/ 79,25 in<\/li>\n<\/ul>\t\t\t\t\t\t\t\t<\/div>\n\t\t\t\t<\/div>\n\t\t\t\t<div class=\"elementor-element elementor-element-aa651d4 equipment-sub-titles elementor-widget elementor-widget-heading\" data-id=\"aa651d4\" data-element_type=\"widget\" data-widget_type=\"heading.default\">\n\t\t\t\t<div class=\"elementor-widget-container\">\n\t\t\t\t\t<h6 class=\"elementor-heading-title elementor-size-default\">CARACT\u00c9RISTIQUES\u202f:<\/h6>\t\t\t\t<\/div>\n\t\t\t\t<\/div>\n\t\t\t\t<div class=\"elementor-element elementor-element-50ad67c elementor-widget elementor-widget-text-editor\" data-id=\"50ad67c\" data-element_type=\"widget\" data-widget_type=\"text-editor.default\">\n\t\t\t\t<div class=\"elementor-widget-container\">\n\t\t\t\t\t\t\t\t\t<ul class=\"special-list\">\n<li>Manual release system<\/li>\n<li>Angle protractor included<\/li>\n<li>Adjustable cable holder for test angle<\/li>\n<li>Support de forme de t\u00eate r\u00e9glable<\/li>\n<\/ul>\n<p style=\"color: red; font-size: 12px !important; font-style: italic;\">*Les formes de t\u00eate ne sont pas incluses et sont vendues s\u00e9par\u00e9ment.<\/p>\t\t\t\t\t\t\t\t<\/div>\n\t\t\t\t<\/div>\n\t\t\t\t<\/div>\n\t\t<div class=\"elementor-element elementor-element-af0e0e1 e-con-full e-grid equipment-page-multi-image-box e-con e-child\" data-id=\"af0e0e1\" data-element_type=\"container\">\n\t\t<div class=\"elementor-element elementor-element-baeb477 e-grid e-con-full equipment-images-left-block e-con e-child\" data-id=\"baeb477\" data-element_type=\"container\">\n\t\t\t\t<div class=\"elementor-element elementor-element-e228855 elementor-widget elementor-widget-image\" data-id=\"e228855\" data-element_type=\"widget\" data-widget_type=\"image.default\">\n\t\t\t\t<div class=\"elementor-widget-container\">\n\t\t\t\t\t\t\t\t\t\t\t\t<figure class=\"wp-caption\">\n\t\t\t\t\t\t\t\t\t\t<img decoding=\"async\" width=\"980\" height=\"679\" src=\"https:\/\/www.cadexinc.com\/wp-content\/uploads\/2025\/04\/19-pic2-1024x709.jpg\" class=\"attachment-large size-large wp-image-18283\" alt=\"\" srcset=\"https:\/\/www.cadexinc.com\/wp-content\/uploads\/2025\/04\/19-pic2-1024x709.jpg 1024w, https:\/\/www.cadexinc.com\/wp-content\/uploads\/2025\/04\/19-pic2-300x208.jpg 300w, https:\/\/www.cadexinc.com\/wp-content\/uploads\/2025\/04\/19-pic2-768x532.jpg 768w, https:\/\/www.cadexinc.com\/wp-content\/uploads\/2025\/04\/19-pic2-1536x1064.jpg 1536w, https:\/\/www.cadexinc.com\/wp-content\/uploads\/2025\/04\/19-pic2-2048x1419.jpg 2048w, https:\/\/www.cadexinc.com\/wp-content\/uploads\/2025\/04\/19-pic2-18x12.jpg 18w, https:\/\/www.cadexinc.com\/wp-content\/uploads\/2025\/04\/19-pic2-416x288.jpg 416w\" sizes=\"(max-width: 980px) 100vw, 980px\" \/>\t\t\t\t\t\t\t\t\t\t\t<figcaption class=\"widget-image-caption wp-caption-text\">Rapporteur d'angle<\/figcaption>\n\t\t\t\t\t\t\t\t\t\t<\/figure>\n\t\t\t\t\t\t\t\t\t<\/div>\n\t\t\t\t<\/div>\n\t\t\t\t<div class=\"elementor-element elementor-element-f35d934 elementor-widget elementor-widget-image\" data-id=\"f35d934\" data-element_type=\"widget\" data-widget_type=\"image.default\">\n\t\t\t\t<div class=\"elementor-widget-container\">\n\t\t\t\t\t\t\t\t\t\t\t\t<figure class=\"wp-caption\">\n\t\t\t\t\t\t\t\t\t\t<img decoding=\"async\" width=\"980\" height=\"819\" src=\"https:\/\/www.cadexinc.com\/wp-content\/uploads\/2025\/04\/19-pic3-1024x856.jpg\" class=\"attachment-large size-large wp-image-18284\" alt=\"\" srcset=\"https:\/\/www.cadexinc.com\/wp-content\/uploads\/2025\/04\/19-pic3-1024x856.jpg 1024w, https:\/\/www.cadexinc.com\/wp-content\/uploads\/2025\/04\/19-pic3-300x251.jpg 300w, https:\/\/www.cadexinc.com\/wp-content\/uploads\/2025\/04\/19-pic3-768x642.jpg 768w, https:\/\/www.cadexinc.com\/wp-content\/uploads\/2025\/04\/19-pic3-1536x1284.jpg 1536w, https:\/\/www.cadexinc.com\/wp-content\/uploads\/2025\/04\/19-pic3-2048x1712.jpg 2048w, https:\/\/www.cadexinc.com\/wp-content\/uploads\/2025\/04\/19-pic3-14x12.jpg 14w, https:\/\/www.cadexinc.com\/wp-content\/uploads\/2025\/04\/19-pic3-416x348.jpg 416w\" sizes=\"(max-width: 980px) 100vw, 980px\" \/>\t\t\t\t\t\t\t\t\t\t\t<figcaption class=\"widget-image-caption wp-caption-text\">Support de forme de t\u00eate r\u00e9glable<\/figcaption>\n\t\t\t\t\t\t\t\t\t\t<\/figure>\n\t\t\t\t\t\t\t\t\t<\/div>\n\t\t\t\t<\/div>\n\t\t\t\t<\/div>\n\t\t<div class=\"elementor-element elementor-element-53a160e e-grid e-con-full e-con e-child\" data-id=\"53a160e\" data-element_type=\"container\">\n\t\t\t\t<div class=\"elementor-element elementor-element-48f2456 elementor-widget elementor-widget-image\" data-id=\"48f2456\" data-element_type=\"widget\" data-widget_type=\"image.default\">\n\t\t\t\t<div class=\"elementor-widget-container\">\n\t\t\t\t\t\t\t\t\t\t\t\t<figure class=\"wp-caption\">\n\t\t\t\t\t\t\t\t\t\t<img loading=\"lazy\" decoding=\"async\" width=\"1080\" height=\"2560\" src=\"https:\/\/www.cadexinc.com\/wp-content\/uploads\/2025\/04\/19-pic1-scaled.jpg\" class=\"attachment-full size-full wp-image-18282\" alt=\"\" srcset=\"https:\/\/www.cadexinc.com\/wp-content\/uploads\/2025\/04\/19-pic1-scaled.jpg 1080w, https:\/\/www.cadexinc.com\/wp-content\/uploads\/2025\/04\/19-pic1-127x300.jpg 127w, https:\/\/www.cadexinc.com\/wp-content\/uploads\/2025\/04\/19-pic1-432x1024.jpg 432w, https:\/\/www.cadexinc.com\/wp-content\/uploads\/2025\/04\/19-pic1-768x1820.jpg 768w, https:\/\/www.cadexinc.com\/wp-content\/uploads\/2025\/04\/19-pic1-648x1536.jpg 648w, https:\/\/www.cadexinc.com\/wp-content\/uploads\/2025\/04\/19-pic1-864x2048.jpg 864w, https:\/\/www.cadexinc.com\/wp-content\/uploads\/2025\/04\/19-pic1-5x12.jpg 5w, https:\/\/www.cadexinc.com\/wp-content\/uploads\/2025\/04\/19-pic1-416x986.jpg 416w\" sizes=\"(max-width: 1080px) 100vw, 1080px\" \/>\t\t\t\t\t\t\t\t\t\t\t<figcaption class=\"widget-image-caption wp-caption-text\">Vue arri\u00e8re<\/figcaption>\n\t\t\t\t\t\t\t\t\t\t<\/figure>\n\t\t\t\t\t\t\t\t\t<\/div>\n\t\t\t\t<\/div>\n\t\t\t\t<\/div>\n\t\t\t\t<\/div>\n\t\t\t\t<\/div>\n\t\t\t\t<\/div>\n\t\t<div class=\"elementor-element elementor-element-0d59158 e-con-full e-flex e-con e-child\" data-id=\"0d59158\" data-element_type=\"container\">\n\t\t\t\t<div class=\"elementor-element elementor-element-38c24cb elementor-hidden-mobile elementor-widget elementor-widget-image\" data-id=\"38c24cb\" data-element_type=\"widget\" data-widget_type=\"image.default\">\n\t\t\t\t<div class=\"elementor-widget-container\">\n\t\t\t\t\t\t\t\t\t\t\t\t\t\t\t<img loading=\"lazy\" decoding=\"async\" width=\"472\" height=\"1024\" src=\"https:\/\/www.cadexinc.com\/wp-content\/uploads\/2025\/04\/19-main-472x1024.png\" class=\"attachment-large size-large wp-image-18281\" alt=\"\" srcset=\"https:\/\/www.cadexinc.com\/wp-content\/uploads\/2025\/04\/19-main-472x1024.png 472w, https:\/\/www.cadexinc.com\/wp-content\/uploads\/2025\/04\/19-main-138x300.png 138w, https:\/\/www.cadexinc.com\/wp-content\/uploads\/2025\/04\/19-main-768x1668.png 768w, https:\/\/www.cadexinc.com\/wp-content\/uploads\/2025\/04\/19-main-707x1536.png 707w, https:\/\/www.cadexinc.com\/wp-content\/uploads\/2025\/04\/19-main-6x12.png 6w, https:\/\/www.cadexinc.com\/wp-content\/uploads\/2025\/04\/19-main-416x903.png 416w, https:\/\/www.cadexinc.com\/wp-content\/uploads\/2025\/04\/19-main.png 921w\" sizes=\"(max-width: 472px) 100vw, 472px\" \/>\t\t\t\t\t\t\t\t\t\t\t\t\t\t\t<\/div>\n\t\t\t\t<\/div>\n\t\t\t\t<\/div>\n\t\t\t\t\t<\/div>\n\t\t\t\t<\/div>\n\t\t\t\t<\/div>","protected":false},"excerpt":{"rendered":"<p>The Cadex European roll off machine is designed and manufactured to determine the effectiveness of helmets retention system according to EN 1077, EN 1078, ECE 22 and other standards. DIMENSIONS (APPROX.): Length: 81.92 cm \/ 32.25 in Width:\u00a0 \u00a082.88 cm \/ 32.63 in Height: 201.29 cm \/ 79.25 in FEATURES: Manual release system Angle protractor [&hellip;]<\/p>","protected":false},"author":5,"featured_media":0,"parent":3196,"menu_order":0,"comment_status":"closed","ping_status":"closed","template":"","meta":{"footnotes":""},"categories":[43],"class_list":["post-263","page","type-page","status-publish","hentry","category-roll-off"],"_links":{"self":[{"href":"https:\/\/www.cadexinc.com\/fr\/wp-json\/wp\/v2\/pages\/263","targetHints":{"allow":["GET"]}}],"collection":[{"href":"https:\/\/www.cadexinc.com\/fr\/wp-json\/wp\/v2\/pages"}],"about":[{"href":"https:\/\/www.cadexinc.com\/fr\/wp-json\/wp\/v2\/types\/page"}],"author":[{"embeddable":true,"href":"https:\/\/www.cadexinc.com\/fr\/wp-json\/wp\/v2\/users\/5"}],"replies":[{"embeddable":true,"href":"https:\/\/www.cadexinc.com\/fr\/wp-json\/wp\/v2\/comments?post=263"}],"version-history":[{"count":208,"href":"https:\/\/www.cadexinc.com\/fr\/wp-json\/wp\/v2\/pages\/263\/revisions"}],"predecessor-version":[{"id":21029,"href":"https:\/\/www.cadexinc.com\/fr\/wp-json\/wp\/v2\/pages\/263\/revisions\/21029"}],"up":[{"embeddable":true,"href":"https:\/\/www.cadexinc.com\/fr\/wp-json\/wp\/v2\/pages\/3196"}],"wp:attachment":[{"href":"https:\/\/www.cadexinc.com\/fr\/wp-json\/wp\/v2\/media?parent=263"}],"wp:term":[{"taxonomy":"category","embeddable":true,"href":"https:\/\/www.cadexinc.com\/fr\/wp-json\/wp\/v2\/categories?post=263"}],"curies":[{"name":"wp","href":"https:\/\/api.w.org\/{rel}","templated":true}]}}