{"id":261,"date":"2022-05-17T13:47:31","date_gmt":"2022-05-17T17:47:31","guid":{"rendered":"http:\/\/www.cadexinc.com\/?page_id=261"},"modified":"2026-03-18T11:59:26","modified_gmt":"2026-03-18T15:59:26","slug":"roll-off-americain","status":"publish","type":"page","link":"https:\/\/www.cadexinc.com\/fr\/equipement\/machines\/machines-a-rouler\/roll-off-americain\/","title":{"rendered":"Machine de roll-off am\u00e9ricaine"},"content":{"rendered":"<div data-elementor-type=\"wp-page\" data-elementor-id=\"261\" class=\"elementor elementor-261\">\n\t\t\t\t<div class=\"elementor-element elementor-element-565d675 e-flex e-con-boxed e-con e-parent\" data-id=\"565d675\" data-element_type=\"container\">\n\t\t\t\t\t<div class=\"e-con-inner\">\n\t\t\t\t<div class=\"elementor-element elementor-element-5a0336c elementor-hidden-desktop elementor-hidden-tablet elementor-widget elementor-widget-image\" data-id=\"5a0336c\" data-element_type=\"widget\" data-widget_type=\"image.default\">\n\t\t\t\t<div class=\"elementor-widget-container\">\n\t\t\t\t\t\t\t\t\t\t\t\t\t\t\t<img fetchpriority=\"high\" decoding=\"async\" width=\"923\" height=\"2000\" src=\"https:\/\/www.cadexinc.com\/wp-content\/uploads\/2025\/05\/18-main.png\" class=\"attachment-2048x2048 size-2048x2048 wp-image-18828\" alt=\"\" srcset=\"https:\/\/www.cadexinc.com\/wp-content\/uploads\/2025\/05\/18-main.png 923w, https:\/\/www.cadexinc.com\/wp-content\/uploads\/2025\/05\/18-main-138x300.png 138w, https:\/\/www.cadexinc.com\/wp-content\/uploads\/2025\/05\/18-main-473x1024.png 473w, https:\/\/www.cadexinc.com\/wp-content\/uploads\/2025\/05\/18-main-768x1664.png 768w, https:\/\/www.cadexinc.com\/wp-content\/uploads\/2025\/05\/18-main-709x1536.png 709w, https:\/\/www.cadexinc.com\/wp-content\/uploads\/2025\/05\/18-main-6x12.png 6w, https:\/\/www.cadexinc.com\/wp-content\/uploads\/2025\/05\/18-main-416x901.png 416w\" sizes=\"(max-width: 923px) 100vw, 923px\" \/>\t\t\t\t\t\t\t\t\t\t\t\t\t\t\t<\/div>\n\t\t\t\t<\/div>\n\t\t\t\t\t<\/div>\n\t\t\t\t<\/div>\n\t\t<div class=\"elementor-element elementor-element-3d9dea2 e-flex e-con-boxed e-con e-parent\" data-id=\"3d9dea2\" data-element_type=\"container\">\n\t\t\t\t\t<div class=\"e-con-inner\">\n\t\t<div class=\"elementor-element elementor-element-6962a63 e-con-full e-flex e-con e-child\" data-id=\"6962a63\" data-element_type=\"container\">\n\t\t<div class=\"elementor-element elementor-element-ca8ad93 e-con-full equipment-main-right-block e-flex e-con e-child\" data-id=\"ca8ad93\" data-element_type=\"container\">\n\t\t<div class=\"elementor-element elementor-element-95b87e6 e-con-full e-flex e-con e-child\" data-id=\"95b87e6\" data-element_type=\"container\">\n\t\t\t\t<div class=\"elementor-element elementor-element-b67a13d elementor-widget elementor-widget-text-editor\" data-id=\"b67a13d\" data-element_type=\"widget\" data-widget_type=\"text-editor.default\">\n\t\t\t\t<div class=\"elementor-widget-container\">\n\t\t\t\t\t\t\t\t\t<p class=\"cdx-title cdx-text-align-justify\">La machine de roll-off am\u00e9ricaine Cadex est con\u00e7ue pour d\u00e9terminer la stabilit\u00e9 positionnelle des casques conform\u00e9ment aux normes SNELL, ASTM, CPSC, NOCSAE, ainsi qu\u2019\u00e0 d\u2019autres standards.<\/p>\t\t\t\t\t\t\t\t<\/div>\n\t\t\t\t<\/div>\n\t\t\t\t<div class=\"elementor-element elementor-element-bff2693 equipment-sub-titles elementor-widget elementor-widget-heading\" data-id=\"bff2693\" data-element_type=\"widget\" data-widget_type=\"heading.default\">\n\t\t\t\t<div class=\"elementor-widget-container\">\n\t\t\t\t\t<h6 class=\"elementor-heading-title elementor-size-default\">DIMENSIONS (APPROX.) :<\/h6>\t\t\t\t<\/div>\n\t\t\t\t<\/div>\n\t\t\t\t<div class=\"elementor-element elementor-element-86c73d1 elementor-widget elementor-widget-text-editor\" data-id=\"86c73d1\" data-element_type=\"widget\" data-widget_type=\"text-editor.default\">\n\t\t\t\t<div class=\"elementor-widget-container\">\n\t\t\t\t\t\t\t\t\t<ul class=\"special-list\">\n \t<li>Longueur : 81,92 cm \/ 32,25 in<\/li>\n<li>Width:\u00a0 \u00a077.47 cm \/ 30.5 in<\/li>\n<li>Hauteur : 203,83 cm \/ 80,25 in<\/li>\n<\/ul>\t\t\t\t\t\t\t\t<\/div>\n\t\t\t\t<\/div>\n\t\t\t\t<div class=\"elementor-element elementor-element-31e21e1 equipment-sub-titles elementor-widget elementor-widget-heading\" data-id=\"31e21e1\" data-element_type=\"widget\" data-widget_type=\"heading.default\">\n\t\t\t\t<div class=\"elementor-widget-container\">\n\t\t\t\t\t<h6 class=\"elementor-heading-title elementor-size-default\">CARACT\u00c9RISTIQUES\u202f:<\/h6>\t\t\t\t<\/div>\n\t\t\t\t<\/div>\n\t\t\t\t<div class=\"elementor-element elementor-element-e9ad8ab elementor-widget elementor-widget-text-editor\" data-id=\"e9ad8ab\" data-element_type=\"widget\" data-widget_type=\"text-editor.default\">\n\t\t\t\t<div class=\"elementor-widget-container\">\n\t\t\t\t\t\t\t\t\t<ul class=\"special-list\">\n<li>Support de t\u00eate factice rotatif (t\u00eate factice orient\u00e9e vers le haut ou vers le bas)<\/li>\n<\/ul>\t\t\t\t\t\t\t\t<\/div>\n\t\t\t\t<\/div>\n\t\t\t\t<div class=\"elementor-element elementor-element-f553df5 equipment-sub-titles elementor-widget elementor-widget-heading\" data-id=\"f553df5\" data-element_type=\"widget\" data-widget_type=\"heading.default\">\n\t\t\t\t<div class=\"elementor-widget-container\">\n\t\t\t\t\t<h6 class=\"elementor-heading-title elementor-size-default\">ACCESSOIRES OPTIONNELS :<\/h6>\t\t\t\t<\/div>\n\t\t\t\t<\/div>\n\t\t\t\t<div class=\"elementor-element elementor-element-df06b7f elementor-widget elementor-widget-text-editor\" data-id=\"df06b7f\" data-element_type=\"widget\" data-widget_type=\"text-editor.default\">\n\t\t\t\t<div class=\"elementor-widget-container\">\n\t\t\t\t\t\t\t\t\t<ul class=\"special-list\">\n<li>Version pour fixation murale disponible<\/li>\n<\/ul>\n<p style=\"color: red; font-size: 12px !important; font-style: italic;\">*Les formes de t\u00eate ne sont pas incluses et sont vendues s\u00e9par\u00e9ment.<\/p>\t\t\t\t\t\t\t\t<\/div>\n\t\t\t\t<\/div>\n\t\t\t\t<\/div>\n\t\t<div class=\"elementor-element elementor-element-5e54c10 e-con-full e-grid equipment-page-multi-image-box e-con e-child\" data-id=\"5e54c10\" data-element_type=\"container\">\n\t\t<div class=\"elementor-element elementor-element-058bd56 e-grid e-con-full equipment-images-left-block e-con e-child\" data-id=\"058bd56\" data-element_type=\"container\">\n\t\t\t\t<div class=\"elementor-element elementor-element-4adede2 elementor-widget elementor-widget-image\" data-id=\"4adede2\" data-element_type=\"widget\" data-widget_type=\"image.default\">\n\t\t\t\t<div class=\"elementor-widget-container\">\n\t\t\t\t\t\t\t\t\t\t\t\t<figure class=\"wp-caption\">\n\t\t\t\t\t\t\t\t\t\t<img decoding=\"async\" width=\"980\" height=\"562\" src=\"https:\/\/www.cadexinc.com\/wp-content\/uploads\/2025\/05\/18-pic1.jpg\" class=\"attachment-large size-large wp-image-18829\" alt=\"\" srcset=\"https:\/\/www.cadexinc.com\/wp-content\/uploads\/2025\/05\/18-pic1.jpg 1000w, https:\/\/www.cadexinc.com\/wp-content\/uploads\/2025\/05\/18-pic1-300x172.jpg 300w, https:\/\/www.cadexinc.com\/wp-content\/uploads\/2025\/05\/18-pic1-768x440.jpg 768w, https:\/\/www.cadexinc.com\/wp-content\/uploads\/2025\/05\/18-pic1-18x10.jpg 18w, https:\/\/www.cadexinc.com\/wp-content\/uploads\/2025\/05\/18-pic1-416x238.jpg 416w\" sizes=\"(max-width: 980px) 100vw, 980px\" \/>\t\t\t\t\t\t\t\t\t\t\t<figcaption class=\"widget-image-caption wp-caption-text\">forme de t\u00eate orient\u00e9 vers le haut (non inclus)<\/figcaption>\n\t\t\t\t\t\t\t\t\t\t<\/figure>\n\t\t\t\t\t\t\t\t\t<\/div>\n\t\t\t\t<\/div>\n\t\t\t\t<div class=\"elementor-element elementor-element-479fea1 elementor-widget elementor-widget-image\" data-id=\"479fea1\" data-element_type=\"widget\" data-widget_type=\"image.default\">\n\t\t\t\t<div class=\"elementor-widget-container\">\n\t\t\t\t\t\t\t\t\t\t\t\t<figure class=\"wp-caption\">\n\t\t\t\t\t\t\t\t\t\t<img decoding=\"async\" width=\"980\" height=\"562\" src=\"https:\/\/www.cadexinc.com\/wp-content\/uploads\/2025\/05\/18-pic2.jpg\" class=\"attachment-large size-large wp-image-18831\" alt=\"\" srcset=\"https:\/\/www.cadexinc.com\/wp-content\/uploads\/2025\/05\/18-pic2.jpg 1000w, https:\/\/www.cadexinc.com\/wp-content\/uploads\/2025\/05\/18-pic2-300x172.jpg 300w, https:\/\/www.cadexinc.com\/wp-content\/uploads\/2025\/05\/18-pic2-768x440.jpg 768w, https:\/\/www.cadexinc.com\/wp-content\/uploads\/2025\/05\/18-pic2-18x10.jpg 18w, https:\/\/www.cadexinc.com\/wp-content\/uploads\/2025\/05\/18-pic2-416x238.jpg 416w\" sizes=\"(max-width: 980px) 100vw, 980px\" \/>\t\t\t\t\t\t\t\t\t\t\t<figcaption class=\"widget-image-caption wp-caption-text\">Forme de t\u00eate orient\u00e9e vers le bas (non incluse)<\/figcaption>\n\t\t\t\t\t\t\t\t\t\t<\/figure>\n\t\t\t\t\t\t\t\t\t<\/div>\n\t\t\t\t<\/div>\n\t\t\t\t<\/div>\n\t\t\t\t<\/div>\n\t\t\t\t<\/div>\n\t\t\t\t<\/div>\n\t\t<div class=\"elementor-element elementor-element-614f29f e-con-full e-flex e-con e-child\" data-id=\"614f29f\" data-element_type=\"container\">\n\t\t\t\t<div class=\"elementor-element elementor-element-e5fcfe1 elementor-hidden-mobile elementor-widget elementor-widget-image\" data-id=\"e5fcfe1\" data-element_type=\"widget\" data-widget_type=\"image.default\">\n\t\t\t\t<div class=\"elementor-widget-container\">\n\t\t\t\t\t\t\t\t\t\t\t\t\t\t\t<img loading=\"lazy\" decoding=\"async\" width=\"923\" height=\"2000\" src=\"https:\/\/www.cadexinc.com\/wp-content\/uploads\/2025\/05\/18-main.png\" class=\"attachment-full size-full wp-image-18828\" alt=\"\" srcset=\"https:\/\/www.cadexinc.com\/wp-content\/uploads\/2025\/05\/18-main.png 923w, https:\/\/www.cadexinc.com\/wp-content\/uploads\/2025\/05\/18-main-138x300.png 138w, https:\/\/www.cadexinc.com\/wp-content\/uploads\/2025\/05\/18-main-473x1024.png 473w, https:\/\/www.cadexinc.com\/wp-content\/uploads\/2025\/05\/18-main-768x1664.png 768w, https:\/\/www.cadexinc.com\/wp-content\/uploads\/2025\/05\/18-main-709x1536.png 709w, https:\/\/www.cadexinc.com\/wp-content\/uploads\/2025\/05\/18-main-6x12.png 6w, https:\/\/www.cadexinc.com\/wp-content\/uploads\/2025\/05\/18-main-416x901.png 416w\" sizes=\"(max-width: 923px) 100vw, 923px\" \/>\t\t\t\t\t\t\t\t\t\t\t\t\t\t\t<\/div>\n\t\t\t\t<\/div>\n\t\t\t\t<\/div>\n\t\t\t\t\t<\/div>\n\t\t\t\t<\/div>\n\t\t\t\t<\/div>","protected":false},"excerpt":{"rendered":"<p>The Cadex American roll off machine is designed to determine the positional stability of helmets in accordance with SNELL, ASTM, CPSC, NOCSAE and other standards. DIMENSIONS (APPROX.): Length: 81.92 cm \/ 32.25 in Width:\u00a0 \u00a077.47 cm \/ 30.5 in Height: 203.83 cm \/ 80.25 in FEATURES: Rotating headform holder (headform facing up or down) OPTIONAL [&hellip;]<\/p>","protected":false},"author":5,"featured_media":11844,"parent":3196,"menu_order":0,"comment_status":"closed","ping_status":"closed","template":"","meta":{"footnotes":""},"categories":[43],"class_list":["post-261","page","type-page","status-publish","has-post-thumbnail","hentry","category-roll-off"],"_links":{"self":[{"href":"https:\/\/www.cadexinc.com\/fr\/wp-json\/wp\/v2\/pages\/261","targetHints":{"allow":["GET"]}}],"collection":[{"href":"https:\/\/www.cadexinc.com\/fr\/wp-json\/wp\/v2\/pages"}],"about":[{"href":"https:\/\/www.cadexinc.com\/fr\/wp-json\/wp\/v2\/types\/page"}],"author":[{"embeddable":true,"href":"https:\/\/www.cadexinc.com\/fr\/wp-json\/wp\/v2\/users\/5"}],"replies":[{"embeddable":true,"href":"https:\/\/www.cadexinc.com\/fr\/wp-json\/wp\/v2\/comments?post=261"}],"version-history":[{"count":83,"href":"https:\/\/www.cadexinc.com\/fr\/wp-json\/wp\/v2\/pages\/261\/revisions"}],"predecessor-version":[{"id":21026,"href":"https:\/\/www.cadexinc.com\/fr\/wp-json\/wp\/v2\/pages\/261\/revisions\/21026"}],"up":[{"embeddable":true,"href":"https:\/\/www.cadexinc.com\/fr\/wp-json\/wp\/v2\/pages\/3196"}],"wp:featuredmedia":[{"embeddable":true,"href":"https:\/\/www.cadexinc.com\/fr\/wp-json\/wp\/v2\/media\/11844"}],"wp:attachment":[{"href":"https:\/\/www.cadexinc.com\/fr\/wp-json\/wp\/v2\/media?parent=261"}],"wp:term":[{"taxonomy":"category","embeddable":true,"href":"https:\/\/www.cadexinc.com\/fr\/wp-json\/wp\/v2\/categories?post=261"}],"curies":[{"name":"wp","href":"https:\/\/api.w.org\/{rel}","templated":true}]}}