{"id":259,"date":"2022-05-17T13:46:57","date_gmt":"2022-05-17T17:46:57","guid":{"rendered":"http:\/\/www.cadexinc.com\/?page_id=259"},"modified":"2026-03-18T13:47:19","modified_gmt":"2026-03-18T17:47:19","slug":"systeme-de-retention-dynamique-en1080","status":"publish","type":"page","link":"https:\/\/www.cadexinc.com\/fr\/equipement\/machines\/machines-de-retention\/systeme-de-retention-dynamique-en1080\/","title":{"rendered":"Machine de r\u00e9tention dynamique (EN1080)"},"content":{"rendered":"<div data-elementor-type=\"wp-page\" data-elementor-id=\"259\" class=\"elementor elementor-259\">\n\t\t\t\t<div class=\"elementor-element elementor-element-88e82d3 elementor-hidden-desktop elementor-hidden-tablet e-flex e-con-boxed e-con e-parent\" data-id=\"88e82d3\" data-element_type=\"container\">\n\t\t\t\t\t<div class=\"e-con-inner\">\n\t\t\t\t<div class=\"elementor-element elementor-element-c051414 elementor-widget__width-initial elementor-widget elementor-widget-image\" data-id=\"c051414\" data-element_type=\"widget\" data-widget_type=\"image.default\">\n\t\t\t\t<div class=\"elementor-widget-container\">\n\t\t\t\t\t\t\t\t\t\t\t\t\t\t\t<img fetchpriority=\"high\" decoding=\"async\" width=\"447\" height=\"1024\" src=\"https:\/\/www.cadexinc.com\/wp-content\/uploads\/2026\/02\/Dynamic-retention-machine-EN1080-main-picture-447x1024.webp\" class=\"attachment-large size-large wp-image-20604\" alt=\"\" srcset=\"https:\/\/www.cadexinc.com\/wp-content\/uploads\/2026\/02\/Dynamic-retention-machine-EN1080-main-picture-447x1024.webp 447w, https:\/\/www.cadexinc.com\/wp-content\/uploads\/2026\/02\/Dynamic-retention-machine-EN1080-main-picture-131x300.webp 131w, https:\/\/www.cadexinc.com\/wp-content\/uploads\/2026\/02\/Dynamic-retention-machine-EN1080-main-picture-768x1758.webp 768w, https:\/\/www.cadexinc.com\/wp-content\/uploads\/2026\/02\/Dynamic-retention-machine-EN1080-main-picture-671x1536.webp 671w, https:\/\/www.cadexinc.com\/wp-content\/uploads\/2026\/02\/Dynamic-retention-machine-EN1080-main-picture-894x2048.webp 894w, https:\/\/www.cadexinc.com\/wp-content\/uploads\/2026\/02\/Dynamic-retention-machine-EN1080-main-picture-5x12.webp 5w, https:\/\/www.cadexinc.com\/wp-content\/uploads\/2026\/02\/Dynamic-retention-machine-EN1080-main-picture-416x952.webp 416w, https:\/\/www.cadexinc.com\/wp-content\/uploads\/2026\/02\/Dynamic-retention-machine-EN1080-main-picture.webp 1043w\" sizes=\"(max-width: 447px) 100vw, 447px\" \/>\t\t\t\t\t\t\t\t\t\t\t\t\t\t\t<\/div>\n\t\t\t\t<\/div>\n\t\t\t\t\t<\/div>\n\t\t\t\t<\/div>\n\t\t<div class=\"elementor-element elementor-element-5497e7c e-flex e-con-boxed e-con e-parent\" data-id=\"5497e7c\" data-element_type=\"container\">\n\t\t\t\t\t<div class=\"e-con-inner\">\n\t\t<div class=\"elementor-element elementor-element-e4d73e7 e-con-full e-flex e-con e-child\" data-id=\"e4d73e7\" data-element_type=\"container\">\n\t\t<div class=\"elementor-element elementor-element-405cd71 e-con-full e-flex e-con e-child\" data-id=\"405cd71\" data-element_type=\"container\">\n\t\t<div class=\"elementor-element elementor-element-c7df20c e-con-full equipment-main-right-block e-flex e-con e-child\" data-id=\"c7df20c\" data-element_type=\"container\">\n\t\t<div class=\"elementor-element elementor-element-f1a050e e-con-full e-flex e-con e-child\" data-id=\"f1a050e\" data-element_type=\"container\">\n\t\t\t\t<div class=\"elementor-element elementor-element-1549144 elementor-widget elementor-widget-text-editor\" data-id=\"1549144\" data-element_type=\"widget\" data-widget_type=\"text-editor.default\">\n\t\t\t\t<div class=\"elementor-widget-container\">\n\t\t\t\t\t\t\t\t\t<p class=\"cdx-title cdx-text-align-justify\">La machine de r\u00e9tention dynamique Cadex est con\u00e7ue et fabriqu\u00e9e pour tester l\u2019efficacit\u00e9 du syst\u00e8me de r\u00e9tention des casques, conform\u00e9ment \u00e0 la norme EN 1080 et \u00e0 d\u2019autres standards. Cet \u00e9quipement est command\u00e9 via le contr\u00f4leur tactile Cadex.<\/p>\t\t\t\t\t\t\t\t<\/div>\n\t\t\t\t<\/div>\n\t\t\t\t<div class=\"elementor-element elementor-element-65c8790 equipment-sub-titles elementor-widget elementor-widget-heading\" data-id=\"65c8790\" data-element_type=\"widget\" data-widget_type=\"heading.default\">\n\t\t\t\t<div class=\"elementor-widget-container\">\n\t\t\t\t\t<h6 class=\"elementor-heading-title elementor-size-default\">DIMENSIONS (APPROX.) :<\/h6>\t\t\t\t<\/div>\n\t\t\t\t<\/div>\n\t\t\t\t<div class=\"elementor-element elementor-element-8bffadf elementor-widget elementor-widget-text-editor\" data-id=\"8bffadf\" data-element_type=\"widget\" data-widget_type=\"text-editor.default\">\n\t\t\t\t<div class=\"elementor-widget-container\">\n\t\t\t\t\t\t\t\t\t<ul class=\"special-list\">\n<li>Longueur : 56,85 cm \/ 22,38 in<\/li>\n<li>Width:\u00a0 \u00a062.23 cm \/ 24.5 in<\/li>\n<li>Height:\u00a0 163.83 cm \/ 64.5 in (minimum height \u2013 without headform)<\/li>\n<\/ul>\t\t\t\t\t\t\t\t<\/div>\n\t\t\t\t<\/div>\n\t\t\t\t<div class=\"elementor-element elementor-element-2ddcad6 equipment-sub-titles elementor-widget elementor-widget-heading\" data-id=\"2ddcad6\" data-element_type=\"widget\" data-widget_type=\"heading.default\">\n\t\t\t\t<div class=\"elementor-widget-container\">\n\t\t\t\t\t<h6 class=\"elementor-heading-title elementor-size-default\">EXIGENCES\u202f:<\/h6>\t\t\t\t<\/div>\n\t\t\t\t<\/div>\n\t\t\t\t<div class=\"elementor-element elementor-element-d23159b elementor-widget elementor-widget-text-editor\" data-id=\"d23159b\" data-element_type=\"widget\" data-widget_type=\"text-editor.default\">\n\t\t\t\t<div class=\"elementor-widget-container\">\n\t\t\t\t\t\t\t\t\t<ul class=\"special-list\">\n<li>Power: 110v\/220v \u2013 50\/60 Hz<\/li>\n<li>Alimentation en air constante : 80 psi \u00e0 1 cfm<\/li>\n<\/ul>\t\t\t\t\t\t\t\t<\/div>\n\t\t\t\t<\/div>\n\t\t\t\t<div class=\"elementor-element elementor-element-ba8dec6 equipment-sub-titles elementor-widget elementor-widget-heading\" data-id=\"ba8dec6\" data-element_type=\"widget\" data-widget_type=\"heading.default\">\n\t\t\t\t<div class=\"elementor-widget-container\">\n\t\t\t\t\t<h6 class=\"elementor-heading-title elementor-size-default\">CARACT\u00c9RISTIQUES\u202f:<\/h6>\t\t\t\t<\/div>\n\t\t\t\t<\/div>\n\t\t\t\t<div class=\"elementor-element elementor-element-26c4050 elementor-widget elementor-widget-text-editor\" data-id=\"26c4050\" data-element_type=\"widget\" data-widget_type=\"text-editor.default\">\n\t\t\t\t<div class=\"elementor-widget-container\">\n\t\t\t\t\t\t\t\t\t<ul class=\"special-list\">\n<li>Contr\u00f4leur \u00e0 \u00e9cran tactile<\/li>\n<li>Fonctionnement pneumatique<\/li>\n<\/ul>\n<p class=\"fst-italic mt-4 fs-7 text-danger cdx-notation\">*Forme de t\u00eate non incluse et vendue s\u00e9par\u00e9ment<\/p>\t\t\t\t\t\t\t\t<\/div>\n\t\t\t\t<\/div>\n\t\t\t\t<\/div>\n\t\t\t\t<\/div>\n\t\t\t\t<\/div>\n\t\t<div class=\"elementor-element elementor-element-b39d1a9 e-con-full e-flex e-con e-child\" data-id=\"b39d1a9\" data-element_type=\"container\">\n\t\t\t\t<div class=\"elementor-element elementor-element-606d938 elementor-hidden-mobile elementor-widget__width-initial elementor-widget elementor-widget-image\" data-id=\"606d938\" data-element_type=\"widget\" data-widget_type=\"image.default\">\n\t\t\t\t<div class=\"elementor-widget-container\">\n\t\t\t\t\t\t\t\t\t\t\t\t\t\t\t<img fetchpriority=\"high\" decoding=\"async\" width=\"447\" height=\"1024\" src=\"https:\/\/www.cadexinc.com\/wp-content\/uploads\/2026\/02\/Dynamic-retention-machine-EN1080-main-picture-447x1024.webp\" class=\"attachment-large size-large wp-image-20604\" alt=\"\" srcset=\"https:\/\/www.cadexinc.com\/wp-content\/uploads\/2026\/02\/Dynamic-retention-machine-EN1080-main-picture-447x1024.webp 447w, https:\/\/www.cadexinc.com\/wp-content\/uploads\/2026\/02\/Dynamic-retention-machine-EN1080-main-picture-131x300.webp 131w, https:\/\/www.cadexinc.com\/wp-content\/uploads\/2026\/02\/Dynamic-retention-machine-EN1080-main-picture-768x1758.webp 768w, https:\/\/www.cadexinc.com\/wp-content\/uploads\/2026\/02\/Dynamic-retention-machine-EN1080-main-picture-671x1536.webp 671w, https:\/\/www.cadexinc.com\/wp-content\/uploads\/2026\/02\/Dynamic-retention-machine-EN1080-main-picture-894x2048.webp 894w, https:\/\/www.cadexinc.com\/wp-content\/uploads\/2026\/02\/Dynamic-retention-machine-EN1080-main-picture-5x12.webp 5w, https:\/\/www.cadexinc.com\/wp-content\/uploads\/2026\/02\/Dynamic-retention-machine-EN1080-main-picture-416x952.webp 416w, https:\/\/www.cadexinc.com\/wp-content\/uploads\/2026\/02\/Dynamic-retention-machine-EN1080-main-picture.webp 1043w\" sizes=\"(max-width: 447px) 100vw, 447px\" \/>\t\t\t\t\t\t\t\t\t\t\t\t\t\t\t<\/div>\n\t\t\t\t<\/div>\n\t\t\t\t<\/div>\n\t\t\t\t<\/div>\n\t\t\t\t\t<\/div>\n\t\t\t\t<\/div>\n\t\t<div class=\"elementor-element elementor-element-b101546 e-flex e-con-boxed e-con e-parent\" data-id=\"b101546\" data-element_type=\"container\">\n\t\t\t\t\t<div class=\"e-con-inner\">\n\t\t<div class=\"elementor-element elementor-element-500dea9 e-con-full e-grid equipment-page-multi-image-box e-con e-child\" data-id=\"500dea9\" data-element_type=\"container\">\n\t\t\t\t<div class=\"elementor-element elementor-element-0f0b331 elementor-widget elementor-widget-image\" data-id=\"0f0b331\" data-element_type=\"widget\" data-widget_type=\"image.default\">\n\t\t\t\t<div class=\"elementor-widget-container\">\n\t\t\t\t\t\t\t\t\t\t\t\t<figure class=\"wp-caption\">\n\t\t\t\t\t\t\t\t\t\t<img decoding=\"async\" width=\"318\" height=\"254\" src=\"https:\/\/www.cadexinc.com\/wp-content\/uploads\/2023\/07\/Simple-Machine-EN-080_Motion-control.webp\" class=\"attachment-large size-large wp-image-12385\" alt=\"\" srcset=\"https:\/\/www.cadexinc.com\/wp-content\/uploads\/2023\/07\/Simple-Machine-EN-080_Motion-control.webp 318w, https:\/\/www.cadexinc.com\/wp-content\/uploads\/2023\/07\/Simple-Machine-EN-080_Motion-control-300x240.webp 300w\" sizes=\"(max-width: 318px) 100vw, 318px\" \/>\t\t\t\t\t\t\t\t\t\t\t<figcaption class=\"widget-image-caption wp-caption-text\">Valve de contr\u00f4le de mouvement<\/figcaption>\n\t\t\t\t\t\t\t\t\t\t<\/figure>\n\t\t\t\t\t\t\t\t\t<\/div>\n\t\t\t\t<\/div>\n\t\t\t\t<div class=\"elementor-element elementor-element-0af62dd elementor-widget elementor-widget-image\" data-id=\"0af62dd\" data-element_type=\"widget\" data-widget_type=\"image.default\">\n\t\t\t\t<div class=\"elementor-widget-container\">\n\t\t\t\t\t\t\t\t\t\t\t\t<figure class=\"wp-caption\">\n\t\t\t\t\t\t\t\t\t\t<img decoding=\"async\" width=\"318\" height=\"254\" src=\"https:\/\/www.cadexinc.com\/wp-content\/uploads\/2023\/07\/Simple-Machine-EN-080_Height-adjustment-1.webp\" class=\"attachment-large size-large wp-image-14519\" alt=\"\" srcset=\"https:\/\/www.cadexinc.com\/wp-content\/uploads\/2023\/07\/Simple-Machine-EN-080_Height-adjustment-1.webp 318w, https:\/\/www.cadexinc.com\/wp-content\/uploads\/2023\/07\/Simple-Machine-EN-080_Height-adjustment-1-300x240.webp 300w\" sizes=\"(max-width: 318px) 100vw, 318px\" \/>\t\t\t\t\t\t\t\t\t\t\t<figcaption class=\"widget-image-caption wp-caption-text\">R\u00e9glage de la hauteur<\/figcaption>\n\t\t\t\t\t\t\t\t\t\t<\/figure>\n\t\t\t\t\t\t\t\t\t<\/div>\n\t\t\t\t<\/div>\n\t\t\t\t<div class=\"elementor-element elementor-element-1a847e0 elementor-widget elementor-widget-image\" data-id=\"1a847e0\" data-element_type=\"widget\" data-widget_type=\"image.default\">\n\t\t\t\t<div class=\"elementor-widget-container\">\n\t\t\t\t\t\t\t\t\t\t\t\t<figure class=\"wp-caption\">\n\t\t\t\t\t\t\t\t\t\t<img loading=\"lazy\" decoding=\"async\" width=\"260\" height=\"624\" src=\"https:\/\/www.cadexinc.com\/wp-content\/uploads\/2023\/07\/Simple-Machine-EN-080_rear-view.webp\" class=\"attachment-large size-large wp-image-12389\" alt=\"\" srcset=\"https:\/\/www.cadexinc.com\/wp-content\/uploads\/2023\/07\/Simple-Machine-EN-080_rear-view.webp 260w, https:\/\/www.cadexinc.com\/wp-content\/uploads\/2023\/07\/Simple-Machine-EN-080_rear-view-125x300.webp 125w\" sizes=\"(max-width: 260px) 100vw, 260px\" \/>\t\t\t\t\t\t\t\t\t\t\t<figcaption class=\"widget-image-caption wp-caption-text\">Vue arri\u00e8re<\/figcaption>\n\t\t\t\t\t\t\t\t\t\t<\/figure>\n\t\t\t\t\t\t\t\t\t<\/div>\n\t\t\t\t<\/div>\n\t\t\t\t<\/div>\n\t\t\t\t\t<\/div>\n\t\t\t\t<\/div>\n\t\t\t\t<\/div>","protected":false},"excerpt":{"rendered":"<p>The Cadex dynamic retention machine is designed and manufactured to test the efficiency of the helmets retention system in compliance with EN 1080 regulations and other standards. This equipment is operated by the Cadex touchscreen controller. DIMENSIONS (APPROX.): Length: 56.85 cm \/ 22.38 in Width:\u00a0 \u00a062.23 cm \/ 24.5 in Height:\u00a0 163.83 cm \/ 64.5 [&hellip;]<\/p>","protected":false},"author":5,"featured_media":12402,"parent":3193,"menu_order":0,"comment_status":"closed","ping_status":"closed","template":"","meta":{"footnotes":""},"categories":[42],"class_list":["post-259","page","type-page","status-publish","has-post-thumbnail","hentry","category-retention"],"_links":{"self":[{"href":"https:\/\/www.cadexinc.com\/fr\/wp-json\/wp\/v2\/pages\/259","targetHints":{"allow":["GET"]}}],"collection":[{"href":"https:\/\/www.cadexinc.com\/fr\/wp-json\/wp\/v2\/pages"}],"about":[{"href":"https:\/\/www.cadexinc.com\/fr\/wp-json\/wp\/v2\/types\/page"}],"author":[{"embeddable":true,"href":"https:\/\/www.cadexinc.com\/fr\/wp-json\/wp\/v2\/users\/5"}],"replies":[{"embeddable":true,"href":"https:\/\/www.cadexinc.com\/fr\/wp-json\/wp\/v2\/comments?post=259"}],"version-history":[{"count":55,"href":"https:\/\/www.cadexinc.com\/fr\/wp-json\/wp\/v2\/pages\/259\/revisions"}],"predecessor-version":[{"id":21060,"href":"https:\/\/www.cadexinc.com\/fr\/wp-json\/wp\/v2\/pages\/259\/revisions\/21060"}],"up":[{"embeddable":true,"href":"https:\/\/www.cadexinc.com\/fr\/wp-json\/wp\/v2\/pages\/3193"}],"wp:featuredmedia":[{"embeddable":true,"href":"https:\/\/www.cadexinc.com\/fr\/wp-json\/wp\/v2\/media\/12402"}],"wp:attachment":[{"href":"https:\/\/www.cadexinc.com\/fr\/wp-json\/wp\/v2\/media?parent=259"}],"wp:term":[{"taxonomy":"category","embeddable":true,"href":"https:\/\/www.cadexinc.com\/fr\/wp-json\/wp\/v2\/categories?post=259"}],"curies":[{"name":"wp","href":"https:\/\/api.w.org\/{rel}","templated":true}]}}