{"id":257,"date":"2022-05-17T13:46:37","date_gmt":"2022-05-17T17:46:37","guid":{"rendered":"http:\/\/www.cadexinc.com\/?page_id=257"},"modified":"2026-03-18T13:42:00","modified_gmt":"2026-03-18T17:42:00","slug":"machine-a-usage-multiple-pour-les-jugulaires","status":"publish","type":"page","link":"https:\/\/www.cadexinc.com\/fr\/equipement\/machines\/machines-de-retention\/machine-a-usage-multiple-pour-les-jugulaires\/","title":{"rendered":"Machine polyvalente pour jugulaire"},"content":{"rendered":"<div data-elementor-type=\"wp-page\" data-elementor-id=\"257\" class=\"elementor elementor-257\">\n\t\t\t\t<div class=\"elementor-element elementor-element-7462ae05 elementor-hidden-desktop elementor-hidden-tablet e-flex e-con-boxed e-con e-parent\" data-id=\"7462ae05\" data-element_type=\"container\">\n\t\t\t\t\t<div class=\"e-con-inner\">\n\t\t<div class=\"elementor-element elementor-element-47ebacf e-con-full e-flex e-con e-child\" data-id=\"47ebacf\" data-element_type=\"container\">\n\t\t\t\t<div class=\"elementor-element elementor-element-16a625f elementor-widget__width-initial elementor-widget elementor-widget-image\" data-id=\"16a625f\" data-element_type=\"widget\" data-widget_type=\"image.default\">\n\t\t\t\t<div class=\"elementor-widget-container\">\n\t\t\t\t\t\t\t\t\t\t\t\t\t\t\t<img fetchpriority=\"high\" decoding=\"async\" width=\"980\" height=\"795\" src=\"https:\/\/www.cadexinc.com\/wp-content\/uploads\/2026\/02\/Chinstrap-multipurpose-machine-main-picture-1024x831.webp\" class=\"attachment-large size-large wp-image-20594\" alt=\"\" srcset=\"https:\/\/www.cadexinc.com\/wp-content\/uploads\/2026\/02\/Chinstrap-multipurpose-machine-main-picture-1024x831.webp 1024w, https:\/\/www.cadexinc.com\/wp-content\/uploads\/2026\/02\/Chinstrap-multipurpose-machine-main-picture-300x243.webp 300w, https:\/\/www.cadexinc.com\/wp-content\/uploads\/2026\/02\/Chinstrap-multipurpose-machine-main-picture-768x623.webp 768w, https:\/\/www.cadexinc.com\/wp-content\/uploads\/2026\/02\/Chinstrap-multipurpose-machine-main-picture-15x12.webp 15w, https:\/\/www.cadexinc.com\/wp-content\/uploads\/2026\/02\/Chinstrap-multipurpose-machine-main-picture-416x338.webp 416w, https:\/\/www.cadexinc.com\/wp-content\/uploads\/2026\/02\/Chinstrap-multipurpose-machine-main-picture.webp 1431w\" sizes=\"(max-width: 980px) 100vw, 980px\" \/>\t\t\t\t\t\t\t\t\t\t\t\t\t\t\t<\/div>\n\t\t\t\t<\/div>\n\t\t\t\t<\/div>\n\t\t\t\t\t<\/div>\n\t\t\t\t<\/div>\n\t\t<div class=\"elementor-element elementor-element-56d1726 e-flex e-con-boxed e-con e-parent\" data-id=\"56d1726\" data-element_type=\"container\">\n\t\t\t\t\t<div class=\"e-con-inner\">\n\t\t<div class=\"elementor-element elementor-element-aca905a e-con-full e-flex e-con e-child\" data-id=\"aca905a\" data-element_type=\"container\">\n\t\t<div class=\"elementor-element elementor-element-a0a44dd e-con-full e-flex e-con e-child\" data-id=\"a0a44dd\" data-element_type=\"container\">\n\t\t<div class=\"elementor-element elementor-element-4535549 e-con-full equipment-main-right-block e-flex e-con e-child\" data-id=\"4535549\" data-element_type=\"container\">\n\t\t<div class=\"elementor-element elementor-element-2c67d39 e-con-full e-flex e-con e-child\" data-id=\"2c67d39\" data-element_type=\"container\">\n\t\t\t\t<div class=\"elementor-element elementor-element-99bf03e elementor-widget elementor-widget-text-editor\" data-id=\"99bf03e\" data-element_type=\"widget\" data-widget_type=\"text-editor.default\">\n\t\t\t\t<div class=\"elementor-widget-container\">\n\t\t\t\t\t\t\t\t\t<p class=\"cdx-title cdx-text-align-justify\">La machine polyvalente pour jugulaire Cadex est con\u00e7ue et fabriqu\u00e9e pour tester le micro-glissement, la r\u00e9sistance \u00e0 l\u2019abrasion de la jugulaire et la durabilit\u00e9 du syst\u00e8me de lib\u00e9ration rapide. Conform\u00e9ment aux normes BSI et ECE 22.<\/p>\t\t\t\t\t\t\t\t<\/div>\n\t\t\t\t<\/div>\n\t\t\t\t<div class=\"elementor-element elementor-element-f4870c8 equipment-sub-titles elementor-widget elementor-widget-heading\" data-id=\"f4870c8\" data-element_type=\"widget\" data-widget_type=\"heading.default\">\n\t\t\t\t<div class=\"elementor-widget-container\">\n\t\t\t\t\t<h6 class=\"elementor-heading-title elementor-size-default\">DIMENSIONS (APPROX.) :<\/h6>\t\t\t\t<\/div>\n\t\t\t\t<\/div>\n\t\t\t\t<div class=\"elementor-element elementor-element-33445eb elementor-widget elementor-widget-text-editor\" data-id=\"33445eb\" data-element_type=\"widget\" data-widget_type=\"text-editor.default\">\n\t\t\t\t<div class=\"elementor-widget-container\">\n\t\t\t\t\t\t\t\t\t<ul class=\"special-list\">\n<li>Longueur : 111,12 cm \/ 43,75 in<\/li>\n<li>Width:\u00a0 \u00a054.61 cm \/ 21.5 in<\/li>\n<li>Height:\u00a0 84.79 cm \/ 33.38 in<\/li>\n<\/ul>\t\t\t\t\t\t\t\t<\/div>\n\t\t\t\t<\/div>\n\t\t\t\t<div class=\"elementor-element elementor-element-ec48adf equipment-sub-titles elementor-widget elementor-widget-heading\" data-id=\"ec48adf\" data-element_type=\"widget\" data-widget_type=\"heading.default\">\n\t\t\t\t<div class=\"elementor-widget-container\">\n\t\t\t\t\t<h6 class=\"elementor-heading-title elementor-size-default\">EXIGENCES\u202f:<\/h6>\t\t\t\t<\/div>\n\t\t\t\t<\/div>\n\t\t\t\t<div class=\"elementor-element elementor-element-e656af2 elementor-widget elementor-widget-text-editor\" data-id=\"e656af2\" data-element_type=\"widget\" data-widget_type=\"text-editor.default\">\n\t\t\t\t<div class=\"elementor-widget-container\">\n\t\t\t\t\t\t\t\t\t<ul class=\"special-list\">\n<li>Alimentation : 110v\/220v - 50\/60 Hz<\/li>\n<li>Alimentation en air constante : 80 psi \u00e0 1 cfm<\/li>\n<\/ul>\t\t\t\t\t\t\t\t<\/div>\n\t\t\t\t<\/div>\n\t\t\t\t<div class=\"elementor-element elementor-element-f415bac equipment-sub-titles elementor-widget elementor-widget-heading\" data-id=\"f415bac\" data-element_type=\"widget\" data-widget_type=\"heading.default\">\n\t\t\t\t<div class=\"elementor-widget-container\">\n\t\t\t\t\t<h6 class=\"elementor-heading-title elementor-size-default\">CARACT\u00c9RISTIQUES\u202f:<\/h6>\t\t\t\t<\/div>\n\t\t\t\t<\/div>\n\t\t\t\t<div class=\"elementor-element elementor-element-8093786 elementor-widget elementor-widget-text-editor\" data-id=\"8093786\" data-element_type=\"widget\" data-widget_type=\"text-editor.default\">\n\t\t\t\t<div class=\"elementor-widget-container\">\n\t\t\t\t\t\t\t\t\t<ul class=\"special-list\">\n<li>Contr\u00f4leur \u00e0 \u00e9cran tactile<\/li>\n<li>Vitesse et fr\u00e9quence du cycle r\u00e9glables<\/li>\n<li>Cellule de charge 750 lbf (3,3 kN)<\/li>\n<li>Durabilit\u00e9 du syst\u00e8me de fixation rapide sur le c\u00f4t\u00e9<\/li>\n<li>Configuration interchangeable pour le micro-glissement et l'abrasion de la jugulaire<\/li>\n<\/ul>\n<p class=\"fst-italic mt-4 fs-7 text-danger cdx-notation\">*N\u00e9cessite un support personnalis\u00e9 pour la boucle \u00e0 d\u00e9gagement rapide*<\/p>\t\t\t\t\t\t\t\t<\/div>\n\t\t\t\t<\/div>\n\t\t\t\t<\/div>\n\t\t\t\t<\/div>\n\t\t\t\t<\/div>\n\t\t<div class=\"elementor-element elementor-element-ef7f2b3 e-con-full e-flex e-con e-child\" data-id=\"ef7f2b3\" data-element_type=\"container\">\n\t\t\t\t<div class=\"elementor-element elementor-element-468f623 elementor-hidden-mobile elementor-widget__width-initial elementor-widget elementor-widget-image\" data-id=\"468f623\" data-element_type=\"widget\" data-widget_type=\"image.default\">\n\t\t\t\t<div class=\"elementor-widget-container\">\n\t\t\t\t\t\t\t\t\t\t\t\t\t\t\t<img fetchpriority=\"high\" decoding=\"async\" width=\"980\" height=\"795\" src=\"https:\/\/www.cadexinc.com\/wp-content\/uploads\/2026\/02\/Chinstrap-multipurpose-machine-main-picture-1024x831.webp\" class=\"attachment-large size-large wp-image-20594\" alt=\"\" srcset=\"https:\/\/www.cadexinc.com\/wp-content\/uploads\/2026\/02\/Chinstrap-multipurpose-machine-main-picture-1024x831.webp 1024w, https:\/\/www.cadexinc.com\/wp-content\/uploads\/2026\/02\/Chinstrap-multipurpose-machine-main-picture-300x243.webp 300w, https:\/\/www.cadexinc.com\/wp-content\/uploads\/2026\/02\/Chinstrap-multipurpose-machine-main-picture-768x623.webp 768w, https:\/\/www.cadexinc.com\/wp-content\/uploads\/2026\/02\/Chinstrap-multipurpose-machine-main-picture-15x12.webp 15w, https:\/\/www.cadexinc.com\/wp-content\/uploads\/2026\/02\/Chinstrap-multipurpose-machine-main-picture-416x338.webp 416w, https:\/\/www.cadexinc.com\/wp-content\/uploads\/2026\/02\/Chinstrap-multipurpose-machine-main-picture.webp 1431w\" sizes=\"(max-width: 980px) 100vw, 980px\" \/>\t\t\t\t\t\t\t\t\t\t\t\t\t\t\t<\/div>\n\t\t\t\t<\/div>\n\t\t\t\t<\/div>\n\t\t\t\t<\/div>\n\t\t\t\t\t<\/div>\n\t\t\t\t<\/div>\n\t\t<div class=\"elementor-element elementor-element-6ea08dd e-flex e-con-boxed e-con e-parent\" data-id=\"6ea08dd\" data-element_type=\"container\">\n\t\t\t\t\t<div class=\"e-con-inner\">\n\t\t<div class=\"elementor-element elementor-element-30dc4c1 e-con-full e-grid equipment-page-multi-image-box e-con e-child\" data-id=\"30dc4c1\" data-element_type=\"container\">\n\t\t<div class=\"elementor-element elementor-element-ea081cb e-grid e-con-full equipment-images-left-block e-con e-child\" data-id=\"ea081cb\" data-element_type=\"container\">\n\t\t\t\t<div class=\"elementor-element elementor-element-258379f elementor-widget elementor-widget-image\" data-id=\"258379f\" data-element_type=\"widget\" data-widget_type=\"image.default\">\n\t\t\t\t<div class=\"elementor-widget-container\">\n\t\t\t\t\t\t\t\t\t\t\t\t<figure class=\"wp-caption\">\n\t\t\t\t\t\t\t\t\t\t<img decoding=\"async\" width=\"980\" height=\"497\" src=\"https:\/\/www.cadexinc.com\/wp-content\/uploads\/2026\/02\/Chinstrap-multipurpose-machine-Resistance-to-abrasion-test-1024x519.webp\" class=\"attachment-large size-large wp-image-20595\" alt=\"\" srcset=\"https:\/\/www.cadexinc.com\/wp-content\/uploads\/2026\/02\/Chinstrap-multipurpose-machine-Resistance-to-abrasion-test-1024x519.webp 1024w, https:\/\/www.cadexinc.com\/wp-content\/uploads\/2026\/02\/Chinstrap-multipurpose-machine-Resistance-to-abrasion-test-300x152.webp 300w, https:\/\/www.cadexinc.com\/wp-content\/uploads\/2026\/02\/Chinstrap-multipurpose-machine-Resistance-to-abrasion-test-768x389.webp 768w, https:\/\/www.cadexinc.com\/wp-content\/uploads\/2026\/02\/Chinstrap-multipurpose-machine-Resistance-to-abrasion-test-18x9.webp 18w, https:\/\/www.cadexinc.com\/wp-content\/uploads\/2026\/02\/Chinstrap-multipurpose-machine-Resistance-to-abrasion-test-416x211.webp 416w, https:\/\/www.cadexinc.com\/wp-content\/uploads\/2026\/02\/Chinstrap-multipurpose-machine-Resistance-to-abrasion-test.webp 1420w\" sizes=\"(max-width: 980px) 100vw, 980px\" \/>\t\t\t\t\t\t\t\t\t\t\t<figcaption class=\"widget-image-caption wp-caption-text\">Test de r\u00e9sistance \u00e0 l\u2019abrasion<\/figcaption>\n\t\t\t\t\t\t\t\t\t\t<\/figure>\n\t\t\t\t\t\t\t\t\t<\/div>\n\t\t\t\t<\/div>\n\t\t\t\t<\/div>\n\t\t\t\t<div class=\"elementor-element elementor-element-4fa92f0 elementor-widget elementor-widget-image\" data-id=\"4fa92f0\" data-element_type=\"widget\" data-widget_type=\"image.default\">\n\t\t\t\t<div class=\"elementor-widget-container\">\n\t\t\t\t\t\t\t\t\t\t\t\t<figure class=\"wp-caption\">\n\t\t\t\t\t\t\t\t\t\t<img decoding=\"async\" width=\"980\" height=\"498\" src=\"https:\/\/www.cadexinc.com\/wp-content\/uploads\/2026\/02\/Chinstrap-multipurpose-machine-Micro-slip-test.webp\" class=\"attachment-large size-large wp-image-20596\" alt=\"\" srcset=\"https:\/\/www.cadexinc.com\/wp-content\/uploads\/2026\/02\/Chinstrap-multipurpose-machine-Micro-slip-test.webp 1020w, https:\/\/www.cadexinc.com\/wp-content\/uploads\/2026\/02\/Chinstrap-multipurpose-machine-Micro-slip-test-300x152.webp 300w, https:\/\/www.cadexinc.com\/wp-content\/uploads\/2026\/02\/Chinstrap-multipurpose-machine-Micro-slip-test-768x390.webp 768w, https:\/\/www.cadexinc.com\/wp-content\/uploads\/2026\/02\/Chinstrap-multipurpose-machine-Micro-slip-test-18x9.webp 18w, https:\/\/www.cadexinc.com\/wp-content\/uploads\/2026\/02\/Chinstrap-multipurpose-machine-Micro-slip-test-416x211.webp 416w\" sizes=\"(max-width: 980px) 100vw, 980px\" \/>\t\t\t\t\t\t\t\t\t\t\t<figcaption class=\"widget-image-caption wp-caption-text\">Test de micro-glissement<\/figcaption>\n\t\t\t\t\t\t\t\t\t\t<\/figure>\n\t\t\t\t\t\t\t\t\t<\/div>\n\t\t\t\t<\/div>\n\t\t\t\t<div class=\"elementor-element elementor-element-a6be119 elementor-widget elementor-widget-image\" data-id=\"a6be119\" data-element_type=\"widget\" data-widget_type=\"image.default\">\n\t\t\t\t<div class=\"elementor-widget-container\">\n\t\t\t\t\t\t\t\t\t\t\t\t<figure class=\"wp-caption\">\n\t\t\t\t\t\t\t\t\t\t<img loading=\"lazy\" decoding=\"async\" width=\"980\" height=\"515\" src=\"https:\/\/www.cadexinc.com\/wp-content\/uploads\/2026\/02\/Chinstrap-multipurpose-machine-Durability-of-quick-release-system.webp\" class=\"attachment-large size-large wp-image-20597\" alt=\"\" srcset=\"https:\/\/www.cadexinc.com\/wp-content\/uploads\/2026\/02\/Chinstrap-multipurpose-machine-Durability-of-quick-release-system.webp 985w, https:\/\/www.cadexinc.com\/wp-content\/uploads\/2026\/02\/Chinstrap-multipurpose-machine-Durability-of-quick-release-system-300x158.webp 300w, https:\/\/www.cadexinc.com\/wp-content\/uploads\/2026\/02\/Chinstrap-multipurpose-machine-Durability-of-quick-release-system-768x404.webp 768w, https:\/\/www.cadexinc.com\/wp-content\/uploads\/2026\/02\/Chinstrap-multipurpose-machine-Durability-of-quick-release-system-18x9.webp 18w, https:\/\/www.cadexinc.com\/wp-content\/uploads\/2026\/02\/Chinstrap-multipurpose-machine-Durability-of-quick-release-system-416x219.webp 416w\" sizes=\"(max-width: 980px) 100vw, 980px\" \/>\t\t\t\t\t\t\t\t\t\t\t<figcaption class=\"widget-image-caption wp-caption-text\">Durabilit\u00e9 du syst\u00e8me de lib\u00e9ration rapide<\/figcaption>\n\t\t\t\t\t\t\t\t\t\t<\/figure>\n\t\t\t\t\t\t\t\t\t<\/div>\n\t\t\t\t<\/div>\n\t\t\t\t<\/div>\n\t\t\t\t\t<\/div>\n\t\t\t\t<\/div>\n\t\t\t\t<\/div>","protected":false},"excerpt":{"rendered":"<p>The Cadex chinstrap multipurpose machine is designed and manufactured to test microslippage, resistance to abrasion of the chinstrap and durability of quick release system. According to BSI and ECE 22 regulation. DIMENSIONS (APPROX.): Length: 111.12 cm \/ 43.75 in Width:\u00a0 \u00a054.61 cm \/ 21.5 in Height:\u00a0 84.79 cm \/ 33.38 in REQUIREMENTS: Power: 110v\/220v &#8211; [&hellip;]<\/p>","protected":false},"author":5,"featured_media":14809,"parent":3193,"menu_order":0,"comment_status":"closed","ping_status":"closed","template":"","meta":{"footnotes":""},"categories":[42],"class_list":["post-257","page","type-page","status-publish","has-post-thumbnail","hentry","category-retention"],"_links":{"self":[{"href":"https:\/\/www.cadexinc.com\/fr\/wp-json\/wp\/v2\/pages\/257","targetHints":{"allow":["GET"]}}],"collection":[{"href":"https:\/\/www.cadexinc.com\/fr\/wp-json\/wp\/v2\/pages"}],"about":[{"href":"https:\/\/www.cadexinc.com\/fr\/wp-json\/wp\/v2\/types\/page"}],"author":[{"embeddable":true,"href":"https:\/\/www.cadexinc.com\/fr\/wp-json\/wp\/v2\/users\/5"}],"replies":[{"embeddable":true,"href":"https:\/\/www.cadexinc.com\/fr\/wp-json\/wp\/v2\/comments?post=257"}],"version-history":[{"count":64,"href":"https:\/\/www.cadexinc.com\/fr\/wp-json\/wp\/v2\/pages\/257\/revisions"}],"predecessor-version":[{"id":21057,"href":"https:\/\/www.cadexinc.com\/fr\/wp-json\/wp\/v2\/pages\/257\/revisions\/21057"}],"up":[{"embeddable":true,"href":"https:\/\/www.cadexinc.com\/fr\/wp-json\/wp\/v2\/pages\/3193"}],"wp:featuredmedia":[{"embeddable":true,"href":"https:\/\/www.cadexinc.com\/fr\/wp-json\/wp\/v2\/media\/14809"}],"wp:attachment":[{"href":"https:\/\/www.cadexinc.com\/fr\/wp-json\/wp\/v2\/media?parent=257"}],"wp:term":[{"taxonomy":"category","embeddable":true,"href":"https:\/\/www.cadexinc.com\/fr\/wp-json\/wp\/v2\/categories?post=257"}],"curies":[{"name":"wp","href":"https:\/\/api.w.org\/{rel}","templated":true}]}}