{"id":255,"date":"2022-05-17T13:46:09","date_gmt":"2022-05-17T17:46:09","guid":{"rendered":"http:\/\/www.cadexinc.com\/?page_id=255"},"modified":"2026-03-18T13:33:11","modified_gmt":"2026-03-18T17:33:11","slug":"systeme-de-machine-a-sangle-dynamique","status":"publish","type":"page","link":"https:\/\/www.cadexinc.com\/fr\/equipement\/machines\/machines-de-retention\/systeme-de-machine-a-sangle-dynamique\/","title":{"rendered":"Machine \u00e0 sangle dynamique 2 en 1"},"content":{"rendered":"<div data-elementor-type=\"wp-page\" data-elementor-id=\"255\" class=\"elementor elementor-255\">\n\t\t\t\t<div class=\"elementor-element elementor-element-15abffd elementor-hidden-desktop elementor-hidden-tablet e-flex e-con-boxed e-con e-parent\" data-id=\"15abffd\" data-element_type=\"container\">\n\t\t\t\t\t<div class=\"e-con-inner\">\n\t\t\t\t<div class=\"elementor-element elementor-element-2abbf0a elementor-widget__width-initial elementor-widget elementor-widget-image\" data-id=\"2abbf0a\" data-element_type=\"widget\" data-widget_type=\"image.default\">\n\t\t\t\t<div class=\"elementor-widget-container\">\n\t\t\t\t\t\t\t\t\t\t\t\t\t\t\t<img fetchpriority=\"high\" decoding=\"async\" width=\"341\" height=\"1024\" src=\"https:\/\/www.cadexinc.com\/wp-content\/uploads\/2023\/07\/Dynamic-Strap-Machine_main-341x1024.webp\" class=\"attachment-large size-large wp-image-12138\" alt=\"\" srcset=\"https:\/\/www.cadexinc.com\/wp-content\/uploads\/2023\/07\/Dynamic-Strap-Machine_main-341x1024.webp 341w, https:\/\/www.cadexinc.com\/wp-content\/uploads\/2023\/07\/Dynamic-Strap-Machine_main-100x300.webp 100w, https:\/\/www.cadexinc.com\/wp-content\/uploads\/2023\/07\/Dynamic-Strap-Machine_main-416x1249.webp 416w, https:\/\/www.cadexinc.com\/wp-content\/uploads\/2023\/07\/Dynamic-Strap-Machine_main.webp 495w\" sizes=\"(max-width: 341px) 100vw, 341px\" \/>\t\t\t\t\t\t\t\t\t\t\t\t\t\t\t<\/div>\n\t\t\t\t<\/div>\n\t\t\t\t\t<\/div>\n\t\t\t\t<\/div>\n\t\t<div class=\"elementor-element elementor-element-ccda2ed e-flex e-con-boxed e-con e-parent\" data-id=\"ccda2ed\" data-element_type=\"container\">\n\t\t\t\t\t<div class=\"e-con-inner\">\n\t\t<div class=\"elementor-element elementor-element-02d1b8f e-con-full e-flex e-con e-child\" data-id=\"02d1b8f\" data-element_type=\"container\">\n\t\t<div class=\"elementor-element elementor-element-463d589 e-con-full e-flex e-con e-child\" data-id=\"463d589\" data-element_type=\"container\">\n\t\t<div class=\"elementor-element elementor-element-1b8e8ab e-con-full equipment-main-right-block e-flex e-con e-child\" data-id=\"1b8e8ab\" data-element_type=\"container\">\n\t\t<div class=\"elementor-element elementor-element-6322ce7 e-con-full e-flex e-con e-child\" data-id=\"6322ce7\" data-element_type=\"container\">\n\t\t\t\t<div class=\"elementor-element elementor-element-659f383 elementor-widget elementor-widget-text-editor\" data-id=\"659f383\" data-element_type=\"widget\" data-widget_type=\"text-editor.default\">\n\t\t\t\t<div class=\"elementor-widget-container\">\n\t\t\t\t\t\t\t\t\t<p class=\"cdx-title cdx-text-align-justify\">La machine \u00e0 sangle dynamique (2 en 1) est con\u00e7ue et fabriqu\u00e9e pour tester l\u2019efficacit\u00e9 du syst\u00e8me de maintien des casques, conform\u00e9ment aux r\u00e9glementations et normes ECE 22, EN 1078, ASTM, CPSC, AS\/NZS, SNELL et autres (en fonction des accessoires et poids s\u00e9lectionn\u00e9s).<\/p>\t\t\t\t\t\t\t\t<\/div>\n\t\t\t\t<\/div>\n\t\t\t\t<div class=\"elementor-element elementor-element-0611e00 equipment-sub-titles elementor-widget elementor-widget-heading\" data-id=\"0611e00\" data-element_type=\"widget\" data-widget_type=\"heading.default\">\n\t\t\t\t<div class=\"elementor-widget-container\">\n\t\t\t\t\t<h6 class=\"elementor-heading-title elementor-size-default\">DIMENSIONS (APPROX.) :<\/h6>\t\t\t\t<\/div>\n\t\t\t\t<\/div>\n\t\t\t\t<div class=\"elementor-element elementor-element-ffc37f3 elementor-widget elementor-widget-text-editor\" data-id=\"ffc37f3\" data-element_type=\"widget\" data-widget_type=\"text-editor.default\">\n\t\t\t\t<div class=\"elementor-widget-container\">\n\t\t\t\t\t\t\t\t\t<ul class=\"special-list\">\n<li>Longueur : 48,26 cm \/ 19 in<\/li>\n<li>Width:\u00a0 \u00a081.28 cm \/ 32 in<\/li>\n<li>Height:\u00a0 203.2 cm \/ 80 in (minimum height \u2013 without headform)<\/li>\n<\/ul>\t\t\t\t\t\t\t\t<\/div>\n\t\t\t\t<\/div>\n\t\t\t\t<div class=\"elementor-element elementor-element-f7d5f41 equipment-sub-titles elementor-widget elementor-widget-heading\" data-id=\"f7d5f41\" data-element_type=\"widget\" data-widget_type=\"heading.default\">\n\t\t\t\t<div class=\"elementor-widget-container\">\n\t\t\t\t\t<h6 class=\"elementor-heading-title elementor-size-default\">CARACT\u00c9RISTIQUES\u202f:<\/h6>\t\t\t\t<\/div>\n\t\t\t\t<\/div>\n\t\t\t\t<div class=\"elementor-element elementor-element-b0eecdd elementor-widget elementor-widget-text-editor\" data-id=\"b0eecdd\" data-element_type=\"widget\" data-widget_type=\"text-editor.default\">\n\t\t\t\t<div class=\"elementor-widget-container\">\n\t\t\t\t\t\t\t\t\t<ul class=\"special-list\">\n<li>Syst\u00e8me manuel<\/li>\n<li>La bo\u00eete de conditionnement \u00e9lectronique lit le d\u00e9placement au fil du temps pendant le test.<\/li>\n<li>L'appui-t\u00eate r\u00e9glable peut \u00eatre relev\u00e9 ou abaiss\u00e9 jusqu'\u00e0 25,4 cm (10 in).<\/li>\n<li>N\u00e9cessit\u00e9 d'\u00eatre connect\u00e9 \u00e0 un ordinateur pour mesurer le d\u00e9placement en temps r\u00e9el avec le logiciel Cadex<\/li>\n<li>Poids associ\u00e9 \u00e0 la norme sp\u00e9cifique incluse<\/li>\n<\/ul>\n<p class=\"fst-italic mt-4 fs-7 text-danger cdx-notation\">*Forme de t\u00eate non incluse et vendue s\u00e9par\u00e9ment<\/p>\n<p class=\"fst-italic mt-4 fs-7 text-danger cdx-notation\">*Les poids et les accessoires peuvent varier en fonction de la norme choisie.<\/p>\t\t\t\t\t\t\t\t<\/div>\n\t\t\t\t<\/div>\n\t\t\t\t<div class=\"elementor-element elementor-element-dee7fd9 equipment-sub-titles elementor-widget elementor-widget-heading\" data-id=\"dee7fd9\" data-element_type=\"widget\" data-widget_type=\"heading.default\">\n\t\t\t\t<div class=\"elementor-widget-container\">\n\t\t\t\t\t<h6 class=\"elementor-heading-title elementor-size-default\">EXIGENCES\u202f:<\/h6>\t\t\t\t<\/div>\n\t\t\t\t<\/div>\n\t\t\t\t<div class=\"elementor-element elementor-element-8fb9b3c elementor-widget elementor-widget-text-editor\" data-id=\"8fb9b3c\" data-element_type=\"widget\" data-widget_type=\"text-editor.default\">\n\t\t\t\t<div class=\"elementor-widget-container\">\n\t\t\t\t\t\t\t\t\t<ul class=\"special-list\">\n<li>Power: 110v\/220v \u2013 50\/60 Hz<\/li><\/ul>\t\t\t\t\t\t\t\t<\/div>\n\t\t\t\t<\/div>\n\t\t<div class=\"elementor-element elementor-element-9037bed e-con-full e-grid equipment-page-multi-image-box e-con e-child\" data-id=\"9037bed\" data-element_type=\"container\">\n\t\t\t\t<div class=\"elementor-element elementor-element-83a2cd4 elementor-widget elementor-widget-image\" data-id=\"83a2cd4\" data-element_type=\"widget\" data-widget_type=\"image.default\">\n\t\t\t\t<div class=\"elementor-widget-container\">\n\t\t\t\t\t\t\t\t\t\t\t\t<figure class=\"wp-caption\">\n\t\t\t\t\t\t\t\t\t\t<img decoding=\"async\" width=\"710\" height=\"589\" src=\"https:\/\/www.cadexinc.com\/wp-content\/uploads\/2023\/07\/Dynamic-Retention-System-ASTM_Electronic_conditioner_box-1.webp\" class=\"attachment-large size-large wp-image-14498\" alt=\"\" srcset=\"https:\/\/www.cadexinc.com\/wp-content\/uploads\/2023\/07\/Dynamic-Retention-System-ASTM_Electronic_conditioner_box-1.webp 710w, https:\/\/www.cadexinc.com\/wp-content\/uploads\/2023\/07\/Dynamic-Retention-System-ASTM_Electronic_conditioner_box-1-300x249.webp 300w, https:\/\/www.cadexinc.com\/wp-content\/uploads\/2023\/07\/Dynamic-Retention-System-ASTM_Electronic_conditioner_box-1-416x345.webp 416w\" sizes=\"(max-width: 710px) 100vw, 710px\" \/>\t\t\t\t\t\t\t\t\t\t\t<figcaption class=\"widget-image-caption wp-caption-text\">Bo\u00eetier de commande \u00e9lectronique<\/figcaption>\n\t\t\t\t\t\t\t\t\t\t<\/figure>\n\t\t\t\t\t\t\t\t\t<\/div>\n\t\t\t\t<\/div>\n\t\t\t\t<div class=\"elementor-element elementor-element-638d26f elementor-widget elementor-widget-image\" data-id=\"638d26f\" data-element_type=\"widget\" data-widget_type=\"image.default\">\n\t\t\t\t<div class=\"elementor-widget-container\">\n\t\t\t\t\t\t\t\t\t\t\t\t<figure class=\"wp-caption\">\n\t\t\t\t\t\t\t\t\t\t<img decoding=\"async\" width=\"710\" height=\"589\" src=\"https:\/\/www.cadexinc.com\/wp-content\/uploads\/2023\/07\/Dynamic-Retention-System-ASTM_Additional-weight.webp\" class=\"attachment-large size-large wp-image-12015\" alt=\"\" srcset=\"https:\/\/www.cadexinc.com\/wp-content\/uploads\/2023\/07\/Dynamic-Retention-System-ASTM_Additional-weight.webp 710w, https:\/\/www.cadexinc.com\/wp-content\/uploads\/2023\/07\/Dynamic-Retention-System-ASTM_Additional-weight-300x249.webp 300w, https:\/\/www.cadexinc.com\/wp-content\/uploads\/2023\/07\/Dynamic-Retention-System-ASTM_Additional-weight-416x345.webp 416w\" sizes=\"(max-width: 710px) 100vw, 710px\" \/>\t\t\t\t\t\t\t\t\t\t\t<figcaption class=\"widget-image-caption wp-caption-text\"><span style=\"font-size: 10px !important\">Poids et accessoires suppl\u00e9mentaires pour r\u00e9aliser davantage de normes<\/figcaption>\n\t\t\t\t\t\t\t\t\t\t<\/figure>\n\t\t\t\t\t\t\t\t\t<\/div>\n\t\t\t\t<\/div>\n\t\t\t\t<\/div>\n\t\t\t\t<\/div>\n\t\t\t\t<\/div>\n\t\t\t\t<\/div>\n\t\t<div class=\"elementor-element elementor-element-f2c7734 e-con-full e-flex e-con e-child\" data-id=\"f2c7734\" data-element_type=\"container\">\n\t\t\t\t<div class=\"elementor-element elementor-element-ab0333f elementor-hidden-mobile elementor-widget__width-initial elementor-widget elementor-widget-image\" data-id=\"ab0333f\" data-element_type=\"widget\" data-widget_type=\"image.default\">\n\t\t\t\t<div class=\"elementor-widget-container\">\n\t\t\t\t\t\t\t\t\t\t\t\t\t\t\t<img fetchpriority=\"high\" decoding=\"async\" width=\"341\" height=\"1024\" src=\"https:\/\/www.cadexinc.com\/wp-content\/uploads\/2023\/07\/Dynamic-Strap-Machine_main-341x1024.webp\" class=\"attachment-large size-large wp-image-12138\" alt=\"\" srcset=\"https:\/\/www.cadexinc.com\/wp-content\/uploads\/2023\/07\/Dynamic-Strap-Machine_main-341x1024.webp 341w, https:\/\/www.cadexinc.com\/wp-content\/uploads\/2023\/07\/Dynamic-Strap-Machine_main-100x300.webp 100w, https:\/\/www.cadexinc.com\/wp-content\/uploads\/2023\/07\/Dynamic-Strap-Machine_main-416x1249.webp 416w, https:\/\/www.cadexinc.com\/wp-content\/uploads\/2023\/07\/Dynamic-Strap-Machine_main.webp 495w\" sizes=\"(max-width: 341px) 100vw, 341px\" \/>\t\t\t\t\t\t\t\t\t\t\t\t\t\t\t<\/div>\n\t\t\t\t<\/div>\n\t\t\t\t<\/div>\n\t\t\t\t<\/div>\n\t\t\t\t\t<\/div>\n\t\t\t\t<\/div>\n\t\t<div class=\"elementor-element elementor-element-381a4d3 e-flex e-con-boxed e-con e-parent\" data-id=\"381a4d3\" data-element_type=\"container\">\n\t\t\t\t\t<div class=\"e-con-inner\">\n\t\t<div class=\"elementor-element elementor-element-00e9954 e-con-full e-grid equipment-page-multi-image-box e-con e-child\" data-id=\"00e9954\" data-element_type=\"container\">\n\t\t\t\t<div class=\"elementor-element elementor-element-df8fd08 elementor-widget elementor-widget-image\" data-id=\"df8fd08\" data-element_type=\"widget\" data-widget_type=\"image.default\">\n\t\t\t\t<div class=\"elementor-widget-container\">\n\t\t\t\t\t\t\t\t\t\t\t\t<figure class=\"wp-caption\">\n\t\t\t\t\t\t\t\t\t\t<img loading=\"lazy\" decoding=\"async\" width=\"493\" height=\"741\" src=\"https:\/\/www.cadexinc.com\/wp-content\/uploads\/2023\/07\/Dynamic-Strap-Machine_ECE-EN-1077.webp\" class=\"attachment-large size-large wp-image-12135\" alt=\"\" srcset=\"https:\/\/www.cadexinc.com\/wp-content\/uploads\/2023\/07\/Dynamic-Strap-Machine_ECE-EN-1077.webp 493w, https:\/\/www.cadexinc.com\/wp-content\/uploads\/2023\/07\/Dynamic-Strap-Machine_ECE-EN-1077-200x300.webp 200w, https:\/\/www.cadexinc.com\/wp-content\/uploads\/2023\/07\/Dynamic-Strap-Machine_ECE-EN-1077-416x625.webp 416w\" sizes=\"(max-width: 493px) 100vw, 493px\" \/>\t\t\t\t\t\t\t\t\t\t\t<figcaption class=\"widget-image-caption wp-caption-text\">Support de forme de t\u00eate compl\u00e8te en ur\u00e9thane<\/figcaption>\n\t\t\t\t\t\t\t\t\t\t<\/figure>\n\t\t\t\t\t\t\t\t\t<\/div>\n\t\t\t\t<\/div>\n\t\t\t\t<div class=\"elementor-element elementor-element-9f7b9c4 elementor-widget elementor-widget-image\" data-id=\"9f7b9c4\" data-element_type=\"widget\" data-widget_type=\"image.default\">\n\t\t\t\t<div class=\"elementor-widget-container\">\n\t\t\t\t\t\t\t\t\t\t\t\t<figure class=\"wp-caption\">\n\t\t\t\t\t\t\t\t\t\t<img loading=\"lazy\" decoding=\"async\" width=\"482\" height=\"734\" src=\"https:\/\/www.cadexinc.com\/wp-content\/uploads\/2023\/07\/Dynamic-Strap-Machine_Drop-platform.webp\" class=\"attachment-large size-large wp-image-12132\" alt=\"\" srcset=\"https:\/\/www.cadexinc.com\/wp-content\/uploads\/2023\/07\/Dynamic-Strap-Machine_Drop-platform.webp 482w, https:\/\/www.cadexinc.com\/wp-content\/uploads\/2023\/07\/Dynamic-Strap-Machine_Drop-platform-197x300.webp 197w, https:\/\/www.cadexinc.com\/wp-content\/uploads\/2023\/07\/Dynamic-Strap-Machine_Drop-platform-416x633.webp 416w\" sizes=\"(max-width: 482px) 100vw, 482px\" \/>\t\t\t\t\t\t\t\t\t\t\t<figcaption class=\"widget-image-caption wp-caption-text\">Plateforme de chute<\/figcaption>\n\t\t\t\t\t\t\t\t\t\t<\/figure>\n\t\t\t\t\t\t\t\t\t<\/div>\n\t\t\t\t<\/div>\n\t\t\t\t<div class=\"elementor-element elementor-element-f6523a0 elementor-widget elementor-widget-image\" data-id=\"f6523a0\" data-element_type=\"widget\" data-widget_type=\"image.default\">\n\t\t\t\t<div class=\"elementor-widget-container\">\n\t\t\t\t\t\t\t\t\t\t\t\t<figure class=\"wp-caption\">\n\t\t\t\t\t\t\t\t\t\t<img loading=\"lazy\" decoding=\"async\" width=\"464\" height=\"758\" src=\"https:\/\/www.cadexinc.com\/wp-content\/uploads\/2023\/07\/Dynamic-Strap-Machine_ASTM.webp\" class=\"attachment-large size-large wp-image-12129\" alt=\"\" srcset=\"https:\/\/www.cadexinc.com\/wp-content\/uploads\/2023\/07\/Dynamic-Strap-Machine_ASTM.webp 464w, https:\/\/www.cadexinc.com\/wp-content\/uploads\/2023\/07\/Dynamic-Strap-Machine_ASTM-184x300.webp 184w, https:\/\/www.cadexinc.com\/wp-content\/uploads\/2023\/07\/Dynamic-Strap-Machine_ASTM-416x680.webp 416w\" sizes=\"(max-width: 464px) 100vw, 464px\" \/>\t\t\t\t\t\t\t\t\t\t\t<figcaption class=\"widget-image-caption wp-caption-text\">Support de demi-forme de t\u00eate<\/figcaption>\n\t\t\t\t\t\t\t\t\t\t<\/figure>\n\t\t\t\t\t\t\t\t\t<\/div>\n\t\t\t\t<\/div>\n\t\t\t\t<\/div>\n\t\t\t\t\t<\/div>\n\t\t\t\t<\/div>\n\t\t\t\t<\/div>","protected":false},"excerpt":{"rendered":"<p>The dynamic strap machine (2 in 1) is designed and manufactured to test the efficiency of the helmets retention system compliance with ECE 22, EN 1078, ASTM, CPSC, AS\/NZS, SNELL and other regulations and standards (depending on the accessories and weights selected). DIMENSIONS (APPROX.): Length: 48.26 cm \/ 19 in Width:\u00a0 \u00a081.28 cm \/ 32 [&hellip;]<\/p>","protected":false},"author":5,"featured_media":12138,"parent":3193,"menu_order":0,"comment_status":"closed","ping_status":"closed","template":"","meta":{"footnotes":""},"categories":[42],"class_list":["post-255","page","type-page","status-publish","has-post-thumbnail","hentry","category-retention"],"_links":{"self":[{"href":"https:\/\/www.cadexinc.com\/fr\/wp-json\/wp\/v2\/pages\/255","targetHints":{"allow":["GET"]}}],"collection":[{"href":"https:\/\/www.cadexinc.com\/fr\/wp-json\/wp\/v2\/pages"}],"about":[{"href":"https:\/\/www.cadexinc.com\/fr\/wp-json\/wp\/v2\/types\/page"}],"author":[{"embeddable":true,"href":"https:\/\/www.cadexinc.com\/fr\/wp-json\/wp\/v2\/users\/5"}],"replies":[{"embeddable":true,"href":"https:\/\/www.cadexinc.com\/fr\/wp-json\/wp\/v2\/comments?post=255"}],"version-history":[{"count":141,"href":"https:\/\/www.cadexinc.com\/fr\/wp-json\/wp\/v2\/pages\/255\/revisions"}],"predecessor-version":[{"id":21054,"href":"https:\/\/www.cadexinc.com\/fr\/wp-json\/wp\/v2\/pages\/255\/revisions\/21054"}],"up":[{"embeddable":true,"href":"https:\/\/www.cadexinc.com\/fr\/wp-json\/wp\/v2\/pages\/3193"}],"wp:featuredmedia":[{"embeddable":true,"href":"https:\/\/www.cadexinc.com\/fr\/wp-json\/wp\/v2\/media\/12138"}],"wp:attachment":[{"href":"https:\/\/www.cadexinc.com\/fr\/wp-json\/wp\/v2\/media?parent=255"}],"wp:term":[{"taxonomy":"category","embeddable":true,"href":"https:\/\/www.cadexinc.com\/fr\/wp-json\/wp\/v2\/categories?post=255"}],"curies":[{"name":"wp","href":"https:\/\/api.w.org\/{rel}","templated":true}]}}