{"id":251,"date":"2022-05-17T13:45:22","date_gmt":"2022-05-17T17:45:22","guid":{"rendered":"http:\/\/www.cadexinc.com\/?page_id=251"},"modified":"2026-03-18T13:26:27","modified_gmt":"2026-03-18T17:26:27","slug":"serpentin","status":"publish","type":"page","link":"https:\/\/www.cadexinc.com\/fr\/equipement\/machines\/machines-de-retention\/serpentin\/","title":{"rendered":"Machine de r\u00e9tention dynamique (SNELL)"},"content":{"rendered":"<div data-elementor-type=\"wp-page\" data-elementor-id=\"251\" class=\"elementor elementor-251\">\n\t\t\t\t<div class=\"elementor-element elementor-element-28385129 elementor-hidden-desktop elementor-hidden-tablet e-flex e-con-boxed e-con e-parent\" data-id=\"28385129\" data-element_type=\"container\">\n\t\t\t\t\t<div class=\"e-con-inner\">\n\t\t\t\t<div class=\"elementor-element elementor-element-30eaa04 elementor-widget__width-initial elementor-widget elementor-widget-image\" data-id=\"30eaa04\" data-element_type=\"widget\" data-widget_type=\"image.default\">\n\t\t\t\t<div class=\"elementor-widget-container\">\n\t\t\t\t\t\t\t\t\t\t\t\t\t\t\t<img fetchpriority=\"high\" decoding=\"async\" width=\"411\" height=\"1024\" src=\"https:\/\/www.cadexinc.com\/wp-content\/uploads\/2023\/07\/Dynamic-Retention-SystemSNELL_main-1-411x1024.webp\" class=\"attachment-large size-large wp-image-14641\" alt=\"\" srcset=\"https:\/\/www.cadexinc.com\/wp-content\/uploads\/2023\/07\/Dynamic-Retention-SystemSNELL_main-1-411x1024.webp 411w, https:\/\/www.cadexinc.com\/wp-content\/uploads\/2023\/07\/Dynamic-Retention-SystemSNELL_main-1-120x300.webp 120w, https:\/\/www.cadexinc.com\/wp-content\/uploads\/2023\/07\/Dynamic-Retention-SystemSNELL_main-1-768x1913.webp 768w, https:\/\/www.cadexinc.com\/wp-content\/uploads\/2023\/07\/Dynamic-Retention-SystemSNELL_main-1-617x1536.webp 617w, https:\/\/www.cadexinc.com\/wp-content\/uploads\/2023\/07\/Dynamic-Retention-SystemSNELL_main-1-416x1036.webp 416w, https:\/\/www.cadexinc.com\/wp-content\/uploads\/2023\/07\/Dynamic-Retention-SystemSNELL_main-1.webp 803w\" sizes=\"(max-width: 411px) 100vw, 411px\" \/>\t\t\t\t\t\t\t\t\t\t\t\t\t\t\t<\/div>\n\t\t\t\t<\/div>\n\t\t\t\t\t<\/div>\n\t\t\t\t<\/div>\n\t\t<div class=\"elementor-element elementor-element-398d1bd e-flex e-con-boxed e-con e-parent\" data-id=\"398d1bd\" data-element_type=\"container\">\n\t\t\t\t\t<div class=\"e-con-inner\">\n\t\t<div class=\"elementor-element elementor-element-c8408c9 e-con-full e-flex e-con e-child\" data-id=\"c8408c9\" data-element_type=\"container\">\n\t\t<div class=\"elementor-element elementor-element-4bbebf8 e-con-full e-flex e-con e-child\" data-id=\"4bbebf8\" data-element_type=\"container\">\n\t\t<div class=\"elementor-element elementor-element-f5242ee e-con-full equipment-main-right-block e-flex e-con e-child\" data-id=\"f5242ee\" data-element_type=\"container\">\n\t\t<div class=\"elementor-element elementor-element-3a6fb30 e-con-full e-flex e-con e-child\" data-id=\"3a6fb30\" data-element_type=\"container\">\n\t\t\t\t<div class=\"elementor-element elementor-element-beb07ee elementor-widget elementor-widget-text-editor\" data-id=\"beb07ee\" data-element_type=\"widget\" data-widget_type=\"text-editor.default\">\n\t\t\t\t<div class=\"elementor-widget-container\">\n\t\t\t\t\t\t\t\t\t<p class=\"cdx-title cdx-text-align-justify\">La machine de r\u00e9tention dynamique Cadex (SNELL) est con\u00e7ue et fabriqu\u00e9e pour tester l\u2019efficacit\u00e9 du syst\u00e8me de r\u00e9tention des casques. Conforme aux exigences SNELL pour motocyclettes et courses automobiles (SNELL M2010 et SA-K2005). Peut \u00eatre adapt\u00e9e \u00e0 d\u2019autres normes. Cet \u00e9quipement est pilot\u00e9 par le logiciel Cadex.<\/p>\t\t\t\t\t\t\t\t<\/div>\n\t\t\t\t<\/div>\n\t\t\t\t<div class=\"elementor-element elementor-element-29a6135 equipment-sub-titles elementor-widget elementor-widget-heading\" data-id=\"29a6135\" data-element_type=\"widget\" data-widget_type=\"heading.default\">\n\t\t\t\t<div class=\"elementor-widget-container\">\n\t\t\t\t\t<h6 class=\"elementor-heading-title elementor-size-default\">DIMENSIONS (APPROX.) :<\/h6>\t\t\t\t<\/div>\n\t\t\t\t<\/div>\n\t\t\t\t<div class=\"elementor-element elementor-element-9f76321 elementor-widget elementor-widget-text-editor\" data-id=\"9f76321\" data-element_type=\"widget\" data-widget_type=\"text-editor.default\">\n\t\t\t\t<div class=\"elementor-widget-container\">\n\t\t\t\t\t\t\t\t\t<ul class=\"special-list\">\n<li>Longueur : 48,26 cm \/ 19 in<\/li>\n<li>Width:\u00a0 \u00a081.28 cm \/ 32 in<\/li>\n<li>Height:\u00a0 176.53 cm \/ 69.5 in (without headform)<\/li>\n<\/ul>\t\t\t\t\t\t\t\t<\/div>\n\t\t\t\t<\/div>\n\t\t\t\t<div class=\"elementor-element elementor-element-435bb5e equipment-sub-titles elementor-widget elementor-widget-heading\" data-id=\"435bb5e\" data-element_type=\"widget\" data-widget_type=\"heading.default\">\n\t\t\t\t<div class=\"elementor-widget-container\">\n\t\t\t\t\t<h6 class=\"elementor-heading-title elementor-size-default\">CARACT\u00c9RISTIQUES\u202f:<\/h6>\t\t\t\t<\/div>\n\t\t\t\t<\/div>\n\t\t\t\t<div class=\"elementor-element elementor-element-21efbbf elementor-widget elementor-widget-text-editor\" data-id=\"21efbbf\" data-element_type=\"widget\" data-widget_type=\"text-editor.default\">\n\t\t\t\t<div class=\"elementor-widget-container\">\n\t\t\t\t\t\t\t\t\t<ul class=\"special-list\">\n<li>Syst\u00e8me manuel<\/li>\n<li>Syst\u00e8me de levage pneumatique \u00e0 masse tombante<\/li>\n<li>La bo\u00eete de conditionnement \u00e9lectronique lit le d\u00e9placement au fil du temps pendant le test.<\/li>\n<li>L'appui-t\u00eate r\u00e9glable peut \u00eatre relev\u00e9 ou abaiss\u00e9 jusqu'\u00e0 25,4 cm (10 in).<\/li>\n<li>Aliment\u00e9 par une source 115VAC\/60Hz ou 220VAC\/50Hz<\/li>\n<li>Doit \u00eatre connect\u00e9 \u00e0 un syst\u00e8me informatique afin de mesurer le d\u00e9placement en temps r\u00e9el avec le logiciel Cadex.<\/li>\n<\/ul>\n<p class=\"fst-italic mt-4 fs-7 text-danger cdx-notation\">*Forme de t\u00eate non incluse et vendue s\u00e9par\u00e9ment<\/p>\t\t\t\t\t\t\t\t<\/div>\n\t\t\t\t<\/div>\n\t\t\t\t<div class=\"elementor-element elementor-element-870af3a equipment-sub-titles elementor-widget elementor-widget-heading\" data-id=\"870af3a\" data-element_type=\"widget\" data-widget_type=\"heading.default\">\n\t\t\t\t<div class=\"elementor-widget-container\">\n\t\t\t\t\t<h6 class=\"elementor-heading-title elementor-size-default\">EXIGENCES\u202f:<\/h6>\t\t\t\t<\/div>\n\t\t\t\t<\/div>\n\t\t\t\t<div class=\"elementor-element elementor-element-f09fac3 elementor-widget elementor-widget-text-editor\" data-id=\"f09fac3\" data-element_type=\"widget\" data-widget_type=\"text-editor.default\">\n\t\t\t\t<div class=\"elementor-widget-container\">\n\t\t\t\t\t\t\t\t\t<ul class=\"special-list\">\n<li>Power: 110v\/220v \u2013 50\/60 Hz<\/li>\n<li>Alimentation en air constante : 80 psi \u00e0 1 cfm<\/li>\n<\/ul>\t\t\t\t\t\t\t\t<\/div>\n\t\t\t\t<\/div>\n\t\t\t\t<\/div>\n\t\t\t\t<\/div>\n\t\t\t\t<\/div>\n\t\t<div class=\"elementor-element elementor-element-e51cb72 e-con-full e-flex e-con e-child\" data-id=\"e51cb72\" data-element_type=\"container\">\n\t\t\t\t<div class=\"elementor-element elementor-element-c1ad08e elementor-hidden-mobile elementor-widget__width-initial elementor-widget elementor-widget-image\" data-id=\"c1ad08e\" data-element_type=\"widget\" data-widget_type=\"image.default\">\n\t\t\t\t<div class=\"elementor-widget-container\">\n\t\t\t\t\t\t\t\t\t\t\t\t\t\t\t<img fetchpriority=\"high\" decoding=\"async\" width=\"411\" height=\"1024\" src=\"https:\/\/www.cadexinc.com\/wp-content\/uploads\/2023\/07\/Dynamic-Retention-SystemSNELL_main-1-411x1024.webp\" class=\"attachment-large size-large wp-image-14641\" alt=\"\" srcset=\"https:\/\/www.cadexinc.com\/wp-content\/uploads\/2023\/07\/Dynamic-Retention-SystemSNELL_main-1-411x1024.webp 411w, https:\/\/www.cadexinc.com\/wp-content\/uploads\/2023\/07\/Dynamic-Retention-SystemSNELL_main-1-120x300.webp 120w, https:\/\/www.cadexinc.com\/wp-content\/uploads\/2023\/07\/Dynamic-Retention-SystemSNELL_main-1-768x1913.webp 768w, https:\/\/www.cadexinc.com\/wp-content\/uploads\/2023\/07\/Dynamic-Retention-SystemSNELL_main-1-617x1536.webp 617w, https:\/\/www.cadexinc.com\/wp-content\/uploads\/2023\/07\/Dynamic-Retention-SystemSNELL_main-1-416x1036.webp 416w, https:\/\/www.cadexinc.com\/wp-content\/uploads\/2023\/07\/Dynamic-Retention-SystemSNELL_main-1.webp 803w\" sizes=\"(max-width: 411px) 100vw, 411px\" \/>\t\t\t\t\t\t\t\t\t\t\t\t\t\t\t<\/div>\n\t\t\t\t<\/div>\n\t\t\t\t<\/div>\n\t\t\t\t<\/div>\n\t\t\t\t\t<\/div>\n\t\t\t\t<\/div>\n\t\t<div class=\"elementor-element elementor-element-14e5958 e-flex e-con-boxed e-con e-parent\" data-id=\"14e5958\" data-element_type=\"container\">\n\t\t\t\t\t<div class=\"e-con-inner\">\n\t\t<div class=\"elementor-element elementor-element-79d3778 e-con-full e-grid equipment-page-multi-image-box e-con e-child\" data-id=\"79d3778\" data-element_type=\"container\">\n\t\t\t\t<div class=\"elementor-element elementor-element-3a6eee0 elementor-widget elementor-widget-image\" data-id=\"3a6eee0\" data-element_type=\"widget\" data-widget_type=\"image.default\">\n\t\t\t\t<div class=\"elementor-widget-container\">\n\t\t\t\t\t\t\t\t\t\t\t\t<figure class=\"wp-caption\">\n\t\t\t\t\t\t\t\t\t\t<img decoding=\"async\" width=\"249\" height=\"243\" src=\"https:\/\/www.cadexinc.com\/wp-content\/uploads\/2023\/07\/Dynamic-Retention-SystemSNELL_Electronic-conditioner.webp\" class=\"attachment-large size-large wp-image-14618\" alt=\"\" srcset=\"https:\/\/www.cadexinc.com\/wp-content\/uploads\/2023\/07\/Dynamic-Retention-SystemSNELL_Electronic-conditioner.webp 249w, https:\/\/www.cadexinc.com\/wp-content\/uploads\/2023\/07\/Dynamic-Retention-SystemSNELL_Electronic-conditioner-50x50.webp 50w\" sizes=\"(max-width: 249px) 100vw, 249px\" \/>\t\t\t\t\t\t\t\t\t\t\t<figcaption class=\"widget-image-caption wp-caption-text\">Bo\u00eetier de conditionneur \u00e9lectronique<\/figcaption>\n\t\t\t\t\t\t\t\t\t\t<\/figure>\n\t\t\t\t\t\t\t\t\t<\/div>\n\t\t\t\t<\/div>\n\t\t\t\t<div class=\"elementor-element elementor-element-ef6be64 elementor-widget elementor-widget-image\" data-id=\"ef6be64\" data-element_type=\"widget\" data-widget_type=\"image.default\">\n\t\t\t\t<div class=\"elementor-widget-container\">\n\t\t\t\t\t\t\t\t\t\t\t\t<figure class=\"wp-caption\">\n\t\t\t\t\t\t\t\t\t\t<img decoding=\"async\" width=\"211\" height=\"243\" src=\"https:\/\/www.cadexinc.com\/wp-content\/uploads\/2023\/07\/Dynamic-Retention-SystemSNELL_Pneumatic-lifting-system.webp\" class=\"attachment-large size-large wp-image-14625\" alt=\"\" \/>\t\t\t\t\t\t\t\t\t\t\t<figcaption class=\"widget-image-caption wp-caption-text\">Syst\u00e8me de levage pneumatique<\/figcaption>\n\t\t\t\t\t\t\t\t\t\t<\/figure>\n\t\t\t\t\t\t\t\t\t<\/div>\n\t\t\t\t<\/div>\n\t\t\t\t<div class=\"elementor-element elementor-element-2c5a57d elementor-widget elementor-widget-image\" data-id=\"2c5a57d\" data-element_type=\"widget\" data-widget_type=\"image.default\">\n\t\t\t\t<div class=\"elementor-widget-container\">\n\t\t\t\t\t\t\t\t\t\t\t\t<figure class=\"wp-caption\">\n\t\t\t\t\t\t\t\t\t\t<img loading=\"lazy\" decoding=\"async\" width=\"233\" height=\"614\" src=\"https:\/\/www.cadexinc.com\/wp-content\/uploads\/2023\/07\/Dynamic-Retention-SystemSNELL_Rear-view.webp\" class=\"attachment-large size-large wp-image-14628\" alt=\"\" srcset=\"https:\/\/www.cadexinc.com\/wp-content\/uploads\/2023\/07\/Dynamic-Retention-SystemSNELL_Rear-view.webp 233w, https:\/\/www.cadexinc.com\/wp-content\/uploads\/2023\/07\/Dynamic-Retention-SystemSNELL_Rear-view-114x300.webp 114w\" sizes=\"(max-width: 233px) 100vw, 233px\" \/>\t\t\t\t\t\t\t\t\t\t\t<figcaption class=\"widget-image-caption wp-caption-text\">Vue arri\u00e8re<\/figcaption>\n\t\t\t\t\t\t\t\t\t\t<\/figure>\n\t\t\t\t\t\t\t\t\t<\/div>\n\t\t\t\t<\/div>\n\t\t\t\t<\/div>\n\t\t\t\t\t<\/div>\n\t\t\t\t<\/div>\n\t\t\t\t<\/div>","protected":false},"excerpt":{"rendered":"<p>The Cadex dynamic retention machine (SNELL) is designed and manufactured to test the efficiency of the helmets retention system. Compliance with SNELL motorcycle and car racing requirements (SNELL M2010 and SA-K2005). Can be adapted to other standards. This equipment is operated by the Cadex software. DIMENSIONS (APPROX.): Length: 48.26 cm \/ 19 in Width:\u00a0 \u00a081.28 [&hellip;]<\/p>","protected":false},"author":5,"featured_media":14640,"parent":3193,"menu_order":0,"comment_status":"closed","ping_status":"closed","template":"","meta":{"footnotes":""},"categories":[42],"class_list":["post-251","page","type-page","status-publish","has-post-thumbnail","hentry","category-retention"],"_links":{"self":[{"href":"https:\/\/www.cadexinc.com\/fr\/wp-json\/wp\/v2\/pages\/251","targetHints":{"allow":["GET"]}}],"collection":[{"href":"https:\/\/www.cadexinc.com\/fr\/wp-json\/wp\/v2\/pages"}],"about":[{"href":"https:\/\/www.cadexinc.com\/fr\/wp-json\/wp\/v2\/types\/page"}],"author":[{"embeddable":true,"href":"https:\/\/www.cadexinc.com\/fr\/wp-json\/wp\/v2\/users\/5"}],"replies":[{"embeddable":true,"href":"https:\/\/www.cadexinc.com\/fr\/wp-json\/wp\/v2\/comments?post=251"}],"version-history":[{"count":40,"href":"https:\/\/www.cadexinc.com\/fr\/wp-json\/wp\/v2\/pages\/251\/revisions"}],"predecessor-version":[{"id":21050,"href":"https:\/\/www.cadexinc.com\/fr\/wp-json\/wp\/v2\/pages\/251\/revisions\/21050"}],"up":[{"embeddable":true,"href":"https:\/\/www.cadexinc.com\/fr\/wp-json\/wp\/v2\/pages\/3193"}],"wp:featuredmedia":[{"embeddable":true,"href":"https:\/\/www.cadexinc.com\/fr\/wp-json\/wp\/v2\/media\/14640"}],"wp:attachment":[{"href":"https:\/\/www.cadexinc.com\/fr\/wp-json\/wp\/v2\/media?parent=251"}],"wp:term":[{"taxonomy":"category","embeddable":true,"href":"https:\/\/www.cadexinc.com\/fr\/wp-json\/wp\/v2\/categories?post=251"}],"curies":[{"name":"wp","href":"https:\/\/api.w.org\/{rel}","templated":true}]}}