{"id":249,"date":"2022-05-17T13:45:01","date_gmt":"2022-05-17T17:45:01","guid":{"rendered":"http:\/\/www.cadexinc.com\/?page_id=249"},"modified":"2026-03-18T13:20:41","modified_gmt":"2026-03-18T17:20:41","slug":"stl-pour-la-machine-de-retention","status":"publish","type":"page","link":"https:\/\/www.cadexinc.com\/fr\/equipement\/machines\/machines-de-retention\/stl-pour-la-machine-de-retention\/","title":{"rendered":"Charge de traction statique pour machine de r\u00e9tention"},"content":{"rendered":"<div data-elementor-type=\"wp-page\" data-elementor-id=\"249\" class=\"elementor elementor-249\">\n\t\t\t\t<div class=\"elementor-element elementor-element-26767723 elementor-hidden-desktop elementor-hidden-tablet e-flex e-con-boxed e-con e-parent\" data-id=\"26767723\" data-element_type=\"container\">\n\t\t\t\t\t<div class=\"e-con-inner\">\n\t\t\t\t<div class=\"elementor-element elementor-element-4e2baba elementor-widget__width-initial elementor-widget elementor-widget-image\" data-id=\"4e2baba\" data-element_type=\"widget\" data-widget_type=\"image.default\">\n\t\t\t\t<div class=\"elementor-widget-container\">\n\t\t\t\t\t\t\t\t\t\t\t\t\t\t\t<img fetchpriority=\"high\" decoding=\"async\" width=\"313\" height=\"1024\" src=\"https:\/\/www.cadexinc.com\/wp-content\/uploads\/2025\/03\/stl-for-retention-machine-main-313x1024.webp\" class=\"attachment-large size-large wp-image-16498\" alt=\"\" srcset=\"https:\/\/www.cadexinc.com\/wp-content\/uploads\/2025\/03\/stl-for-retention-machine-main-313x1024.webp 313w, https:\/\/www.cadexinc.com\/wp-content\/uploads\/2025\/03\/stl-for-retention-machine-main-92x300.webp 92w, https:\/\/www.cadexinc.com\/wp-content\/uploads\/2025\/03\/stl-for-retention-machine-main-469x1536.webp 469w, https:\/\/www.cadexinc.com\/wp-content\/uploads\/2025\/03\/stl-for-retention-machine-main-4x12.webp 4w\" sizes=\"(max-width: 313px) 100vw, 313px\" \/>\t\t\t\t\t\t\t\t\t\t\t\t\t\t\t<\/div>\n\t\t\t\t<\/div>\n\t\t\t\t\t<\/div>\n\t\t\t\t<\/div>\n\t\t<div class=\"elementor-element elementor-element-e8d2be1 e-flex e-con-boxed e-con e-parent\" data-id=\"e8d2be1\" data-element_type=\"container\">\n\t\t\t\t\t<div class=\"e-con-inner\">\n\t\t<div class=\"elementor-element elementor-element-0a9f4bc e-con-full e-flex e-con e-child\" data-id=\"0a9f4bc\" data-element_type=\"container\">\n\t\t<div class=\"elementor-element elementor-element-8c18332 e-con-full e-flex e-con e-child\" data-id=\"8c18332\" data-element_type=\"container\">\n\t\t<div class=\"elementor-element elementor-element-b9e5a27 e-con-full equipment-main-right-block e-flex e-con e-child\" data-id=\"b9e5a27\" data-element_type=\"container\">\n\t\t<div class=\"elementor-element elementor-element-b87b8d1 e-con-full e-flex e-con e-child\" data-id=\"b87b8d1\" data-element_type=\"container\">\n\t\t\t\t<div class=\"elementor-element elementor-element-3affa07 elementor-widget elementor-widget-text-editor\" data-id=\"3affa07\" data-element_type=\"widget\" data-widget_type=\"text-editor.default\">\n\t\t\t\t<div class=\"elementor-widget-container\">\n\t\t\t\t\t\t\t\t\t<p class=\"cdx-title cdx-text-align-justify\">La charge de traction statique pour machine de retenue de CADEX est con\u00e7ue et fabriqu\u00e9e pour tester l\u2019efficacit\u00e9 du syst\u00e8me de retenue des casques, conform\u00e9ment aux normes DOT FMVSS n\u00b0218, ACH (Advanced Combat Helmet) et AS\/NZS 2512.5.1.<\/p>\t\t\t\t\t\t\t\t<\/div>\n\t\t\t\t<\/div>\n\t\t\t\t<div class=\"elementor-element elementor-element-0a9b191 equipment-sub-titles elementor-widget elementor-widget-heading\" data-id=\"0a9b191\" data-element_type=\"widget\" data-widget_type=\"heading.default\">\n\t\t\t\t<div class=\"elementor-widget-container\">\n\t\t\t\t\t<h6 class=\"elementor-heading-title elementor-size-default\">DIMENSIONS (APPROX.) :<\/h6>\t\t\t\t<\/div>\n\t\t\t\t<\/div>\n\t\t\t\t<div class=\"elementor-element elementor-element-aaac2d3 elementor-widget elementor-widget-text-editor\" data-id=\"aaac2d3\" data-element_type=\"widget\" data-widget_type=\"text-editor.default\">\n\t\t\t\t<div class=\"elementor-widget-container\">\n\t\t\t\t\t\t\t\t\t<ul class=\"special-list\">\n<li>Longueur : 60,66 cm \/ 23,88 in<\/li>\n<li>Width:\u00a0 \u00a067.31 cm \/ 26.5 in<\/li>\n<li>Height: 167.64 cm \/ 66 in (minimum height \u2013 without headform)<\/li>\n<\/ul>\t\t\t\t\t\t\t\t<\/div>\n\t\t\t\t<\/div>\n\t\t\t\t<div class=\"elementor-element elementor-element-469a1dc equipment-sub-titles elementor-widget elementor-widget-heading\" data-id=\"469a1dc\" data-element_type=\"widget\" data-widget_type=\"heading.default\">\n\t\t\t\t<div class=\"elementor-widget-container\">\n\t\t\t\t\t<h6 class=\"elementor-heading-title elementor-size-default\">CARACT\u00c9RISTIQUES\u202f:<\/h6>\t\t\t\t<\/div>\n\t\t\t\t<\/div>\n\t\t\t\t<div class=\"elementor-element elementor-element-8613a05 elementor-widget elementor-widget-text-editor\" data-id=\"8613a05\" data-element_type=\"widget\" data-widget_type=\"text-editor.default\">\n\t\t\t\t<div class=\"elementor-widget-container\">\n\t\t\t\t\t\t\t\t\t<ul class=\"special-list\">\n \t<li>Syst\u00e8me motoris\u00e9<\/li>\n \t<li>Contr\u00f4leur \u00e0 \u00e9cran tactile<\/li>\n \t<li>Double transducteur lin\u00e9aire pour mesurer l'\u00e9longation et la compression du casque<\/li>\n \t<li>Cellule de charge incorpor\u00e9e pour mesurer une charge statique constante<\/li>\n \t<li>L'appui-t\u00eate r\u00e9glable peut \u00eatre relev\u00e9 ou abaiss\u00e9 jusqu'\u00e0 25,4 cm (10 in).<\/li>\n \t<li>Peut \u00eatre connect\u00e9 \u00e0 un syst\u00e8me informatique afin d'exporter les donn\u00e9es<\/li>\n<\/ul>\n<p class=\"fst-italic mt-4 fs-7 text-danger cdx-notation\">*Forme de t\u00eate non incluse et vendue s\u00e9par\u00e9ment<\/p>\t\t\t\t\t\t\t\t<\/div>\n\t\t\t\t<\/div>\n\t\t\t\t<div class=\"elementor-element elementor-element-4c41df1 equipment-sub-titles elementor-widget elementor-widget-heading\" data-id=\"4c41df1\" data-element_type=\"widget\" data-widget_type=\"heading.default\">\n\t\t\t\t<div class=\"elementor-widget-container\">\n\t\t\t\t\t<h6 class=\"elementor-heading-title elementor-size-default\">EXIGENCES\u202f:<\/h6>\t\t\t\t<\/div>\n\t\t\t\t<\/div>\n\t\t\t\t<div class=\"elementor-element elementor-element-bc2aaae elementor-widget elementor-widget-text-editor\" data-id=\"bc2aaae\" data-element_type=\"widget\" data-widget_type=\"text-editor.default\">\n\t\t\t\t<div class=\"elementor-widget-container\">\n\t\t\t\t\t\t\t\t\t<ul class=\"special-list\">\n<li>Power: 110v\/220v \u2013 50\/60 Hz<\/li><\/ul>\t\t\t\t\t\t\t\t<\/div>\n\t\t\t\t<\/div>\n\t\t<div class=\"elementor-element elementor-element-787d291 e-con-full e-grid equipment-page-multi-image-box e-con e-child\" data-id=\"787d291\" data-element_type=\"container\">\n\t\t\t\t<div class=\"elementor-element elementor-element-17665e5 elementor-widget elementor-widget-image\" data-id=\"17665e5\" data-element_type=\"widget\" data-widget_type=\"image.default\">\n\t\t\t\t<div class=\"elementor-widget-container\">\n\t\t\t\t\t\t\t\t\t\t\t\t<figure class=\"wp-caption\">\n\t\t\t\t\t\t\t\t\t\t<img decoding=\"async\" width=\"592\" height=\"423\" src=\"https:\/\/www.cadexinc.com\/wp-content\/uploads\/2025\/03\/stl-for-retention-m-Motorized-system.webp\" class=\"attachment-large size-large wp-image-16496\" alt=\"\" srcset=\"https:\/\/www.cadexinc.com\/wp-content\/uploads\/2025\/03\/stl-for-retention-m-Motorized-system.webp 592w, https:\/\/www.cadexinc.com\/wp-content\/uploads\/2025\/03\/stl-for-retention-m-Motorized-system-300x214.webp 300w, https:\/\/www.cadexinc.com\/wp-content\/uploads\/2025\/03\/stl-for-retention-m-Motorized-system-18x12.webp 18w, https:\/\/www.cadexinc.com\/wp-content\/uploads\/2025\/03\/stl-for-retention-m-Motorized-system-416x297.webp 416w\" sizes=\"(max-width: 592px) 100vw, 592px\" \/>\t\t\t\t\t\t\t\t\t\t\t<figcaption class=\"widget-image-caption wp-caption-text\">Syst\u00e8me motoris\u00e9<\/figcaption>\n\t\t\t\t\t\t\t\t\t\t<\/figure>\n\t\t\t\t\t\t\t\t\t<\/div>\n\t\t\t\t<\/div>\n\t\t\t\t<div class=\"elementor-element elementor-element-2955993 elementor-widget elementor-widget-image\" data-id=\"2955993\" data-element_type=\"widget\" data-widget_type=\"image.default\">\n\t\t\t\t<div class=\"elementor-widget-container\">\n\t\t\t\t\t\t\t\t\t\t\t\t<figure class=\"wp-caption\">\n\t\t\t\t\t\t\t\t\t\t<img decoding=\"async\" width=\"440\" height=\"1024\" src=\"https:\/\/www.cadexinc.com\/wp-content\/uploads\/2025\/03\/stl-for-retention-machine-Left-view-440x1024.webp\" class=\"attachment-large size-large wp-image-16495\" alt=\"\" srcset=\"https:\/\/www.cadexinc.com\/wp-content\/uploads\/2025\/03\/stl-for-retention-machine-Left-view-440x1024.webp 440w, https:\/\/www.cadexinc.com\/wp-content\/uploads\/2025\/03\/stl-for-retention-machine-Left-view-129x300.webp 129w, https:\/\/www.cadexinc.com\/wp-content\/uploads\/2025\/03\/stl-for-retention-machine-Left-view-5x12.webp 5w, https:\/\/www.cadexinc.com\/wp-content\/uploads\/2025\/03\/stl-for-retention-machine-Left-view-416x968.webp 416w, https:\/\/www.cadexinc.com\/wp-content\/uploads\/2025\/03\/stl-for-retention-machine-Left-view.webp 647w\" sizes=\"(max-width: 440px) 100vw, 440px\" \/>\t\t\t\t\t\t\t\t\t\t\t<figcaption class=\"widget-image-caption wp-caption-text\">Vue de gauche<\/figcaption>\n\t\t\t\t\t\t\t\t\t\t<\/figure>\n\t\t\t\t\t\t\t\t\t<\/div>\n\t\t\t\t<\/div>\n\t\t\t\t<\/div>\n\t\t\t\t<\/div>\n\t\t\t\t<\/div>\n\t\t\t\t<\/div>\n\t\t<div class=\"elementor-element elementor-element-8fa0380 e-con-full e-flex e-con e-child\" data-id=\"8fa0380\" data-element_type=\"container\">\n\t\t\t\t<div class=\"elementor-element elementor-element-9048317 elementor-hidden-mobile elementor-widget__width-initial elementor-widget elementor-widget-image\" data-id=\"9048317\" data-element_type=\"widget\" data-widget_type=\"image.default\">\n\t\t\t\t<div class=\"elementor-widget-container\">\n\t\t\t\t\t\t\t\t\t\t\t\t\t\t\t<img fetchpriority=\"high\" decoding=\"async\" width=\"313\" height=\"1024\" src=\"https:\/\/www.cadexinc.com\/wp-content\/uploads\/2025\/03\/stl-for-retention-machine-main-313x1024.webp\" class=\"attachment-large size-large wp-image-16498\" alt=\"\" srcset=\"https:\/\/www.cadexinc.com\/wp-content\/uploads\/2025\/03\/stl-for-retention-machine-main-313x1024.webp 313w, https:\/\/www.cadexinc.com\/wp-content\/uploads\/2025\/03\/stl-for-retention-machine-main-92x300.webp 92w, https:\/\/www.cadexinc.com\/wp-content\/uploads\/2025\/03\/stl-for-retention-machine-main-469x1536.webp 469w, https:\/\/www.cadexinc.com\/wp-content\/uploads\/2025\/03\/stl-for-retention-machine-main-4x12.webp 4w\" sizes=\"(max-width: 313px) 100vw, 313px\" \/>\t\t\t\t\t\t\t\t\t\t\t\t\t\t\t<\/div>\n\t\t\t\t<\/div>\n\t\t\t\t<\/div>\n\t\t\t\t<\/div>\n\t\t\t\t\t<\/div>\n\t\t\t\t<\/div>\n\t\t\t\t<\/div>","protected":false},"excerpt":{"rendered":"<p>The Cadex static tensile load for retention machine is designed and manufactured to test the efficiency of the helmets retention system compliance with DOT FMVSS No. 218, ACH (Advanced Combat Helmet) and AS\/NZS 2512.5.1 standards. DIMENSIONS (APPROX.): Length: 60.66 cm \/ 23.88 in Width:\u00a0 \u00a067.31 cm \/ 26.5 in Height: 167.64 cm \/ 66 in [&hellip;]<\/p>","protected":false},"author":5,"featured_media":0,"parent":3193,"menu_order":0,"comment_status":"closed","ping_status":"closed","template":"","meta":{"footnotes":""},"categories":[42],"class_list":["post-249","page","type-page","status-publish","hentry","category-retention"],"_links":{"self":[{"href":"https:\/\/www.cadexinc.com\/fr\/wp-json\/wp\/v2\/pages\/249","targetHints":{"allow":["GET"]}}],"collection":[{"href":"https:\/\/www.cadexinc.com\/fr\/wp-json\/wp\/v2\/pages"}],"about":[{"href":"https:\/\/www.cadexinc.com\/fr\/wp-json\/wp\/v2\/types\/page"}],"author":[{"embeddable":true,"href":"https:\/\/www.cadexinc.com\/fr\/wp-json\/wp\/v2\/users\/5"}],"replies":[{"embeddable":true,"href":"https:\/\/www.cadexinc.com\/fr\/wp-json\/wp\/v2\/comments?post=249"}],"version-history":[{"count":99,"href":"https:\/\/www.cadexinc.com\/fr\/wp-json\/wp\/v2\/pages\/249\/revisions"}],"predecessor-version":[{"id":21047,"href":"https:\/\/www.cadexinc.com\/fr\/wp-json\/wp\/v2\/pages\/249\/revisions\/21047"}],"up":[{"embeddable":true,"href":"https:\/\/www.cadexinc.com\/fr\/wp-json\/wp\/v2\/pages\/3193"}],"wp:attachment":[{"href":"https:\/\/www.cadexinc.com\/fr\/wp-json\/wp\/v2\/media?parent=249"}],"wp:term":[{"taxonomy":"category","embeddable":true,"href":"https:\/\/www.cadexinc.com\/fr\/wp-json\/wp\/v2\/categories?post=249"}],"curies":[{"name":"wp","href":"https:\/\/api.w.org\/{rel}","templated":true}]}}