{"id":247,"date":"2022-05-17T13:44:36","date_gmt":"2022-05-17T17:44:36","guid":{"rendered":"http:\/\/www.cadexinc.com\/?page_id=247"},"modified":"2026-03-18T12:57:46","modified_gmt":"2026-03-18T16:57:46","slug":"bsi","status":"publish","type":"page","link":"https:\/\/www.cadexinc.com\/fr\/equipement\/machines\/machines-de-retention\/bsi\/","title":{"rendered":"Machine de r\u00e9tention dynamique (BSI)"},"content":{"rendered":"<div data-elementor-type=\"wp-page\" data-elementor-id=\"247\" class=\"elementor elementor-247\">\n\t\t\t\t<div class=\"elementor-element elementor-element-1210f759 elementor-hidden-desktop elementor-hidden-tablet e-flex e-con-boxed e-con e-parent\" data-id=\"1210f759\" data-element_type=\"container\">\n\t\t\t\t\t<div class=\"e-con-inner\">\n\t\t\t\t<div class=\"elementor-element elementor-element-5b20bff elementor-widget__width-initial elementor-widget elementor-widget-image\" data-id=\"5b20bff\" data-element_type=\"widget\" data-widget_type=\"image.default\">\n\t\t\t\t<div class=\"elementor-widget-container\">\n\t\t\t\t\t\t\t\t\t\t\t\t\t\t\t<img fetchpriority=\"high\" decoding=\"async\" width=\"365\" height=\"1024\" src=\"https:\/\/www.cadexinc.com\/wp-content\/uploads\/2023\/07\/dynamic-retention-BSI_main-365x1024.webp\" class=\"attachment-large size-large wp-image-12050\" alt=\"\" srcset=\"https:\/\/www.cadexinc.com\/wp-content\/uploads\/2023\/07\/dynamic-retention-BSI_main-365x1024.webp 365w, https:\/\/www.cadexinc.com\/wp-content\/uploads\/2023\/07\/dynamic-retention-BSI_main-107x300.webp 107w, https:\/\/www.cadexinc.com\/wp-content\/uploads\/2023\/07\/dynamic-retention-BSI_main-548x1536.webp 548w, https:\/\/www.cadexinc.com\/wp-content\/uploads\/2023\/07\/dynamic-retention-BSI_main-416x1167.webp 416w, https:\/\/www.cadexinc.com\/wp-content\/uploads\/2023\/07\/dynamic-retention-BSI_main.webp 713w\" sizes=\"(max-width: 365px) 100vw, 365px\" \/>\t\t\t\t\t\t\t\t\t\t\t\t\t\t\t<\/div>\n\t\t\t\t<\/div>\n\t\t\t\t\t<\/div>\n\t\t\t\t<\/div>\n\t\t<div class=\"elementor-element elementor-element-7fcedd5 e-flex e-con-boxed e-con e-parent\" data-id=\"7fcedd5\" data-element_type=\"container\">\n\t\t\t\t\t<div class=\"e-con-inner\">\n\t\t<div class=\"elementor-element elementor-element-d602a8d e-con-full e-flex e-con e-child\" data-id=\"d602a8d\" data-element_type=\"container\">\n\t\t<div class=\"elementor-element elementor-element-f718cc8 e-con-full e-flex e-con e-child\" data-id=\"f718cc8\" data-element_type=\"container\">\n\t\t<div class=\"elementor-element elementor-element-0b793e5 e-con-full equipment-main-right-block e-flex e-con e-child\" data-id=\"0b793e5\" data-element_type=\"container\">\n\t\t<div class=\"elementor-element elementor-element-177f85d e-con-full e-flex e-con e-child\" data-id=\"177f85d\" data-element_type=\"container\">\n\t\t\t\t<div class=\"elementor-element elementor-element-cc3127a elementor-widget elementor-widget-text-editor\" data-id=\"cc3127a\" data-element_type=\"widget\" data-widget_type=\"text-editor.default\">\n\t\t\t\t<div class=\"elementor-widget-container\">\n\t\t\t\t\t\t\t\t\t<p class=\"cdx-title cdx-text-align-justify\">La machine de r\u00e9tention dynamique Cadex (BSI) est con\u00e7ue et fabriqu\u00e9e pour tester l\u2019efficacit\u00e9 du syst\u00e8me de retenue des casques conform\u00e9ment aux normes BSI et autres standards. Cet \u00e9quipement est pilot\u00e9 par le logiciel Cadex.<\/p>\t\t\t\t\t\t\t\t<\/div>\n\t\t\t\t<\/div>\n\t\t\t\t<div class=\"elementor-element elementor-element-9963088 equipment-sub-titles elementor-widget elementor-widget-heading\" data-id=\"9963088\" data-element_type=\"widget\" data-widget_type=\"heading.default\">\n\t\t\t\t<div class=\"elementor-widget-container\">\n\t\t\t\t\t<h6 class=\"elementor-heading-title elementor-size-default\">DIMENSIONS (APPROX.) :<\/h6>\t\t\t\t<\/div>\n\t\t\t\t<\/div>\n\t\t\t\t<div class=\"elementor-element elementor-element-c44e9b2 elementor-widget elementor-widget-text-editor\" data-id=\"c44e9b2\" data-element_type=\"widget\" data-widget_type=\"text-editor.default\">\n\t\t\t\t<div class=\"elementor-widget-container\">\n\t\t\t\t\t\t\t\t\t<ul class=\"special-list\">\n<li>Longueur : 48,26 cm \/ 19 in<\/li>\n<li>Width:\u00a0 \u00a081.28 cm \/ 32 in<\/li>\n<li>Hauteur : 176,53 cm (sans la t\u00eati\u00e8re)<\/li>\n<\/ul>\t\t\t\t\t\t\t\t<\/div>\n\t\t\t\t<\/div>\n\t\t\t\t<div class=\"elementor-element elementor-element-adb137e equipment-sub-titles elementor-widget elementor-widget-heading\" data-id=\"adb137e\" data-element_type=\"widget\" data-widget_type=\"heading.default\">\n\t\t\t\t<div class=\"elementor-widget-container\">\n\t\t\t\t\t<h6 class=\"elementor-heading-title elementor-size-default\">CARACT\u00c9RISTIQUES\u202f:<\/h6>\t\t\t\t<\/div>\n\t\t\t\t<\/div>\n\t\t\t\t<div class=\"elementor-element elementor-element-b0737ca elementor-widget elementor-widget-text-editor\" data-id=\"b0737ca\" data-element_type=\"widget\" data-widget_type=\"text-editor.default\">\n\t\t\t\t<div class=\"elementor-widget-container\">\n\t\t\t\t\t\t\t\t\t<ul class=\"special-list\">\n<li>Syst\u00e8me manuel<\/li>\n<li>La bo\u00eete de conditionnement \u00e9lectronique lit le d\u00e9placement au fil du temps pendant le test.<\/li>\n<li>L'appui-t\u00eate r\u00e9glable peut \u00eatre relev\u00e9 ou abaiss\u00e9 jusqu'\u00e0 25,4 cm (10 in).<\/li>\n<li>Doit \u00eatre connect\u00e9 \u00e0 un syst\u00e8me informatique afin de mesurer le d\u00e9placement en temps r\u00e9el avec le logiciel Cadex.<\/li>\n<\/ul>\n<p class=\"fst-italic mt-4 fs-7 text-danger cdx-notation\">*Forme de t\u00eate non incluse et vendue s\u00e9par\u00e9ment<\/p>\t\t\t\t\t\t\t\t<\/div>\n\t\t\t\t<\/div>\n\t\t\t\t<div class=\"elementor-element elementor-element-01f6d09 equipment-sub-titles elementor-widget elementor-widget-heading\" data-id=\"01f6d09\" data-element_type=\"widget\" data-widget_type=\"heading.default\">\n\t\t\t\t<div class=\"elementor-widget-container\">\n\t\t\t\t\t<h6 class=\"elementor-heading-title elementor-size-default\">EXIGENCES\u202f:<\/h6>\t\t\t\t<\/div>\n\t\t\t\t<\/div>\n\t\t\t\t<div class=\"elementor-element elementor-element-7e153d9 elementor-widget elementor-widget-text-editor\" data-id=\"7e153d9\" data-element_type=\"widget\" data-widget_type=\"text-editor.default\">\n\t\t\t\t<div class=\"elementor-widget-container\">\n\t\t\t\t\t\t\t\t\t<ul class=\"special-list\">\n<li>Power: 110v\/220v \u2013 50\/60 Hz<\/li><\/ul>\t\t\t\t\t\t\t\t<\/div>\n\t\t\t\t<\/div>\n\t\t\t\t<\/div>\n\t\t\t\t<\/div>\n\t\t\t\t<\/div>\n\t\t<div class=\"elementor-element elementor-element-df36bb4 e-con-full e-flex e-con e-child\" data-id=\"df36bb4\" data-element_type=\"container\">\n\t\t\t\t<div class=\"elementor-element elementor-element-16047eb elementor-hidden-mobile elementor-widget__width-initial elementor-widget elementor-widget-image\" data-id=\"16047eb\" data-element_type=\"widget\" data-widget_type=\"image.default\">\n\t\t\t\t<div class=\"elementor-widget-container\">\n\t\t\t\t\t\t\t\t\t\t\t\t\t\t\t<img fetchpriority=\"high\" decoding=\"async\" width=\"365\" height=\"1024\" src=\"https:\/\/www.cadexinc.com\/wp-content\/uploads\/2023\/07\/dynamic-retention-BSI_main-365x1024.webp\" class=\"attachment-large size-large wp-image-12050\" alt=\"\" srcset=\"https:\/\/www.cadexinc.com\/wp-content\/uploads\/2023\/07\/dynamic-retention-BSI_main-365x1024.webp 365w, https:\/\/www.cadexinc.com\/wp-content\/uploads\/2023\/07\/dynamic-retention-BSI_main-107x300.webp 107w, https:\/\/www.cadexinc.com\/wp-content\/uploads\/2023\/07\/dynamic-retention-BSI_main-548x1536.webp 548w, https:\/\/www.cadexinc.com\/wp-content\/uploads\/2023\/07\/dynamic-retention-BSI_main-416x1167.webp 416w, https:\/\/www.cadexinc.com\/wp-content\/uploads\/2023\/07\/dynamic-retention-BSI_main.webp 713w\" sizes=\"(max-width: 365px) 100vw, 365px\" \/>\t\t\t\t\t\t\t\t\t\t\t\t\t\t\t<\/div>\n\t\t\t\t<\/div>\n\t\t\t\t<\/div>\n\t\t\t\t<\/div>\n\t\t\t\t\t<\/div>\n\t\t\t\t<\/div>\n\t\t<div class=\"elementor-element elementor-element-32146d9 e-flex e-con-boxed e-con e-parent\" data-id=\"32146d9\" data-element_type=\"container\">\n\t\t\t\t\t<div class=\"e-con-inner\">\n\t\t<div class=\"elementor-element elementor-element-2b0b12e e-con-full e-grid equipment-page-multi-image-box e-con e-child\" data-id=\"2b0b12e\" data-element_type=\"container\">\n\t\t\t\t<div class=\"elementor-element elementor-element-e39df4f elementor-widget elementor-widget-image\" data-id=\"e39df4f\" data-element_type=\"widget\" data-widget_type=\"image.default\">\n\t\t\t\t<div class=\"elementor-widget-container\">\n\t\t\t\t\t\t\t\t\t\t\t\t<figure class=\"wp-caption\">\n\t\t\t\t\t\t\t\t\t\t<img decoding=\"async\" width=\"724\" height=\"563\" src=\"https:\/\/www.cadexinc.com\/wp-content\/uploads\/2023\/07\/dynamic-retention-BSI_rear-Adjustable-headform-1.webp\" class=\"attachment-large size-large wp-image-14502\" alt=\"\" srcset=\"https:\/\/www.cadexinc.com\/wp-content\/uploads\/2023\/07\/dynamic-retention-BSI_rear-Adjustable-headform-1.webp 724w, https:\/\/www.cadexinc.com\/wp-content\/uploads\/2023\/07\/dynamic-retention-BSI_rear-Adjustable-headform-1-300x233.webp 300w, https:\/\/www.cadexinc.com\/wp-content\/uploads\/2023\/07\/dynamic-retention-BSI_rear-Adjustable-headform-1-416x323.webp 416w\" sizes=\"(max-width: 724px) 100vw, 724px\" \/>\t\t\t\t\t\t\t\t\t\t\t<figcaption class=\"widget-image-caption wp-caption-text\">Support de forme de t\u00eate r\u00e9glable<\/figcaption>\n\t\t\t\t\t\t\t\t\t\t<\/figure>\n\t\t\t\t\t\t\t\t\t<\/div>\n\t\t\t\t<\/div>\n\t\t\t\t<div class=\"elementor-element elementor-element-ec59016 elementor-widget elementor-widget-image\" data-id=\"ec59016\" data-element_type=\"widget\" data-widget_type=\"image.default\">\n\t\t\t\t<div class=\"elementor-widget-container\">\n\t\t\t\t\t\t\t\t\t\t\t\t<figure class=\"wp-caption\">\n\t\t\t\t\t\t\t\t\t\t<img decoding=\"async\" width=\"724\" height=\"563\" src=\"https:\/\/www.cadexinc.com\/wp-content\/uploads\/2023\/07\/dynamic-retention-BSI_rear-Adjustable-headform-support.webp\" class=\"attachment-large size-large wp-image-12056\" alt=\"\" srcset=\"https:\/\/www.cadexinc.com\/wp-content\/uploads\/2023\/07\/dynamic-retention-BSI_rear-Adjustable-headform-support.webp 724w, https:\/\/www.cadexinc.com\/wp-content\/uploads\/2023\/07\/dynamic-retention-BSI_rear-Adjustable-headform-support-300x233.webp 300w, https:\/\/www.cadexinc.com\/wp-content\/uploads\/2023\/07\/dynamic-retention-BSI_rear-Adjustable-headform-support-416x323.webp 416w\" sizes=\"(max-width: 724px) 100vw, 724px\" \/>\t\t\t\t\t\t\t\t\t\t\t<figcaption class=\"widget-image-caption wp-caption-text\">Support de forme de t\u00eate r\u00e9glable<\/figcaption>\n\t\t\t\t\t\t\t\t\t\t<\/figure>\n\t\t\t\t\t\t\t\t\t<\/div>\n\t\t\t\t<\/div>\n\t\t\t\t<div class=\"elementor-element elementor-element-40a3999 elementor-widget elementor-widget-image\" data-id=\"40a3999\" data-element_type=\"widget\" data-widget_type=\"image.default\">\n\t\t\t\t<div class=\"elementor-widget-container\">\n\t\t\t\t\t\t\t\t\t\t\t\t<figure class=\"wp-caption\">\n\t\t\t\t\t\t\t\t\t\t<img loading=\"lazy\" decoding=\"async\" width=\"371\" height=\"1024\" src=\"https:\/\/www.cadexinc.com\/wp-content\/uploads\/2023\/07\/dynamic-retention-BSI_rear-view-371x1024.webp\" class=\"attachment-large size-large wp-image-12059\" alt=\"\" srcset=\"https:\/\/www.cadexinc.com\/wp-content\/uploads\/2023\/07\/dynamic-retention-BSI_rear-view-371x1024.webp 371w, https:\/\/www.cadexinc.com\/wp-content\/uploads\/2023\/07\/dynamic-retention-BSI_rear-view-109x300.webp 109w, https:\/\/www.cadexinc.com\/wp-content\/uploads\/2023\/07\/dynamic-retention-BSI_rear-view-416x1148.webp 416w, https:\/\/www.cadexinc.com\/wp-content\/uploads\/2023\/07\/dynamic-retention-BSI_rear-view.webp 489w\" sizes=\"(max-width: 371px) 100vw, 371px\" \/>\t\t\t\t\t\t\t\t\t\t\t<figcaption class=\"widget-image-caption wp-caption-text\">Vue arri\u00e8re<\/figcaption>\n\t\t\t\t\t\t\t\t\t\t<\/figure>\n\t\t\t\t\t\t\t\t\t<\/div>\n\t\t\t\t<\/div>\n\t\t\t\t<\/div>\n\t\t\t\t\t<\/div>\n\t\t\t\t<\/div>\n\t\t\t\t<\/div>","protected":false},"excerpt":{"rendered":"<p>The Cadex dynamic retention machine (BSI) is designed and manufactured to test the efficiency of the helmets retention system in compliance with BSI regulations and other standards. This equipment is operated by the Cadex software. DIMENSIONS (APPROX.): Length: 48.26 cm \/ 19 in Width:\u00a0 \u00a081.28 cm \/ 32 in Height: 176.53 cm \/ 69.5 in [&hellip;]<\/p>","protected":false},"author":5,"featured_media":12050,"parent":3193,"menu_order":0,"comment_status":"closed","ping_status":"closed","template":"","meta":{"footnotes":""},"categories":[42],"class_list":["post-247","page","type-page","status-publish","has-post-thumbnail","hentry","category-retention"],"_links":{"self":[{"href":"https:\/\/www.cadexinc.com\/fr\/wp-json\/wp\/v2\/pages\/247","targetHints":{"allow":["GET"]}}],"collection":[{"href":"https:\/\/www.cadexinc.com\/fr\/wp-json\/wp\/v2\/pages"}],"about":[{"href":"https:\/\/www.cadexinc.com\/fr\/wp-json\/wp\/v2\/types\/page"}],"author":[{"embeddable":true,"href":"https:\/\/www.cadexinc.com\/fr\/wp-json\/wp\/v2\/users\/5"}],"replies":[{"embeddable":true,"href":"https:\/\/www.cadexinc.com\/fr\/wp-json\/wp\/v2\/comments?post=247"}],"version-history":[{"count":71,"href":"https:\/\/www.cadexinc.com\/fr\/wp-json\/wp\/v2\/pages\/247\/revisions"}],"predecessor-version":[{"id":21043,"href":"https:\/\/www.cadexinc.com\/fr\/wp-json\/wp\/v2\/pages\/247\/revisions\/21043"}],"up":[{"embeddable":true,"href":"https:\/\/www.cadexinc.com\/fr\/wp-json\/wp\/v2\/pages\/3193"}],"wp:featuredmedia":[{"embeddable":true,"href":"https:\/\/www.cadexinc.com\/fr\/wp-json\/wp\/v2\/media\/12050"}],"wp:attachment":[{"href":"https:\/\/www.cadexinc.com\/fr\/wp-json\/wp\/v2\/media?parent=247"}],"wp:term":[{"taxonomy":"category","embeddable":true,"href":"https:\/\/www.cadexinc.com\/fr\/wp-json\/wp\/v2\/categories?post=247"}],"curies":[{"name":"wp","href":"https:\/\/api.w.org\/{rel}","templated":true}]}}