{"id":245,"date":"2022-05-17T13:44:17","date_gmt":"2022-05-17T17:44:17","guid":{"rendered":"http:\/\/www.cadexinc.com\/?page_id=245"},"modified":"2026-03-18T12:48:10","modified_gmt":"2026-03-18T16:48:10","slug":"astm","status":"publish","type":"page","link":"https:\/\/www.cadexinc.com\/fr\/equipement\/machines\/machines-de-retention\/astm\/","title":{"rendered":"Machine de r\u00e9tention dynamique (ASTM)"},"content":{"rendered":"<div data-elementor-type=\"wp-page\" data-elementor-id=\"245\" class=\"elementor elementor-245\">\n\t\t\t\t<div class=\"elementor-element elementor-element-a7d0acb elementor-hidden-desktop elementor-hidden-tablet e-flex e-con-boxed e-con e-parent\" data-id=\"a7d0acb\" data-element_type=\"container\">\n\t\t\t\t\t<div class=\"e-con-inner\">\n\t\t\t\t<div class=\"elementor-element elementor-element-a3cd4a4 elementor-widget__width-initial elementor-widget elementor-widget-image\" data-id=\"a3cd4a4\" data-element_type=\"widget\" data-widget_type=\"image.default\">\n\t\t\t\t<div class=\"elementor-widget-container\">\n\t\t\t\t\t\t\t\t\t\t\t\t\t\t\t<img fetchpriority=\"high\" decoding=\"async\" width=\"342\" height=\"1024\" src=\"https:\/\/www.cadexinc.com\/wp-content\/uploads\/2023\/07\/Dynamic-Retention-ASTM_new-342x1024.webp\" class=\"attachment-large size-large wp-image-12046\" alt=\"\" srcset=\"https:\/\/www.cadexinc.com\/wp-content\/uploads\/2023\/07\/Dynamic-Retention-ASTM_new-342x1024.webp 342w, https:\/\/www.cadexinc.com\/wp-content\/uploads\/2023\/07\/Dynamic-Retention-ASTM_new-100x300.webp 100w, https:\/\/www.cadexinc.com\/wp-content\/uploads\/2023\/07\/Dynamic-Retention-ASTM_new-416x1247.webp 416w, https:\/\/www.cadexinc.com\/wp-content\/uploads\/2023\/07\/Dynamic-Retention-ASTM_new.webp 667w\" sizes=\"(max-width: 342px) 100vw, 342px\" \/>\t\t\t\t\t\t\t\t\t\t\t\t\t\t\t<\/div>\n\t\t\t\t<\/div>\n\t\t\t\t\t<\/div>\n\t\t\t\t<\/div>\n\t\t<div class=\"elementor-element elementor-element-8e22fba e-flex e-con-boxed e-con e-parent\" data-id=\"8e22fba\" data-element_type=\"container\">\n\t\t\t\t\t<div class=\"e-con-inner\">\n\t\t<div class=\"elementor-element elementor-element-c4ce066 e-con-full e-flex e-con e-child\" data-id=\"c4ce066\" data-element_type=\"container\">\n\t\t<div class=\"elementor-element elementor-element-db9f5a8 e-con-full e-flex e-con e-child\" data-id=\"db9f5a8\" data-element_type=\"container\">\n\t\t<div class=\"elementor-element elementor-element-68277ce e-con-full equipment-main-right-block e-flex e-con e-child\" data-id=\"68277ce\" data-element_type=\"container\">\n\t\t<div class=\"elementor-element elementor-element-f142bc8 e-con-full e-flex e-con e-child\" data-id=\"f142bc8\" data-element_type=\"container\">\n\t\t\t\t<div class=\"elementor-element elementor-element-cd75cea elementor-widget elementor-widget-text-editor\" data-id=\"cd75cea\" data-element_type=\"widget\" data-widget_type=\"text-editor.default\">\n\t\t\t\t<div class=\"elementor-widget-container\">\n\t\t\t\t\t\t\t\t\t<p class=\"cdx-title cdx-text-align-justify\">La machine de r\u00e9tention dynamique Cadex (ASTM) est con\u00e7ue et fabriqu\u00e9e pour tester l\u2019efficacit\u00e9 du syst\u00e8me de maintien des casques, conform\u00e9ment aux normes EN 1078, ASTM, CPSC, AS\/NZS, BSI et autres (en fonction des accessoires et poids s\u00e9lectionn\u00e9s). Cet \u00e9quipement est pilot\u00e9 par le logiciel Cadex.<\/p>\t\t\t\t\t\t\t\t<\/div>\n\t\t\t\t<\/div>\n\t\t\t\t<div class=\"elementor-element elementor-element-69a6439 equipment-sub-titles elementor-widget elementor-widget-heading\" data-id=\"69a6439\" data-element_type=\"widget\" data-widget_type=\"heading.default\">\n\t\t\t\t<div class=\"elementor-widget-container\">\n\t\t\t\t\t<h6 class=\"elementor-heading-title elementor-size-default\">DIMENSIONS (APPROX.) :<\/h6>\t\t\t\t<\/div>\n\t\t\t\t<\/div>\n\t\t\t\t<div class=\"elementor-element elementor-element-13a3d03 elementor-widget elementor-widget-text-editor\" data-id=\"13a3d03\" data-element_type=\"widget\" data-widget_type=\"text-editor.default\">\n\t\t\t\t<div class=\"elementor-widget-container\">\n\t\t\t\t\t\t\t\t\t<ul class=\"special-list\">\n \t<li>Longueur : 48,26 cm \/ 19 in<\/li>\n \t<li>Width:\u00a0 \u00a081.28 cm \/ 32 in<\/li>\n \t<li>Hauteur : 176,53 cm (sans la t\u00eati\u00e8re)<\/li>\n<\/ul>\t\t\t\t\t\t\t\t<\/div>\n\t\t\t\t<\/div>\n\t\t\t\t<div class=\"elementor-element elementor-element-91ca69d equipment-sub-titles elementor-widget elementor-widget-heading\" data-id=\"91ca69d\" data-element_type=\"widget\" data-widget_type=\"heading.default\">\n\t\t\t\t<div class=\"elementor-widget-container\">\n\t\t\t\t\t<h6 class=\"elementor-heading-title elementor-size-default\">CARACT\u00c9RISTIQUES\u202f:<\/h6>\t\t\t\t<\/div>\n\t\t\t\t<\/div>\n\t\t\t\t<div class=\"elementor-element elementor-element-0e76eb1 elementor-widget elementor-widget-text-editor\" data-id=\"0e76eb1\" data-element_type=\"widget\" data-widget_type=\"text-editor.default\">\n\t\t\t\t<div class=\"elementor-widget-container\">\n\t\t\t\t\t\t\t\t\t<ul class=\"special-list\">\n<li>Syst\u00e8me manuel<\/li>\n<li>Le bo\u00eetier de contr\u00f4le \u00e9lectronique lit le d\u00e9placement au fil du temps pendant le test<\/li>\n<li>L'appui-t\u00eate r\u00e9glable peut \u00eatre relev\u00e9 ou abaiss\u00e9 jusqu'\u00e0 25,4 cm (10 in).<\/li>\n<li>Doit \u00eatre connect\u00e9 \u00e0 un syst\u00e8me informatique afin de mesurer le d\u00e9placement en temps r\u00e9el avec le logiciel Cadex.<\/li>\n<li>Poids associ\u00e9 \u00e0 la norme sp\u00e9cifique incluse<\/li>\n<\/ul>\n<p class=\"fst-italic mt-4 fs-7 text-danger cdx-notation\">*Forme de t\u00eate non incluse et vendue s\u00e9par\u00e9ment<\/p>\n<p class=\"fst-italic mt-4 fs-7 text-danger cdx-notation\">*Les poids et les accessoires peuvent varier en fonction de la norme choisie.<\/p>\t\t\t\t\t\t\t\t<\/div>\n\t\t\t\t<\/div>\n\t\t\t\t<div class=\"elementor-element elementor-element-a68d407 equipment-sub-titles elementor-widget elementor-widget-heading\" data-id=\"a68d407\" data-element_type=\"widget\" data-widget_type=\"heading.default\">\n\t\t\t\t<div class=\"elementor-widget-container\">\n\t\t\t\t\t<h6 class=\"elementor-heading-title elementor-size-default\">EXIGENCES\u202f:<\/h6>\t\t\t\t<\/div>\n\t\t\t\t<\/div>\n\t\t\t\t<div class=\"elementor-element elementor-element-b59ec63 elementor-widget elementor-widget-text-editor\" data-id=\"b59ec63\" data-element_type=\"widget\" data-widget_type=\"text-editor.default\">\n\t\t\t\t<div class=\"elementor-widget-container\">\n\t\t\t\t\t\t\t\t\t<ul class=\"special-list\">\n<li>Power: 110v\/220v \u2013 50\/60 Hz<\/li><\/ul>\t\t\t\t\t\t\t\t<\/div>\n\t\t\t\t<\/div>\n\t\t\t\t<\/div>\n\t\t\t\t<\/div>\n\t\t\t\t<\/div>\n\t\t<div class=\"elementor-element elementor-element-35e7584 e-con-full e-flex e-con e-child\" data-id=\"35e7584\" data-element_type=\"container\">\n\t\t\t\t<div class=\"elementor-element elementor-element-dd1e194 elementor-hidden-mobile elementor-widget__width-initial elementor-widget elementor-widget-image\" data-id=\"dd1e194\" data-element_type=\"widget\" data-widget_type=\"image.default\">\n\t\t\t\t<div class=\"elementor-widget-container\">\n\t\t\t\t\t\t\t\t\t\t\t\t\t\t\t<img fetchpriority=\"high\" decoding=\"async\" width=\"342\" height=\"1024\" src=\"https:\/\/www.cadexinc.com\/wp-content\/uploads\/2023\/07\/Dynamic-Retention-ASTM_new-342x1024.webp\" class=\"attachment-large size-large wp-image-12046\" alt=\"\" srcset=\"https:\/\/www.cadexinc.com\/wp-content\/uploads\/2023\/07\/Dynamic-Retention-ASTM_new-342x1024.webp 342w, https:\/\/www.cadexinc.com\/wp-content\/uploads\/2023\/07\/Dynamic-Retention-ASTM_new-100x300.webp 100w, https:\/\/www.cadexinc.com\/wp-content\/uploads\/2023\/07\/Dynamic-Retention-ASTM_new-416x1247.webp 416w, https:\/\/www.cadexinc.com\/wp-content\/uploads\/2023\/07\/Dynamic-Retention-ASTM_new.webp 667w\" sizes=\"(max-width: 342px) 100vw, 342px\" \/>\t\t\t\t\t\t\t\t\t\t\t\t\t\t\t<\/div>\n\t\t\t\t<\/div>\n\t\t\t\t<\/div>\n\t\t\t\t<\/div>\n\t\t\t\t\t<\/div>\n\t\t\t\t<\/div>\n\t\t<div class=\"elementor-element elementor-element-9451f96 e-flex e-con-boxed e-con e-parent\" data-id=\"9451f96\" data-element_type=\"container\">\n\t\t\t\t\t<div class=\"e-con-inner\">\n\t\t<div class=\"elementor-element elementor-element-aa8e63b e-con-full e-grid equipment-page-multi-image-box e-con e-child\" data-id=\"aa8e63b\" data-element_type=\"container\">\n\t\t\t\t<div class=\"elementor-element elementor-element-6fe0d0c elementor-widget elementor-widget-image\" data-id=\"6fe0d0c\" data-element_type=\"widget\" data-widget_type=\"image.default\">\n\t\t\t\t<div class=\"elementor-widget-container\">\n\t\t\t\t\t\t\t\t\t\t\t\t<figure class=\"wp-caption\">\n\t\t\t\t\t\t\t\t\t\t<img decoding=\"async\" width=\"710\" height=\"589\" src=\"https:\/\/www.cadexinc.com\/wp-content\/uploads\/2023\/07\/Dynamic-Retention-System-ASTM_Additional-weight.webp\" class=\"attachment-large size-large wp-image-12015\" alt=\"\" srcset=\"https:\/\/www.cadexinc.com\/wp-content\/uploads\/2023\/07\/Dynamic-Retention-System-ASTM_Additional-weight.webp 710w, https:\/\/www.cadexinc.com\/wp-content\/uploads\/2023\/07\/Dynamic-Retention-System-ASTM_Additional-weight-300x249.webp 300w, https:\/\/www.cadexinc.com\/wp-content\/uploads\/2023\/07\/Dynamic-Retention-System-ASTM_Additional-weight-416x345.webp 416w\" sizes=\"(max-width: 710px) 100vw, 710px\" \/>\t\t\t\t\t\t\t\t\t\t\t<figcaption class=\"widget-image-caption wp-caption-text\"><span style=\"font-size:12px !important\">Poids et accessoires suppl\u00e9mentaires n\u00e9cessaires pour r\u00e9pondre \u00e0 d'autres normes<\/span><\/figcaption>\n\t\t\t\t\t\t\t\t\t\t<\/figure>\n\t\t\t\t\t\t\t\t\t<\/div>\n\t\t\t\t<\/div>\n\t\t\t\t<div class=\"elementor-element elementor-element-7cdef0c elementor-widget elementor-widget-image\" data-id=\"7cdef0c\" data-element_type=\"widget\" data-widget_type=\"image.default\">\n\t\t\t\t<div class=\"elementor-widget-container\">\n\t\t\t\t\t\t\t\t\t\t\t\t<figure class=\"wp-caption\">\n\t\t\t\t\t\t\t\t\t\t<img decoding=\"async\" width=\"710\" height=\"589\" src=\"https:\/\/www.cadexinc.com\/wp-content\/uploads\/2023\/07\/Dynamic-Retention-System-ASTM_Electronic_conditioner_box-1.webp\" class=\"attachment-large size-large wp-image-14498\" alt=\"\" srcset=\"https:\/\/www.cadexinc.com\/wp-content\/uploads\/2023\/07\/Dynamic-Retention-System-ASTM_Electronic_conditioner_box-1.webp 710w, https:\/\/www.cadexinc.com\/wp-content\/uploads\/2023\/07\/Dynamic-Retention-System-ASTM_Electronic_conditioner_box-1-300x249.webp 300w, https:\/\/www.cadexinc.com\/wp-content\/uploads\/2023\/07\/Dynamic-Retention-System-ASTM_Electronic_conditioner_box-1-416x345.webp 416w\" sizes=\"(max-width: 710px) 100vw, 710px\" \/>\t\t\t\t\t\t\t\t\t\t\t<figcaption class=\"widget-image-caption wp-caption-text\">Bo\u00eetier de commande \u00e9lectronique<\/figcaption>\n\t\t\t\t\t\t\t\t\t\t<\/figure>\n\t\t\t\t\t\t\t\t\t<\/div>\n\t\t\t\t<\/div>\n\t\t\t\t<div class=\"elementor-element elementor-element-708e067 elementor-widget elementor-widget-image\" data-id=\"708e067\" data-element_type=\"widget\" data-widget_type=\"image.default\">\n\t\t\t\t<div class=\"elementor-widget-container\">\n\t\t\t\t\t\t\t\t\t\t\t\t<figure class=\"wp-caption\">\n\t\t\t\t\t\t\t\t\t\t<img loading=\"lazy\" decoding=\"async\" width=\"361\" height=\"1024\" src=\"https:\/\/www.cadexinc.com\/wp-content\/uploads\/2023\/07\/Dynamic-Retention-System-ASTM_Rear-view-361x1024.webp\" class=\"attachment-large size-large wp-image-12021\" alt=\"\" srcset=\"https:\/\/www.cadexinc.com\/wp-content\/uploads\/2023\/07\/Dynamic-Retention-System-ASTM_Rear-view-361x1024.webp 361w, https:\/\/www.cadexinc.com\/wp-content\/uploads\/2023\/07\/Dynamic-Retention-System-ASTM_Rear-view-106x300.webp 106w, https:\/\/www.cadexinc.com\/wp-content\/uploads\/2023\/07\/Dynamic-Retention-System-ASTM_Rear-view-416x1181.webp 416w, https:\/\/www.cadexinc.com\/wp-content\/uploads\/2023\/07\/Dynamic-Retention-System-ASTM_Rear-view.webp 470w\" sizes=\"(max-width: 361px) 100vw, 361px\" \/>\t\t\t\t\t\t\t\t\t\t\t<figcaption class=\"widget-image-caption wp-caption-text\">Vue arri\u00e8re<\/figcaption>\n\t\t\t\t\t\t\t\t\t\t<\/figure>\n\t\t\t\t\t\t\t\t\t<\/div>\n\t\t\t\t<\/div>\n\t\t\t\t<\/div>\n\t\t\t\t\t<\/div>\n\t\t\t\t<\/div>\n\t\t\t\t<\/div>","protected":false},"excerpt":{"rendered":"<p>The Cadex dynamic retention machine (ASTM) is designed and manufactured to test the efficiency of the helmets retention system in compliance with EN 1078, ASTM, CPSC, AS\/NZS, BSI regulations and other standards (depending on the accessories and weights selected). This equipment is operated by the Cadex software. DIMENSIONS (APPROX.): Length: 48.26 cm \/ 19 in [&hellip;]<\/p>","protected":false},"author":5,"featured_media":12046,"parent":3193,"menu_order":0,"comment_status":"closed","ping_status":"closed","template":"","meta":{"footnotes":""},"categories":[42],"class_list":["post-245","page","type-page","status-publish","has-post-thumbnail","hentry","category-retention"],"_links":{"self":[{"href":"https:\/\/www.cadexinc.com\/fr\/wp-json\/wp\/v2\/pages\/245","targetHints":{"allow":["GET"]}}],"collection":[{"href":"https:\/\/www.cadexinc.com\/fr\/wp-json\/wp\/v2\/pages"}],"about":[{"href":"https:\/\/www.cadexinc.com\/fr\/wp-json\/wp\/v2\/types\/page"}],"author":[{"embeddable":true,"href":"https:\/\/www.cadexinc.com\/fr\/wp-json\/wp\/v2\/users\/5"}],"replies":[{"embeddable":true,"href":"https:\/\/www.cadexinc.com\/fr\/wp-json\/wp\/v2\/comments?post=245"}],"version-history":[{"count":97,"href":"https:\/\/www.cadexinc.com\/fr\/wp-json\/wp\/v2\/pages\/245\/revisions"}],"predecessor-version":[{"id":21039,"href":"https:\/\/www.cadexinc.com\/fr\/wp-json\/wp\/v2\/pages\/245\/revisions\/21039"}],"up":[{"embeddable":true,"href":"https:\/\/www.cadexinc.com\/fr\/wp-json\/wp\/v2\/pages\/3193"}],"wp:featuredmedia":[{"embeddable":true,"href":"https:\/\/www.cadexinc.com\/fr\/wp-json\/wp\/v2\/media\/12046"}],"wp:attachment":[{"href":"https:\/\/www.cadexinc.com\/fr\/wp-json\/wp\/v2\/media?parent=245"}],"wp:term":[{"taxonomy":"category","embeddable":true,"href":"https:\/\/www.cadexinc.com\/fr\/wp-json\/wp\/v2\/categories?post=245"}],"curies":[{"name":"wp","href":"https:\/\/api.w.org\/{rel}","templated":true}]}}