{"id":243,"date":"2022-05-17T13:43:14","date_gmt":"2022-05-17T17:43:14","guid":{"rendered":"http:\/\/www.cadexinc.com\/?page_id=243"},"modified":"2026-03-24T09:37:52","modified_gmt":"2026-03-24T13:37:52","slug":"tete-factice-a-visage-decouvert-csa","status":"publish","type":"page","link":"https:\/\/www.cadexinc.com\/fr\/equipement\/tetes-de-betail\/tete-factice-a-visage-decouvert-csa\/","title":{"rendered":"T\u00eate de test CSA Z262.6-14 avec traits faciaux"},"content":{"rendered":"<div data-elementor-type=\"wp-page\" data-elementor-id=\"243\" class=\"elementor elementor-243\">\n\t\t\t\t<div class=\"elementor-element elementor-element-5ec4c43a elementor-hidden-desktop elementor-hidden-tablet e-flex e-con-boxed e-con e-parent\" data-id=\"5ec4c43a\" data-element_type=\"container\">\n\t\t\t\t\t<div class=\"e-con-inner\">\n\t\t<div class=\"elementor-element elementor-element-dc300f1 e-con-full e-grid equipment-page-multi-image-box e-con e-child\" data-id=\"dc300f1\" data-element_type=\"container\">\n\t\t\t\t<div class=\"elementor-element elementor-element-b426bb8 elementor-widget elementor-widget-image\" data-id=\"b426bb8\" data-element_type=\"widget\" data-widget_type=\"image.default\">\n\t\t\t\t<div class=\"elementor-widget-container\">\n\t\t\t\t\t\t\t\t\t\t\t\t<figure class=\"wp-caption\">\n\t\t\t\t\t\t\t\t\t\t<img fetchpriority=\"high\" decoding=\"async\" width=\"1031\" height=\"1500\" src=\"https:\/\/www.cadexinc.com\/wp-content\/uploads\/2023\/06\/CSA-Facially-HF_main.webp\" class=\"attachment-full size-full wp-image-11223\" alt=\"\" srcset=\"https:\/\/www.cadexinc.com\/wp-content\/uploads\/2023\/06\/CSA-Facially-HF_main.webp 1031w, https:\/\/www.cadexinc.com\/wp-content\/uploads\/2023\/06\/CSA-Facially-HF_main-206x300.webp 206w, https:\/\/www.cadexinc.com\/wp-content\/uploads\/2023\/06\/CSA-Facially-HF_main-704x1024.webp 704w, https:\/\/www.cadexinc.com\/wp-content\/uploads\/2023\/06\/CSA-Facially-HF_main-768x1117.webp 768w, https:\/\/www.cadexinc.com\/wp-content\/uploads\/2023\/06\/CSA-Facially-HF_main-416x605.webp 416w\" sizes=\"(max-width: 1031px) 100vw, 1031px\" \/>\t\t\t\t\t\t\t\t\t\t\t<figcaption class=\"widget-image-caption wp-caption-text\"><span style=\"font-weight:bold\">4 TAILLES DISPONIBLES :<\/span><br> (CSA Z262.2-15 \u2013 Protecteurs faciaux pour le hockey):<br> - T\u00eate de test Homme jeune \/ Femme adulte (535)<br>- Homme adulte, 50\u1d49 percentile (605)<br>- Homme adulte, 90e percentile (575)<br>- Enfant (515)<\/figcaption>\n\t\t\t\t\t\t\t\t\t\t<\/figure>\n\t\t\t\t\t\t\t\t\t<\/div>\n\t\t\t\t<\/div>\n\t\t\t\t<\/div>\n\t\t\t\t\t<\/div>\n\t\t\t\t<\/div>\n\t\t<div class=\"elementor-element elementor-element-2186f86 e-flex e-con-boxed e-con e-parent\" data-id=\"2186f86\" data-element_type=\"container\">\n\t\t\t\t\t<div class=\"e-con-inner\">\n\t\t<div class=\"elementor-element elementor-element-bd99cc2 e-con-full e-flex e-con e-child\" data-id=\"bd99cc2\" data-element_type=\"container\">\n\t\t<div class=\"elementor-element elementor-element-4ae3700 e-con-full e-flex e-con e-child\" data-id=\"4ae3700\" data-element_type=\"container\">\n\t\t<div class=\"elementor-element elementor-element-1e01fbd e-con-full equipment-main-right-block e-flex e-con e-child\" data-id=\"1e01fbd\" data-element_type=\"container\">\n\t\t<div class=\"elementor-element elementor-element-5712e40 e-con-full e-flex e-con e-child\" data-id=\"5712e40\" data-element_type=\"container\">\n\t\t\t\t<div class=\"elementor-element elementor-element-7b5a8c6 elementor-widget elementor-widget-text-editor\" data-id=\"7b5a8c6\" data-element_type=\"widget\" data-widget_type=\"text-editor.default\">\n\t\t\t\t<div class=\"elementor-widget-container\">\n\t\t\t\t\t\t\t\t\t<p class=\"cdx-title cdx-text-align-justify\">La t\u00eate de test avec traits faciaux est fabriqu\u00e9e pour r\u00e9pondre aux exigences de la norme CSA Z262.6-14. Elle est utilis\u00e9e pour r\u00e9aliser des essais d\u2019impact sur les prot\u00e8ge-visages destin\u00e9s au hockey (CSA Z262.2-14) ainsi que sur les protecteurs faciaux et oculaires industriels (CSA Z94.3).<\/p>\t\t\t\t\t\t\t\t<\/div>\n\t\t\t\t<\/div>\n\t\t\t\t<div class=\"elementor-element elementor-element-b4b28b3 equipment-sub-titles elementor-widget elementor-widget-heading\" data-id=\"b4b28b3\" data-element_type=\"widget\" data-widget_type=\"heading.default\">\n\t\t\t\t<div class=\"elementor-widget-container\">\n\t\t\t\t\t<h6 class=\"elementor-heading-title elementor-size-default\">CARACT\u00c9RISTIQUES\u202f:<\/h6>\t\t\t\t<\/div>\n\t\t\t\t<\/div>\n\t\t\t\t<div class=\"elementor-element elementor-element-975f90b elementor-widget elementor-widget-text-editor\" data-id=\"975f90b\" data-element_type=\"widget\" data-widget_type=\"text-editor.default\">\n\t\t\t\t<div class=\"elementor-widget-container\">\n\t\t\t\t\t\t\t\t\t<ul class=\"special-list\">\n<li>Material: urethane (available in 50 shore A or 70 shore A)<\/li>\n<li>Livr\u00e9 avec un certificat de conformit\u00e9<\/li>\n<li>Livr\u00e9 avec des lignes d'essai trac\u00e9es par la CNC<\/li>\n<\/ul>\t\t\t\t\t\t\t\t<\/div>\n\t\t\t\t<\/div>\n\t\t\t\t<\/div>\n\t\t\t\t<\/div>\n\t\t<div class=\"elementor-element elementor-element-4695c60 e-con-full e-grid equipment-page-multi-image-box e-con e-child\" data-id=\"4695c60\" data-element_type=\"container\">\n\t\t\t\t<div class=\"elementor-element elementor-element-e3fad7b elementor-widget elementor-widget-image\" data-id=\"e3fad7b\" data-element_type=\"widget\" data-widget_type=\"image.default\">\n\t\t\t\t<div class=\"elementor-widget-container\">\n\t\t\t\t\t\t\t\t\t\t\t\t<figure class=\"wp-caption\">\n\t\t\t\t\t\t\t\t\t\t<img decoding=\"async\" width=\"692\" height=\"1000\" src=\"https:\/\/www.cadexinc.com\/wp-content\/uploads\/2023\/09\/CSA-Facially-HF_CNC_TRACED.webp\" class=\"attachment-full size-full wp-image-15615\" alt=\"\" srcset=\"https:\/\/www.cadexinc.com\/wp-content\/uploads\/2023\/09\/CSA-Facially-HF_CNC_TRACED.webp 692w, https:\/\/www.cadexinc.com\/wp-content\/uploads\/2023\/09\/CSA-Facially-HF_CNC_TRACED-208x300.webp 208w, https:\/\/www.cadexinc.com\/wp-content\/uploads\/2023\/09\/CSA-Facially-HF_CNC_TRACED-416x601.webp 416w\" sizes=\"(max-width: 692px) 100vw, 692px\" \/>\t\t\t\t\t\t\t\t\t\t\t<figcaption class=\"widget-image-caption wp-caption-text\"><span style=\"font-weight:bold\">LIGNES D'ESSAI TRAC\u00c9ES EN CNC<\/span><br> (CSA Z262.2-15 \u2013 Protecteurs faciaux pour le hockey):<br> - Zone prot\u00e9g\u00e9e pour protecteur facial complet<br> - Zones sans contact<br> - Zone minimale porteuse<\/figcaption>\n\t\t\t\t\t\t\t\t\t\t<\/figure>\n\t\t\t\t\t\t\t\t\t<\/div>\n\t\t\t\t<\/div>\n\t\t\t\t<\/div>\n\t\t\t\t<\/div>\n\t\t<div class=\"elementor-element elementor-element-d2ba69e e-con-full e-flex e-con e-child\" data-id=\"d2ba69e\" data-element_type=\"container\">\n\t\t<div class=\"elementor-element elementor-element-04d51d9 e-con-full e-grid equipment-page-multi-image-box elementor-hidden-mobile e-con e-child\" data-id=\"04d51d9\" data-element_type=\"container\">\n\t\t\t\t<div class=\"elementor-element elementor-element-8747875 elementor-widget elementor-widget-image\" data-id=\"8747875\" data-element_type=\"widget\" data-widget_type=\"image.default\">\n\t\t\t\t<div class=\"elementor-widget-container\">\n\t\t\t\t\t\t\t\t\t\t\t\t<figure class=\"wp-caption\">\n\t\t\t\t\t\t\t\t\t\t<img fetchpriority=\"high\" decoding=\"async\" width=\"1031\" height=\"1500\" src=\"https:\/\/www.cadexinc.com\/wp-content\/uploads\/2023\/06\/CSA-Facially-HF_main.webp\" class=\"attachment-full size-full wp-image-11223\" alt=\"\" srcset=\"https:\/\/www.cadexinc.com\/wp-content\/uploads\/2023\/06\/CSA-Facially-HF_main.webp 1031w, https:\/\/www.cadexinc.com\/wp-content\/uploads\/2023\/06\/CSA-Facially-HF_main-206x300.webp 206w, https:\/\/www.cadexinc.com\/wp-content\/uploads\/2023\/06\/CSA-Facially-HF_main-704x1024.webp 704w, https:\/\/www.cadexinc.com\/wp-content\/uploads\/2023\/06\/CSA-Facially-HF_main-768x1117.webp 768w, https:\/\/www.cadexinc.com\/wp-content\/uploads\/2023\/06\/CSA-Facially-HF_main-416x605.webp 416w\" sizes=\"(max-width: 1031px) 100vw, 1031px\" \/>\t\t\t\t\t\t\t\t\t\t\t<figcaption class=\"widget-image-caption wp-caption-text\"><span style=\"font-weight:bold\">4 TAILLES DISPONIBLES :<\/span><br> (CSA Z262.2-15 \u2013 Protecteurs faciaux pour le hockey):<br> - T\u00eate de test Homme jeune \/ Femme adulte (535)<br>- Homme adulte, 50\u1d49 percentile (605)<br>- Homme adulte, 90e percentile (575)<br>- Enfant (515)<\/figcaption>\n\t\t\t\t\t\t\t\t\t\t<\/figure>\n\t\t\t\t\t\t\t\t\t<\/div>\n\t\t\t\t<\/div>\n\t\t\t\t<\/div>\n\t\t\t\t<\/div>\n\t\t<div class=\"elementor-element elementor-element-d684f8c e-con-full e-flex e-con e-child\" data-id=\"d684f8c\" data-element_type=\"container\">\n\t\t\t\t<\/div>\n\t\t\t\t<\/div>\n\t\t\t\t\t<\/div>\n\t\t\t\t<\/div>\n\t\t\t\t<\/div>","protected":false},"excerpt":{"rendered":"<p>4 TAILLES DISPONIBLES : ( Z262.2-15 Protecteurs faciaux pour utilisation au hockey) : - Jeune homme \/ Adulte femme (535)- Adulte homme, 50e percentile (605)- Adulte homme, 90e percentile (575)- Enfant (515) La fausse t\u00eate avec caract\u00e9ristiques faciales est fabriqu\u00e9e pour r\u00e9pondre aux exigences de la norme CSA Z262.6-14. La fausse t\u00eate est utilis\u00e9e pour effectuer des essais d'impact sur les protecteurs faciaux pour [...]<\/p>","protected":false},"author":5,"featured_media":15613,"parent":3156,"menu_order":0,"comment_status":"closed","ping_status":"closed","template":"","meta":{"footnotes":""},"categories":[41],"class_list":["post-243","page","type-page","status-publish","has-post-thumbnail","hentry","category-headforms"],"_links":{"self":[{"href":"https:\/\/www.cadexinc.com\/fr\/wp-json\/wp\/v2\/pages\/243","targetHints":{"allow":["GET"]}}],"collection":[{"href":"https:\/\/www.cadexinc.com\/fr\/wp-json\/wp\/v2\/pages"}],"about":[{"href":"https:\/\/www.cadexinc.com\/fr\/wp-json\/wp\/v2\/types\/page"}],"author":[{"embeddable":true,"href":"https:\/\/www.cadexinc.com\/fr\/wp-json\/wp\/v2\/users\/5"}],"replies":[{"embeddable":true,"href":"https:\/\/www.cadexinc.com\/fr\/wp-json\/wp\/v2\/comments?post=243"}],"version-history":[{"count":97,"href":"https:\/\/www.cadexinc.com\/fr\/wp-json\/wp\/v2\/pages\/243\/revisions"}],"predecessor-version":[{"id":21269,"href":"https:\/\/www.cadexinc.com\/fr\/wp-json\/wp\/v2\/pages\/243\/revisions\/21269"}],"up":[{"embeddable":true,"href":"https:\/\/www.cadexinc.com\/fr\/wp-json\/wp\/v2\/pages\/3156"}],"wp:featuredmedia":[{"embeddable":true,"href":"https:\/\/www.cadexinc.com\/fr\/wp-json\/wp\/v2\/media\/15613"}],"wp:attachment":[{"href":"https:\/\/www.cadexinc.com\/fr\/wp-json\/wp\/v2\/media?parent=243"}],"wp:term":[{"taxonomy":"category","embeddable":true,"href":"https:\/\/www.cadexinc.com\/fr\/wp-json\/wp\/v2\/categories?post=243"}],"curies":[{"name":"wp","href":"https:\/\/api.w.org\/{rel}","templated":true}]}}