{"id":241,"date":"2022-05-17T13:42:49","date_gmt":"2022-05-17T17:42:49","guid":{"rendered":"http:\/\/www.cadexinc.com\/?page_id=241"},"modified":"2026-03-24T10:10:22","modified_gmt":"2026-03-24T14:10:22","slug":"t8131-collision-de-tete-a-30-degres","status":"publish","type":"page","link":"https:\/\/www.cadexinc.com\/fr\/equipement\/tetes-de-betail\/t8131-collision-de-tete-a-30-degres\/","title":{"rendered":"Forme de t\u00eate T8131 30\u00b0 <\/br> (en cas de chute et de roulade)"},"content":{"rendered":"<div data-elementor-type=\"wp-page\" data-elementor-id=\"241\" class=\"elementor elementor-241\">\n\t\t\t\t<div class=\"elementor-element elementor-element-2fedd229 elementor-hidden-desktop elementor-hidden-tablet e-flex e-con-boxed e-con e-parent\" data-id=\"2fedd229\" data-element_type=\"container\">\n\t\t\t\t\t<div class=\"e-con-inner\">\n\t\t\t\t<div class=\"elementor-element elementor-element-d727747 elementor-widget elementor-widget-image\" data-id=\"d727747\" data-element_type=\"widget\" data-widget_type=\"image.default\">\n\t\t\t\t<div class=\"elementor-widget-container\">\n\t\t\t\t\t\t\t\t\t\t\t\t\t\t\t<img fetchpriority=\"high\" decoding=\"async\" width=\"951\" height=\"993\" src=\"https:\/\/www.cadexinc.com\/wp-content\/uploads\/2023\/06\/T813_30Headform.webp\" class=\"attachment-full size-full wp-image-11659\" alt=\"\" srcset=\"https:\/\/www.cadexinc.com\/wp-content\/uploads\/2023\/06\/T813_30Headform.webp 951w, https:\/\/www.cadexinc.com\/wp-content\/uploads\/2023\/06\/T813_30Headform-287x300.webp 287w, https:\/\/www.cadexinc.com\/wp-content\/uploads\/2023\/06\/T813_30Headform-768x802.webp 768w, https:\/\/www.cadexinc.com\/wp-content\/uploads\/2023\/06\/T813_30Headform-416x434.webp 416w\" sizes=\"(max-width: 951px) 100vw, 951px\" \/>\t\t\t\t\t\t\t\t\t\t\t\t\t\t\t<\/div>\n\t\t\t\t<\/div>\n\t\t\t\t\t<\/div>\n\t\t\t\t<\/div>\n\t\t<div class=\"elementor-element elementor-element-4cea040 e-flex e-con-boxed e-con e-parent\" data-id=\"4cea040\" data-element_type=\"container\">\n\t\t\t\t\t<div class=\"e-con-inner\">\n\t\t<div class=\"elementor-element elementor-element-c8952ea e-con-full e-flex e-con e-child\" data-id=\"c8952ea\" data-element_type=\"container\">\n\t\t<div class=\"elementor-element elementor-element-7c1ed3d e-con-full e-flex e-con e-child\" data-id=\"7c1ed3d\" data-element_type=\"container\">\n\t\t<div class=\"elementor-element elementor-element-70f7938 e-con-full equipment-main-right-block e-flex e-con e-child\" data-id=\"70f7938\" data-element_type=\"container\">\n\t\t<div class=\"elementor-element elementor-element-b2e7457 e-con-full e-flex e-con e-child\" data-id=\"b2e7457\" data-element_type=\"container\">\n\t\t\t\t<div class=\"elementor-element elementor-element-8fe0dc9 elementor-widget elementor-widget-text-editor\" data-id=\"8fe0dc9\" data-element_type=\"widget\" data-widget_type=\"text-editor.default\">\n\t\t\t\t<div class=\"elementor-widget-container\">\n\t\t\t\t\t\t\t\t\t<p class=\"cdx-title cdx-text-align-justify\">Cette forme de t\u00eate est con\u00e7ue pour r\u00e9aliser le test d\u2019absorption des chocs conform\u00e9ment au T8131 japonais \u2013 Annexe 2 (pour la protection lors de chutes et de roulades). Elle est fournie avec un connecteur rapide (f\u00e9minin) afin de r\u00e9duire le temps de montage.<\/p>\t\t\t\t\t\t\t\t<\/div>\n\t\t\t\t<\/div>\n\t\t\t\t<div class=\"elementor-element elementor-element-abe9652 equipment-sub-titles elementor-widget elementor-widget-heading\" data-id=\"abe9652\" data-element_type=\"widget\" data-widget_type=\"heading.default\">\n\t\t\t\t<div class=\"elementor-widget-container\">\n\t\t\t\t\t<h6 class=\"elementor-heading-title elementor-size-default\">CARACT\u00c9RISTIQUES\u202f:<\/h6>\t\t\t\t<\/div>\n\t\t\t\t<\/div>\n\t\t\t\t<div class=\"elementor-element elementor-element-2873e81 elementor-widget elementor-widget-text-editor\" data-id=\"2873e81\" data-element_type=\"widget\" data-widget_type=\"text-editor.default\">\n\t\t\t\t<div class=\"elementor-widget-container\">\n\t\t\t\t\t\t\t\t\t<ul class=\"special-list\">\n<li>Mat\u00e9riaux : Bois dur stratifi\u00e9<\/li>\n<li>Fiche technique incluse<\/li>\n<li>Livr\u00e9 avec un connecteur femelle \u00e0 d\u00e9gagement rapide<\/li>\n<\/ul>\t\t\t\t\t\t\t\t<\/div>\n\t\t\t\t<\/div>\n\t\t\t\t<\/div>\n\t\t\t\t<\/div>\n\t\t\t\t<\/div>\n\t\t<div class=\"elementor-element elementor-element-c43a2c8 e-con-full elementor-hidden-mobile e-flex e-con e-child\" data-id=\"c43a2c8\" data-element_type=\"container\">\n\t\t\t\t<div class=\"elementor-element elementor-element-7de4618 elementor-hidden-mobile elementor-widget elementor-widget-image\" data-id=\"7de4618\" data-element_type=\"widget\" data-widget_type=\"image.default\">\n\t\t\t\t<div class=\"elementor-widget-container\">\n\t\t\t\t\t\t\t\t\t\t\t\t\t\t\t<img fetchpriority=\"high\" decoding=\"async\" width=\"951\" height=\"993\" src=\"https:\/\/www.cadexinc.com\/wp-content\/uploads\/2023\/06\/T813_30Headform.webp\" class=\"attachment-full size-full wp-image-11659\" alt=\"\" srcset=\"https:\/\/www.cadexinc.com\/wp-content\/uploads\/2023\/06\/T813_30Headform.webp 951w, https:\/\/www.cadexinc.com\/wp-content\/uploads\/2023\/06\/T813_30Headform-287x300.webp 287w, https:\/\/www.cadexinc.com\/wp-content\/uploads\/2023\/06\/T813_30Headform-768x802.webp 768w, https:\/\/www.cadexinc.com\/wp-content\/uploads\/2023\/06\/T813_30Headform-416x434.webp 416w\" sizes=\"(max-width: 951px) 100vw, 951px\" \/>\t\t\t\t\t\t\t\t\t\t\t\t\t\t\t<\/div>\n\t\t\t\t<\/div>\n\t\t\t\t<\/div>\n\t\t\t\t<\/div>\n\t\t\t\t\t<\/div>\n\t\t\t\t<\/div>\n\t\t\t\t<\/div>","protected":false},"excerpt":{"rendered":"<p>This headform is designed to achieve the impact absorption test as per the Japanese T8131 \u2013 Annex 2 (for protection at the time of tumbling and falling down). Comes with quick release (female) connector to reduce set up time. FEATURES: Materials: Layered hardwood Technical data sheet included Comes with a quick-release female connector<\/p>","protected":false},"author":5,"featured_media":11657,"parent":3156,"menu_order":0,"comment_status":"closed","ping_status":"closed","template":"","meta":{"footnotes":""},"categories":[41],"class_list":["post-241","page","type-page","status-publish","has-post-thumbnail","hentry","category-headforms"],"_links":{"self":[{"href":"https:\/\/www.cadexinc.com\/fr\/wp-json\/wp\/v2\/pages\/241","targetHints":{"allow":["GET"]}}],"collection":[{"href":"https:\/\/www.cadexinc.com\/fr\/wp-json\/wp\/v2\/pages"}],"about":[{"href":"https:\/\/www.cadexinc.com\/fr\/wp-json\/wp\/v2\/types\/page"}],"author":[{"embeddable":true,"href":"https:\/\/www.cadexinc.com\/fr\/wp-json\/wp\/v2\/users\/5"}],"replies":[{"embeddable":true,"href":"https:\/\/www.cadexinc.com\/fr\/wp-json\/wp\/v2\/comments?post=241"}],"version-history":[{"count":46,"href":"https:\/\/www.cadexinc.com\/fr\/wp-json\/wp\/v2\/pages\/241\/revisions"}],"predecessor-version":[{"id":21298,"href":"https:\/\/www.cadexinc.com\/fr\/wp-json\/wp\/v2\/pages\/241\/revisions\/21298"}],"up":[{"embeddable":true,"href":"https:\/\/www.cadexinc.com\/fr\/wp-json\/wp\/v2\/pages\/3156"}],"wp:featuredmedia":[{"embeddable":true,"href":"https:\/\/www.cadexinc.com\/fr\/wp-json\/wp\/v2\/media\/11657"}],"wp:attachment":[{"href":"https:\/\/www.cadexinc.com\/fr\/wp-json\/wp\/v2\/media?parent=241"}],"wp:term":[{"taxonomy":"category","embeddable":true,"href":"https:\/\/www.cadexinc.com\/fr\/wp-json\/wp\/v2\/categories?post=241"}],"curies":[{"name":"wp","href":"https:\/\/api.w.org\/{rel}","templated":true}]}}