{"id":239,"date":"2022-05-17T13:42:07","date_gmt":"2022-05-17T17:42:07","guid":{"rendered":"http:\/\/www.cadexinc.com\/?page_id=239"},"modified":"2026-03-24T09:40:53","modified_gmt":"2026-03-24T13:40:53","slug":"tetes-chinoises","status":"publish","type":"page","link":"https:\/\/www.cadexinc.com\/fr\/equipement\/tetes-de-betail\/tetes-chinoises\/","title":{"rendered":"T\u00eates de test chinoises"},"content":{"rendered":"<div data-elementor-type=\"wp-page\" data-elementor-id=\"239\" class=\"elementor elementor-239\">\n\t\t\t\t<div class=\"elementor-element elementor-element-5a5188f3 elementor-hidden-desktop elementor-hidden-tablet e-flex e-con-boxed e-con e-parent\" data-id=\"5a5188f3\" data-element_type=\"container\">\n\t\t\t\t\t<div class=\"e-con-inner\">\n\t\t\t\t<div class=\"elementor-element elementor-element-916acf6 elementor-widget elementor-widget-image\" data-id=\"916acf6\" data-element_type=\"widget\" data-widget_type=\"image.default\">\n\t\t\t\t<div class=\"elementor-widget-container\">\n\t\t\t\t\t\t\t\t\t\t\t\t\t\t\t<img fetchpriority=\"high\" decoding=\"async\" width=\"885\" height=\"1024\" src=\"https:\/\/www.cadexinc.com\/wp-content\/uploads\/2025\/08\/chinese-headform-1-885x1024-1.webp\" class=\"attachment-large size-large wp-image-20055\" alt=\"\" srcset=\"https:\/\/www.cadexinc.com\/wp-content\/uploads\/2025\/08\/chinese-headform-1-885x1024-1.webp 885w, https:\/\/www.cadexinc.com\/wp-content\/uploads\/2025\/08\/chinese-headform-1-885x1024-1-259x300.webp 259w, https:\/\/www.cadexinc.com\/wp-content\/uploads\/2025\/08\/chinese-headform-1-885x1024-1-768x889.webp 768w, https:\/\/www.cadexinc.com\/wp-content\/uploads\/2025\/08\/chinese-headform-1-885x1024-1-10x12.webp 10w, https:\/\/www.cadexinc.com\/wp-content\/uploads\/2025\/08\/chinese-headform-1-885x1024-1-416x481.webp 416w\" sizes=\"(max-width: 885px) 100vw, 885px\" \/>\t\t\t\t\t\t\t\t\t\t\t\t\t\t\t<\/div>\n\t\t\t\t<\/div>\n\t\t\t\t\t<\/div>\n\t\t\t\t<\/div>\n\t\t<div class=\"elementor-element elementor-element-480bb6a e-flex e-con-boxed e-con e-parent\" data-id=\"480bb6a\" data-element_type=\"container\">\n\t\t\t\t\t<div class=\"e-con-inner\">\n\t\t<div class=\"elementor-element elementor-element-8302be9 e-con-full e-flex e-con e-child\" data-id=\"8302be9\" data-element_type=\"container\">\n\t\t<div class=\"elementor-element elementor-element-7ff1cfe e-con-full e-flex e-con e-child\" data-id=\"7ff1cfe\" data-element_type=\"container\">\n\t\t<div class=\"elementor-element elementor-element-0ecad9e e-con-full equipment-main-right-block e-flex e-con e-child\" data-id=\"0ecad9e\" data-element_type=\"container\">\n\t\t<div class=\"elementor-element elementor-element-d7c9b94 e-con-full e-flex e-con e-child\" data-id=\"d7c9b94\" data-element_type=\"container\">\n\t\t\t\t<div class=\"elementor-element elementor-element-68663d6 elementor-widget elementor-widget-text-editor\" data-id=\"68663d6\" data-element_type=\"widget\" data-widget_type=\"text-editor.default\">\n\t\t\t\t<div class=\"elementor-widget-container\">\n\t\t\t\t\t\t\t\t\t<p class=\"cdx-title cdx-text-align-justify\">Ces t\u00eates de test sont utilis\u00e9es pour r\u00e9aliser les essais de transmission de force et de r\u00e9sistance \u00e0 la p\u00e9n\u00e9tration sur casques industriels, conform\u00e9ment aux exigences de la norme GB2811. Elles sont con\u00e7ues pour \u00eatre mont\u00e9es sur un ensemble cellule de charge. La g\u00e9om\u00e9trie et la masse des t\u00eates de test r\u00e9pondent aux exigences de la norme chinoise. Le m\u00eame mod\u00e8le de t\u00eate de test est \u00e9galement utilis\u00e9 pour les proc\u00e9dures de p\u00e9n\u00e9tration.<\/p>\t\t\t\t\t\t\t\t<\/div>\n\t\t\t\t<\/div>\n\t\t\t\t<div class=\"elementor-element elementor-element-9642825 equipment-sub-titles elementor-widget elementor-widget-heading\" data-id=\"9642825\" data-element_type=\"widget\" data-widget_type=\"heading.default\">\n\t\t\t\t<div class=\"elementor-widget-container\">\n\t\t\t\t\t<h6 class=\"elementor-heading-title elementor-size-default\">CARACT\u00c9RISTIQUES\u202f:<\/h6>\t\t\t\t<\/div>\n\t\t\t\t<\/div>\n\t\t\t\t<div class=\"elementor-element elementor-element-6373b93 elementor-widget elementor-widget-text-editor\" data-id=\"6373b93\" data-element_type=\"widget\" data-widget_type=\"text-editor.default\">\n\t\t\t\t<div class=\"elementor-widget-container\">\n\t\t\t\t\t\t\t\t\t<ul class=\"special-list\">\n<li>Mat\u00e9riel : aluminium<\/li>\n<li>Fiche technique incluse<\/li>\n<li>Usinage CNC<\/li>\n<li>Conforme aux exigences de la norme GB2811 en mati\u00e8re de g\u00e9om\u00e9trie et de masse<\/li>\n<li>Deux tailles disponibles : taille 1 et taille 2<\/li>\n<\/ul>\t\t\t\t\t\t\t\t<\/div>\n\t\t\t\t<\/div>\n\t\t\t\t<\/div>\n\t\t<div class=\"elementor-element elementor-element-f5b36c0 e-con-full e-grid equipment-page-multi-image-box e-con e-child\" data-id=\"f5b36c0\" data-element_type=\"container\">\n\t\t\t\t<div class=\"elementor-element elementor-element-9fe1b29 elementor-widget elementor-widget-image\" data-id=\"9fe1b29\" data-element_type=\"widget\" data-widget_type=\"image.default\">\n\t\t\t\t<div class=\"elementor-widget-container\">\n\t\t\t\t\t\t\t\t\t\t\t\t<figure class=\"wp-caption\">\n\t\t\t\t\t\t\t\t\t\t<img decoding=\"async\" width=\"925\" height=\"1282\" src=\"https:\/\/www.cadexinc.com\/wp-content\/uploads\/2023\/06\/Chinese-Headforms_resistance_to_penetration.webp\" class=\"attachment-full size-full wp-image-11258\" alt=\"\" srcset=\"https:\/\/www.cadexinc.com\/wp-content\/uploads\/2023\/06\/Chinese-Headforms_resistance_to_penetration.webp 925w, https:\/\/www.cadexinc.com\/wp-content\/uploads\/2023\/06\/Chinese-Headforms_resistance_to_penetration-216x300.webp 216w, https:\/\/www.cadexinc.com\/wp-content\/uploads\/2023\/06\/Chinese-Headforms_resistance_to_penetration-739x1024.webp 739w, https:\/\/www.cadexinc.com\/wp-content\/uploads\/2023\/06\/Chinese-Headforms_resistance_to_penetration-768x1064.webp 768w, https:\/\/www.cadexinc.com\/wp-content\/uploads\/2023\/06\/Chinese-Headforms_resistance_to_penetration-416x577.webp 416w\" sizes=\"(max-width: 925px) 100vw, 925px\" \/>\t\t\t\t\t\t\t\t\t\t\t<figcaption class=\"widget-image-caption wp-caption-text\"><span style=\"font-size:9px\">Illustr\u00e9 lors de la proc\u00e9dure de test de r\u00e9sistance \u00e0 la p\u00e9n\u00e9tration<span><\/figcaption>\n\t\t\t\t\t\t\t\t\t\t<\/figure>\n\t\t\t\t\t\t\t\t\t<\/div>\n\t\t\t\t<\/div>\n\t\t\t\t<div class=\"elementor-element elementor-element-ae2d5ce elementor-widget elementor-widget-image\" data-id=\"ae2d5ce\" data-element_type=\"widget\" data-widget_type=\"image.default\">\n\t\t\t\t<div class=\"elementor-widget-container\">\n\t\t\t\t\t\t\t\t\t\t\t\t<figure class=\"wp-caption\">\n\t\t\t\t\t\t\t\t\t\t<img decoding=\"async\" width=\"980\" height=\"897\" src=\"https:\/\/www.cadexinc.com\/wp-content\/uploads\/2023\/06\/chinese-headform-2-1024x937.webp\" class=\"attachment-large size-large wp-image-11264\" alt=\"\" srcset=\"https:\/\/www.cadexinc.com\/wp-content\/uploads\/2023\/06\/chinese-headform-2-1024x937.webp 1024w, https:\/\/www.cadexinc.com\/wp-content\/uploads\/2023\/06\/chinese-headform-2-300x274.webp 300w, https:\/\/www.cadexinc.com\/wp-content\/uploads\/2023\/06\/chinese-headform-2-768x702.webp 768w, https:\/\/www.cadexinc.com\/wp-content\/uploads\/2023\/06\/chinese-headform-2-416x380.webp 416w, https:\/\/www.cadexinc.com\/wp-content\/uploads\/2023\/06\/chinese-headform-2.webp 1312w\" sizes=\"(max-width: 980px) 100vw, 980px\" \/>\t\t\t\t\t\t\t\t\t\t\t<figcaption class=\"widget-image-caption wp-caption-text\">Vue int\u00e9rieure de la t\u00eate de test<\/figcaption>\n\t\t\t\t\t\t\t\t\t\t<\/figure>\n\t\t\t\t\t\t\t\t\t<\/div>\n\t\t\t\t<\/div>\n\t\t\t\t<\/div>\n\t\t\t\t<\/div>\n\t\t\t\t<\/div>\n\t\t<div class=\"elementor-element elementor-element-fae3d19 e-con-full elementor-hidden-mobile e-flex e-con e-child\" data-id=\"fae3d19\" data-element_type=\"container\">\n\t\t\t\t<div class=\"elementor-element elementor-element-eed0b30 elementor-widget elementor-widget-image\" data-id=\"eed0b30\" data-element_type=\"widget\" data-widget_type=\"image.default\">\n\t\t\t\t<div class=\"elementor-widget-container\">\n\t\t\t\t\t\t\t\t\t\t\t\t\t\t\t<img fetchpriority=\"high\" decoding=\"async\" width=\"885\" height=\"1024\" src=\"https:\/\/www.cadexinc.com\/wp-content\/uploads\/2025\/08\/chinese-headform-1-885x1024-1.webp\" class=\"attachment-large size-large wp-image-20055\" alt=\"\" srcset=\"https:\/\/www.cadexinc.com\/wp-content\/uploads\/2025\/08\/chinese-headform-1-885x1024-1.webp 885w, https:\/\/www.cadexinc.com\/wp-content\/uploads\/2025\/08\/chinese-headform-1-885x1024-1-259x300.webp 259w, https:\/\/www.cadexinc.com\/wp-content\/uploads\/2025\/08\/chinese-headform-1-885x1024-1-768x889.webp 768w, https:\/\/www.cadexinc.com\/wp-content\/uploads\/2025\/08\/chinese-headform-1-885x1024-1-10x12.webp 10w, https:\/\/www.cadexinc.com\/wp-content\/uploads\/2025\/08\/chinese-headform-1-885x1024-1-416x481.webp 416w\" sizes=\"(max-width: 885px) 100vw, 885px\" \/>\t\t\t\t\t\t\t\t\t\t\t\t\t\t\t<\/div>\n\t\t\t\t<\/div>\n\t\t\t\t<\/div>\n\t\t\t\t<\/div>\n\t\t\t\t\t<\/div>\n\t\t\t\t<\/div>\n\t\t<div class=\"elementor-element elementor-element-36ee407 e-flex e-con-boxed e-con e-parent\" data-id=\"36ee407\" data-element_type=\"container\">\n\t\t\t\t\t<div class=\"e-con-inner\">\n\t\t\t\t\t<\/div>\n\t\t\t\t<\/div>\n\t\t\t\t<\/div>","protected":false},"excerpt":{"rendered":"<p>These headform are used to perform force transmission and resistance to penetration on hard hats, according to GB2811 requirement. It is designed to be mounted on a load cell assembly. The headform\u2019s geometry and mass meet the requirements of the Chinese standard. Same design of headform is also used to perform penetration procedure. FEATURES: Materiel: [&hellip;]<\/p>","protected":false},"author":5,"featured_media":11259,"parent":3156,"menu_order":0,"comment_status":"closed","ping_status":"closed","template":"","meta":{"footnotes":""},"categories":[41],"class_list":["post-239","page","type-page","status-publish","has-post-thumbnail","hentry","category-headforms"],"_links":{"self":[{"href":"https:\/\/www.cadexinc.com\/fr\/wp-json\/wp\/v2\/pages\/239","targetHints":{"allow":["GET"]}}],"collection":[{"href":"https:\/\/www.cadexinc.com\/fr\/wp-json\/wp\/v2\/pages"}],"about":[{"href":"https:\/\/www.cadexinc.com\/fr\/wp-json\/wp\/v2\/types\/page"}],"author":[{"embeddable":true,"href":"https:\/\/www.cadexinc.com\/fr\/wp-json\/wp\/v2\/users\/5"}],"replies":[{"embeddable":true,"href":"https:\/\/www.cadexinc.com\/fr\/wp-json\/wp\/v2\/comments?post=239"}],"version-history":[{"count":159,"href":"https:\/\/www.cadexinc.com\/fr\/wp-json\/wp\/v2\/pages\/239\/revisions"}],"predecessor-version":[{"id":21272,"href":"https:\/\/www.cadexinc.com\/fr\/wp-json\/wp\/v2\/pages\/239\/revisions\/21272"}],"up":[{"embeddable":true,"href":"https:\/\/www.cadexinc.com\/fr\/wp-json\/wp\/v2\/pages\/3156"}],"wp:featuredmedia":[{"embeddable":true,"href":"https:\/\/www.cadexinc.com\/fr\/wp-json\/wp\/v2\/media\/11259"}],"wp:attachment":[{"href":"https:\/\/www.cadexinc.com\/fr\/wp-json\/wp\/v2\/media?parent=239"}],"wp:term":[{"taxonomy":"category","embeddable":true,"href":"https:\/\/www.cadexinc.com\/fr\/wp-json\/wp\/v2\/categories?post=239"}],"curies":[{"name":"wp","href":"https:\/\/api.w.org\/{rel}","templated":true}]}}