{"id":237,"date":"2022-05-17T13:41:36","date_gmt":"2022-05-17T17:41:36","guid":{"rendered":"http:\/\/www.cadexinc.com\/?page_id=237"},"modified":"2026-03-24T10:03:45","modified_gmt":"2026-03-24T14:03:45","slug":"balistique-nij","status":"publish","type":"page","link":"https:\/\/www.cadexinc.com\/fr\/equipement\/tetes-de-betail\/balistique-nij\/","title":{"rendered":"Forme de t\u00eate pour test de p\u00e9n\u00e9tration balistique N.I.J."},"content":{"rendered":"<div data-elementor-type=\"wp-page\" data-elementor-id=\"237\" class=\"elementor elementor-237\">\n\t\t\t\t<div class=\"elementor-element elementor-element-101958d0 elementor-hidden-desktop elementor-hidden-tablet e-flex e-con-boxed e-con e-parent\" data-id=\"101958d0\" data-element_type=\"container\">\n\t\t\t\t\t<div class=\"e-con-inner\">\n\t\t\t\t<div class=\"elementor-element elementor-element-f166924 elementor-widget elementor-widget-image\" data-id=\"f166924\" data-element_type=\"widget\" data-widget_type=\"image.default\">\n\t\t\t\t<div class=\"elementor-widget-container\">\n\t\t\t\t\t\t\t\t\t\t\t\t\t\t\t<img fetchpriority=\"high\" decoding=\"async\" width=\"662\" height=\"1000\" src=\"https:\/\/www.cadexinc.com\/wp-content\/uploads\/2025\/03\/N.I.J.BallisticPenetration_main.webp\" class=\"attachment-large size-large wp-image-17778\" alt=\"\" srcset=\"https:\/\/www.cadexinc.com\/wp-content\/uploads\/2025\/03\/N.I.J.BallisticPenetration_main.webp 662w, https:\/\/www.cadexinc.com\/wp-content\/uploads\/2025\/03\/N.I.J.BallisticPenetration_main-199x300.webp 199w, https:\/\/www.cadexinc.com\/wp-content\/uploads\/2025\/03\/N.I.J.BallisticPenetration_main-8x12.webp 8w, https:\/\/www.cadexinc.com\/wp-content\/uploads\/2025\/03\/N.I.J.BallisticPenetration_main-416x628.webp 416w\" sizes=\"(max-width: 662px) 100vw, 662px\" \/>\t\t\t\t\t\t\t\t\t\t\t\t\t\t\t<\/div>\n\t\t\t\t<\/div>\n\t\t\t\t\t<\/div>\n\t\t\t\t<\/div>\n\t\t<div class=\"elementor-element elementor-element-9e1f454 e-flex e-con-boxed e-con e-parent\" data-id=\"9e1f454\" data-element_type=\"container\">\n\t\t\t\t\t<div class=\"e-con-inner\">\n\t\t<div class=\"elementor-element elementor-element-f622d27 e-con-full e-flex e-con e-child\" data-id=\"f622d27\" data-element_type=\"container\">\n\t\t<div class=\"elementor-element elementor-element-5d54b0f e-con-full e-flex e-con e-child\" data-id=\"5d54b0f\" data-element_type=\"container\">\n\t\t<div class=\"elementor-element elementor-element-f92230a e-con-full equipment-main-right-block e-flex e-con e-child\" data-id=\"f92230a\" data-element_type=\"container\">\n\t\t<div class=\"elementor-element elementor-element-6ae8db9 e-con-full e-flex e-con e-child\" data-id=\"6ae8db9\" data-element_type=\"container\">\n\t\t\t\t<div class=\"elementor-element elementor-element-a189c66 elementor-widget elementor-widget-text-editor\" data-id=\"a189c66\" data-element_type=\"widget\" data-widget_type=\"text-editor.default\">\n\t\t\t\t<div class=\"elementor-widget-container\">\n\t\t\t\t\t\t\t\t\t<p class=\"cdx-title cdx-text-align-justify\">La forme de t\u00eate balistique N.I.J. est con\u00e7ue et fabriqu\u00e9e conform\u00e9ment \u00e0 la norme N.I.J. 0106.01 pour les essais de p\u00e9n\u00e9tration balistique. Ce mod\u00e8le est utilis\u00e9 pour les applications de p\u00e9n\u00e9tration sagittale et coronale. Cette forme de t\u00eate comporte une cavit\u00e9 \u00e0 remplir avec de l\u2019argile (non incluse).<\/p>\t\t\t\t\t\t\t\t<\/div>\n\t\t\t\t<\/div>\n\t\t\t\t<div class=\"elementor-element elementor-element-058a359 equipment-sub-titles elementor-widget elementor-widget-heading\" data-id=\"058a359\" data-element_type=\"widget\" data-widget_type=\"heading.default\">\n\t\t\t\t<div class=\"elementor-widget-container\">\n\t\t\t\t\t<h6 class=\"elementor-heading-title elementor-size-default\">CARACT\u00c9RISTIQUES\u202f:<\/h6>\t\t\t\t<\/div>\n\t\t\t\t<\/div>\n\t\t\t\t<div class=\"elementor-element elementor-element-924e706 elementor-widget elementor-widget-text-editor\" data-id=\"924e706\" data-element_type=\"widget\" data-widget_type=\"text-editor.default\">\n\t\t\t\t<div class=\"elementor-widget-container\">\n\t\t\t\t\t\t\t\t\t<ul class=\"special-list\">\n<li>Headform comes with it\u2019s technical datasheet<\/li>\n<li>Mat\u00e9riau : aluminium<\/li>\n<li>100% CNC usin\u00e9<\/li>\n<\/ul>\t\t\t\t\t\t\t\t<\/div>\n\t\t\t\t<\/div>\n\t\t\t\t<\/div>\n\t\t<div class=\"elementor-element elementor-element-9544806 e-con-full e-grid equipment-page-multi-image-box e-con e-child\" data-id=\"9544806\" data-element_type=\"container\">\n\t\t\t\t<div class=\"elementor-element elementor-element-ee1a274 elementor-widget elementor-widget-image\" data-id=\"ee1a274\" data-element_type=\"widget\" data-widget_type=\"image.default\">\n\t\t\t\t<div class=\"elementor-widget-container\">\n\t\t\t\t\t\t\t\t\t\t\t\t<figure class=\"wp-caption\">\n\t\t\t\t\t\t\t\t\t\t<img decoding=\"async\" width=\"1290\" height=\"584\" src=\"https:\/\/www.cadexinc.com\/wp-content\/uploads\/2025\/03\/N.I.J.BallisticPenetration_BoughtWitnAnOptional.webp\" class=\"attachment-full size-full wp-image-17775\" alt=\"\" srcset=\"https:\/\/www.cadexinc.com\/wp-content\/uploads\/2025\/03\/N.I.J.BallisticPenetration_BoughtWitnAnOptional.webp 1290w, https:\/\/www.cadexinc.com\/wp-content\/uploads\/2025\/03\/N.I.J.BallisticPenetration_BoughtWitnAnOptional-300x136.webp 300w, https:\/\/www.cadexinc.com\/wp-content\/uploads\/2025\/03\/N.I.J.BallisticPenetration_BoughtWitnAnOptional-1024x464.webp 1024w, https:\/\/www.cadexinc.com\/wp-content\/uploads\/2025\/03\/N.I.J.BallisticPenetration_BoughtWitnAnOptional-768x348.webp 768w, https:\/\/www.cadexinc.com\/wp-content\/uploads\/2025\/03\/N.I.J.BallisticPenetration_BoughtWitnAnOptional-18x8.webp 18w, https:\/\/www.cadexinc.com\/wp-content\/uploads\/2025\/03\/N.I.J.BallisticPenetration_BoughtWitnAnOptional-416x188.webp 416w\" sizes=\"(max-width: 1290px) 100vw, 1290px\" \/>\t\t\t\t\t\t\t\t\t\t\t<figcaption class=\"widget-image-caption wp-caption-text\">Cette forme de t\u00eate peut \u00e9galement \u00eatre achet\u00e9e avec un support de plaque t\u00e9moin optionnel et des plaques t\u00e9moins.<\/figcaption>\n\t\t\t\t\t\t\t\t\t\t<\/figure>\n\t\t\t\t\t\t\t\t\t<\/div>\n\t\t\t\t<\/div>\n\t\t\t\t<\/div>\n\t\t\t\t<\/div>\n\t\t\t\t<\/div>\n\t\t<div class=\"elementor-element elementor-element-3ebe6e8 e-con-full elementor-hidden-mobile e-flex e-con e-child\" data-id=\"3ebe6e8\" data-element_type=\"container\">\n\t\t\t\t<div class=\"elementor-element elementor-element-ddff792 elementor-widget elementor-widget-image\" data-id=\"ddff792\" data-element_type=\"widget\" data-widget_type=\"image.default\">\n\t\t\t\t<div class=\"elementor-widget-container\">\n\t\t\t\t\t\t\t\t\t\t\t\t\t\t\t<img fetchpriority=\"high\" decoding=\"async\" width=\"662\" height=\"1000\" src=\"https:\/\/www.cadexinc.com\/wp-content\/uploads\/2025\/03\/N.I.J.BallisticPenetration_main.webp\" class=\"attachment-large size-large wp-image-17778\" alt=\"\" srcset=\"https:\/\/www.cadexinc.com\/wp-content\/uploads\/2025\/03\/N.I.J.BallisticPenetration_main.webp 662w, https:\/\/www.cadexinc.com\/wp-content\/uploads\/2025\/03\/N.I.J.BallisticPenetration_main-199x300.webp 199w, https:\/\/www.cadexinc.com\/wp-content\/uploads\/2025\/03\/N.I.J.BallisticPenetration_main-8x12.webp 8w, https:\/\/www.cadexinc.com\/wp-content\/uploads\/2025\/03\/N.I.J.BallisticPenetration_main-416x628.webp 416w\" sizes=\"(max-width: 662px) 100vw, 662px\" \/>\t\t\t\t\t\t\t\t\t\t\t\t\t\t\t<\/div>\n\t\t\t\t<\/div>\n\t\t\t\t<\/div>\n\t\t\t\t<\/div>\n\t\t\t\t\t<\/div>\n\t\t\t\t<\/div>\n\t\t<div class=\"elementor-element elementor-element-e38a204 e-flex e-con-boxed e-con e-parent\" data-id=\"e38a204\" data-element_type=\"container\">\n\t\t\t\t\t<div class=\"e-con-inner\">\n\t\t<div class=\"elementor-element elementor-element-afc418e e-con-full e-grid equipment-page-multi-image-box e-con e-child\" data-id=\"afc418e\" data-element_type=\"container\">\n\t\t\t\t<div class=\"elementor-element elementor-element-f883a43 elementor-widget elementor-widget-image\" data-id=\"f883a43\" data-element_type=\"widget\" data-widget_type=\"image.default\">\n\t\t\t\t<div class=\"elementor-widget-container\">\n\t\t\t\t\t\t\t\t\t\t\t\t<figure class=\"wp-caption\">\n\t\t\t\t\t\t\t\t\t\t<img decoding=\"async\" width=\"554\" height=\"756\" src=\"https:\/\/www.cadexinc.com\/wp-content\/uploads\/2025\/03\/N.I.J.BallisticPenetration_HeadformShownWithWitnessPlate.webp\" class=\"attachment-full size-full wp-image-17796\" alt=\"\" srcset=\"https:\/\/www.cadexinc.com\/wp-content\/uploads\/2025\/03\/N.I.J.BallisticPenetration_HeadformShownWithWitnessPlate.webp 554w, https:\/\/www.cadexinc.com\/wp-content\/uploads\/2025\/03\/N.I.J.BallisticPenetration_HeadformShownWithWitnessPlate-220x300.webp 220w, https:\/\/www.cadexinc.com\/wp-content\/uploads\/2025\/03\/N.I.J.BallisticPenetration_HeadformShownWithWitnessPlate-9x12.webp 9w, https:\/\/www.cadexinc.com\/wp-content\/uploads\/2025\/03\/N.I.J.BallisticPenetration_HeadformShownWithWitnessPlate-416x568.webp 416w\" sizes=\"(max-width: 554px) 100vw, 554px\" \/>\t\t\t\t\t\t\t\t\t\t\t<figcaption class=\"widget-image-caption wp-caption-text\"><span style=\"font-size:12px\">Forme de t\u00eate illustr\u00e9e avec le support de plaque t\u00e9moin et la plaque t\u00e9moin<\/span><\/figcaption>\n\t\t\t\t\t\t\t\t\t\t<\/figure>\n\t\t\t\t\t\t\t\t\t<\/div>\n\t\t\t\t<\/div>\n\t\t\t\t<div class=\"elementor-element elementor-element-5ca0d48 elementor-widget elementor-widget-image\" data-id=\"5ca0d48\" data-element_type=\"widget\" data-widget_type=\"image.default\">\n\t\t\t\t<div class=\"elementor-widget-container\">\n\t\t\t\t\t\t\t\t\t\t\t\t<figure class=\"wp-caption\">\n\t\t\t\t\t\t\t\t\t\t<img loading=\"lazy\" decoding=\"async\" width=\"514\" height=\"893\" src=\"https:\/\/www.cadexinc.com\/wp-content\/uploads\/2025\/03\/N.I.J.BallisticPenetration_RearView.webp\" class=\"attachment-full size-full wp-image-17793\" alt=\"\" srcset=\"https:\/\/www.cadexinc.com\/wp-content\/uploads\/2025\/03\/N.I.J.BallisticPenetration_RearView.webp 514w, https:\/\/www.cadexinc.com\/wp-content\/uploads\/2025\/03\/N.I.J.BallisticPenetration_RearView-173x300.webp 173w, https:\/\/www.cadexinc.com\/wp-content\/uploads\/2025\/03\/N.I.J.BallisticPenetration_RearView-7x12.webp 7w, https:\/\/www.cadexinc.com\/wp-content\/uploads\/2025\/03\/N.I.J.BallisticPenetration_RearView-416x723.webp 416w\" sizes=\"(max-width: 514px) 100vw, 514px\" \/>\t\t\t\t\t\t\t\t\t\t\t<figcaption class=\"widget-image-caption wp-caption-text\">Vue arri\u00e8re<\/figcaption>\n\t\t\t\t\t\t\t\t\t\t<\/figure>\n\t\t\t\t\t\t\t\t\t<\/div>\n\t\t\t\t<\/div>\n\t\t\t\t<div class=\"elementor-element elementor-element-97a66d7 elementor-widget elementor-widget-image\" data-id=\"97a66d7\" data-element_type=\"widget\" data-widget_type=\"image.default\">\n\t\t\t\t<div class=\"elementor-widget-container\">\n\t\t\t\t\t\t\t\t\t\t\t\t<figure class=\"wp-caption\">\n\t\t\t\t\t\t\t\t\t\t<img loading=\"lazy\" decoding=\"async\" width=\"632\" height=\"514\" src=\"https:\/\/www.cadexinc.com\/wp-content\/uploads\/2025\/03\/N.I.J.BallisticPenetration_BottomView.webp\" class=\"attachment-full size-full wp-image-17791\" alt=\"\" srcset=\"https:\/\/www.cadexinc.com\/wp-content\/uploads\/2025\/03\/N.I.J.BallisticPenetration_BottomView.webp 632w, https:\/\/www.cadexinc.com\/wp-content\/uploads\/2025\/03\/N.I.J.BallisticPenetration_BottomView-300x244.webp 300w, https:\/\/www.cadexinc.com\/wp-content\/uploads\/2025\/03\/N.I.J.BallisticPenetration_BottomView-15x12.webp 15w, https:\/\/www.cadexinc.com\/wp-content\/uploads\/2025\/03\/N.I.J.BallisticPenetration_BottomView-416x338.webp 416w\" sizes=\"(max-width: 632px) 100vw, 632px\" \/>\t\t\t\t\t\t\t\t\t\t\t<figcaption class=\"widget-image-caption wp-caption-text\">Vue par le dessous<\/figcaption>\n\t\t\t\t\t\t\t\t\t\t<\/figure>\n\t\t\t\t\t\t\t\t\t<\/div>\n\t\t\t\t<\/div>\n\t\t\t\t<\/div>\n\t\t\t\t\t<\/div>\n\t\t\t\t<\/div>\n\t\t\t\t<\/div>","protected":false},"excerpt":{"rendered":"<p>The N.I.J. ballistic headform is designed and manufactured according to N.I.J. 0106.01 standard for ballistic penetration tests. This model is used for Sagittal &amp; Coronal penetration applications. This specific headform has a cavity to be filled with clay (not included). FEATURES: Headform comes with it\u2019s technical datasheet Material: aluminum 100% CNC machined This headform can [&hellip;]<\/p>","protected":false},"author":5,"featured_media":17778,"parent":3156,"menu_order":0,"comment_status":"closed","ping_status":"closed","template":"","meta":{"footnotes":""},"categories":[41],"class_list":["post-237","page","type-page","status-publish","has-post-thumbnail","hentry","category-headforms"],"_links":{"self":[{"href":"https:\/\/www.cadexinc.com\/fr\/wp-json\/wp\/v2\/pages\/237","targetHints":{"allow":["GET"]}}],"collection":[{"href":"https:\/\/www.cadexinc.com\/fr\/wp-json\/wp\/v2\/pages"}],"about":[{"href":"https:\/\/www.cadexinc.com\/fr\/wp-json\/wp\/v2\/types\/page"}],"author":[{"embeddable":true,"href":"https:\/\/www.cadexinc.com\/fr\/wp-json\/wp\/v2\/users\/5"}],"replies":[{"embeddable":true,"href":"https:\/\/www.cadexinc.com\/fr\/wp-json\/wp\/v2\/comments?post=237"}],"version-history":[{"count":199,"href":"https:\/\/www.cadexinc.com\/fr\/wp-json\/wp\/v2\/pages\/237\/revisions"}],"predecessor-version":[{"id":21294,"href":"https:\/\/www.cadexinc.com\/fr\/wp-json\/wp\/v2\/pages\/237\/revisions\/21294"}],"up":[{"embeddable":true,"href":"https:\/\/www.cadexinc.com\/fr\/wp-json\/wp\/v2\/pages\/3156"}],"wp:featuredmedia":[{"embeddable":true,"href":"https:\/\/www.cadexinc.com\/fr\/wp-json\/wp\/v2\/media\/17778"}],"wp:attachment":[{"href":"https:\/\/www.cadexinc.com\/fr\/wp-json\/wp\/v2\/media?parent=237"}],"wp:term":[{"taxonomy":"category","embeddable":true,"href":"https:\/\/www.cadexinc.com\/fr\/wp-json\/wp\/v2\/categories?post=237"}],"curies":[{"name":"wp","href":"https:\/\/api.w.org\/{rel}","templated":true}]}}