{"id":235,"date":"2022-05-17T13:41:14","date_gmt":"2022-05-17T17:41:14","guid":{"rendered":"http:\/\/www.cadexinc.com\/?page_id=235"},"modified":"2026-03-24T09:58:33","modified_gmt":"2026-03-24T13:58:33","slug":"tete-de-test-photometrique","status":"publish","type":"page","link":"https:\/\/www.cadexinc.com\/fr\/equipement\/tetes-de-betail\/tete-de-test-photometrique\/","title":{"rendered":"Forme de t\u00eate EN 168 modifi\u00e9e pour photom\u00e9trie"},"content":{"rendered":"<div data-elementor-type=\"wp-page\" data-elementor-id=\"235\" class=\"elementor elementor-235\">\n\t\t\t\t<div class=\"elementor-element elementor-element-6f4ac6cf elementor-hidden-desktop elementor-hidden-tablet e-flex e-con-boxed e-con e-parent\" data-id=\"6f4ac6cf\" data-element_type=\"container\">\n\t\t\t\t\t<div class=\"e-con-inner\">\n\t\t\t\t<div class=\"elementor-element elementor-element-d08d9e9 elementor-widget elementor-widget-image\" data-id=\"d08d9e9\" data-element_type=\"widget\" data-widget_type=\"image.default\">\n\t\t\t\t<div class=\"elementor-widget-container\">\n\t\t\t\t\t\t\t\t\t\t\t\t\t\t\t<img fetchpriority=\"high\" decoding=\"async\" width=\"980\" height=\"936\" src=\"https:\/\/www.cadexinc.com\/wp-content\/uploads\/2023\/06\/Modified-EN_168_HeadformForPhotometry-1024x978.webp\" class=\"attachment-large size-large wp-image-11188\" alt=\"\" srcset=\"https:\/\/www.cadexinc.com\/wp-content\/uploads\/2023\/06\/Modified-EN_168_HeadformForPhotometry-1024x978.webp 1024w, https:\/\/www.cadexinc.com\/wp-content\/uploads\/2023\/06\/Modified-EN_168_HeadformForPhotometry-300x286.webp 300w, https:\/\/www.cadexinc.com\/wp-content\/uploads\/2023\/06\/Modified-EN_168_HeadformForPhotometry-768x733.webp 768w, https:\/\/www.cadexinc.com\/wp-content\/uploads\/2023\/06\/Modified-EN_168_HeadformForPhotometry-416x397.webp 416w, https:\/\/www.cadexinc.com\/wp-content\/uploads\/2023\/06\/Modified-EN_168_HeadformForPhotometry.webp 1087w\" sizes=\"(max-width: 980px) 100vw, 980px\" \/>\t\t\t\t\t\t\t\t\t\t\t\t\t\t\t<\/div>\n\t\t\t\t<\/div>\n\t\t\t\t\t<\/div>\n\t\t\t\t<\/div>\n\t\t<div class=\"elementor-element elementor-element-806c241 e-flex e-con-boxed e-con e-parent\" data-id=\"806c241\" data-element_type=\"container\">\n\t\t\t\t\t<div class=\"e-con-inner\">\n\t\t<div class=\"elementor-element elementor-element-cf0b662 e-con-full e-flex e-con e-child\" data-id=\"cf0b662\" data-element_type=\"container\">\n\t\t<div class=\"elementor-element elementor-element-5446c7b e-con-full e-flex e-con e-child\" data-id=\"5446c7b\" data-element_type=\"container\">\n\t\t<div class=\"elementor-element elementor-element-38f60f4 e-con-full equipment-main-right-block e-flex e-con e-child\" data-id=\"38f60f4\" data-element_type=\"container\">\n\t\t<div class=\"elementor-element elementor-element-138aaef e-con-full e-flex e-con e-child\" data-id=\"138aaef\" data-element_type=\"container\">\n\t\t\t\t<div class=\"elementor-element elementor-element-2957120 elementor-widget elementor-widget-text-editor\" data-id=\"2957120\" data-element_type=\"widget\" data-widget_type=\"text-editor.default\">\n\t\t\t\t<div class=\"elementor-widget-container\">\n\t\t\t\t\t\t\t\t\t<p class=\"cdx-title cdx-text-align-justify\">Syst\u00e8me de forme de t\u00eate EN 168 modifi\u00e9 pour mesurer la classification solaire des lunettes non correctrices, lunettes de soleil, lunettes de mode et autres applications.<\/p>\t\t\t\t\t\t\t\t<\/div>\n\t\t\t\t<\/div>\n\t\t\t\t<div class=\"elementor-element elementor-element-2bc7922 equipment-sub-titles elementor-widget elementor-widget-heading\" data-id=\"2bc7922\" data-element_type=\"widget\" data-widget_type=\"heading.default\">\n\t\t\t\t<div class=\"elementor-widget-container\">\n\t\t\t\t\t<h6 class=\"elementor-heading-title elementor-size-default\">CARACT\u00c9RISTIQUES\u202f:<\/h6>\t\t\t\t<\/div>\n\t\t\t\t<\/div>\n\t\t\t\t<div class=\"elementor-element elementor-element-d52a7fa elementor-widget elementor-widget-text-editor\" data-id=\"d52a7fa\" data-element_type=\"widget\" data-widget_type=\"text-editor.default\">\n\t\t\t\t<div class=\"elementor-widget-container\">\n\t\t\t\t\t\t\t\t\t<ul class=\"special-list\">\n<li>Mat\u00e9riau : ur\u00e9thane<\/li>\n<li>Technical data sheet<\/li><li>Optional UV light meter available upon request (can be adjusted in depth)<\/li>\n<\/ul>\t\t\t\t\t\t\t\t<\/div>\n\t\t\t\t<\/div>\n\t\t\t\t<\/div>\n\t\t\t\t<\/div>\n\t\t\t\t<\/div>\n\t\t<div class=\"elementor-element elementor-element-c323d86 e-con-full elementor-hidden-mobile e-flex e-con e-child\" data-id=\"c323d86\" data-element_type=\"container\">\n\t\t\t\t<div class=\"elementor-element elementor-element-85a59e8 elementor-widget elementor-widget-image\" data-id=\"85a59e8\" data-element_type=\"widget\" data-widget_type=\"image.default\">\n\t\t\t\t<div class=\"elementor-widget-container\">\n\t\t\t\t\t\t\t\t\t\t\t\t\t\t\t<img fetchpriority=\"high\" decoding=\"async\" width=\"980\" height=\"936\" src=\"https:\/\/www.cadexinc.com\/wp-content\/uploads\/2023\/06\/Modified-EN_168_HeadformForPhotometry-1024x978.webp\" class=\"attachment-large size-large wp-image-11188\" alt=\"\" srcset=\"https:\/\/www.cadexinc.com\/wp-content\/uploads\/2023\/06\/Modified-EN_168_HeadformForPhotometry-1024x978.webp 1024w, https:\/\/www.cadexinc.com\/wp-content\/uploads\/2023\/06\/Modified-EN_168_HeadformForPhotometry-300x286.webp 300w, https:\/\/www.cadexinc.com\/wp-content\/uploads\/2023\/06\/Modified-EN_168_HeadformForPhotometry-768x733.webp 768w, https:\/\/www.cadexinc.com\/wp-content\/uploads\/2023\/06\/Modified-EN_168_HeadformForPhotometry-416x397.webp 416w, https:\/\/www.cadexinc.com\/wp-content\/uploads\/2023\/06\/Modified-EN_168_HeadformForPhotometry.webp 1087w\" sizes=\"(max-width: 980px) 100vw, 980px\" \/>\t\t\t\t\t\t\t\t\t\t\t\t\t\t\t<\/div>\n\t\t\t\t<\/div>\n\t\t\t\t<\/div>\n\t\t\t\t<\/div>\n\t\t\t\t\t<\/div>\n\t\t\t\t<\/div>\n\t\t<div class=\"elementor-element elementor-element-b26a20f e-flex e-con-boxed e-con e-parent\" data-id=\"b26a20f\" data-element_type=\"container\">\n\t\t\t\t\t<div class=\"e-con-inner\">\n\t\t<div class=\"elementor-element elementor-element-8d14a8f e-con-full e-grid equipment-page-multi-image-box e-con e-child\" data-id=\"8d14a8f\" data-element_type=\"container\">\n\t\t\t\t<div class=\"elementor-element elementor-element-88853e5 elementor-widget elementor-widget-image\" data-id=\"88853e5\" data-element_type=\"widget\" data-widget_type=\"image.default\">\n\t\t\t\t<div class=\"elementor-widget-container\">\n\t\t\t\t\t\t\t\t\t\t\t\t<figure class=\"wp-caption\">\n\t\t\t\t\t\t\t\t\t\t<img decoding=\"async\" width=\"614\" height=\"463\" src=\"https:\/\/www.cadexinc.com\/wp-content\/uploads\/2023\/06\/Modified-EN_168_HeadformForPhotometry_Gage-plate.webp\" class=\"attachment-full size-full wp-image-11194\" alt=\"\" srcset=\"https:\/\/www.cadexinc.com\/wp-content\/uploads\/2023\/06\/Modified-EN_168_HeadformForPhotometry_Gage-plate.webp 614w, https:\/\/www.cadexinc.com\/wp-content\/uploads\/2023\/06\/Modified-EN_168_HeadformForPhotometry_Gage-plate-300x226.webp 300w, https:\/\/www.cadexinc.com\/wp-content\/uploads\/2023\/06\/Modified-EN_168_HeadformForPhotometry_Gage-plate-324x243.webp 324w, https:\/\/www.cadexinc.com\/wp-content\/uploads\/2023\/06\/Modified-EN_168_HeadformForPhotometry_Gage-plate-416x314.webp 416w\" sizes=\"(max-width: 614px) 100vw, 614px\" \/>\t\t\t\t\t\t\t\t\t\t\t<figcaption class=\"widget-image-caption wp-caption-text\">Plaque de r\u00e9glage pour positionner le capteur<\/figcaption>\n\t\t\t\t\t\t\t\t\t\t<\/figure>\n\t\t\t\t\t\t\t\t\t<\/div>\n\t\t\t\t<\/div>\n\t\t\t\t<div class=\"elementor-element elementor-element-25ed66b elementor-widget elementor-widget-image\" data-id=\"25ed66b\" data-element_type=\"widget\" data-widget_type=\"image.default\">\n\t\t\t\t<div class=\"elementor-widget-container\">\n\t\t\t\t\t\t\t\t\t\t\t\t<figure class=\"wp-caption\">\n\t\t\t\t\t\t\t\t\t\t<img decoding=\"async\" width=\"682\" height=\"421\" src=\"https:\/\/www.cadexinc.com\/wp-content\/uploads\/2023\/06\/Modified-EN_168_HeadformForPhotometry_Depth_adjustment-.webp\" class=\"attachment-full size-full wp-image-11189\" alt=\"\" srcset=\"https:\/\/www.cadexinc.com\/wp-content\/uploads\/2023\/06\/Modified-EN_168_HeadformForPhotometry_Depth_adjustment-.webp 682w, https:\/\/www.cadexinc.com\/wp-content\/uploads\/2023\/06\/Modified-EN_168_HeadformForPhotometry_Depth_adjustment--300x185.webp 300w, https:\/\/www.cadexinc.com\/wp-content\/uploads\/2023\/06\/Modified-EN_168_HeadformForPhotometry_Depth_adjustment--416x257.webp 416w\" sizes=\"(max-width: 682px) 100vw, 682px\" \/>\t\t\t\t\t\t\t\t\t\t\t<figcaption class=\"widget-image-caption wp-caption-text\">Dispositif de r\u00e9glage en profondeur pour le capteur<\/figcaption>\n\t\t\t\t\t\t\t\t\t\t<\/figure>\n\t\t\t\t\t\t\t\t\t<\/div>\n\t\t\t\t<\/div>\n\t\t\t\t<div class=\"elementor-element elementor-element-5758c75 elementor-widget elementor-widget-image\" data-id=\"5758c75\" data-element_type=\"widget\" data-widget_type=\"image.default\">\n\t\t\t\t<div class=\"elementor-widget-container\">\n\t\t\t\t\t\t\t\t\t\t\t\t<figure class=\"wp-caption\">\n\t\t\t\t\t\t\t\t\t\t<img loading=\"lazy\" decoding=\"async\" width=\"311\" height=\"334\" src=\"https:\/\/www.cadexinc.com\/wp-content\/uploads\/2023\/06\/Modified-EN_168_HeadformForPhotometry_UV-meter-.webp\" class=\"attachment-full size-full wp-image-11197\" alt=\"\" srcset=\"https:\/\/www.cadexinc.com\/wp-content\/uploads\/2023\/06\/Modified-EN_168_HeadformForPhotometry_UV-meter-.webp 311w, https:\/\/www.cadexinc.com\/wp-content\/uploads\/2023\/06\/Modified-EN_168_HeadformForPhotometry_UV-meter--279x300.webp 279w\" sizes=\"(max-width: 311px) 100vw, 311px\" \/>\t\t\t\t\t\t\t\t\t\t\t<figcaption class=\"widget-image-caption wp-caption-text\">Luxm\u00e8tre UV optionnel<\/figcaption>\n\t\t\t\t\t\t\t\t\t\t<\/figure>\n\t\t\t\t\t\t\t\t\t<\/div>\n\t\t\t\t<\/div>\n\t\t\t\t<\/div>\n\t\t\t\t\t<\/div>\n\t\t\t\t<\/div>\n\t\t\t\t<\/div>","protected":false},"excerpt":{"rendered":"<p>Modified EN 168 headform system to measure solar rating for non-prescription eyewear, sunglasses, fashion eyewear and other application. FEATURES: Material: urethane Technical data sheetOptional UV light meter available upon request (can be adjusted in depth) Gage plate to adjust sensor location Depth adjustment device for sensor Optional UV light meter<\/p>","protected":false},"author":5,"featured_media":0,"parent":3156,"menu_order":0,"comment_status":"closed","ping_status":"closed","template":"","meta":{"footnotes":""},"categories":[41],"class_list":["post-235","page","type-page","status-publish","hentry","category-headforms"],"_links":{"self":[{"href":"https:\/\/www.cadexinc.com\/fr\/wp-json\/wp\/v2\/pages\/235","targetHints":{"allow":["GET"]}}],"collection":[{"href":"https:\/\/www.cadexinc.com\/fr\/wp-json\/wp\/v2\/pages"}],"about":[{"href":"https:\/\/www.cadexinc.com\/fr\/wp-json\/wp\/v2\/types\/page"}],"author":[{"embeddable":true,"href":"https:\/\/www.cadexinc.com\/fr\/wp-json\/wp\/v2\/users\/5"}],"replies":[{"embeddable":true,"href":"https:\/\/www.cadexinc.com\/fr\/wp-json\/wp\/v2\/comments?post=235"}],"version-history":[{"count":59,"href":"https:\/\/www.cadexinc.com\/fr\/wp-json\/wp\/v2\/pages\/235\/revisions"}],"predecessor-version":[{"id":21288,"href":"https:\/\/www.cadexinc.com\/fr\/wp-json\/wp\/v2\/pages\/235\/revisions\/21288"}],"up":[{"embeddable":true,"href":"https:\/\/www.cadexinc.com\/fr\/wp-json\/wp\/v2\/pages\/3156"}],"wp:attachment":[{"href":"https:\/\/www.cadexinc.com\/fr\/wp-json\/wp\/v2\/media?parent=235"}],"wp:term":[{"taxonomy":"category","embeddable":true,"href":"https:\/\/www.cadexinc.com\/fr\/wp-json\/wp\/v2\/categories?post=235"}],"curies":[{"name":"wp","href":"https:\/\/api.w.org\/{rel}","templated":true}]}}